{"id":271637,"date":"2024-07-23T00:00:00","date_gmt":"2024-07-22T22:00:00","guid":{"rendered":"https:\/\/wpguerssen-test.odoo.rgbconsulting.com\/product\/grown-in-u-s-a-purple-lp\/"},"modified":"2025-04-25T13:58:37","modified_gmt":"2025-04-25T11:58:37","slug":"grown-in-u-s-a-purple-lp","status":"publish","type":"product","link":"https:\/\/wpguerssen-test.odoo.rgbconsulting.com\/es\/producto\/grown-in-u-s-a-purple-lp\/","title":{"rendered":"Grown in U.S.A. (Purple LP)"},"content":{"rendered":"<p>VINILO P\u00daRPURA, S\u00d3LO 200 COPIAS!!! <\/p>\n<p> Con ra\u00edces en dos legendarias bandas de garage USA 60s, The Stoics y The Outcasts, Homer fueron sin duda uno de los mejores grupos de garaje-psicodelia surgidos en Texas durante los 60. <\/p>\n<p> \u00abGrown in U.S.A\u00bb fue su \u00fanico \u00e1lbum editado de forma privada en 1970 y muy buscado por coleccionistas. Rock psicod\u00e9lico de aire rural y toques hard-progresivos con explosiva guitarra dual, armon\u00edas vocales y ocasional mellotron. <\/p>\n<p> *Artwork original en portada de cart\u00f3n duro + OBI<br \/>*Sonido nuevamente transferido y remasterizado<br \/>*Insert con notas y fotos <\/p>\n<p> \u00abUn cl\u00e1sico de los discos privados Texanos que toca diferentes palos de rock 70s pero acaba sonando muy personal y coherente. Alto nivel musical, rock mel\u00f3dico que puede recordar a otros cl\u00e1sicos underground como Mothers Tuckers Yellow Duck\u00bb<br \/>&#8211; Patrick Lundborg (Acid Archives) <\/p>\n<p> Tracklist:<br \/>Side 1: 1. Circles In The North &#8211; 2. Taking Me Home &#8211; 3. Dawson Creek &#8211; 4. Survivor &#8211; 5. In The Beginning<br \/>Side 2: 1. Love&#8217;s Coming &#8211; 2. Four Days and Nights &#8211; 3. Cyrano In The Park &#8211; 4. Lonely Woman<\/p>\n","protected":false},"excerpt":{"rendered":"<p>VINILO P\u00daRPURA, S\u00d3LO 200 COPIAS!!! <\/p>\n<p>\u00a0<\/p>\n<p> Con ra\u00edces en dos legendarias bandas de garage USA 60s, The Stoics y The Outcasts, Homer fueron sin duda uno<a class=\"read\" href=\"https:\/\/wpguerssen-test.odoo.rgbconsulting.com\/es\/producto\/grown-in-u-s-a-purple-lp\/\"> (...)<\/a>","protected":false},"featured_media":269663,"template":"","meta":{"_acf_changed":false},"product_brand":[],"product_cat":[21639],"product_tag":[29140],"class_list":{"0":"post-271637","1":"product","2":"type-product","3":"status-publish","4":"has-post-thumbnail","6":"product_cat-psychedelic60s-70s-es","7":"product_tag-color-vinyl-es","8":"pa_artist-homer-es","9":"pa_format-lp-es","10":"pa_gender-psychedelic60s-70s","11":"pa_label-guerssen-es","12":"pa_location-north-america-es","13":"pa_other-filters-vinyl-only-es","15":"first","16":"instock","17":"taxable","18":"shipping-taxable","19":"purchasable","20":"product-type-simple"},"acf":[],"yoast_head":"<!-- This site is optimized with the Yoast SEO plugin v24.9 - https:\/\/yoast.com\/wordpress\/plugins\/seo\/ -->\n<title>HOMER - Grown in U.S.A. (Purple LP) -  (LP) | Guerssen<\/title>\n<meta name=\"description\" content=\"PURPLE VINYL, 200 COPIES ONLY! #nl# With their roots traced in two legendary 60s garage bands, The Outcasts and The Stoics, Homer were without doubt one the best psychedelic \/ hard-rock outfits coming out from Texas. &quot;Grown in U.S.A&quot; was their only album, released as a private pressing in 1970. Rural psychedelic rock with early prog hints fueled by stunning lead \/ dual guitar, melodic vocals and occasional mellotron. #nl# *Highly sought after Texas psych album*Original artwork in hard cardboard sleeve + OBI *Newly sourced and remastered sound *Insert with liner notes and photos #nl# &quot;A Texas private press classic that spans several early &#039;70s genres but still manages to sound like a coherent, personal work&quot;- Patrick Lundborg (Acid Archives) #nl# Tracklist:Side 1: 1. Circles In The North - 2. Taking Me Home - 3. Dawson Creek - 4. Survivor - 5. In The BeginningSide 2: 1. Love&#039;s Coming - 2. Four Days and Nights - 3. Cyrano In The Park - 4. Lonely Woman\" \/>\n<meta name=\"robots\" content=\"index, follow, max-snippet:-1, max-image-preview:large, max-video-preview:-1\" \/>\n<link rel=\"canonical\" href=\"https:\/\/wpguerssen-test.odoo.rgbconsulting.com\/es\/producto\/grown-in-u-s-a-purple-lp\/\" \/>\n<meta property=\"og:locale\" content=\"es_ES\" \/>\n<meta property=\"og:type\" content=\"article\" \/>\n<meta property=\"og:title\" content=\"HOMER - Grown in U.S.A. (Purple LP) -  (LP) | Guerssen\" \/>\n<meta property=\"og:description\" content=\"PURPLE VINYL, 200 COPIES ONLY! #nl# With their roots traced in two legendary 60s garage bands, The Outcasts and The Stoics, Homer were without doubt one the best psychedelic \/ hard-rock outfits coming out from Texas. &quot;Grown in U.S.A&quot; was their only album, released as a private pressing in 1970. Rural psychedelic rock with early prog hints fueled by stunning lead \/ dual guitar, melodic vocals and occasional mellotron. #nl# *Highly sought after Texas psych album*Original artwork in hard cardboard sleeve + OBI *Newly sourced and remastered sound *Insert with liner notes and photos #nl# &quot;A Texas private press classic that spans several early &#039;70s genres but still manages to sound like a coherent, personal work&quot;- Patrick Lundborg (Acid Archives) #nl# Tracklist:Side 1: 1. Circles In The North - 2. Taking Me Home - 3. Dawson Creek - 4. Survivor - 5. In The BeginningSide 2: 1. Love&#039;s Coming - 2. Four Days and Nights - 3. Cyrano In The Park - 4. Lonely Woman\" \/>\n<meta property=\"og:url\" content=\"https:\/\/wpguerssen-test.odoo.rgbconsulting.com\/es\/producto\/grown-in-u-s-a-purple-lp\/\" \/>\n<meta property=\"og:site_name\" content=\"Guerssen records\" \/>\n<meta property=\"article:modified_time\" content=\"2025-04-25T11:58:37+00:00\" \/>\n<meta property=\"og:image\" content=\"https:\/\/wpguerssen-test.odoo.rgbconsulting.com\/wp-content\/uploads\/2024\/06\/48071.jpg\" \/>\n\t<meta property=\"og:image:width\" content=\"1400\" \/>\n\t<meta property=\"og:image:height\" content=\"1400\" \/>\n\t<meta property=\"og:image:type\" content=\"image\/jpeg\" \/>\n<meta name=\"twitter:card\" content=\"summary_large_image\" \/>\n<meta name=\"twitter:title\" content=\"HOMER - Grown in U.S.A. (Purple LP) -  (LP) | Guerssen\" \/>\n<meta name=\"twitter:label1\" content=\"Tiempo de lectura\" \/>\n\t<meta name=\"twitter:data1\" content=\"1 minuto\" \/>\n<script type=\"application\/ld+json\" class=\"yoast-schema-graph\">{\"@context\":\"https:\/\/schema.org\",\"@graph\":[{\"@type\":\"WebPage\",\"@id\":\"https:\/\/wpguerssen-test.odoo.rgbconsulting.com\/es\/producto\/grown-in-u-s-a-purple-lp\/\",\"url\":\"https:\/\/wpguerssen-test.odoo.rgbconsulting.com\/es\/producto\/grown-in-u-s-a-purple-lp\/\",\"name\":\"HOMER - Grown in U.S.A. (Purple LP) - (LP) | Guerssen\",\"isPartOf\":{\"@id\":\"https:\/\/wpguerssen-test.odoo.rgbconsulting.com\/es\/#website\"},\"primaryImageOfPage\":{\"@id\":\"https:\/\/wpguerssen-test.odoo.rgbconsulting.com\/es\/producto\/grown-in-u-s-a-purple-lp\/#primaryimage\"},\"image\":{\"@id\":\"https:\/\/wpguerssen-test.odoo.rgbconsulting.com\/es\/producto\/grown-in-u-s-a-purple-lp\/#primaryimage\"},\"thumbnailUrl\":\"https:\/\/wpguerssen-test.odoo.rgbconsulting.com\/wp-content\/uploads\/2024\/06\/48071.jpg\",\"datePublished\":\"2024-07-22T22:00:00+00:00\",\"dateModified\":\"2025-04-25T11:58:37+00:00\",\"description\":\"PURPLE VINYL, 200 COPIES ONLY! #nl# With their roots traced in two legendary 60s garage bands, The Outcasts and The Stoics, Homer were without doubt one the best psychedelic \/ hard-rock outfits coming out from Texas. \\\"Grown in U.S.A\\\" was their only album, released as a private pressing in 1970. Rural psychedelic rock with early prog hints fueled by stunning lead \/ dual guitar, melodic vocals and occasional mellotron. #nl# *Highly sought after Texas psych album*Original artwork in hard cardboard sleeve + OBI *Newly sourced and remastered sound *Insert with liner notes and photos #nl# \\\"A Texas private press classic that spans several early '70s genres but still manages to sound like a coherent, personal work\\\"- Patrick Lundborg (Acid Archives) #nl# Tracklist:Side 1: 1. Circles In The North - 2. Taking Me Home - 3. Dawson Creek - 4. Survivor - 5. In The BeginningSide 2: 1. Love's Coming - 2. Four Days and Nights - 3. Cyrano In The Park - 4. Lonely Woman\",\"breadcrumb\":{\"@id\":\"https:\/\/wpguerssen-test.odoo.rgbconsulting.com\/es\/producto\/grown-in-u-s-a-purple-lp\/#breadcrumb\"},\"inLanguage\":\"es\",\"potentialAction\":[{\"@type\":\"ReadAction\",\"target\":[\"https:\/\/wpguerssen-test.odoo.rgbconsulting.com\/es\/producto\/grown-in-u-s-a-purple-lp\/\"]}]},{\"@type\":\"ImageObject\",\"inLanguage\":\"es\",\"@id\":\"https:\/\/wpguerssen-test.odoo.rgbconsulting.com\/es\/producto\/grown-in-u-s-a-purple-lp\/#primaryimage\",\"url\":\"https:\/\/wpguerssen-test.odoo.rgbconsulting.com\/wp-content\/uploads\/2024\/06\/48071.jpg\",\"contentUrl\":\"https:\/\/wpguerssen-test.odoo.rgbconsulting.com\/wp-content\/uploads\/2024\/06\/48071.jpg\",\"width\":1400,\"height\":1400},{\"@type\":\"BreadcrumbList\",\"@id\":\"https:\/\/wpguerssen-test.odoo.rgbconsulting.com\/es\/producto\/grown-in-u-s-a-purple-lp\/#breadcrumb\",\"itemListElement\":[{\"@type\":\"ListItem\",\"position\":1,\"name\":\"Inicio\",\"item\":\"https:\/\/wpguerssen-test.odoo.rgbconsulting.com\/es\/\"},{\"@type\":\"ListItem\",\"position\":2,\"name\":\"Shop\",\"item\":\"https:\/\/wpguerssen-test.odoo.rgbconsulting.com\/shop\/\"},{\"@type\":\"ListItem\",\"position\":3,\"name\":\"Grown in U.S.A. (Purple LP)\"}]},{\"@type\":\"WebSite\",\"@id\":\"https:\/\/wpguerssen-test.odoo.rgbconsulting.com\/es\/#website\",\"url\":\"https:\/\/wpguerssen-test.odoo.rgbconsulting.com\/es\/\",\"name\":\"Guerssen records\",\"description\":\"psychedelia - progressive - folk - garage \",\"publisher\":{\"@id\":\"https:\/\/wpguerssen-test.odoo.rgbconsulting.com\/es\/#organization\"},\"potentialAction\":[{\"@type\":\"SearchAction\",\"target\":{\"@type\":\"EntryPoint\",\"urlTemplate\":\"https:\/\/wpguerssen-test.odoo.rgbconsulting.com\/es\/?s={search_term_string}\"},\"query-input\":{\"@type\":\"PropertyValueSpecification\",\"valueRequired\":true,\"valueName\":\"search_term_string\"}}],\"inLanguage\":\"es\"},{\"@type\":\"Organization\",\"@id\":\"https:\/\/wpguerssen-test.odoo.rgbconsulting.com\/es\/#organization\",\"name\":\"Guerssen records\",\"url\":\"https:\/\/wpguerssen-test.odoo.rgbconsulting.com\/es\/\",\"logo\":{\"@type\":\"ImageObject\",\"inLanguage\":\"es\",\"@id\":\"https:\/\/wpguerssen-test.odoo.rgbconsulting.com\/es\/#\/schema\/logo\/image\/\",\"url\":\"https:\/\/wpguerssen-test.odoo.rgbconsulting.com\/wp-content\/uploads\/2022\/04\/Logo_Guerssen_trans_100.png\",\"contentUrl\":\"https:\/\/wpguerssen-test.odoo.rgbconsulting.com\/wp-content\/uploads\/2022\/04\/Logo_Guerssen_trans_100.png\",\"width\":122,\"height\":100,\"caption\":\"Guerssen records\"},\"image\":{\"@id\":\"https:\/\/wpguerssen-test.odoo.rgbconsulting.com\/es\/#\/schema\/logo\/image\/\"}}]}<\/script>\n<!-- \/ Yoast SEO plugin. -->","yoast_head_json":{"title":"HOMER - Grown in U.S.A. (Purple LP) -  (LP) | Guerssen","description":"PURPLE VINYL, 200 COPIES ONLY! #nl# With their roots traced in two legendary 60s garage bands, The Outcasts and The Stoics, Homer were without doubt one the best psychedelic \/ hard-rock outfits coming out from Texas. \"Grown in U.S.A\" was their only album, released as a private pressing in 1970. Rural psychedelic rock with early prog hints fueled by stunning lead \/ dual guitar, melodic vocals and occasional mellotron. #nl# *Highly sought after Texas psych album*Original artwork in hard cardboard sleeve + OBI *Newly sourced and remastered sound *Insert with liner notes and photos #nl# \"A Texas private press classic that spans several early '70s genres but still manages to sound like a coherent, personal work\"- Patrick Lundborg (Acid Archives) #nl# Tracklist:Side 1: 1. Circles In The North - 2. Taking Me Home - 3. Dawson Creek - 4. Survivor - 5. In The BeginningSide 2: 1. Love's Coming - 2. Four Days and Nights - 3. Cyrano In The Park - 4. Lonely Woman","robots":{"index":"index","follow":"follow","max-snippet":"max-snippet:-1","max-image-preview":"max-image-preview:large","max-video-preview":"max-video-preview:-1"},"canonical":"https:\/\/wpguerssen-test.odoo.rgbconsulting.com\/es\/producto\/grown-in-u-s-a-purple-lp\/","og_locale":"es_ES","og_type":"article","og_title":"HOMER - Grown in U.S.A. (Purple LP) -  (LP) | Guerssen","og_description":"PURPLE VINYL, 200 COPIES ONLY! #nl# With their roots traced in two legendary 60s garage bands, The Outcasts and The Stoics, Homer were without doubt one the best psychedelic \/ hard-rock outfits coming out from Texas. \"Grown in U.S.A\" was their only album, released as a private pressing in 1970. Rural psychedelic rock with early prog hints fueled by stunning lead \/ dual guitar, melodic vocals and occasional mellotron. #nl# *Highly sought after Texas psych album*Original artwork in hard cardboard sleeve + OBI *Newly sourced and remastered sound *Insert with liner notes and photos #nl# \"A Texas private press classic that spans several early '70s genres but still manages to sound like a coherent, personal work\"- Patrick Lundborg (Acid Archives) #nl# Tracklist:Side 1: 1. Circles In The North - 2. Taking Me Home - 3. Dawson Creek - 4. Survivor - 5. In The BeginningSide 2: 1. Love's Coming - 2. Four Days and Nights - 3. Cyrano In The Park - 4. Lonely Woman","og_url":"https:\/\/wpguerssen-test.odoo.rgbconsulting.com\/es\/producto\/grown-in-u-s-a-purple-lp\/","og_site_name":"Guerssen records","article_modified_time":"2025-04-25T11:58:37+00:00","og_image":[{"width":1400,"height":1400,"url":"https:\/\/wpguerssen-test.odoo.rgbconsulting.com\/wp-content\/uploads\/2024\/06\/48071.jpg","type":"image\/jpeg"}],"twitter_card":"summary_large_image","twitter_title":"HOMER - Grown in U.S.A. (Purple LP) -  (LP) | Guerssen","twitter_misc":{"Tiempo de lectura":"1 minuto"},"schema":{"@context":"https:\/\/schema.org","@graph":[{"@type":"WebPage","@id":"https:\/\/wpguerssen-test.odoo.rgbconsulting.com\/es\/producto\/grown-in-u-s-a-purple-lp\/","url":"https:\/\/wpguerssen-test.odoo.rgbconsulting.com\/es\/producto\/grown-in-u-s-a-purple-lp\/","name":"HOMER - Grown in U.S.A. (Purple LP) - (LP) | Guerssen","isPartOf":{"@id":"https:\/\/wpguerssen-test.odoo.rgbconsulting.com\/es\/#website"},"primaryImageOfPage":{"@id":"https:\/\/wpguerssen-test.odoo.rgbconsulting.com\/es\/producto\/grown-in-u-s-a-purple-lp\/#primaryimage"},"image":{"@id":"https:\/\/wpguerssen-test.odoo.rgbconsulting.com\/es\/producto\/grown-in-u-s-a-purple-lp\/#primaryimage"},"thumbnailUrl":"https:\/\/wpguerssen-test.odoo.rgbconsulting.com\/wp-content\/uploads\/2024\/06\/48071.jpg","datePublished":"2024-07-22T22:00:00+00:00","dateModified":"2025-04-25T11:58:37+00:00","description":"PURPLE VINYL, 200 COPIES ONLY! #nl# With their roots traced in two legendary 60s garage bands, The Outcasts and The Stoics, Homer were without doubt one the best psychedelic \/ hard-rock outfits coming out from Texas. \"Grown in U.S.A\" was their only album, released as a private pressing in 1970. Rural psychedelic rock with early prog hints fueled by stunning lead \/ dual guitar, melodic vocals and occasional mellotron. #nl# *Highly sought after Texas psych album*Original artwork in hard cardboard sleeve + OBI *Newly sourced and remastered sound *Insert with liner notes and photos #nl# \"A Texas private press classic that spans several early '70s genres but still manages to sound like a coherent, personal work\"- Patrick Lundborg (Acid Archives) #nl# Tracklist:Side 1: 1. Circles In The North - 2. Taking Me Home - 3. Dawson Creek - 4. Survivor - 5. In The BeginningSide 2: 1. Love's Coming - 2. Four Days and Nights - 3. Cyrano In The Park - 4. Lonely Woman","breadcrumb":{"@id":"https:\/\/wpguerssen-test.odoo.rgbconsulting.com\/es\/producto\/grown-in-u-s-a-purple-lp\/#breadcrumb"},"inLanguage":"es","potentialAction":[{"@type":"ReadAction","target":["https:\/\/wpguerssen-test.odoo.rgbconsulting.com\/es\/producto\/grown-in-u-s-a-purple-lp\/"]}]},{"@type":"ImageObject","inLanguage":"es","@id":"https:\/\/wpguerssen-test.odoo.rgbconsulting.com\/es\/producto\/grown-in-u-s-a-purple-lp\/#primaryimage","url":"https:\/\/wpguerssen-test.odoo.rgbconsulting.com\/wp-content\/uploads\/2024\/06\/48071.jpg","contentUrl":"https:\/\/wpguerssen-test.odoo.rgbconsulting.com\/wp-content\/uploads\/2024\/06\/48071.jpg","width":1400,"height":1400},{"@type":"BreadcrumbList","@id":"https:\/\/wpguerssen-test.odoo.rgbconsulting.com\/es\/producto\/grown-in-u-s-a-purple-lp\/#breadcrumb","itemListElement":[{"@type":"ListItem","position":1,"name":"Inicio","item":"https:\/\/wpguerssen-test.odoo.rgbconsulting.com\/es\/"},{"@type":"ListItem","position":2,"name":"Shop","item":"https:\/\/wpguerssen-test.odoo.rgbconsulting.com\/shop\/"},{"@type":"ListItem","position":3,"name":"Grown in U.S.A. (Purple LP)"}]},{"@type":"WebSite","@id":"https:\/\/wpguerssen-test.odoo.rgbconsulting.com\/es\/#website","url":"https:\/\/wpguerssen-test.odoo.rgbconsulting.com\/es\/","name":"Guerssen records","description":"psychedelia - progressive - folk - garage ","publisher":{"@id":"https:\/\/wpguerssen-test.odoo.rgbconsulting.com\/es\/#organization"},"potentialAction":[{"@type":"SearchAction","target":{"@type":"EntryPoint","urlTemplate":"https:\/\/wpguerssen-test.odoo.rgbconsulting.com\/es\/?s={search_term_string}"},"query-input":{"@type":"PropertyValueSpecification","valueRequired":true,"valueName":"search_term_string"}}],"inLanguage":"es"},{"@type":"Organization","@id":"https:\/\/wpguerssen-test.odoo.rgbconsulting.com\/es\/#organization","name":"Guerssen records","url":"https:\/\/wpguerssen-test.odoo.rgbconsulting.com\/es\/","logo":{"@type":"ImageObject","inLanguage":"es","@id":"https:\/\/wpguerssen-test.odoo.rgbconsulting.com\/es\/#\/schema\/logo\/image\/","url":"https:\/\/wpguerssen-test.odoo.rgbconsulting.com\/wp-content\/uploads\/2022\/04\/Logo_Guerssen_trans_100.png","contentUrl":"https:\/\/wpguerssen-test.odoo.rgbconsulting.com\/wp-content\/uploads\/2022\/04\/Logo_Guerssen_trans_100.png","width":122,"height":100,"caption":"Guerssen records"},"image":{"@id":"https:\/\/wpguerssen-test.odoo.rgbconsulting.com\/es\/#\/schema\/logo\/image\/"}}]}},"_links":{"self":[{"href":"https:\/\/wpguerssen-test.odoo.rgbconsulting.com\/es\/wp-json\/wp\/v2\/product\/271637","targetHints":{"allow":["GET"]}}],"collection":[{"href":"https:\/\/wpguerssen-test.odoo.rgbconsulting.com\/es\/wp-json\/wp\/v2\/product"}],"about":[{"href":"https:\/\/wpguerssen-test.odoo.rgbconsulting.com\/es\/wp-json\/wp\/v2\/types\/product"}],"wp:featuredmedia":[{"embeddable":true,"href":"https:\/\/wpguerssen-test.odoo.rgbconsulting.com\/es\/wp-json\/wp\/v2\/media\/269663"}],"wp:attachment":[{"href":"https:\/\/wpguerssen-test.odoo.rgbconsulting.com\/es\/wp-json\/wp\/v2\/media?parent=271637"}],"wp:term":[{"taxonomy":"product_brand","embeddable":true,"href":"https:\/\/wpguerssen-test.odoo.rgbconsulting.com\/es\/wp-json\/wp\/v2\/product_brand?post=271637"},{"taxonomy":"product_cat","embeddable":true,"href":"https:\/\/wpguerssen-test.odoo.rgbconsulting.com\/es\/wp-json\/wp\/v2\/product_cat?post=271637"},{"taxonomy":"product_tag","embeddable":true,"href":"https:\/\/wpguerssen-test.odoo.rgbconsulting.com\/es\/wp-json\/wp\/v2\/product_tag?post=271637"}],"curies":[{"name":"wp","href":"https:\/\/api.w.org\/{rel}","templated":true}]}}