{"id":271790,"date":"2024-07-03T00:00:00","date_gmt":"2024-07-02T22:00:00","guid":{"rendered":"https:\/\/wpguerssen-test.odoo.rgbconsulting.com\/product\/el-juego-de-desaparecer-chica-tientame\/"},"modified":"2025-03-26T16:58:22","modified_gmt":"2025-03-26T15:58:22","slug":"el-juego-de-desaparecer-chica-tientame","status":"publish","type":"product","link":"https:\/\/wpguerssen-test.odoo.rgbconsulting.com\/es\/producto\/el-juego-de-desaparecer-chica-tientame\/","title":{"rendered":"El Juego De Desaparecer \/ Chica Ti\u00e9ntame"},"content":{"rendered":"<p>Los Syn nacieron en 1966 en Chile, formados por cuatro j\u00f3venes estadounidenses cuyos padres trabajaban en Santiago en ese momento, y lanzaron este \u00fanico 45 antes de regresar todos a Estados Unidos el pr\u00f3ximo a\u00f1o. El disco pr\u00e1cticamente no se encuentra por ning\u00fan lado y es un ejemplo asombroso de folk-punk garage adolescente por el que todos perdemos la cabeza.<br \/>Reedici\u00f3n limitada de 500 copias, con un inserto con l\u00edneas de Gary Pilgram (bajista) \u00a1Y dos postales con fotos in\u00e9ditas!<\/p>\n","protected":false},"excerpt":{"rendered":"<p>Los Syn nacieron en 1966 en Chile, formados por cuatro j\u00f3venes estadounidenses cuyos padres trabajaban en Santiago en ese momento, y lanzaron este \u00fanico 45 antes<a class=\"read\" href=\"https:\/\/wpguerssen-test.odoo.rgbconsulting.com\/es\/producto\/el-juego-de-desaparecer-chica-tientame\/\"> (...)<\/a>","protected":false},"featured_media":271785,"template":"","meta":{"_acf_changed":false},"product_brand":[],"product_cat":[23281],"product_tag":[],"class_list":{"0":"post-271790","1":"product","2":"type-product","3":"status-publish","4":"has-post-thumbnail","6":"product_cat-garagebeatrnb60-70-es","7":"pa_artist-syn-los","8":"pa_format-7-es","9":"pa_gender-garage-beat-rnb60-70-garagebeatrnb60-70","10":"pa_label-madmua","11":"pa_location-south-america-caribbean-es","12":"pa_other-filters-vinyl-only-es","14":"first","15":"instock","16":"taxable","17":"shipping-taxable","18":"purchasable","19":"product-type-simple"},"acf":[],"yoast_head":"<!-- This site is optimized with the Yoast SEO plugin v24.9 - https:\/\/yoast.com\/wordpress\/plugins\/seo\/ -->\n<title>SYN, Los - El Juego De Desaparecer \/ Chica Ti\u00e9ntame -  (7&quot;) | Guerssen<\/title>\n<meta name=\"description\" content=\"Los Syn were born in 1966 in Chile, formed by four young lads from the US whose parents were working in Santiago at the time, and they released this sole 45 before all going back to the US next year. The record is practically nowhere to be found, and such an amazing example of teen garage folk-punk the way we all lose our head for.Limited reissue of 500 copies, with an insert with liners by Gary Pilgram (bass player), and two postcards with unseen photos!\" \/>\n<meta name=\"robots\" content=\"index, follow, max-snippet:-1, max-image-preview:large, max-video-preview:-1\" \/>\n<link rel=\"canonical\" href=\"https:\/\/wpguerssen-test.odoo.rgbconsulting.com\/es\/producto\/el-juego-de-desaparecer-chica-tientame\/\" \/>\n<meta property=\"og:locale\" content=\"es_ES\" \/>\n<meta property=\"og:type\" content=\"article\" \/>\n<meta property=\"og:title\" content=\"SYN, Los - El Juego De Desaparecer \/ Chica Ti\u00e9ntame -  (7&quot;) | Guerssen\" \/>\n<meta property=\"og:description\" content=\"Los Syn were born in 1966 in Chile, formed by four young lads from the US whose parents were working in Santiago at the time, and they released this sole 45 before all going back to the US next year. The record is practically nowhere to be found, and such an amazing example of teen garage folk-punk the way we all lose our head for.Limited reissue of 500 copies, with an insert with liners by Gary Pilgram (bass player), and two postcards with unseen photos!\" \/>\n<meta property=\"og:url\" content=\"https:\/\/wpguerssen-test.odoo.rgbconsulting.com\/es\/producto\/el-juego-de-desaparecer-chica-tientame\/\" \/>\n<meta property=\"og:site_name\" content=\"Guerssen records\" \/>\n<meta property=\"article:modified_time\" content=\"2025-03-26T15:58:22+00:00\" \/>\n<meta property=\"og:image\" content=\"https:\/\/wpguerssen-test.odoo.rgbconsulting.com\/wp-content\/uploads\/2024\/07\/48267.jpg\" \/>\n\t<meta property=\"og:image:width\" content=\"454\" \/>\n\t<meta property=\"og:image:height\" content=\"455\" \/>\n\t<meta property=\"og:image:type\" content=\"image\/jpeg\" \/>\n<meta name=\"twitter:card\" content=\"summary_large_image\" \/>\n<meta name=\"twitter:title\" content=\"SYN, Los - El Juego De Desaparecer \/ Chica Ti\u00e9ntame -  (7&quot;) | Guerssen\" \/>\n<script type=\"application\/ld+json\" class=\"yoast-schema-graph\">{\"@context\":\"https:\/\/schema.org\",\"@graph\":[{\"@type\":\"WebPage\",\"@id\":\"https:\/\/wpguerssen-test.odoo.rgbconsulting.com\/es\/producto\/el-juego-de-desaparecer-chica-tientame\/\",\"url\":\"https:\/\/wpguerssen-test.odoo.rgbconsulting.com\/es\/producto\/el-juego-de-desaparecer-chica-tientame\/\",\"name\":\"SYN, Los - El Juego De Desaparecer \/ Chica Ti\u00e9ntame - (7\\\") | Guerssen\",\"isPartOf\":{\"@id\":\"https:\/\/wpguerssen-test.odoo.rgbconsulting.com\/es\/#website\"},\"primaryImageOfPage\":{\"@id\":\"https:\/\/wpguerssen-test.odoo.rgbconsulting.com\/es\/producto\/el-juego-de-desaparecer-chica-tientame\/#primaryimage\"},\"image\":{\"@id\":\"https:\/\/wpguerssen-test.odoo.rgbconsulting.com\/es\/producto\/el-juego-de-desaparecer-chica-tientame\/#primaryimage\"},\"thumbnailUrl\":\"https:\/\/wpguerssen-test.odoo.rgbconsulting.com\/wp-content\/uploads\/2024\/07\/48267.jpg\",\"datePublished\":\"2024-07-02T22:00:00+00:00\",\"dateModified\":\"2025-03-26T15:58:22+00:00\",\"description\":\"Los Syn were born in 1966 in Chile, formed by four young lads from the US whose parents were working in Santiago at the time, and they released this sole 45 before all going back to the US next year. The record is practically nowhere to be found, and such an amazing example of teen garage folk-punk the way we all lose our head for.Limited reissue of 500 copies, with an insert with liners by Gary Pilgram (bass player), and two postcards with unseen photos!\",\"breadcrumb\":{\"@id\":\"https:\/\/wpguerssen-test.odoo.rgbconsulting.com\/es\/producto\/el-juego-de-desaparecer-chica-tientame\/#breadcrumb\"},\"inLanguage\":\"es\",\"potentialAction\":[{\"@type\":\"ReadAction\",\"target\":[\"https:\/\/wpguerssen-test.odoo.rgbconsulting.com\/es\/producto\/el-juego-de-desaparecer-chica-tientame\/\"]}]},{\"@type\":\"ImageObject\",\"inLanguage\":\"es\",\"@id\":\"https:\/\/wpguerssen-test.odoo.rgbconsulting.com\/es\/producto\/el-juego-de-desaparecer-chica-tientame\/#primaryimage\",\"url\":\"https:\/\/wpguerssen-test.odoo.rgbconsulting.com\/wp-content\/uploads\/2024\/07\/48267.jpg\",\"contentUrl\":\"https:\/\/wpguerssen-test.odoo.rgbconsulting.com\/wp-content\/uploads\/2024\/07\/48267.jpg\",\"width\":454,\"height\":455,\"caption\":\"Los - El Juego De Desaparecer \/ Chica Ti\u00e9ntame - MADMUA (7\\\") | Guerssen\"},{\"@type\":\"BreadcrumbList\",\"@id\":\"https:\/\/wpguerssen-test.odoo.rgbconsulting.com\/es\/producto\/el-juego-de-desaparecer-chica-tientame\/#breadcrumb\",\"itemListElement\":[{\"@type\":\"ListItem\",\"position\":1,\"name\":\"Inicio\",\"item\":\"https:\/\/wpguerssen-test.odoo.rgbconsulting.com\/es\/\"},{\"@type\":\"ListItem\",\"position\":2,\"name\":\"Shop\",\"item\":\"https:\/\/wpguerssen-test.odoo.rgbconsulting.com\/shop\/\"},{\"@type\":\"ListItem\",\"position\":3,\"name\":\"El Juego De Desaparecer \/ Chica Ti\u00e9ntame\"}]},{\"@type\":\"WebSite\",\"@id\":\"https:\/\/wpguerssen-test.odoo.rgbconsulting.com\/es\/#website\",\"url\":\"https:\/\/wpguerssen-test.odoo.rgbconsulting.com\/es\/\",\"name\":\"Guerssen records\",\"description\":\"psychedelia - progressive - folk - garage \",\"publisher\":{\"@id\":\"https:\/\/wpguerssen-test.odoo.rgbconsulting.com\/es\/#organization\"},\"potentialAction\":[{\"@type\":\"SearchAction\",\"target\":{\"@type\":\"EntryPoint\",\"urlTemplate\":\"https:\/\/wpguerssen-test.odoo.rgbconsulting.com\/es\/?s={search_term_string}\"},\"query-input\":{\"@type\":\"PropertyValueSpecification\",\"valueRequired\":true,\"valueName\":\"search_term_string\"}}],\"inLanguage\":\"es\"},{\"@type\":\"Organization\",\"@id\":\"https:\/\/wpguerssen-test.odoo.rgbconsulting.com\/es\/#organization\",\"name\":\"Guerssen records\",\"url\":\"https:\/\/wpguerssen-test.odoo.rgbconsulting.com\/es\/\",\"logo\":{\"@type\":\"ImageObject\",\"inLanguage\":\"es\",\"@id\":\"https:\/\/wpguerssen-test.odoo.rgbconsulting.com\/es\/#\/schema\/logo\/image\/\",\"url\":\"https:\/\/wpguerssen-test.odoo.rgbconsulting.com\/wp-content\/uploads\/2022\/04\/Logo_Guerssen_trans_100.png\",\"contentUrl\":\"https:\/\/wpguerssen-test.odoo.rgbconsulting.com\/wp-content\/uploads\/2022\/04\/Logo_Guerssen_trans_100.png\",\"width\":122,\"height\":100,\"caption\":\"Guerssen records\"},\"image\":{\"@id\":\"https:\/\/wpguerssen-test.odoo.rgbconsulting.com\/es\/#\/schema\/logo\/image\/\"}}]}<\/script>\n<!-- \/ Yoast SEO plugin. -->","yoast_head_json":{"title":"SYN, Los - El Juego De Desaparecer \/ Chica Ti\u00e9ntame -  (7\") | Guerssen","description":"Los Syn were born in 1966 in Chile, formed by four young lads from the US whose parents were working in Santiago at the time, and they released this sole 45 before all going back to the US next year. The record is practically nowhere to be found, and such an amazing example of teen garage folk-punk the way we all lose our head for.Limited reissue of 500 copies, with an insert with liners by Gary Pilgram (bass player), and two postcards with unseen photos!","robots":{"index":"index","follow":"follow","max-snippet":"max-snippet:-1","max-image-preview":"max-image-preview:large","max-video-preview":"max-video-preview:-1"},"canonical":"https:\/\/wpguerssen-test.odoo.rgbconsulting.com\/es\/producto\/el-juego-de-desaparecer-chica-tientame\/","og_locale":"es_ES","og_type":"article","og_title":"SYN, Los - El Juego De Desaparecer \/ Chica Ti\u00e9ntame -  (7\") | Guerssen","og_description":"Los Syn were born in 1966 in Chile, formed by four young lads from the US whose parents were working in Santiago at the time, and they released this sole 45 before all going back to the US next year. The record is practically nowhere to be found, and such an amazing example of teen garage folk-punk the way we all lose our head for.Limited reissue of 500 copies, with an insert with liners by Gary Pilgram (bass player), and two postcards with unseen photos!","og_url":"https:\/\/wpguerssen-test.odoo.rgbconsulting.com\/es\/producto\/el-juego-de-desaparecer-chica-tientame\/","og_site_name":"Guerssen records","article_modified_time":"2025-03-26T15:58:22+00:00","og_image":[{"width":454,"height":455,"url":"https:\/\/wpguerssen-test.odoo.rgbconsulting.com\/wp-content\/uploads\/2024\/07\/48267.jpg","type":"image\/jpeg"}],"twitter_card":"summary_large_image","twitter_title":"SYN, Los - El Juego De Desaparecer \/ Chica Ti\u00e9ntame -  (7\") | Guerssen","schema":{"@context":"https:\/\/schema.org","@graph":[{"@type":"WebPage","@id":"https:\/\/wpguerssen-test.odoo.rgbconsulting.com\/es\/producto\/el-juego-de-desaparecer-chica-tientame\/","url":"https:\/\/wpguerssen-test.odoo.rgbconsulting.com\/es\/producto\/el-juego-de-desaparecer-chica-tientame\/","name":"SYN, Los - El Juego De Desaparecer \/ Chica Ti\u00e9ntame - (7\") | Guerssen","isPartOf":{"@id":"https:\/\/wpguerssen-test.odoo.rgbconsulting.com\/es\/#website"},"primaryImageOfPage":{"@id":"https:\/\/wpguerssen-test.odoo.rgbconsulting.com\/es\/producto\/el-juego-de-desaparecer-chica-tientame\/#primaryimage"},"image":{"@id":"https:\/\/wpguerssen-test.odoo.rgbconsulting.com\/es\/producto\/el-juego-de-desaparecer-chica-tientame\/#primaryimage"},"thumbnailUrl":"https:\/\/wpguerssen-test.odoo.rgbconsulting.com\/wp-content\/uploads\/2024\/07\/48267.jpg","datePublished":"2024-07-02T22:00:00+00:00","dateModified":"2025-03-26T15:58:22+00:00","description":"Los Syn were born in 1966 in Chile, formed by four young lads from the US whose parents were working in Santiago at the time, and they released this sole 45 before all going back to the US next year. The record is practically nowhere to be found, and such an amazing example of teen garage folk-punk the way we all lose our head for.Limited reissue of 500 copies, with an insert with liners by Gary Pilgram (bass player), and two postcards with unseen photos!","breadcrumb":{"@id":"https:\/\/wpguerssen-test.odoo.rgbconsulting.com\/es\/producto\/el-juego-de-desaparecer-chica-tientame\/#breadcrumb"},"inLanguage":"es","potentialAction":[{"@type":"ReadAction","target":["https:\/\/wpguerssen-test.odoo.rgbconsulting.com\/es\/producto\/el-juego-de-desaparecer-chica-tientame\/"]}]},{"@type":"ImageObject","inLanguage":"es","@id":"https:\/\/wpguerssen-test.odoo.rgbconsulting.com\/es\/producto\/el-juego-de-desaparecer-chica-tientame\/#primaryimage","url":"https:\/\/wpguerssen-test.odoo.rgbconsulting.com\/wp-content\/uploads\/2024\/07\/48267.jpg","contentUrl":"https:\/\/wpguerssen-test.odoo.rgbconsulting.com\/wp-content\/uploads\/2024\/07\/48267.jpg","width":454,"height":455,"caption":"Los - El Juego De Desaparecer \/ Chica Ti\u00e9ntame - MADMUA (7\") | Guerssen"},{"@type":"BreadcrumbList","@id":"https:\/\/wpguerssen-test.odoo.rgbconsulting.com\/es\/producto\/el-juego-de-desaparecer-chica-tientame\/#breadcrumb","itemListElement":[{"@type":"ListItem","position":1,"name":"Inicio","item":"https:\/\/wpguerssen-test.odoo.rgbconsulting.com\/es\/"},{"@type":"ListItem","position":2,"name":"Shop","item":"https:\/\/wpguerssen-test.odoo.rgbconsulting.com\/shop\/"},{"@type":"ListItem","position":3,"name":"El Juego De Desaparecer \/ Chica Ti\u00e9ntame"}]},{"@type":"WebSite","@id":"https:\/\/wpguerssen-test.odoo.rgbconsulting.com\/es\/#website","url":"https:\/\/wpguerssen-test.odoo.rgbconsulting.com\/es\/","name":"Guerssen records","description":"psychedelia - progressive - folk - garage ","publisher":{"@id":"https:\/\/wpguerssen-test.odoo.rgbconsulting.com\/es\/#organization"},"potentialAction":[{"@type":"SearchAction","target":{"@type":"EntryPoint","urlTemplate":"https:\/\/wpguerssen-test.odoo.rgbconsulting.com\/es\/?s={search_term_string}"},"query-input":{"@type":"PropertyValueSpecification","valueRequired":true,"valueName":"search_term_string"}}],"inLanguage":"es"},{"@type":"Organization","@id":"https:\/\/wpguerssen-test.odoo.rgbconsulting.com\/es\/#organization","name":"Guerssen records","url":"https:\/\/wpguerssen-test.odoo.rgbconsulting.com\/es\/","logo":{"@type":"ImageObject","inLanguage":"es","@id":"https:\/\/wpguerssen-test.odoo.rgbconsulting.com\/es\/#\/schema\/logo\/image\/","url":"https:\/\/wpguerssen-test.odoo.rgbconsulting.com\/wp-content\/uploads\/2022\/04\/Logo_Guerssen_trans_100.png","contentUrl":"https:\/\/wpguerssen-test.odoo.rgbconsulting.com\/wp-content\/uploads\/2022\/04\/Logo_Guerssen_trans_100.png","width":122,"height":100,"caption":"Guerssen records"},"image":{"@id":"https:\/\/wpguerssen-test.odoo.rgbconsulting.com\/es\/#\/schema\/logo\/image\/"}}]}},"_links":{"self":[{"href":"https:\/\/wpguerssen-test.odoo.rgbconsulting.com\/es\/wp-json\/wp\/v2\/product\/271790","targetHints":{"allow":["GET"]}}],"collection":[{"href":"https:\/\/wpguerssen-test.odoo.rgbconsulting.com\/es\/wp-json\/wp\/v2\/product"}],"about":[{"href":"https:\/\/wpguerssen-test.odoo.rgbconsulting.com\/es\/wp-json\/wp\/v2\/types\/product"}],"wp:featuredmedia":[{"embeddable":true,"href":"https:\/\/wpguerssen-test.odoo.rgbconsulting.com\/es\/wp-json\/wp\/v2\/media\/271785"}],"wp:attachment":[{"href":"https:\/\/wpguerssen-test.odoo.rgbconsulting.com\/es\/wp-json\/wp\/v2\/media?parent=271790"}],"wp:term":[{"taxonomy":"product_brand","embeddable":true,"href":"https:\/\/wpguerssen-test.odoo.rgbconsulting.com\/es\/wp-json\/wp\/v2\/product_brand?post=271790"},{"taxonomy":"product_cat","embeddable":true,"href":"https:\/\/wpguerssen-test.odoo.rgbconsulting.com\/es\/wp-json\/wp\/v2\/product_cat?post=271790"},{"taxonomy":"product_tag","embeddable":true,"href":"https:\/\/wpguerssen-test.odoo.rgbconsulting.com\/es\/wp-json\/wp\/v2\/product_tag?post=271790"}],"curies":[{"name":"wp","href":"https:\/\/api.w.org\/{rel}","templated":true}]}}