{"id":271919,"date":"2021-01-08T00:00:00","date_gmt":"2021-01-07T23:00:00","guid":{"rendered":"https:\/\/wpguerssen-test.odoo.rgbconsulting.com\/product\/the-legend-of-the-sun-virgin\/"},"modified":"2024-11-26T16:48:14","modified_gmt":"2024-11-26T15:48:14","slug":"the-legend-of-the-sun-virgin","status":"publish","type":"product","link":"https:\/\/wpguerssen-test.odoo.rgbconsulting.com\/es\/producto\/the-legend-of-the-sun-virgin\/","title":{"rendered":"The Legend of The Sun Virgin"},"content":{"rendered":"<p>Reedici\u00f3n en vinilo del m\u00edtico disco \u00abThe Legend of the Sun Virgin\u00bb de Yma Sumac. Este es uno de los t\u00edtulos m\u00e1s emblem\u00e1ticos del repertorio de la peruana, grabado en 1952 para Capitol Records. Esta reedici\u00f3n remasterizada incluye contenido de lujo para coleccionistas con textos informativos y fotos ine&#8217;ditas de su archivo personal.<\/p>\n","protected":false},"excerpt":{"rendered":"<p>Reedici\u00f3n en vinilo del m\u00edtico disco \u00abThe Legend of the Sun Virgin\u00bb de Yma Sumac. Este es uno de los t\u00edtulos m\u00e1s emblem\u00e1ticos del repertorio de la peruana,<a class=\"read\" href=\"https:\/\/wpguerssen-test.odoo.rgbconsulting.com\/es\/producto\/the-legend-of-the-sun-virgin\/\"> (...)<\/a>","protected":false},"featured_media":127474,"template":"","meta":{"_acf_changed":false},"product_brand":[],"product_cat":[23231],"product_tag":[],"class_list":{"0":"post-271919","1":"product","2":"type-product","3":"status-publish","4":"has-post-thumbnail","6":"product_cat-latin-brazilian-es","7":"pa_artist-yma-sumac","8":"pa_format-lp-es","9":"pa_gender-latin-brazilian","10":"pa_label-ellas-rugen-records","11":"pa_location-south-america-caribbean-es","12":"pa_other-filters-vinyl-only-es","14":"first","15":"instock","16":"taxable","17":"shipping-taxable","18":"purchasable","19":"product-type-simple"},"acf":[],"yoast_head":"<!-- This site is optimized with the Yoast SEO plugin v24.9 - https:\/\/yoast.com\/wordpress\/plugins\/seo\/ -->\n<title>YMA SUMAC - The Legend of The Sun Virgin -  (LP) | Guerssen<\/title>\n<meta name=\"description\" content=\"THE VINYL NEW EDITION OF &quot;LEGEND OF THE SUN VIRGIN&quot; WILL BE THE FIRST RELEASE OF ELLAS RUGEN RECORDS, A RECORD LABEL FOCUSED ON VINDICATING THE MAIN FEMALE VOICES OF LATIN AMERICA. #nl# With the intention of celebrating the music of Yma Sumac and continuing to spread her legacy, Ellas Rugen Records reissues on vinyl one of the highest points of her career: &quot;Legend of the Sun Virgin&quot;, recorded in 1952 in the United States by Capital Records. The production, which she signed with her husband and close collaborator, the composer Mois\u00e9s Vivanco, reflects the exotic proposal of Sumac, a pioneer in World Music and a true ambassador of Peruvian culture in the world. #nl# True to the spirit of this new record company, the vinyl has been carefully edited and it includes unpublished photos from Sumac&#039;s personal archive, an informative text written by renowned historian Carmen McEvoy and a state-of-the-art sound remastering. In addition, through the pre-sale, which has already started through BandCamp, collectors will be able to access a limited edition that includes a colored vinyl. #nl# With this, Ellas Rugen Records begins its journey with the aim of reclaiming and giving a new life to the great Latin American artists of the second half of the 20th century. In addition to Sumac&#039;s reissue, the label already has its next releases in process, which will focus on iconic singers from Venezuela and Mexico. #nl# &quot;Due to the lack of cultural preservation policies and the negligence of small record labels from the 60s, 70s and 80s, a lot of our musical legacy is being lost. The current low profitability of these projects means that large companies forget productions that still have a lot to contribute. This is why this label aims to honor these artists by reissuing, revaluing and bringing their best productions to new generations&quot;, says Jalo Nu\u00f1ez del Prado, music producer, founder and director of Ellas Rugen Records.\" \/>\n<meta name=\"robots\" content=\"index, follow, max-snippet:-1, max-image-preview:large, max-video-preview:-1\" \/>\n<link rel=\"canonical\" href=\"https:\/\/wpguerssen-test.odoo.rgbconsulting.com\/es\/producto\/the-legend-of-the-sun-virgin\/\" \/>\n<meta property=\"og:locale\" content=\"es_ES\" \/>\n<meta property=\"og:type\" content=\"article\" \/>\n<meta property=\"og:title\" content=\"YMA SUMAC - The Legend of The Sun Virgin -  (LP) | Guerssen\" \/>\n<meta property=\"og:description\" content=\"THE VINYL NEW EDITION OF &quot;LEGEND OF THE SUN VIRGIN&quot; WILL BE THE FIRST RELEASE OF ELLAS RUGEN RECORDS, A RECORD LABEL FOCUSED ON VINDICATING THE MAIN FEMALE VOICES OF LATIN AMERICA. #nl# With the intention of celebrating the music of Yma Sumac and continuing to spread her legacy, Ellas Rugen Records reissues on vinyl one of the highest points of her career: &quot;Legend of the Sun Virgin&quot;, recorded in 1952 in the United States by Capital Records. The production, which she signed with her husband and close collaborator, the composer Mois\u00e9s Vivanco, reflects the exotic proposal of Sumac, a pioneer in World Music and a true ambassador of Peruvian culture in the world. #nl# True to the spirit of this new record company, the vinyl has been carefully edited and it includes unpublished photos from Sumac&#039;s personal archive, an informative text written by renowned historian Carmen McEvoy and a state-of-the-art sound remastering. In addition, through the pre-sale, which has already started through BandCamp, collectors will be able to access a limited edition that includes a colored vinyl. #nl# With this, Ellas Rugen Records begins its journey with the aim of reclaiming and giving a new life to the great Latin American artists of the second half of the 20th century. In addition to Sumac&#039;s reissue, the label already has its next releases in process, which will focus on iconic singers from Venezuela and Mexico. #nl# &quot;Due to the lack of cultural preservation policies and the negligence of small record labels from the 60s, 70s and 80s, a lot of our musical legacy is being lost. The current low profitability of these projects means that large companies forget productions that still have a lot to contribute. This is why this label aims to honor these artists by reissuing, revaluing and bringing their best productions to new generations&quot;, says Jalo Nu\u00f1ez del Prado, music producer, founder and director of Ellas Rugen Records.\" \/>\n<meta property=\"og:url\" content=\"https:\/\/wpguerssen-test.odoo.rgbconsulting.com\/es\/producto\/the-legend-of-the-sun-virgin\/\" \/>\n<meta property=\"og:site_name\" content=\"Guerssen records\" \/>\n<meta property=\"article:modified_time\" content=\"2024-11-26T15:48:14+00:00\" \/>\n<meta property=\"og:image\" content=\"https:\/\/wpguerssen-test.odoo.rgbconsulting.com\/wp-content\/uploads\/2022\/03\/37540.jpg\" \/>\n\t<meta property=\"og:image:width\" content=\"1200\" \/>\n\t<meta property=\"og:image:height\" content=\"1199\" \/>\n\t<meta property=\"og:image:type\" content=\"image\/jpeg\" \/>\n<meta name=\"twitter:card\" content=\"summary_large_image\" \/>\n<meta name=\"twitter:title\" content=\"YMA SUMAC - The Legend of The Sun Virgin -  (LP) | Guerssen\" \/>\n<script type=\"application\/ld+json\" class=\"yoast-schema-graph\">{\"@context\":\"https:\/\/schema.org\",\"@graph\":[{\"@type\":\"WebPage\",\"@id\":\"https:\/\/wpguerssen-test.odoo.rgbconsulting.com\/es\/producto\/the-legend-of-the-sun-virgin\/\",\"url\":\"https:\/\/wpguerssen-test.odoo.rgbconsulting.com\/es\/producto\/the-legend-of-the-sun-virgin\/\",\"name\":\"YMA SUMAC - The Legend of The Sun Virgin - (LP) | Guerssen\",\"isPartOf\":{\"@id\":\"https:\/\/wpguerssen-test.odoo.rgbconsulting.com\/es\/#website\"},\"primaryImageOfPage\":{\"@id\":\"https:\/\/wpguerssen-test.odoo.rgbconsulting.com\/es\/producto\/the-legend-of-the-sun-virgin\/#primaryimage\"},\"image\":{\"@id\":\"https:\/\/wpguerssen-test.odoo.rgbconsulting.com\/es\/producto\/the-legend-of-the-sun-virgin\/#primaryimage\"},\"thumbnailUrl\":\"https:\/\/wpguerssen-test.odoo.rgbconsulting.com\/wp-content\/uploads\/2022\/03\/37540.jpg\",\"datePublished\":\"2021-01-07T23:00:00+00:00\",\"dateModified\":\"2024-11-26T15:48:14+00:00\",\"description\":\"THE VINYL NEW EDITION OF \\\"LEGEND OF THE SUN VIRGIN\\\" WILL BE THE FIRST RELEASE OF ELLAS RUGEN RECORDS, A RECORD LABEL FOCUSED ON VINDICATING THE MAIN FEMALE VOICES OF LATIN AMERICA. #nl# With the intention of celebrating the music of Yma Sumac and continuing to spread her legacy, Ellas Rugen Records reissues on vinyl one of the highest points of her career: \\\"Legend of the Sun Virgin\\\", recorded in 1952 in the United States by Capital Records. The production, which she signed with her husband and close collaborator, the composer Mois\u00e9s Vivanco, reflects the exotic proposal of Sumac, a pioneer in World Music and a true ambassador of Peruvian culture in the world. #nl# True to the spirit of this new record company, the vinyl has been carefully edited and it includes unpublished photos from Sumac's personal archive, an informative text written by renowned historian Carmen McEvoy and a state-of-the-art sound remastering. In addition, through the pre-sale, which has already started through BandCamp, collectors will be able to access a limited edition that includes a colored vinyl. #nl# With this, Ellas Rugen Records begins its journey with the aim of reclaiming and giving a new life to the great Latin American artists of the second half of the 20th century. In addition to Sumac's reissue, the label already has its next releases in process, which will focus on iconic singers from Venezuela and Mexico. #nl# \\\"Due to the lack of cultural preservation policies and the negligence of small record labels from the 60s, 70s and 80s, a lot of our musical legacy is being lost. The current low profitability of these projects means that large companies forget productions that still have a lot to contribute. This is why this label aims to honor these artists by reissuing, revaluing and bringing their best productions to new generations\\\", says Jalo Nu\u00f1ez del Prado, music producer, founder and director of Ellas Rugen Records.\",\"breadcrumb\":{\"@id\":\"https:\/\/wpguerssen-test.odoo.rgbconsulting.com\/es\/producto\/the-legend-of-the-sun-virgin\/#breadcrumb\"},\"inLanguage\":\"es\",\"potentialAction\":[{\"@type\":\"ReadAction\",\"target\":[\"https:\/\/wpguerssen-test.odoo.rgbconsulting.com\/es\/producto\/the-legend-of-the-sun-virgin\/\"]}]},{\"@type\":\"ImageObject\",\"inLanguage\":\"es\",\"@id\":\"https:\/\/wpguerssen-test.odoo.rgbconsulting.com\/es\/producto\/the-legend-of-the-sun-virgin\/#primaryimage\",\"url\":\"https:\/\/wpguerssen-test.odoo.rgbconsulting.com\/wp-content\/uploads\/2022\/03\/37540.jpg\",\"contentUrl\":\"https:\/\/wpguerssen-test.odoo.rgbconsulting.com\/wp-content\/uploads\/2022\/03\/37540.jpg\",\"width\":1200,\"height\":1199,\"caption\":\"YMA SUMAC - The Legend of The Sun Virgin - ELLAS RUGEN RECORDS (LP) | Guerssen\"},{\"@type\":\"BreadcrumbList\",\"@id\":\"https:\/\/wpguerssen-test.odoo.rgbconsulting.com\/es\/producto\/the-legend-of-the-sun-virgin\/#breadcrumb\",\"itemListElement\":[{\"@type\":\"ListItem\",\"position\":1,\"name\":\"Inicio\",\"item\":\"https:\/\/wpguerssen-test.odoo.rgbconsulting.com\/es\/\"},{\"@type\":\"ListItem\",\"position\":2,\"name\":\"Shop\",\"item\":\"https:\/\/wpguerssen-test.odoo.rgbconsulting.com\/shop\/\"},{\"@type\":\"ListItem\",\"position\":3,\"name\":\"The Legend of The Sun Virgin\"}]},{\"@type\":\"WebSite\",\"@id\":\"https:\/\/wpguerssen-test.odoo.rgbconsulting.com\/es\/#website\",\"url\":\"https:\/\/wpguerssen-test.odoo.rgbconsulting.com\/es\/\",\"name\":\"Guerssen records\",\"description\":\"psychedelia - progressive - folk - garage \",\"publisher\":{\"@id\":\"https:\/\/wpguerssen-test.odoo.rgbconsulting.com\/es\/#organization\"},\"potentialAction\":[{\"@type\":\"SearchAction\",\"target\":{\"@type\":\"EntryPoint\",\"urlTemplate\":\"https:\/\/wpguerssen-test.odoo.rgbconsulting.com\/es\/?s={search_term_string}\"},\"query-input\":{\"@type\":\"PropertyValueSpecification\",\"valueRequired\":true,\"valueName\":\"search_term_string\"}}],\"inLanguage\":\"es\"},{\"@type\":\"Organization\",\"@id\":\"https:\/\/wpguerssen-test.odoo.rgbconsulting.com\/es\/#organization\",\"name\":\"Guerssen records\",\"url\":\"https:\/\/wpguerssen-test.odoo.rgbconsulting.com\/es\/\",\"logo\":{\"@type\":\"ImageObject\",\"inLanguage\":\"es\",\"@id\":\"https:\/\/wpguerssen-test.odoo.rgbconsulting.com\/es\/#\/schema\/logo\/image\/\",\"url\":\"https:\/\/wpguerssen-test.odoo.rgbconsulting.com\/wp-content\/uploads\/2022\/04\/Logo_Guerssen_trans_100.png\",\"contentUrl\":\"https:\/\/wpguerssen-test.odoo.rgbconsulting.com\/wp-content\/uploads\/2022\/04\/Logo_Guerssen_trans_100.png\",\"width\":122,\"height\":100,\"caption\":\"Guerssen records\"},\"image\":{\"@id\":\"https:\/\/wpguerssen-test.odoo.rgbconsulting.com\/es\/#\/schema\/logo\/image\/\"}}]}<\/script>\n<!-- \/ Yoast SEO plugin. -->","yoast_head_json":{"title":"YMA SUMAC - The Legend of The Sun Virgin -  (LP) | Guerssen","description":"THE VINYL NEW EDITION OF \"LEGEND OF THE SUN VIRGIN\" WILL BE THE FIRST RELEASE OF ELLAS RUGEN RECORDS, A RECORD LABEL FOCUSED ON VINDICATING THE MAIN FEMALE VOICES OF LATIN AMERICA. #nl# With the intention of celebrating the music of Yma Sumac and continuing to spread her legacy, Ellas Rugen Records reissues on vinyl one of the highest points of her career: \"Legend of the Sun Virgin\", recorded in 1952 in the United States by Capital Records. The production, which she signed with her husband and close collaborator, the composer Mois\u00e9s Vivanco, reflects the exotic proposal of Sumac, a pioneer in World Music and a true ambassador of Peruvian culture in the world. #nl# True to the spirit of this new record company, the vinyl has been carefully edited and it includes unpublished photos from Sumac's personal archive, an informative text written by renowned historian Carmen McEvoy and a state-of-the-art sound remastering. In addition, through the pre-sale, which has already started through BandCamp, collectors will be able to access a limited edition that includes a colored vinyl. #nl# With this, Ellas Rugen Records begins its journey with the aim of reclaiming and giving a new life to the great Latin American artists of the second half of the 20th century. In addition to Sumac's reissue, the label already has its next releases in process, which will focus on iconic singers from Venezuela and Mexico. #nl# \"Due to the lack of cultural preservation policies and the negligence of small record labels from the 60s, 70s and 80s, a lot of our musical legacy is being lost. The current low profitability of these projects means that large companies forget productions that still have a lot to contribute. This is why this label aims to honor these artists by reissuing, revaluing and bringing their best productions to new generations\", says Jalo Nu\u00f1ez del Prado, music producer, founder and director of Ellas Rugen Records.","robots":{"index":"index","follow":"follow","max-snippet":"max-snippet:-1","max-image-preview":"max-image-preview:large","max-video-preview":"max-video-preview:-1"},"canonical":"https:\/\/wpguerssen-test.odoo.rgbconsulting.com\/es\/producto\/the-legend-of-the-sun-virgin\/","og_locale":"es_ES","og_type":"article","og_title":"YMA SUMAC - The Legend of The Sun Virgin -  (LP) | Guerssen","og_description":"THE VINYL NEW EDITION OF \"LEGEND OF THE SUN VIRGIN\" WILL BE THE FIRST RELEASE OF ELLAS RUGEN RECORDS, A RECORD LABEL FOCUSED ON VINDICATING THE MAIN FEMALE VOICES OF LATIN AMERICA. #nl# With the intention of celebrating the music of Yma Sumac and continuing to spread her legacy, Ellas Rugen Records reissues on vinyl one of the highest points of her career: \"Legend of the Sun Virgin\", recorded in 1952 in the United States by Capital Records. The production, which she signed with her husband and close collaborator, the composer Mois\u00e9s Vivanco, reflects the exotic proposal of Sumac, a pioneer in World Music and a true ambassador of Peruvian culture in the world. #nl# True to the spirit of this new record company, the vinyl has been carefully edited and it includes unpublished photos from Sumac's personal archive, an informative text written by renowned historian Carmen McEvoy and a state-of-the-art sound remastering. In addition, through the pre-sale, which has already started through BandCamp, collectors will be able to access a limited edition that includes a colored vinyl. #nl# With this, Ellas Rugen Records begins its journey with the aim of reclaiming and giving a new life to the great Latin American artists of the second half of the 20th century. In addition to Sumac's reissue, the label already has its next releases in process, which will focus on iconic singers from Venezuela and Mexico. #nl# \"Due to the lack of cultural preservation policies and the negligence of small record labels from the 60s, 70s and 80s, a lot of our musical legacy is being lost. The current low profitability of these projects means that large companies forget productions that still have a lot to contribute. This is why this label aims to honor these artists by reissuing, revaluing and bringing their best productions to new generations\", says Jalo Nu\u00f1ez del Prado, music producer, founder and director of Ellas Rugen Records.","og_url":"https:\/\/wpguerssen-test.odoo.rgbconsulting.com\/es\/producto\/the-legend-of-the-sun-virgin\/","og_site_name":"Guerssen records","article_modified_time":"2024-11-26T15:48:14+00:00","og_image":[{"width":1200,"height":1199,"url":"https:\/\/wpguerssen-test.odoo.rgbconsulting.com\/wp-content\/uploads\/2022\/03\/37540.jpg","type":"image\/jpeg"}],"twitter_card":"summary_large_image","twitter_title":"YMA SUMAC - The Legend of The Sun Virgin -  (LP) | Guerssen","schema":{"@context":"https:\/\/schema.org","@graph":[{"@type":"WebPage","@id":"https:\/\/wpguerssen-test.odoo.rgbconsulting.com\/es\/producto\/the-legend-of-the-sun-virgin\/","url":"https:\/\/wpguerssen-test.odoo.rgbconsulting.com\/es\/producto\/the-legend-of-the-sun-virgin\/","name":"YMA SUMAC - The Legend of The Sun Virgin - (LP) | Guerssen","isPartOf":{"@id":"https:\/\/wpguerssen-test.odoo.rgbconsulting.com\/es\/#website"},"primaryImageOfPage":{"@id":"https:\/\/wpguerssen-test.odoo.rgbconsulting.com\/es\/producto\/the-legend-of-the-sun-virgin\/#primaryimage"},"image":{"@id":"https:\/\/wpguerssen-test.odoo.rgbconsulting.com\/es\/producto\/the-legend-of-the-sun-virgin\/#primaryimage"},"thumbnailUrl":"https:\/\/wpguerssen-test.odoo.rgbconsulting.com\/wp-content\/uploads\/2022\/03\/37540.jpg","datePublished":"2021-01-07T23:00:00+00:00","dateModified":"2024-11-26T15:48:14+00:00","description":"THE VINYL NEW EDITION OF \"LEGEND OF THE SUN VIRGIN\" WILL BE THE FIRST RELEASE OF ELLAS RUGEN RECORDS, A RECORD LABEL FOCUSED ON VINDICATING THE MAIN FEMALE VOICES OF LATIN AMERICA. #nl# With the intention of celebrating the music of Yma Sumac and continuing to spread her legacy, Ellas Rugen Records reissues on vinyl one of the highest points of her career: \"Legend of the Sun Virgin\", recorded in 1952 in the United States by Capital Records. The production, which she signed with her husband and close collaborator, the composer Mois\u00e9s Vivanco, reflects the exotic proposal of Sumac, a pioneer in World Music and a true ambassador of Peruvian culture in the world. #nl# True to the spirit of this new record company, the vinyl has been carefully edited and it includes unpublished photos from Sumac's personal archive, an informative text written by renowned historian Carmen McEvoy and a state-of-the-art sound remastering. In addition, through the pre-sale, which has already started through BandCamp, collectors will be able to access a limited edition that includes a colored vinyl. #nl# With this, Ellas Rugen Records begins its journey with the aim of reclaiming and giving a new life to the great Latin American artists of the second half of the 20th century. In addition to Sumac's reissue, the label already has its next releases in process, which will focus on iconic singers from Venezuela and Mexico. #nl# \"Due to the lack of cultural preservation policies and the negligence of small record labels from the 60s, 70s and 80s, a lot of our musical legacy is being lost. The current low profitability of these projects means that large companies forget productions that still have a lot to contribute. This is why this label aims to honor these artists by reissuing, revaluing and bringing their best productions to new generations\", says Jalo Nu\u00f1ez del Prado, music producer, founder and director of Ellas Rugen Records.","breadcrumb":{"@id":"https:\/\/wpguerssen-test.odoo.rgbconsulting.com\/es\/producto\/the-legend-of-the-sun-virgin\/#breadcrumb"},"inLanguage":"es","potentialAction":[{"@type":"ReadAction","target":["https:\/\/wpguerssen-test.odoo.rgbconsulting.com\/es\/producto\/the-legend-of-the-sun-virgin\/"]}]},{"@type":"ImageObject","inLanguage":"es","@id":"https:\/\/wpguerssen-test.odoo.rgbconsulting.com\/es\/producto\/the-legend-of-the-sun-virgin\/#primaryimage","url":"https:\/\/wpguerssen-test.odoo.rgbconsulting.com\/wp-content\/uploads\/2022\/03\/37540.jpg","contentUrl":"https:\/\/wpguerssen-test.odoo.rgbconsulting.com\/wp-content\/uploads\/2022\/03\/37540.jpg","width":1200,"height":1199,"caption":"YMA SUMAC - The Legend of The Sun Virgin - ELLAS RUGEN RECORDS (LP) | Guerssen"},{"@type":"BreadcrumbList","@id":"https:\/\/wpguerssen-test.odoo.rgbconsulting.com\/es\/producto\/the-legend-of-the-sun-virgin\/#breadcrumb","itemListElement":[{"@type":"ListItem","position":1,"name":"Inicio","item":"https:\/\/wpguerssen-test.odoo.rgbconsulting.com\/es\/"},{"@type":"ListItem","position":2,"name":"Shop","item":"https:\/\/wpguerssen-test.odoo.rgbconsulting.com\/shop\/"},{"@type":"ListItem","position":3,"name":"The Legend of The Sun Virgin"}]},{"@type":"WebSite","@id":"https:\/\/wpguerssen-test.odoo.rgbconsulting.com\/es\/#website","url":"https:\/\/wpguerssen-test.odoo.rgbconsulting.com\/es\/","name":"Guerssen records","description":"psychedelia - progressive - folk - garage ","publisher":{"@id":"https:\/\/wpguerssen-test.odoo.rgbconsulting.com\/es\/#organization"},"potentialAction":[{"@type":"SearchAction","target":{"@type":"EntryPoint","urlTemplate":"https:\/\/wpguerssen-test.odoo.rgbconsulting.com\/es\/?s={search_term_string}"},"query-input":{"@type":"PropertyValueSpecification","valueRequired":true,"valueName":"search_term_string"}}],"inLanguage":"es"},{"@type":"Organization","@id":"https:\/\/wpguerssen-test.odoo.rgbconsulting.com\/es\/#organization","name":"Guerssen records","url":"https:\/\/wpguerssen-test.odoo.rgbconsulting.com\/es\/","logo":{"@type":"ImageObject","inLanguage":"es","@id":"https:\/\/wpguerssen-test.odoo.rgbconsulting.com\/es\/#\/schema\/logo\/image\/","url":"https:\/\/wpguerssen-test.odoo.rgbconsulting.com\/wp-content\/uploads\/2022\/04\/Logo_Guerssen_trans_100.png","contentUrl":"https:\/\/wpguerssen-test.odoo.rgbconsulting.com\/wp-content\/uploads\/2022\/04\/Logo_Guerssen_trans_100.png","width":122,"height":100,"caption":"Guerssen records"},"image":{"@id":"https:\/\/wpguerssen-test.odoo.rgbconsulting.com\/es\/#\/schema\/logo\/image\/"}}]}},"_links":{"self":[{"href":"https:\/\/wpguerssen-test.odoo.rgbconsulting.com\/es\/wp-json\/wp\/v2\/product\/271919","targetHints":{"allow":["GET"]}}],"collection":[{"href":"https:\/\/wpguerssen-test.odoo.rgbconsulting.com\/es\/wp-json\/wp\/v2\/product"}],"about":[{"href":"https:\/\/wpguerssen-test.odoo.rgbconsulting.com\/es\/wp-json\/wp\/v2\/types\/product"}],"wp:featuredmedia":[{"embeddable":true,"href":"https:\/\/wpguerssen-test.odoo.rgbconsulting.com\/es\/wp-json\/wp\/v2\/media\/127474"}],"wp:attachment":[{"href":"https:\/\/wpguerssen-test.odoo.rgbconsulting.com\/es\/wp-json\/wp\/v2\/media?parent=271919"}],"wp:term":[{"taxonomy":"product_brand","embeddable":true,"href":"https:\/\/wpguerssen-test.odoo.rgbconsulting.com\/es\/wp-json\/wp\/v2\/product_brand?post=271919"},{"taxonomy":"product_cat","embeddable":true,"href":"https:\/\/wpguerssen-test.odoo.rgbconsulting.com\/es\/wp-json\/wp\/v2\/product_cat?post=271919"},{"taxonomy":"product_tag","embeddable":true,"href":"https:\/\/wpguerssen-test.odoo.rgbconsulting.com\/es\/wp-json\/wp\/v2\/product_tag?post=271919"}],"curies":[{"name":"wp","href":"https:\/\/api.w.org\/{rel}","templated":true}]}}