{"id":271938,"date":"2024-07-21T00:00:00","date_gmt":"2024-07-20T22:00:00","guid":{"rendered":"https:\/\/wpguerssen-test.odoo.rgbconsulting.com\/product\/the-warm-world-of-joao-gilberto-clear\/"},"modified":"2025-01-09T15:54:57","modified_gmt":"2025-01-09T14:54:57","slug":"the-warm-world-of-joao-gilberto-clear","status":"publish","type":"product","link":"https:\/\/wpguerssen-test.odoo.rgbconsulting.com\/es\/producto\/the-warm-world-of-joao-gilberto-clear\/","title":{"rendered":"The Warm World Of Joao Gilberto (Clear)"},"content":{"rendered":"<p>El cantante, poeta y guitarrista brasile\u00f1o Joao Gilberto debut\u00f3 en 1959 con el ahora legendario LP, &#8216;Chega de Saudade&#8217;, un nuevo sonido y reconocido como el primer \u00e1lbum de bossa nova, un g\u00e9nero que arras\u00f3 en popularidad en todo el mundo y fue adoptado por tales artistas. como Stan Getz, Charly Byrd, Astrud Gilberto, Frank Sinatra, Quincy Jones y muchos otros. Aqu\u00ed se presenta esencialmente una recopilaci\u00f3n tem\u00e1tica de algunas de sus mejores canciones, incluidas pistas de su aclamado LP debut, &#8216;Chega de Saudade&#8217;.<\/p>\n","protected":false},"excerpt":{"rendered":"<p>El cantante, poeta y guitarrista brasile\u00f1o Joao Gilberto debut\u00f3 en 1959 con el ahora legendario LP, &#8216;Chega de Saudade&#8217;, un nuevo sonido y reconocido<a class=\"read\" href=\"https:\/\/wpguerssen-test.odoo.rgbconsulting.com\/es\/producto\/the-warm-world-of-joao-gilberto-clear\/\"> (...)<\/a>","protected":false},"featured_media":273540,"template":"","meta":{"_acf_changed":false},"product_brand":[],"product_cat":[23231],"product_tag":[29140],"class_list":{"0":"post-271938","1":"product","2":"type-product","3":"status-publish","4":"has-post-thumbnail","6":"product_cat-latin-brazilian-es","7":"product_tag-color-vinyl-es","8":"pa_artist-gilberto-joao","9":"pa_format-lp-es","10":"pa_gender-latin-brazilian","11":"pa_label-sowing-records","12":"pa_location-south-america-caribbean-es","13":"pa_other-filters-vinyl-only-es","15":"first","16":"instock","17":"taxable","18":"shipping-taxable","19":"purchasable","20":"product-type-simple"},"acf":[],"yoast_head":"<!-- This site is optimized with the Yoast SEO plugin v24.9 - https:\/\/yoast.com\/wordpress\/plugins\/seo\/ -->\n<title>GILBERTO, Joao - The Warm World Of Joao Gilberto (Clear) -  (LP) | Guerssen<\/title>\n<meta name=\"description\" content=\"Brazilian singer, poet, guitarist Joao Gilberto made his 1959 debut with the now legendary LP, &#039;Chega de Saudade&#039;, a new sound and acknowledge as the first bossa nova album, a genre that swept the world in popularity and taken up by such artists as Stan Getz, Charly Byrd, Astrud Gilberto, Frank Sinatra, Quincy Jones, and countless others. Presented here is essentially a themed compilation of some of his best songs, including tracks from his acclaimed debut LP, &#039;Chega de Saudade&#039;.\" \/>\n<meta name=\"robots\" content=\"index, follow, max-snippet:-1, max-image-preview:large, max-video-preview:-1\" \/>\n<link rel=\"canonical\" href=\"https:\/\/wpguerssen-test.odoo.rgbconsulting.com\/es\/producto\/the-warm-world-of-joao-gilberto-clear\/\" \/>\n<meta property=\"og:locale\" content=\"es_ES\" \/>\n<meta property=\"og:type\" content=\"article\" \/>\n<meta property=\"og:title\" content=\"GILBERTO, Joao - The Warm World Of Joao Gilberto (Clear) -  (LP) | Guerssen\" \/>\n<meta property=\"og:description\" content=\"Brazilian singer, poet, guitarist Joao Gilberto made his 1959 debut with the now legendary LP, &#039;Chega de Saudade&#039;, a new sound and acknowledge as the first bossa nova album, a genre that swept the world in popularity and taken up by such artists as Stan Getz, Charly Byrd, Astrud Gilberto, Frank Sinatra, Quincy Jones, and countless others. Presented here is essentially a themed compilation of some of his best songs, including tracks from his acclaimed debut LP, &#039;Chega de Saudade&#039;.\" \/>\n<meta property=\"og:url\" content=\"https:\/\/wpguerssen-test.odoo.rgbconsulting.com\/es\/producto\/the-warm-world-of-joao-gilberto-clear\/\" \/>\n<meta property=\"og:site_name\" content=\"Guerssen records\" \/>\n<meta property=\"article:modified_time\" content=\"2025-01-09T14:54:57+00:00\" \/>\n<meta property=\"og:image\" content=\"https:\/\/wpguerssen-test.odoo.rgbconsulting.com\/wp-content\/uploads\/2024\/08\/48272.jpg\" \/>\n\t<meta property=\"og:image:width\" content=\"1181\" \/>\n\t<meta property=\"og:image:height\" content=\"1181\" \/>\n\t<meta property=\"og:image:type\" content=\"image\/jpeg\" \/>\n<meta name=\"twitter:card\" content=\"summary_large_image\" \/>\n<meta name=\"twitter:title\" content=\"GILBERTO, Joao - The Warm World Of Joao Gilberto (Clear) -  (LP) | Guerssen\" \/>\n<script type=\"application\/ld+json\" class=\"yoast-schema-graph\">{\"@context\":\"https:\/\/schema.org\",\"@graph\":[{\"@type\":\"WebPage\",\"@id\":\"https:\/\/wpguerssen-test.odoo.rgbconsulting.com\/es\/producto\/the-warm-world-of-joao-gilberto-clear\/\",\"url\":\"https:\/\/wpguerssen-test.odoo.rgbconsulting.com\/es\/producto\/the-warm-world-of-joao-gilberto-clear\/\",\"name\":\"GILBERTO, Joao - The Warm World Of Joao Gilberto (Clear) - (LP) | Guerssen\",\"isPartOf\":{\"@id\":\"https:\/\/wpguerssen-test.odoo.rgbconsulting.com\/es\/#website\"},\"primaryImageOfPage\":{\"@id\":\"https:\/\/wpguerssen-test.odoo.rgbconsulting.com\/es\/producto\/the-warm-world-of-joao-gilberto-clear\/#primaryimage\"},\"image\":{\"@id\":\"https:\/\/wpguerssen-test.odoo.rgbconsulting.com\/es\/producto\/the-warm-world-of-joao-gilberto-clear\/#primaryimage\"},\"thumbnailUrl\":\"https:\/\/wpguerssen-test.odoo.rgbconsulting.com\/wp-content\/uploads\/2024\/08\/48272.jpg\",\"datePublished\":\"2024-07-20T22:00:00+00:00\",\"dateModified\":\"2025-01-09T14:54:57+00:00\",\"description\":\"Brazilian singer, poet, guitarist Joao Gilberto made his 1959 debut with the now legendary LP, 'Chega de Saudade', a new sound and acknowledge as the first bossa nova album, a genre that swept the world in popularity and taken up by such artists as Stan Getz, Charly Byrd, Astrud Gilberto, Frank Sinatra, Quincy Jones, and countless others. Presented here is essentially a themed compilation of some of his best songs, including tracks from his acclaimed debut LP, 'Chega de Saudade'.\",\"breadcrumb\":{\"@id\":\"https:\/\/wpguerssen-test.odoo.rgbconsulting.com\/es\/producto\/the-warm-world-of-joao-gilberto-clear\/#breadcrumb\"},\"inLanguage\":\"es\",\"potentialAction\":[{\"@type\":\"ReadAction\",\"target\":[\"https:\/\/wpguerssen-test.odoo.rgbconsulting.com\/es\/producto\/the-warm-world-of-joao-gilberto-clear\/\"]}]},{\"@type\":\"ImageObject\",\"inLanguage\":\"es\",\"@id\":\"https:\/\/wpguerssen-test.odoo.rgbconsulting.com\/es\/producto\/the-warm-world-of-joao-gilberto-clear\/#primaryimage\",\"url\":\"https:\/\/wpguerssen-test.odoo.rgbconsulting.com\/wp-content\/uploads\/2024\/08\/48272.jpg\",\"contentUrl\":\"https:\/\/wpguerssen-test.odoo.rgbconsulting.com\/wp-content\/uploads\/2024\/08\/48272.jpg\",\"width\":1181,\"height\":1181,\"caption\":\"Joao - The Warm World Of Joao Gilberto (Clear) - SOWING RECORDS (LP) | Guerssen\"},{\"@type\":\"BreadcrumbList\",\"@id\":\"https:\/\/wpguerssen-test.odoo.rgbconsulting.com\/es\/producto\/the-warm-world-of-joao-gilberto-clear\/#breadcrumb\",\"itemListElement\":[{\"@type\":\"ListItem\",\"position\":1,\"name\":\"Inicio\",\"item\":\"https:\/\/wpguerssen-test.odoo.rgbconsulting.com\/es\/\"},{\"@type\":\"ListItem\",\"position\":2,\"name\":\"Shop\",\"item\":\"https:\/\/wpguerssen-test.odoo.rgbconsulting.com\/shop\/\"},{\"@type\":\"ListItem\",\"position\":3,\"name\":\"The Warm World Of Joao Gilberto (Clear)\"}]},{\"@type\":\"WebSite\",\"@id\":\"https:\/\/wpguerssen-test.odoo.rgbconsulting.com\/es\/#website\",\"url\":\"https:\/\/wpguerssen-test.odoo.rgbconsulting.com\/es\/\",\"name\":\"Guerssen records\",\"description\":\"psychedelia - progressive - folk - garage \",\"publisher\":{\"@id\":\"https:\/\/wpguerssen-test.odoo.rgbconsulting.com\/es\/#organization\"},\"potentialAction\":[{\"@type\":\"SearchAction\",\"target\":{\"@type\":\"EntryPoint\",\"urlTemplate\":\"https:\/\/wpguerssen-test.odoo.rgbconsulting.com\/es\/?s={search_term_string}\"},\"query-input\":{\"@type\":\"PropertyValueSpecification\",\"valueRequired\":true,\"valueName\":\"search_term_string\"}}],\"inLanguage\":\"es\"},{\"@type\":\"Organization\",\"@id\":\"https:\/\/wpguerssen-test.odoo.rgbconsulting.com\/es\/#organization\",\"name\":\"Guerssen records\",\"url\":\"https:\/\/wpguerssen-test.odoo.rgbconsulting.com\/es\/\",\"logo\":{\"@type\":\"ImageObject\",\"inLanguage\":\"es\",\"@id\":\"https:\/\/wpguerssen-test.odoo.rgbconsulting.com\/es\/#\/schema\/logo\/image\/\",\"url\":\"https:\/\/wpguerssen-test.odoo.rgbconsulting.com\/wp-content\/uploads\/2022\/04\/Logo_Guerssen_trans_100.png\",\"contentUrl\":\"https:\/\/wpguerssen-test.odoo.rgbconsulting.com\/wp-content\/uploads\/2022\/04\/Logo_Guerssen_trans_100.png\",\"width\":122,\"height\":100,\"caption\":\"Guerssen records\"},\"image\":{\"@id\":\"https:\/\/wpguerssen-test.odoo.rgbconsulting.com\/es\/#\/schema\/logo\/image\/\"}}]}<\/script>\n<!-- \/ Yoast SEO plugin. -->","yoast_head_json":{"title":"GILBERTO, Joao - The Warm World Of Joao Gilberto (Clear) -  (LP) | Guerssen","description":"Brazilian singer, poet, guitarist Joao Gilberto made his 1959 debut with the now legendary LP, 'Chega de Saudade', a new sound and acknowledge as the first bossa nova album, a genre that swept the world in popularity and taken up by such artists as Stan Getz, Charly Byrd, Astrud Gilberto, Frank Sinatra, Quincy Jones, and countless others. Presented here is essentially a themed compilation of some of his best songs, including tracks from his acclaimed debut LP, 'Chega de Saudade'.","robots":{"index":"index","follow":"follow","max-snippet":"max-snippet:-1","max-image-preview":"max-image-preview:large","max-video-preview":"max-video-preview:-1"},"canonical":"https:\/\/wpguerssen-test.odoo.rgbconsulting.com\/es\/producto\/the-warm-world-of-joao-gilberto-clear\/","og_locale":"es_ES","og_type":"article","og_title":"GILBERTO, Joao - The Warm World Of Joao Gilberto (Clear) -  (LP) | Guerssen","og_description":"Brazilian singer, poet, guitarist Joao Gilberto made his 1959 debut with the now legendary LP, 'Chega de Saudade', a new sound and acknowledge as the first bossa nova album, a genre that swept the world in popularity and taken up by such artists as Stan Getz, Charly Byrd, Astrud Gilberto, Frank Sinatra, Quincy Jones, and countless others. Presented here is essentially a themed compilation of some of his best songs, including tracks from his acclaimed debut LP, 'Chega de Saudade'.","og_url":"https:\/\/wpguerssen-test.odoo.rgbconsulting.com\/es\/producto\/the-warm-world-of-joao-gilberto-clear\/","og_site_name":"Guerssen records","article_modified_time":"2025-01-09T14:54:57+00:00","og_image":[{"width":1181,"height":1181,"url":"https:\/\/wpguerssen-test.odoo.rgbconsulting.com\/wp-content\/uploads\/2024\/08\/48272.jpg","type":"image\/jpeg"}],"twitter_card":"summary_large_image","twitter_title":"GILBERTO, Joao - The Warm World Of Joao Gilberto (Clear) -  (LP) | Guerssen","schema":{"@context":"https:\/\/schema.org","@graph":[{"@type":"WebPage","@id":"https:\/\/wpguerssen-test.odoo.rgbconsulting.com\/es\/producto\/the-warm-world-of-joao-gilberto-clear\/","url":"https:\/\/wpguerssen-test.odoo.rgbconsulting.com\/es\/producto\/the-warm-world-of-joao-gilberto-clear\/","name":"GILBERTO, Joao - The Warm World Of Joao Gilberto (Clear) - (LP) | Guerssen","isPartOf":{"@id":"https:\/\/wpguerssen-test.odoo.rgbconsulting.com\/es\/#website"},"primaryImageOfPage":{"@id":"https:\/\/wpguerssen-test.odoo.rgbconsulting.com\/es\/producto\/the-warm-world-of-joao-gilberto-clear\/#primaryimage"},"image":{"@id":"https:\/\/wpguerssen-test.odoo.rgbconsulting.com\/es\/producto\/the-warm-world-of-joao-gilberto-clear\/#primaryimage"},"thumbnailUrl":"https:\/\/wpguerssen-test.odoo.rgbconsulting.com\/wp-content\/uploads\/2024\/08\/48272.jpg","datePublished":"2024-07-20T22:00:00+00:00","dateModified":"2025-01-09T14:54:57+00:00","description":"Brazilian singer, poet, guitarist Joao Gilberto made his 1959 debut with the now legendary LP, 'Chega de Saudade', a new sound and acknowledge as the first bossa nova album, a genre that swept the world in popularity and taken up by such artists as Stan Getz, Charly Byrd, Astrud Gilberto, Frank Sinatra, Quincy Jones, and countless others. Presented here is essentially a themed compilation of some of his best songs, including tracks from his acclaimed debut LP, 'Chega de Saudade'.","breadcrumb":{"@id":"https:\/\/wpguerssen-test.odoo.rgbconsulting.com\/es\/producto\/the-warm-world-of-joao-gilberto-clear\/#breadcrumb"},"inLanguage":"es","potentialAction":[{"@type":"ReadAction","target":["https:\/\/wpguerssen-test.odoo.rgbconsulting.com\/es\/producto\/the-warm-world-of-joao-gilberto-clear\/"]}]},{"@type":"ImageObject","inLanguage":"es","@id":"https:\/\/wpguerssen-test.odoo.rgbconsulting.com\/es\/producto\/the-warm-world-of-joao-gilberto-clear\/#primaryimage","url":"https:\/\/wpguerssen-test.odoo.rgbconsulting.com\/wp-content\/uploads\/2024\/08\/48272.jpg","contentUrl":"https:\/\/wpguerssen-test.odoo.rgbconsulting.com\/wp-content\/uploads\/2024\/08\/48272.jpg","width":1181,"height":1181,"caption":"Joao - The Warm World Of Joao Gilberto (Clear) - SOWING RECORDS (LP) | Guerssen"},{"@type":"BreadcrumbList","@id":"https:\/\/wpguerssen-test.odoo.rgbconsulting.com\/es\/producto\/the-warm-world-of-joao-gilberto-clear\/#breadcrumb","itemListElement":[{"@type":"ListItem","position":1,"name":"Inicio","item":"https:\/\/wpguerssen-test.odoo.rgbconsulting.com\/es\/"},{"@type":"ListItem","position":2,"name":"Shop","item":"https:\/\/wpguerssen-test.odoo.rgbconsulting.com\/shop\/"},{"@type":"ListItem","position":3,"name":"The Warm World Of Joao Gilberto (Clear)"}]},{"@type":"WebSite","@id":"https:\/\/wpguerssen-test.odoo.rgbconsulting.com\/es\/#website","url":"https:\/\/wpguerssen-test.odoo.rgbconsulting.com\/es\/","name":"Guerssen records","description":"psychedelia - progressive - folk - garage ","publisher":{"@id":"https:\/\/wpguerssen-test.odoo.rgbconsulting.com\/es\/#organization"},"potentialAction":[{"@type":"SearchAction","target":{"@type":"EntryPoint","urlTemplate":"https:\/\/wpguerssen-test.odoo.rgbconsulting.com\/es\/?s={search_term_string}"},"query-input":{"@type":"PropertyValueSpecification","valueRequired":true,"valueName":"search_term_string"}}],"inLanguage":"es"},{"@type":"Organization","@id":"https:\/\/wpguerssen-test.odoo.rgbconsulting.com\/es\/#organization","name":"Guerssen records","url":"https:\/\/wpguerssen-test.odoo.rgbconsulting.com\/es\/","logo":{"@type":"ImageObject","inLanguage":"es","@id":"https:\/\/wpguerssen-test.odoo.rgbconsulting.com\/es\/#\/schema\/logo\/image\/","url":"https:\/\/wpguerssen-test.odoo.rgbconsulting.com\/wp-content\/uploads\/2022\/04\/Logo_Guerssen_trans_100.png","contentUrl":"https:\/\/wpguerssen-test.odoo.rgbconsulting.com\/wp-content\/uploads\/2022\/04\/Logo_Guerssen_trans_100.png","width":122,"height":100,"caption":"Guerssen records"},"image":{"@id":"https:\/\/wpguerssen-test.odoo.rgbconsulting.com\/es\/#\/schema\/logo\/image\/"}}]}},"_links":{"self":[{"href":"https:\/\/wpguerssen-test.odoo.rgbconsulting.com\/es\/wp-json\/wp\/v2\/product\/271938","targetHints":{"allow":["GET"]}}],"collection":[{"href":"https:\/\/wpguerssen-test.odoo.rgbconsulting.com\/es\/wp-json\/wp\/v2\/product"}],"about":[{"href":"https:\/\/wpguerssen-test.odoo.rgbconsulting.com\/es\/wp-json\/wp\/v2\/types\/product"}],"wp:featuredmedia":[{"embeddable":true,"href":"https:\/\/wpguerssen-test.odoo.rgbconsulting.com\/es\/wp-json\/wp\/v2\/media\/273540"}],"wp:attachment":[{"href":"https:\/\/wpguerssen-test.odoo.rgbconsulting.com\/es\/wp-json\/wp\/v2\/media?parent=271938"}],"wp:term":[{"taxonomy":"product_brand","embeddable":true,"href":"https:\/\/wpguerssen-test.odoo.rgbconsulting.com\/es\/wp-json\/wp\/v2\/product_brand?post=271938"},{"taxonomy":"product_cat","embeddable":true,"href":"https:\/\/wpguerssen-test.odoo.rgbconsulting.com\/es\/wp-json\/wp\/v2\/product_cat?post=271938"},{"taxonomy":"product_tag","embeddable":true,"href":"https:\/\/wpguerssen-test.odoo.rgbconsulting.com\/es\/wp-json\/wp\/v2\/product_tag?post=271938"}],"curies":[{"name":"wp","href":"https:\/\/api.w.org\/{rel}","templated":true}]}}