{"id":272017,"date":"2025-03-05T00:00:00","date_gmt":"2025-03-04T23:00:00","guid":{"rendered":"https:\/\/wpguerssen-test.odoo.rgbconsulting.com\/product\/crippled-and-cracked-live-roskilde\/"},"modified":"2025-04-09T14:08:28","modified_gmt":"2025-04-09T12:08:28","slug":"crippled-and-cracked-live-roskilde","status":"publish","type":"product","link":"https:\/\/wpguerssen-test.odoo.rgbconsulting.com\/es\/producto\/crippled-and-cracked-live-roskilde\/","title":{"rendered":"Crippled And Cracked: Live Roskilde"},"content":{"rendered":"<p>La presentaci\u00f3n en vivo de Radiohead en el Festival de Roskilde en Dinamarca el 2 de julio de 1994 destac\u00f3 la evoluci\u00f3n de su sonido y su intensidad emocional. El set incluy\u00f3 poderosas interpretaciones de temas de su \u00e1lbum debut \u00abPablo Honey\u00bb, mostrando la promesa inicial de la banda y la voz distintiva de Thom Yorke.<br \/>TRACKLIST<br \/>SIDE A Intro \/ You \/ Bones \/ Ripcord \/ Creep \/ My iron lung \/ Prove yourself<br \/>SIDE B The bends \/ Pop is dead \/ Maquiladora \/ Just \/ Stop whispering \/ Anyone can play guitar<\/p>\n","protected":false},"excerpt":{"rendered":"<p>La presentaci\u00f3n en vivo de Radiohead en el Festival de Roskilde en Dinamarca el 2 de julio de 1994 destac\u00f3 la evoluci\u00f3n de su sonido y su intensidad emocional.<a class=\"read\" href=\"https:\/\/wpguerssen-test.odoo.rgbconsulting.com\/es\/producto\/crippled-and-cracked-live-roskilde\/\"> (...)<\/a>","protected":false},"featured_media":273550,"template":"","meta":{"_acf_changed":false},"product_brand":[],"product_cat":[23234],"product_tag":[24185],"class_list":{"0":"post-272017","1":"product","2":"type-product","3":"status-publish","4":"has-post-thumbnail","6":"product_cat-pop-rock-es","7":"product_tag-de-nuevo-en-existencia","8":"pa_artist-radiohead-es","9":"pa_format-lp-es","10":"pa_gender-pop-rock","11":"pa_label-mind-control","12":"pa_location-uk-ireland-es","13":"pa_other-filters-vinyl-only-es","15":"first","16":"instock","17":"taxable","18":"shipping-taxable","19":"purchasable","20":"product-type-simple"},"acf":[],"yoast_head":"<!-- This site is optimized with the Yoast SEO plugin v24.9 - https:\/\/yoast.com\/wordpress\/plugins\/seo\/ -->\n<title>RADIOHEAD - Crippled And Cracked: Live Roskilde -  (LP) | Guerssen<\/title>\n<meta name=\"description\" content=\"Radiohead&#039;s live performance at Roskilde Festival in Denmark on July 2, 1994, highlighted their evolving sound and emotional intensity. The set included powerful renditions of tracks from their debut album &quot;Pablo Honey,&quot; showcasing the band&#039;s early promise and Thom Yorke&#039;s distinctive voice.TRACKLISTSIDE A Intro \/ You \/ Bones \/ Ripcord \/ Creep \/ My iron lung \/ Prove yourselfSIDE B The bends \/ Pop is dead \/ Maquiladora \/ Just \/ Stop whispering \/ Anyone can play guitar\" \/>\n<meta name=\"robots\" content=\"index, follow, max-snippet:-1, max-image-preview:large, max-video-preview:-1\" \/>\n<link rel=\"canonical\" href=\"https:\/\/wpguerssen-test.odoo.rgbconsulting.com\/es\/producto\/crippled-and-cracked-live-roskilde\/\" \/>\n<meta property=\"og:locale\" content=\"es_ES\" \/>\n<meta property=\"og:type\" content=\"article\" \/>\n<meta property=\"og:title\" content=\"RADIOHEAD - Crippled And Cracked: Live Roskilde -  (LP) | Guerssen\" \/>\n<meta property=\"og:description\" content=\"Radiohead&#039;s live performance at Roskilde Festival in Denmark on July 2, 1994, highlighted their evolving sound and emotional intensity. The set included powerful renditions of tracks from their debut album &quot;Pablo Honey,&quot; showcasing the band&#039;s early promise and Thom Yorke&#039;s distinctive voice.TRACKLISTSIDE A Intro \/ You \/ Bones \/ Ripcord \/ Creep \/ My iron lung \/ Prove yourselfSIDE B The bends \/ Pop is dead \/ Maquiladora \/ Just \/ Stop whispering \/ Anyone can play guitar\" \/>\n<meta property=\"og:url\" content=\"https:\/\/wpguerssen-test.odoo.rgbconsulting.com\/es\/producto\/crippled-and-cracked-live-roskilde\/\" \/>\n<meta property=\"og:site_name\" content=\"Guerssen records\" \/>\n<meta property=\"article:modified_time\" content=\"2025-04-09T12:08:28+00:00\" \/>\n<meta property=\"og:image\" content=\"https:\/\/wpguerssen-test.odoo.rgbconsulting.com\/wp-content\/uploads\/2024\/08\/48299-scaled.jpg\" \/>\n\t<meta property=\"og:image:width\" content=\"2560\" \/>\n\t<meta property=\"og:image:height\" content=\"2534\" \/>\n\t<meta property=\"og:image:type\" content=\"image\/jpeg\" \/>\n<meta name=\"twitter:card\" content=\"summary_large_image\" \/>\n<meta name=\"twitter:title\" content=\"RADIOHEAD - Crippled And Cracked: Live Roskilde -  (LP) | Guerssen\" \/>\n<script type=\"application\/ld+json\" class=\"yoast-schema-graph\">{\"@context\":\"https:\/\/schema.org\",\"@graph\":[{\"@type\":\"WebPage\",\"@id\":\"https:\/\/wpguerssen-test.odoo.rgbconsulting.com\/es\/producto\/crippled-and-cracked-live-roskilde\/\",\"url\":\"https:\/\/wpguerssen-test.odoo.rgbconsulting.com\/es\/producto\/crippled-and-cracked-live-roskilde\/\",\"name\":\"RADIOHEAD - Crippled And Cracked: Live Roskilde - (LP) | Guerssen\",\"isPartOf\":{\"@id\":\"https:\/\/wpguerssen-test.odoo.rgbconsulting.com\/es\/#website\"},\"primaryImageOfPage\":{\"@id\":\"https:\/\/wpguerssen-test.odoo.rgbconsulting.com\/es\/producto\/crippled-and-cracked-live-roskilde\/#primaryimage\"},\"image\":{\"@id\":\"https:\/\/wpguerssen-test.odoo.rgbconsulting.com\/es\/producto\/crippled-and-cracked-live-roskilde\/#primaryimage\"},\"thumbnailUrl\":\"https:\/\/wpguerssen-test.odoo.rgbconsulting.com\/wp-content\/uploads\/2024\/08\/48299-scaled.jpg\",\"datePublished\":\"2025-03-04T23:00:00+00:00\",\"dateModified\":\"2025-04-09T12:08:28+00:00\",\"description\":\"Radiohead's live performance at Roskilde Festival in Denmark on July 2, 1994, highlighted their evolving sound and emotional intensity. The set included powerful renditions of tracks from their debut album \\\"Pablo Honey,\\\" showcasing the band's early promise and Thom Yorke's distinctive voice.TRACKLISTSIDE A Intro \/ You \/ Bones \/ Ripcord \/ Creep \/ My iron lung \/ Prove yourselfSIDE B The bends \/ Pop is dead \/ Maquiladora \/ Just \/ Stop whispering \/ Anyone can play guitar\",\"breadcrumb\":{\"@id\":\"https:\/\/wpguerssen-test.odoo.rgbconsulting.com\/es\/producto\/crippled-and-cracked-live-roskilde\/#breadcrumb\"},\"inLanguage\":\"es\",\"potentialAction\":[{\"@type\":\"ReadAction\",\"target\":[\"https:\/\/wpguerssen-test.odoo.rgbconsulting.com\/es\/producto\/crippled-and-cracked-live-roskilde\/\"]}]},{\"@type\":\"ImageObject\",\"inLanguage\":\"es\",\"@id\":\"https:\/\/wpguerssen-test.odoo.rgbconsulting.com\/es\/producto\/crippled-and-cracked-live-roskilde\/#primaryimage\",\"url\":\"https:\/\/wpguerssen-test.odoo.rgbconsulting.com\/wp-content\/uploads\/2024\/08\/48299-scaled.jpg\",\"contentUrl\":\"https:\/\/wpguerssen-test.odoo.rgbconsulting.com\/wp-content\/uploads\/2024\/08\/48299-scaled.jpg\",\"width\":2560,\"height\":2534},{\"@type\":\"BreadcrumbList\",\"@id\":\"https:\/\/wpguerssen-test.odoo.rgbconsulting.com\/es\/producto\/crippled-and-cracked-live-roskilde\/#breadcrumb\",\"itemListElement\":[{\"@type\":\"ListItem\",\"position\":1,\"name\":\"Inicio\",\"item\":\"https:\/\/wpguerssen-test.odoo.rgbconsulting.com\/es\/\"},{\"@type\":\"ListItem\",\"position\":2,\"name\":\"Shop\",\"item\":\"https:\/\/wpguerssen-test.odoo.rgbconsulting.com\/shop\/\"},{\"@type\":\"ListItem\",\"position\":3,\"name\":\"Crippled And Cracked: Live Roskilde\"}]},{\"@type\":\"WebSite\",\"@id\":\"https:\/\/wpguerssen-test.odoo.rgbconsulting.com\/es\/#website\",\"url\":\"https:\/\/wpguerssen-test.odoo.rgbconsulting.com\/es\/\",\"name\":\"Guerssen records\",\"description\":\"psychedelia - progressive - folk - garage \",\"publisher\":{\"@id\":\"https:\/\/wpguerssen-test.odoo.rgbconsulting.com\/es\/#organization\"},\"potentialAction\":[{\"@type\":\"SearchAction\",\"target\":{\"@type\":\"EntryPoint\",\"urlTemplate\":\"https:\/\/wpguerssen-test.odoo.rgbconsulting.com\/es\/?s={search_term_string}\"},\"query-input\":{\"@type\":\"PropertyValueSpecification\",\"valueRequired\":true,\"valueName\":\"search_term_string\"}}],\"inLanguage\":\"es\"},{\"@type\":\"Organization\",\"@id\":\"https:\/\/wpguerssen-test.odoo.rgbconsulting.com\/es\/#organization\",\"name\":\"Guerssen records\",\"url\":\"https:\/\/wpguerssen-test.odoo.rgbconsulting.com\/es\/\",\"logo\":{\"@type\":\"ImageObject\",\"inLanguage\":\"es\",\"@id\":\"https:\/\/wpguerssen-test.odoo.rgbconsulting.com\/es\/#\/schema\/logo\/image\/\",\"url\":\"https:\/\/wpguerssen-test.odoo.rgbconsulting.com\/wp-content\/uploads\/2022\/04\/Logo_Guerssen_trans_100.png\",\"contentUrl\":\"https:\/\/wpguerssen-test.odoo.rgbconsulting.com\/wp-content\/uploads\/2022\/04\/Logo_Guerssen_trans_100.png\",\"width\":122,\"height\":100,\"caption\":\"Guerssen records\"},\"image\":{\"@id\":\"https:\/\/wpguerssen-test.odoo.rgbconsulting.com\/es\/#\/schema\/logo\/image\/\"}}]}<\/script>\n<!-- \/ Yoast SEO plugin. -->","yoast_head_json":{"title":"RADIOHEAD - Crippled And Cracked: Live Roskilde -  (LP) | Guerssen","description":"Radiohead's live performance at Roskilde Festival in Denmark on July 2, 1994, highlighted their evolving sound and emotional intensity. The set included powerful renditions of tracks from their debut album \"Pablo Honey,\" showcasing the band's early promise and Thom Yorke's distinctive voice.TRACKLISTSIDE A Intro \/ You \/ Bones \/ Ripcord \/ Creep \/ My iron lung \/ Prove yourselfSIDE B The bends \/ Pop is dead \/ Maquiladora \/ Just \/ Stop whispering \/ Anyone can play guitar","robots":{"index":"index","follow":"follow","max-snippet":"max-snippet:-1","max-image-preview":"max-image-preview:large","max-video-preview":"max-video-preview:-1"},"canonical":"https:\/\/wpguerssen-test.odoo.rgbconsulting.com\/es\/producto\/crippled-and-cracked-live-roskilde\/","og_locale":"es_ES","og_type":"article","og_title":"RADIOHEAD - Crippled And Cracked: Live Roskilde -  (LP) | Guerssen","og_description":"Radiohead's live performance at Roskilde Festival in Denmark on July 2, 1994, highlighted their evolving sound and emotional intensity. The set included powerful renditions of tracks from their debut album \"Pablo Honey,\" showcasing the band's early promise and Thom Yorke's distinctive voice.TRACKLISTSIDE A Intro \/ You \/ Bones \/ Ripcord \/ Creep \/ My iron lung \/ Prove yourselfSIDE B The bends \/ Pop is dead \/ Maquiladora \/ Just \/ Stop whispering \/ Anyone can play guitar","og_url":"https:\/\/wpguerssen-test.odoo.rgbconsulting.com\/es\/producto\/crippled-and-cracked-live-roskilde\/","og_site_name":"Guerssen records","article_modified_time":"2025-04-09T12:08:28+00:00","og_image":[{"width":2560,"height":2534,"url":"https:\/\/wpguerssen-test.odoo.rgbconsulting.com\/wp-content\/uploads\/2024\/08\/48299-scaled.jpg","type":"image\/jpeg"}],"twitter_card":"summary_large_image","twitter_title":"RADIOHEAD - Crippled And Cracked: Live Roskilde -  (LP) | Guerssen","schema":{"@context":"https:\/\/schema.org","@graph":[{"@type":"WebPage","@id":"https:\/\/wpguerssen-test.odoo.rgbconsulting.com\/es\/producto\/crippled-and-cracked-live-roskilde\/","url":"https:\/\/wpguerssen-test.odoo.rgbconsulting.com\/es\/producto\/crippled-and-cracked-live-roskilde\/","name":"RADIOHEAD - Crippled And Cracked: Live Roskilde - (LP) | Guerssen","isPartOf":{"@id":"https:\/\/wpguerssen-test.odoo.rgbconsulting.com\/es\/#website"},"primaryImageOfPage":{"@id":"https:\/\/wpguerssen-test.odoo.rgbconsulting.com\/es\/producto\/crippled-and-cracked-live-roskilde\/#primaryimage"},"image":{"@id":"https:\/\/wpguerssen-test.odoo.rgbconsulting.com\/es\/producto\/crippled-and-cracked-live-roskilde\/#primaryimage"},"thumbnailUrl":"https:\/\/wpguerssen-test.odoo.rgbconsulting.com\/wp-content\/uploads\/2024\/08\/48299-scaled.jpg","datePublished":"2025-03-04T23:00:00+00:00","dateModified":"2025-04-09T12:08:28+00:00","description":"Radiohead's live performance at Roskilde Festival in Denmark on July 2, 1994, highlighted their evolving sound and emotional intensity. The set included powerful renditions of tracks from their debut album \"Pablo Honey,\" showcasing the band's early promise and Thom Yorke's distinctive voice.TRACKLISTSIDE A Intro \/ You \/ Bones \/ Ripcord \/ Creep \/ My iron lung \/ Prove yourselfSIDE B The bends \/ Pop is dead \/ Maquiladora \/ Just \/ Stop whispering \/ Anyone can play guitar","breadcrumb":{"@id":"https:\/\/wpguerssen-test.odoo.rgbconsulting.com\/es\/producto\/crippled-and-cracked-live-roskilde\/#breadcrumb"},"inLanguage":"es","potentialAction":[{"@type":"ReadAction","target":["https:\/\/wpguerssen-test.odoo.rgbconsulting.com\/es\/producto\/crippled-and-cracked-live-roskilde\/"]}]},{"@type":"ImageObject","inLanguage":"es","@id":"https:\/\/wpguerssen-test.odoo.rgbconsulting.com\/es\/producto\/crippled-and-cracked-live-roskilde\/#primaryimage","url":"https:\/\/wpguerssen-test.odoo.rgbconsulting.com\/wp-content\/uploads\/2024\/08\/48299-scaled.jpg","contentUrl":"https:\/\/wpguerssen-test.odoo.rgbconsulting.com\/wp-content\/uploads\/2024\/08\/48299-scaled.jpg","width":2560,"height":2534},{"@type":"BreadcrumbList","@id":"https:\/\/wpguerssen-test.odoo.rgbconsulting.com\/es\/producto\/crippled-and-cracked-live-roskilde\/#breadcrumb","itemListElement":[{"@type":"ListItem","position":1,"name":"Inicio","item":"https:\/\/wpguerssen-test.odoo.rgbconsulting.com\/es\/"},{"@type":"ListItem","position":2,"name":"Shop","item":"https:\/\/wpguerssen-test.odoo.rgbconsulting.com\/shop\/"},{"@type":"ListItem","position":3,"name":"Crippled And Cracked: Live Roskilde"}]},{"@type":"WebSite","@id":"https:\/\/wpguerssen-test.odoo.rgbconsulting.com\/es\/#website","url":"https:\/\/wpguerssen-test.odoo.rgbconsulting.com\/es\/","name":"Guerssen records","description":"psychedelia - progressive - folk - garage ","publisher":{"@id":"https:\/\/wpguerssen-test.odoo.rgbconsulting.com\/es\/#organization"},"potentialAction":[{"@type":"SearchAction","target":{"@type":"EntryPoint","urlTemplate":"https:\/\/wpguerssen-test.odoo.rgbconsulting.com\/es\/?s={search_term_string}"},"query-input":{"@type":"PropertyValueSpecification","valueRequired":true,"valueName":"search_term_string"}}],"inLanguage":"es"},{"@type":"Organization","@id":"https:\/\/wpguerssen-test.odoo.rgbconsulting.com\/es\/#organization","name":"Guerssen records","url":"https:\/\/wpguerssen-test.odoo.rgbconsulting.com\/es\/","logo":{"@type":"ImageObject","inLanguage":"es","@id":"https:\/\/wpguerssen-test.odoo.rgbconsulting.com\/es\/#\/schema\/logo\/image\/","url":"https:\/\/wpguerssen-test.odoo.rgbconsulting.com\/wp-content\/uploads\/2022\/04\/Logo_Guerssen_trans_100.png","contentUrl":"https:\/\/wpguerssen-test.odoo.rgbconsulting.com\/wp-content\/uploads\/2022\/04\/Logo_Guerssen_trans_100.png","width":122,"height":100,"caption":"Guerssen records"},"image":{"@id":"https:\/\/wpguerssen-test.odoo.rgbconsulting.com\/es\/#\/schema\/logo\/image\/"}}]}},"_links":{"self":[{"href":"https:\/\/wpguerssen-test.odoo.rgbconsulting.com\/es\/wp-json\/wp\/v2\/product\/272017","targetHints":{"allow":["GET"]}}],"collection":[{"href":"https:\/\/wpguerssen-test.odoo.rgbconsulting.com\/es\/wp-json\/wp\/v2\/product"}],"about":[{"href":"https:\/\/wpguerssen-test.odoo.rgbconsulting.com\/es\/wp-json\/wp\/v2\/types\/product"}],"wp:featuredmedia":[{"embeddable":true,"href":"https:\/\/wpguerssen-test.odoo.rgbconsulting.com\/es\/wp-json\/wp\/v2\/media\/273550"}],"wp:attachment":[{"href":"https:\/\/wpguerssen-test.odoo.rgbconsulting.com\/es\/wp-json\/wp\/v2\/media?parent=272017"}],"wp:term":[{"taxonomy":"product_brand","embeddable":true,"href":"https:\/\/wpguerssen-test.odoo.rgbconsulting.com\/es\/wp-json\/wp\/v2\/product_brand?post=272017"},{"taxonomy":"product_cat","embeddable":true,"href":"https:\/\/wpguerssen-test.odoo.rgbconsulting.com\/es\/wp-json\/wp\/v2\/product_cat?post=272017"},{"taxonomy":"product_tag","embeddable":true,"href":"https:\/\/wpguerssen-test.odoo.rgbconsulting.com\/es\/wp-json\/wp\/v2\/product_tag?post=272017"}],"curies":[{"name":"wp","href":"https:\/\/api.w.org\/{rel}","templated":true}]}}