{"id":272023,"date":"2024-08-30T00:00:00","date_gmt":"2024-08-29T22:00:00","guid":{"rendered":"https:\/\/wpguerssen-test.odoo.rgbconsulting.com\/product\/viajando-con-las-ratas-sicodelicas\/"},"modified":"2025-04-08T15:40:03","modified_gmt":"2025-04-08T13:40:03","slug":"viajando-con-las-ratas-sicodelicas","status":"publish","type":"product","link":"https:\/\/wpguerssen-test.odoo.rgbconsulting.com\/es\/producto\/viajando-con-las-ratas-sicodelicas\/","title":{"rendered":"Viajando Con&#8230; Las ratas Sicodelicas"},"content":{"rendered":"<p>Aqu\u00ed est\u00e1 el \u00e1lbum debut de este tr\u00edo de garage punk argentino editado por Groovie Records (Portugal) y El Gato Salvaje Records (Argentina). Son 14 canciones explosivas donde se pueden ver las influencias del garage punk de los 60 y el revival de los 80 pero con letras en espa\u00f1ol. Sus composiciones suenan a Music Machine, pasando por Los Yorks (Per\u00fa) o The Cynics, pero las ratas se atreven a ir un poco m\u00e1s all\u00e1 con su tema \u00abNo te persigas\u00bb al estilo underground de Velvet o la cruda versi\u00f3n del cl\u00e1sico \u00abKeep on Running\u00bb cantada por Oscar Hechomierda (Bajo), una pieza verdaderamente bizarra. \u00a1Sube el volumen de tu tocadiscos y disfruta del sonido demencial de Las Ratas Sicodelicas!<br \/>Las Ratas Sicodelicas nacieron de la uni\u00f3n de tres amigos que se unieron para romper el gran aburrimiento que desat\u00f3 la pandemia del 2020. Con una mutaci\u00f3n musical donde aprovechan su larga experiencia en el garage punk para dar paso al beat latino y la psicodelia, todas sus canciones est\u00e1n cantadas en espa\u00f1ol. Estos roedores psicod\u00e9licos son: Rolando Bruno, Oscar Hechomierda y Pablo Bam Bam, todos con pasado y presente en el grupo garage punk Los Peyotes de Buenos Aires Argentina. Tienen un vinilo de 7&#8243; con 2 canciones editadas por Groovie Records (Portugal) y un LP entrante.<\/p>\n","protected":false},"excerpt":{"rendered":"<p>Aqu\u00ed est\u00e1 el \u00e1lbum debut de este tr\u00edo de garage punk argentino editado por Groovie Records (Portugal) y El Gato Salvaje Records (Argentina). Son 14 canciones explosivas<a class=\"read\" href=\"https:\/\/wpguerssen-test.odoo.rgbconsulting.com\/es\/producto\/viajando-con-las-ratas-sicodelicas\/\"> (...)<\/a>","protected":false},"featured_media":274352,"template":"","meta":{"_acf_changed":false},"product_brand":[],"product_cat":[23282,21659],"product_tag":[],"class_list":{"0":"post-272023","1":"product","2":"type-product","3":"status-publish","4":"has-post-thumbnail","6":"product_cat-garagebeatrnb00now-es","7":"product_cat-psychedelic00s-now-es","8":"pa_artist-ratas-sicodelicas-las","9":"pa_format-lp-es","10":"pa_gender-psychedelic00s-now-garagebeatrnb00now","11":"pa_label-groovie-records","12":"pa_location-south-america-caribbean-es","13":"pa_other-filters-vinyl-only-es","15":"first","16":"instock","17":"taxable","18":"shipping-taxable","19":"purchasable","20":"product-type-simple"},"acf":[],"yoast_head":"<!-- This site is optimized with the Yoast SEO plugin v24.9 - https:\/\/yoast.com\/wordpress\/plugins\/seo\/ -->\n<title>RATAS SICODELICAS, Las - Viajando Con... Las ratas Sicodelicas -  (LP) | Guerssen<\/title>\n<meta name=\"description\" content=\"Viajando con Las Ratas Sicodelicas (Groovie Records\/El Gato Salvaje Records 2024). Here is the debut album of this garage punk trio from Argentina released by Groovie Records (Portugal) and El Gato Salvaje Records (Argentina). There are 14 explosive songs where you can see the influences of 60s garage punk and 80s revival but with lyrics in Spanish. Their compositions sound like Music Machine, passing through Los Yorks (Peru) or The Cynics, but the rats dare to go a little further with their song &quot;No te persigas&quot; a la Velvet underground style or the raw cover of the classic &quot;Keep on running&quot; sung by Oscar Hechomierda (Bass), a true bizarre piece. Turn up the volume on your turntable and enjoy the insane sound of Las Ratas Sicodelicas!Las Ratas Sicodelicas were born by the union of three friends who got together to break the great boredom that unleashed the 2020 pandemic. With a musical mutation where they use their long experience in garage punk to give place to the Latin American beat and psychedelia, all their songs are sung in Spanish. These psychedelic rodents are: Rolando Bruno, Oscar Hechomierda and Pablo Bam Bam, all with past and present in the Los Peyotes garage punk group from Buenos Aires Argentina. They have a 7&quot; vinyl with 2 songs released by Groovie Records (Portugal) and an incoming LP.\" \/>\n<meta name=\"robots\" content=\"index, follow, max-snippet:-1, max-image-preview:large, max-video-preview:-1\" \/>\n<link rel=\"canonical\" href=\"https:\/\/wpguerssen-test.odoo.rgbconsulting.com\/es\/producto\/viajando-con-las-ratas-sicodelicas\/\" \/>\n<meta property=\"og:locale\" content=\"es_ES\" \/>\n<meta property=\"og:type\" content=\"article\" \/>\n<meta property=\"og:title\" content=\"RATAS SICODELICAS, Las - Viajando Con... Las ratas Sicodelicas -  (LP) | Guerssen\" \/>\n<meta property=\"og:description\" content=\"Viajando con Las Ratas Sicodelicas (Groovie Records\/El Gato Salvaje Records 2024). Here is the debut album of this garage punk trio from Argentina released by Groovie Records (Portugal) and El Gato Salvaje Records (Argentina). There are 14 explosive songs where you can see the influences of 60s garage punk and 80s revival but with lyrics in Spanish. Their compositions sound like Music Machine, passing through Los Yorks (Peru) or The Cynics, but the rats dare to go a little further with their song &quot;No te persigas&quot; a la Velvet underground style or the raw cover of the classic &quot;Keep on running&quot; sung by Oscar Hechomierda (Bass), a true bizarre piece. Turn up the volume on your turntable and enjoy the insane sound of Las Ratas Sicodelicas!Las Ratas Sicodelicas were born by the union of three friends who got together to break the great boredom that unleashed the 2020 pandemic. With a musical mutation where they use their long experience in garage punk to give place to the Latin American beat and psychedelia, all their songs are sung in Spanish. These psychedelic rodents are: Rolando Bruno, Oscar Hechomierda and Pablo Bam Bam, all with past and present in the Los Peyotes garage punk group from Buenos Aires Argentina. They have a 7&quot; vinyl with 2 songs released by Groovie Records (Portugal) and an incoming LP.\" \/>\n<meta property=\"og:url\" content=\"https:\/\/wpguerssen-test.odoo.rgbconsulting.com\/es\/producto\/viajando-con-las-ratas-sicodelicas\/\" \/>\n<meta property=\"og:site_name\" content=\"Guerssen records\" \/>\n<meta property=\"article:modified_time\" content=\"2025-04-08T13:40:03+00:00\" \/>\n<meta property=\"og:image\" content=\"https:\/\/wpguerssen-test.odoo.rgbconsulting.com\/wp-content\/uploads\/2024\/08\/48301.jpg\" \/>\n\t<meta property=\"og:image:width\" content=\"1200\" \/>\n\t<meta property=\"og:image:height\" content=\"1179\" \/>\n\t<meta property=\"og:image:type\" content=\"image\/jpeg\" \/>\n<meta name=\"twitter:card\" content=\"summary_large_image\" \/>\n<meta name=\"twitter:title\" content=\"RATAS SICODELICAS, Las - Viajando Con... Las ratas Sicodelicas -  (LP) | Guerssen\" \/>\n<meta name=\"twitter:label1\" content=\"Tiempo de lectura\" \/>\n\t<meta name=\"twitter:data1\" content=\"1 minuto\" \/>\n<script type=\"application\/ld+json\" class=\"yoast-schema-graph\">{\"@context\":\"https:\/\/schema.org\",\"@graph\":[{\"@type\":\"WebPage\",\"@id\":\"https:\/\/wpguerssen-test.odoo.rgbconsulting.com\/es\/producto\/viajando-con-las-ratas-sicodelicas\/\",\"url\":\"https:\/\/wpguerssen-test.odoo.rgbconsulting.com\/es\/producto\/viajando-con-las-ratas-sicodelicas\/\",\"name\":\"RATAS SICODELICAS, Las - Viajando Con... Las ratas Sicodelicas - (LP) | Guerssen\",\"isPartOf\":{\"@id\":\"https:\/\/wpguerssen-test.odoo.rgbconsulting.com\/es\/#website\"},\"primaryImageOfPage\":{\"@id\":\"https:\/\/wpguerssen-test.odoo.rgbconsulting.com\/es\/producto\/viajando-con-las-ratas-sicodelicas\/#primaryimage\"},\"image\":{\"@id\":\"https:\/\/wpguerssen-test.odoo.rgbconsulting.com\/es\/producto\/viajando-con-las-ratas-sicodelicas\/#primaryimage\"},\"thumbnailUrl\":\"https:\/\/wpguerssen-test.odoo.rgbconsulting.com\/wp-content\/uploads\/2024\/08\/48301.jpg\",\"datePublished\":\"2024-08-29T22:00:00+00:00\",\"dateModified\":\"2025-04-08T13:40:03+00:00\",\"description\":\"Viajando con Las Ratas Sicodelicas (Groovie Records\/El Gato Salvaje Records 2024). Here is the debut album of this garage punk trio from Argentina released by Groovie Records (Portugal) and El Gato Salvaje Records (Argentina). There are 14 explosive songs where you can see the influences of 60s garage punk and 80s revival but with lyrics in Spanish. Their compositions sound like Music Machine, passing through Los Yorks (Peru) or The Cynics, but the rats dare to go a little further with their song \\\"No te persigas\\\" a la Velvet underground style or the raw cover of the classic \\\"Keep on running\\\" sung by Oscar Hechomierda (Bass), a true bizarre piece. Turn up the volume on your turntable and enjoy the insane sound of Las Ratas Sicodelicas!Las Ratas Sicodelicas were born by the union of three friends who got together to break the great boredom that unleashed the 2020 pandemic. With a musical mutation where they use their long experience in garage punk to give place to the Latin American beat and psychedelia, all their songs are sung in Spanish. These psychedelic rodents are: Rolando Bruno, Oscar Hechomierda and Pablo Bam Bam, all with past and present in the Los Peyotes garage punk group from Buenos Aires Argentina. They have a 7\\\" vinyl with 2 songs released by Groovie Records (Portugal) and an incoming LP.\",\"breadcrumb\":{\"@id\":\"https:\/\/wpguerssen-test.odoo.rgbconsulting.com\/es\/producto\/viajando-con-las-ratas-sicodelicas\/#breadcrumb\"},\"inLanguage\":\"es\",\"potentialAction\":[{\"@type\":\"ReadAction\",\"target\":[\"https:\/\/wpguerssen-test.odoo.rgbconsulting.com\/es\/producto\/viajando-con-las-ratas-sicodelicas\/\"]}]},{\"@type\":\"ImageObject\",\"inLanguage\":\"es\",\"@id\":\"https:\/\/wpguerssen-test.odoo.rgbconsulting.com\/es\/producto\/viajando-con-las-ratas-sicodelicas\/#primaryimage\",\"url\":\"https:\/\/wpguerssen-test.odoo.rgbconsulting.com\/wp-content\/uploads\/2024\/08\/48301.jpg\",\"contentUrl\":\"https:\/\/wpguerssen-test.odoo.rgbconsulting.com\/wp-content\/uploads\/2024\/08\/48301.jpg\",\"width\":1200,\"height\":1179,\"caption\":\"Las - Viajando Con... Las ratas Sicodelicas - GROOVIE RECORDS (LP) | Guerssen\"},{\"@type\":\"BreadcrumbList\",\"@id\":\"https:\/\/wpguerssen-test.odoo.rgbconsulting.com\/es\/producto\/viajando-con-las-ratas-sicodelicas\/#breadcrumb\",\"itemListElement\":[{\"@type\":\"ListItem\",\"position\":1,\"name\":\"Inicio\",\"item\":\"https:\/\/wpguerssen-test.odoo.rgbconsulting.com\/es\/\"},{\"@type\":\"ListItem\",\"position\":2,\"name\":\"Shop\",\"item\":\"https:\/\/wpguerssen-test.odoo.rgbconsulting.com\/shop\/\"},{\"@type\":\"ListItem\",\"position\":3,\"name\":\"Viajando Con&#8230; Las ratas Sicodelicas\"}]},{\"@type\":\"WebSite\",\"@id\":\"https:\/\/wpguerssen-test.odoo.rgbconsulting.com\/es\/#website\",\"url\":\"https:\/\/wpguerssen-test.odoo.rgbconsulting.com\/es\/\",\"name\":\"Guerssen records\",\"description\":\"psychedelia - progressive - folk - garage \",\"publisher\":{\"@id\":\"https:\/\/wpguerssen-test.odoo.rgbconsulting.com\/es\/#organization\"},\"potentialAction\":[{\"@type\":\"SearchAction\",\"target\":{\"@type\":\"EntryPoint\",\"urlTemplate\":\"https:\/\/wpguerssen-test.odoo.rgbconsulting.com\/es\/?s={search_term_string}\"},\"query-input\":{\"@type\":\"PropertyValueSpecification\",\"valueRequired\":true,\"valueName\":\"search_term_string\"}}],\"inLanguage\":\"es\"},{\"@type\":\"Organization\",\"@id\":\"https:\/\/wpguerssen-test.odoo.rgbconsulting.com\/es\/#organization\",\"name\":\"Guerssen records\",\"url\":\"https:\/\/wpguerssen-test.odoo.rgbconsulting.com\/es\/\",\"logo\":{\"@type\":\"ImageObject\",\"inLanguage\":\"es\",\"@id\":\"https:\/\/wpguerssen-test.odoo.rgbconsulting.com\/es\/#\/schema\/logo\/image\/\",\"url\":\"https:\/\/wpguerssen-test.odoo.rgbconsulting.com\/wp-content\/uploads\/2022\/04\/Logo_Guerssen_trans_100.png\",\"contentUrl\":\"https:\/\/wpguerssen-test.odoo.rgbconsulting.com\/wp-content\/uploads\/2022\/04\/Logo_Guerssen_trans_100.png\",\"width\":122,\"height\":100,\"caption\":\"Guerssen records\"},\"image\":{\"@id\":\"https:\/\/wpguerssen-test.odoo.rgbconsulting.com\/es\/#\/schema\/logo\/image\/\"}}]}<\/script>\n<!-- \/ Yoast SEO plugin. -->","yoast_head_json":{"title":"RATAS SICODELICAS, Las - Viajando Con... Las ratas Sicodelicas -  (LP) | Guerssen","description":"Viajando con Las Ratas Sicodelicas (Groovie Records\/El Gato Salvaje Records 2024). Here is the debut album of this garage punk trio from Argentina released by Groovie Records (Portugal) and El Gato Salvaje Records (Argentina). There are 14 explosive songs where you can see the influences of 60s garage punk and 80s revival but with lyrics in Spanish. Their compositions sound like Music Machine, passing through Los Yorks (Peru) or The Cynics, but the rats dare to go a little further with their song \"No te persigas\" a la Velvet underground style or the raw cover of the classic \"Keep on running\" sung by Oscar Hechomierda (Bass), a true bizarre piece. Turn up the volume on your turntable and enjoy the insane sound of Las Ratas Sicodelicas!Las Ratas Sicodelicas were born by the union of three friends who got together to break the great boredom that unleashed the 2020 pandemic. With a musical mutation where they use their long experience in garage punk to give place to the Latin American beat and psychedelia, all their songs are sung in Spanish. These psychedelic rodents are: Rolando Bruno, Oscar Hechomierda and Pablo Bam Bam, all with past and present in the Los Peyotes garage punk group from Buenos Aires Argentina. They have a 7\" vinyl with 2 songs released by Groovie Records (Portugal) and an incoming LP.","robots":{"index":"index","follow":"follow","max-snippet":"max-snippet:-1","max-image-preview":"max-image-preview:large","max-video-preview":"max-video-preview:-1"},"canonical":"https:\/\/wpguerssen-test.odoo.rgbconsulting.com\/es\/producto\/viajando-con-las-ratas-sicodelicas\/","og_locale":"es_ES","og_type":"article","og_title":"RATAS SICODELICAS, Las - Viajando Con... Las ratas Sicodelicas -  (LP) | Guerssen","og_description":"Viajando con Las Ratas Sicodelicas (Groovie Records\/El Gato Salvaje Records 2024). Here is the debut album of this garage punk trio from Argentina released by Groovie Records (Portugal) and El Gato Salvaje Records (Argentina). There are 14 explosive songs where you can see the influences of 60s garage punk and 80s revival but with lyrics in Spanish. Their compositions sound like Music Machine, passing through Los Yorks (Peru) or The Cynics, but the rats dare to go a little further with their song \"No te persigas\" a la Velvet underground style or the raw cover of the classic \"Keep on running\" sung by Oscar Hechomierda (Bass), a true bizarre piece. Turn up the volume on your turntable and enjoy the insane sound of Las Ratas Sicodelicas!Las Ratas Sicodelicas were born by the union of three friends who got together to break the great boredom that unleashed the 2020 pandemic. With a musical mutation where they use their long experience in garage punk to give place to the Latin American beat and psychedelia, all their songs are sung in Spanish. These psychedelic rodents are: Rolando Bruno, Oscar Hechomierda and Pablo Bam Bam, all with past and present in the Los Peyotes garage punk group from Buenos Aires Argentina. They have a 7\" vinyl with 2 songs released by Groovie Records (Portugal) and an incoming LP.","og_url":"https:\/\/wpguerssen-test.odoo.rgbconsulting.com\/es\/producto\/viajando-con-las-ratas-sicodelicas\/","og_site_name":"Guerssen records","article_modified_time":"2025-04-08T13:40:03+00:00","og_image":[{"width":1200,"height":1179,"url":"https:\/\/wpguerssen-test.odoo.rgbconsulting.com\/wp-content\/uploads\/2024\/08\/48301.jpg","type":"image\/jpeg"}],"twitter_card":"summary_large_image","twitter_title":"RATAS SICODELICAS, Las - Viajando Con... Las ratas Sicodelicas -  (LP) | Guerssen","twitter_misc":{"Tiempo de lectura":"1 minuto"},"schema":{"@context":"https:\/\/schema.org","@graph":[{"@type":"WebPage","@id":"https:\/\/wpguerssen-test.odoo.rgbconsulting.com\/es\/producto\/viajando-con-las-ratas-sicodelicas\/","url":"https:\/\/wpguerssen-test.odoo.rgbconsulting.com\/es\/producto\/viajando-con-las-ratas-sicodelicas\/","name":"RATAS SICODELICAS, Las - Viajando Con... Las ratas Sicodelicas - (LP) | Guerssen","isPartOf":{"@id":"https:\/\/wpguerssen-test.odoo.rgbconsulting.com\/es\/#website"},"primaryImageOfPage":{"@id":"https:\/\/wpguerssen-test.odoo.rgbconsulting.com\/es\/producto\/viajando-con-las-ratas-sicodelicas\/#primaryimage"},"image":{"@id":"https:\/\/wpguerssen-test.odoo.rgbconsulting.com\/es\/producto\/viajando-con-las-ratas-sicodelicas\/#primaryimage"},"thumbnailUrl":"https:\/\/wpguerssen-test.odoo.rgbconsulting.com\/wp-content\/uploads\/2024\/08\/48301.jpg","datePublished":"2024-08-29T22:00:00+00:00","dateModified":"2025-04-08T13:40:03+00:00","description":"Viajando con Las Ratas Sicodelicas (Groovie Records\/El Gato Salvaje Records 2024). Here is the debut album of this garage punk trio from Argentina released by Groovie Records (Portugal) and El Gato Salvaje Records (Argentina). There are 14 explosive songs where you can see the influences of 60s garage punk and 80s revival but with lyrics in Spanish. Their compositions sound like Music Machine, passing through Los Yorks (Peru) or The Cynics, but the rats dare to go a little further with their song \"No te persigas\" a la Velvet underground style or the raw cover of the classic \"Keep on running\" sung by Oscar Hechomierda (Bass), a true bizarre piece. Turn up the volume on your turntable and enjoy the insane sound of Las Ratas Sicodelicas!Las Ratas Sicodelicas were born by the union of three friends who got together to break the great boredom that unleashed the 2020 pandemic. With a musical mutation where they use their long experience in garage punk to give place to the Latin American beat and psychedelia, all their songs are sung in Spanish. These psychedelic rodents are: Rolando Bruno, Oscar Hechomierda and Pablo Bam Bam, all with past and present in the Los Peyotes garage punk group from Buenos Aires Argentina. They have a 7\" vinyl with 2 songs released by Groovie Records (Portugal) and an incoming LP.","breadcrumb":{"@id":"https:\/\/wpguerssen-test.odoo.rgbconsulting.com\/es\/producto\/viajando-con-las-ratas-sicodelicas\/#breadcrumb"},"inLanguage":"es","potentialAction":[{"@type":"ReadAction","target":["https:\/\/wpguerssen-test.odoo.rgbconsulting.com\/es\/producto\/viajando-con-las-ratas-sicodelicas\/"]}]},{"@type":"ImageObject","inLanguage":"es","@id":"https:\/\/wpguerssen-test.odoo.rgbconsulting.com\/es\/producto\/viajando-con-las-ratas-sicodelicas\/#primaryimage","url":"https:\/\/wpguerssen-test.odoo.rgbconsulting.com\/wp-content\/uploads\/2024\/08\/48301.jpg","contentUrl":"https:\/\/wpguerssen-test.odoo.rgbconsulting.com\/wp-content\/uploads\/2024\/08\/48301.jpg","width":1200,"height":1179,"caption":"Las - Viajando Con... Las ratas Sicodelicas - GROOVIE RECORDS (LP) | Guerssen"},{"@type":"BreadcrumbList","@id":"https:\/\/wpguerssen-test.odoo.rgbconsulting.com\/es\/producto\/viajando-con-las-ratas-sicodelicas\/#breadcrumb","itemListElement":[{"@type":"ListItem","position":1,"name":"Inicio","item":"https:\/\/wpguerssen-test.odoo.rgbconsulting.com\/es\/"},{"@type":"ListItem","position":2,"name":"Shop","item":"https:\/\/wpguerssen-test.odoo.rgbconsulting.com\/shop\/"},{"@type":"ListItem","position":3,"name":"Viajando Con&#8230; Las ratas Sicodelicas"}]},{"@type":"WebSite","@id":"https:\/\/wpguerssen-test.odoo.rgbconsulting.com\/es\/#website","url":"https:\/\/wpguerssen-test.odoo.rgbconsulting.com\/es\/","name":"Guerssen records","description":"psychedelia - progressive - folk - garage ","publisher":{"@id":"https:\/\/wpguerssen-test.odoo.rgbconsulting.com\/es\/#organization"},"potentialAction":[{"@type":"SearchAction","target":{"@type":"EntryPoint","urlTemplate":"https:\/\/wpguerssen-test.odoo.rgbconsulting.com\/es\/?s={search_term_string}"},"query-input":{"@type":"PropertyValueSpecification","valueRequired":true,"valueName":"search_term_string"}}],"inLanguage":"es"},{"@type":"Organization","@id":"https:\/\/wpguerssen-test.odoo.rgbconsulting.com\/es\/#organization","name":"Guerssen records","url":"https:\/\/wpguerssen-test.odoo.rgbconsulting.com\/es\/","logo":{"@type":"ImageObject","inLanguage":"es","@id":"https:\/\/wpguerssen-test.odoo.rgbconsulting.com\/es\/#\/schema\/logo\/image\/","url":"https:\/\/wpguerssen-test.odoo.rgbconsulting.com\/wp-content\/uploads\/2022\/04\/Logo_Guerssen_trans_100.png","contentUrl":"https:\/\/wpguerssen-test.odoo.rgbconsulting.com\/wp-content\/uploads\/2022\/04\/Logo_Guerssen_trans_100.png","width":122,"height":100,"caption":"Guerssen records"},"image":{"@id":"https:\/\/wpguerssen-test.odoo.rgbconsulting.com\/es\/#\/schema\/logo\/image\/"}}]}},"_links":{"self":[{"href":"https:\/\/wpguerssen-test.odoo.rgbconsulting.com\/es\/wp-json\/wp\/v2\/product\/272023","targetHints":{"allow":["GET"]}}],"collection":[{"href":"https:\/\/wpguerssen-test.odoo.rgbconsulting.com\/es\/wp-json\/wp\/v2\/product"}],"about":[{"href":"https:\/\/wpguerssen-test.odoo.rgbconsulting.com\/es\/wp-json\/wp\/v2\/types\/product"}],"wp:featuredmedia":[{"embeddable":true,"href":"https:\/\/wpguerssen-test.odoo.rgbconsulting.com\/es\/wp-json\/wp\/v2\/media\/274352"}],"wp:attachment":[{"href":"https:\/\/wpguerssen-test.odoo.rgbconsulting.com\/es\/wp-json\/wp\/v2\/media?parent=272023"}],"wp:term":[{"taxonomy":"product_brand","embeddable":true,"href":"https:\/\/wpguerssen-test.odoo.rgbconsulting.com\/es\/wp-json\/wp\/v2\/product_brand?post=272023"},{"taxonomy":"product_cat","embeddable":true,"href":"https:\/\/wpguerssen-test.odoo.rgbconsulting.com\/es\/wp-json\/wp\/v2\/product_cat?post=272023"},{"taxonomy":"product_tag","embeddable":true,"href":"https:\/\/wpguerssen-test.odoo.rgbconsulting.com\/es\/wp-json\/wp\/v2\/product_tag?post=272023"}],"curies":[{"name":"wp","href":"https:\/\/api.w.org\/{rel}","templated":true}]}}