{"id":272029,"date":"2024-10-01T00:00:00","date_gmt":"2024-09-30T22:00:00","guid":{"rendered":"https:\/\/wpguerssen-test.odoo.rgbconsulting.com\/product\/holy-beat\/"},"modified":"2025-03-26T16:58:35","modified_gmt":"2025-03-26T15:58:35","slug":"holy-beat","status":"publish","type":"product","link":"https:\/\/wpguerssen-test.odoo.rgbconsulting.com\/es\/producto\/holy-beat\/","title":{"rendered":"Holy Beat!"},"content":{"rendered":"<p>Publicado originalmente como La Messa dei Giovanni en 1966 y grabado en vivo el mismo a\u00f1o, este disco ha sido materia de leyenda para los conocedores del pop profundo y los arque\u00f3logos del Beat de los 60, una joya hermosa y fascinante que va mucho m\u00e1s all\u00e1 de la novedad cristiana. Presentando 3 incre\u00edbles bandas italianas (Angel and the Brains, I Barritas y The Bumpers), este no es solo un disco de pop cristiano, es una colecci\u00f3n de ritmos italianos de los 60 bellamente elaborados que dejar\u00e1n boquiabierto a cualquiera remotamente interesado en la m\u00fasica de los 60.<br \/>Tracklist: SIDE A: 1- ANGEL AND THE BRAINS: INTROITO (Penso pensieri di pace) 2- I BARRITAS: GLORIA (Gloria al Signore) 3- ANGEL AND THE BRAINS: GRADUALE (Con voci di gioia) 4- THE BUMPERS: CREDO (Io credo) SIDE B: 5- ANGEL AND THE BRAINS: OFFERTORIO (A te offro mio Dio) 6- THE BUMPERS: SANCTUS (Santo) 7- THE BUMPERS: PATER NOSTER (Tu che sei nei cieli) 8- I BARRITAS: AGNUS DEI (Agnello di Dio) 9- THE BUMPERS: COMMUNIO (Rendete grazie a Dio)<\/p>\n","protected":false},"excerpt":{"rendered":"<p>Publicado originalmente como La Messa dei Giovanni en 1966 y grabado en vivo el mismo a\u00f1o, este disco ha sido materia de leyenda para los conocedores del pop profundo<a class=\"read\" href=\"https:\/\/wpguerssen-test.odoo.rgbconsulting.com\/es\/producto\/holy-beat\/\"> (...)<\/a>","protected":false},"featured_media":273630,"template":"","meta":{"_acf_changed":false},"product_brand":[],"product_cat":[23281],"product_tag":[],"class_list":{"0":"post-272029","1":"product","2":"type-product","3":"status-publish","4":"has-post-thumbnail","6":"product_cat-garagebeatrnb60-70-es","7":"pa_artist-various-artists-es","8":"pa_format-lp-es","9":"pa_gender-garage-beat-rnb60-70-garagebeatrnb60-70","10":"pa_label-aberrant","11":"pa_location-europe-es","12":"pa_other-filters-vinyl-only-es","14":"first","15":"instock","16":"taxable","17":"shipping-taxable","18":"purchasable","19":"product-type-simple"},"acf":[],"yoast_head":"<!-- This site is optimized with the Yoast SEO plugin v24.9 - https:\/\/yoast.com\/wordpress\/plugins\/seo\/ -->\n<title>VARIOUS ARTISTS - Holy Beat! -  (LP) | Guerssen<\/title>\n<meta name=\"description\" content=\"Originally released as La Messa dei Giovanni in 1966 and recorded live the same year, this record has been the stuff of legend for deep cut Pop connoisseurs and 60&#039;s Beat archeologists, a beautiful and mesmerizing gem that goes way beyond the Christian novelty. Presenting 3 amazing Italian bands (Angel and the Brains, I Barritas and The Bumpers) this is not just a Chrisitian pop record, this is a collection of beautifully crafted Italian 60&#039;s Beat that will blow the mind of anyone remotely interested in 60&#039;s music, a must!Tracklist: SIDE A: 1- ANGEL AND THE BRAINS: INTROITO (Penso pensieri di pace) 2- I BARRITAS: GLORIA (Gloria al Signore) 3- ANGEL AND THE BRAINS: GRADUALE (Con voci di gioia) 4- THE BUMPERS: CREDO (Io credo) SIDE B: 5- ANGEL AND THE BRAINS: OFFERTORIO (A te offro mio Dio) 6- THE BUMPERS: SANCTUS (Santo) 7- THE BUMPERS: PATER NOSTER (Tu che sei nei cieli) 8- I BARRITAS: AGNUS DEI (Agnello di Dio) 9- THE BUMPERS: COMMUNIO (Rendete grazie a Dio)\" \/>\n<meta name=\"robots\" content=\"index, follow, max-snippet:-1, max-image-preview:large, max-video-preview:-1\" \/>\n<link rel=\"canonical\" href=\"https:\/\/wpguerssen-test.odoo.rgbconsulting.com\/es\/producto\/holy-beat\/\" \/>\n<meta property=\"og:locale\" content=\"es_ES\" \/>\n<meta property=\"og:type\" content=\"article\" \/>\n<meta property=\"og:title\" content=\"VARIOUS ARTISTS - Holy Beat! -  (LP) | Guerssen\" \/>\n<meta property=\"og:description\" content=\"Originally released as La Messa dei Giovanni in 1966 and recorded live the same year, this record has been the stuff of legend for deep cut Pop connoisseurs and 60&#039;s Beat archeologists, a beautiful and mesmerizing gem that goes way beyond the Christian novelty. Presenting 3 amazing Italian bands (Angel and the Brains, I Barritas and The Bumpers) this is not just a Chrisitian pop record, this is a collection of beautifully crafted Italian 60&#039;s Beat that will blow the mind of anyone remotely interested in 60&#039;s music, a must!Tracklist: SIDE A: 1- ANGEL AND THE BRAINS: INTROITO (Penso pensieri di pace) 2- I BARRITAS: GLORIA (Gloria al Signore) 3- ANGEL AND THE BRAINS: GRADUALE (Con voci di gioia) 4- THE BUMPERS: CREDO (Io credo) SIDE B: 5- ANGEL AND THE BRAINS: OFFERTORIO (A te offro mio Dio) 6- THE BUMPERS: SANCTUS (Santo) 7- THE BUMPERS: PATER NOSTER (Tu che sei nei cieli) 8- I BARRITAS: AGNUS DEI (Agnello di Dio) 9- THE BUMPERS: COMMUNIO (Rendete grazie a Dio)\" \/>\n<meta property=\"og:url\" content=\"https:\/\/wpguerssen-test.odoo.rgbconsulting.com\/es\/producto\/holy-beat\/\" \/>\n<meta property=\"og:site_name\" content=\"Guerssen records\" \/>\n<meta property=\"article:modified_time\" content=\"2025-03-26T15:58:35+00:00\" \/>\n<meta property=\"og:image\" content=\"https:\/\/wpguerssen-test.odoo.rgbconsulting.com\/wp-content\/uploads\/2024\/08\/48303.jpg\" \/>\n\t<meta property=\"og:image:width\" content=\"243\" \/>\n\t<meta property=\"og:image:height\" content=\"243\" \/>\n\t<meta property=\"og:image:type\" content=\"image\/jpeg\" \/>\n<meta name=\"twitter:card\" content=\"summary_large_image\" \/>\n<meta name=\"twitter:title\" content=\"VARIOUS ARTISTS - Holy Beat! -  (LP) | Guerssen\" \/>\n<meta name=\"twitter:label1\" content=\"Tiempo de lectura\" \/>\n\t<meta name=\"twitter:data1\" content=\"1 minuto\" \/>\n<script type=\"application\/ld+json\" class=\"yoast-schema-graph\">{\"@context\":\"https:\/\/schema.org\",\"@graph\":[{\"@type\":\"WebPage\",\"@id\":\"https:\/\/wpguerssen-test.odoo.rgbconsulting.com\/es\/producto\/holy-beat\/\",\"url\":\"https:\/\/wpguerssen-test.odoo.rgbconsulting.com\/es\/producto\/holy-beat\/\",\"name\":\"VARIOUS ARTISTS - Holy Beat! - (LP) | Guerssen\",\"isPartOf\":{\"@id\":\"https:\/\/wpguerssen-test.odoo.rgbconsulting.com\/es\/#website\"},\"primaryImageOfPage\":{\"@id\":\"https:\/\/wpguerssen-test.odoo.rgbconsulting.com\/es\/producto\/holy-beat\/#primaryimage\"},\"image\":{\"@id\":\"https:\/\/wpguerssen-test.odoo.rgbconsulting.com\/es\/producto\/holy-beat\/#primaryimage\"},\"thumbnailUrl\":\"https:\/\/wpguerssen-test.odoo.rgbconsulting.com\/wp-content\/uploads\/2024\/08\/48303.jpg\",\"datePublished\":\"2024-09-30T22:00:00+00:00\",\"dateModified\":\"2025-03-26T15:58:35+00:00\",\"description\":\"Originally released as La Messa dei Giovanni in 1966 and recorded live the same year, this record has been the stuff of legend for deep cut Pop connoisseurs and 60's Beat archeologists, a beautiful and mesmerizing gem that goes way beyond the Christian novelty. Presenting 3 amazing Italian bands (Angel and the Brains, I Barritas and The Bumpers) this is not just a Chrisitian pop record, this is a collection of beautifully crafted Italian 60's Beat that will blow the mind of anyone remotely interested in 60's music, a must!Tracklist: SIDE A: 1- ANGEL AND THE BRAINS: INTROITO (Penso pensieri di pace) 2- I BARRITAS: GLORIA (Gloria al Signore) 3- ANGEL AND THE BRAINS: GRADUALE (Con voci di gioia) 4- THE BUMPERS: CREDO (Io credo) SIDE B: 5- ANGEL AND THE BRAINS: OFFERTORIO (A te offro mio Dio) 6- THE BUMPERS: SANCTUS (Santo) 7- THE BUMPERS: PATER NOSTER (Tu che sei nei cieli) 8- I BARRITAS: AGNUS DEI (Agnello di Dio) 9- THE BUMPERS: COMMUNIO (Rendete grazie a Dio)\",\"breadcrumb\":{\"@id\":\"https:\/\/wpguerssen-test.odoo.rgbconsulting.com\/es\/producto\/holy-beat\/#breadcrumb\"},\"inLanguage\":\"es\",\"potentialAction\":[{\"@type\":\"ReadAction\",\"target\":[\"https:\/\/wpguerssen-test.odoo.rgbconsulting.com\/es\/producto\/holy-beat\/\"]}]},{\"@type\":\"ImageObject\",\"inLanguage\":\"es\",\"@id\":\"https:\/\/wpguerssen-test.odoo.rgbconsulting.com\/es\/producto\/holy-beat\/#primaryimage\",\"url\":\"https:\/\/wpguerssen-test.odoo.rgbconsulting.com\/wp-content\/uploads\/2024\/08\/48303.jpg\",\"contentUrl\":\"https:\/\/wpguerssen-test.odoo.rgbconsulting.com\/wp-content\/uploads\/2024\/08\/48303.jpg\",\"width\":243,\"height\":243},{\"@type\":\"BreadcrumbList\",\"@id\":\"https:\/\/wpguerssen-test.odoo.rgbconsulting.com\/es\/producto\/holy-beat\/#breadcrumb\",\"itemListElement\":[{\"@type\":\"ListItem\",\"position\":1,\"name\":\"Inicio\",\"item\":\"https:\/\/wpguerssen-test.odoo.rgbconsulting.com\/es\/\"},{\"@type\":\"ListItem\",\"position\":2,\"name\":\"Shop\",\"item\":\"https:\/\/wpguerssen-test.odoo.rgbconsulting.com\/shop\/\"},{\"@type\":\"ListItem\",\"position\":3,\"name\":\"Holy Beat!\"}]},{\"@type\":\"WebSite\",\"@id\":\"https:\/\/wpguerssen-test.odoo.rgbconsulting.com\/es\/#website\",\"url\":\"https:\/\/wpguerssen-test.odoo.rgbconsulting.com\/es\/\",\"name\":\"Guerssen records\",\"description\":\"psychedelia - progressive - folk - garage \",\"publisher\":{\"@id\":\"https:\/\/wpguerssen-test.odoo.rgbconsulting.com\/es\/#organization\"},\"potentialAction\":[{\"@type\":\"SearchAction\",\"target\":{\"@type\":\"EntryPoint\",\"urlTemplate\":\"https:\/\/wpguerssen-test.odoo.rgbconsulting.com\/es\/?s={search_term_string}\"},\"query-input\":{\"@type\":\"PropertyValueSpecification\",\"valueRequired\":true,\"valueName\":\"search_term_string\"}}],\"inLanguage\":\"es\"},{\"@type\":\"Organization\",\"@id\":\"https:\/\/wpguerssen-test.odoo.rgbconsulting.com\/es\/#organization\",\"name\":\"Guerssen records\",\"url\":\"https:\/\/wpguerssen-test.odoo.rgbconsulting.com\/es\/\",\"logo\":{\"@type\":\"ImageObject\",\"inLanguage\":\"es\",\"@id\":\"https:\/\/wpguerssen-test.odoo.rgbconsulting.com\/es\/#\/schema\/logo\/image\/\",\"url\":\"https:\/\/wpguerssen-test.odoo.rgbconsulting.com\/wp-content\/uploads\/2022\/04\/Logo_Guerssen_trans_100.png\",\"contentUrl\":\"https:\/\/wpguerssen-test.odoo.rgbconsulting.com\/wp-content\/uploads\/2022\/04\/Logo_Guerssen_trans_100.png\",\"width\":122,\"height\":100,\"caption\":\"Guerssen records\"},\"image\":{\"@id\":\"https:\/\/wpguerssen-test.odoo.rgbconsulting.com\/es\/#\/schema\/logo\/image\/\"}}]}<\/script>\n<!-- \/ Yoast SEO plugin. -->","yoast_head_json":{"title":"VARIOUS ARTISTS - Holy Beat! -  (LP) | Guerssen","description":"Originally released as La Messa dei Giovanni in 1966 and recorded live the same year, this record has been the stuff of legend for deep cut Pop connoisseurs and 60's Beat archeologists, a beautiful and mesmerizing gem that goes way beyond the Christian novelty. Presenting 3 amazing Italian bands (Angel and the Brains, I Barritas and The Bumpers) this is not just a Chrisitian pop record, this is a collection of beautifully crafted Italian 60's Beat that will blow the mind of anyone remotely interested in 60's music, a must!Tracklist: SIDE A: 1- ANGEL AND THE BRAINS: INTROITO (Penso pensieri di pace) 2- I BARRITAS: GLORIA (Gloria al Signore) 3- ANGEL AND THE BRAINS: GRADUALE (Con voci di gioia) 4- THE BUMPERS: CREDO (Io credo) SIDE B: 5- ANGEL AND THE BRAINS: OFFERTORIO (A te offro mio Dio) 6- THE BUMPERS: SANCTUS (Santo) 7- THE BUMPERS: PATER NOSTER (Tu che sei nei cieli) 8- I BARRITAS: AGNUS DEI (Agnello di Dio) 9- THE BUMPERS: COMMUNIO (Rendete grazie a Dio)","robots":{"index":"index","follow":"follow","max-snippet":"max-snippet:-1","max-image-preview":"max-image-preview:large","max-video-preview":"max-video-preview:-1"},"canonical":"https:\/\/wpguerssen-test.odoo.rgbconsulting.com\/es\/producto\/holy-beat\/","og_locale":"es_ES","og_type":"article","og_title":"VARIOUS ARTISTS - Holy Beat! -  (LP) | Guerssen","og_description":"Originally released as La Messa dei Giovanni in 1966 and recorded live the same year, this record has been the stuff of legend for deep cut Pop connoisseurs and 60's Beat archeologists, a beautiful and mesmerizing gem that goes way beyond the Christian novelty. Presenting 3 amazing Italian bands (Angel and the Brains, I Barritas and The Bumpers) this is not just a Chrisitian pop record, this is a collection of beautifully crafted Italian 60's Beat that will blow the mind of anyone remotely interested in 60's music, a must!Tracklist: SIDE A: 1- ANGEL AND THE BRAINS: INTROITO (Penso pensieri di pace) 2- I BARRITAS: GLORIA (Gloria al Signore) 3- ANGEL AND THE BRAINS: GRADUALE (Con voci di gioia) 4- THE BUMPERS: CREDO (Io credo) SIDE B: 5- ANGEL AND THE BRAINS: OFFERTORIO (A te offro mio Dio) 6- THE BUMPERS: SANCTUS (Santo) 7- THE BUMPERS: PATER NOSTER (Tu che sei nei cieli) 8- I BARRITAS: AGNUS DEI (Agnello di Dio) 9- THE BUMPERS: COMMUNIO (Rendete grazie a Dio)","og_url":"https:\/\/wpguerssen-test.odoo.rgbconsulting.com\/es\/producto\/holy-beat\/","og_site_name":"Guerssen records","article_modified_time":"2025-03-26T15:58:35+00:00","og_image":[{"width":243,"height":243,"url":"https:\/\/wpguerssen-test.odoo.rgbconsulting.com\/wp-content\/uploads\/2024\/08\/48303.jpg","type":"image\/jpeg"}],"twitter_card":"summary_large_image","twitter_title":"VARIOUS ARTISTS - Holy Beat! -  (LP) | Guerssen","twitter_misc":{"Tiempo de lectura":"1 minuto"},"schema":{"@context":"https:\/\/schema.org","@graph":[{"@type":"WebPage","@id":"https:\/\/wpguerssen-test.odoo.rgbconsulting.com\/es\/producto\/holy-beat\/","url":"https:\/\/wpguerssen-test.odoo.rgbconsulting.com\/es\/producto\/holy-beat\/","name":"VARIOUS ARTISTS - Holy Beat! - (LP) | Guerssen","isPartOf":{"@id":"https:\/\/wpguerssen-test.odoo.rgbconsulting.com\/es\/#website"},"primaryImageOfPage":{"@id":"https:\/\/wpguerssen-test.odoo.rgbconsulting.com\/es\/producto\/holy-beat\/#primaryimage"},"image":{"@id":"https:\/\/wpguerssen-test.odoo.rgbconsulting.com\/es\/producto\/holy-beat\/#primaryimage"},"thumbnailUrl":"https:\/\/wpguerssen-test.odoo.rgbconsulting.com\/wp-content\/uploads\/2024\/08\/48303.jpg","datePublished":"2024-09-30T22:00:00+00:00","dateModified":"2025-03-26T15:58:35+00:00","description":"Originally released as La Messa dei Giovanni in 1966 and recorded live the same year, this record has been the stuff of legend for deep cut Pop connoisseurs and 60's Beat archeologists, a beautiful and mesmerizing gem that goes way beyond the Christian novelty. Presenting 3 amazing Italian bands (Angel and the Brains, I Barritas and The Bumpers) this is not just a Chrisitian pop record, this is a collection of beautifully crafted Italian 60's Beat that will blow the mind of anyone remotely interested in 60's music, a must!Tracklist: SIDE A: 1- ANGEL AND THE BRAINS: INTROITO (Penso pensieri di pace) 2- I BARRITAS: GLORIA (Gloria al Signore) 3- ANGEL AND THE BRAINS: GRADUALE (Con voci di gioia) 4- THE BUMPERS: CREDO (Io credo) SIDE B: 5- ANGEL AND THE BRAINS: OFFERTORIO (A te offro mio Dio) 6- THE BUMPERS: SANCTUS (Santo) 7- THE BUMPERS: PATER NOSTER (Tu che sei nei cieli) 8- I BARRITAS: AGNUS DEI (Agnello di Dio) 9- THE BUMPERS: COMMUNIO (Rendete grazie a Dio)","breadcrumb":{"@id":"https:\/\/wpguerssen-test.odoo.rgbconsulting.com\/es\/producto\/holy-beat\/#breadcrumb"},"inLanguage":"es","potentialAction":[{"@type":"ReadAction","target":["https:\/\/wpguerssen-test.odoo.rgbconsulting.com\/es\/producto\/holy-beat\/"]}]},{"@type":"ImageObject","inLanguage":"es","@id":"https:\/\/wpguerssen-test.odoo.rgbconsulting.com\/es\/producto\/holy-beat\/#primaryimage","url":"https:\/\/wpguerssen-test.odoo.rgbconsulting.com\/wp-content\/uploads\/2024\/08\/48303.jpg","contentUrl":"https:\/\/wpguerssen-test.odoo.rgbconsulting.com\/wp-content\/uploads\/2024\/08\/48303.jpg","width":243,"height":243},{"@type":"BreadcrumbList","@id":"https:\/\/wpguerssen-test.odoo.rgbconsulting.com\/es\/producto\/holy-beat\/#breadcrumb","itemListElement":[{"@type":"ListItem","position":1,"name":"Inicio","item":"https:\/\/wpguerssen-test.odoo.rgbconsulting.com\/es\/"},{"@type":"ListItem","position":2,"name":"Shop","item":"https:\/\/wpguerssen-test.odoo.rgbconsulting.com\/shop\/"},{"@type":"ListItem","position":3,"name":"Holy Beat!"}]},{"@type":"WebSite","@id":"https:\/\/wpguerssen-test.odoo.rgbconsulting.com\/es\/#website","url":"https:\/\/wpguerssen-test.odoo.rgbconsulting.com\/es\/","name":"Guerssen records","description":"psychedelia - progressive - folk - garage ","publisher":{"@id":"https:\/\/wpguerssen-test.odoo.rgbconsulting.com\/es\/#organization"},"potentialAction":[{"@type":"SearchAction","target":{"@type":"EntryPoint","urlTemplate":"https:\/\/wpguerssen-test.odoo.rgbconsulting.com\/es\/?s={search_term_string}"},"query-input":{"@type":"PropertyValueSpecification","valueRequired":true,"valueName":"search_term_string"}}],"inLanguage":"es"},{"@type":"Organization","@id":"https:\/\/wpguerssen-test.odoo.rgbconsulting.com\/es\/#organization","name":"Guerssen records","url":"https:\/\/wpguerssen-test.odoo.rgbconsulting.com\/es\/","logo":{"@type":"ImageObject","inLanguage":"es","@id":"https:\/\/wpguerssen-test.odoo.rgbconsulting.com\/es\/#\/schema\/logo\/image\/","url":"https:\/\/wpguerssen-test.odoo.rgbconsulting.com\/wp-content\/uploads\/2022\/04\/Logo_Guerssen_trans_100.png","contentUrl":"https:\/\/wpguerssen-test.odoo.rgbconsulting.com\/wp-content\/uploads\/2022\/04\/Logo_Guerssen_trans_100.png","width":122,"height":100,"caption":"Guerssen records"},"image":{"@id":"https:\/\/wpguerssen-test.odoo.rgbconsulting.com\/es\/#\/schema\/logo\/image\/"}}]}},"_links":{"self":[{"href":"https:\/\/wpguerssen-test.odoo.rgbconsulting.com\/es\/wp-json\/wp\/v2\/product\/272029","targetHints":{"allow":["GET"]}}],"collection":[{"href":"https:\/\/wpguerssen-test.odoo.rgbconsulting.com\/es\/wp-json\/wp\/v2\/product"}],"about":[{"href":"https:\/\/wpguerssen-test.odoo.rgbconsulting.com\/es\/wp-json\/wp\/v2\/types\/product"}],"wp:featuredmedia":[{"embeddable":true,"href":"https:\/\/wpguerssen-test.odoo.rgbconsulting.com\/es\/wp-json\/wp\/v2\/media\/273630"}],"wp:attachment":[{"href":"https:\/\/wpguerssen-test.odoo.rgbconsulting.com\/es\/wp-json\/wp\/v2\/media?parent=272029"}],"wp:term":[{"taxonomy":"product_brand","embeddable":true,"href":"https:\/\/wpguerssen-test.odoo.rgbconsulting.com\/es\/wp-json\/wp\/v2\/product_brand?post=272029"},{"taxonomy":"product_cat","embeddable":true,"href":"https:\/\/wpguerssen-test.odoo.rgbconsulting.com\/es\/wp-json\/wp\/v2\/product_cat?post=272029"},{"taxonomy":"product_tag","embeddable":true,"href":"https:\/\/wpguerssen-test.odoo.rgbconsulting.com\/es\/wp-json\/wp\/v2\/product_tag?post=272029"}],"curies":[{"name":"wp","href":"https:\/\/api.w.org\/{rel}","templated":true}]}}