{"id":272607,"date":"2024-07-22T00:00:00","date_gmt":"2024-07-21T22:00:00","guid":{"rendered":"https:\/\/wpguerssen-test.odoo.rgbconsulting.com\/?post_type=product&#038;p=272607"},"modified":"2025-03-04T15:34:15","modified_gmt":"2025-03-04T14:34:15","slug":"idiosyncratics-and-swallows-wings-cd","status":"publish","type":"product","link":"https:\/\/wpguerssen-test.odoo.rgbconsulting.com\/es\/producto\/idiosyncratics-and-swallows-wings-cd\/","title":{"rendered":"Idiosyncratics And Swallows Wings (CD)"},"content":{"rendered":"<p>Ultra raro disco privado brit\u00e1nico de 1969 (solo 99 copias) a cargo del guitarrista Jeremy Harmer, con colaboraci\u00f3n de David Costa (de los legendarios Trees) a la guitarra. <\/p>\n<p> Melanc\u00f3lico e introspectivo sonido folk psicod\u00e9lico con toques barrocos. Guitarras, flauta, viola, bajo, percusi\u00f3n&#8230; <\/p>\n<p> Jeremy Harmer comenz\u00f3 a cantar y tocar durante el instituto y universidad, donde su c\u00edrculo de amigos inclu\u00eda a otros m\u00fasicos folk como Nick Drake o David Costa (antes de formar el grupo folk-psych Trees). Jeremy tiene una larga historia y carrera como cantautor, adem\u00e1s de su importante labor como ling\u00fcista. <\/p>\n<p> \u00abIdiosyncratics and Swallows&#8217; Wings\u00bb se grab\u00f3 en una noche en 1968 en los estudios de Anglia Television, mientras Jeremy estudiaba en la universidad de East Anglia.<br \/>Adem\u00e1s de Jeremy a la voz y guitarra, el disco incluye una mini-orquesta de c\u00e1mara con flauta, viola, bajo y bater\u00eda en algunas canciones, con arreglos orquestales a cargo de John Trevitt. David Costa, buen amigo de Jeremy, colabora a la guitarra y es coautor de una de las canciones, \u00abTuesday P.M.\u00bb <\/p>\n<p> Solo 99 copias del disco fueron prensadas de forma privada, vendidas mayormente a estudiantes de la universidad, por lo que es inencontrable a d\u00eda de hoy. <\/p>\n<p> * Libreto con notas informativas <\/p>\n<p> Recomendado si te gusta: NICK DRAKE, JOHN CALE, BERT JANSCH, INCREDIBLE STRING BAND, WILL MALONE&#8230; <\/p>\n<p> Tracklist:<br \/>1. Pastiche &#8211; 2. Josephine &#8211; 3. A Sad Song &#8211; 4. A Happy Song &#8211; 5. Peaople Smile With Ghosts In The Land of Make Believe &#8211; 6. Tuesday P. M. &#8211; 7. Home of Years &#8211; 8. A Captain&#8217;s Apprentice &#8211; 9. With You Each Day &#8211; 10. Self-contained &#8211; 11. Melanie<\/p>\n","protected":false},"excerpt":{"rendered":"<p>Ultra raro disco privado brit\u00e1nico de 1969 (solo 99 copias) a cargo del guitarrista Jeremy Harmer, con colaboraci\u00f3n de David Costa (de los legendarios Trees) a la<a class=\"read\" href=\"https:\/\/wpguerssen-test.odoo.rgbconsulting.com\/es\/producto\/idiosyncratics-and-swallows-wings-cd\/\"> (...)<\/a>","protected":false},"featured_media":272606,"template":"","meta":{"_acf_changed":false},"product_brand":[],"product_cat":[21639,23274],"product_tag":[29138],"class_list":{"0":"post-272607","1":"product","2":"type-product","3":"status-publish","4":"has-post-thumbnail","6":"product_cat-psychedelic60s-70s-es","7":"product_cat-folk-rock-60s-70s-es","8":"product_tag-cd-es","9":"pa_artist-harmer-jeremy-es","10":"pa_format-cd-2-es","11":"pa_gender-folk-rock-60s-70s-psychedelic60s-70s","12":"pa_label-sommor-es","13":"pa_location-uk-ireland-es","15":"first","16":"instock","17":"taxable","18":"shipping-taxable","19":"purchasable","20":"product-type-simple"},"acf":[],"yoast_head":"<!-- This site is optimized with the Yoast SEO plugin v24.9 - https:\/\/yoast.com\/wordpress\/plugins\/seo\/ -->\n<title>HARMER, Jeremy - Idiosyncratics And Swallows Wings (CD) -  (CD) | Guerssen<\/title>\n<meta name=\"description\" content=\"Mega rare UK private album (99 copies originally pressed in 1969) by singer\/songwriter Jeremy Harmer, featuring David Costa of psych-folk band TREES on guitar. #nl# Melancholic, introspective psych-folk with chamber\/ baroque feel. Guitar, flute, viola, bass, drums... #nl# Jeremy Harmer started singing and playing at school and university, where his circle of friends included aspiring folk musicians like Nick Drake and pre-Trees David Costa.Jeremy has a long history as a singer\/songwriter and performer, along with his work in the field of English language teaching. #nl# &quot;Idiosyncratics and Swallows&#039; Wings&quot; was recorded one night in 1968 at the studios of Anglia Television, Norwich, while Jeremy was at the University of East Anglia.Along with Jeremy singing and playing guitar, the album features a mini-chamber ensemble of flute, viola, bass and drums with orchestral arrangements written by John Trevitt from the School of Fine Arts. Jeremy&#039;s friend David Costa (prior to forming the psych-folk band Trees) played guitar on several tracks and co-wrote &quot;Tuesday P.M.&quot; #nl# Only 99 copies were pressed at the time and all were sold to people at the University, making it impossible to find now. #nl# *Booklet with liner notes and photos #nl# RIYL: NICK DRAKE, JOHN CALE, BERT JANSCH, INCREDIBLE STRING BAND, WILL MALONE... #nl# Tracklist:1. Pastiche - 2. Josephine - 3. A Sad Song - 4. A Happy Song - 5. Peaople Smile With Ghosts In The Land of Make Believe - 6. Tuesday P. M. - 7. Home of Years - 8. A Captain&#039;s Apprentice - 9. With You Each Day - 10. Self-contained - 11. Melanie\" \/>\n<meta name=\"robots\" content=\"index, follow, max-snippet:-1, max-image-preview:large, max-video-preview:-1\" \/>\n<link rel=\"canonical\" href=\"https:\/\/wpguerssen-test.odoo.rgbconsulting.com\/es\/producto\/idiosyncratics-and-swallows-wings-cd\/\" \/>\n<meta property=\"og:locale\" content=\"es_ES\" \/>\n<meta property=\"og:type\" content=\"article\" \/>\n<meta property=\"og:title\" content=\"HARMER, Jeremy - Idiosyncratics And Swallows Wings (CD) -  (CD) | Guerssen\" \/>\n<meta property=\"og:description\" content=\"Mega rare UK private album (99 copies originally pressed in 1969) by singer\/songwriter Jeremy Harmer, featuring David Costa of psych-folk band TREES on guitar. #nl# Melancholic, introspective psych-folk with chamber\/ baroque feel. Guitar, flute, viola, bass, drums... #nl# Jeremy Harmer started singing and playing at school and university, where his circle of friends included aspiring folk musicians like Nick Drake and pre-Trees David Costa.Jeremy has a long history as a singer\/songwriter and performer, along with his work in the field of English language teaching. #nl# &quot;Idiosyncratics and Swallows&#039; Wings&quot; was recorded one night in 1968 at the studios of Anglia Television, Norwich, while Jeremy was at the University of East Anglia.Along with Jeremy singing and playing guitar, the album features a mini-chamber ensemble of flute, viola, bass and drums with orchestral arrangements written by John Trevitt from the School of Fine Arts. Jeremy&#039;s friend David Costa (prior to forming the psych-folk band Trees) played guitar on several tracks and co-wrote &quot;Tuesday P.M.&quot; #nl# Only 99 copies were pressed at the time and all were sold to people at the University, making it impossible to find now. #nl# *Booklet with liner notes and photos #nl# RIYL: NICK DRAKE, JOHN CALE, BERT JANSCH, INCREDIBLE STRING BAND, WILL MALONE... #nl# Tracklist:1. Pastiche - 2. Josephine - 3. A Sad Song - 4. A Happy Song - 5. Peaople Smile With Ghosts In The Land of Make Believe - 6. Tuesday P. M. - 7. Home of Years - 8. A Captain&#039;s Apprentice - 9. With You Each Day - 10. Self-contained - 11. Melanie\" \/>\n<meta property=\"og:url\" content=\"https:\/\/wpguerssen-test.odoo.rgbconsulting.com\/es\/producto\/idiosyncratics-and-swallows-wings-cd\/\" \/>\n<meta property=\"og:site_name\" content=\"Guerssen records\" \/>\n<meta property=\"article:modified_time\" content=\"2025-03-04T14:34:15+00:00\" \/>\n<meta property=\"og:image\" content=\"https:\/\/wpguerssen-test.odoo.rgbconsulting.com\/wp-content\/uploads\/2024\/07\/48200.jpg\" \/>\n\t<meta property=\"og:image:width\" content=\"1400\" \/>\n\t<meta property=\"og:image:height\" content=\"1400\" \/>\n\t<meta property=\"og:image:type\" content=\"image\/jpeg\" \/>\n<meta name=\"twitter:card\" content=\"summary_large_image\" \/>\n<meta name=\"twitter:title\" content=\"HARMER, Jeremy - Idiosyncratics And Swallows Wings (CD) -  (CD) | Guerssen\" \/>\n<meta name=\"twitter:label1\" content=\"Tiempo de lectura\" \/>\n\t<meta name=\"twitter:data1\" content=\"1 minuto\" \/>\n<script type=\"application\/ld+json\" class=\"yoast-schema-graph\">{\"@context\":\"https:\/\/schema.org\",\"@graph\":[{\"@type\":\"WebPage\",\"@id\":\"https:\/\/wpguerssen-test.odoo.rgbconsulting.com\/es\/producto\/idiosyncratics-and-swallows-wings-cd\/\",\"url\":\"https:\/\/wpguerssen-test.odoo.rgbconsulting.com\/es\/producto\/idiosyncratics-and-swallows-wings-cd\/\",\"name\":\"HARMER, Jeremy - Idiosyncratics And Swallows Wings (CD) - (CD) | Guerssen\",\"isPartOf\":{\"@id\":\"https:\/\/wpguerssen-test.odoo.rgbconsulting.com\/es\/#website\"},\"primaryImageOfPage\":{\"@id\":\"https:\/\/wpguerssen-test.odoo.rgbconsulting.com\/es\/producto\/idiosyncratics-and-swallows-wings-cd\/#primaryimage\"},\"image\":{\"@id\":\"https:\/\/wpguerssen-test.odoo.rgbconsulting.com\/es\/producto\/idiosyncratics-and-swallows-wings-cd\/#primaryimage\"},\"thumbnailUrl\":\"https:\/\/wpguerssen-test.odoo.rgbconsulting.com\/wp-content\/uploads\/2024\/07\/48200.jpg\",\"datePublished\":\"2024-07-21T22:00:00+00:00\",\"dateModified\":\"2025-03-04T14:34:15+00:00\",\"description\":\"Mega rare UK private album (99 copies originally pressed in 1969) by singer\/songwriter Jeremy Harmer, featuring David Costa of psych-folk band TREES on guitar. #nl# Melancholic, introspective psych-folk with chamber\/ baroque feel. Guitar, flute, viola, bass, drums... #nl# Jeremy Harmer started singing and playing at school and university, where his circle of friends included aspiring folk musicians like Nick Drake and pre-Trees David Costa.Jeremy has a long history as a singer\/songwriter and performer, along with his work in the field of English language teaching. #nl# \\\"Idiosyncratics and Swallows' Wings\\\" was recorded one night in 1968 at the studios of Anglia Television, Norwich, while Jeremy was at the University of East Anglia.Along with Jeremy singing and playing guitar, the album features a mini-chamber ensemble of flute, viola, bass and drums with orchestral arrangements written by John Trevitt from the School of Fine Arts. Jeremy's friend David Costa (prior to forming the psych-folk band Trees) played guitar on several tracks and co-wrote \\\"Tuesday P.M.\\\" #nl# Only 99 copies were pressed at the time and all were sold to people at the University, making it impossible to find now. #nl# *Booklet with liner notes and photos #nl# RIYL: NICK DRAKE, JOHN CALE, BERT JANSCH, INCREDIBLE STRING BAND, WILL MALONE... #nl# Tracklist:1. Pastiche - 2. Josephine - 3. A Sad Song - 4. A Happy Song - 5. Peaople Smile With Ghosts In The Land of Make Believe - 6. Tuesday P. M. - 7. Home of Years - 8. A Captain's Apprentice - 9. With You Each Day - 10. Self-contained - 11. Melanie\",\"breadcrumb\":{\"@id\":\"https:\/\/wpguerssen-test.odoo.rgbconsulting.com\/es\/producto\/idiosyncratics-and-swallows-wings-cd\/#breadcrumb\"},\"inLanguage\":\"es\",\"potentialAction\":[{\"@type\":\"ReadAction\",\"target\":[\"https:\/\/wpguerssen-test.odoo.rgbconsulting.com\/es\/producto\/idiosyncratics-and-swallows-wings-cd\/\"]}]},{\"@type\":\"ImageObject\",\"inLanguage\":\"es\",\"@id\":\"https:\/\/wpguerssen-test.odoo.rgbconsulting.com\/es\/producto\/idiosyncratics-and-swallows-wings-cd\/#primaryimage\",\"url\":\"https:\/\/wpguerssen-test.odoo.rgbconsulting.com\/wp-content\/uploads\/2024\/07\/48200.jpg\",\"contentUrl\":\"https:\/\/wpguerssen-test.odoo.rgbconsulting.com\/wp-content\/uploads\/2024\/07\/48200.jpg\",\"width\":1400,\"height\":1400,\"caption\":\"Jeremy - Idiosyncratics And Swallows Wings (CD) - SOMMOR (CD) | Guerssen\"},{\"@type\":\"BreadcrumbList\",\"@id\":\"https:\/\/wpguerssen-test.odoo.rgbconsulting.com\/es\/producto\/idiosyncratics-and-swallows-wings-cd\/#breadcrumb\",\"itemListElement\":[{\"@type\":\"ListItem\",\"position\":1,\"name\":\"Inicio\",\"item\":\"https:\/\/wpguerssen-test.odoo.rgbconsulting.com\/es\/\"},{\"@type\":\"ListItem\",\"position\":2,\"name\":\"Shop\",\"item\":\"https:\/\/wpguerssen-test.odoo.rgbconsulting.com\/shop\/\"},{\"@type\":\"ListItem\",\"position\":3,\"name\":\"Idiosyncratics And Swallows Wings (CD)\"}]},{\"@type\":\"WebSite\",\"@id\":\"https:\/\/wpguerssen-test.odoo.rgbconsulting.com\/es\/#website\",\"url\":\"https:\/\/wpguerssen-test.odoo.rgbconsulting.com\/es\/\",\"name\":\"Guerssen records\",\"description\":\"psychedelia - progressive - folk - garage \",\"publisher\":{\"@id\":\"https:\/\/wpguerssen-test.odoo.rgbconsulting.com\/es\/#organization\"},\"potentialAction\":[{\"@type\":\"SearchAction\",\"target\":{\"@type\":\"EntryPoint\",\"urlTemplate\":\"https:\/\/wpguerssen-test.odoo.rgbconsulting.com\/es\/?s={search_term_string}\"},\"query-input\":{\"@type\":\"PropertyValueSpecification\",\"valueRequired\":true,\"valueName\":\"search_term_string\"}}],\"inLanguage\":\"es\"},{\"@type\":\"Organization\",\"@id\":\"https:\/\/wpguerssen-test.odoo.rgbconsulting.com\/es\/#organization\",\"name\":\"Guerssen records\",\"url\":\"https:\/\/wpguerssen-test.odoo.rgbconsulting.com\/es\/\",\"logo\":{\"@type\":\"ImageObject\",\"inLanguage\":\"es\",\"@id\":\"https:\/\/wpguerssen-test.odoo.rgbconsulting.com\/es\/#\/schema\/logo\/image\/\",\"url\":\"https:\/\/wpguerssen-test.odoo.rgbconsulting.com\/wp-content\/uploads\/2022\/04\/Logo_Guerssen_trans_100.png\",\"contentUrl\":\"https:\/\/wpguerssen-test.odoo.rgbconsulting.com\/wp-content\/uploads\/2022\/04\/Logo_Guerssen_trans_100.png\",\"width\":122,\"height\":100,\"caption\":\"Guerssen records\"},\"image\":{\"@id\":\"https:\/\/wpguerssen-test.odoo.rgbconsulting.com\/es\/#\/schema\/logo\/image\/\"}}]}<\/script>\n<!-- \/ Yoast SEO plugin. -->","yoast_head_json":{"title":"HARMER, Jeremy - Idiosyncratics And Swallows Wings (CD) -  (CD) | Guerssen","description":"Mega rare UK private album (99 copies originally pressed in 1969) by singer\/songwriter Jeremy Harmer, featuring David Costa of psych-folk band TREES on guitar. #nl# Melancholic, introspective psych-folk with chamber\/ baroque feel. Guitar, flute, viola, bass, drums... #nl# Jeremy Harmer started singing and playing at school and university, where his circle of friends included aspiring folk musicians like Nick Drake and pre-Trees David Costa.Jeremy has a long history as a singer\/songwriter and performer, along with his work in the field of English language teaching. #nl# \"Idiosyncratics and Swallows' Wings\" was recorded one night in 1968 at the studios of Anglia Television, Norwich, while Jeremy was at the University of East Anglia.Along with Jeremy singing and playing guitar, the album features a mini-chamber ensemble of flute, viola, bass and drums with orchestral arrangements written by John Trevitt from the School of Fine Arts. Jeremy's friend David Costa (prior to forming the psych-folk band Trees) played guitar on several tracks and co-wrote \"Tuesday P.M.\" #nl# Only 99 copies were pressed at the time and all were sold to people at the University, making it impossible to find now. #nl# *Booklet with liner notes and photos #nl# RIYL: NICK DRAKE, JOHN CALE, BERT JANSCH, INCREDIBLE STRING BAND, WILL MALONE... #nl# Tracklist:1. Pastiche - 2. Josephine - 3. A Sad Song - 4. A Happy Song - 5. Peaople Smile With Ghosts In The Land of Make Believe - 6. Tuesday P. M. - 7. Home of Years - 8. A Captain's Apprentice - 9. With You Each Day - 10. Self-contained - 11. Melanie","robots":{"index":"index","follow":"follow","max-snippet":"max-snippet:-1","max-image-preview":"max-image-preview:large","max-video-preview":"max-video-preview:-1"},"canonical":"https:\/\/wpguerssen-test.odoo.rgbconsulting.com\/es\/producto\/idiosyncratics-and-swallows-wings-cd\/","og_locale":"es_ES","og_type":"article","og_title":"HARMER, Jeremy - Idiosyncratics And Swallows Wings (CD) -  (CD) | Guerssen","og_description":"Mega rare UK private album (99 copies originally pressed in 1969) by singer\/songwriter Jeremy Harmer, featuring David Costa of psych-folk band TREES on guitar. #nl# Melancholic, introspective psych-folk with chamber\/ baroque feel. Guitar, flute, viola, bass, drums... #nl# Jeremy Harmer started singing and playing at school and university, where his circle of friends included aspiring folk musicians like Nick Drake and pre-Trees David Costa.Jeremy has a long history as a singer\/songwriter and performer, along with his work in the field of English language teaching. #nl# \"Idiosyncratics and Swallows' Wings\" was recorded one night in 1968 at the studios of Anglia Television, Norwich, while Jeremy was at the University of East Anglia.Along with Jeremy singing and playing guitar, the album features a mini-chamber ensemble of flute, viola, bass and drums with orchestral arrangements written by John Trevitt from the School of Fine Arts. Jeremy's friend David Costa (prior to forming the psych-folk band Trees) played guitar on several tracks and co-wrote \"Tuesday P.M.\" #nl# Only 99 copies were pressed at the time and all were sold to people at the University, making it impossible to find now. #nl# *Booklet with liner notes and photos #nl# RIYL: NICK DRAKE, JOHN CALE, BERT JANSCH, INCREDIBLE STRING BAND, WILL MALONE... #nl# Tracklist:1. Pastiche - 2. Josephine - 3. A Sad Song - 4. A Happy Song - 5. Peaople Smile With Ghosts In The Land of Make Believe - 6. Tuesday P. M. - 7. Home of Years - 8. A Captain's Apprentice - 9. With You Each Day - 10. Self-contained - 11. Melanie","og_url":"https:\/\/wpguerssen-test.odoo.rgbconsulting.com\/es\/producto\/idiosyncratics-and-swallows-wings-cd\/","og_site_name":"Guerssen records","article_modified_time":"2025-03-04T14:34:15+00:00","og_image":[{"width":1400,"height":1400,"url":"https:\/\/wpguerssen-test.odoo.rgbconsulting.com\/wp-content\/uploads\/2024\/07\/48200.jpg","type":"image\/jpeg"}],"twitter_card":"summary_large_image","twitter_title":"HARMER, Jeremy - Idiosyncratics And Swallows Wings (CD) -  (CD) | Guerssen","twitter_misc":{"Tiempo de lectura":"1 minuto"},"schema":{"@context":"https:\/\/schema.org","@graph":[{"@type":"WebPage","@id":"https:\/\/wpguerssen-test.odoo.rgbconsulting.com\/es\/producto\/idiosyncratics-and-swallows-wings-cd\/","url":"https:\/\/wpguerssen-test.odoo.rgbconsulting.com\/es\/producto\/idiosyncratics-and-swallows-wings-cd\/","name":"HARMER, Jeremy - Idiosyncratics And Swallows Wings (CD) - (CD) | Guerssen","isPartOf":{"@id":"https:\/\/wpguerssen-test.odoo.rgbconsulting.com\/es\/#website"},"primaryImageOfPage":{"@id":"https:\/\/wpguerssen-test.odoo.rgbconsulting.com\/es\/producto\/idiosyncratics-and-swallows-wings-cd\/#primaryimage"},"image":{"@id":"https:\/\/wpguerssen-test.odoo.rgbconsulting.com\/es\/producto\/idiosyncratics-and-swallows-wings-cd\/#primaryimage"},"thumbnailUrl":"https:\/\/wpguerssen-test.odoo.rgbconsulting.com\/wp-content\/uploads\/2024\/07\/48200.jpg","datePublished":"2024-07-21T22:00:00+00:00","dateModified":"2025-03-04T14:34:15+00:00","description":"Mega rare UK private album (99 copies originally pressed in 1969) by singer\/songwriter Jeremy Harmer, featuring David Costa of psych-folk band TREES on guitar. #nl# Melancholic, introspective psych-folk with chamber\/ baroque feel. Guitar, flute, viola, bass, drums... #nl# Jeremy Harmer started singing and playing at school and university, where his circle of friends included aspiring folk musicians like Nick Drake and pre-Trees David Costa.Jeremy has a long history as a singer\/songwriter and performer, along with his work in the field of English language teaching. #nl# \"Idiosyncratics and Swallows' Wings\" was recorded one night in 1968 at the studios of Anglia Television, Norwich, while Jeremy was at the University of East Anglia.Along with Jeremy singing and playing guitar, the album features a mini-chamber ensemble of flute, viola, bass and drums with orchestral arrangements written by John Trevitt from the School of Fine Arts. Jeremy's friend David Costa (prior to forming the psych-folk band Trees) played guitar on several tracks and co-wrote \"Tuesday P.M.\" #nl# Only 99 copies were pressed at the time and all were sold to people at the University, making it impossible to find now. #nl# *Booklet with liner notes and photos #nl# RIYL: NICK DRAKE, JOHN CALE, BERT JANSCH, INCREDIBLE STRING BAND, WILL MALONE... #nl# Tracklist:1. Pastiche - 2. Josephine - 3. A Sad Song - 4. A Happy Song - 5. Peaople Smile With Ghosts In The Land of Make Believe - 6. Tuesday P. M. - 7. Home of Years - 8. A Captain's Apprentice - 9. With You Each Day - 10. Self-contained - 11. Melanie","breadcrumb":{"@id":"https:\/\/wpguerssen-test.odoo.rgbconsulting.com\/es\/producto\/idiosyncratics-and-swallows-wings-cd\/#breadcrumb"},"inLanguage":"es","potentialAction":[{"@type":"ReadAction","target":["https:\/\/wpguerssen-test.odoo.rgbconsulting.com\/es\/producto\/idiosyncratics-and-swallows-wings-cd\/"]}]},{"@type":"ImageObject","inLanguage":"es","@id":"https:\/\/wpguerssen-test.odoo.rgbconsulting.com\/es\/producto\/idiosyncratics-and-swallows-wings-cd\/#primaryimage","url":"https:\/\/wpguerssen-test.odoo.rgbconsulting.com\/wp-content\/uploads\/2024\/07\/48200.jpg","contentUrl":"https:\/\/wpguerssen-test.odoo.rgbconsulting.com\/wp-content\/uploads\/2024\/07\/48200.jpg","width":1400,"height":1400,"caption":"Jeremy - Idiosyncratics And Swallows Wings (CD) - SOMMOR (CD) | Guerssen"},{"@type":"BreadcrumbList","@id":"https:\/\/wpguerssen-test.odoo.rgbconsulting.com\/es\/producto\/idiosyncratics-and-swallows-wings-cd\/#breadcrumb","itemListElement":[{"@type":"ListItem","position":1,"name":"Inicio","item":"https:\/\/wpguerssen-test.odoo.rgbconsulting.com\/es\/"},{"@type":"ListItem","position":2,"name":"Shop","item":"https:\/\/wpguerssen-test.odoo.rgbconsulting.com\/shop\/"},{"@type":"ListItem","position":3,"name":"Idiosyncratics And Swallows Wings (CD)"}]},{"@type":"WebSite","@id":"https:\/\/wpguerssen-test.odoo.rgbconsulting.com\/es\/#website","url":"https:\/\/wpguerssen-test.odoo.rgbconsulting.com\/es\/","name":"Guerssen records","description":"psychedelia - progressive - folk - garage ","publisher":{"@id":"https:\/\/wpguerssen-test.odoo.rgbconsulting.com\/es\/#organization"},"potentialAction":[{"@type":"SearchAction","target":{"@type":"EntryPoint","urlTemplate":"https:\/\/wpguerssen-test.odoo.rgbconsulting.com\/es\/?s={search_term_string}"},"query-input":{"@type":"PropertyValueSpecification","valueRequired":true,"valueName":"search_term_string"}}],"inLanguage":"es"},{"@type":"Organization","@id":"https:\/\/wpguerssen-test.odoo.rgbconsulting.com\/es\/#organization","name":"Guerssen records","url":"https:\/\/wpguerssen-test.odoo.rgbconsulting.com\/es\/","logo":{"@type":"ImageObject","inLanguage":"es","@id":"https:\/\/wpguerssen-test.odoo.rgbconsulting.com\/es\/#\/schema\/logo\/image\/","url":"https:\/\/wpguerssen-test.odoo.rgbconsulting.com\/wp-content\/uploads\/2022\/04\/Logo_Guerssen_trans_100.png","contentUrl":"https:\/\/wpguerssen-test.odoo.rgbconsulting.com\/wp-content\/uploads\/2022\/04\/Logo_Guerssen_trans_100.png","width":122,"height":100,"caption":"Guerssen records"},"image":{"@id":"https:\/\/wpguerssen-test.odoo.rgbconsulting.com\/es\/#\/schema\/logo\/image\/"}}]}},"_links":{"self":[{"href":"https:\/\/wpguerssen-test.odoo.rgbconsulting.com\/es\/wp-json\/wp\/v2\/product\/272607","targetHints":{"allow":["GET"]}}],"collection":[{"href":"https:\/\/wpguerssen-test.odoo.rgbconsulting.com\/es\/wp-json\/wp\/v2\/product"}],"about":[{"href":"https:\/\/wpguerssen-test.odoo.rgbconsulting.com\/es\/wp-json\/wp\/v2\/types\/product"}],"wp:featuredmedia":[{"embeddable":true,"href":"https:\/\/wpguerssen-test.odoo.rgbconsulting.com\/es\/wp-json\/wp\/v2\/media\/272606"}],"wp:attachment":[{"href":"https:\/\/wpguerssen-test.odoo.rgbconsulting.com\/es\/wp-json\/wp\/v2\/media?parent=272607"}],"wp:term":[{"taxonomy":"product_brand","embeddable":true,"href":"https:\/\/wpguerssen-test.odoo.rgbconsulting.com\/es\/wp-json\/wp\/v2\/product_brand?post=272607"},{"taxonomy":"product_cat","embeddable":true,"href":"https:\/\/wpguerssen-test.odoo.rgbconsulting.com\/es\/wp-json\/wp\/v2\/product_cat?post=272607"},{"taxonomy":"product_tag","embeddable":true,"href":"https:\/\/wpguerssen-test.odoo.rgbconsulting.com\/es\/wp-json\/wp\/v2\/product_tag?post=272607"}],"curies":[{"name":"wp","href":"https:\/\/api.w.org\/{rel}","templated":true}]}}