{"id":272635,"date":"2024-08-28T00:00:00","date_gmt":"2024-08-27T22:00:00","guid":{"rendered":"https:\/\/wpguerssen-test.odoo.rgbconsulting.com\/product\/sex-and-violence-purple-splatter\/"},"modified":"2025-01-09T15:55:38","modified_gmt":"2025-01-09T14:55:38","slug":"sex-and-violence-purple-splatter","status":"publish","type":"product","link":"https:\/\/wpguerssen-test.odoo.rgbconsulting.com\/es\/producto\/sex-and-violence-purple-splatter\/","title":{"rendered":"Sex And Violence (Purple Splatter)"},"content":{"rendered":"<p>A principios de la d\u00e9cada de 1990, el gangsta rap se estaba volviendo m\u00e1s popular. KRS-One tom\u00f3 el micr\u00f3fono y continu\u00f3 escribiendo raps con conciencia social, lo que dio como resultado el contundente \u00e1lbum de 1992 Sex And Violence, que ser\u00eda el quinto y \u00faltimo \u00e1lbum de estudio bajo el nombre de Boogie Down Productions. Producido por KRS-One, Pal Joey, Kenny Parker, D-Square y Prince Paul, el \u00e1lbum explora los lados m\u00e1s oscuros del paisaje y la psique urbanos estadounidenses, con KRS como narrador, detallando todos los lados de la matriz. Mientras que sencillos como el alarmante \u00abDuck Down\u00bb con bater\u00eda y el funky \u00abWe In There\u00bb captaron la mayor parte de la atenci\u00f3n en el 92, la secuencia m\u00e1s profunda revela muchas gemas adicionales: la lecci\u00f3n de historia de la oscuridad y el polvo en \u00abNarcotraficante\u00bb; \u00abRuff Ruff\u00bb, con el MC favorito Freddie Foxxx (tambi\u00e9n conocido como Bumpy Knuckles); el ritmo \u00abQuestions and Answers\u00bb y el fren\u00e9tico tema de la industria discogr\u00e1fica \u00abHow Not To Get Jerked\u00bb.<br \/>El \u00e1lbum comienza con un sketch de introducci\u00f3n en el que aparece KRS-One como un DJ presa del p\u00e1nico que necesita un vinilo que en ese momento era un formato moribundo, mientras que los casetes y los CD se convirtieron en el formato dominante. Treinta y dos a\u00f1os despu\u00e9s, los DJ de vinilo y los coleccionistas de vinilos de hip-hop ya no tienen por qu\u00e9 entrar en p\u00e1nico. Get On Down, en asociaci\u00f3n con CERTIFIED de Sony Music, se enorgullece de traer de vuelta al vinilo esta joya subestimada del cat\u00e1logo de BDP. Con una de las portadas de \u00e1lbumes m\u00e1s tontas deSex and Violence, del artista estadounidense Robert Williams, est\u00e1 impreso en vinilo de colores y empaquetado en una sobrecubierta con la letra completa.<\/p>\n","protected":false},"excerpt":{"rendered":"<p>A principios de la d\u00e9cada de 1990, el gangsta rap se estaba volviendo m\u00e1s popular. KRS-One tom\u00f3 el micr\u00f3fono y continu\u00f3 escribiendo raps con conciencia social,<a class=\"read\" href=\"https:\/\/wpguerssen-test.odoo.rgbconsulting.com\/es\/producto\/sex-and-violence-purple-splatter\/\"> (...)<\/a>","protected":false},"featured_media":272621,"template":"","meta":{"_acf_changed":false},"product_brand":[],"product_cat":[21706],"product_tag":[29140],"class_list":{"0":"post-272635","1":"product","2":"type-product","3":"status-publish","4":"has-post-thumbnail","6":"product_cat-rap-hip-hop-es","7":"product_tag-color-vinyl-es","8":"pa_artist-boogie-down-productions","9":"pa_format-2lp-es","10":"pa_gender-rap-hip-hop","11":"pa_label-get-on-down","12":"pa_location-north-america-es","13":"pa_other-filters-vinyl-only-es","15":"first","16":"instock","17":"taxable","18":"shipping-taxable","19":"purchasable","20":"product-type-simple"},"acf":[],"yoast_head":"<!-- This site is optimized with the Yoast SEO plugin v24.9 - https:\/\/yoast.com\/wordpress\/plugins\/seo\/ -->\n<title>BOOGIE DOWN PRODUCTIONS - Sex And Violence (Purple Splatter) -  (2LP) | Guerssen<\/title>\n<meta name=\"description\" content=\"In the early 1990s gangsta rap was becoming more popular. KRS-One took to the mic and continued to write socially conscious raps resulting in the hard-hitting 1992 album Sex And Violence which would be the fifth and final studio album under the Boogie Down Productions name. Produced by KRS-One, Pal Joey, Kenny Parker, D-Square, and Prince Paul, the album explores the darkest sides of the American urban landscape and psyche, with KRS as narrator, detailing all sides of the matrix. While singles like the alarming drum-driven &quot;Duck Down&quot; and the funky-as-hell &quot;We In There&quot; got most of the attention in &#039;92, the deeper sequence reveals plenty of additional gems: the history lesson of the dark and dusty &quot;Drug Dealer&quot;; &quot;Ruff Ruff&quot;, with scowling MC favorite Freddie Foxxx (aka Bumpy Knuckles); the grooving &quot;Questions and Answers,&quot; and the frantic record industry track &quot;How Not To Get Jerked.&quot;The album kicks off with an intro skit featuring KRS-One as a DJ in panic needing vinyl which at the time was a dying format while cassettes and CDs became the dominant format. Thirty-two years later vinyl DJs and Hip-Hop vinyl collectors no longer need to panic. Get On Down in partnership with Sony Music&#039;s CERTIFIED is proud to bring back to vinyl this underrated gem in the BDP catalog. Featuring one of the dopest album covers byAmerican artist Robert Williams, Sex and Violence is pressed on colored vinyl and packaged in a gatefold jacket with full lyrics.\" \/>\n<meta name=\"robots\" content=\"index, follow, max-snippet:-1, max-image-preview:large, max-video-preview:-1\" \/>\n<link rel=\"canonical\" href=\"https:\/\/wpguerssen-test.odoo.rgbconsulting.com\/es\/producto\/sex-and-violence-purple-splatter\/\" \/>\n<meta property=\"og:locale\" content=\"es_ES\" \/>\n<meta property=\"og:type\" content=\"article\" \/>\n<meta property=\"og:title\" content=\"BOOGIE DOWN PRODUCTIONS - Sex And Violence (Purple Splatter) -  (2LP) | Guerssen\" \/>\n<meta property=\"og:description\" content=\"In the early 1990s gangsta rap was becoming more popular. KRS-One took to the mic and continued to write socially conscious raps resulting in the hard-hitting 1992 album Sex And Violence which would be the fifth and final studio album under the Boogie Down Productions name. Produced by KRS-One, Pal Joey, Kenny Parker, D-Square, and Prince Paul, the album explores the darkest sides of the American urban landscape and psyche, with KRS as narrator, detailing all sides of the matrix. While singles like the alarming drum-driven &quot;Duck Down&quot; and the funky-as-hell &quot;We In There&quot; got most of the attention in &#039;92, the deeper sequence reveals plenty of additional gems: the history lesson of the dark and dusty &quot;Drug Dealer&quot;; &quot;Ruff Ruff&quot;, with scowling MC favorite Freddie Foxxx (aka Bumpy Knuckles); the grooving &quot;Questions and Answers,&quot; and the frantic record industry track &quot;How Not To Get Jerked.&quot;The album kicks off with an intro skit featuring KRS-One as a DJ in panic needing vinyl which at the time was a dying format while cassettes and CDs became the dominant format. Thirty-two years later vinyl DJs and Hip-Hop vinyl collectors no longer need to panic. Get On Down in partnership with Sony Music&#039;s CERTIFIED is proud to bring back to vinyl this underrated gem in the BDP catalog. Featuring one of the dopest album covers byAmerican artist Robert Williams, Sex and Violence is pressed on colored vinyl and packaged in a gatefold jacket with full lyrics.\" \/>\n<meta property=\"og:url\" content=\"https:\/\/wpguerssen-test.odoo.rgbconsulting.com\/es\/producto\/sex-and-violence-purple-splatter\/\" \/>\n<meta property=\"og:site_name\" content=\"Guerssen records\" \/>\n<meta property=\"article:modified_time\" content=\"2025-01-09T14:55:38+00:00\" \/>\n<meta property=\"og:image\" content=\"https:\/\/wpguerssen-test.odoo.rgbconsulting.com\/wp-content\/uploads\/2024\/07\/48408.jpg\" \/>\n\t<meta property=\"og:image:width\" content=\"280\" \/>\n\t<meta property=\"og:image:height\" content=\"280\" \/>\n\t<meta property=\"og:image:type\" content=\"image\/jpeg\" \/>\n<meta name=\"twitter:card\" content=\"summary_large_image\" \/>\n<meta name=\"twitter:title\" content=\"BOOGIE DOWN PRODUCTIONS - Sex And Violence (Purple Splatter) -  (2LP) | Guerssen\" \/>\n<meta name=\"twitter:label1\" content=\"Tiempo de lectura\" \/>\n\t<meta name=\"twitter:data1\" content=\"2 minutos\" \/>\n<script type=\"application\/ld+json\" class=\"yoast-schema-graph\">{\"@context\":\"https:\/\/schema.org\",\"@graph\":[{\"@type\":\"WebPage\",\"@id\":\"https:\/\/wpguerssen-test.odoo.rgbconsulting.com\/es\/producto\/sex-and-violence-purple-splatter\/\",\"url\":\"https:\/\/wpguerssen-test.odoo.rgbconsulting.com\/es\/producto\/sex-and-violence-purple-splatter\/\",\"name\":\"BOOGIE DOWN PRODUCTIONS - Sex And Violence (Purple Splatter) - (2LP) | Guerssen\",\"isPartOf\":{\"@id\":\"https:\/\/wpguerssen-test.odoo.rgbconsulting.com\/es\/#website\"},\"primaryImageOfPage\":{\"@id\":\"https:\/\/wpguerssen-test.odoo.rgbconsulting.com\/es\/producto\/sex-and-violence-purple-splatter\/#primaryimage\"},\"image\":{\"@id\":\"https:\/\/wpguerssen-test.odoo.rgbconsulting.com\/es\/producto\/sex-and-violence-purple-splatter\/#primaryimage\"},\"thumbnailUrl\":\"https:\/\/wpguerssen-test.odoo.rgbconsulting.com\/wp-content\/uploads\/2024\/07\/48408.jpg\",\"datePublished\":\"2024-08-27T22:00:00+00:00\",\"dateModified\":\"2025-01-09T14:55:38+00:00\",\"description\":\"In the early 1990s gangsta rap was becoming more popular. KRS-One took to the mic and continued to write socially conscious raps resulting in the hard-hitting 1992 album Sex And Violence which would be the fifth and final studio album under the Boogie Down Productions name. Produced by KRS-One, Pal Joey, Kenny Parker, D-Square, and Prince Paul, the album explores the darkest sides of the American urban landscape and psyche, with KRS as narrator, detailing all sides of the matrix. While singles like the alarming drum-driven \\\"Duck Down\\\" and the funky-as-hell \\\"We In There\\\" got most of the attention in '92, the deeper sequence reveals plenty of additional gems: the history lesson of the dark and dusty \\\"Drug Dealer\\\"; \\\"Ruff Ruff\\\", with scowling MC favorite Freddie Foxxx (aka Bumpy Knuckles); the grooving \\\"Questions and Answers,\\\" and the frantic record industry track \\\"How Not To Get Jerked.\\\"The album kicks off with an intro skit featuring KRS-One as a DJ in panic needing vinyl which at the time was a dying format while cassettes and CDs became the dominant format. Thirty-two years later vinyl DJs and Hip-Hop vinyl collectors no longer need to panic. Get On Down in partnership with Sony Music's CERTIFIED is proud to bring back to vinyl this underrated gem in the BDP catalog. Featuring one of the dopest album covers byAmerican artist Robert Williams, Sex and Violence is pressed on colored vinyl and packaged in a gatefold jacket with full lyrics.\",\"breadcrumb\":{\"@id\":\"https:\/\/wpguerssen-test.odoo.rgbconsulting.com\/es\/producto\/sex-and-violence-purple-splatter\/#breadcrumb\"},\"inLanguage\":\"es\",\"potentialAction\":[{\"@type\":\"ReadAction\",\"target\":[\"https:\/\/wpguerssen-test.odoo.rgbconsulting.com\/es\/producto\/sex-and-violence-purple-splatter\/\"]}]},{\"@type\":\"ImageObject\",\"inLanguage\":\"es\",\"@id\":\"https:\/\/wpguerssen-test.odoo.rgbconsulting.com\/es\/producto\/sex-and-violence-purple-splatter\/#primaryimage\",\"url\":\"https:\/\/wpguerssen-test.odoo.rgbconsulting.com\/wp-content\/uploads\/2024\/07\/48408.jpg\",\"contentUrl\":\"https:\/\/wpguerssen-test.odoo.rgbconsulting.com\/wp-content\/uploads\/2024\/07\/48408.jpg\",\"width\":280,\"height\":280},{\"@type\":\"BreadcrumbList\",\"@id\":\"https:\/\/wpguerssen-test.odoo.rgbconsulting.com\/es\/producto\/sex-and-violence-purple-splatter\/#breadcrumb\",\"itemListElement\":[{\"@type\":\"ListItem\",\"position\":1,\"name\":\"Inicio\",\"item\":\"https:\/\/wpguerssen-test.odoo.rgbconsulting.com\/es\/\"},{\"@type\":\"ListItem\",\"position\":2,\"name\":\"Shop\",\"item\":\"https:\/\/wpguerssen-test.odoo.rgbconsulting.com\/shop\/\"},{\"@type\":\"ListItem\",\"position\":3,\"name\":\"Sex And Violence (Purple Splatter)\"}]},{\"@type\":\"WebSite\",\"@id\":\"https:\/\/wpguerssen-test.odoo.rgbconsulting.com\/es\/#website\",\"url\":\"https:\/\/wpguerssen-test.odoo.rgbconsulting.com\/es\/\",\"name\":\"Guerssen records\",\"description\":\"psychedelia - progressive - folk - garage \",\"publisher\":{\"@id\":\"https:\/\/wpguerssen-test.odoo.rgbconsulting.com\/es\/#organization\"},\"potentialAction\":[{\"@type\":\"SearchAction\",\"target\":{\"@type\":\"EntryPoint\",\"urlTemplate\":\"https:\/\/wpguerssen-test.odoo.rgbconsulting.com\/es\/?s={search_term_string}\"},\"query-input\":{\"@type\":\"PropertyValueSpecification\",\"valueRequired\":true,\"valueName\":\"search_term_string\"}}],\"inLanguage\":\"es\"},{\"@type\":\"Organization\",\"@id\":\"https:\/\/wpguerssen-test.odoo.rgbconsulting.com\/es\/#organization\",\"name\":\"Guerssen records\",\"url\":\"https:\/\/wpguerssen-test.odoo.rgbconsulting.com\/es\/\",\"logo\":{\"@type\":\"ImageObject\",\"inLanguage\":\"es\",\"@id\":\"https:\/\/wpguerssen-test.odoo.rgbconsulting.com\/es\/#\/schema\/logo\/image\/\",\"url\":\"https:\/\/wpguerssen-test.odoo.rgbconsulting.com\/wp-content\/uploads\/2022\/04\/Logo_Guerssen_trans_100.png\",\"contentUrl\":\"https:\/\/wpguerssen-test.odoo.rgbconsulting.com\/wp-content\/uploads\/2022\/04\/Logo_Guerssen_trans_100.png\",\"width\":122,\"height\":100,\"caption\":\"Guerssen records\"},\"image\":{\"@id\":\"https:\/\/wpguerssen-test.odoo.rgbconsulting.com\/es\/#\/schema\/logo\/image\/\"}}]}<\/script>\n<!-- \/ Yoast SEO plugin. -->","yoast_head_json":{"title":"BOOGIE DOWN PRODUCTIONS - Sex And Violence (Purple Splatter) -  (2LP) | Guerssen","description":"In the early 1990s gangsta rap was becoming more popular. KRS-One took to the mic and continued to write socially conscious raps resulting in the hard-hitting 1992 album Sex And Violence which would be the fifth and final studio album under the Boogie Down Productions name. Produced by KRS-One, Pal Joey, Kenny Parker, D-Square, and Prince Paul, the album explores the darkest sides of the American urban landscape and psyche, with KRS as narrator, detailing all sides of the matrix. While singles like the alarming drum-driven \"Duck Down\" and the funky-as-hell \"We In There\" got most of the attention in '92, the deeper sequence reveals plenty of additional gems: the history lesson of the dark and dusty \"Drug Dealer\"; \"Ruff Ruff\", with scowling MC favorite Freddie Foxxx (aka Bumpy Knuckles); the grooving \"Questions and Answers,\" and the frantic record industry track \"How Not To Get Jerked.\"The album kicks off with an intro skit featuring KRS-One as a DJ in panic needing vinyl which at the time was a dying format while cassettes and CDs became the dominant format. Thirty-two years later vinyl DJs and Hip-Hop vinyl collectors no longer need to panic. Get On Down in partnership with Sony Music's CERTIFIED is proud to bring back to vinyl this underrated gem in the BDP catalog. Featuring one of the dopest album covers byAmerican artist Robert Williams, Sex and Violence is pressed on colored vinyl and packaged in a gatefold jacket with full lyrics.","robots":{"index":"index","follow":"follow","max-snippet":"max-snippet:-1","max-image-preview":"max-image-preview:large","max-video-preview":"max-video-preview:-1"},"canonical":"https:\/\/wpguerssen-test.odoo.rgbconsulting.com\/es\/producto\/sex-and-violence-purple-splatter\/","og_locale":"es_ES","og_type":"article","og_title":"BOOGIE DOWN PRODUCTIONS - Sex And Violence (Purple Splatter) -  (2LP) | Guerssen","og_description":"In the early 1990s gangsta rap was becoming more popular. KRS-One took to the mic and continued to write socially conscious raps resulting in the hard-hitting 1992 album Sex And Violence which would be the fifth and final studio album under the Boogie Down Productions name. Produced by KRS-One, Pal Joey, Kenny Parker, D-Square, and Prince Paul, the album explores the darkest sides of the American urban landscape and psyche, with KRS as narrator, detailing all sides of the matrix. While singles like the alarming drum-driven \"Duck Down\" and the funky-as-hell \"We In There\" got most of the attention in '92, the deeper sequence reveals plenty of additional gems: the history lesson of the dark and dusty \"Drug Dealer\"; \"Ruff Ruff\", with scowling MC favorite Freddie Foxxx (aka Bumpy Knuckles); the grooving \"Questions and Answers,\" and the frantic record industry track \"How Not To Get Jerked.\"The album kicks off with an intro skit featuring KRS-One as a DJ in panic needing vinyl which at the time was a dying format while cassettes and CDs became the dominant format. Thirty-two years later vinyl DJs and Hip-Hop vinyl collectors no longer need to panic. Get On Down in partnership with Sony Music's CERTIFIED is proud to bring back to vinyl this underrated gem in the BDP catalog. Featuring one of the dopest album covers byAmerican artist Robert Williams, Sex and Violence is pressed on colored vinyl and packaged in a gatefold jacket with full lyrics.","og_url":"https:\/\/wpguerssen-test.odoo.rgbconsulting.com\/es\/producto\/sex-and-violence-purple-splatter\/","og_site_name":"Guerssen records","article_modified_time":"2025-01-09T14:55:38+00:00","og_image":[{"width":280,"height":280,"url":"https:\/\/wpguerssen-test.odoo.rgbconsulting.com\/wp-content\/uploads\/2024\/07\/48408.jpg","type":"image\/jpeg"}],"twitter_card":"summary_large_image","twitter_title":"BOOGIE DOWN PRODUCTIONS - Sex And Violence (Purple Splatter) -  (2LP) | Guerssen","twitter_misc":{"Tiempo de lectura":"2 minutos"},"schema":{"@context":"https:\/\/schema.org","@graph":[{"@type":"WebPage","@id":"https:\/\/wpguerssen-test.odoo.rgbconsulting.com\/es\/producto\/sex-and-violence-purple-splatter\/","url":"https:\/\/wpguerssen-test.odoo.rgbconsulting.com\/es\/producto\/sex-and-violence-purple-splatter\/","name":"BOOGIE DOWN PRODUCTIONS - Sex And Violence (Purple Splatter) - (2LP) | Guerssen","isPartOf":{"@id":"https:\/\/wpguerssen-test.odoo.rgbconsulting.com\/es\/#website"},"primaryImageOfPage":{"@id":"https:\/\/wpguerssen-test.odoo.rgbconsulting.com\/es\/producto\/sex-and-violence-purple-splatter\/#primaryimage"},"image":{"@id":"https:\/\/wpguerssen-test.odoo.rgbconsulting.com\/es\/producto\/sex-and-violence-purple-splatter\/#primaryimage"},"thumbnailUrl":"https:\/\/wpguerssen-test.odoo.rgbconsulting.com\/wp-content\/uploads\/2024\/07\/48408.jpg","datePublished":"2024-08-27T22:00:00+00:00","dateModified":"2025-01-09T14:55:38+00:00","description":"In the early 1990s gangsta rap was becoming more popular. KRS-One took to the mic and continued to write socially conscious raps resulting in the hard-hitting 1992 album Sex And Violence which would be the fifth and final studio album under the Boogie Down Productions name. Produced by KRS-One, Pal Joey, Kenny Parker, D-Square, and Prince Paul, the album explores the darkest sides of the American urban landscape and psyche, with KRS as narrator, detailing all sides of the matrix. While singles like the alarming drum-driven \"Duck Down\" and the funky-as-hell \"We In There\" got most of the attention in '92, the deeper sequence reveals plenty of additional gems: the history lesson of the dark and dusty \"Drug Dealer\"; \"Ruff Ruff\", with scowling MC favorite Freddie Foxxx (aka Bumpy Knuckles); the grooving \"Questions and Answers,\" and the frantic record industry track \"How Not To Get Jerked.\"The album kicks off with an intro skit featuring KRS-One as a DJ in panic needing vinyl which at the time was a dying format while cassettes and CDs became the dominant format. Thirty-two years later vinyl DJs and Hip-Hop vinyl collectors no longer need to panic. Get On Down in partnership with Sony Music's CERTIFIED is proud to bring back to vinyl this underrated gem in the BDP catalog. Featuring one of the dopest album covers byAmerican artist Robert Williams, Sex and Violence is pressed on colored vinyl and packaged in a gatefold jacket with full lyrics.","breadcrumb":{"@id":"https:\/\/wpguerssen-test.odoo.rgbconsulting.com\/es\/producto\/sex-and-violence-purple-splatter\/#breadcrumb"},"inLanguage":"es","potentialAction":[{"@type":"ReadAction","target":["https:\/\/wpguerssen-test.odoo.rgbconsulting.com\/es\/producto\/sex-and-violence-purple-splatter\/"]}]},{"@type":"ImageObject","inLanguage":"es","@id":"https:\/\/wpguerssen-test.odoo.rgbconsulting.com\/es\/producto\/sex-and-violence-purple-splatter\/#primaryimage","url":"https:\/\/wpguerssen-test.odoo.rgbconsulting.com\/wp-content\/uploads\/2024\/07\/48408.jpg","contentUrl":"https:\/\/wpguerssen-test.odoo.rgbconsulting.com\/wp-content\/uploads\/2024\/07\/48408.jpg","width":280,"height":280},{"@type":"BreadcrumbList","@id":"https:\/\/wpguerssen-test.odoo.rgbconsulting.com\/es\/producto\/sex-and-violence-purple-splatter\/#breadcrumb","itemListElement":[{"@type":"ListItem","position":1,"name":"Inicio","item":"https:\/\/wpguerssen-test.odoo.rgbconsulting.com\/es\/"},{"@type":"ListItem","position":2,"name":"Shop","item":"https:\/\/wpguerssen-test.odoo.rgbconsulting.com\/shop\/"},{"@type":"ListItem","position":3,"name":"Sex And Violence (Purple Splatter)"}]},{"@type":"WebSite","@id":"https:\/\/wpguerssen-test.odoo.rgbconsulting.com\/es\/#website","url":"https:\/\/wpguerssen-test.odoo.rgbconsulting.com\/es\/","name":"Guerssen records","description":"psychedelia - progressive - folk - garage ","publisher":{"@id":"https:\/\/wpguerssen-test.odoo.rgbconsulting.com\/es\/#organization"},"potentialAction":[{"@type":"SearchAction","target":{"@type":"EntryPoint","urlTemplate":"https:\/\/wpguerssen-test.odoo.rgbconsulting.com\/es\/?s={search_term_string}"},"query-input":{"@type":"PropertyValueSpecification","valueRequired":true,"valueName":"search_term_string"}}],"inLanguage":"es"},{"@type":"Organization","@id":"https:\/\/wpguerssen-test.odoo.rgbconsulting.com\/es\/#organization","name":"Guerssen records","url":"https:\/\/wpguerssen-test.odoo.rgbconsulting.com\/es\/","logo":{"@type":"ImageObject","inLanguage":"es","@id":"https:\/\/wpguerssen-test.odoo.rgbconsulting.com\/es\/#\/schema\/logo\/image\/","url":"https:\/\/wpguerssen-test.odoo.rgbconsulting.com\/wp-content\/uploads\/2022\/04\/Logo_Guerssen_trans_100.png","contentUrl":"https:\/\/wpguerssen-test.odoo.rgbconsulting.com\/wp-content\/uploads\/2022\/04\/Logo_Guerssen_trans_100.png","width":122,"height":100,"caption":"Guerssen records"},"image":{"@id":"https:\/\/wpguerssen-test.odoo.rgbconsulting.com\/es\/#\/schema\/logo\/image\/"}}]}},"_links":{"self":[{"href":"https:\/\/wpguerssen-test.odoo.rgbconsulting.com\/es\/wp-json\/wp\/v2\/product\/272635","targetHints":{"allow":["GET"]}}],"collection":[{"href":"https:\/\/wpguerssen-test.odoo.rgbconsulting.com\/es\/wp-json\/wp\/v2\/product"}],"about":[{"href":"https:\/\/wpguerssen-test.odoo.rgbconsulting.com\/es\/wp-json\/wp\/v2\/types\/product"}],"wp:featuredmedia":[{"embeddable":true,"href":"https:\/\/wpguerssen-test.odoo.rgbconsulting.com\/es\/wp-json\/wp\/v2\/media\/272621"}],"wp:attachment":[{"href":"https:\/\/wpguerssen-test.odoo.rgbconsulting.com\/es\/wp-json\/wp\/v2\/media?parent=272635"}],"wp:term":[{"taxonomy":"product_brand","embeddable":true,"href":"https:\/\/wpguerssen-test.odoo.rgbconsulting.com\/es\/wp-json\/wp\/v2\/product_brand?post=272635"},{"taxonomy":"product_cat","embeddable":true,"href":"https:\/\/wpguerssen-test.odoo.rgbconsulting.com\/es\/wp-json\/wp\/v2\/product_cat?post=272635"},{"taxonomy":"product_tag","embeddable":true,"href":"https:\/\/wpguerssen-test.odoo.rgbconsulting.com\/es\/wp-json\/wp\/v2\/product_tag?post=272635"}],"curies":[{"name":"wp","href":"https:\/\/api.w.org\/{rel}","templated":true}]}}