{"id":272636,"date":"2024-08-28T00:00:00","date_gmt":"2024-08-27T22:00:00","guid":{"rendered":"https:\/\/wpguerssen-test.odoo.rgbconsulting.com\/product\/gettin-it-orange-splatter\/"},"modified":"2025-01-09T15:55:42","modified_gmt":"2025-01-09T14:55:42","slug":"gettin-it-orange-splatter","status":"publish","type":"product","link":"https:\/\/wpguerssen-test.odoo.rgbconsulting.com\/es\/producto\/gettin-it-orange-splatter\/","title":{"rendered":"Gettin&#8217; It (Orange Splatter)"},"content":{"rendered":"<p>En 1996, despu\u00e9s de 14 a\u00f1os en el juego que comenz\u00f3 con Too $hort y Freddy B vendiendo cintas en el maletero de su auto en East Oakland, Too $hort anunci\u00f3 que se retirar\u00eda. El 21 de mayo de 1996, Too $hort lanz\u00f3 su d\u00e9cimo \u00e1lbum de estudio Gettin&#8217; It con el sencillo principal del mismo nombre con Parliament Funkadelic. El retiro fue m\u00e1s bien una pausa ya que Too $hort regres\u00f3 al juego en 1999 con el nombre apropiado \u00e1lbum \u00abCan&#8217;t Stay Away\u00bb. Si Gettin&#8217; It iba a ser el \u00faltimo \u00e1lbum de Too $hort, estaba teniendo una nota alta al obtener su sexto disco de platino. Adem\u00e1s de que el Parliament Funkadelic contribuya a doscanciones, Ant Banks y Shorty B est\u00e1n de regreso con su relajado funk del \u00c1rea de la Bah\u00eda junto con algunas contribuciones de G-Funk de Colin Wolfe, L.A. Dre y Spearhead X. Too $hort ofrece otro cl\u00e1sico del \u00c1rea de la Bah\u00eda lleno de rimas desagradables con genialidades de MC Breed, Erick Sermon y Rappin&#8217; 4-Tay.<br \/>Anteriormente solo disponible en vinilo promocional, Get On Down, en asociaci\u00f3n con CERTIFED de Sony, se enorgullece de presentar un lanzamiento en vinilo adecuado de Gettin&#8217; It in a orange swirl con una portada plegable y con insert de letras desplegable.<\/p>\n","protected":false},"excerpt":{"rendered":"<p>En 1996, despu\u00e9s de 14 a\u00f1os en el juego que comenz\u00f3 con Too $hort y Freddy B vendiendo cintas en el maletero de su auto en East Oakland, Too $hort anunci\u00f3 que<a class=\"read\" href=\"https:\/\/wpguerssen-test.odoo.rgbconsulting.com\/es\/producto\/gettin-it-orange-splatter\/\"> (...)<\/a>","protected":false},"featured_media":272624,"template":"","meta":{"_acf_changed":false},"product_brand":[],"product_cat":[21706],"product_tag":[29140],"class_list":{"0":"post-272636","1":"product","2":"type-product","3":"status-publish","4":"has-post-thumbnail","6":"product_cat-rap-hip-hop-es","7":"product_tag-color-vinyl-es","8":"pa_artist-too-short","9":"pa_format-2lp-es","10":"pa_gender-rap-hip-hop","11":"pa_label-get-on-down","12":"pa_location-north-america-es","13":"pa_other-filters-vinyl-only-es","15":"first","16":"instock","17":"taxable","18":"shipping-taxable","19":"purchasable","20":"product-type-simple"},"acf":[],"yoast_head":"<!-- This site is optimized with the Yoast SEO plugin v24.9 - https:\/\/yoast.com\/wordpress\/plugins\/seo\/ -->\n<title>TOO SHORT - Gettin&#039; It (Orange Splatter) -  (2LP) | Guerssen<\/title>\n<meta name=\"description\" content=\"In 1996, after 14 years in the game that started with Too $hort and Freddy B selling tapes out of the trunk of their car in East Oakland, Too $hort announced he would be retiring. On May 21, 1996, Too $hort released his 10th studio album Gettin&#039; It with the lead single of the same name featuring Parliament Funkadelic. Retirement was more of a hiatus as Too $hort got back in the game in 1999 with the appropriately namedalbum Can&#039;t Stay Away. If Gettin&#039; It was going to be Too $hort&#039;s last album, he was going off on a high note by earning his 6th Platinum record. In addition to having Parliament Funkadelic contribute to twosongs, Ant Banks and Shorty B are back with their laid-back Bay Area funk along with some G-Funk contributions by Colin Wolfe, L.A. Dre, and Spearhead X. Too $hort delivers another Bay Area classic full of nasty pimpin&#039; rhymes with dope features by MC Breed, Erick Sermon and Rappin&#039; 4-Tay.Previously only available on promo vinyl, Get On Down in partnership with Sony&#039;s CERTIFED is proud to present a proper vinyl release of Gettin&#039; It in an orange swirl-colored vinyl run packagedin a gatefold jacket with a foldout lyric sheet.\" \/>\n<meta name=\"robots\" content=\"index, follow, max-snippet:-1, max-image-preview:large, max-video-preview:-1\" \/>\n<link rel=\"canonical\" href=\"https:\/\/wpguerssen-test.odoo.rgbconsulting.com\/es\/producto\/gettin-it-orange-splatter\/\" \/>\n<meta property=\"og:locale\" content=\"es_ES\" \/>\n<meta property=\"og:type\" content=\"article\" \/>\n<meta property=\"og:title\" content=\"TOO SHORT - Gettin&#039; It (Orange Splatter) -  (2LP) | Guerssen\" \/>\n<meta property=\"og:description\" content=\"In 1996, after 14 years in the game that started with Too $hort and Freddy B selling tapes out of the trunk of their car in East Oakland, Too $hort announced he would be retiring. On May 21, 1996, Too $hort released his 10th studio album Gettin&#039; It with the lead single of the same name featuring Parliament Funkadelic. Retirement was more of a hiatus as Too $hort got back in the game in 1999 with the appropriately namedalbum Can&#039;t Stay Away. If Gettin&#039; It was going to be Too $hort&#039;s last album, he was going off on a high note by earning his 6th Platinum record. In addition to having Parliament Funkadelic contribute to twosongs, Ant Banks and Shorty B are back with their laid-back Bay Area funk along with some G-Funk contributions by Colin Wolfe, L.A. Dre, and Spearhead X. Too $hort delivers another Bay Area classic full of nasty pimpin&#039; rhymes with dope features by MC Breed, Erick Sermon and Rappin&#039; 4-Tay.Previously only available on promo vinyl, Get On Down in partnership with Sony&#039;s CERTIFED is proud to present a proper vinyl release of Gettin&#039; It in an orange swirl-colored vinyl run packagedin a gatefold jacket with a foldout lyric sheet.\" \/>\n<meta property=\"og:url\" content=\"https:\/\/wpguerssen-test.odoo.rgbconsulting.com\/es\/producto\/gettin-it-orange-splatter\/\" \/>\n<meta property=\"og:site_name\" content=\"Guerssen records\" \/>\n<meta property=\"article:modified_time\" content=\"2025-01-09T14:55:42+00:00\" \/>\n<meta property=\"og:image\" content=\"https:\/\/wpguerssen-test.odoo.rgbconsulting.com\/wp-content\/uploads\/2024\/07\/48409.jpg\" \/>\n\t<meta property=\"og:image:width\" content=\"380\" \/>\n\t<meta property=\"og:image:height\" content=\"380\" \/>\n\t<meta property=\"og:image:type\" content=\"image\/jpeg\" \/>\n<meta name=\"twitter:card\" content=\"summary_large_image\" \/>\n<meta name=\"twitter:title\" content=\"TOO SHORT - Gettin&#039; It (Orange Splatter) -  (2LP) | Guerssen\" \/>\n<meta name=\"twitter:label1\" content=\"Tiempo de lectura\" \/>\n\t<meta name=\"twitter:data1\" content=\"1 minuto\" \/>\n<script type=\"application\/ld+json\" class=\"yoast-schema-graph\">{\"@context\":\"https:\/\/schema.org\",\"@graph\":[{\"@type\":\"WebPage\",\"@id\":\"https:\/\/wpguerssen-test.odoo.rgbconsulting.com\/es\/producto\/gettin-it-orange-splatter\/\",\"url\":\"https:\/\/wpguerssen-test.odoo.rgbconsulting.com\/es\/producto\/gettin-it-orange-splatter\/\",\"name\":\"TOO SHORT - Gettin' It (Orange Splatter) - (2LP) | Guerssen\",\"isPartOf\":{\"@id\":\"https:\/\/wpguerssen-test.odoo.rgbconsulting.com\/es\/#website\"},\"primaryImageOfPage\":{\"@id\":\"https:\/\/wpguerssen-test.odoo.rgbconsulting.com\/es\/producto\/gettin-it-orange-splatter\/#primaryimage\"},\"image\":{\"@id\":\"https:\/\/wpguerssen-test.odoo.rgbconsulting.com\/es\/producto\/gettin-it-orange-splatter\/#primaryimage\"},\"thumbnailUrl\":\"https:\/\/wpguerssen-test.odoo.rgbconsulting.com\/wp-content\/uploads\/2024\/07\/48409.jpg\",\"datePublished\":\"2024-08-27T22:00:00+00:00\",\"dateModified\":\"2025-01-09T14:55:42+00:00\",\"description\":\"In 1996, after 14 years in the game that started with Too $hort and Freddy B selling tapes out of the trunk of their car in East Oakland, Too $hort announced he would be retiring. On May 21, 1996, Too $hort released his 10th studio album Gettin' It with the lead single of the same name featuring Parliament Funkadelic. Retirement was more of a hiatus as Too $hort got back in the game in 1999 with the appropriately namedalbum Can't Stay Away. If Gettin' It was going to be Too $hort's last album, he was going off on a high note by earning his 6th Platinum record. In addition to having Parliament Funkadelic contribute to twosongs, Ant Banks and Shorty B are back with their laid-back Bay Area funk along with some G-Funk contributions by Colin Wolfe, L.A. Dre, and Spearhead X. Too $hort delivers another Bay Area classic full of nasty pimpin' rhymes with dope features by MC Breed, Erick Sermon and Rappin' 4-Tay.Previously only available on promo vinyl, Get On Down in partnership with Sony's CERTIFED is proud to present a proper vinyl release of Gettin' It in an orange swirl-colored vinyl run packagedin a gatefold jacket with a foldout lyric sheet.\",\"breadcrumb\":{\"@id\":\"https:\/\/wpguerssen-test.odoo.rgbconsulting.com\/es\/producto\/gettin-it-orange-splatter\/#breadcrumb\"},\"inLanguage\":\"es\",\"potentialAction\":[{\"@type\":\"ReadAction\",\"target\":[\"https:\/\/wpguerssen-test.odoo.rgbconsulting.com\/es\/producto\/gettin-it-orange-splatter\/\"]}]},{\"@type\":\"ImageObject\",\"inLanguage\":\"es\",\"@id\":\"https:\/\/wpguerssen-test.odoo.rgbconsulting.com\/es\/producto\/gettin-it-orange-splatter\/#primaryimage\",\"url\":\"https:\/\/wpguerssen-test.odoo.rgbconsulting.com\/wp-content\/uploads\/2024\/07\/48409.jpg\",\"contentUrl\":\"https:\/\/wpguerssen-test.odoo.rgbconsulting.com\/wp-content\/uploads\/2024\/07\/48409.jpg\",\"width\":380,\"height\":380},{\"@type\":\"BreadcrumbList\",\"@id\":\"https:\/\/wpguerssen-test.odoo.rgbconsulting.com\/es\/producto\/gettin-it-orange-splatter\/#breadcrumb\",\"itemListElement\":[{\"@type\":\"ListItem\",\"position\":1,\"name\":\"Inicio\",\"item\":\"https:\/\/wpguerssen-test.odoo.rgbconsulting.com\/es\/\"},{\"@type\":\"ListItem\",\"position\":2,\"name\":\"Shop\",\"item\":\"https:\/\/wpguerssen-test.odoo.rgbconsulting.com\/shop\/\"},{\"@type\":\"ListItem\",\"position\":3,\"name\":\"Gettin&#8217; It (Orange Splatter)\"}]},{\"@type\":\"WebSite\",\"@id\":\"https:\/\/wpguerssen-test.odoo.rgbconsulting.com\/es\/#website\",\"url\":\"https:\/\/wpguerssen-test.odoo.rgbconsulting.com\/es\/\",\"name\":\"Guerssen records\",\"description\":\"psychedelia - progressive - folk - garage \",\"publisher\":{\"@id\":\"https:\/\/wpguerssen-test.odoo.rgbconsulting.com\/es\/#organization\"},\"potentialAction\":[{\"@type\":\"SearchAction\",\"target\":{\"@type\":\"EntryPoint\",\"urlTemplate\":\"https:\/\/wpguerssen-test.odoo.rgbconsulting.com\/es\/?s={search_term_string}\"},\"query-input\":{\"@type\":\"PropertyValueSpecification\",\"valueRequired\":true,\"valueName\":\"search_term_string\"}}],\"inLanguage\":\"es\"},{\"@type\":\"Organization\",\"@id\":\"https:\/\/wpguerssen-test.odoo.rgbconsulting.com\/es\/#organization\",\"name\":\"Guerssen records\",\"url\":\"https:\/\/wpguerssen-test.odoo.rgbconsulting.com\/es\/\",\"logo\":{\"@type\":\"ImageObject\",\"inLanguage\":\"es\",\"@id\":\"https:\/\/wpguerssen-test.odoo.rgbconsulting.com\/es\/#\/schema\/logo\/image\/\",\"url\":\"https:\/\/wpguerssen-test.odoo.rgbconsulting.com\/wp-content\/uploads\/2022\/04\/Logo_Guerssen_trans_100.png\",\"contentUrl\":\"https:\/\/wpguerssen-test.odoo.rgbconsulting.com\/wp-content\/uploads\/2022\/04\/Logo_Guerssen_trans_100.png\",\"width\":122,\"height\":100,\"caption\":\"Guerssen records\"},\"image\":{\"@id\":\"https:\/\/wpguerssen-test.odoo.rgbconsulting.com\/es\/#\/schema\/logo\/image\/\"}}]}<\/script>\n<!-- \/ Yoast SEO plugin. -->","yoast_head_json":{"title":"TOO SHORT - Gettin' It (Orange Splatter) -  (2LP) | Guerssen","description":"In 1996, after 14 years in the game that started with Too $hort and Freddy B selling tapes out of the trunk of their car in East Oakland, Too $hort announced he would be retiring. On May 21, 1996, Too $hort released his 10th studio album Gettin' It with the lead single of the same name featuring Parliament Funkadelic. Retirement was more of a hiatus as Too $hort got back in the game in 1999 with the appropriately namedalbum Can't Stay Away. If Gettin' It was going to be Too $hort's last album, he was going off on a high note by earning his 6th Platinum record. In addition to having Parliament Funkadelic contribute to twosongs, Ant Banks and Shorty B are back with their laid-back Bay Area funk along with some G-Funk contributions by Colin Wolfe, L.A. Dre, and Spearhead X. Too $hort delivers another Bay Area classic full of nasty pimpin' rhymes with dope features by MC Breed, Erick Sermon and Rappin' 4-Tay.Previously only available on promo vinyl, Get On Down in partnership with Sony's CERTIFED is proud to present a proper vinyl release of Gettin' It in an orange swirl-colored vinyl run packagedin a gatefold jacket with a foldout lyric sheet.","robots":{"index":"index","follow":"follow","max-snippet":"max-snippet:-1","max-image-preview":"max-image-preview:large","max-video-preview":"max-video-preview:-1"},"canonical":"https:\/\/wpguerssen-test.odoo.rgbconsulting.com\/es\/producto\/gettin-it-orange-splatter\/","og_locale":"es_ES","og_type":"article","og_title":"TOO SHORT - Gettin' It (Orange Splatter) -  (2LP) | Guerssen","og_description":"In 1996, after 14 years in the game that started with Too $hort and Freddy B selling tapes out of the trunk of their car in East Oakland, Too $hort announced he would be retiring. On May 21, 1996, Too $hort released his 10th studio album Gettin' It with the lead single of the same name featuring Parliament Funkadelic. Retirement was more of a hiatus as Too $hort got back in the game in 1999 with the appropriately namedalbum Can't Stay Away. If Gettin' It was going to be Too $hort's last album, he was going off on a high note by earning his 6th Platinum record. In addition to having Parliament Funkadelic contribute to twosongs, Ant Banks and Shorty B are back with their laid-back Bay Area funk along with some G-Funk contributions by Colin Wolfe, L.A. Dre, and Spearhead X. Too $hort delivers another Bay Area classic full of nasty pimpin' rhymes with dope features by MC Breed, Erick Sermon and Rappin' 4-Tay.Previously only available on promo vinyl, Get On Down in partnership with Sony's CERTIFED is proud to present a proper vinyl release of Gettin' It in an orange swirl-colored vinyl run packagedin a gatefold jacket with a foldout lyric sheet.","og_url":"https:\/\/wpguerssen-test.odoo.rgbconsulting.com\/es\/producto\/gettin-it-orange-splatter\/","og_site_name":"Guerssen records","article_modified_time":"2025-01-09T14:55:42+00:00","og_image":[{"width":380,"height":380,"url":"https:\/\/wpguerssen-test.odoo.rgbconsulting.com\/wp-content\/uploads\/2024\/07\/48409.jpg","type":"image\/jpeg"}],"twitter_card":"summary_large_image","twitter_title":"TOO SHORT - Gettin' It (Orange Splatter) -  (2LP) | Guerssen","twitter_misc":{"Tiempo de lectura":"1 minuto"},"schema":{"@context":"https:\/\/schema.org","@graph":[{"@type":"WebPage","@id":"https:\/\/wpguerssen-test.odoo.rgbconsulting.com\/es\/producto\/gettin-it-orange-splatter\/","url":"https:\/\/wpguerssen-test.odoo.rgbconsulting.com\/es\/producto\/gettin-it-orange-splatter\/","name":"TOO SHORT - Gettin' It (Orange Splatter) - (2LP) | Guerssen","isPartOf":{"@id":"https:\/\/wpguerssen-test.odoo.rgbconsulting.com\/es\/#website"},"primaryImageOfPage":{"@id":"https:\/\/wpguerssen-test.odoo.rgbconsulting.com\/es\/producto\/gettin-it-orange-splatter\/#primaryimage"},"image":{"@id":"https:\/\/wpguerssen-test.odoo.rgbconsulting.com\/es\/producto\/gettin-it-orange-splatter\/#primaryimage"},"thumbnailUrl":"https:\/\/wpguerssen-test.odoo.rgbconsulting.com\/wp-content\/uploads\/2024\/07\/48409.jpg","datePublished":"2024-08-27T22:00:00+00:00","dateModified":"2025-01-09T14:55:42+00:00","description":"In 1996, after 14 years in the game that started with Too $hort and Freddy B selling tapes out of the trunk of their car in East Oakland, Too $hort announced he would be retiring. On May 21, 1996, Too $hort released his 10th studio album Gettin' It with the lead single of the same name featuring Parliament Funkadelic. Retirement was more of a hiatus as Too $hort got back in the game in 1999 with the appropriately namedalbum Can't Stay Away. If Gettin' It was going to be Too $hort's last album, he was going off on a high note by earning his 6th Platinum record. In addition to having Parliament Funkadelic contribute to twosongs, Ant Banks and Shorty B are back with their laid-back Bay Area funk along with some G-Funk contributions by Colin Wolfe, L.A. Dre, and Spearhead X. Too $hort delivers another Bay Area classic full of nasty pimpin' rhymes with dope features by MC Breed, Erick Sermon and Rappin' 4-Tay.Previously only available on promo vinyl, Get On Down in partnership with Sony's CERTIFED is proud to present a proper vinyl release of Gettin' It in an orange swirl-colored vinyl run packagedin a gatefold jacket with a foldout lyric sheet.","breadcrumb":{"@id":"https:\/\/wpguerssen-test.odoo.rgbconsulting.com\/es\/producto\/gettin-it-orange-splatter\/#breadcrumb"},"inLanguage":"es","potentialAction":[{"@type":"ReadAction","target":["https:\/\/wpguerssen-test.odoo.rgbconsulting.com\/es\/producto\/gettin-it-orange-splatter\/"]}]},{"@type":"ImageObject","inLanguage":"es","@id":"https:\/\/wpguerssen-test.odoo.rgbconsulting.com\/es\/producto\/gettin-it-orange-splatter\/#primaryimage","url":"https:\/\/wpguerssen-test.odoo.rgbconsulting.com\/wp-content\/uploads\/2024\/07\/48409.jpg","contentUrl":"https:\/\/wpguerssen-test.odoo.rgbconsulting.com\/wp-content\/uploads\/2024\/07\/48409.jpg","width":380,"height":380},{"@type":"BreadcrumbList","@id":"https:\/\/wpguerssen-test.odoo.rgbconsulting.com\/es\/producto\/gettin-it-orange-splatter\/#breadcrumb","itemListElement":[{"@type":"ListItem","position":1,"name":"Inicio","item":"https:\/\/wpguerssen-test.odoo.rgbconsulting.com\/es\/"},{"@type":"ListItem","position":2,"name":"Shop","item":"https:\/\/wpguerssen-test.odoo.rgbconsulting.com\/shop\/"},{"@type":"ListItem","position":3,"name":"Gettin&#8217; It (Orange Splatter)"}]},{"@type":"WebSite","@id":"https:\/\/wpguerssen-test.odoo.rgbconsulting.com\/es\/#website","url":"https:\/\/wpguerssen-test.odoo.rgbconsulting.com\/es\/","name":"Guerssen records","description":"psychedelia - progressive - folk - garage ","publisher":{"@id":"https:\/\/wpguerssen-test.odoo.rgbconsulting.com\/es\/#organization"},"potentialAction":[{"@type":"SearchAction","target":{"@type":"EntryPoint","urlTemplate":"https:\/\/wpguerssen-test.odoo.rgbconsulting.com\/es\/?s={search_term_string}"},"query-input":{"@type":"PropertyValueSpecification","valueRequired":true,"valueName":"search_term_string"}}],"inLanguage":"es"},{"@type":"Organization","@id":"https:\/\/wpguerssen-test.odoo.rgbconsulting.com\/es\/#organization","name":"Guerssen records","url":"https:\/\/wpguerssen-test.odoo.rgbconsulting.com\/es\/","logo":{"@type":"ImageObject","inLanguage":"es","@id":"https:\/\/wpguerssen-test.odoo.rgbconsulting.com\/es\/#\/schema\/logo\/image\/","url":"https:\/\/wpguerssen-test.odoo.rgbconsulting.com\/wp-content\/uploads\/2022\/04\/Logo_Guerssen_trans_100.png","contentUrl":"https:\/\/wpguerssen-test.odoo.rgbconsulting.com\/wp-content\/uploads\/2022\/04\/Logo_Guerssen_trans_100.png","width":122,"height":100,"caption":"Guerssen records"},"image":{"@id":"https:\/\/wpguerssen-test.odoo.rgbconsulting.com\/es\/#\/schema\/logo\/image\/"}}]}},"_links":{"self":[{"href":"https:\/\/wpguerssen-test.odoo.rgbconsulting.com\/es\/wp-json\/wp\/v2\/product\/272636","targetHints":{"allow":["GET"]}}],"collection":[{"href":"https:\/\/wpguerssen-test.odoo.rgbconsulting.com\/es\/wp-json\/wp\/v2\/product"}],"about":[{"href":"https:\/\/wpguerssen-test.odoo.rgbconsulting.com\/es\/wp-json\/wp\/v2\/types\/product"}],"wp:featuredmedia":[{"embeddable":true,"href":"https:\/\/wpguerssen-test.odoo.rgbconsulting.com\/es\/wp-json\/wp\/v2\/media\/272624"}],"wp:attachment":[{"href":"https:\/\/wpguerssen-test.odoo.rgbconsulting.com\/es\/wp-json\/wp\/v2\/media?parent=272636"}],"wp:term":[{"taxonomy":"product_brand","embeddable":true,"href":"https:\/\/wpguerssen-test.odoo.rgbconsulting.com\/es\/wp-json\/wp\/v2\/product_brand?post=272636"},{"taxonomy":"product_cat","embeddable":true,"href":"https:\/\/wpguerssen-test.odoo.rgbconsulting.com\/es\/wp-json\/wp\/v2\/product_cat?post=272636"},{"taxonomy":"product_tag","embeddable":true,"href":"https:\/\/wpguerssen-test.odoo.rgbconsulting.com\/es\/wp-json\/wp\/v2\/product_tag?post=272636"}],"curies":[{"name":"wp","href":"https:\/\/api.w.org\/{rel}","templated":true}]}}