{"id":272724,"date":"2025-02-03T00:00:00","date_gmt":"2025-02-02T23:00:00","guid":{"rendered":"https:\/\/wpguerssen-test.odoo.rgbconsulting.com\/product\/colour-green-clear-green\/"},"modified":"2025-04-24T17:19:58","modified_gmt":"2025-04-24T15:19:58","slug":"colour-green-clear-green","status":"publish","type":"product","link":"https:\/\/wpguerssen-test.odoo.rgbconsulting.com\/es\/producto\/colour-green-clear-green\/","title":{"rendered":"Colour Green (Clear Green)"},"content":{"rendered":"<p>Color Green se grab\u00f3 en una grabadora de cinta en la casa de Baier en Alemania. Parte del \u00e1lbum se inspir\u00f3 en un viaje por Europa de Baier y su amiga Claudine. La instrumentaci\u00f3n en la mayor parte del \u00e1lbum es m\u00ednima y presenta \u00fanicamente la voz de Baier y una guitarra con cuerdas de nailon. Sin embargo, la \u00faltima pista del \u00e1lbum, \u00abGive Me a Smile\u00bb, presenta una secci\u00f3n de cuerdas orquestada y un \u00f3rgano electr\u00f3nico, y Baier toca una guitarra con cuerdas de acero en lugar de una con cuerdas de nailon. Unos 30 a\u00f1os despu\u00e9s de que se grabaran estas canciones. , Robby, el hijo de Baier, compil\u00f3 un CD de estas grabaciones para regal\u00e1rselo a los miembros de la familia. Tambi\u00e9n le dio una copia a J Mascis de Dinosaur Jr, quien ayud\u00f3 a finalizar el primer lanzamiento oficial.<\/p>\n","protected":false},"excerpt":{"rendered":"<p>Color Green se grab\u00f3 en una grabadora de cinta en la casa de Baier en Alemania. Parte del \u00e1lbum se inspir\u00f3 en un viaje por Europa de Baier y su amiga Claudine.<a class=\"read\" href=\"https:\/\/wpguerssen-test.odoo.rgbconsulting.com\/es\/producto\/colour-green-clear-green\/\"> (...)<\/a>","protected":false},"featured_media":272691,"template":"","meta":{"_acf_changed":false},"product_brand":[],"product_cat":[23271],"product_tag":[29140,24185],"class_list":{"0":"post-272724","1":"product","2":"type-product","3":"status-publish","4":"has-post-thumbnail","6":"product_cat-folk-60s-70s-es","7":"product_tag-color-vinyl-es","8":"product_tag-de-nuevo-en-existencia","9":"pa_artist-baier-sibylle","10":"pa_format-lp-es","11":"pa_gender-folk-60s-70s","12":"pa_label-klimt","13":"pa_location-europe-es","14":"pa_other-filters-vinyl-only-es","16":"first","17":"instock","18":"taxable","19":"shipping-taxable","20":"purchasable","21":"product-type-simple"},"acf":[],"yoast_head":"<!-- This site is optimized with the Yoast SEO plugin v24.9 - https:\/\/yoast.com\/wordpress\/plugins\/seo\/ -->\n<title>BAIER, Sibylle - Colour Green (Clear Green) -  (LP) | Guerssen<\/title>\n<meta name=\"description\" content=\"Colour Green was recorded on a reel-to-reel tape recorder in Baier&#039;s home in Germany. Part of the album was inspired by a trip through Europe by Baier and her friend Claudine. The instrumentation on most of the album is minimal, featuring only Baier&#039;s voice and nylon-string guitar. However, the last track on the album, &quot;Give Me a Smile&quot;, features an orchestrated string section and an electronic organ, and Baier plays a steel-string guitar instead of a nylon-strung one. Some 30 years after these songs were recorded, Baier&#039;s son Robby compiled a CD from these recordings to give to family members as presents. He also gave a copy to Dinosaur Jr&#039;s J Mascis, who helped finalize the first official release of it.\" \/>\n<meta name=\"robots\" content=\"index, follow, max-snippet:-1, max-image-preview:large, max-video-preview:-1\" \/>\n<link rel=\"canonical\" href=\"https:\/\/wpguerssen-test.odoo.rgbconsulting.com\/es\/producto\/colour-green-clear-green\/\" \/>\n<meta property=\"og:locale\" content=\"es_ES\" \/>\n<meta property=\"og:type\" content=\"article\" \/>\n<meta property=\"og:title\" content=\"BAIER, Sibylle - Colour Green (Clear Green) -  (LP) | Guerssen\" \/>\n<meta property=\"og:description\" content=\"Colour Green was recorded on a reel-to-reel tape recorder in Baier&#039;s home in Germany. Part of the album was inspired by a trip through Europe by Baier and her friend Claudine. The instrumentation on most of the album is minimal, featuring only Baier&#039;s voice and nylon-string guitar. However, the last track on the album, &quot;Give Me a Smile&quot;, features an orchestrated string section and an electronic organ, and Baier plays a steel-string guitar instead of a nylon-strung one. Some 30 years after these songs were recorded, Baier&#039;s son Robby compiled a CD from these recordings to give to family members as presents. He also gave a copy to Dinosaur Jr&#039;s J Mascis, who helped finalize the first official release of it.\" \/>\n<meta property=\"og:url\" content=\"https:\/\/wpguerssen-test.odoo.rgbconsulting.com\/es\/producto\/colour-green-clear-green\/\" \/>\n<meta property=\"og:site_name\" content=\"Guerssen records\" \/>\n<meta property=\"article:modified_time\" content=\"2025-04-24T15:19:58+00:00\" \/>\n<meta property=\"og:image\" content=\"https:\/\/wpguerssen-test.odoo.rgbconsulting.com\/wp-content\/uploads\/2024\/07\/48424.jpg\" \/>\n\t<meta property=\"og:image:width\" content=\"945\" \/>\n\t<meta property=\"og:image:height\" content=\"945\" \/>\n\t<meta property=\"og:image:type\" content=\"image\/jpeg\" \/>\n<meta name=\"twitter:card\" content=\"summary_large_image\" \/>\n<meta name=\"twitter:title\" content=\"BAIER, Sibylle - Colour Green (Clear Green) -  (LP) | Guerssen\" \/>\n<meta name=\"twitter:label1\" content=\"Tiempo de lectura\" \/>\n\t<meta name=\"twitter:data1\" content=\"1 minuto\" \/>\n<script type=\"application\/ld+json\" class=\"yoast-schema-graph\">{\"@context\":\"https:\/\/schema.org\",\"@graph\":[{\"@type\":\"WebPage\",\"@id\":\"https:\/\/wpguerssen-test.odoo.rgbconsulting.com\/es\/producto\/colour-green-clear-green\/\",\"url\":\"https:\/\/wpguerssen-test.odoo.rgbconsulting.com\/es\/producto\/colour-green-clear-green\/\",\"name\":\"BAIER, Sibylle - Colour Green (Clear Green) - (LP) | Guerssen\",\"isPartOf\":{\"@id\":\"https:\/\/wpguerssen-test.odoo.rgbconsulting.com\/es\/#website\"},\"primaryImageOfPage\":{\"@id\":\"https:\/\/wpguerssen-test.odoo.rgbconsulting.com\/es\/producto\/colour-green-clear-green\/#primaryimage\"},\"image\":{\"@id\":\"https:\/\/wpguerssen-test.odoo.rgbconsulting.com\/es\/producto\/colour-green-clear-green\/#primaryimage\"},\"thumbnailUrl\":\"https:\/\/wpguerssen-test.odoo.rgbconsulting.com\/wp-content\/uploads\/2024\/07\/48424.jpg\",\"datePublished\":\"2025-02-02T23:00:00+00:00\",\"dateModified\":\"2025-04-24T15:19:58+00:00\",\"description\":\"Colour Green was recorded on a reel-to-reel tape recorder in Baier's home in Germany. Part of the album was inspired by a trip through Europe by Baier and her friend Claudine. The instrumentation on most of the album is minimal, featuring only Baier's voice and nylon-string guitar. However, the last track on the album, \\\"Give Me a Smile\\\", features an orchestrated string section and an electronic organ, and Baier plays a steel-string guitar instead of a nylon-strung one. Some 30 years after these songs were recorded, Baier's son Robby compiled a CD from these recordings to give to family members as presents. He also gave a copy to Dinosaur Jr's J Mascis, who helped finalize the first official release of it.\",\"breadcrumb\":{\"@id\":\"https:\/\/wpguerssen-test.odoo.rgbconsulting.com\/es\/producto\/colour-green-clear-green\/#breadcrumb\"},\"inLanguage\":\"es\",\"potentialAction\":[{\"@type\":\"ReadAction\",\"target\":[\"https:\/\/wpguerssen-test.odoo.rgbconsulting.com\/es\/producto\/colour-green-clear-green\/\"]}]},{\"@type\":\"ImageObject\",\"inLanguage\":\"es\",\"@id\":\"https:\/\/wpguerssen-test.odoo.rgbconsulting.com\/es\/producto\/colour-green-clear-green\/#primaryimage\",\"url\":\"https:\/\/wpguerssen-test.odoo.rgbconsulting.com\/wp-content\/uploads\/2024\/07\/48424.jpg\",\"contentUrl\":\"https:\/\/wpguerssen-test.odoo.rgbconsulting.com\/wp-content\/uploads\/2024\/07\/48424.jpg\",\"width\":945,\"height\":945,\"caption\":\"Sibylle - Colour Green (Clear Green) - KLIMT (LP) | Guerssen\"},{\"@type\":\"BreadcrumbList\",\"@id\":\"https:\/\/wpguerssen-test.odoo.rgbconsulting.com\/es\/producto\/colour-green-clear-green\/#breadcrumb\",\"itemListElement\":[{\"@type\":\"ListItem\",\"position\":1,\"name\":\"Inicio\",\"item\":\"https:\/\/wpguerssen-test.odoo.rgbconsulting.com\/es\/\"},{\"@type\":\"ListItem\",\"position\":2,\"name\":\"Shop\",\"item\":\"https:\/\/wpguerssen-test.odoo.rgbconsulting.com\/shop\/\"},{\"@type\":\"ListItem\",\"position\":3,\"name\":\"Colour Green (Clear Green)\"}]},{\"@type\":\"WebSite\",\"@id\":\"https:\/\/wpguerssen-test.odoo.rgbconsulting.com\/es\/#website\",\"url\":\"https:\/\/wpguerssen-test.odoo.rgbconsulting.com\/es\/\",\"name\":\"Guerssen records\",\"description\":\"psychedelia - progressive - folk - garage \",\"publisher\":{\"@id\":\"https:\/\/wpguerssen-test.odoo.rgbconsulting.com\/es\/#organization\"},\"potentialAction\":[{\"@type\":\"SearchAction\",\"target\":{\"@type\":\"EntryPoint\",\"urlTemplate\":\"https:\/\/wpguerssen-test.odoo.rgbconsulting.com\/es\/?s={search_term_string}\"},\"query-input\":{\"@type\":\"PropertyValueSpecification\",\"valueRequired\":true,\"valueName\":\"search_term_string\"}}],\"inLanguage\":\"es\"},{\"@type\":\"Organization\",\"@id\":\"https:\/\/wpguerssen-test.odoo.rgbconsulting.com\/es\/#organization\",\"name\":\"Guerssen records\",\"url\":\"https:\/\/wpguerssen-test.odoo.rgbconsulting.com\/es\/\",\"logo\":{\"@type\":\"ImageObject\",\"inLanguage\":\"es\",\"@id\":\"https:\/\/wpguerssen-test.odoo.rgbconsulting.com\/es\/#\/schema\/logo\/image\/\",\"url\":\"https:\/\/wpguerssen-test.odoo.rgbconsulting.com\/wp-content\/uploads\/2022\/04\/Logo_Guerssen_trans_100.png\",\"contentUrl\":\"https:\/\/wpguerssen-test.odoo.rgbconsulting.com\/wp-content\/uploads\/2022\/04\/Logo_Guerssen_trans_100.png\",\"width\":122,\"height\":100,\"caption\":\"Guerssen records\"},\"image\":{\"@id\":\"https:\/\/wpguerssen-test.odoo.rgbconsulting.com\/es\/#\/schema\/logo\/image\/\"}}]}<\/script>\n<!-- \/ Yoast SEO plugin. -->","yoast_head_json":{"title":"BAIER, Sibylle - Colour Green (Clear Green) -  (LP) | Guerssen","description":"Colour Green was recorded on a reel-to-reel tape recorder in Baier's home in Germany. Part of the album was inspired by a trip through Europe by Baier and her friend Claudine. The instrumentation on most of the album is minimal, featuring only Baier's voice and nylon-string guitar. However, the last track on the album, \"Give Me a Smile\", features an orchestrated string section and an electronic organ, and Baier plays a steel-string guitar instead of a nylon-strung one. Some 30 years after these songs were recorded, Baier's son Robby compiled a CD from these recordings to give to family members as presents. He also gave a copy to Dinosaur Jr's J Mascis, who helped finalize the first official release of it.","robots":{"index":"index","follow":"follow","max-snippet":"max-snippet:-1","max-image-preview":"max-image-preview:large","max-video-preview":"max-video-preview:-1"},"canonical":"https:\/\/wpguerssen-test.odoo.rgbconsulting.com\/es\/producto\/colour-green-clear-green\/","og_locale":"es_ES","og_type":"article","og_title":"BAIER, Sibylle - Colour Green (Clear Green) -  (LP) | Guerssen","og_description":"Colour Green was recorded on a reel-to-reel tape recorder in Baier's home in Germany. Part of the album was inspired by a trip through Europe by Baier and her friend Claudine. The instrumentation on most of the album is minimal, featuring only Baier's voice and nylon-string guitar. However, the last track on the album, \"Give Me a Smile\", features an orchestrated string section and an electronic organ, and Baier plays a steel-string guitar instead of a nylon-strung one. Some 30 years after these songs were recorded, Baier's son Robby compiled a CD from these recordings to give to family members as presents. He also gave a copy to Dinosaur Jr's J Mascis, who helped finalize the first official release of it.","og_url":"https:\/\/wpguerssen-test.odoo.rgbconsulting.com\/es\/producto\/colour-green-clear-green\/","og_site_name":"Guerssen records","article_modified_time":"2025-04-24T15:19:58+00:00","og_image":[{"url":"https:\/\/wpguerssen-test.odoo.rgbconsulting.com\/wp-content\/uploads\/2024\/07\/48424.jpg","width":945,"height":945,"type":"image\/jpeg"}],"twitter_card":"summary_large_image","twitter_title":"BAIER, Sibylle - Colour Green (Clear Green) -  (LP) | Guerssen","twitter_misc":{"Tiempo de lectura":"1 minuto"},"schema":{"@context":"https:\/\/schema.org","@graph":[{"@type":"WebPage","@id":"https:\/\/wpguerssen-test.odoo.rgbconsulting.com\/es\/producto\/colour-green-clear-green\/","url":"https:\/\/wpguerssen-test.odoo.rgbconsulting.com\/es\/producto\/colour-green-clear-green\/","name":"BAIER, Sibylle - Colour Green (Clear Green) - (LP) | Guerssen","isPartOf":{"@id":"https:\/\/wpguerssen-test.odoo.rgbconsulting.com\/es\/#website"},"primaryImageOfPage":{"@id":"https:\/\/wpguerssen-test.odoo.rgbconsulting.com\/es\/producto\/colour-green-clear-green\/#primaryimage"},"image":{"@id":"https:\/\/wpguerssen-test.odoo.rgbconsulting.com\/es\/producto\/colour-green-clear-green\/#primaryimage"},"thumbnailUrl":"https:\/\/wpguerssen-test.odoo.rgbconsulting.com\/wp-content\/uploads\/2024\/07\/48424.jpg","datePublished":"2025-02-02T23:00:00+00:00","dateModified":"2025-04-24T15:19:58+00:00","description":"Colour Green was recorded on a reel-to-reel tape recorder in Baier's home in Germany. Part of the album was inspired by a trip through Europe by Baier and her friend Claudine. The instrumentation on most of the album is minimal, featuring only Baier's voice and nylon-string guitar. However, the last track on the album, \"Give Me a Smile\", features an orchestrated string section and an electronic organ, and Baier plays a steel-string guitar instead of a nylon-strung one. Some 30 years after these songs were recorded, Baier's son Robby compiled a CD from these recordings to give to family members as presents. He also gave a copy to Dinosaur Jr's J Mascis, who helped finalize the first official release of it.","breadcrumb":{"@id":"https:\/\/wpguerssen-test.odoo.rgbconsulting.com\/es\/producto\/colour-green-clear-green\/#breadcrumb"},"inLanguage":"es","potentialAction":[{"@type":"ReadAction","target":["https:\/\/wpguerssen-test.odoo.rgbconsulting.com\/es\/producto\/colour-green-clear-green\/"]}]},{"@type":"ImageObject","inLanguage":"es","@id":"https:\/\/wpguerssen-test.odoo.rgbconsulting.com\/es\/producto\/colour-green-clear-green\/#primaryimage","url":"https:\/\/wpguerssen-test.odoo.rgbconsulting.com\/wp-content\/uploads\/2024\/07\/48424.jpg","contentUrl":"https:\/\/wpguerssen-test.odoo.rgbconsulting.com\/wp-content\/uploads\/2024\/07\/48424.jpg","width":945,"height":945,"caption":"Sibylle - Colour Green (Clear Green) - KLIMT (LP) | Guerssen"},{"@type":"BreadcrumbList","@id":"https:\/\/wpguerssen-test.odoo.rgbconsulting.com\/es\/producto\/colour-green-clear-green\/#breadcrumb","itemListElement":[{"@type":"ListItem","position":1,"name":"Inicio","item":"https:\/\/wpguerssen-test.odoo.rgbconsulting.com\/es\/"},{"@type":"ListItem","position":2,"name":"Shop","item":"https:\/\/wpguerssen-test.odoo.rgbconsulting.com\/shop\/"},{"@type":"ListItem","position":3,"name":"Colour Green (Clear Green)"}]},{"@type":"WebSite","@id":"https:\/\/wpguerssen-test.odoo.rgbconsulting.com\/es\/#website","url":"https:\/\/wpguerssen-test.odoo.rgbconsulting.com\/es\/","name":"Guerssen records","description":"psychedelia - progressive - folk - garage ","publisher":{"@id":"https:\/\/wpguerssen-test.odoo.rgbconsulting.com\/es\/#organization"},"potentialAction":[{"@type":"SearchAction","target":{"@type":"EntryPoint","urlTemplate":"https:\/\/wpguerssen-test.odoo.rgbconsulting.com\/es\/?s={search_term_string}"},"query-input":{"@type":"PropertyValueSpecification","valueRequired":true,"valueName":"search_term_string"}}],"inLanguage":"es"},{"@type":"Organization","@id":"https:\/\/wpguerssen-test.odoo.rgbconsulting.com\/es\/#organization","name":"Guerssen records","url":"https:\/\/wpguerssen-test.odoo.rgbconsulting.com\/es\/","logo":{"@type":"ImageObject","inLanguage":"es","@id":"https:\/\/wpguerssen-test.odoo.rgbconsulting.com\/es\/#\/schema\/logo\/image\/","url":"https:\/\/wpguerssen-test.odoo.rgbconsulting.com\/wp-content\/uploads\/2022\/04\/Logo_Guerssen_trans_100.png","contentUrl":"https:\/\/wpguerssen-test.odoo.rgbconsulting.com\/wp-content\/uploads\/2022\/04\/Logo_Guerssen_trans_100.png","width":122,"height":100,"caption":"Guerssen records"},"image":{"@id":"https:\/\/wpguerssen-test.odoo.rgbconsulting.com\/es\/#\/schema\/logo\/image\/"}}]}},"_links":{"self":[{"href":"https:\/\/wpguerssen-test.odoo.rgbconsulting.com\/es\/wp-json\/wp\/v2\/product\/272724","targetHints":{"allow":["GET"]}}],"collection":[{"href":"https:\/\/wpguerssen-test.odoo.rgbconsulting.com\/es\/wp-json\/wp\/v2\/product"}],"about":[{"href":"https:\/\/wpguerssen-test.odoo.rgbconsulting.com\/es\/wp-json\/wp\/v2\/types\/product"}],"wp:featuredmedia":[{"embeddable":true,"href":"https:\/\/wpguerssen-test.odoo.rgbconsulting.com\/es\/wp-json\/wp\/v2\/media\/272691"}],"wp:attachment":[{"href":"https:\/\/wpguerssen-test.odoo.rgbconsulting.com\/es\/wp-json\/wp\/v2\/media?parent=272724"}],"wp:term":[{"taxonomy":"product_brand","embeddable":true,"href":"https:\/\/wpguerssen-test.odoo.rgbconsulting.com\/es\/wp-json\/wp\/v2\/product_brand?post=272724"},{"taxonomy":"product_cat","embeddable":true,"href":"https:\/\/wpguerssen-test.odoo.rgbconsulting.com\/es\/wp-json\/wp\/v2\/product_cat?post=272724"},{"taxonomy":"product_tag","embeddable":true,"href":"https:\/\/wpguerssen-test.odoo.rgbconsulting.com\/es\/wp-json\/wp\/v2\/product_tag?post=272724"}],"curies":[{"name":"wp","href":"https:\/\/api.w.org\/{rel}","templated":true}]}}