{"id":272725,"date":"2025-02-03T00:00:00","date_gmt":"2025-02-02T23:00:00","guid":{"rendered":"https:\/\/wpguerssen-test.odoo.rgbconsulting.com\/product\/big-star-1-blue-jay\/"},"modified":"2025-04-11T13:20:17","modified_gmt":"2025-04-11T11:20:17","slug":"big-star-1-blue-jay","status":"publish","type":"product","link":"https:\/\/wpguerssen-test.odoo.rgbconsulting.com\/es\/producto\/big-star-1-blue-jay\/","title":{"rendered":"Big Star #1 (Blue Jay)"},"content":{"rendered":"<p>El legado de #1 superado con creces las decepciones comerciales originales de ambos \u00e1lbumes (Radio City y #1 Record), que ahora son considerados hitos en la historia del rock tanto por cr\u00edticos como por m\u00fasicos. El LP lleg\u00f3 a la lista de los 500 \u00abmejores \u00e1lbumes de todos los tiempos\u00bb de Rolling Stone, y numerosos artistas (Elliott Smith, Beck y Jeff Buckley, por nombrar algunos) han grabado versiones de las canciones de la banda.<\/p>\n","protected":false},"excerpt":{"rendered":"<p>El legado de #1 superado con creces las decepciones comerciales originales de ambos \u00e1lbumes (Radio City y #1 Record), que ahora son considerados hitos en la historia<a class=\"read\" href=\"https:\/\/wpguerssen-test.odoo.rgbconsulting.com\/es\/producto\/big-star-1-blue-jay\/\"> (...)<\/a>","protected":false},"featured_media":272694,"template":"","meta":{"_acf_changed":false},"product_brand":[],"product_cat":[23236],"product_tag":[29140],"class_list":{"0":"post-272725","1":"product","2":"type-product","3":"status-publish","4":"has-post-thumbnail","6":"product_cat-power-pop-es","7":"product_tag-color-vinyl-es","8":"pa_artist-big-star","9":"pa_format-lp-es","10":"pa_gender-power-pop","11":"pa_label-klimt","12":"pa_location-north-america-es","13":"pa_other-filters-vinyl-only-es","15":"first","16":"instock","17":"taxable","18":"shipping-taxable","19":"purchasable","20":"product-type-simple"},"acf":[],"yoast_head":"<!-- This site is optimized with the Yoast SEO plugin v24.9 - https:\/\/yoast.com\/wordpress\/plugins\/seo\/ -->\n<title>BIG STAR - Big Star #1 (Blue Jay) -  (LP) | Guerssen<\/title>\n<meta name=\"description\" content=\"The legacy of #1 Record has far exceeded the original commercial letdowns of both albums (Radio City and #1 Record), which are now considered to be milestones in the history of rock by critics and musicians alike. The LP made it onto Rolling Stone&#039;s 500 &quot;Greatest Albums of All Time&quot; lists, and numerous artists (Elliott Smith, Beck and Jeff Buckley to name a few) have recorded covers of the band&#039;s songs.\" \/>\n<meta name=\"robots\" content=\"index, follow, max-snippet:-1, max-image-preview:large, max-video-preview:-1\" \/>\n<link rel=\"canonical\" href=\"https:\/\/wpguerssen-test.odoo.rgbconsulting.com\/es\/producto\/big-star-1-blue-jay\/\" \/>\n<meta property=\"og:locale\" content=\"es_ES\" \/>\n<meta property=\"og:type\" content=\"article\" \/>\n<meta property=\"og:title\" content=\"BIG STAR - Big Star #1 (Blue Jay) -  (LP) | Guerssen\" \/>\n<meta property=\"og:description\" content=\"The legacy of #1 Record has far exceeded the original commercial letdowns of both albums (Radio City and #1 Record), which are now considered to be milestones in the history of rock by critics and musicians alike. The LP made it onto Rolling Stone&#039;s 500 &quot;Greatest Albums of All Time&quot; lists, and numerous artists (Elliott Smith, Beck and Jeff Buckley to name a few) have recorded covers of the band&#039;s songs.\" \/>\n<meta property=\"og:url\" content=\"https:\/\/wpguerssen-test.odoo.rgbconsulting.com\/es\/producto\/big-star-1-blue-jay\/\" \/>\n<meta property=\"og:site_name\" content=\"Guerssen records\" \/>\n<meta property=\"article:modified_time\" content=\"2025-04-11T11:20:17+00:00\" \/>\n<meta property=\"og:image\" content=\"https:\/\/wpguerssen-test.odoo.rgbconsulting.com\/wp-content\/uploads\/2024\/07\/48425.jpg\" \/>\n\t<meta property=\"og:image:width\" content=\"945\" \/>\n\t<meta property=\"og:image:height\" content=\"946\" \/>\n\t<meta property=\"og:image:type\" content=\"image\/jpeg\" \/>\n<meta name=\"twitter:card\" content=\"summary_large_image\" \/>\n<meta name=\"twitter:title\" content=\"BIG STAR - Big Star #1 (Blue Jay) -  (LP) | Guerssen\" \/>\n<script type=\"application\/ld+json\" class=\"yoast-schema-graph\">{\"@context\":\"https:\/\/schema.org\",\"@graph\":[{\"@type\":\"WebPage\",\"@id\":\"https:\/\/wpguerssen-test.odoo.rgbconsulting.com\/es\/producto\/big-star-1-blue-jay\/\",\"url\":\"https:\/\/wpguerssen-test.odoo.rgbconsulting.com\/es\/producto\/big-star-1-blue-jay\/\",\"name\":\"BIG STAR - Big Star #1 (Blue Jay) - (LP) | Guerssen\",\"isPartOf\":{\"@id\":\"https:\/\/wpguerssen-test.odoo.rgbconsulting.com\/es\/#website\"},\"primaryImageOfPage\":{\"@id\":\"https:\/\/wpguerssen-test.odoo.rgbconsulting.com\/es\/producto\/big-star-1-blue-jay\/#primaryimage\"},\"image\":{\"@id\":\"https:\/\/wpguerssen-test.odoo.rgbconsulting.com\/es\/producto\/big-star-1-blue-jay\/#primaryimage\"},\"thumbnailUrl\":\"https:\/\/wpguerssen-test.odoo.rgbconsulting.com\/wp-content\/uploads\/2024\/07\/48425.jpg\",\"datePublished\":\"2025-02-02T23:00:00+00:00\",\"dateModified\":\"2025-04-11T11:20:17+00:00\",\"description\":\"The legacy of #1 Record has far exceeded the original commercial letdowns of both albums (Radio City and #1 Record), which are now considered to be milestones in the history of rock by critics and musicians alike. The LP made it onto Rolling Stone's 500 \\\"Greatest Albums of All Time\\\" lists, and numerous artists (Elliott Smith, Beck and Jeff Buckley to name a few) have recorded covers of the band's songs.\",\"breadcrumb\":{\"@id\":\"https:\/\/wpguerssen-test.odoo.rgbconsulting.com\/es\/producto\/big-star-1-blue-jay\/#breadcrumb\"},\"inLanguage\":\"es\",\"potentialAction\":[{\"@type\":\"ReadAction\",\"target\":[\"https:\/\/wpguerssen-test.odoo.rgbconsulting.com\/es\/producto\/big-star-1-blue-jay\/\"]}]},{\"@type\":\"ImageObject\",\"inLanguage\":\"es\",\"@id\":\"https:\/\/wpguerssen-test.odoo.rgbconsulting.com\/es\/producto\/big-star-1-blue-jay\/#primaryimage\",\"url\":\"https:\/\/wpguerssen-test.odoo.rgbconsulting.com\/wp-content\/uploads\/2024\/07\/48425.jpg\",\"contentUrl\":\"https:\/\/wpguerssen-test.odoo.rgbconsulting.com\/wp-content\/uploads\/2024\/07\/48425.jpg\",\"width\":945,\"height\":946},{\"@type\":\"BreadcrumbList\",\"@id\":\"https:\/\/wpguerssen-test.odoo.rgbconsulting.com\/es\/producto\/big-star-1-blue-jay\/#breadcrumb\",\"itemListElement\":[{\"@type\":\"ListItem\",\"position\":1,\"name\":\"Inicio\",\"item\":\"https:\/\/wpguerssen-test.odoo.rgbconsulting.com\/es\/\"},{\"@type\":\"ListItem\",\"position\":2,\"name\":\"Shop\",\"item\":\"https:\/\/wpguerssen-test.odoo.rgbconsulting.com\/shop\/\"},{\"@type\":\"ListItem\",\"position\":3,\"name\":\"Big Star #1 (Blue Jay)\"}]},{\"@type\":\"WebSite\",\"@id\":\"https:\/\/wpguerssen-test.odoo.rgbconsulting.com\/es\/#website\",\"url\":\"https:\/\/wpguerssen-test.odoo.rgbconsulting.com\/es\/\",\"name\":\"Guerssen records\",\"description\":\"psychedelia - progressive - folk - garage \",\"publisher\":{\"@id\":\"https:\/\/wpguerssen-test.odoo.rgbconsulting.com\/es\/#organization\"},\"potentialAction\":[{\"@type\":\"SearchAction\",\"target\":{\"@type\":\"EntryPoint\",\"urlTemplate\":\"https:\/\/wpguerssen-test.odoo.rgbconsulting.com\/es\/?s={search_term_string}\"},\"query-input\":{\"@type\":\"PropertyValueSpecification\",\"valueRequired\":true,\"valueName\":\"search_term_string\"}}],\"inLanguage\":\"es\"},{\"@type\":\"Organization\",\"@id\":\"https:\/\/wpguerssen-test.odoo.rgbconsulting.com\/es\/#organization\",\"name\":\"Guerssen records\",\"url\":\"https:\/\/wpguerssen-test.odoo.rgbconsulting.com\/es\/\",\"logo\":{\"@type\":\"ImageObject\",\"inLanguage\":\"es\",\"@id\":\"https:\/\/wpguerssen-test.odoo.rgbconsulting.com\/es\/#\/schema\/logo\/image\/\",\"url\":\"https:\/\/wpguerssen-test.odoo.rgbconsulting.com\/wp-content\/uploads\/2022\/04\/Logo_Guerssen_trans_100.png\",\"contentUrl\":\"https:\/\/wpguerssen-test.odoo.rgbconsulting.com\/wp-content\/uploads\/2022\/04\/Logo_Guerssen_trans_100.png\",\"width\":122,\"height\":100,\"caption\":\"Guerssen records\"},\"image\":{\"@id\":\"https:\/\/wpguerssen-test.odoo.rgbconsulting.com\/es\/#\/schema\/logo\/image\/\"}}]}<\/script>\n<!-- \/ Yoast SEO plugin. -->","yoast_head_json":{"title":"BIG STAR - Big Star #1 (Blue Jay) -  (LP) | Guerssen","description":"The legacy of #1 Record has far exceeded the original commercial letdowns of both albums (Radio City and #1 Record), which are now considered to be milestones in the history of rock by critics and musicians alike. The LP made it onto Rolling Stone's 500 \"Greatest Albums of All Time\" lists, and numerous artists (Elliott Smith, Beck and Jeff Buckley to name a few) have recorded covers of the band's songs.","robots":{"index":"index","follow":"follow","max-snippet":"max-snippet:-1","max-image-preview":"max-image-preview:large","max-video-preview":"max-video-preview:-1"},"canonical":"https:\/\/wpguerssen-test.odoo.rgbconsulting.com\/es\/producto\/big-star-1-blue-jay\/","og_locale":"es_ES","og_type":"article","og_title":"BIG STAR - Big Star #1 (Blue Jay) -  (LP) | Guerssen","og_description":"The legacy of #1 Record has far exceeded the original commercial letdowns of both albums (Radio City and #1 Record), which are now considered to be milestones in the history of rock by critics and musicians alike. The LP made it onto Rolling Stone's 500 \"Greatest Albums of All Time\" lists, and numerous artists (Elliott Smith, Beck and Jeff Buckley to name a few) have recorded covers of the band's songs.","og_url":"https:\/\/wpguerssen-test.odoo.rgbconsulting.com\/es\/producto\/big-star-1-blue-jay\/","og_site_name":"Guerssen records","article_modified_time":"2025-04-11T11:20:17+00:00","og_image":[{"width":945,"height":946,"url":"https:\/\/wpguerssen-test.odoo.rgbconsulting.com\/wp-content\/uploads\/2024\/07\/48425.jpg","type":"image\/jpeg"}],"twitter_card":"summary_large_image","twitter_title":"BIG STAR - Big Star #1 (Blue Jay) -  (LP) | Guerssen","schema":{"@context":"https:\/\/schema.org","@graph":[{"@type":"WebPage","@id":"https:\/\/wpguerssen-test.odoo.rgbconsulting.com\/es\/producto\/big-star-1-blue-jay\/","url":"https:\/\/wpguerssen-test.odoo.rgbconsulting.com\/es\/producto\/big-star-1-blue-jay\/","name":"BIG STAR - Big Star #1 (Blue Jay) - (LP) | Guerssen","isPartOf":{"@id":"https:\/\/wpguerssen-test.odoo.rgbconsulting.com\/es\/#website"},"primaryImageOfPage":{"@id":"https:\/\/wpguerssen-test.odoo.rgbconsulting.com\/es\/producto\/big-star-1-blue-jay\/#primaryimage"},"image":{"@id":"https:\/\/wpguerssen-test.odoo.rgbconsulting.com\/es\/producto\/big-star-1-blue-jay\/#primaryimage"},"thumbnailUrl":"https:\/\/wpguerssen-test.odoo.rgbconsulting.com\/wp-content\/uploads\/2024\/07\/48425.jpg","datePublished":"2025-02-02T23:00:00+00:00","dateModified":"2025-04-11T11:20:17+00:00","description":"The legacy of #1 Record has far exceeded the original commercial letdowns of both albums (Radio City and #1 Record), which are now considered to be milestones in the history of rock by critics and musicians alike. The LP made it onto Rolling Stone's 500 \"Greatest Albums of All Time\" lists, and numerous artists (Elliott Smith, Beck and Jeff Buckley to name a few) have recorded covers of the band's songs.","breadcrumb":{"@id":"https:\/\/wpguerssen-test.odoo.rgbconsulting.com\/es\/producto\/big-star-1-blue-jay\/#breadcrumb"},"inLanguage":"es","potentialAction":[{"@type":"ReadAction","target":["https:\/\/wpguerssen-test.odoo.rgbconsulting.com\/es\/producto\/big-star-1-blue-jay\/"]}]},{"@type":"ImageObject","inLanguage":"es","@id":"https:\/\/wpguerssen-test.odoo.rgbconsulting.com\/es\/producto\/big-star-1-blue-jay\/#primaryimage","url":"https:\/\/wpguerssen-test.odoo.rgbconsulting.com\/wp-content\/uploads\/2024\/07\/48425.jpg","contentUrl":"https:\/\/wpguerssen-test.odoo.rgbconsulting.com\/wp-content\/uploads\/2024\/07\/48425.jpg","width":945,"height":946},{"@type":"BreadcrumbList","@id":"https:\/\/wpguerssen-test.odoo.rgbconsulting.com\/es\/producto\/big-star-1-blue-jay\/#breadcrumb","itemListElement":[{"@type":"ListItem","position":1,"name":"Inicio","item":"https:\/\/wpguerssen-test.odoo.rgbconsulting.com\/es\/"},{"@type":"ListItem","position":2,"name":"Shop","item":"https:\/\/wpguerssen-test.odoo.rgbconsulting.com\/shop\/"},{"@type":"ListItem","position":3,"name":"Big Star #1 (Blue Jay)"}]},{"@type":"WebSite","@id":"https:\/\/wpguerssen-test.odoo.rgbconsulting.com\/es\/#website","url":"https:\/\/wpguerssen-test.odoo.rgbconsulting.com\/es\/","name":"Guerssen records","description":"psychedelia - progressive - folk - garage ","publisher":{"@id":"https:\/\/wpguerssen-test.odoo.rgbconsulting.com\/es\/#organization"},"potentialAction":[{"@type":"SearchAction","target":{"@type":"EntryPoint","urlTemplate":"https:\/\/wpguerssen-test.odoo.rgbconsulting.com\/es\/?s={search_term_string}"},"query-input":{"@type":"PropertyValueSpecification","valueRequired":true,"valueName":"search_term_string"}}],"inLanguage":"es"},{"@type":"Organization","@id":"https:\/\/wpguerssen-test.odoo.rgbconsulting.com\/es\/#organization","name":"Guerssen records","url":"https:\/\/wpguerssen-test.odoo.rgbconsulting.com\/es\/","logo":{"@type":"ImageObject","inLanguage":"es","@id":"https:\/\/wpguerssen-test.odoo.rgbconsulting.com\/es\/#\/schema\/logo\/image\/","url":"https:\/\/wpguerssen-test.odoo.rgbconsulting.com\/wp-content\/uploads\/2022\/04\/Logo_Guerssen_trans_100.png","contentUrl":"https:\/\/wpguerssen-test.odoo.rgbconsulting.com\/wp-content\/uploads\/2022\/04\/Logo_Guerssen_trans_100.png","width":122,"height":100,"caption":"Guerssen records"},"image":{"@id":"https:\/\/wpguerssen-test.odoo.rgbconsulting.com\/es\/#\/schema\/logo\/image\/"}}]}},"_links":{"self":[{"href":"https:\/\/wpguerssen-test.odoo.rgbconsulting.com\/es\/wp-json\/wp\/v2\/product\/272725","targetHints":{"allow":["GET"]}}],"collection":[{"href":"https:\/\/wpguerssen-test.odoo.rgbconsulting.com\/es\/wp-json\/wp\/v2\/product"}],"about":[{"href":"https:\/\/wpguerssen-test.odoo.rgbconsulting.com\/es\/wp-json\/wp\/v2\/types\/product"}],"wp:featuredmedia":[{"embeddable":true,"href":"https:\/\/wpguerssen-test.odoo.rgbconsulting.com\/es\/wp-json\/wp\/v2\/media\/272694"}],"wp:attachment":[{"href":"https:\/\/wpguerssen-test.odoo.rgbconsulting.com\/es\/wp-json\/wp\/v2\/media?parent=272725"}],"wp:term":[{"taxonomy":"product_brand","embeddable":true,"href":"https:\/\/wpguerssen-test.odoo.rgbconsulting.com\/es\/wp-json\/wp\/v2\/product_brand?post=272725"},{"taxonomy":"product_cat","embeddable":true,"href":"https:\/\/wpguerssen-test.odoo.rgbconsulting.com\/es\/wp-json\/wp\/v2\/product_cat?post=272725"},{"taxonomy":"product_tag","embeddable":true,"href":"https:\/\/wpguerssen-test.odoo.rgbconsulting.com\/es\/wp-json\/wp\/v2\/product_tag?post=272725"}],"curies":[{"name":"wp","href":"https:\/\/api.w.org\/{rel}","templated":true}]}}