{"id":272726,"date":"2024-09-23T00:00:00","date_gmt":"2024-09-22T22:00:00","guid":{"rendered":"https:\/\/wpguerssen-test.odoo.rgbconsulting.com\/product\/the-hurdy-gurdy-man-clear-green\/"},"modified":"2025-03-05T16:03:36","modified_gmt":"2025-03-05T15:03:36","slug":"the-hurdy-gurdy-man-clear-green","status":"publish","type":"product","link":"https:\/\/wpguerssen-test.odoo.rgbconsulting.com\/es\/producto\/the-hurdy-gurdy-man-clear-green\/","title":{"rendered":"The Hurdy Gurdy man (Clear Green)"},"content":{"rendered":"<p>Donovan escribi\u00f3 y grab\u00f3 gran parte de The Hurdy Gurdy Man a finales de 1967, poco despu\u00e9s de grabar las canciones que formar\u00edan A Gift from a Flower to a Garden. El resto de The Hurdy Gurdy Man se grab\u00f3 en abril de 1968, despu\u00e9s de visitar Rishikesh en India para estudiar Meditaci\u00f3n Trascendental con Maharishi Mahesh Yogi. Tambi\u00e9n estuvieron presentes John Lennon, Cynthia Lennon, George Harrison, Pattie Boyd, Paul McCartney, Jane Asher, Ringo Starr, Mia Farrow, Prudence Farrow y Mike Love. Harrison escribi\u00f3 un verso para \u00abHurdy Gurdy Man\u00bb cuando estaban en la India, pero fue eliminado de la versi\u00f3n de estudio para garantizar que la canci\u00f3n no fuera demasiado larga para un sencillo.<\/p>\n","protected":false},"excerpt":{"rendered":"<p>Donovan escribi\u00f3 y grab\u00f3 gran parte de The Hurdy Gurdy Man a finales de 1967, poco despu\u00e9s de grabar las canciones que formar\u00edan A Gift from a Flower to a Garden.<a class=\"read\" href=\"https:\/\/wpguerssen-test.odoo.rgbconsulting.com\/es\/producto\/the-hurdy-gurdy-man-clear-green\/\"> (...)<\/a>","protected":false},"featured_media":272697,"template":"","meta":{"_acf_changed":false},"product_brand":[],"product_cat":[23271,23274],"product_tag":[29140],"class_list":{"0":"post-272726","1":"product","2":"type-product","3":"status-publish","4":"has-post-thumbnail","6":"product_cat-folk-60s-70s-es","7":"product_cat-folk-rock-60s-70s-es","8":"product_tag-color-vinyl-es","9":"pa_artist-donovan-es","10":"pa_format-lp-es","11":"pa_gender-folk-60s-70s-folk-rock-60s-70s","12":"pa_label-klimt","13":"pa_location-uk-ireland-es","14":"pa_other-filters-vinyl-only-es","16":"first","17":"instock","18":"taxable","19":"shipping-taxable","20":"purchasable","21":"product-type-simple"},"acf":[],"yoast_head":"<!-- This site is optimized with the Yoast SEO plugin v24.9 - https:\/\/yoast.com\/wordpress\/plugins\/seo\/ -->\n<title>DONOVAN - The Hurdy Gurdy man (Clear Green) -  (LP) | Guerssen<\/title>\n<meta name=\"description\" content=\"Donovan wrote and recorded much of The Hurdy Gurdy Man in late 1967, not long after recording the songs that would form A Gift from a Flower to a Garden. The rest of The Hurdy Gurdy Man was recorded in April 1968, after he visited Rishikesh in India to study Transcendental Meditation under Maharishi Mahesh Yogi. John Lennon, Cynthia Lennon, George Harrison, Pattie Boyd, Paul McCartney, Jane Asher, Ringo Starr, Mia Farrow, Prudence Farrow and Mike Love were there as well. Harrison wrote a verse for &quot;Hurdy Gurdy Man&quot; when they were in India, but it was cut from the studio version in order to ensure that the song was not overly long for a single.\" \/>\n<meta name=\"robots\" content=\"index, follow, max-snippet:-1, max-image-preview:large, max-video-preview:-1\" \/>\n<link rel=\"canonical\" href=\"https:\/\/wpguerssen-test.odoo.rgbconsulting.com\/es\/producto\/the-hurdy-gurdy-man-clear-green\/\" \/>\n<meta property=\"og:locale\" content=\"es_ES\" \/>\n<meta property=\"og:type\" content=\"article\" \/>\n<meta property=\"og:title\" content=\"DONOVAN - The Hurdy Gurdy man (Clear Green) -  (LP) | Guerssen\" \/>\n<meta property=\"og:description\" content=\"Donovan wrote and recorded much of The Hurdy Gurdy Man in late 1967, not long after recording the songs that would form A Gift from a Flower to a Garden. The rest of The Hurdy Gurdy Man was recorded in April 1968, after he visited Rishikesh in India to study Transcendental Meditation under Maharishi Mahesh Yogi. John Lennon, Cynthia Lennon, George Harrison, Pattie Boyd, Paul McCartney, Jane Asher, Ringo Starr, Mia Farrow, Prudence Farrow and Mike Love were there as well. Harrison wrote a verse for &quot;Hurdy Gurdy Man&quot; when they were in India, but it was cut from the studio version in order to ensure that the song was not overly long for a single.\" \/>\n<meta property=\"og:url\" content=\"https:\/\/wpguerssen-test.odoo.rgbconsulting.com\/es\/producto\/the-hurdy-gurdy-man-clear-green\/\" \/>\n<meta property=\"og:site_name\" content=\"Guerssen records\" \/>\n<meta property=\"article:modified_time\" content=\"2025-03-05T15:03:36+00:00\" \/>\n<meta property=\"og:image\" content=\"https:\/\/wpguerssen-test.odoo.rgbconsulting.com\/wp-content\/uploads\/2024\/07\/48426.jpg\" \/>\n\t<meta property=\"og:image:width\" content=\"945\" \/>\n\t<meta property=\"og:image:height\" content=\"945\" \/>\n\t<meta property=\"og:image:type\" content=\"image\/jpeg\" \/>\n<meta name=\"twitter:card\" content=\"summary_large_image\" \/>\n<meta name=\"twitter:title\" content=\"DONOVAN - The Hurdy Gurdy man (Clear Green) -  (LP) | Guerssen\" \/>\n<meta name=\"twitter:label1\" content=\"Tiempo de lectura\" \/>\n\t<meta name=\"twitter:data1\" content=\"1 minuto\" \/>\n<script type=\"application\/ld+json\" class=\"yoast-schema-graph\">{\"@context\":\"https:\/\/schema.org\",\"@graph\":[{\"@type\":\"WebPage\",\"@id\":\"https:\/\/wpguerssen-test.odoo.rgbconsulting.com\/es\/producto\/the-hurdy-gurdy-man-clear-green\/\",\"url\":\"https:\/\/wpguerssen-test.odoo.rgbconsulting.com\/es\/producto\/the-hurdy-gurdy-man-clear-green\/\",\"name\":\"DONOVAN - The Hurdy Gurdy man (Clear Green) - (LP) | Guerssen\",\"isPartOf\":{\"@id\":\"https:\/\/wpguerssen-test.odoo.rgbconsulting.com\/es\/#website\"},\"primaryImageOfPage\":{\"@id\":\"https:\/\/wpguerssen-test.odoo.rgbconsulting.com\/es\/producto\/the-hurdy-gurdy-man-clear-green\/#primaryimage\"},\"image\":{\"@id\":\"https:\/\/wpguerssen-test.odoo.rgbconsulting.com\/es\/producto\/the-hurdy-gurdy-man-clear-green\/#primaryimage\"},\"thumbnailUrl\":\"https:\/\/wpguerssen-test.odoo.rgbconsulting.com\/wp-content\/uploads\/2024\/07\/48426.jpg\",\"datePublished\":\"2024-09-22T22:00:00+00:00\",\"dateModified\":\"2025-03-05T15:03:36+00:00\",\"description\":\"Donovan wrote and recorded much of The Hurdy Gurdy Man in late 1967, not long after recording the songs that would form A Gift from a Flower to a Garden. The rest of The Hurdy Gurdy Man was recorded in April 1968, after he visited Rishikesh in India to study Transcendental Meditation under Maharishi Mahesh Yogi. John Lennon, Cynthia Lennon, George Harrison, Pattie Boyd, Paul McCartney, Jane Asher, Ringo Starr, Mia Farrow, Prudence Farrow and Mike Love were there as well. Harrison wrote a verse for \\\"Hurdy Gurdy Man\\\" when they were in India, but it was cut from the studio version in order to ensure that the song was not overly long for a single.\",\"breadcrumb\":{\"@id\":\"https:\/\/wpguerssen-test.odoo.rgbconsulting.com\/es\/producto\/the-hurdy-gurdy-man-clear-green\/#breadcrumb\"},\"inLanguage\":\"es\",\"potentialAction\":[{\"@type\":\"ReadAction\",\"target\":[\"https:\/\/wpguerssen-test.odoo.rgbconsulting.com\/es\/producto\/the-hurdy-gurdy-man-clear-green\/\"]}]},{\"@type\":\"ImageObject\",\"inLanguage\":\"es\",\"@id\":\"https:\/\/wpguerssen-test.odoo.rgbconsulting.com\/es\/producto\/the-hurdy-gurdy-man-clear-green\/#primaryimage\",\"url\":\"https:\/\/wpguerssen-test.odoo.rgbconsulting.com\/wp-content\/uploads\/2024\/07\/48426.jpg\",\"contentUrl\":\"https:\/\/wpguerssen-test.odoo.rgbconsulting.com\/wp-content\/uploads\/2024\/07\/48426.jpg\",\"width\":945,\"height\":945},{\"@type\":\"BreadcrumbList\",\"@id\":\"https:\/\/wpguerssen-test.odoo.rgbconsulting.com\/es\/producto\/the-hurdy-gurdy-man-clear-green\/#breadcrumb\",\"itemListElement\":[{\"@type\":\"ListItem\",\"position\":1,\"name\":\"Inicio\",\"item\":\"https:\/\/wpguerssen-test.odoo.rgbconsulting.com\/es\/\"},{\"@type\":\"ListItem\",\"position\":2,\"name\":\"Shop\",\"item\":\"https:\/\/wpguerssen-test.odoo.rgbconsulting.com\/shop\/\"},{\"@type\":\"ListItem\",\"position\":3,\"name\":\"The Hurdy Gurdy man (Clear Green)\"}]},{\"@type\":\"WebSite\",\"@id\":\"https:\/\/wpguerssen-test.odoo.rgbconsulting.com\/es\/#website\",\"url\":\"https:\/\/wpguerssen-test.odoo.rgbconsulting.com\/es\/\",\"name\":\"Guerssen records\",\"description\":\"psychedelia - progressive - folk - garage \",\"publisher\":{\"@id\":\"https:\/\/wpguerssen-test.odoo.rgbconsulting.com\/es\/#organization\"},\"potentialAction\":[{\"@type\":\"SearchAction\",\"target\":{\"@type\":\"EntryPoint\",\"urlTemplate\":\"https:\/\/wpguerssen-test.odoo.rgbconsulting.com\/es\/?s={search_term_string}\"},\"query-input\":{\"@type\":\"PropertyValueSpecification\",\"valueRequired\":true,\"valueName\":\"search_term_string\"}}],\"inLanguage\":\"es\"},{\"@type\":\"Organization\",\"@id\":\"https:\/\/wpguerssen-test.odoo.rgbconsulting.com\/es\/#organization\",\"name\":\"Guerssen records\",\"url\":\"https:\/\/wpguerssen-test.odoo.rgbconsulting.com\/es\/\",\"logo\":{\"@type\":\"ImageObject\",\"inLanguage\":\"es\",\"@id\":\"https:\/\/wpguerssen-test.odoo.rgbconsulting.com\/es\/#\/schema\/logo\/image\/\",\"url\":\"https:\/\/wpguerssen-test.odoo.rgbconsulting.com\/wp-content\/uploads\/2022\/04\/Logo_Guerssen_trans_100.png\",\"contentUrl\":\"https:\/\/wpguerssen-test.odoo.rgbconsulting.com\/wp-content\/uploads\/2022\/04\/Logo_Guerssen_trans_100.png\",\"width\":122,\"height\":100,\"caption\":\"Guerssen records\"},\"image\":{\"@id\":\"https:\/\/wpguerssen-test.odoo.rgbconsulting.com\/es\/#\/schema\/logo\/image\/\"}}]}<\/script>\n<!-- \/ Yoast SEO plugin. -->","yoast_head_json":{"title":"DONOVAN - The Hurdy Gurdy man (Clear Green) -  (LP) | Guerssen","description":"Donovan wrote and recorded much of The Hurdy Gurdy Man in late 1967, not long after recording the songs that would form A Gift from a Flower to a Garden. The rest of The Hurdy Gurdy Man was recorded in April 1968, after he visited Rishikesh in India to study Transcendental Meditation under Maharishi Mahesh Yogi. John Lennon, Cynthia Lennon, George Harrison, Pattie Boyd, Paul McCartney, Jane Asher, Ringo Starr, Mia Farrow, Prudence Farrow and Mike Love were there as well. Harrison wrote a verse for \"Hurdy Gurdy Man\" when they were in India, but it was cut from the studio version in order to ensure that the song was not overly long for a single.","robots":{"index":"index","follow":"follow","max-snippet":"max-snippet:-1","max-image-preview":"max-image-preview:large","max-video-preview":"max-video-preview:-1"},"canonical":"https:\/\/wpguerssen-test.odoo.rgbconsulting.com\/es\/producto\/the-hurdy-gurdy-man-clear-green\/","og_locale":"es_ES","og_type":"article","og_title":"DONOVAN - The Hurdy Gurdy man (Clear Green) -  (LP) | Guerssen","og_description":"Donovan wrote and recorded much of The Hurdy Gurdy Man in late 1967, not long after recording the songs that would form A Gift from a Flower to a Garden. The rest of The Hurdy Gurdy Man was recorded in April 1968, after he visited Rishikesh in India to study Transcendental Meditation under Maharishi Mahesh Yogi. John Lennon, Cynthia Lennon, George Harrison, Pattie Boyd, Paul McCartney, Jane Asher, Ringo Starr, Mia Farrow, Prudence Farrow and Mike Love were there as well. Harrison wrote a verse for \"Hurdy Gurdy Man\" when they were in India, but it was cut from the studio version in order to ensure that the song was not overly long for a single.","og_url":"https:\/\/wpguerssen-test.odoo.rgbconsulting.com\/es\/producto\/the-hurdy-gurdy-man-clear-green\/","og_site_name":"Guerssen records","article_modified_time":"2025-03-05T15:03:36+00:00","og_image":[{"width":945,"height":945,"url":"https:\/\/wpguerssen-test.odoo.rgbconsulting.com\/wp-content\/uploads\/2024\/07\/48426.jpg","type":"image\/jpeg"}],"twitter_card":"summary_large_image","twitter_title":"DONOVAN - The Hurdy Gurdy man (Clear Green) -  (LP) | Guerssen","twitter_misc":{"Tiempo de lectura":"1 minuto"},"schema":{"@context":"https:\/\/schema.org","@graph":[{"@type":"WebPage","@id":"https:\/\/wpguerssen-test.odoo.rgbconsulting.com\/es\/producto\/the-hurdy-gurdy-man-clear-green\/","url":"https:\/\/wpguerssen-test.odoo.rgbconsulting.com\/es\/producto\/the-hurdy-gurdy-man-clear-green\/","name":"DONOVAN - The Hurdy Gurdy man (Clear Green) - (LP) | Guerssen","isPartOf":{"@id":"https:\/\/wpguerssen-test.odoo.rgbconsulting.com\/es\/#website"},"primaryImageOfPage":{"@id":"https:\/\/wpguerssen-test.odoo.rgbconsulting.com\/es\/producto\/the-hurdy-gurdy-man-clear-green\/#primaryimage"},"image":{"@id":"https:\/\/wpguerssen-test.odoo.rgbconsulting.com\/es\/producto\/the-hurdy-gurdy-man-clear-green\/#primaryimage"},"thumbnailUrl":"https:\/\/wpguerssen-test.odoo.rgbconsulting.com\/wp-content\/uploads\/2024\/07\/48426.jpg","datePublished":"2024-09-22T22:00:00+00:00","dateModified":"2025-03-05T15:03:36+00:00","description":"Donovan wrote and recorded much of The Hurdy Gurdy Man in late 1967, not long after recording the songs that would form A Gift from a Flower to a Garden. The rest of The Hurdy Gurdy Man was recorded in April 1968, after he visited Rishikesh in India to study Transcendental Meditation under Maharishi Mahesh Yogi. John Lennon, Cynthia Lennon, George Harrison, Pattie Boyd, Paul McCartney, Jane Asher, Ringo Starr, Mia Farrow, Prudence Farrow and Mike Love were there as well. Harrison wrote a verse for \"Hurdy Gurdy Man\" when they were in India, but it was cut from the studio version in order to ensure that the song was not overly long for a single.","breadcrumb":{"@id":"https:\/\/wpguerssen-test.odoo.rgbconsulting.com\/es\/producto\/the-hurdy-gurdy-man-clear-green\/#breadcrumb"},"inLanguage":"es","potentialAction":[{"@type":"ReadAction","target":["https:\/\/wpguerssen-test.odoo.rgbconsulting.com\/es\/producto\/the-hurdy-gurdy-man-clear-green\/"]}]},{"@type":"ImageObject","inLanguage":"es","@id":"https:\/\/wpguerssen-test.odoo.rgbconsulting.com\/es\/producto\/the-hurdy-gurdy-man-clear-green\/#primaryimage","url":"https:\/\/wpguerssen-test.odoo.rgbconsulting.com\/wp-content\/uploads\/2024\/07\/48426.jpg","contentUrl":"https:\/\/wpguerssen-test.odoo.rgbconsulting.com\/wp-content\/uploads\/2024\/07\/48426.jpg","width":945,"height":945},{"@type":"BreadcrumbList","@id":"https:\/\/wpguerssen-test.odoo.rgbconsulting.com\/es\/producto\/the-hurdy-gurdy-man-clear-green\/#breadcrumb","itemListElement":[{"@type":"ListItem","position":1,"name":"Inicio","item":"https:\/\/wpguerssen-test.odoo.rgbconsulting.com\/es\/"},{"@type":"ListItem","position":2,"name":"Shop","item":"https:\/\/wpguerssen-test.odoo.rgbconsulting.com\/shop\/"},{"@type":"ListItem","position":3,"name":"The Hurdy Gurdy man (Clear Green)"}]},{"@type":"WebSite","@id":"https:\/\/wpguerssen-test.odoo.rgbconsulting.com\/es\/#website","url":"https:\/\/wpguerssen-test.odoo.rgbconsulting.com\/es\/","name":"Guerssen records","description":"psychedelia - progressive - folk - garage ","publisher":{"@id":"https:\/\/wpguerssen-test.odoo.rgbconsulting.com\/es\/#organization"},"potentialAction":[{"@type":"SearchAction","target":{"@type":"EntryPoint","urlTemplate":"https:\/\/wpguerssen-test.odoo.rgbconsulting.com\/es\/?s={search_term_string}"},"query-input":{"@type":"PropertyValueSpecification","valueRequired":true,"valueName":"search_term_string"}}],"inLanguage":"es"},{"@type":"Organization","@id":"https:\/\/wpguerssen-test.odoo.rgbconsulting.com\/es\/#organization","name":"Guerssen records","url":"https:\/\/wpguerssen-test.odoo.rgbconsulting.com\/es\/","logo":{"@type":"ImageObject","inLanguage":"es","@id":"https:\/\/wpguerssen-test.odoo.rgbconsulting.com\/es\/#\/schema\/logo\/image\/","url":"https:\/\/wpguerssen-test.odoo.rgbconsulting.com\/wp-content\/uploads\/2022\/04\/Logo_Guerssen_trans_100.png","contentUrl":"https:\/\/wpguerssen-test.odoo.rgbconsulting.com\/wp-content\/uploads\/2022\/04\/Logo_Guerssen_trans_100.png","width":122,"height":100,"caption":"Guerssen records"},"image":{"@id":"https:\/\/wpguerssen-test.odoo.rgbconsulting.com\/es\/#\/schema\/logo\/image\/"}}]}},"_links":{"self":[{"href":"https:\/\/wpguerssen-test.odoo.rgbconsulting.com\/es\/wp-json\/wp\/v2\/product\/272726","targetHints":{"allow":["GET"]}}],"collection":[{"href":"https:\/\/wpguerssen-test.odoo.rgbconsulting.com\/es\/wp-json\/wp\/v2\/product"}],"about":[{"href":"https:\/\/wpguerssen-test.odoo.rgbconsulting.com\/es\/wp-json\/wp\/v2\/types\/product"}],"wp:featuredmedia":[{"embeddable":true,"href":"https:\/\/wpguerssen-test.odoo.rgbconsulting.com\/es\/wp-json\/wp\/v2\/media\/272697"}],"wp:attachment":[{"href":"https:\/\/wpguerssen-test.odoo.rgbconsulting.com\/es\/wp-json\/wp\/v2\/media?parent=272726"}],"wp:term":[{"taxonomy":"product_brand","embeddable":true,"href":"https:\/\/wpguerssen-test.odoo.rgbconsulting.com\/es\/wp-json\/wp\/v2\/product_brand?post=272726"},{"taxonomy":"product_cat","embeddable":true,"href":"https:\/\/wpguerssen-test.odoo.rgbconsulting.com\/es\/wp-json\/wp\/v2\/product_cat?post=272726"},{"taxonomy":"product_tag","embeddable":true,"href":"https:\/\/wpguerssen-test.odoo.rgbconsulting.com\/es\/wp-json\/wp\/v2\/product_tag?post=272726"}],"curies":[{"name":"wp","href":"https:\/\/api.w.org\/{rel}","templated":true}]}}