{"id":272731,"date":"2024-08-01T00:00:00","date_gmt":"2024-07-31T22:00:00","guid":{"rendered":"https:\/\/wpguerssen-test.odoo.rgbconsulting.com\/product\/mi-madre-dijo-pobre-nina\/"},"modified":"2025-04-22T15:55:49","modified_gmt":"2025-04-22T13:55:49","slug":"mi-mami-dijo-pobre-nina","status":"publish","type":"product","link":"https:\/\/wpguerssen-test.odoo.rgbconsulting.com\/es\/producto\/mi-mami-dijo-pobre-nina\/","title":{"rendered":"Mi Mami Dijo \/ Pobre Ni\u00f1a"},"content":{"rendered":"<p>Nos agrada tremendamente rescatar y presentaros uno de los primer\u00edsimos registros editados de garage proto-punk a nivel mundial. Este artefacto \u00abmade in Mexico\u00bb de 1965 es un claro ejemplo de este sonido tan caracter\u00edsticamente salvaje que, por motivos desconocidos, en estas latitudes se adelant\u00f3 diez a\u00f1os. Lo realmente curioso es que ninguna de las bandas que fueron pioneras del punk tuvo conocimiento de las otras.<br \/>Todo surgi\u00f3 de manera espont\u00e1nea en diversos lugares como si invocados por Viracocha o Pachac\u00e1mac dieran esta legendaria impronta a versiones de beat, garage y otras m\u00fasicas venidas del norte.<br \/>Dicho esto, esperamos que disfrut\u00e9is de estos dos temas creados por Hesiquio Ramos, Jorge Bracho y Jos\u00e9 Antonio Fern\u00e1ndez de la Mora.<\/p>\n","protected":false},"excerpt":{"rendered":"<p>Nos agrada tremendamente rescatar y presentaros uno de los primer\u00edsimos registros editados de garage proto-punk a nivel mundial. Este artefacto \u00abmade in Mexico\u00bb<a class=\"read\" href=\"https:\/\/wpguerssen-test.odoo.rgbconsulting.com\/es\/producto\/mi-mami-dijo-pobre-nina\/\"> (...)<\/a>","protected":false},"featured_media":272712,"template":"","meta":{"_acf_changed":false},"product_brand":[],"product_cat":[23281],"product_tag":[],"class_list":{"0":"post-272731","1":"product","2":"type-product","3":"status-publish","4":"has-post-thumbnail","6":"product_cat-garagebeatrnb60-70-es","7":"pa_artist-monjes-los","8":"pa_format-7-es","9":"pa_gender-garage-beat-rnb60-70-garagebeatrnb60-70","10":"pa_label-discos-quilombo","11":"pa_location-south-america-caribbean-es","12":"pa_other-filters-vinyl-only-es","14":"first","15":"instock","16":"taxable","17":"shipping-taxable","18":"purchasable","19":"product-type-simple"},"acf":[],"yoast_head":"<!-- This site is optimized with the Yoast SEO plugin v24.9 - https:\/\/yoast.com\/wordpress\/plugins\/seo\/ -->\n<title>MONJES, Los - Mi Mami Dijo \/ Pobre Ni\u00f1a -  (7&quot;) | Guerssen<\/title>\n<meta name=\"description\" content=\"We are extremely pleased to rescue and present to you one of the very first proto-punk garage records released worldwide. This &quot;made in Mexico&quot; artifact from 1965 is a clear example of this characteristically wild sound that, for unknown reasons, was ten years early in these latitudes. The really curious thing is that none of the bands that were pioneers of punk were aware of the others.Everything arose spontaneously in various places as if invoked by Viracocha or Pachac\u00e1mac they gave this legendary imprint to versions of beat, garage and other music from the north.That said, we hope you enjoy these two songs created by Hesiquio Ramos, Jorge Bracho and Jos\u00e9 Antonio Fern\u00e1ndez de la Mora.\" \/>\n<meta name=\"robots\" content=\"index, follow, max-snippet:-1, max-image-preview:large, max-video-preview:-1\" \/>\n<link rel=\"canonical\" href=\"https:\/\/wpguerssen-test.odoo.rgbconsulting.com\/es\/producto\/mi-mami-dijo-pobre-nina\/\" \/>\n<meta property=\"og:locale\" content=\"es_ES\" \/>\n<meta property=\"og:type\" content=\"article\" \/>\n<meta property=\"og:title\" content=\"MONJES, Los - Mi Mami Dijo \/ Pobre Ni\u00f1a -  (7&quot;) | Guerssen\" \/>\n<meta property=\"og:description\" content=\"We are extremely pleased to rescue and present to you one of the very first proto-punk garage records released worldwide. This &quot;made in Mexico&quot; artifact from 1965 is a clear example of this characteristically wild sound that, for unknown reasons, was ten years early in these latitudes. The really curious thing is that none of the bands that were pioneers of punk were aware of the others.Everything arose spontaneously in various places as if invoked by Viracocha or Pachac\u00e1mac they gave this legendary imprint to versions of beat, garage and other music from the north.That said, we hope you enjoy these two songs created by Hesiquio Ramos, Jorge Bracho and Jos\u00e9 Antonio Fern\u00e1ndez de la Mora.\" \/>\n<meta property=\"og:url\" content=\"https:\/\/wpguerssen-test.odoo.rgbconsulting.com\/es\/producto\/mi-mami-dijo-pobre-nina\/\" \/>\n<meta property=\"og:site_name\" content=\"Guerssen records\" \/>\n<meta property=\"article:modified_time\" content=\"2025-04-22T13:55:49+00:00\" \/>\n<meta property=\"og:image\" content=\"https:\/\/wpguerssen-test.odoo.rgbconsulting.com\/wp-content\/uploads\/2024\/07\/48431.jpg\" \/>\n\t<meta property=\"og:image:width\" content=\"453\" \/>\n\t<meta property=\"og:image:height\" content=\"457\" \/>\n\t<meta property=\"og:image:type\" content=\"image\/jpeg\" \/>\n<meta name=\"twitter:card\" content=\"summary_large_image\" \/>\n<meta name=\"twitter:title\" content=\"MONJES, Los - Mi Mami Dijo \/ Pobre Ni\u00f1a -  (7&quot;) | Guerssen\" \/>\n<meta name=\"twitter:label1\" content=\"Tiempo de lectura\" \/>\n\t<meta name=\"twitter:data1\" content=\"1 minuto\" \/>\n<script type=\"application\/ld+json\" class=\"yoast-schema-graph\">{\"@context\":\"https:\/\/schema.org\",\"@graph\":[{\"@type\":\"WebPage\",\"@id\":\"https:\/\/wpguerssen-test.odoo.rgbconsulting.com\/es\/producto\/mi-mami-dijo-pobre-nina\/\",\"url\":\"https:\/\/wpguerssen-test.odoo.rgbconsulting.com\/es\/producto\/mi-mami-dijo-pobre-nina\/\",\"name\":\"MONJES, Los - Mi Mami Dijo \/ Pobre Ni\u00f1a - (7\\\") | Guerssen\",\"isPartOf\":{\"@id\":\"https:\/\/wpguerssen-test.odoo.rgbconsulting.com\/es\/#website\"},\"primaryImageOfPage\":{\"@id\":\"https:\/\/wpguerssen-test.odoo.rgbconsulting.com\/es\/producto\/mi-mami-dijo-pobre-nina\/#primaryimage\"},\"image\":{\"@id\":\"https:\/\/wpguerssen-test.odoo.rgbconsulting.com\/es\/producto\/mi-mami-dijo-pobre-nina\/#primaryimage\"},\"thumbnailUrl\":\"https:\/\/wpguerssen-test.odoo.rgbconsulting.com\/wp-content\/uploads\/2024\/07\/48431.jpg\",\"datePublished\":\"2024-07-31T22:00:00+00:00\",\"dateModified\":\"2025-04-22T13:55:49+00:00\",\"description\":\"We are extremely pleased to rescue and present to you one of the very first proto-punk garage records released worldwide. This \\\"made in Mexico\\\" artifact from 1965 is a clear example of this characteristically wild sound that, for unknown reasons, was ten years early in these latitudes. The really curious thing is that none of the bands that were pioneers of punk were aware of the others.Everything arose spontaneously in various places as if invoked by Viracocha or Pachac\u00e1mac they gave this legendary imprint to versions of beat, garage and other music from the north.That said, we hope you enjoy these two songs created by Hesiquio Ramos, Jorge Bracho and Jos\u00e9 Antonio Fern\u00e1ndez de la Mora.\",\"breadcrumb\":{\"@id\":\"https:\/\/wpguerssen-test.odoo.rgbconsulting.com\/es\/producto\/mi-mami-dijo-pobre-nina\/#breadcrumb\"},\"inLanguage\":\"es\",\"potentialAction\":[{\"@type\":\"ReadAction\",\"target\":[\"https:\/\/wpguerssen-test.odoo.rgbconsulting.com\/es\/producto\/mi-mami-dijo-pobre-nina\/\"]}]},{\"@type\":\"ImageObject\",\"inLanguage\":\"es\",\"@id\":\"https:\/\/wpguerssen-test.odoo.rgbconsulting.com\/es\/producto\/mi-mami-dijo-pobre-nina\/#primaryimage\",\"url\":\"https:\/\/wpguerssen-test.odoo.rgbconsulting.com\/wp-content\/uploads\/2024\/07\/48431.jpg\",\"contentUrl\":\"https:\/\/wpguerssen-test.odoo.rgbconsulting.com\/wp-content\/uploads\/2024\/07\/48431.jpg\",\"width\":453,\"height\":457,\"caption\":\"Los - Mi Mami Dijo \/ Pobre Ni\u00f1a - DISCOS QUILOMBO (7\\\") | Guerssen\"},{\"@type\":\"BreadcrumbList\",\"@id\":\"https:\/\/wpguerssen-test.odoo.rgbconsulting.com\/es\/producto\/mi-mami-dijo-pobre-nina\/#breadcrumb\",\"itemListElement\":[{\"@type\":\"ListItem\",\"position\":1,\"name\":\"Inicio\",\"item\":\"https:\/\/wpguerssen-test.odoo.rgbconsulting.com\/es\/\"},{\"@type\":\"ListItem\",\"position\":2,\"name\":\"Shop\",\"item\":\"https:\/\/wpguerssen-test.odoo.rgbconsulting.com\/shop\/\"},{\"@type\":\"ListItem\",\"position\":3,\"name\":\"Mi Mami Dijo \/ Pobre Ni\u00f1a\"}]},{\"@type\":\"WebSite\",\"@id\":\"https:\/\/wpguerssen-test.odoo.rgbconsulting.com\/es\/#website\",\"url\":\"https:\/\/wpguerssen-test.odoo.rgbconsulting.com\/es\/\",\"name\":\"Guerssen records\",\"description\":\"psychedelia - progressive - folk - garage \",\"publisher\":{\"@id\":\"https:\/\/wpguerssen-test.odoo.rgbconsulting.com\/es\/#organization\"},\"potentialAction\":[{\"@type\":\"SearchAction\",\"target\":{\"@type\":\"EntryPoint\",\"urlTemplate\":\"https:\/\/wpguerssen-test.odoo.rgbconsulting.com\/es\/?s={search_term_string}\"},\"query-input\":{\"@type\":\"PropertyValueSpecification\",\"valueRequired\":true,\"valueName\":\"search_term_string\"}}],\"inLanguage\":\"es\"},{\"@type\":\"Organization\",\"@id\":\"https:\/\/wpguerssen-test.odoo.rgbconsulting.com\/es\/#organization\",\"name\":\"Guerssen records\",\"url\":\"https:\/\/wpguerssen-test.odoo.rgbconsulting.com\/es\/\",\"logo\":{\"@type\":\"ImageObject\",\"inLanguage\":\"es\",\"@id\":\"https:\/\/wpguerssen-test.odoo.rgbconsulting.com\/es\/#\/schema\/logo\/image\/\",\"url\":\"https:\/\/wpguerssen-test.odoo.rgbconsulting.com\/wp-content\/uploads\/2022\/04\/Logo_Guerssen_trans_100.png\",\"contentUrl\":\"https:\/\/wpguerssen-test.odoo.rgbconsulting.com\/wp-content\/uploads\/2022\/04\/Logo_Guerssen_trans_100.png\",\"width\":122,\"height\":100,\"caption\":\"Guerssen records\"},\"image\":{\"@id\":\"https:\/\/wpguerssen-test.odoo.rgbconsulting.com\/es\/#\/schema\/logo\/image\/\"}}]}<\/script>\n<!-- \/ Yoast SEO plugin. -->","yoast_head_json":{"title":"MONJES, Los - Mi Mami Dijo \/ Pobre Ni\u00f1a -  (7\") | Guerssen","description":"We are extremely pleased to rescue and present to you one of the very first proto-punk garage records released worldwide. This \"made in Mexico\" artifact from 1965 is a clear example of this characteristically wild sound that, for unknown reasons, was ten years early in these latitudes. The really curious thing is that none of the bands that were pioneers of punk were aware of the others.Everything arose spontaneously in various places as if invoked by Viracocha or Pachac\u00e1mac they gave this legendary imprint to versions of beat, garage and other music from the north.That said, we hope you enjoy these two songs created by Hesiquio Ramos, Jorge Bracho and Jos\u00e9 Antonio Fern\u00e1ndez de la Mora.","robots":{"index":"index","follow":"follow","max-snippet":"max-snippet:-1","max-image-preview":"max-image-preview:large","max-video-preview":"max-video-preview:-1"},"canonical":"https:\/\/wpguerssen-test.odoo.rgbconsulting.com\/es\/producto\/mi-mami-dijo-pobre-nina\/","og_locale":"es_ES","og_type":"article","og_title":"MONJES, Los - Mi Mami Dijo \/ Pobre Ni\u00f1a -  (7\") | Guerssen","og_description":"We are extremely pleased to rescue and present to you one of the very first proto-punk garage records released worldwide. This \"made in Mexico\" artifact from 1965 is a clear example of this characteristically wild sound that, for unknown reasons, was ten years early in these latitudes. The really curious thing is that none of the bands that were pioneers of punk were aware of the others.Everything arose spontaneously in various places as if invoked by Viracocha or Pachac\u00e1mac they gave this legendary imprint to versions of beat, garage and other music from the north.That said, we hope you enjoy these two songs created by Hesiquio Ramos, Jorge Bracho and Jos\u00e9 Antonio Fern\u00e1ndez de la Mora.","og_url":"https:\/\/wpguerssen-test.odoo.rgbconsulting.com\/es\/producto\/mi-mami-dijo-pobre-nina\/","og_site_name":"Guerssen records","article_modified_time":"2025-04-22T13:55:49+00:00","og_image":[{"width":453,"height":457,"url":"https:\/\/wpguerssen-test.odoo.rgbconsulting.com\/wp-content\/uploads\/2024\/07\/48431.jpg","type":"image\/jpeg"}],"twitter_card":"summary_large_image","twitter_title":"MONJES, Los - Mi Mami Dijo \/ Pobre Ni\u00f1a -  (7\") | Guerssen","twitter_misc":{"Tiempo de lectura":"1 minuto"},"schema":{"@context":"https:\/\/schema.org","@graph":[{"@type":"WebPage","@id":"https:\/\/wpguerssen-test.odoo.rgbconsulting.com\/es\/producto\/mi-mami-dijo-pobre-nina\/","url":"https:\/\/wpguerssen-test.odoo.rgbconsulting.com\/es\/producto\/mi-mami-dijo-pobre-nina\/","name":"MONJES, Los - Mi Mami Dijo \/ Pobre Ni\u00f1a - (7\") | Guerssen","isPartOf":{"@id":"https:\/\/wpguerssen-test.odoo.rgbconsulting.com\/es\/#website"},"primaryImageOfPage":{"@id":"https:\/\/wpguerssen-test.odoo.rgbconsulting.com\/es\/producto\/mi-mami-dijo-pobre-nina\/#primaryimage"},"image":{"@id":"https:\/\/wpguerssen-test.odoo.rgbconsulting.com\/es\/producto\/mi-mami-dijo-pobre-nina\/#primaryimage"},"thumbnailUrl":"https:\/\/wpguerssen-test.odoo.rgbconsulting.com\/wp-content\/uploads\/2024\/07\/48431.jpg","datePublished":"2024-07-31T22:00:00+00:00","dateModified":"2025-04-22T13:55:49+00:00","description":"We are extremely pleased to rescue and present to you one of the very first proto-punk garage records released worldwide. This \"made in Mexico\" artifact from 1965 is a clear example of this characteristically wild sound that, for unknown reasons, was ten years early in these latitudes. The really curious thing is that none of the bands that were pioneers of punk were aware of the others.Everything arose spontaneously in various places as if invoked by Viracocha or Pachac\u00e1mac they gave this legendary imprint to versions of beat, garage and other music from the north.That said, we hope you enjoy these two songs created by Hesiquio Ramos, Jorge Bracho and Jos\u00e9 Antonio Fern\u00e1ndez de la Mora.","breadcrumb":{"@id":"https:\/\/wpguerssen-test.odoo.rgbconsulting.com\/es\/producto\/mi-mami-dijo-pobre-nina\/#breadcrumb"},"inLanguage":"es","potentialAction":[{"@type":"ReadAction","target":["https:\/\/wpguerssen-test.odoo.rgbconsulting.com\/es\/producto\/mi-mami-dijo-pobre-nina\/"]}]},{"@type":"ImageObject","inLanguage":"es","@id":"https:\/\/wpguerssen-test.odoo.rgbconsulting.com\/es\/producto\/mi-mami-dijo-pobre-nina\/#primaryimage","url":"https:\/\/wpguerssen-test.odoo.rgbconsulting.com\/wp-content\/uploads\/2024\/07\/48431.jpg","contentUrl":"https:\/\/wpguerssen-test.odoo.rgbconsulting.com\/wp-content\/uploads\/2024\/07\/48431.jpg","width":453,"height":457,"caption":"Los - Mi Mami Dijo \/ Pobre Ni\u00f1a - DISCOS QUILOMBO (7\") | Guerssen"},{"@type":"BreadcrumbList","@id":"https:\/\/wpguerssen-test.odoo.rgbconsulting.com\/es\/producto\/mi-mami-dijo-pobre-nina\/#breadcrumb","itemListElement":[{"@type":"ListItem","position":1,"name":"Inicio","item":"https:\/\/wpguerssen-test.odoo.rgbconsulting.com\/es\/"},{"@type":"ListItem","position":2,"name":"Shop","item":"https:\/\/wpguerssen-test.odoo.rgbconsulting.com\/shop\/"},{"@type":"ListItem","position":3,"name":"Mi Mami Dijo \/ Pobre Ni\u00f1a"}]},{"@type":"WebSite","@id":"https:\/\/wpguerssen-test.odoo.rgbconsulting.com\/es\/#website","url":"https:\/\/wpguerssen-test.odoo.rgbconsulting.com\/es\/","name":"Guerssen records","description":"psychedelia - progressive - folk - garage ","publisher":{"@id":"https:\/\/wpguerssen-test.odoo.rgbconsulting.com\/es\/#organization"},"potentialAction":[{"@type":"SearchAction","target":{"@type":"EntryPoint","urlTemplate":"https:\/\/wpguerssen-test.odoo.rgbconsulting.com\/es\/?s={search_term_string}"},"query-input":{"@type":"PropertyValueSpecification","valueRequired":true,"valueName":"search_term_string"}}],"inLanguage":"es"},{"@type":"Organization","@id":"https:\/\/wpguerssen-test.odoo.rgbconsulting.com\/es\/#organization","name":"Guerssen records","url":"https:\/\/wpguerssen-test.odoo.rgbconsulting.com\/es\/","logo":{"@type":"ImageObject","inLanguage":"es","@id":"https:\/\/wpguerssen-test.odoo.rgbconsulting.com\/es\/#\/schema\/logo\/image\/","url":"https:\/\/wpguerssen-test.odoo.rgbconsulting.com\/wp-content\/uploads\/2022\/04\/Logo_Guerssen_trans_100.png","contentUrl":"https:\/\/wpguerssen-test.odoo.rgbconsulting.com\/wp-content\/uploads\/2022\/04\/Logo_Guerssen_trans_100.png","width":122,"height":100,"caption":"Guerssen records"},"image":{"@id":"https:\/\/wpguerssen-test.odoo.rgbconsulting.com\/es\/#\/schema\/logo\/image\/"}}]}},"_links":{"self":[{"href":"https:\/\/wpguerssen-test.odoo.rgbconsulting.com\/es\/wp-json\/wp\/v2\/product\/272731","targetHints":{"allow":["GET"]}}],"collection":[{"href":"https:\/\/wpguerssen-test.odoo.rgbconsulting.com\/es\/wp-json\/wp\/v2\/product"}],"about":[{"href":"https:\/\/wpguerssen-test.odoo.rgbconsulting.com\/es\/wp-json\/wp\/v2\/types\/product"}],"wp:featuredmedia":[{"embeddable":true,"href":"https:\/\/wpguerssen-test.odoo.rgbconsulting.com\/es\/wp-json\/wp\/v2\/media\/272712"}],"wp:attachment":[{"href":"https:\/\/wpguerssen-test.odoo.rgbconsulting.com\/es\/wp-json\/wp\/v2\/media?parent=272731"}],"wp:term":[{"taxonomy":"product_brand","embeddable":true,"href":"https:\/\/wpguerssen-test.odoo.rgbconsulting.com\/es\/wp-json\/wp\/v2\/product_brand?post=272731"},{"taxonomy":"product_cat","embeddable":true,"href":"https:\/\/wpguerssen-test.odoo.rgbconsulting.com\/es\/wp-json\/wp\/v2\/product_cat?post=272731"},{"taxonomy":"product_tag","embeddable":true,"href":"https:\/\/wpguerssen-test.odoo.rgbconsulting.com\/es\/wp-json\/wp\/v2\/product_tag?post=272731"}],"curies":[{"name":"wp","href":"https:\/\/api.w.org\/{rel}","templated":true}]}}