{"id":273205,"date":"2025-03-28T00:00:00","date_gmt":"2025-03-27T23:00:00","guid":{"rendered":"https:\/\/wpguerssen-test.odoo.rgbconsulting.com\/product\/nara-leao\/"},"modified":"2025-04-23T17:31:48","modified_gmt":"2025-04-23T15:31:48","slug":"nara-leao","status":"publish","type":"product","link":"https:\/\/wpguerssen-test.odoo.rgbconsulting.com\/es\/producto\/nara-leao\/","title":{"rendered":"Nara Leao"},"content":{"rendered":"<p>Nara Le\u00e3o es conocida como \u00abla musa de la bossa nova\u00bb. Ya en su adolescencia, a finales de los a\u00f1os 1950, se hizo amiga de varios cantantes y compositores que participaron en la revoluci\u00f3n musical de la bossa nova, entre ellos Jo\u00e3o Gilberto, Vinicius de Moraes y Ant\u00f4nio Carlos Jobim. En 1963, despu\u00e9s de cantar como amateur durante algunos a\u00f1os, se profesionaliz\u00f3 y realiz\u00f3 una gira con S\u00e9rgio Mendes. En 1968 apareci\u00f3 en el \u00e1lbum \u00abTropic\u00e1lia: ou Panis et Circenses\u00bb junto a artistas como Gilberto Gil, Caetano Veloso, Os Mutantes y Gal Costa, interpretando \u00abLindon\u00e9ia\u00bb, que aparece como primer tema de este \u00e1lbum, publicado el mismo a\u00f1o.<\/p>\n","protected":false},"excerpt":{"rendered":"<p>Nara Le\u00e3o es conocida como \u00abla musa de la bossa nova\u00bb. Ya en su adolescencia, a finales de los a\u00f1os 1950, se hizo amiga de varios cantantes y compositores que<a class=\"read\" href=\"https:\/\/wpguerssen-test.odoo.rgbconsulting.com\/es\/producto\/nara-leao\/\"> (...)<\/a>","protected":false},"featured_media":273185,"template":"","meta":{"_acf_changed":false},"product_brand":[],"product_cat":[23231],"product_tag":[24189],"class_list":{"0":"post-273205","1":"product","2":"type-product","3":"status-publish","4":"has-post-thumbnail","6":"product_cat-latin-brazilian-es","7":"product_tag-recien-llegadas","8":"pa_artist-leao-nara","9":"pa_format-lp-es","10":"pa_gender-latin-brazilian","11":"pa_label-endless-happiness","12":"pa_location-south-america-caribbean-es","13":"pa_other-filters-vinyl-only-es","15":"first","16":"instock","17":"taxable","18":"shipping-taxable","19":"purchasable","20":"product-type-simple"},"acf":[],"yoast_head":"<!-- This site is optimized with the Yoast SEO plugin v24.9 - https:\/\/yoast.com\/wordpress\/plugins\/seo\/ -->\n<title>LEAO, Nara - Nara Leao -  (LP) | Guerssen<\/title>\n<meta name=\"description\" content=\"Nara Le\u00e3o is known as &quot;the muse of bossa nova&quot;. Already as a teenager in the late 1950s, she became friends with several singers and composers who took part in Bossa Nova&#039;s musical revolution, including Jo\u00e3o Gilberto, Vinicius de Moraes, and Ant\u00f4nio Carlos Jobim. By 1963, after singing as an amateur for a few years, she became a professional and toured with S\u00e9rgio Mendes. In 1968 she appeared on the album &quot;Tropic\u00e1lia: ou Panis et Circenses&quot; together with artists including Gilberto Gil, Caetano Veloso, Os Mutantes and Gal Costa, performing &quot;Lindon\u00e9ia&quot;, which appears as first track in this album, published in the same year.\" \/>\n<meta name=\"robots\" content=\"index, follow, max-snippet:-1, max-image-preview:large, max-video-preview:-1\" \/>\n<link rel=\"canonical\" href=\"https:\/\/wpguerssen-test.odoo.rgbconsulting.com\/es\/producto\/nara-leao\/\" \/>\n<meta property=\"og:locale\" content=\"es_ES\" \/>\n<meta property=\"og:type\" content=\"article\" \/>\n<meta property=\"og:title\" content=\"LEAO, Nara - Nara Leao -  (LP) | Guerssen\" \/>\n<meta property=\"og:description\" content=\"Nara Le\u00e3o is known as &quot;the muse of bossa nova&quot;. Already as a teenager in the late 1950s, she became friends with several singers and composers who took part in Bossa Nova&#039;s musical revolution, including Jo\u00e3o Gilberto, Vinicius de Moraes, and Ant\u00f4nio Carlos Jobim. By 1963, after singing as an amateur for a few years, she became a professional and toured with S\u00e9rgio Mendes. In 1968 she appeared on the album &quot;Tropic\u00e1lia: ou Panis et Circenses&quot; together with artists including Gilberto Gil, Caetano Veloso, Os Mutantes and Gal Costa, performing &quot;Lindon\u00e9ia&quot;, which appears as first track in this album, published in the same year.\" \/>\n<meta property=\"og:url\" content=\"https:\/\/wpguerssen-test.odoo.rgbconsulting.com\/es\/producto\/nara-leao\/\" \/>\n<meta property=\"og:site_name\" content=\"Guerssen records\" \/>\n<meta property=\"article:modified_time\" content=\"2025-04-23T15:31:48+00:00\" \/>\n<meta property=\"og:image\" content=\"https:\/\/wpguerssen-test.odoo.rgbconsulting.com\/wp-content\/uploads\/2024\/07\/48446.jpg\" \/>\n\t<meta property=\"og:image:width\" content=\"945\" \/>\n\t<meta property=\"og:image:height\" content=\"945\" \/>\n\t<meta property=\"og:image:type\" content=\"image\/jpeg\" \/>\n<meta name=\"twitter:card\" content=\"summary_large_image\" \/>\n<meta name=\"twitter:title\" content=\"LEAO, Nara - Nara Leao -  (LP) | Guerssen\" \/>\n<meta name=\"twitter:label1\" content=\"Tiempo de lectura\" \/>\n\t<meta name=\"twitter:data1\" content=\"1 minuto\" \/>\n<script type=\"application\/ld+json\" class=\"yoast-schema-graph\">{\"@context\":\"https:\/\/schema.org\",\"@graph\":[{\"@type\":\"WebPage\",\"@id\":\"https:\/\/wpguerssen-test.odoo.rgbconsulting.com\/es\/producto\/nara-leao\/\",\"url\":\"https:\/\/wpguerssen-test.odoo.rgbconsulting.com\/es\/producto\/nara-leao\/\",\"name\":\"LEAO, Nara - Nara Leao - (LP) | Guerssen\",\"isPartOf\":{\"@id\":\"https:\/\/wpguerssen-test.odoo.rgbconsulting.com\/es\/#website\"},\"primaryImageOfPage\":{\"@id\":\"https:\/\/wpguerssen-test.odoo.rgbconsulting.com\/es\/producto\/nara-leao\/#primaryimage\"},\"image\":{\"@id\":\"https:\/\/wpguerssen-test.odoo.rgbconsulting.com\/es\/producto\/nara-leao\/#primaryimage\"},\"thumbnailUrl\":\"https:\/\/wpguerssen-test.odoo.rgbconsulting.com\/wp-content\/uploads\/2024\/07\/48446.jpg\",\"datePublished\":\"2025-03-27T23:00:00+00:00\",\"dateModified\":\"2025-04-23T15:31:48+00:00\",\"description\":\"Nara Le\u00e3o is known as \\\"the muse of bossa nova\\\". Already as a teenager in the late 1950s, she became friends with several singers and composers who took part in Bossa Nova's musical revolution, including Jo\u00e3o Gilberto, Vinicius de Moraes, and Ant\u00f4nio Carlos Jobim. By 1963, after singing as an amateur for a few years, she became a professional and toured with S\u00e9rgio Mendes. In 1968 she appeared on the album \\\"Tropic\u00e1lia: ou Panis et Circenses\\\" together with artists including Gilberto Gil, Caetano Veloso, Os Mutantes and Gal Costa, performing \\\"Lindon\u00e9ia\\\", which appears as first track in this album, published in the same year.\",\"breadcrumb\":{\"@id\":\"https:\/\/wpguerssen-test.odoo.rgbconsulting.com\/es\/producto\/nara-leao\/#breadcrumb\"},\"inLanguage\":\"es\",\"potentialAction\":[{\"@type\":\"ReadAction\",\"target\":[\"https:\/\/wpguerssen-test.odoo.rgbconsulting.com\/es\/producto\/nara-leao\/\"]}]},{\"@type\":\"ImageObject\",\"inLanguage\":\"es\",\"@id\":\"https:\/\/wpguerssen-test.odoo.rgbconsulting.com\/es\/producto\/nara-leao\/#primaryimage\",\"url\":\"https:\/\/wpguerssen-test.odoo.rgbconsulting.com\/wp-content\/uploads\/2024\/07\/48446.jpg\",\"contentUrl\":\"https:\/\/wpguerssen-test.odoo.rgbconsulting.com\/wp-content\/uploads\/2024\/07\/48446.jpg\",\"width\":945,\"height\":945,\"caption\":\"Nara - Nara Leao - ENDLESS HAPPINESS (LP) | Guerssen\"},{\"@type\":\"BreadcrumbList\",\"@id\":\"https:\/\/wpguerssen-test.odoo.rgbconsulting.com\/es\/producto\/nara-leao\/#breadcrumb\",\"itemListElement\":[{\"@type\":\"ListItem\",\"position\":1,\"name\":\"Inicio\",\"item\":\"https:\/\/wpguerssen-test.odoo.rgbconsulting.com\/es\/\"},{\"@type\":\"ListItem\",\"position\":2,\"name\":\"Shop\",\"item\":\"https:\/\/wpguerssen-test.odoo.rgbconsulting.com\/shop\/\"},{\"@type\":\"ListItem\",\"position\":3,\"name\":\"Nara Leao\"}]},{\"@type\":\"WebSite\",\"@id\":\"https:\/\/wpguerssen-test.odoo.rgbconsulting.com\/es\/#website\",\"url\":\"https:\/\/wpguerssen-test.odoo.rgbconsulting.com\/es\/\",\"name\":\"Guerssen records\",\"description\":\"psychedelia - progressive - folk - garage \",\"publisher\":{\"@id\":\"https:\/\/wpguerssen-test.odoo.rgbconsulting.com\/es\/#organization\"},\"potentialAction\":[{\"@type\":\"SearchAction\",\"target\":{\"@type\":\"EntryPoint\",\"urlTemplate\":\"https:\/\/wpguerssen-test.odoo.rgbconsulting.com\/es\/?s={search_term_string}\"},\"query-input\":{\"@type\":\"PropertyValueSpecification\",\"valueRequired\":true,\"valueName\":\"search_term_string\"}}],\"inLanguage\":\"es\"},{\"@type\":\"Organization\",\"@id\":\"https:\/\/wpguerssen-test.odoo.rgbconsulting.com\/es\/#organization\",\"name\":\"Guerssen records\",\"url\":\"https:\/\/wpguerssen-test.odoo.rgbconsulting.com\/es\/\",\"logo\":{\"@type\":\"ImageObject\",\"inLanguage\":\"es\",\"@id\":\"https:\/\/wpguerssen-test.odoo.rgbconsulting.com\/es\/#\/schema\/logo\/image\/\",\"url\":\"https:\/\/wpguerssen-test.odoo.rgbconsulting.com\/wp-content\/uploads\/2022\/04\/Logo_Guerssen_trans_100.png\",\"contentUrl\":\"https:\/\/wpguerssen-test.odoo.rgbconsulting.com\/wp-content\/uploads\/2022\/04\/Logo_Guerssen_trans_100.png\",\"width\":122,\"height\":100,\"caption\":\"Guerssen records\"},\"image\":{\"@id\":\"https:\/\/wpguerssen-test.odoo.rgbconsulting.com\/es\/#\/schema\/logo\/image\/\"}}]}<\/script>\n<!-- \/ Yoast SEO plugin. -->","yoast_head_json":{"title":"LEAO, Nara - Nara Leao -  (LP) | Guerssen","description":"Nara Le\u00e3o is known as \"the muse of bossa nova\". Already as a teenager in the late 1950s, she became friends with several singers and composers who took part in Bossa Nova's musical revolution, including Jo\u00e3o Gilberto, Vinicius de Moraes, and Ant\u00f4nio Carlos Jobim. By 1963, after singing as an amateur for a few years, she became a professional and toured with S\u00e9rgio Mendes. In 1968 she appeared on the album \"Tropic\u00e1lia: ou Panis et Circenses\" together with artists including Gilberto Gil, Caetano Veloso, Os Mutantes and Gal Costa, performing \"Lindon\u00e9ia\", which appears as first track in this album, published in the same year.","robots":{"index":"index","follow":"follow","max-snippet":"max-snippet:-1","max-image-preview":"max-image-preview:large","max-video-preview":"max-video-preview:-1"},"canonical":"https:\/\/wpguerssen-test.odoo.rgbconsulting.com\/es\/producto\/nara-leao\/","og_locale":"es_ES","og_type":"article","og_title":"LEAO, Nara - Nara Leao -  (LP) | Guerssen","og_description":"Nara Le\u00e3o is known as \"the muse of bossa nova\". Already as a teenager in the late 1950s, she became friends with several singers and composers who took part in Bossa Nova's musical revolution, including Jo\u00e3o Gilberto, Vinicius de Moraes, and Ant\u00f4nio Carlos Jobim. By 1963, after singing as an amateur for a few years, she became a professional and toured with S\u00e9rgio Mendes. In 1968 she appeared on the album \"Tropic\u00e1lia: ou Panis et Circenses\" together with artists including Gilberto Gil, Caetano Veloso, Os Mutantes and Gal Costa, performing \"Lindon\u00e9ia\", which appears as first track in this album, published in the same year.","og_url":"https:\/\/wpguerssen-test.odoo.rgbconsulting.com\/es\/producto\/nara-leao\/","og_site_name":"Guerssen records","article_modified_time":"2025-04-23T15:31:48+00:00","og_image":[{"width":945,"height":945,"url":"https:\/\/wpguerssen-test.odoo.rgbconsulting.com\/wp-content\/uploads\/2024\/07\/48446.jpg","type":"image\/jpeg"}],"twitter_card":"summary_large_image","twitter_title":"LEAO, Nara - Nara Leao -  (LP) | Guerssen","twitter_misc":{"Tiempo de lectura":"1 minuto"},"schema":{"@context":"https:\/\/schema.org","@graph":[{"@type":"WebPage","@id":"https:\/\/wpguerssen-test.odoo.rgbconsulting.com\/es\/producto\/nara-leao\/","url":"https:\/\/wpguerssen-test.odoo.rgbconsulting.com\/es\/producto\/nara-leao\/","name":"LEAO, Nara - Nara Leao - (LP) | Guerssen","isPartOf":{"@id":"https:\/\/wpguerssen-test.odoo.rgbconsulting.com\/es\/#website"},"primaryImageOfPage":{"@id":"https:\/\/wpguerssen-test.odoo.rgbconsulting.com\/es\/producto\/nara-leao\/#primaryimage"},"image":{"@id":"https:\/\/wpguerssen-test.odoo.rgbconsulting.com\/es\/producto\/nara-leao\/#primaryimage"},"thumbnailUrl":"https:\/\/wpguerssen-test.odoo.rgbconsulting.com\/wp-content\/uploads\/2024\/07\/48446.jpg","datePublished":"2025-03-27T23:00:00+00:00","dateModified":"2025-04-23T15:31:48+00:00","description":"Nara Le\u00e3o is known as \"the muse of bossa nova\". Already as a teenager in the late 1950s, she became friends with several singers and composers who took part in Bossa Nova's musical revolution, including Jo\u00e3o Gilberto, Vinicius de Moraes, and Ant\u00f4nio Carlos Jobim. By 1963, after singing as an amateur for a few years, she became a professional and toured with S\u00e9rgio Mendes. In 1968 she appeared on the album \"Tropic\u00e1lia: ou Panis et Circenses\" together with artists including Gilberto Gil, Caetano Veloso, Os Mutantes and Gal Costa, performing \"Lindon\u00e9ia\", which appears as first track in this album, published in the same year.","breadcrumb":{"@id":"https:\/\/wpguerssen-test.odoo.rgbconsulting.com\/es\/producto\/nara-leao\/#breadcrumb"},"inLanguage":"es","potentialAction":[{"@type":"ReadAction","target":["https:\/\/wpguerssen-test.odoo.rgbconsulting.com\/es\/producto\/nara-leao\/"]}]},{"@type":"ImageObject","inLanguage":"es","@id":"https:\/\/wpguerssen-test.odoo.rgbconsulting.com\/es\/producto\/nara-leao\/#primaryimage","url":"https:\/\/wpguerssen-test.odoo.rgbconsulting.com\/wp-content\/uploads\/2024\/07\/48446.jpg","contentUrl":"https:\/\/wpguerssen-test.odoo.rgbconsulting.com\/wp-content\/uploads\/2024\/07\/48446.jpg","width":945,"height":945,"caption":"Nara - Nara Leao - ENDLESS HAPPINESS (LP) | Guerssen"},{"@type":"BreadcrumbList","@id":"https:\/\/wpguerssen-test.odoo.rgbconsulting.com\/es\/producto\/nara-leao\/#breadcrumb","itemListElement":[{"@type":"ListItem","position":1,"name":"Inicio","item":"https:\/\/wpguerssen-test.odoo.rgbconsulting.com\/es\/"},{"@type":"ListItem","position":2,"name":"Shop","item":"https:\/\/wpguerssen-test.odoo.rgbconsulting.com\/shop\/"},{"@type":"ListItem","position":3,"name":"Nara Leao"}]},{"@type":"WebSite","@id":"https:\/\/wpguerssen-test.odoo.rgbconsulting.com\/es\/#website","url":"https:\/\/wpguerssen-test.odoo.rgbconsulting.com\/es\/","name":"Guerssen records","description":"psychedelia - progressive - folk - garage ","publisher":{"@id":"https:\/\/wpguerssen-test.odoo.rgbconsulting.com\/es\/#organization"},"potentialAction":[{"@type":"SearchAction","target":{"@type":"EntryPoint","urlTemplate":"https:\/\/wpguerssen-test.odoo.rgbconsulting.com\/es\/?s={search_term_string}"},"query-input":{"@type":"PropertyValueSpecification","valueRequired":true,"valueName":"search_term_string"}}],"inLanguage":"es"},{"@type":"Organization","@id":"https:\/\/wpguerssen-test.odoo.rgbconsulting.com\/es\/#organization","name":"Guerssen records","url":"https:\/\/wpguerssen-test.odoo.rgbconsulting.com\/es\/","logo":{"@type":"ImageObject","inLanguage":"es","@id":"https:\/\/wpguerssen-test.odoo.rgbconsulting.com\/es\/#\/schema\/logo\/image\/","url":"https:\/\/wpguerssen-test.odoo.rgbconsulting.com\/wp-content\/uploads\/2022\/04\/Logo_Guerssen_trans_100.png","contentUrl":"https:\/\/wpguerssen-test.odoo.rgbconsulting.com\/wp-content\/uploads\/2022\/04\/Logo_Guerssen_trans_100.png","width":122,"height":100,"caption":"Guerssen records"},"image":{"@id":"https:\/\/wpguerssen-test.odoo.rgbconsulting.com\/es\/#\/schema\/logo\/image\/"}}]}},"_links":{"self":[{"href":"https:\/\/wpguerssen-test.odoo.rgbconsulting.com\/es\/wp-json\/wp\/v2\/product\/273205","targetHints":{"allow":["GET"]}}],"collection":[{"href":"https:\/\/wpguerssen-test.odoo.rgbconsulting.com\/es\/wp-json\/wp\/v2\/product"}],"about":[{"href":"https:\/\/wpguerssen-test.odoo.rgbconsulting.com\/es\/wp-json\/wp\/v2\/types\/product"}],"wp:featuredmedia":[{"embeddable":true,"href":"https:\/\/wpguerssen-test.odoo.rgbconsulting.com\/es\/wp-json\/wp\/v2\/media\/273185"}],"wp:attachment":[{"href":"https:\/\/wpguerssen-test.odoo.rgbconsulting.com\/es\/wp-json\/wp\/v2\/media?parent=273205"}],"wp:term":[{"taxonomy":"product_brand","embeddable":true,"href":"https:\/\/wpguerssen-test.odoo.rgbconsulting.com\/es\/wp-json\/wp\/v2\/product_brand?post=273205"},{"taxonomy":"product_cat","embeddable":true,"href":"https:\/\/wpguerssen-test.odoo.rgbconsulting.com\/es\/wp-json\/wp\/v2\/product_cat?post=273205"},{"taxonomy":"product_tag","embeddable":true,"href":"https:\/\/wpguerssen-test.odoo.rgbconsulting.com\/es\/wp-json\/wp\/v2\/product_tag?post=273205"}],"curies":[{"name":"wp","href":"https:\/\/api.w.org\/{rel}","templated":true}]}}