{"id":273209,"date":"2024-09-23T00:00:00","date_gmt":"2024-09-22T22:00:00","guid":{"rendered":"https:\/\/wpguerssen-test.odoo.rgbconsulting.com\/product\/brute-force\/"},"modified":"2025-03-28T12:41:22","modified_gmt":"2025-03-28T11:41:22","slug":"brute-force","status":"publish","type":"product","link":"https:\/\/wpguerssen-test.odoo.rgbconsulting.com\/es\/producto\/brute-force\/","title":{"rendered":"Brute Force"},"content":{"rendered":"<p>Bendecidos por el productor Herbie Mann, que lanz\u00f3 su \u00fanico disco en 1970 en su sello personal Embryo, Brute Force fue un singular grupo de jazz funk, que llen\u00f3 el vac\u00edo entre el rhythm n blues y la revoluci\u00f3n del jazz-rock ya profesada por Miles Davis. La conexi\u00f3n con Herbie Mann se solidific\u00f3 con la presencia del guitarrista Sonny Sharrock, que toca en la primera mitad del disco, en ese momento en el supergrupo de flautistas. Con el distintivo piano el\u00e9ctrico de Richard Daniel y su hermano Ted (una futura figura clave en la escena del jazz del centro de Nueva York) en la trompeta, el disco a\u00fan conserva un tono fascinante.<\/p>\n","protected":false},"excerpt":{"rendered":"<p>Bendecidos por el productor Herbie Mann, que lanz\u00f3 su \u00fanico disco en 1970 en su sello personal Embryo, Brute Force fue un singular grupo de jazz funk, que llen\u00f3<a class=\"read\" href=\"https:\/\/wpguerssen-test.odoo.rgbconsulting.com\/es\/producto\/brute-force\/\"> (...)<\/a>","protected":false},"featured_media":273197,"template":"","meta":{"_acf_changed":false},"product_brand":[],"product_cat":[23219,23258],"product_tag":[],"class_list":{"0":"post-273209","1":"product","2":"type-product","3":"status-publish","4":"has-post-thumbnail","6":"product_cat-funk-es","7":"product_cat-afro-funk-afrobeat-es","8":"pa_artist-brute-force","9":"pa_format-lp-es","10":"pa_gender-funk-afro-funk-afrobeat","11":"pa_label-cosmic-rock-es","12":"pa_location-north-america-es","13":"pa_other-filters-vinyl-only-es","15":"first","16":"instock","17":"taxable","18":"shipping-taxable","19":"purchasable","20":"product-type-simple"},"acf":[],"yoast_head":"<!-- This site is optimized with the Yoast SEO plugin v24.9 - https:\/\/yoast.com\/wordpress\/plugins\/seo\/ -->\n<title>BRUTE FORCE - Brute Force -  (LP) | Guerssen<\/title>\n<meta name=\"description\" content=\"Blessed by producer Herbie Mann, who released their sole record in 1970 on his personal imprint Embryo, Brute Force were a singular jazz funk group, who filled the gap between heavy rhythm n blues and the jazz-rock revolution already professed by Miles Davis. The Herbie Mann connection was solidified by the presence of guitarist Sonny Sharrock - who plays on the first half of the record - at the time in the flutist supergroup. With the distinctive electric piano of Richard Daniel and brother Ted (a future key figure in New York downtown jazz scene) on trumpet the record still retains a fascinating mood.\" \/>\n<meta name=\"robots\" content=\"index, follow, max-snippet:-1, max-image-preview:large, max-video-preview:-1\" \/>\n<link rel=\"canonical\" href=\"https:\/\/wpguerssen-test.odoo.rgbconsulting.com\/es\/producto\/brute-force\/\" \/>\n<meta property=\"og:locale\" content=\"es_ES\" \/>\n<meta property=\"og:type\" content=\"article\" \/>\n<meta property=\"og:title\" content=\"BRUTE FORCE - Brute Force -  (LP) | Guerssen\" \/>\n<meta property=\"og:description\" content=\"Blessed by producer Herbie Mann, who released their sole record in 1970 on his personal imprint Embryo, Brute Force were a singular jazz funk group, who filled the gap between heavy rhythm n blues and the jazz-rock revolution already professed by Miles Davis. The Herbie Mann connection was solidified by the presence of guitarist Sonny Sharrock - who plays on the first half of the record - at the time in the flutist supergroup. With the distinctive electric piano of Richard Daniel and brother Ted (a future key figure in New York downtown jazz scene) on trumpet the record still retains a fascinating mood.\" \/>\n<meta property=\"og:url\" content=\"https:\/\/wpguerssen-test.odoo.rgbconsulting.com\/es\/producto\/brute-force\/\" \/>\n<meta property=\"og:site_name\" content=\"Guerssen records\" \/>\n<meta property=\"article:modified_time\" content=\"2025-03-28T11:41:22+00:00\" \/>\n<meta property=\"og:image\" content=\"https:\/\/wpguerssen-test.odoo.rgbconsulting.com\/wp-content\/uploads\/2024\/07\/48451.jpg\" \/>\n\t<meta property=\"og:image:width\" content=\"1181\" \/>\n\t<meta property=\"og:image:height\" content=\"1181\" \/>\n\t<meta property=\"og:image:type\" content=\"image\/jpeg\" \/>\n<meta name=\"twitter:card\" content=\"summary_large_image\" \/>\n<meta name=\"twitter:title\" content=\"BRUTE FORCE - Brute Force -  (LP) | Guerssen\" \/>\n<meta name=\"twitter:label1\" content=\"Tiempo de lectura\" \/>\n\t<meta name=\"twitter:data1\" content=\"1 minuto\" \/>\n<script type=\"application\/ld+json\" class=\"yoast-schema-graph\">{\"@context\":\"https:\/\/schema.org\",\"@graph\":[{\"@type\":\"WebPage\",\"@id\":\"https:\/\/wpguerssen-test.odoo.rgbconsulting.com\/es\/producto\/brute-force\/\",\"url\":\"https:\/\/wpguerssen-test.odoo.rgbconsulting.com\/es\/producto\/brute-force\/\",\"name\":\"BRUTE FORCE - Brute Force - (LP) | Guerssen\",\"isPartOf\":{\"@id\":\"https:\/\/wpguerssen-test.odoo.rgbconsulting.com\/es\/#website\"},\"primaryImageOfPage\":{\"@id\":\"https:\/\/wpguerssen-test.odoo.rgbconsulting.com\/es\/producto\/brute-force\/#primaryimage\"},\"image\":{\"@id\":\"https:\/\/wpguerssen-test.odoo.rgbconsulting.com\/es\/producto\/brute-force\/#primaryimage\"},\"thumbnailUrl\":\"https:\/\/wpguerssen-test.odoo.rgbconsulting.com\/wp-content\/uploads\/2024\/07\/48451.jpg\",\"datePublished\":\"2024-09-22T22:00:00+00:00\",\"dateModified\":\"2025-03-28T11:41:22+00:00\",\"description\":\"Blessed by producer Herbie Mann, who released their sole record in 1970 on his personal imprint Embryo, Brute Force were a singular jazz funk group, who filled the gap between heavy rhythm n blues and the jazz-rock revolution already professed by Miles Davis. The Herbie Mann connection was solidified by the presence of guitarist Sonny Sharrock - who plays on the first half of the record - at the time in the flutist supergroup. With the distinctive electric piano of Richard Daniel and brother Ted (a future key figure in New York downtown jazz scene) on trumpet the record still retains a fascinating mood.\",\"breadcrumb\":{\"@id\":\"https:\/\/wpguerssen-test.odoo.rgbconsulting.com\/es\/producto\/brute-force\/#breadcrumb\"},\"inLanguage\":\"es\",\"potentialAction\":[{\"@type\":\"ReadAction\",\"target\":[\"https:\/\/wpguerssen-test.odoo.rgbconsulting.com\/es\/producto\/brute-force\/\"]}]},{\"@type\":\"ImageObject\",\"inLanguage\":\"es\",\"@id\":\"https:\/\/wpguerssen-test.odoo.rgbconsulting.com\/es\/producto\/brute-force\/#primaryimage\",\"url\":\"https:\/\/wpguerssen-test.odoo.rgbconsulting.com\/wp-content\/uploads\/2024\/07\/48451.jpg\",\"contentUrl\":\"https:\/\/wpguerssen-test.odoo.rgbconsulting.com\/wp-content\/uploads\/2024\/07\/48451.jpg\",\"width\":1181,\"height\":1181},{\"@type\":\"BreadcrumbList\",\"@id\":\"https:\/\/wpguerssen-test.odoo.rgbconsulting.com\/es\/producto\/brute-force\/#breadcrumb\",\"itemListElement\":[{\"@type\":\"ListItem\",\"position\":1,\"name\":\"Inicio\",\"item\":\"https:\/\/wpguerssen-test.odoo.rgbconsulting.com\/es\/\"},{\"@type\":\"ListItem\",\"position\":2,\"name\":\"Shop\",\"item\":\"https:\/\/wpguerssen-test.odoo.rgbconsulting.com\/shop\/\"},{\"@type\":\"ListItem\",\"position\":3,\"name\":\"Brute Force\"}]},{\"@type\":\"WebSite\",\"@id\":\"https:\/\/wpguerssen-test.odoo.rgbconsulting.com\/es\/#website\",\"url\":\"https:\/\/wpguerssen-test.odoo.rgbconsulting.com\/es\/\",\"name\":\"Guerssen records\",\"description\":\"psychedelia - progressive - folk - garage \",\"publisher\":{\"@id\":\"https:\/\/wpguerssen-test.odoo.rgbconsulting.com\/es\/#organization\"},\"potentialAction\":[{\"@type\":\"SearchAction\",\"target\":{\"@type\":\"EntryPoint\",\"urlTemplate\":\"https:\/\/wpguerssen-test.odoo.rgbconsulting.com\/es\/?s={search_term_string}\"},\"query-input\":{\"@type\":\"PropertyValueSpecification\",\"valueRequired\":true,\"valueName\":\"search_term_string\"}}],\"inLanguage\":\"es\"},{\"@type\":\"Organization\",\"@id\":\"https:\/\/wpguerssen-test.odoo.rgbconsulting.com\/es\/#organization\",\"name\":\"Guerssen records\",\"url\":\"https:\/\/wpguerssen-test.odoo.rgbconsulting.com\/es\/\",\"logo\":{\"@type\":\"ImageObject\",\"inLanguage\":\"es\",\"@id\":\"https:\/\/wpguerssen-test.odoo.rgbconsulting.com\/es\/#\/schema\/logo\/image\/\",\"url\":\"https:\/\/wpguerssen-test.odoo.rgbconsulting.com\/wp-content\/uploads\/2022\/04\/Logo_Guerssen_trans_100.png\",\"contentUrl\":\"https:\/\/wpguerssen-test.odoo.rgbconsulting.com\/wp-content\/uploads\/2022\/04\/Logo_Guerssen_trans_100.png\",\"width\":122,\"height\":100,\"caption\":\"Guerssen records\"},\"image\":{\"@id\":\"https:\/\/wpguerssen-test.odoo.rgbconsulting.com\/es\/#\/schema\/logo\/image\/\"}}]}<\/script>\n<!-- \/ Yoast SEO plugin. -->","yoast_head_json":{"title":"BRUTE FORCE - Brute Force -  (LP) | Guerssen","description":"Blessed by producer Herbie Mann, who released their sole record in 1970 on his personal imprint Embryo, Brute Force were a singular jazz funk group, who filled the gap between heavy rhythm n blues and the jazz-rock revolution already professed by Miles Davis. The Herbie Mann connection was solidified by the presence of guitarist Sonny Sharrock - who plays on the first half of the record - at the time in the flutist supergroup. With the distinctive electric piano of Richard Daniel and brother Ted (a future key figure in New York downtown jazz scene) on trumpet the record still retains a fascinating mood.","robots":{"index":"index","follow":"follow","max-snippet":"max-snippet:-1","max-image-preview":"max-image-preview:large","max-video-preview":"max-video-preview:-1"},"canonical":"https:\/\/wpguerssen-test.odoo.rgbconsulting.com\/es\/producto\/brute-force\/","og_locale":"es_ES","og_type":"article","og_title":"BRUTE FORCE - Brute Force -  (LP) | Guerssen","og_description":"Blessed by producer Herbie Mann, who released their sole record in 1970 on his personal imprint Embryo, Brute Force were a singular jazz funk group, who filled the gap between heavy rhythm n blues and the jazz-rock revolution already professed by Miles Davis. The Herbie Mann connection was solidified by the presence of guitarist Sonny Sharrock - who plays on the first half of the record - at the time in the flutist supergroup. With the distinctive electric piano of Richard Daniel and brother Ted (a future key figure in New York downtown jazz scene) on trumpet the record still retains a fascinating mood.","og_url":"https:\/\/wpguerssen-test.odoo.rgbconsulting.com\/es\/producto\/brute-force\/","og_site_name":"Guerssen records","article_modified_time":"2025-03-28T11:41:22+00:00","og_image":[{"width":1181,"height":1181,"url":"https:\/\/wpguerssen-test.odoo.rgbconsulting.com\/wp-content\/uploads\/2024\/07\/48451.jpg","type":"image\/jpeg"}],"twitter_card":"summary_large_image","twitter_title":"BRUTE FORCE - Brute Force -  (LP) | Guerssen","twitter_misc":{"Tiempo de lectura":"1 minuto"},"schema":{"@context":"https:\/\/schema.org","@graph":[{"@type":"WebPage","@id":"https:\/\/wpguerssen-test.odoo.rgbconsulting.com\/es\/producto\/brute-force\/","url":"https:\/\/wpguerssen-test.odoo.rgbconsulting.com\/es\/producto\/brute-force\/","name":"BRUTE FORCE - Brute Force - (LP) | Guerssen","isPartOf":{"@id":"https:\/\/wpguerssen-test.odoo.rgbconsulting.com\/es\/#website"},"primaryImageOfPage":{"@id":"https:\/\/wpguerssen-test.odoo.rgbconsulting.com\/es\/producto\/brute-force\/#primaryimage"},"image":{"@id":"https:\/\/wpguerssen-test.odoo.rgbconsulting.com\/es\/producto\/brute-force\/#primaryimage"},"thumbnailUrl":"https:\/\/wpguerssen-test.odoo.rgbconsulting.com\/wp-content\/uploads\/2024\/07\/48451.jpg","datePublished":"2024-09-22T22:00:00+00:00","dateModified":"2025-03-28T11:41:22+00:00","description":"Blessed by producer Herbie Mann, who released their sole record in 1970 on his personal imprint Embryo, Brute Force were a singular jazz funk group, who filled the gap between heavy rhythm n blues and the jazz-rock revolution already professed by Miles Davis. The Herbie Mann connection was solidified by the presence of guitarist Sonny Sharrock - who plays on the first half of the record - at the time in the flutist supergroup. With the distinctive electric piano of Richard Daniel and brother Ted (a future key figure in New York downtown jazz scene) on trumpet the record still retains a fascinating mood.","breadcrumb":{"@id":"https:\/\/wpguerssen-test.odoo.rgbconsulting.com\/es\/producto\/brute-force\/#breadcrumb"},"inLanguage":"es","potentialAction":[{"@type":"ReadAction","target":["https:\/\/wpguerssen-test.odoo.rgbconsulting.com\/es\/producto\/brute-force\/"]}]},{"@type":"ImageObject","inLanguage":"es","@id":"https:\/\/wpguerssen-test.odoo.rgbconsulting.com\/es\/producto\/brute-force\/#primaryimage","url":"https:\/\/wpguerssen-test.odoo.rgbconsulting.com\/wp-content\/uploads\/2024\/07\/48451.jpg","contentUrl":"https:\/\/wpguerssen-test.odoo.rgbconsulting.com\/wp-content\/uploads\/2024\/07\/48451.jpg","width":1181,"height":1181},{"@type":"BreadcrumbList","@id":"https:\/\/wpguerssen-test.odoo.rgbconsulting.com\/es\/producto\/brute-force\/#breadcrumb","itemListElement":[{"@type":"ListItem","position":1,"name":"Inicio","item":"https:\/\/wpguerssen-test.odoo.rgbconsulting.com\/es\/"},{"@type":"ListItem","position":2,"name":"Shop","item":"https:\/\/wpguerssen-test.odoo.rgbconsulting.com\/shop\/"},{"@type":"ListItem","position":3,"name":"Brute Force"}]},{"@type":"WebSite","@id":"https:\/\/wpguerssen-test.odoo.rgbconsulting.com\/es\/#website","url":"https:\/\/wpguerssen-test.odoo.rgbconsulting.com\/es\/","name":"Guerssen records","description":"psychedelia - progressive - folk - garage ","publisher":{"@id":"https:\/\/wpguerssen-test.odoo.rgbconsulting.com\/es\/#organization"},"potentialAction":[{"@type":"SearchAction","target":{"@type":"EntryPoint","urlTemplate":"https:\/\/wpguerssen-test.odoo.rgbconsulting.com\/es\/?s={search_term_string}"},"query-input":{"@type":"PropertyValueSpecification","valueRequired":true,"valueName":"search_term_string"}}],"inLanguage":"es"},{"@type":"Organization","@id":"https:\/\/wpguerssen-test.odoo.rgbconsulting.com\/es\/#organization","name":"Guerssen records","url":"https:\/\/wpguerssen-test.odoo.rgbconsulting.com\/es\/","logo":{"@type":"ImageObject","inLanguage":"es","@id":"https:\/\/wpguerssen-test.odoo.rgbconsulting.com\/es\/#\/schema\/logo\/image\/","url":"https:\/\/wpguerssen-test.odoo.rgbconsulting.com\/wp-content\/uploads\/2022\/04\/Logo_Guerssen_trans_100.png","contentUrl":"https:\/\/wpguerssen-test.odoo.rgbconsulting.com\/wp-content\/uploads\/2022\/04\/Logo_Guerssen_trans_100.png","width":122,"height":100,"caption":"Guerssen records"},"image":{"@id":"https:\/\/wpguerssen-test.odoo.rgbconsulting.com\/es\/#\/schema\/logo\/image\/"}}]}},"_links":{"self":[{"href":"https:\/\/wpguerssen-test.odoo.rgbconsulting.com\/es\/wp-json\/wp\/v2\/product\/273209","targetHints":{"allow":["GET"]}}],"collection":[{"href":"https:\/\/wpguerssen-test.odoo.rgbconsulting.com\/es\/wp-json\/wp\/v2\/product"}],"about":[{"href":"https:\/\/wpguerssen-test.odoo.rgbconsulting.com\/es\/wp-json\/wp\/v2\/types\/product"}],"wp:featuredmedia":[{"embeddable":true,"href":"https:\/\/wpguerssen-test.odoo.rgbconsulting.com\/es\/wp-json\/wp\/v2\/media\/273197"}],"wp:attachment":[{"href":"https:\/\/wpguerssen-test.odoo.rgbconsulting.com\/es\/wp-json\/wp\/v2\/media?parent=273209"}],"wp:term":[{"taxonomy":"product_brand","embeddable":true,"href":"https:\/\/wpguerssen-test.odoo.rgbconsulting.com\/es\/wp-json\/wp\/v2\/product_brand?post=273209"},{"taxonomy":"product_cat","embeddable":true,"href":"https:\/\/wpguerssen-test.odoo.rgbconsulting.com\/es\/wp-json\/wp\/v2\/product_cat?post=273209"},{"taxonomy":"product_tag","embeddable":true,"href":"https:\/\/wpguerssen-test.odoo.rgbconsulting.com\/es\/wp-json\/wp\/v2\/product_tag?post=273209"}],"curies":[{"name":"wp","href":"https:\/\/api.w.org\/{rel}","templated":true}]}}