{"id":273210,"date":"2024-09-23T00:00:00","date_gmt":"2024-09-22T22:00:00","guid":{"rendered":"https:\/\/wpguerssen-test.odoo.rgbconsulting.com\/product\/out-of-sight-and-sound\/"},"modified":"2025-03-28T12:41:26","modified_gmt":"2025-03-28T11:41:26","slug":"out-of-sight-and-sound","status":"publish","type":"product","link":"https:\/\/wpguerssen-test.odoo.rgbconsulting.com\/es\/producto\/out-of-sight-and-sound\/","title":{"rendered":"Out Of Sight And Sound"},"content":{"rendered":"<p>Posiblemente uno de los primeros \u00e1lbumes crossover de jazz-rock de la historia, &#8216;Out of Sight and Sound&#8217; fue lanzado en 1967 por ABC Records. El \u00e1lbum fue grabado por Rudy Van Gelder y producido por Bob Thiele. Con una formaci\u00f3n estelar compuesta por el joven y talentoso guitarrista Larry Coryell (que pronto ser\u00e1 un competente solista en Vanguard), el disco fue una verdadera expresi\u00f3n del estilo de vida del m\u00fasico y su herencia art\u00edstica. Con el baterista Bob Moses (Compost, Steve Kuhn) a bordo, el segundo guitarrista Columbus \u00abChip\u00bb Baker, el saxofonista Jim Pepper (un nativo americano cuyo debut en Herbie Mann Embryo todav\u00eda se considera una obra maestra) y el bajista Chris Hills, Free Spirits fue posiblemente el primer grupo de fusi\u00f3n!<\/p>\n","protected":false},"excerpt":{"rendered":"<p>Posiblemente uno de los primeros \u00e1lbumes crossover de jazz-rock de la historia, &#8216;Out of Sight and Sound&#8217; fue lanzado en 1967 por ABC Records. El \u00e1lbum<a class=\"read\" href=\"https:\/\/wpguerssen-test.odoo.rgbconsulting.com\/es\/producto\/out-of-sight-and-sound\/\"> (...)<\/a>","protected":false},"featured_media":273200,"template":"","meta":{"_acf_changed":false},"product_brand":[],"product_cat":[21639,23229],"product_tag":[],"class_list":{"0":"post-273210","1":"product","2":"type-product","3":"status-publish","4":"has-post-thumbnail","6":"product_cat-psychedelic60s-70s-es","7":"product_cat-jazz-rock-es","8":"pa_artist-free-spirits-the","9":"pa_format-lp-es","10":"pa_gender-psychedelic60s-70s-jazz-rock","11":"pa_label-cosmic-rock-es","12":"pa_location-north-america-es","13":"pa_other-filters-vinyl-only-es","15":"first","16":"instock","17":"taxable","18":"shipping-taxable","19":"purchasable","20":"product-type-simple"},"acf":[],"yoast_head":"<!-- This site is optimized with the Yoast SEO plugin v24.9 - https:\/\/yoast.com\/wordpress\/plugins\/seo\/ -->\n<title>FREE SPIRITS, The - Out Of Sight And Sound -  (LP) | Guerssen<\/title>\n<meta name=\"description\" content=\"Possibly one of the first crossover jazz-rock album ever, &#039;Out of Sight and Sound&#039; was released in 1967 by ABC Records. The album was recorded by Rudy Van Gelder and produced by Bob Thiele. Featuring a stellar line up comprised of young talented guitar player Larry Coryell (soon to be a proficient solo artist on Vanguard) the record was a true expression of the musicians lifestyle and artist heritage. With drummer Bob Moses (Compost, Steve Kuhn) on board, second guitarist Columbus &quot;Chip&quot; Baker, saxophonist Jim Pepper (a native American who&#039;s debut on Herbie Mann Embryo is still regarded as a masterpiece) and bassist Chris Hills, Free Spirits were possible the first fusion group around!\" \/>\n<meta name=\"robots\" content=\"index, follow, max-snippet:-1, max-image-preview:large, max-video-preview:-1\" \/>\n<link rel=\"canonical\" href=\"https:\/\/wpguerssen-test.odoo.rgbconsulting.com\/es\/producto\/out-of-sight-and-sound\/\" \/>\n<meta property=\"og:locale\" content=\"es_ES\" \/>\n<meta property=\"og:type\" content=\"article\" \/>\n<meta property=\"og:title\" content=\"FREE SPIRITS, The - Out Of Sight And Sound -  (LP) | Guerssen\" \/>\n<meta property=\"og:description\" content=\"Possibly one of the first crossover jazz-rock album ever, &#039;Out of Sight and Sound&#039; was released in 1967 by ABC Records. The album was recorded by Rudy Van Gelder and produced by Bob Thiele. Featuring a stellar line up comprised of young talented guitar player Larry Coryell (soon to be a proficient solo artist on Vanguard) the record was a true expression of the musicians lifestyle and artist heritage. With drummer Bob Moses (Compost, Steve Kuhn) on board, second guitarist Columbus &quot;Chip&quot; Baker, saxophonist Jim Pepper (a native American who&#039;s debut on Herbie Mann Embryo is still regarded as a masterpiece) and bassist Chris Hills, Free Spirits were possible the first fusion group around!\" \/>\n<meta property=\"og:url\" content=\"https:\/\/wpguerssen-test.odoo.rgbconsulting.com\/es\/producto\/out-of-sight-and-sound\/\" \/>\n<meta property=\"og:site_name\" content=\"Guerssen records\" \/>\n<meta property=\"article:modified_time\" content=\"2025-03-28T11:41:26+00:00\" \/>\n<meta property=\"og:image\" content=\"https:\/\/wpguerssen-test.odoo.rgbconsulting.com\/wp-content\/uploads\/2024\/07\/48452.jpg\" \/>\n\t<meta property=\"og:image:width\" content=\"1181\" \/>\n\t<meta property=\"og:image:height\" content=\"1181\" \/>\n\t<meta property=\"og:image:type\" content=\"image\/jpeg\" \/>\n<meta name=\"twitter:card\" content=\"summary_large_image\" \/>\n<meta name=\"twitter:title\" content=\"FREE SPIRITS, The - Out Of Sight And Sound -  (LP) | Guerssen\" \/>\n<meta name=\"twitter:label1\" content=\"Tiempo de lectura\" \/>\n\t<meta name=\"twitter:data1\" content=\"1 minuto\" \/>\n<script type=\"application\/ld+json\" class=\"yoast-schema-graph\">{\"@context\":\"https:\/\/schema.org\",\"@graph\":[{\"@type\":\"WebPage\",\"@id\":\"https:\/\/wpguerssen-test.odoo.rgbconsulting.com\/es\/producto\/out-of-sight-and-sound\/\",\"url\":\"https:\/\/wpguerssen-test.odoo.rgbconsulting.com\/es\/producto\/out-of-sight-and-sound\/\",\"name\":\"FREE SPIRITS, The - Out Of Sight And Sound - (LP) | Guerssen\",\"isPartOf\":{\"@id\":\"https:\/\/wpguerssen-test.odoo.rgbconsulting.com\/es\/#website\"},\"primaryImageOfPage\":{\"@id\":\"https:\/\/wpguerssen-test.odoo.rgbconsulting.com\/es\/producto\/out-of-sight-and-sound\/#primaryimage\"},\"image\":{\"@id\":\"https:\/\/wpguerssen-test.odoo.rgbconsulting.com\/es\/producto\/out-of-sight-and-sound\/#primaryimage\"},\"thumbnailUrl\":\"https:\/\/wpguerssen-test.odoo.rgbconsulting.com\/wp-content\/uploads\/2024\/07\/48452.jpg\",\"datePublished\":\"2024-09-22T22:00:00+00:00\",\"dateModified\":\"2025-03-28T11:41:26+00:00\",\"description\":\"Possibly one of the first crossover jazz-rock album ever, 'Out of Sight and Sound' was released in 1967 by ABC Records. The album was recorded by Rudy Van Gelder and produced by Bob Thiele. Featuring a stellar line up comprised of young talented guitar player Larry Coryell (soon to be a proficient solo artist on Vanguard) the record was a true expression of the musicians lifestyle and artist heritage. With drummer Bob Moses (Compost, Steve Kuhn) on board, second guitarist Columbus \\\"Chip\\\" Baker, saxophonist Jim Pepper (a native American who's debut on Herbie Mann Embryo is still regarded as a masterpiece) and bassist Chris Hills, Free Spirits were possible the first fusion group around!\",\"breadcrumb\":{\"@id\":\"https:\/\/wpguerssen-test.odoo.rgbconsulting.com\/es\/producto\/out-of-sight-and-sound\/#breadcrumb\"},\"inLanguage\":\"es\",\"potentialAction\":[{\"@type\":\"ReadAction\",\"target\":[\"https:\/\/wpguerssen-test.odoo.rgbconsulting.com\/es\/producto\/out-of-sight-and-sound\/\"]}]},{\"@type\":\"ImageObject\",\"inLanguage\":\"es\",\"@id\":\"https:\/\/wpguerssen-test.odoo.rgbconsulting.com\/es\/producto\/out-of-sight-and-sound\/#primaryimage\",\"url\":\"https:\/\/wpguerssen-test.odoo.rgbconsulting.com\/wp-content\/uploads\/2024\/07\/48452.jpg\",\"contentUrl\":\"https:\/\/wpguerssen-test.odoo.rgbconsulting.com\/wp-content\/uploads\/2024\/07\/48452.jpg\",\"width\":1181,\"height\":1181,\"caption\":\"The - Out Of Sight And Sound - COSMIC ROCK (LP) | Guerssen\"},{\"@type\":\"BreadcrumbList\",\"@id\":\"https:\/\/wpguerssen-test.odoo.rgbconsulting.com\/es\/producto\/out-of-sight-and-sound\/#breadcrumb\",\"itemListElement\":[{\"@type\":\"ListItem\",\"position\":1,\"name\":\"Inicio\",\"item\":\"https:\/\/wpguerssen-test.odoo.rgbconsulting.com\/es\/\"},{\"@type\":\"ListItem\",\"position\":2,\"name\":\"Shop\",\"item\":\"https:\/\/wpguerssen-test.odoo.rgbconsulting.com\/shop\/\"},{\"@type\":\"ListItem\",\"position\":3,\"name\":\"Out Of Sight And Sound\"}]},{\"@type\":\"WebSite\",\"@id\":\"https:\/\/wpguerssen-test.odoo.rgbconsulting.com\/es\/#website\",\"url\":\"https:\/\/wpguerssen-test.odoo.rgbconsulting.com\/es\/\",\"name\":\"Guerssen records\",\"description\":\"psychedelia - progressive - folk - garage \",\"publisher\":{\"@id\":\"https:\/\/wpguerssen-test.odoo.rgbconsulting.com\/es\/#organization\"},\"potentialAction\":[{\"@type\":\"SearchAction\",\"target\":{\"@type\":\"EntryPoint\",\"urlTemplate\":\"https:\/\/wpguerssen-test.odoo.rgbconsulting.com\/es\/?s={search_term_string}\"},\"query-input\":{\"@type\":\"PropertyValueSpecification\",\"valueRequired\":true,\"valueName\":\"search_term_string\"}}],\"inLanguage\":\"es\"},{\"@type\":\"Organization\",\"@id\":\"https:\/\/wpguerssen-test.odoo.rgbconsulting.com\/es\/#organization\",\"name\":\"Guerssen records\",\"url\":\"https:\/\/wpguerssen-test.odoo.rgbconsulting.com\/es\/\",\"logo\":{\"@type\":\"ImageObject\",\"inLanguage\":\"es\",\"@id\":\"https:\/\/wpguerssen-test.odoo.rgbconsulting.com\/es\/#\/schema\/logo\/image\/\",\"url\":\"https:\/\/wpguerssen-test.odoo.rgbconsulting.com\/wp-content\/uploads\/2022\/04\/Logo_Guerssen_trans_100.png\",\"contentUrl\":\"https:\/\/wpguerssen-test.odoo.rgbconsulting.com\/wp-content\/uploads\/2022\/04\/Logo_Guerssen_trans_100.png\",\"width\":122,\"height\":100,\"caption\":\"Guerssen records\"},\"image\":{\"@id\":\"https:\/\/wpguerssen-test.odoo.rgbconsulting.com\/es\/#\/schema\/logo\/image\/\"}}]}<\/script>\n<!-- \/ Yoast SEO plugin. -->","yoast_head_json":{"title":"FREE SPIRITS, The - Out Of Sight And Sound -  (LP) | Guerssen","description":"Possibly one of the first crossover jazz-rock album ever, 'Out of Sight and Sound' was released in 1967 by ABC Records. The album was recorded by Rudy Van Gelder and produced by Bob Thiele. Featuring a stellar line up comprised of young talented guitar player Larry Coryell (soon to be a proficient solo artist on Vanguard) the record was a true expression of the musicians lifestyle and artist heritage. With drummer Bob Moses (Compost, Steve Kuhn) on board, second guitarist Columbus \"Chip\" Baker, saxophonist Jim Pepper (a native American who's debut on Herbie Mann Embryo is still regarded as a masterpiece) and bassist Chris Hills, Free Spirits were possible the first fusion group around!","robots":{"index":"index","follow":"follow","max-snippet":"max-snippet:-1","max-image-preview":"max-image-preview:large","max-video-preview":"max-video-preview:-1"},"canonical":"https:\/\/wpguerssen-test.odoo.rgbconsulting.com\/es\/producto\/out-of-sight-and-sound\/","og_locale":"es_ES","og_type":"article","og_title":"FREE SPIRITS, The - Out Of Sight And Sound -  (LP) | Guerssen","og_description":"Possibly one of the first crossover jazz-rock album ever, 'Out of Sight and Sound' was released in 1967 by ABC Records. The album was recorded by Rudy Van Gelder and produced by Bob Thiele. Featuring a stellar line up comprised of young talented guitar player Larry Coryell (soon to be a proficient solo artist on Vanguard) the record was a true expression of the musicians lifestyle and artist heritage. With drummer Bob Moses (Compost, Steve Kuhn) on board, second guitarist Columbus \"Chip\" Baker, saxophonist Jim Pepper (a native American who's debut on Herbie Mann Embryo is still regarded as a masterpiece) and bassist Chris Hills, Free Spirits were possible the first fusion group around!","og_url":"https:\/\/wpguerssen-test.odoo.rgbconsulting.com\/es\/producto\/out-of-sight-and-sound\/","og_site_name":"Guerssen records","article_modified_time":"2025-03-28T11:41:26+00:00","og_image":[{"width":1181,"height":1181,"url":"https:\/\/wpguerssen-test.odoo.rgbconsulting.com\/wp-content\/uploads\/2024\/07\/48452.jpg","type":"image\/jpeg"}],"twitter_card":"summary_large_image","twitter_title":"FREE SPIRITS, The - Out Of Sight And Sound -  (LP) | Guerssen","twitter_misc":{"Tiempo de lectura":"1 minuto"},"schema":{"@context":"https:\/\/schema.org","@graph":[{"@type":"WebPage","@id":"https:\/\/wpguerssen-test.odoo.rgbconsulting.com\/es\/producto\/out-of-sight-and-sound\/","url":"https:\/\/wpguerssen-test.odoo.rgbconsulting.com\/es\/producto\/out-of-sight-and-sound\/","name":"FREE SPIRITS, The - Out Of Sight And Sound - (LP) | Guerssen","isPartOf":{"@id":"https:\/\/wpguerssen-test.odoo.rgbconsulting.com\/es\/#website"},"primaryImageOfPage":{"@id":"https:\/\/wpguerssen-test.odoo.rgbconsulting.com\/es\/producto\/out-of-sight-and-sound\/#primaryimage"},"image":{"@id":"https:\/\/wpguerssen-test.odoo.rgbconsulting.com\/es\/producto\/out-of-sight-and-sound\/#primaryimage"},"thumbnailUrl":"https:\/\/wpguerssen-test.odoo.rgbconsulting.com\/wp-content\/uploads\/2024\/07\/48452.jpg","datePublished":"2024-09-22T22:00:00+00:00","dateModified":"2025-03-28T11:41:26+00:00","description":"Possibly one of the first crossover jazz-rock album ever, 'Out of Sight and Sound' was released in 1967 by ABC Records. The album was recorded by Rudy Van Gelder and produced by Bob Thiele. Featuring a stellar line up comprised of young talented guitar player Larry Coryell (soon to be a proficient solo artist on Vanguard) the record was a true expression of the musicians lifestyle and artist heritage. With drummer Bob Moses (Compost, Steve Kuhn) on board, second guitarist Columbus \"Chip\" Baker, saxophonist Jim Pepper (a native American who's debut on Herbie Mann Embryo is still regarded as a masterpiece) and bassist Chris Hills, Free Spirits were possible the first fusion group around!","breadcrumb":{"@id":"https:\/\/wpguerssen-test.odoo.rgbconsulting.com\/es\/producto\/out-of-sight-and-sound\/#breadcrumb"},"inLanguage":"es","potentialAction":[{"@type":"ReadAction","target":["https:\/\/wpguerssen-test.odoo.rgbconsulting.com\/es\/producto\/out-of-sight-and-sound\/"]}]},{"@type":"ImageObject","inLanguage":"es","@id":"https:\/\/wpguerssen-test.odoo.rgbconsulting.com\/es\/producto\/out-of-sight-and-sound\/#primaryimage","url":"https:\/\/wpguerssen-test.odoo.rgbconsulting.com\/wp-content\/uploads\/2024\/07\/48452.jpg","contentUrl":"https:\/\/wpguerssen-test.odoo.rgbconsulting.com\/wp-content\/uploads\/2024\/07\/48452.jpg","width":1181,"height":1181,"caption":"The - Out Of Sight And Sound - COSMIC ROCK (LP) | Guerssen"},{"@type":"BreadcrumbList","@id":"https:\/\/wpguerssen-test.odoo.rgbconsulting.com\/es\/producto\/out-of-sight-and-sound\/#breadcrumb","itemListElement":[{"@type":"ListItem","position":1,"name":"Inicio","item":"https:\/\/wpguerssen-test.odoo.rgbconsulting.com\/es\/"},{"@type":"ListItem","position":2,"name":"Shop","item":"https:\/\/wpguerssen-test.odoo.rgbconsulting.com\/shop\/"},{"@type":"ListItem","position":3,"name":"Out Of Sight And Sound"}]},{"@type":"WebSite","@id":"https:\/\/wpguerssen-test.odoo.rgbconsulting.com\/es\/#website","url":"https:\/\/wpguerssen-test.odoo.rgbconsulting.com\/es\/","name":"Guerssen records","description":"psychedelia - progressive - folk - garage ","publisher":{"@id":"https:\/\/wpguerssen-test.odoo.rgbconsulting.com\/es\/#organization"},"potentialAction":[{"@type":"SearchAction","target":{"@type":"EntryPoint","urlTemplate":"https:\/\/wpguerssen-test.odoo.rgbconsulting.com\/es\/?s={search_term_string}"},"query-input":{"@type":"PropertyValueSpecification","valueRequired":true,"valueName":"search_term_string"}}],"inLanguage":"es"},{"@type":"Organization","@id":"https:\/\/wpguerssen-test.odoo.rgbconsulting.com\/es\/#organization","name":"Guerssen records","url":"https:\/\/wpguerssen-test.odoo.rgbconsulting.com\/es\/","logo":{"@type":"ImageObject","inLanguage":"es","@id":"https:\/\/wpguerssen-test.odoo.rgbconsulting.com\/es\/#\/schema\/logo\/image\/","url":"https:\/\/wpguerssen-test.odoo.rgbconsulting.com\/wp-content\/uploads\/2022\/04\/Logo_Guerssen_trans_100.png","contentUrl":"https:\/\/wpguerssen-test.odoo.rgbconsulting.com\/wp-content\/uploads\/2022\/04\/Logo_Guerssen_trans_100.png","width":122,"height":100,"caption":"Guerssen records"},"image":{"@id":"https:\/\/wpguerssen-test.odoo.rgbconsulting.com\/es\/#\/schema\/logo\/image\/"}}]}},"_links":{"self":[{"href":"https:\/\/wpguerssen-test.odoo.rgbconsulting.com\/es\/wp-json\/wp\/v2\/product\/273210","targetHints":{"allow":["GET"]}}],"collection":[{"href":"https:\/\/wpguerssen-test.odoo.rgbconsulting.com\/es\/wp-json\/wp\/v2\/product"}],"about":[{"href":"https:\/\/wpguerssen-test.odoo.rgbconsulting.com\/es\/wp-json\/wp\/v2\/types\/product"}],"wp:featuredmedia":[{"embeddable":true,"href":"https:\/\/wpguerssen-test.odoo.rgbconsulting.com\/es\/wp-json\/wp\/v2\/media\/273200"}],"wp:attachment":[{"href":"https:\/\/wpguerssen-test.odoo.rgbconsulting.com\/es\/wp-json\/wp\/v2\/media?parent=273210"}],"wp:term":[{"taxonomy":"product_brand","embeddable":true,"href":"https:\/\/wpguerssen-test.odoo.rgbconsulting.com\/es\/wp-json\/wp\/v2\/product_brand?post=273210"},{"taxonomy":"product_cat","embeddable":true,"href":"https:\/\/wpguerssen-test.odoo.rgbconsulting.com\/es\/wp-json\/wp\/v2\/product_cat?post=273210"},{"taxonomy":"product_tag","embeddable":true,"href":"https:\/\/wpguerssen-test.odoo.rgbconsulting.com\/es\/wp-json\/wp\/v2\/product_tag?post=273210"}],"curies":[{"name":"wp","href":"https:\/\/api.w.org\/{rel}","templated":true}]}}