{"id":273211,"date":"2025-03-24T00:00:00","date_gmt":"2025-03-23T23:00:00","guid":{"rendered":"https:\/\/wpguerssen-test.odoo.rgbconsulting.com\/product\/thunder-on-a-clear-day\/"},"modified":"2025-03-24T17:34:11","modified_gmt":"2025-03-24T16:34:11","slug":"thunder-on-a-clear-day","status":"publish","type":"product","link":"https:\/\/wpguerssen-test.odoo.rgbconsulting.com\/es\/producto\/thunder-on-a-clear-day\/","title":{"rendered":"Thunder on a clear day"},"content":{"rendered":"<p>Licencia completa y remasterizada, limitada a 500 copias. Reedici\u00f3n en vinilo estrictamente limitada del \u00fanico \u00e1lbum de la banda de rock de Arizona, lanzado originalmente en Vault Records en 1968. Una obra maestra relativamente oscura, que combina psych rock con elementos distintivos de acid blues y jazz. Jams salvajes sensiblemente influenciados por el sonido de la Costa Oeste y mucho m\u00e1s cercanos al manifiesto de los Nuggets. Surgidos de las cenizas del grupo de folk-rock The Bittersweets en 1967, los m\u00fasicos de Phoenix nacieron para llevarte a un viaje sin fin. A la deriva desde el rock \u00e1cido hasta el blues melanc\u00f3lico, esta joya difusa de los primeros d\u00edas de la escena del rock and roll de Phoenix Valley se erige como una de las porciones m\u00e1s raras y puras de la psicodelia de mediados de los 60 que existen.<\/p>\n","protected":false},"excerpt":{"rendered":"<p>Licencia completa y remasterizada, limitada a 500 copias. Reedici\u00f3n en vinilo estrictamente limitada del \u00fanico \u00e1lbum de la banda de rock de Arizona, lanzado originalmente<a class=\"read\" href=\"https:\/\/wpguerssen-test.odoo.rgbconsulting.com\/es\/producto\/thunder-on-a-clear-day\/\"> (...)<\/a>","protected":false},"featured_media":273203,"template":"","meta":{"_acf_changed":false},"product_brand":[],"product_cat":[21639,23262],"product_tag":[24185],"class_list":{"0":"post-273211","1":"product","2":"type-product","3":"status-publish","4":"has-post-thumbnail","6":"product_cat-psychedelic60s-70s-es","7":"product_cat-blues-blues-rock-es","8":"product_tag-de-nuevo-en-existencia","9":"pa_artist-twentieth-century-zoo","10":"pa_format-lp-es","11":"pa_gender-psychedelic60s-70s-blues-blues-rock","12":"pa_label-bonfire-records","13":"pa_location-north-america-es","14":"pa_other-filters-vinyl-only-es","16":"first","17":"instock","18":"taxable","19":"shipping-taxable","20":"purchasable","21":"product-type-simple"},"acf":[],"yoast_head":"<!-- This site is optimized with the Yoast SEO plugin v24.9 - https:\/\/yoast.com\/wordpress\/plugins\/seo\/ -->\n<title>TWENTIETH CENTURY ZOO - Thunder on a clear day -  (LP) | Guerssen<\/title>\n<meta name=\"description\" content=\"Fully licensed and remastered, ltd to 500 copies. Strictly limited vinyl reissue of the Arizona rock band&#039;s only album, originally released on Vault Records in 1968. A relatively obscure masterpiece, combining psych rock with distinctive elements of acid blues and jazz. Wild jams sensibly influenced by the West Coast sound and much closer to the Nuggets manifesto. Rising from the ashes of the folk-rock outfit The Bittersweets in 1967, the Phoenix musicians were born to take you on an endless journey. Drifting from acid rock to melancholic blues, this fuzzed out gem from the earliest days of the Phoenix Valley rock and roll scene stands as one of the rarest and purest slices of mid-&#039;60s psychedelia around.\" \/>\n<meta name=\"robots\" content=\"index, follow, max-snippet:-1, max-image-preview:large, max-video-preview:-1\" \/>\n<link rel=\"canonical\" href=\"https:\/\/wpguerssen-test.odoo.rgbconsulting.com\/es\/producto\/thunder-on-a-clear-day\/\" \/>\n<meta property=\"og:locale\" content=\"es_ES\" \/>\n<meta property=\"og:type\" content=\"article\" \/>\n<meta property=\"og:title\" content=\"TWENTIETH CENTURY ZOO - Thunder on a clear day -  (LP) | Guerssen\" \/>\n<meta property=\"og:description\" content=\"Fully licensed and remastered, ltd to 500 copies. Strictly limited vinyl reissue of the Arizona rock band&#039;s only album, originally released on Vault Records in 1968. A relatively obscure masterpiece, combining psych rock with distinctive elements of acid blues and jazz. Wild jams sensibly influenced by the West Coast sound and much closer to the Nuggets manifesto. Rising from the ashes of the folk-rock outfit The Bittersweets in 1967, the Phoenix musicians were born to take you on an endless journey. Drifting from acid rock to melancholic blues, this fuzzed out gem from the earliest days of the Phoenix Valley rock and roll scene stands as one of the rarest and purest slices of mid-&#039;60s psychedelia around.\" \/>\n<meta property=\"og:url\" content=\"https:\/\/wpguerssen-test.odoo.rgbconsulting.com\/es\/producto\/thunder-on-a-clear-day\/\" \/>\n<meta property=\"og:site_name\" content=\"Guerssen records\" \/>\n<meta property=\"article:modified_time\" content=\"2025-03-24T16:34:11+00:00\" \/>\n<meta property=\"og:image\" content=\"https:\/\/wpguerssen-test.odoo.rgbconsulting.com\/wp-content\/uploads\/2024\/07\/48453-1024x1024.jpg\" \/>\n\t<meta property=\"og:image:width\" content=\"1024\" \/>\n\t<meta property=\"og:image:height\" content=\"1024\" \/>\n\t<meta property=\"og:image:type\" content=\"image\/jpeg\" \/>\n<meta name=\"twitter:card\" content=\"summary_large_image\" \/>\n<meta name=\"twitter:title\" content=\"TWENTIETH CENTURY ZOO - Thunder on a clear day -  (LP) | Guerssen\" \/>\n<meta name=\"twitter:label1\" content=\"Tiempo de lectura\" \/>\n\t<meta name=\"twitter:data1\" content=\"1 minuto\" \/>\n<script type=\"application\/ld+json\" class=\"yoast-schema-graph\">{\"@context\":\"https:\/\/schema.org\",\"@graph\":[{\"@type\":\"WebPage\",\"@id\":\"https:\/\/wpguerssen-test.odoo.rgbconsulting.com\/es\/producto\/thunder-on-a-clear-day\/\",\"url\":\"https:\/\/wpguerssen-test.odoo.rgbconsulting.com\/es\/producto\/thunder-on-a-clear-day\/\",\"name\":\"TWENTIETH CENTURY ZOO - Thunder on a clear day - (LP) | Guerssen\",\"isPartOf\":{\"@id\":\"https:\/\/wpguerssen-test.odoo.rgbconsulting.com\/es\/#website\"},\"primaryImageOfPage\":{\"@id\":\"https:\/\/wpguerssen-test.odoo.rgbconsulting.com\/es\/producto\/thunder-on-a-clear-day\/#primaryimage\"},\"image\":{\"@id\":\"https:\/\/wpguerssen-test.odoo.rgbconsulting.com\/es\/producto\/thunder-on-a-clear-day\/#primaryimage\"},\"thumbnailUrl\":\"https:\/\/wpguerssen-test.odoo.rgbconsulting.com\/wp-content\/uploads\/2024\/07\/48453.jpg\",\"datePublished\":\"2025-03-23T23:00:00+00:00\",\"dateModified\":\"2025-03-24T16:34:11+00:00\",\"description\":\"Fully licensed and remastered, ltd to 500 copies. Strictly limited vinyl reissue of the Arizona rock band's only album, originally released on Vault Records in 1968. A relatively obscure masterpiece, combining psych rock with distinctive elements of acid blues and jazz. Wild jams sensibly influenced by the West Coast sound and much closer to the Nuggets manifesto. Rising from the ashes of the folk-rock outfit The Bittersweets in 1967, the Phoenix musicians were born to take you on an endless journey. Drifting from acid rock to melancholic blues, this fuzzed out gem from the earliest days of the Phoenix Valley rock and roll scene stands as one of the rarest and purest slices of mid-'60s psychedelia around.\",\"breadcrumb\":{\"@id\":\"https:\/\/wpguerssen-test.odoo.rgbconsulting.com\/es\/producto\/thunder-on-a-clear-day\/#breadcrumb\"},\"inLanguage\":\"es\",\"potentialAction\":[{\"@type\":\"ReadAction\",\"target\":[\"https:\/\/wpguerssen-test.odoo.rgbconsulting.com\/es\/producto\/thunder-on-a-clear-day\/\"]}]},{\"@type\":\"ImageObject\",\"inLanguage\":\"es\",\"@id\":\"https:\/\/wpguerssen-test.odoo.rgbconsulting.com\/es\/producto\/thunder-on-a-clear-day\/#primaryimage\",\"url\":\"https:\/\/wpguerssen-test.odoo.rgbconsulting.com\/wp-content\/uploads\/2024\/07\/48453.jpg\",\"contentUrl\":\"https:\/\/wpguerssen-test.odoo.rgbconsulting.com\/wp-content\/uploads\/2024\/07\/48453.jpg\",\"width\":1400,\"height\":1400},{\"@type\":\"BreadcrumbList\",\"@id\":\"https:\/\/wpguerssen-test.odoo.rgbconsulting.com\/es\/producto\/thunder-on-a-clear-day\/#breadcrumb\",\"itemListElement\":[{\"@type\":\"ListItem\",\"position\":1,\"name\":\"Inicio\",\"item\":\"https:\/\/wpguerssen-test.odoo.rgbconsulting.com\/es\/\"},{\"@type\":\"ListItem\",\"position\":2,\"name\":\"Shop\",\"item\":\"https:\/\/wpguerssen-test.odoo.rgbconsulting.com\/shop\/\"},{\"@type\":\"ListItem\",\"position\":3,\"name\":\"Thunder on a clear day\"}]},{\"@type\":\"WebSite\",\"@id\":\"https:\/\/wpguerssen-test.odoo.rgbconsulting.com\/es\/#website\",\"url\":\"https:\/\/wpguerssen-test.odoo.rgbconsulting.com\/es\/\",\"name\":\"Guerssen records\",\"description\":\"psychedelia - progressive - folk - garage \",\"publisher\":{\"@id\":\"https:\/\/wpguerssen-test.odoo.rgbconsulting.com\/es\/#organization\"},\"potentialAction\":[{\"@type\":\"SearchAction\",\"target\":{\"@type\":\"EntryPoint\",\"urlTemplate\":\"https:\/\/wpguerssen-test.odoo.rgbconsulting.com\/es\/?s={search_term_string}\"},\"query-input\":{\"@type\":\"PropertyValueSpecification\",\"valueRequired\":true,\"valueName\":\"search_term_string\"}}],\"inLanguage\":\"es\"},{\"@type\":\"Organization\",\"@id\":\"https:\/\/wpguerssen-test.odoo.rgbconsulting.com\/es\/#organization\",\"name\":\"Guerssen records\",\"url\":\"https:\/\/wpguerssen-test.odoo.rgbconsulting.com\/es\/\",\"logo\":{\"@type\":\"ImageObject\",\"inLanguage\":\"es\",\"@id\":\"https:\/\/wpguerssen-test.odoo.rgbconsulting.com\/es\/#\/schema\/logo\/image\/\",\"url\":\"https:\/\/wpguerssen-test.odoo.rgbconsulting.com\/wp-content\/uploads\/2022\/04\/Logo_Guerssen_trans_100.png\",\"contentUrl\":\"https:\/\/wpguerssen-test.odoo.rgbconsulting.com\/wp-content\/uploads\/2022\/04\/Logo_Guerssen_trans_100.png\",\"width\":122,\"height\":100,\"caption\":\"Guerssen records\"},\"image\":{\"@id\":\"https:\/\/wpguerssen-test.odoo.rgbconsulting.com\/es\/#\/schema\/logo\/image\/\"}}]}<\/script>\n<!-- \/ Yoast SEO plugin. -->","yoast_head_json":{"title":"TWENTIETH CENTURY ZOO - Thunder on a clear day -  (LP) | Guerssen","description":"Fully licensed and remastered, ltd to 500 copies. Strictly limited vinyl reissue of the Arizona rock band's only album, originally released on Vault Records in 1968. A relatively obscure masterpiece, combining psych rock with distinctive elements of acid blues and jazz. Wild jams sensibly influenced by the West Coast sound and much closer to the Nuggets manifesto. Rising from the ashes of the folk-rock outfit The Bittersweets in 1967, the Phoenix musicians were born to take you on an endless journey. Drifting from acid rock to melancholic blues, this fuzzed out gem from the earliest days of the Phoenix Valley rock and roll scene stands as one of the rarest and purest slices of mid-'60s psychedelia around.","robots":{"index":"index","follow":"follow","max-snippet":"max-snippet:-1","max-image-preview":"max-image-preview:large","max-video-preview":"max-video-preview:-1"},"canonical":"https:\/\/wpguerssen-test.odoo.rgbconsulting.com\/es\/producto\/thunder-on-a-clear-day\/","og_locale":"es_ES","og_type":"article","og_title":"TWENTIETH CENTURY ZOO - Thunder on a clear day -  (LP) | Guerssen","og_description":"Fully licensed and remastered, ltd to 500 copies. Strictly limited vinyl reissue of the Arizona rock band's only album, originally released on Vault Records in 1968. A relatively obscure masterpiece, combining psych rock with distinctive elements of acid blues and jazz. Wild jams sensibly influenced by the West Coast sound and much closer to the Nuggets manifesto. Rising from the ashes of the folk-rock outfit The Bittersweets in 1967, the Phoenix musicians were born to take you on an endless journey. Drifting from acid rock to melancholic blues, this fuzzed out gem from the earliest days of the Phoenix Valley rock and roll scene stands as one of the rarest and purest slices of mid-'60s psychedelia around.","og_url":"https:\/\/wpguerssen-test.odoo.rgbconsulting.com\/es\/producto\/thunder-on-a-clear-day\/","og_site_name":"Guerssen records","article_modified_time":"2025-03-24T16:34:11+00:00","og_image":[{"width":1024,"height":1024,"url":"https:\/\/wpguerssen-test.odoo.rgbconsulting.com\/wp-content\/uploads\/2024\/07\/48453-1024x1024.jpg","type":"image\/jpeg"}],"twitter_card":"summary_large_image","twitter_title":"TWENTIETH CENTURY ZOO - Thunder on a clear day -  (LP) | Guerssen","twitter_misc":{"Tiempo de lectura":"1 minuto"},"schema":{"@context":"https:\/\/schema.org","@graph":[{"@type":"WebPage","@id":"https:\/\/wpguerssen-test.odoo.rgbconsulting.com\/es\/producto\/thunder-on-a-clear-day\/","url":"https:\/\/wpguerssen-test.odoo.rgbconsulting.com\/es\/producto\/thunder-on-a-clear-day\/","name":"TWENTIETH CENTURY ZOO - Thunder on a clear day - (LP) | Guerssen","isPartOf":{"@id":"https:\/\/wpguerssen-test.odoo.rgbconsulting.com\/es\/#website"},"primaryImageOfPage":{"@id":"https:\/\/wpguerssen-test.odoo.rgbconsulting.com\/es\/producto\/thunder-on-a-clear-day\/#primaryimage"},"image":{"@id":"https:\/\/wpguerssen-test.odoo.rgbconsulting.com\/es\/producto\/thunder-on-a-clear-day\/#primaryimage"},"thumbnailUrl":"https:\/\/wpguerssen-test.odoo.rgbconsulting.com\/wp-content\/uploads\/2024\/07\/48453.jpg","datePublished":"2025-03-23T23:00:00+00:00","dateModified":"2025-03-24T16:34:11+00:00","description":"Fully licensed and remastered, ltd to 500 copies. Strictly limited vinyl reissue of the Arizona rock band's only album, originally released on Vault Records in 1968. A relatively obscure masterpiece, combining psych rock with distinctive elements of acid blues and jazz. Wild jams sensibly influenced by the West Coast sound and much closer to the Nuggets manifesto. Rising from the ashes of the folk-rock outfit The Bittersweets in 1967, the Phoenix musicians were born to take you on an endless journey. Drifting from acid rock to melancholic blues, this fuzzed out gem from the earliest days of the Phoenix Valley rock and roll scene stands as one of the rarest and purest slices of mid-'60s psychedelia around.","breadcrumb":{"@id":"https:\/\/wpguerssen-test.odoo.rgbconsulting.com\/es\/producto\/thunder-on-a-clear-day\/#breadcrumb"},"inLanguage":"es","potentialAction":[{"@type":"ReadAction","target":["https:\/\/wpguerssen-test.odoo.rgbconsulting.com\/es\/producto\/thunder-on-a-clear-day\/"]}]},{"@type":"ImageObject","inLanguage":"es","@id":"https:\/\/wpguerssen-test.odoo.rgbconsulting.com\/es\/producto\/thunder-on-a-clear-day\/#primaryimage","url":"https:\/\/wpguerssen-test.odoo.rgbconsulting.com\/wp-content\/uploads\/2024\/07\/48453.jpg","contentUrl":"https:\/\/wpguerssen-test.odoo.rgbconsulting.com\/wp-content\/uploads\/2024\/07\/48453.jpg","width":1400,"height":1400},{"@type":"BreadcrumbList","@id":"https:\/\/wpguerssen-test.odoo.rgbconsulting.com\/es\/producto\/thunder-on-a-clear-day\/#breadcrumb","itemListElement":[{"@type":"ListItem","position":1,"name":"Inicio","item":"https:\/\/wpguerssen-test.odoo.rgbconsulting.com\/es\/"},{"@type":"ListItem","position":2,"name":"Shop","item":"https:\/\/wpguerssen-test.odoo.rgbconsulting.com\/shop\/"},{"@type":"ListItem","position":3,"name":"Thunder on a clear day"}]},{"@type":"WebSite","@id":"https:\/\/wpguerssen-test.odoo.rgbconsulting.com\/es\/#website","url":"https:\/\/wpguerssen-test.odoo.rgbconsulting.com\/es\/","name":"Guerssen records","description":"psychedelia - progressive - folk - garage ","publisher":{"@id":"https:\/\/wpguerssen-test.odoo.rgbconsulting.com\/es\/#organization"},"potentialAction":[{"@type":"SearchAction","target":{"@type":"EntryPoint","urlTemplate":"https:\/\/wpguerssen-test.odoo.rgbconsulting.com\/es\/?s={search_term_string}"},"query-input":{"@type":"PropertyValueSpecification","valueRequired":true,"valueName":"search_term_string"}}],"inLanguage":"es"},{"@type":"Organization","@id":"https:\/\/wpguerssen-test.odoo.rgbconsulting.com\/es\/#organization","name":"Guerssen records","url":"https:\/\/wpguerssen-test.odoo.rgbconsulting.com\/es\/","logo":{"@type":"ImageObject","inLanguage":"es","@id":"https:\/\/wpguerssen-test.odoo.rgbconsulting.com\/es\/#\/schema\/logo\/image\/","url":"https:\/\/wpguerssen-test.odoo.rgbconsulting.com\/wp-content\/uploads\/2022\/04\/Logo_Guerssen_trans_100.png","contentUrl":"https:\/\/wpguerssen-test.odoo.rgbconsulting.com\/wp-content\/uploads\/2022\/04\/Logo_Guerssen_trans_100.png","width":122,"height":100,"caption":"Guerssen records"},"image":{"@id":"https:\/\/wpguerssen-test.odoo.rgbconsulting.com\/es\/#\/schema\/logo\/image\/"}}]}},"_links":{"self":[{"href":"https:\/\/wpguerssen-test.odoo.rgbconsulting.com\/es\/wp-json\/wp\/v2\/product\/273211","targetHints":{"allow":["GET"]}}],"collection":[{"href":"https:\/\/wpguerssen-test.odoo.rgbconsulting.com\/es\/wp-json\/wp\/v2\/product"}],"about":[{"href":"https:\/\/wpguerssen-test.odoo.rgbconsulting.com\/es\/wp-json\/wp\/v2\/types\/product"}],"wp:featuredmedia":[{"embeddable":true,"href":"https:\/\/wpguerssen-test.odoo.rgbconsulting.com\/es\/wp-json\/wp\/v2\/media\/273203"}],"wp:attachment":[{"href":"https:\/\/wpguerssen-test.odoo.rgbconsulting.com\/es\/wp-json\/wp\/v2\/media?parent=273211"}],"wp:term":[{"taxonomy":"product_brand","embeddable":true,"href":"https:\/\/wpguerssen-test.odoo.rgbconsulting.com\/es\/wp-json\/wp\/v2\/product_brand?post=273211"},{"taxonomy":"product_cat","embeddable":true,"href":"https:\/\/wpguerssen-test.odoo.rgbconsulting.com\/es\/wp-json\/wp\/v2\/product_cat?post=273211"},{"taxonomy":"product_tag","embeddable":true,"href":"https:\/\/wpguerssen-test.odoo.rgbconsulting.com\/es\/wp-json\/wp\/v2\/product_tag?post=273211"}],"curies":[{"name":"wp","href":"https:\/\/api.w.org\/{rel}","templated":true}]}}