{"id":273240,"date":"2024-08-19T00:00:00","date_gmt":"2024-08-18T22:00:00","guid":{"rendered":"https:\/\/wpguerssen-test.odoo.rgbconsulting.com\/product\/gratidaoh\/"},"modified":"2024-12-16T18:04:52","modified_gmt":"2024-12-16T17:04:52","slug":"gratidaoh","status":"publish","type":"product","link":"https:\/\/wpguerssen-test.odoo.rgbconsulting.com\/es\/producto\/gratidaoh\/","title":{"rendered":"Gratidaoh"},"content":{"rendered":"<p>El productor parisino Wealstarcks ampl\u00eda nuestro mundo a trav\u00e9s de su m\u00fasica. El productor y DJ nacido en Francia se cri\u00f3 en la ciudad de la luz, pero su sonido es n\u00f3mada ya que arregla magistralmente m\u00fasica house y cultura brasile\u00f1a. Su primer lanzamiento, \u00abGratidaoh\u00bb en 2021, gener\u00f3 millones de reproducciones y, desde entonces, la edici\u00f3n en vinilo ha tenido una gran demanda.<br \/>Se sabe que sus sesiones de DJ dominan una sala y reducen las inhibiciones, desde R\u00edo de Janeiro hasta Mil\u00e1n y en sus producciones sus cr\u00e9ditos incluyen nombres eminentes de todo el mundo, desde Tory Lanez hasta el rapero franc\u00e9s Booba o la cantante italiana Sfera Ebbasta.<br \/>\u00a1El LP \u00abGratidaoh\u00bb finalmente est\u00e1 disponible a trav\u00e9s del sello SDB Discos con sede en S\u00e3o Paulo en una edici\u00f3n limitada y 45 RPM para la mejor calidad de sonido!< \u00a1Coge el tuyo!\n<\/p>\n","protected":false},"excerpt":{"rendered":"<p>El productor parisino Wealstarcks ampl\u00eda nuestro mundo a trav\u00e9s de su m\u00fasica. El productor y DJ nacido en Francia se cri\u00f3 en la ciudad de la luz, pero su sonido<a class=\"read\" href=\"https:\/\/wpguerssen-test.odoo.rgbconsulting.com\/es\/producto\/gratidaoh\/\"> (...)<\/a>","protected":false},"featured_media":273231,"template":"","meta":{"_acf_changed":false},"product_brand":[],"product_cat":[23231,23266],"product_tag":[],"class_list":{"0":"post-273240","1":"product","2":"type-product","3":"status-publish","4":"has-post-thumbnail","6":"product_cat-latin-brazilian-es","7":"product_cat-electronic-es","8":"pa_artist-wealstarcks","9":"pa_format-lp-es","10":"pa_gender-electronic-latin-brazilian","11":"pa_label-somatoria-do-barulho","12":"pa_location-europe-es","13":"pa_other-filters-vinyl-only-es","15":"first","16":"instock","17":"taxable","18":"shipping-taxable","19":"purchasable","20":"product-type-simple"},"acf":[],"yoast_head":"<!-- This site is optimized with the Yoast SEO plugin v24.9 - https:\/\/yoast.com\/wordpress\/plugins\/seo\/ -->\n<title>WEALSTARCKS - Gratidaoh -  (LP) | Guerssen<\/title>\n<meta name=\"description\" content=\"Parisian producer Wealstarcks broadens our world through his music. The French-born producer\/DJ was raised in the city of light, but his sound is nomadic as he masterfully arranges House music, and Brazilian culture. His first ever released &quot;Gratidaoh&quot; 2021 generated millions of streams and since then, the vinyl edition has been heavily on demand.His DJ sets are known to command a room and lower inhibitions, from Rio de Janeiro to Milan and his production credits include eminent names around the world from Tory Lanez to French rapper Booba or Italian singer Sfera Ebbasta.The LP &quot;Gratidaoh&quot; is finally available thru S\u00e3o Paulo based label SDB Discos on a limited edition and 45RPM for best sound quality!Grab yours!\" \/>\n<meta name=\"robots\" content=\"index, follow, max-snippet:-1, max-image-preview:large, max-video-preview:-1\" \/>\n<link rel=\"canonical\" href=\"https:\/\/wpguerssen-test.odoo.rgbconsulting.com\/es\/producto\/gratidaoh\/\" \/>\n<meta property=\"og:locale\" content=\"es_ES\" \/>\n<meta property=\"og:type\" content=\"article\" \/>\n<meta property=\"og:title\" content=\"WEALSTARCKS - Gratidaoh -  (LP) | Guerssen\" \/>\n<meta property=\"og:description\" content=\"Parisian producer Wealstarcks broadens our world through his music. The French-born producer\/DJ was raised in the city of light, but his sound is nomadic as he masterfully arranges House music, and Brazilian culture. His first ever released &quot;Gratidaoh&quot; 2021 generated millions of streams and since then, the vinyl edition has been heavily on demand.His DJ sets are known to command a room and lower inhibitions, from Rio de Janeiro to Milan and his production credits include eminent names around the world from Tory Lanez to French rapper Booba or Italian singer Sfera Ebbasta.The LP &quot;Gratidaoh&quot; is finally available thru S\u00e3o Paulo based label SDB Discos on a limited edition and 45RPM for best sound quality!Grab yours!\" \/>\n<meta property=\"og:url\" content=\"https:\/\/wpguerssen-test.odoo.rgbconsulting.com\/es\/producto\/gratidaoh\/\" \/>\n<meta property=\"og:site_name\" content=\"Guerssen records\" \/>\n<meta property=\"article:modified_time\" content=\"2024-12-16T17:04:52+00:00\" \/>\n<meta property=\"og:image\" content=\"https:\/\/wpguerssen-test.odoo.rgbconsulting.com\/wp-content\/uploads\/2024\/07\/48460.jpg\" \/>\n\t<meta property=\"og:image:width\" content=\"1200\" \/>\n\t<meta property=\"og:image:height\" content=\"1200\" \/>\n\t<meta property=\"og:image:type\" content=\"image\/jpeg\" \/>\n<meta name=\"twitter:card\" content=\"summary_large_image\" \/>\n<meta name=\"twitter:title\" content=\"WEALSTARCKS - Gratidaoh -  (LP) | Guerssen\" \/>\n<meta name=\"twitter:label1\" content=\"Tiempo de lectura\" \/>\n\t<meta name=\"twitter:data1\" content=\"1 minuto\" \/>\n<script type=\"application\/ld+json\" class=\"yoast-schema-graph\">{\"@context\":\"https:\/\/schema.org\",\"@graph\":[{\"@type\":\"WebPage\",\"@id\":\"https:\/\/wpguerssen-test.odoo.rgbconsulting.com\/es\/producto\/gratidaoh\/\",\"url\":\"https:\/\/wpguerssen-test.odoo.rgbconsulting.com\/es\/producto\/gratidaoh\/\",\"name\":\"WEALSTARCKS - Gratidaoh - (LP) | Guerssen\",\"isPartOf\":{\"@id\":\"https:\/\/wpguerssen-test.odoo.rgbconsulting.com\/es\/#website\"},\"primaryImageOfPage\":{\"@id\":\"https:\/\/wpguerssen-test.odoo.rgbconsulting.com\/es\/producto\/gratidaoh\/#primaryimage\"},\"image\":{\"@id\":\"https:\/\/wpguerssen-test.odoo.rgbconsulting.com\/es\/producto\/gratidaoh\/#primaryimage\"},\"thumbnailUrl\":\"https:\/\/wpguerssen-test.odoo.rgbconsulting.com\/wp-content\/uploads\/2024\/07\/48460.jpg\",\"datePublished\":\"2024-08-18T22:00:00+00:00\",\"dateModified\":\"2024-12-16T17:04:52+00:00\",\"description\":\"Parisian producer Wealstarcks broadens our world through his music. The French-born producer\/DJ was raised in the city of light, but his sound is nomadic as he masterfully arranges House music, and Brazilian culture. His first ever released \\\"Gratidaoh\\\" 2021 generated millions of streams and since then, the vinyl edition has been heavily on demand.His DJ sets are known to command a room and lower inhibitions, from Rio de Janeiro to Milan and his production credits include eminent names around the world from Tory Lanez to French rapper Booba or Italian singer Sfera Ebbasta.The LP \\\"Gratidaoh\\\" is finally available thru S\u00e3o Paulo based label SDB Discos on a limited edition and 45RPM for best sound quality!Grab yours!\",\"breadcrumb\":{\"@id\":\"https:\/\/wpguerssen-test.odoo.rgbconsulting.com\/es\/producto\/gratidaoh\/#breadcrumb\"},\"inLanguage\":\"es\",\"potentialAction\":[{\"@type\":\"ReadAction\",\"target\":[\"https:\/\/wpguerssen-test.odoo.rgbconsulting.com\/es\/producto\/gratidaoh\/\"]}]},{\"@type\":\"ImageObject\",\"inLanguage\":\"es\",\"@id\":\"https:\/\/wpguerssen-test.odoo.rgbconsulting.com\/es\/producto\/gratidaoh\/#primaryimage\",\"url\":\"https:\/\/wpguerssen-test.odoo.rgbconsulting.com\/wp-content\/uploads\/2024\/07\/48460.jpg\",\"contentUrl\":\"https:\/\/wpguerssen-test.odoo.rgbconsulting.com\/wp-content\/uploads\/2024\/07\/48460.jpg\",\"width\":1200,\"height\":1200},{\"@type\":\"BreadcrumbList\",\"@id\":\"https:\/\/wpguerssen-test.odoo.rgbconsulting.com\/es\/producto\/gratidaoh\/#breadcrumb\",\"itemListElement\":[{\"@type\":\"ListItem\",\"position\":1,\"name\":\"Inicio\",\"item\":\"https:\/\/wpguerssen-test.odoo.rgbconsulting.com\/es\/\"},{\"@type\":\"ListItem\",\"position\":2,\"name\":\"Shop\",\"item\":\"https:\/\/wpguerssen-test.odoo.rgbconsulting.com\/shop\/\"},{\"@type\":\"ListItem\",\"position\":3,\"name\":\"Gratidaoh\"}]},{\"@type\":\"WebSite\",\"@id\":\"https:\/\/wpguerssen-test.odoo.rgbconsulting.com\/es\/#website\",\"url\":\"https:\/\/wpguerssen-test.odoo.rgbconsulting.com\/es\/\",\"name\":\"Guerssen records\",\"description\":\"psychedelia - progressive - folk - garage \",\"publisher\":{\"@id\":\"https:\/\/wpguerssen-test.odoo.rgbconsulting.com\/es\/#organization\"},\"potentialAction\":[{\"@type\":\"SearchAction\",\"target\":{\"@type\":\"EntryPoint\",\"urlTemplate\":\"https:\/\/wpguerssen-test.odoo.rgbconsulting.com\/es\/?s={search_term_string}\"},\"query-input\":{\"@type\":\"PropertyValueSpecification\",\"valueRequired\":true,\"valueName\":\"search_term_string\"}}],\"inLanguage\":\"es\"},{\"@type\":\"Organization\",\"@id\":\"https:\/\/wpguerssen-test.odoo.rgbconsulting.com\/es\/#organization\",\"name\":\"Guerssen records\",\"url\":\"https:\/\/wpguerssen-test.odoo.rgbconsulting.com\/es\/\",\"logo\":{\"@type\":\"ImageObject\",\"inLanguage\":\"es\",\"@id\":\"https:\/\/wpguerssen-test.odoo.rgbconsulting.com\/es\/#\/schema\/logo\/image\/\",\"url\":\"https:\/\/wpguerssen-test.odoo.rgbconsulting.com\/wp-content\/uploads\/2022\/04\/Logo_Guerssen_trans_100.png\",\"contentUrl\":\"https:\/\/wpguerssen-test.odoo.rgbconsulting.com\/wp-content\/uploads\/2022\/04\/Logo_Guerssen_trans_100.png\",\"width\":122,\"height\":100,\"caption\":\"Guerssen records\"},\"image\":{\"@id\":\"https:\/\/wpguerssen-test.odoo.rgbconsulting.com\/es\/#\/schema\/logo\/image\/\"}}]}<\/script>\n<!-- \/ Yoast SEO plugin. -->","yoast_head_json":{"title":"WEALSTARCKS - Gratidaoh -  (LP) | Guerssen","description":"Parisian producer Wealstarcks broadens our world through his music. The French-born producer\/DJ was raised in the city of light, but his sound is nomadic as he masterfully arranges House music, and Brazilian culture. His first ever released \"Gratidaoh\" 2021 generated millions of streams and since then, the vinyl edition has been heavily on demand.His DJ sets are known to command a room and lower inhibitions, from Rio de Janeiro to Milan and his production credits include eminent names around the world from Tory Lanez to French rapper Booba or Italian singer Sfera Ebbasta.The LP \"Gratidaoh\" is finally available thru S\u00e3o Paulo based label SDB Discos on a limited edition and 45RPM for best sound quality!Grab yours!","robots":{"index":"index","follow":"follow","max-snippet":"max-snippet:-1","max-image-preview":"max-image-preview:large","max-video-preview":"max-video-preview:-1"},"canonical":"https:\/\/wpguerssen-test.odoo.rgbconsulting.com\/es\/producto\/gratidaoh\/","og_locale":"es_ES","og_type":"article","og_title":"WEALSTARCKS - Gratidaoh -  (LP) | Guerssen","og_description":"Parisian producer Wealstarcks broadens our world through his music. The French-born producer\/DJ was raised in the city of light, but his sound is nomadic as he masterfully arranges House music, and Brazilian culture. His first ever released \"Gratidaoh\" 2021 generated millions of streams and since then, the vinyl edition has been heavily on demand.His DJ sets are known to command a room and lower inhibitions, from Rio de Janeiro to Milan and his production credits include eminent names around the world from Tory Lanez to French rapper Booba or Italian singer Sfera Ebbasta.The LP \"Gratidaoh\" is finally available thru S\u00e3o Paulo based label SDB Discos on a limited edition and 45RPM for best sound quality!Grab yours!","og_url":"https:\/\/wpguerssen-test.odoo.rgbconsulting.com\/es\/producto\/gratidaoh\/","og_site_name":"Guerssen records","article_modified_time":"2024-12-16T17:04:52+00:00","og_image":[{"width":1200,"height":1200,"url":"https:\/\/wpguerssen-test.odoo.rgbconsulting.com\/wp-content\/uploads\/2024\/07\/48460.jpg","type":"image\/jpeg"}],"twitter_card":"summary_large_image","twitter_title":"WEALSTARCKS - Gratidaoh -  (LP) | Guerssen","twitter_misc":{"Tiempo de lectura":"1 minuto"},"schema":{"@context":"https:\/\/schema.org","@graph":[{"@type":"WebPage","@id":"https:\/\/wpguerssen-test.odoo.rgbconsulting.com\/es\/producto\/gratidaoh\/","url":"https:\/\/wpguerssen-test.odoo.rgbconsulting.com\/es\/producto\/gratidaoh\/","name":"WEALSTARCKS - Gratidaoh - (LP) | Guerssen","isPartOf":{"@id":"https:\/\/wpguerssen-test.odoo.rgbconsulting.com\/es\/#website"},"primaryImageOfPage":{"@id":"https:\/\/wpguerssen-test.odoo.rgbconsulting.com\/es\/producto\/gratidaoh\/#primaryimage"},"image":{"@id":"https:\/\/wpguerssen-test.odoo.rgbconsulting.com\/es\/producto\/gratidaoh\/#primaryimage"},"thumbnailUrl":"https:\/\/wpguerssen-test.odoo.rgbconsulting.com\/wp-content\/uploads\/2024\/07\/48460.jpg","datePublished":"2024-08-18T22:00:00+00:00","dateModified":"2024-12-16T17:04:52+00:00","description":"Parisian producer Wealstarcks broadens our world through his music. The French-born producer\/DJ was raised in the city of light, but his sound is nomadic as he masterfully arranges House music, and Brazilian culture. His first ever released \"Gratidaoh\" 2021 generated millions of streams and since then, the vinyl edition has been heavily on demand.His DJ sets are known to command a room and lower inhibitions, from Rio de Janeiro to Milan and his production credits include eminent names around the world from Tory Lanez to French rapper Booba or Italian singer Sfera Ebbasta.The LP \"Gratidaoh\" is finally available thru S\u00e3o Paulo based label SDB Discos on a limited edition and 45RPM for best sound quality!Grab yours!","breadcrumb":{"@id":"https:\/\/wpguerssen-test.odoo.rgbconsulting.com\/es\/producto\/gratidaoh\/#breadcrumb"},"inLanguage":"es","potentialAction":[{"@type":"ReadAction","target":["https:\/\/wpguerssen-test.odoo.rgbconsulting.com\/es\/producto\/gratidaoh\/"]}]},{"@type":"ImageObject","inLanguage":"es","@id":"https:\/\/wpguerssen-test.odoo.rgbconsulting.com\/es\/producto\/gratidaoh\/#primaryimage","url":"https:\/\/wpguerssen-test.odoo.rgbconsulting.com\/wp-content\/uploads\/2024\/07\/48460.jpg","contentUrl":"https:\/\/wpguerssen-test.odoo.rgbconsulting.com\/wp-content\/uploads\/2024\/07\/48460.jpg","width":1200,"height":1200},{"@type":"BreadcrumbList","@id":"https:\/\/wpguerssen-test.odoo.rgbconsulting.com\/es\/producto\/gratidaoh\/#breadcrumb","itemListElement":[{"@type":"ListItem","position":1,"name":"Inicio","item":"https:\/\/wpguerssen-test.odoo.rgbconsulting.com\/es\/"},{"@type":"ListItem","position":2,"name":"Shop","item":"https:\/\/wpguerssen-test.odoo.rgbconsulting.com\/shop\/"},{"@type":"ListItem","position":3,"name":"Gratidaoh"}]},{"@type":"WebSite","@id":"https:\/\/wpguerssen-test.odoo.rgbconsulting.com\/es\/#website","url":"https:\/\/wpguerssen-test.odoo.rgbconsulting.com\/es\/","name":"Guerssen records","description":"psychedelia - progressive - folk - garage ","publisher":{"@id":"https:\/\/wpguerssen-test.odoo.rgbconsulting.com\/es\/#organization"},"potentialAction":[{"@type":"SearchAction","target":{"@type":"EntryPoint","urlTemplate":"https:\/\/wpguerssen-test.odoo.rgbconsulting.com\/es\/?s={search_term_string}"},"query-input":{"@type":"PropertyValueSpecification","valueRequired":true,"valueName":"search_term_string"}}],"inLanguage":"es"},{"@type":"Organization","@id":"https:\/\/wpguerssen-test.odoo.rgbconsulting.com\/es\/#organization","name":"Guerssen records","url":"https:\/\/wpguerssen-test.odoo.rgbconsulting.com\/es\/","logo":{"@type":"ImageObject","inLanguage":"es","@id":"https:\/\/wpguerssen-test.odoo.rgbconsulting.com\/es\/#\/schema\/logo\/image\/","url":"https:\/\/wpguerssen-test.odoo.rgbconsulting.com\/wp-content\/uploads\/2022\/04\/Logo_Guerssen_trans_100.png","contentUrl":"https:\/\/wpguerssen-test.odoo.rgbconsulting.com\/wp-content\/uploads\/2022\/04\/Logo_Guerssen_trans_100.png","width":122,"height":100,"caption":"Guerssen records"},"image":{"@id":"https:\/\/wpguerssen-test.odoo.rgbconsulting.com\/es\/#\/schema\/logo\/image\/"}}]}},"_links":{"self":[{"href":"https:\/\/wpguerssen-test.odoo.rgbconsulting.com\/es\/wp-json\/wp\/v2\/product\/273240","targetHints":{"allow":["GET"]}}],"collection":[{"href":"https:\/\/wpguerssen-test.odoo.rgbconsulting.com\/es\/wp-json\/wp\/v2\/product"}],"about":[{"href":"https:\/\/wpguerssen-test.odoo.rgbconsulting.com\/es\/wp-json\/wp\/v2\/types\/product"}],"wp:featuredmedia":[{"embeddable":true,"href":"https:\/\/wpguerssen-test.odoo.rgbconsulting.com\/es\/wp-json\/wp\/v2\/media\/273231"}],"wp:attachment":[{"href":"https:\/\/wpguerssen-test.odoo.rgbconsulting.com\/es\/wp-json\/wp\/v2\/media?parent=273240"}],"wp:term":[{"taxonomy":"product_brand","embeddable":true,"href":"https:\/\/wpguerssen-test.odoo.rgbconsulting.com\/es\/wp-json\/wp\/v2\/product_brand?post=273240"},{"taxonomy":"product_cat","embeddable":true,"href":"https:\/\/wpguerssen-test.odoo.rgbconsulting.com\/es\/wp-json\/wp\/v2\/product_cat?post=273240"},{"taxonomy":"product_tag","embeddable":true,"href":"https:\/\/wpguerssen-test.odoo.rgbconsulting.com\/es\/wp-json\/wp\/v2\/product_tag?post=273240"}],"curies":[{"name":"wp","href":"https:\/\/api.w.org\/{rel}","templated":true}]}}