{"id":273482,"date":"2025-02-25T00:00:00","date_gmt":"2025-02-24T23:00:00","guid":{"rendered":"https:\/\/wpguerssen-test.odoo.rgbconsulting.com\/product\/sonido-amazonico\/"},"modified":"2025-04-22T15:56:00","modified_gmt":"2025-04-22T13:56:00","slug":"sonido-amazonico","status":"publish","type":"product","link":"https:\/\/wpguerssen-test.odoo.rgbconsulting.com\/es\/producto\/sonido-amazonico\/","title":{"rendered":"Sonido Amaz\u00f3nico!"},"content":{"rendered":"<p>El \u00e1lbum debut de Chicha Libre, Sonido Amaz\u00f3nico, finalmente est\u00e1 disponible en vinilo en Europa. El \u00e1lbum doble contiene todas las canciones originales publicadas por primera vez como CD en 2008. La edici\u00f3n en vinilo se compone de 3 caras con la m\u00fasica y una cuarta cara con un grabado del ic\u00f3nico santo venezolano Jos\u00e9 Gregorio.<br \/><La Chicha, cumbia psicod\u00e9lica peruana, se populariz\u00f3 por primera vez fuera de Per\u00fa gracias a una compilaci\u00f3n publicada por el propio Olivier Conan de Chicha Libre y titulada \"Las ra\u00edces de la Chicha\". La m\u00fasica result\u00f3 popular en todo el mundo, siendo defendida por personas como Elijah Wood, Matt Groening, Alex Kapranos y el director Almod\u00f3var.<br \/>La banda de Brooklyn Chicha Libre comenz\u00f3 como un tributo a los pioneros peruanos, pero r\u00e1pidamente evolucion\u00f3 hasta convertirse en un proyecto original que MTV la ha calificado como \u00abuna de las bandas psicod\u00e9licas tropicales m\u00e1s importantes del mundo\u00bb. De hecho, si bien se mantienen fieles a sus ra\u00edces chicha, Chicha Libre r\u00e1pidamente tom\u00f3 un giro m\u00e1s psicod\u00e9lico bas\u00e1ndose en los antecedentes alternativos de sus miembros.<br \/>Compuesta por mexicanos, venezolanos, franceses y estadounidenses, la banda usaba guitarras surf, sonidos de \u00f3rgano y m\u00fasica latina y percusi\u00f3n para tocar una mezcla de sonidos prestados y de cosecha propia, pero su m\u00fasica sigue siendo una reinvenci\u00f3n de forma libre, no un ejercicio de duplicaci\u00f3n nost\u00e1lgica.<br \/>El relanzamiento coincide con el lanzamiento de un nuevo EP \u00abTequila y Aguardiente\u00bb, en colaboraci\u00f3n con Son Rompe Pera y La Sonora Mazuren.<\/p>\n","protected":false},"excerpt":{"rendered":"<p>El \u00e1lbum debut de Chicha Libre, Sonido Amaz\u00f3nico, finalmente est\u00e1 disponible en vinilo en Europa. El \u00e1lbum doble contiene todas las canciones originales publicadas<a class=\"read\" href=\"https:\/\/wpguerssen-test.odoo.rgbconsulting.com\/es\/producto\/sonido-amazonico\/\"> (...)<\/a>","protected":false},"featured_media":273458,"template":"","meta":{"_acf_changed":false},"product_brand":[],"product_cat":[21659,23231],"product_tag":[],"class_list":{"0":"post-273482","1":"product","2":"type-product","3":"status-publish","4":"has-post-thumbnail","6":"product_cat-psychedelic00s-now-es","7":"product_cat-latin-brazilian-es","8":"pa_artist-chicha-libre","9":"pa_format-2lp-es","10":"pa_gender-latin-brazilian-psychedelic00s-now","11":"pa_label-barbes-records","12":"pa_location-north-america-es","13":"pa_other-filters-vinyl-only-es","15":"first","16":"instock","17":"taxable","18":"shipping-taxable","19":"purchasable","20":"product-type-simple"},"acf":[],"yoast_head":"<!-- This site is optimized with the Yoast SEO plugin v24.9 - https:\/\/yoast.com\/wordpress\/plugins\/seo\/ -->\n<title>CHICHA LIBRE - Sonido Amaz\u00f3nico! -  (2LP) | Guerssen<\/title>\n<meta name=\"description\" content=\"Chicha Libre&#039;s debut album, Sonido Amazonico is finally available on vinyl in Europe. The double album contains all original tracks first published as a CD back in 2008. The vinyl edition is comprised of 3 sides of music, and a fourth side with an etching of iconic Venezuelan saint Jose Gregorio.Chicha, Peruvian psychedelic cumbia, was first popularized outside of Peru by a compilation released by Chicha Libre&#039;s own Olivier Conan and entitled &quot;The Roots of Chicha.&quot; The music proved popular around the world, being championed by people such as Elijah Wood, Matt Groening, Alex Kapranos and director Almodovar.The Brooklyn band Chicha Libre started out as a tribute to Peruvian pioneers but quickly evolved into an original project which MTV has called &quot;one of the world&#039;s preeminent Tropical Psychedelic band&quot;. Indeed, while they remain true to their Chicha roots, Chicha Libre&#039;s quickly took a more psychedelic turn drawing from its members&#039; alternative background.Made up of Mexican, Venezuelan, French and American the band used surf guitar, organ sounds and Latin percussion to play a mixture of borrowed and homegrown sounds - but its music remains a freeform reinvention, not an exercise in nostalgic duplication.The re-release coincides with the release of a new EP &quot;Tequila y Aguardiente&quot;, in collaboration with Son Rompe Pera and La Sonora Mazuren.\" \/>\n<meta name=\"robots\" content=\"index, follow, max-snippet:-1, max-image-preview:large, max-video-preview:-1\" \/>\n<link rel=\"canonical\" href=\"https:\/\/wpguerssen-test.odoo.rgbconsulting.com\/es\/producto\/sonido-amazonico\/\" \/>\n<meta property=\"og:locale\" content=\"es_ES\" \/>\n<meta property=\"og:type\" content=\"article\" \/>\n<meta property=\"og:title\" content=\"CHICHA LIBRE - Sonido Amaz\u00f3nico! -  (2LP) | Guerssen\" \/>\n<meta property=\"og:description\" content=\"Chicha Libre&#039;s debut album, Sonido Amazonico is finally available on vinyl in Europe. The double album contains all original tracks first published as a CD back in 2008. The vinyl edition is comprised of 3 sides of music, and a fourth side with an etching of iconic Venezuelan saint Jose Gregorio.Chicha, Peruvian psychedelic cumbia, was first popularized outside of Peru by a compilation released by Chicha Libre&#039;s own Olivier Conan and entitled &quot;The Roots of Chicha.&quot; The music proved popular around the world, being championed by people such as Elijah Wood, Matt Groening, Alex Kapranos and director Almodovar.The Brooklyn band Chicha Libre started out as a tribute to Peruvian pioneers but quickly evolved into an original project which MTV has called &quot;one of the world&#039;s preeminent Tropical Psychedelic band&quot;. Indeed, while they remain true to their Chicha roots, Chicha Libre&#039;s quickly took a more psychedelic turn drawing from its members&#039; alternative background.Made up of Mexican, Venezuelan, French and American the band used surf guitar, organ sounds and Latin percussion to play a mixture of borrowed and homegrown sounds - but its music remains a freeform reinvention, not an exercise in nostalgic duplication.The re-release coincides with the release of a new EP &quot;Tequila y Aguardiente&quot;, in collaboration with Son Rompe Pera and La Sonora Mazuren.\" \/>\n<meta property=\"og:url\" content=\"https:\/\/wpguerssen-test.odoo.rgbconsulting.com\/es\/producto\/sonido-amazonico\/\" \/>\n<meta property=\"og:site_name\" content=\"Guerssen records\" \/>\n<meta property=\"article:modified_time\" content=\"2025-04-22T13:56:00+00:00\" \/>\n<meta property=\"og:image\" content=\"https:\/\/wpguerssen-test.odoo.rgbconsulting.com\/wp-content\/uploads\/2024\/07\/48464.jpg\" \/>\n\t<meta property=\"og:image:width\" content=\"1200\" \/>\n\t<meta property=\"og:image:height\" content=\"1200\" \/>\n\t<meta property=\"og:image:type\" content=\"image\/jpeg\" \/>\n<meta name=\"twitter:card\" content=\"summary_large_image\" \/>\n<meta name=\"twitter:title\" content=\"CHICHA LIBRE - Sonido Amaz\u00f3nico! -  (2LP) | Guerssen\" \/>\n<script type=\"application\/ld+json\" class=\"yoast-schema-graph\">{\"@context\":\"https:\/\/schema.org\",\"@graph\":[{\"@type\":\"WebPage\",\"@id\":\"https:\/\/wpguerssen-test.odoo.rgbconsulting.com\/es\/producto\/sonido-amazonico\/\",\"url\":\"https:\/\/wpguerssen-test.odoo.rgbconsulting.com\/es\/producto\/sonido-amazonico\/\",\"name\":\"CHICHA LIBRE - Sonido Amaz\u00f3nico! - (2LP) | Guerssen\",\"isPartOf\":{\"@id\":\"https:\/\/wpguerssen-test.odoo.rgbconsulting.com\/es\/#website\"},\"primaryImageOfPage\":{\"@id\":\"https:\/\/wpguerssen-test.odoo.rgbconsulting.com\/es\/producto\/sonido-amazonico\/#primaryimage\"},\"image\":{\"@id\":\"https:\/\/wpguerssen-test.odoo.rgbconsulting.com\/es\/producto\/sonido-amazonico\/#primaryimage\"},\"thumbnailUrl\":\"https:\/\/wpguerssen-test.odoo.rgbconsulting.com\/wp-content\/uploads\/2024\/07\/48464.jpg\",\"datePublished\":\"2025-02-24T23:00:00+00:00\",\"dateModified\":\"2025-04-22T13:56:00+00:00\",\"description\":\"Chicha Libre's debut album, Sonido Amazonico is finally available on vinyl in Europe. The double album contains all original tracks first published as a CD back in 2008. The vinyl edition is comprised of 3 sides of music, and a fourth side with an etching of iconic Venezuelan saint Jose Gregorio.Chicha, Peruvian psychedelic cumbia, was first popularized outside of Peru by a compilation released by Chicha Libre's own Olivier Conan and entitled \\\"The Roots of Chicha.\\\" The music proved popular around the world, being championed by people such as Elijah Wood, Matt Groening, Alex Kapranos and director Almodovar.The Brooklyn band Chicha Libre started out as a tribute to Peruvian pioneers but quickly evolved into an original project which MTV has called \\\"one of the world's preeminent Tropical Psychedelic band\\\". Indeed, while they remain true to their Chicha roots, Chicha Libre's quickly took a more psychedelic turn drawing from its members' alternative background.Made up of Mexican, Venezuelan, French and American the band used surf guitar, organ sounds and Latin percussion to play a mixture of borrowed and homegrown sounds - but its music remains a freeform reinvention, not an exercise in nostalgic duplication.The re-release coincides with the release of a new EP \\\"Tequila y Aguardiente\\\", in collaboration with Son Rompe Pera and La Sonora Mazuren.\",\"breadcrumb\":{\"@id\":\"https:\/\/wpguerssen-test.odoo.rgbconsulting.com\/es\/producto\/sonido-amazonico\/#breadcrumb\"},\"inLanguage\":\"es\",\"potentialAction\":[{\"@type\":\"ReadAction\",\"target\":[\"https:\/\/wpguerssen-test.odoo.rgbconsulting.com\/es\/producto\/sonido-amazonico\/\"]}]},{\"@type\":\"ImageObject\",\"inLanguage\":\"es\",\"@id\":\"https:\/\/wpguerssen-test.odoo.rgbconsulting.com\/es\/producto\/sonido-amazonico\/#primaryimage\",\"url\":\"https:\/\/wpguerssen-test.odoo.rgbconsulting.com\/wp-content\/uploads\/2024\/07\/48464.jpg\",\"contentUrl\":\"https:\/\/wpguerssen-test.odoo.rgbconsulting.com\/wp-content\/uploads\/2024\/07\/48464.jpg\",\"width\":1200,\"height\":1200},{\"@type\":\"BreadcrumbList\",\"@id\":\"https:\/\/wpguerssen-test.odoo.rgbconsulting.com\/es\/producto\/sonido-amazonico\/#breadcrumb\",\"itemListElement\":[{\"@type\":\"ListItem\",\"position\":1,\"name\":\"Inicio\",\"item\":\"https:\/\/wpguerssen-test.odoo.rgbconsulting.com\/es\/\"},{\"@type\":\"ListItem\",\"position\":2,\"name\":\"Shop\",\"item\":\"https:\/\/wpguerssen-test.odoo.rgbconsulting.com\/shop\/\"},{\"@type\":\"ListItem\",\"position\":3,\"name\":\"Sonido Amaz\u00f3nico!\"}]},{\"@type\":\"WebSite\",\"@id\":\"https:\/\/wpguerssen-test.odoo.rgbconsulting.com\/es\/#website\",\"url\":\"https:\/\/wpguerssen-test.odoo.rgbconsulting.com\/es\/\",\"name\":\"Guerssen records\",\"description\":\"psychedelia - progressive - folk - garage \",\"publisher\":{\"@id\":\"https:\/\/wpguerssen-test.odoo.rgbconsulting.com\/es\/#organization\"},\"potentialAction\":[{\"@type\":\"SearchAction\",\"target\":{\"@type\":\"EntryPoint\",\"urlTemplate\":\"https:\/\/wpguerssen-test.odoo.rgbconsulting.com\/es\/?s={search_term_string}\"},\"query-input\":{\"@type\":\"PropertyValueSpecification\",\"valueRequired\":true,\"valueName\":\"search_term_string\"}}],\"inLanguage\":\"es\"},{\"@type\":\"Organization\",\"@id\":\"https:\/\/wpguerssen-test.odoo.rgbconsulting.com\/es\/#organization\",\"name\":\"Guerssen records\",\"url\":\"https:\/\/wpguerssen-test.odoo.rgbconsulting.com\/es\/\",\"logo\":{\"@type\":\"ImageObject\",\"inLanguage\":\"es\",\"@id\":\"https:\/\/wpguerssen-test.odoo.rgbconsulting.com\/es\/#\/schema\/logo\/image\/\",\"url\":\"https:\/\/wpguerssen-test.odoo.rgbconsulting.com\/wp-content\/uploads\/2022\/04\/Logo_Guerssen_trans_100.png\",\"contentUrl\":\"https:\/\/wpguerssen-test.odoo.rgbconsulting.com\/wp-content\/uploads\/2022\/04\/Logo_Guerssen_trans_100.png\",\"width\":122,\"height\":100,\"caption\":\"Guerssen records\"},\"image\":{\"@id\":\"https:\/\/wpguerssen-test.odoo.rgbconsulting.com\/es\/#\/schema\/logo\/image\/\"}}]}<\/script>\n<!-- \/ Yoast SEO plugin. -->","yoast_head_json":{"title":"CHICHA LIBRE - Sonido Amaz\u00f3nico! -  (2LP) | Guerssen","description":"Chicha Libre's debut album, Sonido Amazonico is finally available on vinyl in Europe. The double album contains all original tracks first published as a CD back in 2008. The vinyl edition is comprised of 3 sides of music, and a fourth side with an etching of iconic Venezuelan saint Jose Gregorio.Chicha, Peruvian psychedelic cumbia, was first popularized outside of Peru by a compilation released by Chicha Libre's own Olivier Conan and entitled \"The Roots of Chicha.\" The music proved popular around the world, being championed by people such as Elijah Wood, Matt Groening, Alex Kapranos and director Almodovar.The Brooklyn band Chicha Libre started out as a tribute to Peruvian pioneers but quickly evolved into an original project which MTV has called \"one of the world's preeminent Tropical Psychedelic band\". Indeed, while they remain true to their Chicha roots, Chicha Libre's quickly took a more psychedelic turn drawing from its members' alternative background.Made up of Mexican, Venezuelan, French and American the band used surf guitar, organ sounds and Latin percussion to play a mixture of borrowed and homegrown sounds - but its music remains a freeform reinvention, not an exercise in nostalgic duplication.The re-release coincides with the release of a new EP \"Tequila y Aguardiente\", in collaboration with Son Rompe Pera and La Sonora Mazuren.","robots":{"index":"index","follow":"follow","max-snippet":"max-snippet:-1","max-image-preview":"max-image-preview:large","max-video-preview":"max-video-preview:-1"},"canonical":"https:\/\/wpguerssen-test.odoo.rgbconsulting.com\/es\/producto\/sonido-amazonico\/","og_locale":"es_ES","og_type":"article","og_title":"CHICHA LIBRE - Sonido Amaz\u00f3nico! -  (2LP) | Guerssen","og_description":"Chicha Libre's debut album, Sonido Amazonico is finally available on vinyl in Europe. The double album contains all original tracks first published as a CD back in 2008. The vinyl edition is comprised of 3 sides of music, and a fourth side with an etching of iconic Venezuelan saint Jose Gregorio.Chicha, Peruvian psychedelic cumbia, was first popularized outside of Peru by a compilation released by Chicha Libre's own Olivier Conan and entitled \"The Roots of Chicha.\" The music proved popular around the world, being championed by people such as Elijah Wood, Matt Groening, Alex Kapranos and director Almodovar.The Brooklyn band Chicha Libre started out as a tribute to Peruvian pioneers but quickly evolved into an original project which MTV has called \"one of the world's preeminent Tropical Psychedelic band\". Indeed, while they remain true to their Chicha roots, Chicha Libre's quickly took a more psychedelic turn drawing from its members' alternative background.Made up of Mexican, Venezuelan, French and American the band used surf guitar, organ sounds and Latin percussion to play a mixture of borrowed and homegrown sounds - but its music remains a freeform reinvention, not an exercise in nostalgic duplication.The re-release coincides with the release of a new EP \"Tequila y Aguardiente\", in collaboration with Son Rompe Pera and La Sonora Mazuren.","og_url":"https:\/\/wpguerssen-test.odoo.rgbconsulting.com\/es\/producto\/sonido-amazonico\/","og_site_name":"Guerssen records","article_modified_time":"2025-04-22T13:56:00+00:00","og_image":[{"width":1200,"height":1200,"url":"https:\/\/wpguerssen-test.odoo.rgbconsulting.com\/wp-content\/uploads\/2024\/07\/48464.jpg","type":"image\/jpeg"}],"twitter_card":"summary_large_image","twitter_title":"CHICHA LIBRE - Sonido Amaz\u00f3nico! -  (2LP) | Guerssen","schema":{"@context":"https:\/\/schema.org","@graph":[{"@type":"WebPage","@id":"https:\/\/wpguerssen-test.odoo.rgbconsulting.com\/es\/producto\/sonido-amazonico\/","url":"https:\/\/wpguerssen-test.odoo.rgbconsulting.com\/es\/producto\/sonido-amazonico\/","name":"CHICHA LIBRE - Sonido Amaz\u00f3nico! - (2LP) | Guerssen","isPartOf":{"@id":"https:\/\/wpguerssen-test.odoo.rgbconsulting.com\/es\/#website"},"primaryImageOfPage":{"@id":"https:\/\/wpguerssen-test.odoo.rgbconsulting.com\/es\/producto\/sonido-amazonico\/#primaryimage"},"image":{"@id":"https:\/\/wpguerssen-test.odoo.rgbconsulting.com\/es\/producto\/sonido-amazonico\/#primaryimage"},"thumbnailUrl":"https:\/\/wpguerssen-test.odoo.rgbconsulting.com\/wp-content\/uploads\/2024\/07\/48464.jpg","datePublished":"2025-02-24T23:00:00+00:00","dateModified":"2025-04-22T13:56:00+00:00","description":"Chicha Libre's debut album, Sonido Amazonico is finally available on vinyl in Europe. The double album contains all original tracks first published as a CD back in 2008. The vinyl edition is comprised of 3 sides of music, and a fourth side with an etching of iconic Venezuelan saint Jose Gregorio.Chicha, Peruvian psychedelic cumbia, was first popularized outside of Peru by a compilation released by Chicha Libre's own Olivier Conan and entitled \"The Roots of Chicha.\" The music proved popular around the world, being championed by people such as Elijah Wood, Matt Groening, Alex Kapranos and director Almodovar.The Brooklyn band Chicha Libre started out as a tribute to Peruvian pioneers but quickly evolved into an original project which MTV has called \"one of the world's preeminent Tropical Psychedelic band\". Indeed, while they remain true to their Chicha roots, Chicha Libre's quickly took a more psychedelic turn drawing from its members' alternative background.Made up of Mexican, Venezuelan, French and American the band used surf guitar, organ sounds and Latin percussion to play a mixture of borrowed and homegrown sounds - but its music remains a freeform reinvention, not an exercise in nostalgic duplication.The re-release coincides with the release of a new EP \"Tequila y Aguardiente\", in collaboration with Son Rompe Pera and La Sonora Mazuren.","breadcrumb":{"@id":"https:\/\/wpguerssen-test.odoo.rgbconsulting.com\/es\/producto\/sonido-amazonico\/#breadcrumb"},"inLanguage":"es","potentialAction":[{"@type":"ReadAction","target":["https:\/\/wpguerssen-test.odoo.rgbconsulting.com\/es\/producto\/sonido-amazonico\/"]}]},{"@type":"ImageObject","inLanguage":"es","@id":"https:\/\/wpguerssen-test.odoo.rgbconsulting.com\/es\/producto\/sonido-amazonico\/#primaryimage","url":"https:\/\/wpguerssen-test.odoo.rgbconsulting.com\/wp-content\/uploads\/2024\/07\/48464.jpg","contentUrl":"https:\/\/wpguerssen-test.odoo.rgbconsulting.com\/wp-content\/uploads\/2024\/07\/48464.jpg","width":1200,"height":1200},{"@type":"BreadcrumbList","@id":"https:\/\/wpguerssen-test.odoo.rgbconsulting.com\/es\/producto\/sonido-amazonico\/#breadcrumb","itemListElement":[{"@type":"ListItem","position":1,"name":"Inicio","item":"https:\/\/wpguerssen-test.odoo.rgbconsulting.com\/es\/"},{"@type":"ListItem","position":2,"name":"Shop","item":"https:\/\/wpguerssen-test.odoo.rgbconsulting.com\/shop\/"},{"@type":"ListItem","position":3,"name":"Sonido Amaz\u00f3nico!"}]},{"@type":"WebSite","@id":"https:\/\/wpguerssen-test.odoo.rgbconsulting.com\/es\/#website","url":"https:\/\/wpguerssen-test.odoo.rgbconsulting.com\/es\/","name":"Guerssen records","description":"psychedelia - progressive - folk - garage ","publisher":{"@id":"https:\/\/wpguerssen-test.odoo.rgbconsulting.com\/es\/#organization"},"potentialAction":[{"@type":"SearchAction","target":{"@type":"EntryPoint","urlTemplate":"https:\/\/wpguerssen-test.odoo.rgbconsulting.com\/es\/?s={search_term_string}"},"query-input":{"@type":"PropertyValueSpecification","valueRequired":true,"valueName":"search_term_string"}}],"inLanguage":"es"},{"@type":"Organization","@id":"https:\/\/wpguerssen-test.odoo.rgbconsulting.com\/es\/#organization","name":"Guerssen records","url":"https:\/\/wpguerssen-test.odoo.rgbconsulting.com\/es\/","logo":{"@type":"ImageObject","inLanguage":"es","@id":"https:\/\/wpguerssen-test.odoo.rgbconsulting.com\/es\/#\/schema\/logo\/image\/","url":"https:\/\/wpguerssen-test.odoo.rgbconsulting.com\/wp-content\/uploads\/2022\/04\/Logo_Guerssen_trans_100.png","contentUrl":"https:\/\/wpguerssen-test.odoo.rgbconsulting.com\/wp-content\/uploads\/2022\/04\/Logo_Guerssen_trans_100.png","width":122,"height":100,"caption":"Guerssen records"},"image":{"@id":"https:\/\/wpguerssen-test.odoo.rgbconsulting.com\/es\/#\/schema\/logo\/image\/"}}]}},"_links":{"self":[{"href":"https:\/\/wpguerssen-test.odoo.rgbconsulting.com\/es\/wp-json\/wp\/v2\/product\/273482","targetHints":{"allow":["GET"]}}],"collection":[{"href":"https:\/\/wpguerssen-test.odoo.rgbconsulting.com\/es\/wp-json\/wp\/v2\/product"}],"about":[{"href":"https:\/\/wpguerssen-test.odoo.rgbconsulting.com\/es\/wp-json\/wp\/v2\/types\/product"}],"wp:featuredmedia":[{"embeddable":true,"href":"https:\/\/wpguerssen-test.odoo.rgbconsulting.com\/es\/wp-json\/wp\/v2\/media\/273458"}],"wp:attachment":[{"href":"https:\/\/wpguerssen-test.odoo.rgbconsulting.com\/es\/wp-json\/wp\/v2\/media?parent=273482"}],"wp:term":[{"taxonomy":"product_brand","embeddable":true,"href":"https:\/\/wpguerssen-test.odoo.rgbconsulting.com\/es\/wp-json\/wp\/v2\/product_brand?post=273482"},{"taxonomy":"product_cat","embeddable":true,"href":"https:\/\/wpguerssen-test.odoo.rgbconsulting.com\/es\/wp-json\/wp\/v2\/product_cat?post=273482"},{"taxonomy":"product_tag","embeddable":true,"href":"https:\/\/wpguerssen-test.odoo.rgbconsulting.com\/es\/wp-json\/wp\/v2\/product_tag?post=273482"}],"curies":[{"name":"wp","href":"https:\/\/api.w.org\/{rel}","templated":true}]}}