{"id":273484,"date":"2024-09-03T00:00:00","date_gmt":"2024-09-02T22:00:00","guid":{"rendered":"https:\/\/wpguerssen-test.odoo.rgbconsulting.com\/product\/afro-cuban-percussion\/"},"modified":"2025-01-30T17:03:22","modified_gmt":"2025-01-30T16:03:22","slug":"afro-cuban-percussion","status":"publish","type":"product","link":"https:\/\/wpguerssen-test.odoo.rgbconsulting.com\/es\/producto\/afro-cuban-percussion\/","title":{"rendered":"Afro Cuban Percussion"},"content":{"rendered":"<p>Timbalero y vibrafonista Ernesto Antonio \u00abTito\u00bb Puente (1923-2000) es conocido por sus \u00e1lbumes latinos, sus intrincadas pero accesibles y luchadoras secuencias de percusi\u00f3n y la introducci\u00f3n del subg\u00e9nero Mambo a los o\u00eddos norteamericanos. Sin embargo, s\u00f3lo hay un \u00e1lbum en el que realmente se concentra en el lado de la percusi\u00f3n latinizada, y puede que sea su trabajo m\u00e1s experimental o reducido y su mejor ex\u00f3tico al mismo tiempo. Esta grabaci\u00f3n de 1957 -originalmente con el nombre de Top Percussion- reuni\u00f3 a Tito, Mongo Santamar\u00eda, Willie Bobo, Aguabella y Julito Collazo en la percusi\u00f3n con vocalistas que inclu\u00edan a Mercedita Valdez, en siete maravillosos cortes de piel afrocubana tradicional y (entonces) contempor\u00e1nea. Luego, como regalo inesperado, hay una suite de jazz latino de siete minutos con el considerable arreglista de jazz de Puente y una poderosa banda con Doc Severinson en la trompeta principal.<\/p>\n","protected":false},"excerpt":{"rendered":"<p>Timbalero y vibrafonista Ernesto Antonio \u00abTito\u00bb Puente (1923-2000) es conocido por sus \u00e1lbumes latinos, sus intrincadas pero accesibles y luchadoras secuencias<a class=\"read\" href=\"https:\/\/wpguerssen-test.odoo.rgbconsulting.com\/es\/producto\/afro-cuban-percussion\/\"> (...)<\/a>","protected":false},"featured_media":273464,"template":"","meta":{"_acf_changed":false},"product_brand":[],"product_cat":[23231],"product_tag":[],"class_list":{"0":"post-273484","1":"product","2":"type-product","3":"status-publish","4":"has-post-thumbnail","6":"product_cat-latin-brazilian-es","7":"pa_artist-puente-tito","8":"pa_format-lp-es","9":"pa_gender-latin-brazilian","10":"pa_label-honeypie","11":"pa_location-north-america-es","12":"pa_other-filters-vinyl-only-es","14":"first","15":"instock","16":"taxable","17":"shipping-taxable","18":"purchasable","19":"product-type-simple"},"acf":[],"yoast_head":"<!-- This site is optimized with the Yoast SEO plugin v24.9 - https:\/\/yoast.com\/wordpress\/plugins\/seo\/ -->\n<title>PUENTE, Tito - Afro Cuban Percussion -  (LP) | Guerssen<\/title>\n<meta name=\"description\" content=\"Timbalero and vibraphonist Ernesto Antonio &quot;Tito&quot; Puente (1923-2000) is known for his Latin albums, their convoluted but accessible and feisty percussion segues and the introduction of the Mambo subgenre to North American ears. There is, however, only one album where he truly concentrates on the Latinized percussion side of things, and it may be both his most experimental or reduced and his best exotic work at the same time. This 1957 recordings - originally by the name of Top Percussion - brought together Tito, Mongo Santamaria, Willie Bobo, Aguabella and Julito Collazo on percussion with vocalists that included Mercedita Valdez, in seven wonderful cuts of traditional and (then) contemporary Afro-Cuban skin-on-skin. Then as an unexpected gift, there is a seven-minute Latin-jazz suite featuring Puente&#039;s considerable jazz-arranger head and a powerful band with Doc Severinson on lead trumpet.\" \/>\n<meta name=\"robots\" content=\"index, follow, max-snippet:-1, max-image-preview:large, max-video-preview:-1\" \/>\n<link rel=\"canonical\" href=\"https:\/\/wpguerssen-test.odoo.rgbconsulting.com\/es\/producto\/afro-cuban-percussion\/\" \/>\n<meta property=\"og:locale\" content=\"es_ES\" \/>\n<meta property=\"og:type\" content=\"article\" \/>\n<meta property=\"og:title\" content=\"PUENTE, Tito - Afro Cuban Percussion -  (LP) | Guerssen\" \/>\n<meta property=\"og:description\" content=\"Timbalero and vibraphonist Ernesto Antonio &quot;Tito&quot; Puente (1923-2000) is known for his Latin albums, their convoluted but accessible and feisty percussion segues and the introduction of the Mambo subgenre to North American ears. There is, however, only one album where he truly concentrates on the Latinized percussion side of things, and it may be both his most experimental or reduced and his best exotic work at the same time. This 1957 recordings - originally by the name of Top Percussion - brought together Tito, Mongo Santamaria, Willie Bobo, Aguabella and Julito Collazo on percussion with vocalists that included Mercedita Valdez, in seven wonderful cuts of traditional and (then) contemporary Afro-Cuban skin-on-skin. Then as an unexpected gift, there is a seven-minute Latin-jazz suite featuring Puente&#039;s considerable jazz-arranger head and a powerful band with Doc Severinson on lead trumpet.\" \/>\n<meta property=\"og:url\" content=\"https:\/\/wpguerssen-test.odoo.rgbconsulting.com\/es\/producto\/afro-cuban-percussion\/\" \/>\n<meta property=\"og:site_name\" content=\"Guerssen records\" \/>\n<meta property=\"article:modified_time\" content=\"2025-01-30T16:03:22+00:00\" \/>\n<meta property=\"og:image\" content=\"https:\/\/wpguerssen-test.odoo.rgbconsulting.com\/wp-content\/uploads\/2024\/07\/48466.jpg\" \/>\n\t<meta property=\"og:image:width\" content=\"1442\" \/>\n\t<meta property=\"og:image:height\" content=\"1440\" \/>\n\t<meta property=\"og:image:type\" content=\"image\/jpeg\" \/>\n<meta name=\"twitter:card\" content=\"summary_large_image\" \/>\n<meta name=\"twitter:title\" content=\"PUENTE, Tito - Afro Cuban Percussion -  (LP) | Guerssen\" \/>\n<meta name=\"twitter:label1\" content=\"Tiempo de lectura\" \/>\n\t<meta name=\"twitter:data1\" content=\"1 minuto\" \/>\n<script type=\"application\/ld+json\" class=\"yoast-schema-graph\">{\"@context\":\"https:\/\/schema.org\",\"@graph\":[{\"@type\":\"WebPage\",\"@id\":\"https:\/\/wpguerssen-test.odoo.rgbconsulting.com\/es\/producto\/afro-cuban-percussion\/\",\"url\":\"https:\/\/wpguerssen-test.odoo.rgbconsulting.com\/es\/producto\/afro-cuban-percussion\/\",\"name\":\"PUENTE, Tito - Afro Cuban Percussion - (LP) | Guerssen\",\"isPartOf\":{\"@id\":\"https:\/\/wpguerssen-test.odoo.rgbconsulting.com\/es\/#website\"},\"primaryImageOfPage\":{\"@id\":\"https:\/\/wpguerssen-test.odoo.rgbconsulting.com\/es\/producto\/afro-cuban-percussion\/#primaryimage\"},\"image\":{\"@id\":\"https:\/\/wpguerssen-test.odoo.rgbconsulting.com\/es\/producto\/afro-cuban-percussion\/#primaryimage\"},\"thumbnailUrl\":\"https:\/\/wpguerssen-test.odoo.rgbconsulting.com\/wp-content\/uploads\/2024\/07\/48466.jpg\",\"datePublished\":\"2024-09-02T22:00:00+00:00\",\"dateModified\":\"2025-01-30T16:03:22+00:00\",\"description\":\"Timbalero and vibraphonist Ernesto Antonio \\\"Tito\\\" Puente (1923-2000) is known for his Latin albums, their convoluted but accessible and feisty percussion segues and the introduction of the Mambo subgenre to North American ears. There is, however, only one album where he truly concentrates on the Latinized percussion side of things, and it may be both his most experimental or reduced and his best exotic work at the same time. This 1957 recordings - originally by the name of Top Percussion - brought together Tito, Mongo Santamaria, Willie Bobo, Aguabella and Julito Collazo on percussion with vocalists that included Mercedita Valdez, in seven wonderful cuts of traditional and (then) contemporary Afro-Cuban skin-on-skin. Then as an unexpected gift, there is a seven-minute Latin-jazz suite featuring Puente's considerable jazz-arranger head and a powerful band with Doc Severinson on lead trumpet.\",\"breadcrumb\":{\"@id\":\"https:\/\/wpguerssen-test.odoo.rgbconsulting.com\/es\/producto\/afro-cuban-percussion\/#breadcrumb\"},\"inLanguage\":\"es\",\"potentialAction\":[{\"@type\":\"ReadAction\",\"target\":[\"https:\/\/wpguerssen-test.odoo.rgbconsulting.com\/es\/producto\/afro-cuban-percussion\/\"]}]},{\"@type\":\"ImageObject\",\"inLanguage\":\"es\",\"@id\":\"https:\/\/wpguerssen-test.odoo.rgbconsulting.com\/es\/producto\/afro-cuban-percussion\/#primaryimage\",\"url\":\"https:\/\/wpguerssen-test.odoo.rgbconsulting.com\/wp-content\/uploads\/2024\/07\/48466.jpg\",\"contentUrl\":\"https:\/\/wpguerssen-test.odoo.rgbconsulting.com\/wp-content\/uploads\/2024\/07\/48466.jpg\",\"width\":1442,\"height\":1440,\"caption\":\"Tito - Afro Cuban Percussion - HONEYPIE (LP) | Guerssen\"},{\"@type\":\"BreadcrumbList\",\"@id\":\"https:\/\/wpguerssen-test.odoo.rgbconsulting.com\/es\/producto\/afro-cuban-percussion\/#breadcrumb\",\"itemListElement\":[{\"@type\":\"ListItem\",\"position\":1,\"name\":\"Inicio\",\"item\":\"https:\/\/wpguerssen-test.odoo.rgbconsulting.com\/es\/\"},{\"@type\":\"ListItem\",\"position\":2,\"name\":\"Shop\",\"item\":\"https:\/\/wpguerssen-test.odoo.rgbconsulting.com\/shop\/\"},{\"@type\":\"ListItem\",\"position\":3,\"name\":\"Afro Cuban Percussion\"}]},{\"@type\":\"WebSite\",\"@id\":\"https:\/\/wpguerssen-test.odoo.rgbconsulting.com\/es\/#website\",\"url\":\"https:\/\/wpguerssen-test.odoo.rgbconsulting.com\/es\/\",\"name\":\"Guerssen records\",\"description\":\"psychedelia - progressive - folk - garage \",\"publisher\":{\"@id\":\"https:\/\/wpguerssen-test.odoo.rgbconsulting.com\/es\/#organization\"},\"potentialAction\":[{\"@type\":\"SearchAction\",\"target\":{\"@type\":\"EntryPoint\",\"urlTemplate\":\"https:\/\/wpguerssen-test.odoo.rgbconsulting.com\/es\/?s={search_term_string}\"},\"query-input\":{\"@type\":\"PropertyValueSpecification\",\"valueRequired\":true,\"valueName\":\"search_term_string\"}}],\"inLanguage\":\"es\"},{\"@type\":\"Organization\",\"@id\":\"https:\/\/wpguerssen-test.odoo.rgbconsulting.com\/es\/#organization\",\"name\":\"Guerssen records\",\"url\":\"https:\/\/wpguerssen-test.odoo.rgbconsulting.com\/es\/\",\"logo\":{\"@type\":\"ImageObject\",\"inLanguage\":\"es\",\"@id\":\"https:\/\/wpguerssen-test.odoo.rgbconsulting.com\/es\/#\/schema\/logo\/image\/\",\"url\":\"https:\/\/wpguerssen-test.odoo.rgbconsulting.com\/wp-content\/uploads\/2022\/04\/Logo_Guerssen_trans_100.png\",\"contentUrl\":\"https:\/\/wpguerssen-test.odoo.rgbconsulting.com\/wp-content\/uploads\/2022\/04\/Logo_Guerssen_trans_100.png\",\"width\":122,\"height\":100,\"caption\":\"Guerssen records\"},\"image\":{\"@id\":\"https:\/\/wpguerssen-test.odoo.rgbconsulting.com\/es\/#\/schema\/logo\/image\/\"}}]}<\/script>\n<!-- \/ Yoast SEO plugin. -->","yoast_head_json":{"title":"PUENTE, Tito - Afro Cuban Percussion -  (LP) | Guerssen","description":"Timbalero and vibraphonist Ernesto Antonio \"Tito\" Puente (1923-2000) is known for his Latin albums, their convoluted but accessible and feisty percussion segues and the introduction of the Mambo subgenre to North American ears. There is, however, only one album where he truly concentrates on the Latinized percussion side of things, and it may be both his most experimental or reduced and his best exotic work at the same time. This 1957 recordings - originally by the name of Top Percussion - brought together Tito, Mongo Santamaria, Willie Bobo, Aguabella and Julito Collazo on percussion with vocalists that included Mercedita Valdez, in seven wonderful cuts of traditional and (then) contemporary Afro-Cuban skin-on-skin. Then as an unexpected gift, there is a seven-minute Latin-jazz suite featuring Puente's considerable jazz-arranger head and a powerful band with Doc Severinson on lead trumpet.","robots":{"index":"index","follow":"follow","max-snippet":"max-snippet:-1","max-image-preview":"max-image-preview:large","max-video-preview":"max-video-preview:-1"},"canonical":"https:\/\/wpguerssen-test.odoo.rgbconsulting.com\/es\/producto\/afro-cuban-percussion\/","og_locale":"es_ES","og_type":"article","og_title":"PUENTE, Tito - Afro Cuban Percussion -  (LP) | Guerssen","og_description":"Timbalero and vibraphonist Ernesto Antonio \"Tito\" Puente (1923-2000) is known for his Latin albums, their convoluted but accessible and feisty percussion segues and the introduction of the Mambo subgenre to North American ears. There is, however, only one album where he truly concentrates on the Latinized percussion side of things, and it may be both his most experimental or reduced and his best exotic work at the same time. This 1957 recordings - originally by the name of Top Percussion - brought together Tito, Mongo Santamaria, Willie Bobo, Aguabella and Julito Collazo on percussion with vocalists that included Mercedita Valdez, in seven wonderful cuts of traditional and (then) contemporary Afro-Cuban skin-on-skin. Then as an unexpected gift, there is a seven-minute Latin-jazz suite featuring Puente's considerable jazz-arranger head and a powerful band with Doc Severinson on lead trumpet.","og_url":"https:\/\/wpguerssen-test.odoo.rgbconsulting.com\/es\/producto\/afro-cuban-percussion\/","og_site_name":"Guerssen records","article_modified_time":"2025-01-30T16:03:22+00:00","og_image":[{"width":1442,"height":1440,"url":"https:\/\/wpguerssen-test.odoo.rgbconsulting.com\/wp-content\/uploads\/2024\/07\/48466.jpg","type":"image\/jpeg"}],"twitter_card":"summary_large_image","twitter_title":"PUENTE, Tito - Afro Cuban Percussion -  (LP) | Guerssen","twitter_misc":{"Tiempo de lectura":"1 minuto"},"schema":{"@context":"https:\/\/schema.org","@graph":[{"@type":"WebPage","@id":"https:\/\/wpguerssen-test.odoo.rgbconsulting.com\/es\/producto\/afro-cuban-percussion\/","url":"https:\/\/wpguerssen-test.odoo.rgbconsulting.com\/es\/producto\/afro-cuban-percussion\/","name":"PUENTE, Tito - Afro Cuban Percussion - (LP) | Guerssen","isPartOf":{"@id":"https:\/\/wpguerssen-test.odoo.rgbconsulting.com\/es\/#website"},"primaryImageOfPage":{"@id":"https:\/\/wpguerssen-test.odoo.rgbconsulting.com\/es\/producto\/afro-cuban-percussion\/#primaryimage"},"image":{"@id":"https:\/\/wpguerssen-test.odoo.rgbconsulting.com\/es\/producto\/afro-cuban-percussion\/#primaryimage"},"thumbnailUrl":"https:\/\/wpguerssen-test.odoo.rgbconsulting.com\/wp-content\/uploads\/2024\/07\/48466.jpg","datePublished":"2024-09-02T22:00:00+00:00","dateModified":"2025-01-30T16:03:22+00:00","description":"Timbalero and vibraphonist Ernesto Antonio \"Tito\" Puente (1923-2000) is known for his Latin albums, their convoluted but accessible and feisty percussion segues and the introduction of the Mambo subgenre to North American ears. There is, however, only one album where he truly concentrates on the Latinized percussion side of things, and it may be both his most experimental or reduced and his best exotic work at the same time. This 1957 recordings - originally by the name of Top Percussion - brought together Tito, Mongo Santamaria, Willie Bobo, Aguabella and Julito Collazo on percussion with vocalists that included Mercedita Valdez, in seven wonderful cuts of traditional and (then) contemporary Afro-Cuban skin-on-skin. Then as an unexpected gift, there is a seven-minute Latin-jazz suite featuring Puente's considerable jazz-arranger head and a powerful band with Doc Severinson on lead trumpet.","breadcrumb":{"@id":"https:\/\/wpguerssen-test.odoo.rgbconsulting.com\/es\/producto\/afro-cuban-percussion\/#breadcrumb"},"inLanguage":"es","potentialAction":[{"@type":"ReadAction","target":["https:\/\/wpguerssen-test.odoo.rgbconsulting.com\/es\/producto\/afro-cuban-percussion\/"]}]},{"@type":"ImageObject","inLanguage":"es","@id":"https:\/\/wpguerssen-test.odoo.rgbconsulting.com\/es\/producto\/afro-cuban-percussion\/#primaryimage","url":"https:\/\/wpguerssen-test.odoo.rgbconsulting.com\/wp-content\/uploads\/2024\/07\/48466.jpg","contentUrl":"https:\/\/wpguerssen-test.odoo.rgbconsulting.com\/wp-content\/uploads\/2024\/07\/48466.jpg","width":1442,"height":1440,"caption":"Tito - Afro Cuban Percussion - HONEYPIE (LP) | Guerssen"},{"@type":"BreadcrumbList","@id":"https:\/\/wpguerssen-test.odoo.rgbconsulting.com\/es\/producto\/afro-cuban-percussion\/#breadcrumb","itemListElement":[{"@type":"ListItem","position":1,"name":"Inicio","item":"https:\/\/wpguerssen-test.odoo.rgbconsulting.com\/es\/"},{"@type":"ListItem","position":2,"name":"Shop","item":"https:\/\/wpguerssen-test.odoo.rgbconsulting.com\/shop\/"},{"@type":"ListItem","position":3,"name":"Afro Cuban Percussion"}]},{"@type":"WebSite","@id":"https:\/\/wpguerssen-test.odoo.rgbconsulting.com\/es\/#website","url":"https:\/\/wpguerssen-test.odoo.rgbconsulting.com\/es\/","name":"Guerssen records","description":"psychedelia - progressive - folk - garage ","publisher":{"@id":"https:\/\/wpguerssen-test.odoo.rgbconsulting.com\/es\/#organization"},"potentialAction":[{"@type":"SearchAction","target":{"@type":"EntryPoint","urlTemplate":"https:\/\/wpguerssen-test.odoo.rgbconsulting.com\/es\/?s={search_term_string}"},"query-input":{"@type":"PropertyValueSpecification","valueRequired":true,"valueName":"search_term_string"}}],"inLanguage":"es"},{"@type":"Organization","@id":"https:\/\/wpguerssen-test.odoo.rgbconsulting.com\/es\/#organization","name":"Guerssen records","url":"https:\/\/wpguerssen-test.odoo.rgbconsulting.com\/es\/","logo":{"@type":"ImageObject","inLanguage":"es","@id":"https:\/\/wpguerssen-test.odoo.rgbconsulting.com\/es\/#\/schema\/logo\/image\/","url":"https:\/\/wpguerssen-test.odoo.rgbconsulting.com\/wp-content\/uploads\/2022\/04\/Logo_Guerssen_trans_100.png","contentUrl":"https:\/\/wpguerssen-test.odoo.rgbconsulting.com\/wp-content\/uploads\/2022\/04\/Logo_Guerssen_trans_100.png","width":122,"height":100,"caption":"Guerssen records"},"image":{"@id":"https:\/\/wpguerssen-test.odoo.rgbconsulting.com\/es\/#\/schema\/logo\/image\/"}}]}},"_links":{"self":[{"href":"https:\/\/wpguerssen-test.odoo.rgbconsulting.com\/es\/wp-json\/wp\/v2\/product\/273484","targetHints":{"allow":["GET"]}}],"collection":[{"href":"https:\/\/wpguerssen-test.odoo.rgbconsulting.com\/es\/wp-json\/wp\/v2\/product"}],"about":[{"href":"https:\/\/wpguerssen-test.odoo.rgbconsulting.com\/es\/wp-json\/wp\/v2\/types\/product"}],"wp:featuredmedia":[{"embeddable":true,"href":"https:\/\/wpguerssen-test.odoo.rgbconsulting.com\/es\/wp-json\/wp\/v2\/media\/273464"}],"wp:attachment":[{"href":"https:\/\/wpguerssen-test.odoo.rgbconsulting.com\/es\/wp-json\/wp\/v2\/media?parent=273484"}],"wp:term":[{"taxonomy":"product_brand","embeddable":true,"href":"https:\/\/wpguerssen-test.odoo.rgbconsulting.com\/es\/wp-json\/wp\/v2\/product_brand?post=273484"},{"taxonomy":"product_cat","embeddable":true,"href":"https:\/\/wpguerssen-test.odoo.rgbconsulting.com\/es\/wp-json\/wp\/v2\/product_cat?post=273484"},{"taxonomy":"product_tag","embeddable":true,"href":"https:\/\/wpguerssen-test.odoo.rgbconsulting.com\/es\/wp-json\/wp\/v2\/product_tag?post=273484"}],"curies":[{"name":"wp","href":"https:\/\/api.w.org\/{rel}","templated":true}]}}