{"id":273486,"date":"2024-08-26T00:00:00","date_gmt":"2024-08-25T22:00:00","guid":{"rendered":"https:\/\/wpguerssen-test.odoo.rgbconsulting.com\/product\/damn-right-i-am-somebody\/"},"modified":"2024-12-16T18:05:05","modified_gmt":"2024-12-16T17:05:05","slug":"damn-right-i-am-somebody","status":"publish","type":"product","link":"https:\/\/wpguerssen-test.odoo.rgbconsulting.com\/es\/producto\/damn-right-i-am-somebody\/","title":{"rendered":"Damn Right I Am Somebody"},"content":{"rendered":"<p>En 1974, uno de los l\u00edderes de banda y acompa\u00f1antes m\u00e1s importantes de James Brown, el trombonista Fred Wesley, lanzar\u00eda no uno sino dos \u00e1lbumes como l\u00edder, incluido Damn Right I Am Somebody. Comenzando con una evocadora versi\u00f3n qued\u00f3 claro para los fans que este \u00e1lbum no se trataba solo de una fiesta. Aqu\u00ed abundan los mensajes profundos en las canciones, como el tema de casi 10 minutos \u00abI&#8217;m Paying Taxes, But What Am I Buying\u00bb.<br \/>Get On Down rinde homenaje reverente a la reedici\u00f3n de este cl\u00e1sico alojado en una portada Stoughton al estilo de los a\u00f1os 70.<\/p>\n","protected":false},"excerpt":{"rendered":"<p>En 1974, uno de los l\u00edderes de banda y acompa\u00f1antes m\u00e1s importantes de James Brown, el trombonista Fred Wesley, lanzar\u00eda no uno sino dos \u00e1lbumes como l\u00edder,<a class=\"read\" href=\"https:\/\/wpguerssen-test.odoo.rgbconsulting.com\/es\/producto\/damn-right-i-am-somebody\/\"> (...)<\/a>","protected":false},"featured_media":273470,"template":"","meta":{"_acf_changed":false},"product_brand":[],"product_cat":[21649,23219],"product_tag":[],"class_list":{"0":"post-273486","1":"product","2":"type-product","3":"status-publish","4":"has-post-thumbnail","6":"product_cat-soul-rnb-es","7":"product_cat-funk-es","8":"pa_artist-wesley-fred-the-jbs","9":"pa_format-lp-es","10":"pa_gender-soul-rnb-funk","11":"pa_label-get-on-down","12":"pa_location-north-america-es","13":"pa_other-filters-vinyl-only-es","15":"first","16":"instock","17":"taxable","18":"shipping-taxable","19":"purchasable","20":"product-type-simple"},"acf":[],"yoast_head":"<!-- This site is optimized with the Yoast SEO plugin v24.9 - https:\/\/yoast.com\/wordpress\/plugins\/seo\/ -->\n<title>WESLEY, Fred &amp; the JB&#039;s - Damn Right I Am Somebody -  (LP) | Guerssen<\/title>\n<meta name=\"description\" content=\"In 1974 one of James Brown;s most important band-leaders and sidemen - trombonist Fred Wesley - would release not one but two albums as a leader including Damn Right I Am Somebody. Starting with an evocativecover it was clear to fans that this album wasn&#039;t all about a party. Deep messages abound in the songs here, such as the nearly 10-minute workout &quot;I&#039;m Paying Taxes, But What Am I Buying.&quot;Social messages aside, Fred and his assembled JBs were a party-moving funk machine at heart, as heard on &quot;If You Don&#039;t Get It The First Time, Back Up And Try It Again, Party&quot; and the laid-back groove of &quot;Same Beat&quot; (with prototypical sampling of Jesse Jackson exhorting an audience to chant &quot;I am \/ Somebody&quot;). Nestled among these raise-your-fist classics is one of the most experimental funk cuts ever made: &quot;Blow Your Head,&quot; known to relatively modern listeners as the backbone of Public Enemy&#039;s &quot;Public Enemy #1&quot; (from 1987). Other tracks have been sampled by EPMD, Run-DMC, De La Soul, Digable Planets, and Ice-T among others.Get On Down pays reverent tribute to the reissue of this classic housed in a 1970s style Stoughton jacket.\" \/>\n<meta name=\"robots\" content=\"index, follow, max-snippet:-1, max-image-preview:large, max-video-preview:-1\" \/>\n<link rel=\"canonical\" href=\"https:\/\/wpguerssen-test.odoo.rgbconsulting.com\/es\/producto\/damn-right-i-am-somebody\/\" \/>\n<meta property=\"og:locale\" content=\"es_ES\" \/>\n<meta property=\"og:type\" content=\"article\" \/>\n<meta property=\"og:title\" content=\"WESLEY, Fred &amp; the JB&#039;s - Damn Right I Am Somebody -  (LP) | Guerssen\" \/>\n<meta property=\"og:description\" content=\"In 1974 one of James Brown;s most important band-leaders and sidemen - trombonist Fred Wesley - would release not one but two albums as a leader including Damn Right I Am Somebody. Starting with an evocativecover it was clear to fans that this album wasn&#039;t all about a party. Deep messages abound in the songs here, such as the nearly 10-minute workout &quot;I&#039;m Paying Taxes, But What Am I Buying.&quot;Social messages aside, Fred and his assembled JBs were a party-moving funk machine at heart, as heard on &quot;If You Don&#039;t Get It The First Time, Back Up And Try It Again, Party&quot; and the laid-back groove of &quot;Same Beat&quot; (with prototypical sampling of Jesse Jackson exhorting an audience to chant &quot;I am \/ Somebody&quot;). Nestled among these raise-your-fist classics is one of the most experimental funk cuts ever made: &quot;Blow Your Head,&quot; known to relatively modern listeners as the backbone of Public Enemy&#039;s &quot;Public Enemy #1&quot; (from 1987). Other tracks have been sampled by EPMD, Run-DMC, De La Soul, Digable Planets, and Ice-T among others.Get On Down pays reverent tribute to the reissue of this classic housed in a 1970s style Stoughton jacket.\" \/>\n<meta property=\"og:url\" content=\"https:\/\/wpguerssen-test.odoo.rgbconsulting.com\/es\/producto\/damn-right-i-am-somebody\/\" \/>\n<meta property=\"og:site_name\" content=\"Guerssen records\" \/>\n<meta property=\"article:modified_time\" content=\"2024-12-16T17:05:05+00:00\" \/>\n<meta property=\"og:image\" content=\"https:\/\/wpguerssen-test.odoo.rgbconsulting.com\/wp-content\/uploads\/2024\/07\/48468.jpg\" \/>\n\t<meta property=\"og:image:width\" content=\"323\" \/>\n\t<meta property=\"og:image:height\" content=\"322\" \/>\n\t<meta property=\"og:image:type\" content=\"image\/jpeg\" \/>\n<meta name=\"twitter:card\" content=\"summary_large_image\" \/>\n<meta name=\"twitter:title\" content=\"WESLEY, Fred &amp; the JB&#039;s - Damn Right I Am Somebody -  (LP) | Guerssen\" \/>\n<meta name=\"twitter:label1\" content=\"Tiempo de lectura\" \/>\n\t<meta name=\"twitter:data1\" content=\"1 minuto\" \/>\n<script type=\"application\/ld+json\" class=\"yoast-schema-graph\">{\"@context\":\"https:\/\/schema.org\",\"@graph\":[{\"@type\":\"WebPage\",\"@id\":\"https:\/\/wpguerssen-test.odoo.rgbconsulting.com\/es\/producto\/damn-right-i-am-somebody\/\",\"url\":\"https:\/\/wpguerssen-test.odoo.rgbconsulting.com\/es\/producto\/damn-right-i-am-somebody\/\",\"name\":\"WESLEY, Fred & the JB's - Damn Right I Am Somebody - (LP) | Guerssen\",\"isPartOf\":{\"@id\":\"https:\/\/wpguerssen-test.odoo.rgbconsulting.com\/es\/#website\"},\"primaryImageOfPage\":{\"@id\":\"https:\/\/wpguerssen-test.odoo.rgbconsulting.com\/es\/producto\/damn-right-i-am-somebody\/#primaryimage\"},\"image\":{\"@id\":\"https:\/\/wpguerssen-test.odoo.rgbconsulting.com\/es\/producto\/damn-right-i-am-somebody\/#primaryimage\"},\"thumbnailUrl\":\"https:\/\/wpguerssen-test.odoo.rgbconsulting.com\/wp-content\/uploads\/2024\/07\/48468.jpg\",\"datePublished\":\"2024-08-25T22:00:00+00:00\",\"dateModified\":\"2024-12-16T17:05:05+00:00\",\"description\":\"In 1974 one of James Brown;s most important band-leaders and sidemen - trombonist Fred Wesley - would release not one but two albums as a leader including Damn Right I Am Somebody. Starting with an evocativecover it was clear to fans that this album wasn't all about a party. Deep messages abound in the songs here, such as the nearly 10-minute workout \\\"I'm Paying Taxes, But What Am I Buying.\\\"Social messages aside, Fred and his assembled JBs were a party-moving funk machine at heart, as heard on \\\"If You Don't Get It The First Time, Back Up And Try It Again, Party\\\" and the laid-back groove of \\\"Same Beat\\\" (with prototypical sampling of Jesse Jackson exhorting an audience to chant \\\"I am \/ Somebody\\\"). Nestled among these raise-your-fist classics is one of the most experimental funk cuts ever made: \\\"Blow Your Head,\\\" known to relatively modern listeners as the backbone of Public Enemy's \\\"Public Enemy #1\\\" (from 1987). Other tracks have been sampled by EPMD, Run-DMC, De La Soul, Digable Planets, and Ice-T among others.Get On Down pays reverent tribute to the reissue of this classic housed in a 1970s style Stoughton jacket.\",\"breadcrumb\":{\"@id\":\"https:\/\/wpguerssen-test.odoo.rgbconsulting.com\/es\/producto\/damn-right-i-am-somebody\/#breadcrumb\"},\"inLanguage\":\"es\",\"potentialAction\":[{\"@type\":\"ReadAction\",\"target\":[\"https:\/\/wpguerssen-test.odoo.rgbconsulting.com\/es\/producto\/damn-right-i-am-somebody\/\"]}]},{\"@type\":\"ImageObject\",\"inLanguage\":\"es\",\"@id\":\"https:\/\/wpguerssen-test.odoo.rgbconsulting.com\/es\/producto\/damn-right-i-am-somebody\/#primaryimage\",\"url\":\"https:\/\/wpguerssen-test.odoo.rgbconsulting.com\/wp-content\/uploads\/2024\/07\/48468.jpg\",\"contentUrl\":\"https:\/\/wpguerssen-test.odoo.rgbconsulting.com\/wp-content\/uploads\/2024\/07\/48468.jpg\",\"width\":323,\"height\":322,\"caption\":\"Fred & the JB's - Damn Right I Am Somebody - GET ON DOWN (LP) | Guerssen\"},{\"@type\":\"BreadcrumbList\",\"@id\":\"https:\/\/wpguerssen-test.odoo.rgbconsulting.com\/es\/producto\/damn-right-i-am-somebody\/#breadcrumb\",\"itemListElement\":[{\"@type\":\"ListItem\",\"position\":1,\"name\":\"Inicio\",\"item\":\"https:\/\/wpguerssen-test.odoo.rgbconsulting.com\/es\/\"},{\"@type\":\"ListItem\",\"position\":2,\"name\":\"Shop\",\"item\":\"https:\/\/wpguerssen-test.odoo.rgbconsulting.com\/shop\/\"},{\"@type\":\"ListItem\",\"position\":3,\"name\":\"Damn Right I Am Somebody\"}]},{\"@type\":\"WebSite\",\"@id\":\"https:\/\/wpguerssen-test.odoo.rgbconsulting.com\/es\/#website\",\"url\":\"https:\/\/wpguerssen-test.odoo.rgbconsulting.com\/es\/\",\"name\":\"Guerssen records\",\"description\":\"psychedelia - progressive - folk - garage \",\"publisher\":{\"@id\":\"https:\/\/wpguerssen-test.odoo.rgbconsulting.com\/es\/#organization\"},\"potentialAction\":[{\"@type\":\"SearchAction\",\"target\":{\"@type\":\"EntryPoint\",\"urlTemplate\":\"https:\/\/wpguerssen-test.odoo.rgbconsulting.com\/es\/?s={search_term_string}\"},\"query-input\":{\"@type\":\"PropertyValueSpecification\",\"valueRequired\":true,\"valueName\":\"search_term_string\"}}],\"inLanguage\":\"es\"},{\"@type\":\"Organization\",\"@id\":\"https:\/\/wpguerssen-test.odoo.rgbconsulting.com\/es\/#organization\",\"name\":\"Guerssen records\",\"url\":\"https:\/\/wpguerssen-test.odoo.rgbconsulting.com\/es\/\",\"logo\":{\"@type\":\"ImageObject\",\"inLanguage\":\"es\",\"@id\":\"https:\/\/wpguerssen-test.odoo.rgbconsulting.com\/es\/#\/schema\/logo\/image\/\",\"url\":\"https:\/\/wpguerssen-test.odoo.rgbconsulting.com\/wp-content\/uploads\/2022\/04\/Logo_Guerssen_trans_100.png\",\"contentUrl\":\"https:\/\/wpguerssen-test.odoo.rgbconsulting.com\/wp-content\/uploads\/2022\/04\/Logo_Guerssen_trans_100.png\",\"width\":122,\"height\":100,\"caption\":\"Guerssen records\"},\"image\":{\"@id\":\"https:\/\/wpguerssen-test.odoo.rgbconsulting.com\/es\/#\/schema\/logo\/image\/\"}}]}<\/script>\n<!-- \/ Yoast SEO plugin. -->","yoast_head_json":{"title":"WESLEY, Fred & the JB's - Damn Right I Am Somebody -  (LP) | Guerssen","description":"In 1974 one of James Brown;s most important band-leaders and sidemen - trombonist Fred Wesley - would release not one but two albums as a leader including Damn Right I Am Somebody. Starting with an evocativecover it was clear to fans that this album wasn't all about a party. Deep messages abound in the songs here, such as the nearly 10-minute workout \"I'm Paying Taxes, But What Am I Buying.\"Social messages aside, Fred and his assembled JBs were a party-moving funk machine at heart, as heard on \"If You Don't Get It The First Time, Back Up And Try It Again, Party\" and the laid-back groove of \"Same Beat\" (with prototypical sampling of Jesse Jackson exhorting an audience to chant \"I am \/ Somebody\"). Nestled among these raise-your-fist classics is one of the most experimental funk cuts ever made: \"Blow Your Head,\" known to relatively modern listeners as the backbone of Public Enemy's \"Public Enemy #1\" (from 1987). Other tracks have been sampled by EPMD, Run-DMC, De La Soul, Digable Planets, and Ice-T among others.Get On Down pays reverent tribute to the reissue of this classic housed in a 1970s style Stoughton jacket.","robots":{"index":"index","follow":"follow","max-snippet":"max-snippet:-1","max-image-preview":"max-image-preview:large","max-video-preview":"max-video-preview:-1"},"canonical":"https:\/\/wpguerssen-test.odoo.rgbconsulting.com\/es\/producto\/damn-right-i-am-somebody\/","og_locale":"es_ES","og_type":"article","og_title":"WESLEY, Fred & the JB's - Damn Right I Am Somebody -  (LP) | Guerssen","og_description":"In 1974 one of James Brown;s most important band-leaders and sidemen - trombonist Fred Wesley - would release not one but two albums as a leader including Damn Right I Am Somebody. Starting with an evocativecover it was clear to fans that this album wasn't all about a party. Deep messages abound in the songs here, such as the nearly 10-minute workout \"I'm Paying Taxes, But What Am I Buying.\"Social messages aside, Fred and his assembled JBs were a party-moving funk machine at heart, as heard on \"If You Don't Get It The First Time, Back Up And Try It Again, Party\" and the laid-back groove of \"Same Beat\" (with prototypical sampling of Jesse Jackson exhorting an audience to chant \"I am \/ Somebody\"). Nestled among these raise-your-fist classics is one of the most experimental funk cuts ever made: \"Blow Your Head,\" known to relatively modern listeners as the backbone of Public Enemy's \"Public Enemy #1\" (from 1987). Other tracks have been sampled by EPMD, Run-DMC, De La Soul, Digable Planets, and Ice-T among others.Get On Down pays reverent tribute to the reissue of this classic housed in a 1970s style Stoughton jacket.","og_url":"https:\/\/wpguerssen-test.odoo.rgbconsulting.com\/es\/producto\/damn-right-i-am-somebody\/","og_site_name":"Guerssen records","article_modified_time":"2024-12-16T17:05:05+00:00","og_image":[{"width":323,"height":322,"url":"https:\/\/wpguerssen-test.odoo.rgbconsulting.com\/wp-content\/uploads\/2024\/07\/48468.jpg","type":"image\/jpeg"}],"twitter_card":"summary_large_image","twitter_title":"WESLEY, Fred & the JB's - Damn Right I Am Somebody -  (LP) | Guerssen","twitter_misc":{"Tiempo de lectura":"1 minuto"},"schema":{"@context":"https:\/\/schema.org","@graph":[{"@type":"WebPage","@id":"https:\/\/wpguerssen-test.odoo.rgbconsulting.com\/es\/producto\/damn-right-i-am-somebody\/","url":"https:\/\/wpguerssen-test.odoo.rgbconsulting.com\/es\/producto\/damn-right-i-am-somebody\/","name":"WESLEY, Fred & the JB's - Damn Right I Am Somebody - (LP) | Guerssen","isPartOf":{"@id":"https:\/\/wpguerssen-test.odoo.rgbconsulting.com\/es\/#website"},"primaryImageOfPage":{"@id":"https:\/\/wpguerssen-test.odoo.rgbconsulting.com\/es\/producto\/damn-right-i-am-somebody\/#primaryimage"},"image":{"@id":"https:\/\/wpguerssen-test.odoo.rgbconsulting.com\/es\/producto\/damn-right-i-am-somebody\/#primaryimage"},"thumbnailUrl":"https:\/\/wpguerssen-test.odoo.rgbconsulting.com\/wp-content\/uploads\/2024\/07\/48468.jpg","datePublished":"2024-08-25T22:00:00+00:00","dateModified":"2024-12-16T17:05:05+00:00","description":"In 1974 one of James Brown;s most important band-leaders and sidemen - trombonist Fred Wesley - would release not one but two albums as a leader including Damn Right I Am Somebody. Starting with an evocativecover it was clear to fans that this album wasn't all about a party. Deep messages abound in the songs here, such as the nearly 10-minute workout \"I'm Paying Taxes, But What Am I Buying.\"Social messages aside, Fred and his assembled JBs were a party-moving funk machine at heart, as heard on \"If You Don't Get It The First Time, Back Up And Try It Again, Party\" and the laid-back groove of \"Same Beat\" (with prototypical sampling of Jesse Jackson exhorting an audience to chant \"I am \/ Somebody\"). Nestled among these raise-your-fist classics is one of the most experimental funk cuts ever made: \"Blow Your Head,\" known to relatively modern listeners as the backbone of Public Enemy's \"Public Enemy #1\" (from 1987). Other tracks have been sampled by EPMD, Run-DMC, De La Soul, Digable Planets, and Ice-T among others.Get On Down pays reverent tribute to the reissue of this classic housed in a 1970s style Stoughton jacket.","breadcrumb":{"@id":"https:\/\/wpguerssen-test.odoo.rgbconsulting.com\/es\/producto\/damn-right-i-am-somebody\/#breadcrumb"},"inLanguage":"es","potentialAction":[{"@type":"ReadAction","target":["https:\/\/wpguerssen-test.odoo.rgbconsulting.com\/es\/producto\/damn-right-i-am-somebody\/"]}]},{"@type":"ImageObject","inLanguage":"es","@id":"https:\/\/wpguerssen-test.odoo.rgbconsulting.com\/es\/producto\/damn-right-i-am-somebody\/#primaryimage","url":"https:\/\/wpguerssen-test.odoo.rgbconsulting.com\/wp-content\/uploads\/2024\/07\/48468.jpg","contentUrl":"https:\/\/wpguerssen-test.odoo.rgbconsulting.com\/wp-content\/uploads\/2024\/07\/48468.jpg","width":323,"height":322,"caption":"Fred & the JB's - Damn Right I Am Somebody - GET ON DOWN (LP) | Guerssen"},{"@type":"BreadcrumbList","@id":"https:\/\/wpguerssen-test.odoo.rgbconsulting.com\/es\/producto\/damn-right-i-am-somebody\/#breadcrumb","itemListElement":[{"@type":"ListItem","position":1,"name":"Inicio","item":"https:\/\/wpguerssen-test.odoo.rgbconsulting.com\/es\/"},{"@type":"ListItem","position":2,"name":"Shop","item":"https:\/\/wpguerssen-test.odoo.rgbconsulting.com\/shop\/"},{"@type":"ListItem","position":3,"name":"Damn Right I Am Somebody"}]},{"@type":"WebSite","@id":"https:\/\/wpguerssen-test.odoo.rgbconsulting.com\/es\/#website","url":"https:\/\/wpguerssen-test.odoo.rgbconsulting.com\/es\/","name":"Guerssen records","description":"psychedelia - progressive - folk - garage ","publisher":{"@id":"https:\/\/wpguerssen-test.odoo.rgbconsulting.com\/es\/#organization"},"potentialAction":[{"@type":"SearchAction","target":{"@type":"EntryPoint","urlTemplate":"https:\/\/wpguerssen-test.odoo.rgbconsulting.com\/es\/?s={search_term_string}"},"query-input":{"@type":"PropertyValueSpecification","valueRequired":true,"valueName":"search_term_string"}}],"inLanguage":"es"},{"@type":"Organization","@id":"https:\/\/wpguerssen-test.odoo.rgbconsulting.com\/es\/#organization","name":"Guerssen records","url":"https:\/\/wpguerssen-test.odoo.rgbconsulting.com\/es\/","logo":{"@type":"ImageObject","inLanguage":"es","@id":"https:\/\/wpguerssen-test.odoo.rgbconsulting.com\/es\/#\/schema\/logo\/image\/","url":"https:\/\/wpguerssen-test.odoo.rgbconsulting.com\/wp-content\/uploads\/2022\/04\/Logo_Guerssen_trans_100.png","contentUrl":"https:\/\/wpguerssen-test.odoo.rgbconsulting.com\/wp-content\/uploads\/2022\/04\/Logo_Guerssen_trans_100.png","width":122,"height":100,"caption":"Guerssen records"},"image":{"@id":"https:\/\/wpguerssen-test.odoo.rgbconsulting.com\/es\/#\/schema\/logo\/image\/"}}]}},"_links":{"self":[{"href":"https:\/\/wpguerssen-test.odoo.rgbconsulting.com\/es\/wp-json\/wp\/v2\/product\/273486","targetHints":{"allow":["GET"]}}],"collection":[{"href":"https:\/\/wpguerssen-test.odoo.rgbconsulting.com\/es\/wp-json\/wp\/v2\/product"}],"about":[{"href":"https:\/\/wpguerssen-test.odoo.rgbconsulting.com\/es\/wp-json\/wp\/v2\/types\/product"}],"wp:featuredmedia":[{"embeddable":true,"href":"https:\/\/wpguerssen-test.odoo.rgbconsulting.com\/es\/wp-json\/wp\/v2\/media\/273470"}],"wp:attachment":[{"href":"https:\/\/wpguerssen-test.odoo.rgbconsulting.com\/es\/wp-json\/wp\/v2\/media?parent=273486"}],"wp:term":[{"taxonomy":"product_brand","embeddable":true,"href":"https:\/\/wpguerssen-test.odoo.rgbconsulting.com\/es\/wp-json\/wp\/v2\/product_brand?post=273486"},{"taxonomy":"product_cat","embeddable":true,"href":"https:\/\/wpguerssen-test.odoo.rgbconsulting.com\/es\/wp-json\/wp\/v2\/product_cat?post=273486"},{"taxonomy":"product_tag","embeddable":true,"href":"https:\/\/wpguerssen-test.odoo.rgbconsulting.com\/es\/wp-json\/wp\/v2\/product_tag?post=273486"}],"curies":[{"name":"wp","href":"https:\/\/api.w.org\/{rel}","templated":true}]}}