{"id":273556,"date":"2024-09-03T00:00:00","date_gmt":"2024-09-02T22:00:00","guid":{"rendered":"https:\/\/wpguerssen-test.odoo.rgbconsulting.com\/product\/live-at-filmore-west-close-night-july-4-1971\/"},"modified":"2025-03-05T16:04:04","modified_gmt":"2025-03-05T15:04:04","slug":"live-at-filmore-west-close-night-july-4-1971","status":"publish","type":"product","link":"https:\/\/wpguerssen-test.odoo.rgbconsulting.com\/es\/producto\/live-at-filmore-west-close-night-july-4-1971\/","title":{"rendered":"Live At Filmore West &#8211; Close Night July 4, 1971"},"content":{"rendered":"<p>El promotor Bill Graham anunci\u00f3 la alineaci\u00f3n para la \u00faltima semana del Fillmore West de San Francisco un d\u00eda despu\u00e9s de cerrar el Fillmore East de Nueva York. Termin\u00f3 tres a\u00f1os de espect\u00e1culos hist\u00f3ricos con cinco noches de m\u00fasica anunciada como \u00ablas bandas que construyeron el Fillmore\u00bb. La \u00faltima noche, el 4 de julio de 1971, cont\u00f3 con Santana, Creedence Clearwater Revival y Tower of Power. Los equipos de c\u00e1mara grabaron los eventos de la semana para el documental Last Days of the Fillmore.<\/p>\n","protected":false},"excerpt":{"rendered":"<p>El promotor Bill Graham anunci\u00f3 la alineaci\u00f3n para la \u00faltima semana del Fillmore West de San Francisco un d\u00eda despu\u00e9s de cerrar el Fillmore East de Nueva York.<a class=\"read\" href=\"https:\/\/wpguerssen-test.odoo.rgbconsulting.com\/es\/producto\/live-at-filmore-west-close-night-july-4-1971\/\"> (...)<\/a>","protected":false},"featured_media":273523,"template":"","meta":{"_acf_changed":false},"product_brand":[],"product_cat":[23262,23264],"product_tag":[],"class_list":{"0":"post-273556","1":"product","2":"type-product","3":"status-publish","4":"has-post-thumbnail","6":"product_cat-blues-blues-rock-es","7":"product_cat-country-country-rock-es","8":"pa_artist-creedence-clearwater-revival-es","9":"pa_format-lp-es","10":"pa_gender-country-country-rock-blues-blues-rock","11":"pa_label-dbqp","12":"pa_location-north-america-es","13":"pa_other-filters-vinyl-only-es","15":"first","16":"instock","17":"taxable","18":"shipping-taxable","19":"purchasable","20":"product-type-simple"},"acf":[],"yoast_head":"<!-- This site is optimized with the Yoast SEO plugin v24.9 - https:\/\/yoast.com\/wordpress\/plugins\/seo\/ -->\n<title>CREEDENCE CLEARWATER REVIVAL - Live At Filmore West - Close Night July 4, 1971 -  (LP) | Guerssen<\/title>\n<meta name=\"description\" content=\"Promoter Bill Graham announced the lineup for the final week of San Francisco&#039;s Fillmore West one day after he closed New York&#039;s Fillmore East. He ended three years of historic shows with five nights of music billed as &quot;the bands that built the Fillmore.&quot; The final night, July 4, 1971, featured Santana, Creedence Clearwater Revival and Tower of Power. Camera crews recorded the week&#039;s events for the documentary Last Days of the Fillmore.\" \/>\n<meta name=\"robots\" content=\"index, follow, max-snippet:-1, max-image-preview:large, max-video-preview:-1\" \/>\n<link rel=\"canonical\" href=\"https:\/\/wpguerssen-test.odoo.rgbconsulting.com\/es\/producto\/live-at-filmore-west-close-night-july-4-1971\/\" \/>\n<meta property=\"og:locale\" content=\"es_ES\" \/>\n<meta property=\"og:type\" content=\"article\" \/>\n<meta property=\"og:title\" content=\"CREEDENCE CLEARWATER REVIVAL - Live At Filmore West - Close Night July 4, 1971 -  (LP) | Guerssen\" \/>\n<meta property=\"og:description\" content=\"Promoter Bill Graham announced the lineup for the final week of San Francisco&#039;s Fillmore West one day after he closed New York&#039;s Fillmore East. He ended three years of historic shows with five nights of music billed as &quot;the bands that built the Fillmore.&quot; The final night, July 4, 1971, featured Santana, Creedence Clearwater Revival and Tower of Power. Camera crews recorded the week&#039;s events for the documentary Last Days of the Fillmore.\" \/>\n<meta property=\"og:url\" content=\"https:\/\/wpguerssen-test.odoo.rgbconsulting.com\/es\/producto\/live-at-filmore-west-close-night-july-4-1971\/\" \/>\n<meta property=\"og:site_name\" content=\"Guerssen records\" \/>\n<meta property=\"article:modified_time\" content=\"2025-03-05T15:04:04+00:00\" \/>\n<meta property=\"og:image\" content=\"https:\/\/wpguerssen-test.odoo.rgbconsulting.com\/wp-content\/uploads\/2024\/08\/48475.jpg\" \/>\n\t<meta property=\"og:image:width\" content=\"945\" \/>\n\t<meta property=\"og:image:height\" content=\"949\" \/>\n\t<meta property=\"og:image:type\" content=\"image\/jpeg\" \/>\n<meta name=\"twitter:card\" content=\"summary_large_image\" \/>\n<meta name=\"twitter:title\" content=\"CREEDENCE CLEARWATER REVIVAL - Live At Filmore West - Close Night July 4, 1971 -  (LP) | Guerssen\" \/>\n<script type=\"application\/ld+json\" class=\"yoast-schema-graph\">{\"@context\":\"https:\/\/schema.org\",\"@graph\":[{\"@type\":\"WebPage\",\"@id\":\"https:\/\/wpguerssen-test.odoo.rgbconsulting.com\/es\/producto\/live-at-filmore-west-close-night-july-4-1971\/\",\"url\":\"https:\/\/wpguerssen-test.odoo.rgbconsulting.com\/es\/producto\/live-at-filmore-west-close-night-july-4-1971\/\",\"name\":\"CREEDENCE CLEARWATER REVIVAL - Live At Filmore West - Close Night July 4, 1971 - (LP) | Guerssen\",\"isPartOf\":{\"@id\":\"https:\/\/wpguerssen-test.odoo.rgbconsulting.com\/es\/#website\"},\"primaryImageOfPage\":{\"@id\":\"https:\/\/wpguerssen-test.odoo.rgbconsulting.com\/es\/producto\/live-at-filmore-west-close-night-july-4-1971\/#primaryimage\"},\"image\":{\"@id\":\"https:\/\/wpguerssen-test.odoo.rgbconsulting.com\/es\/producto\/live-at-filmore-west-close-night-july-4-1971\/#primaryimage\"},\"thumbnailUrl\":\"https:\/\/wpguerssen-test.odoo.rgbconsulting.com\/wp-content\/uploads\/2024\/08\/48475.jpg\",\"datePublished\":\"2024-09-02T22:00:00+00:00\",\"dateModified\":\"2025-03-05T15:04:04+00:00\",\"description\":\"Promoter Bill Graham announced the lineup for the final week of San Francisco's Fillmore West one day after he closed New York's Fillmore East. He ended three years of historic shows with five nights of music billed as \\\"the bands that built the Fillmore.\\\" The final night, July 4, 1971, featured Santana, Creedence Clearwater Revival and Tower of Power. Camera crews recorded the week's events for the documentary Last Days of the Fillmore.\",\"breadcrumb\":{\"@id\":\"https:\/\/wpguerssen-test.odoo.rgbconsulting.com\/es\/producto\/live-at-filmore-west-close-night-july-4-1971\/#breadcrumb\"},\"inLanguage\":\"es\",\"potentialAction\":[{\"@type\":\"ReadAction\",\"target\":[\"https:\/\/wpguerssen-test.odoo.rgbconsulting.com\/es\/producto\/live-at-filmore-west-close-night-july-4-1971\/\"]}]},{\"@type\":\"ImageObject\",\"inLanguage\":\"es\",\"@id\":\"https:\/\/wpguerssen-test.odoo.rgbconsulting.com\/es\/producto\/live-at-filmore-west-close-night-july-4-1971\/#primaryimage\",\"url\":\"https:\/\/wpguerssen-test.odoo.rgbconsulting.com\/wp-content\/uploads\/2024\/08\/48475.jpg\",\"contentUrl\":\"https:\/\/wpguerssen-test.odoo.rgbconsulting.com\/wp-content\/uploads\/2024\/08\/48475.jpg\",\"width\":945,\"height\":949,\"caption\":\"1971 - DBQP (LP) | Guerssen\"},{\"@type\":\"BreadcrumbList\",\"@id\":\"https:\/\/wpguerssen-test.odoo.rgbconsulting.com\/es\/producto\/live-at-filmore-west-close-night-july-4-1971\/#breadcrumb\",\"itemListElement\":[{\"@type\":\"ListItem\",\"position\":1,\"name\":\"Inicio\",\"item\":\"https:\/\/wpguerssen-test.odoo.rgbconsulting.com\/es\/\"},{\"@type\":\"ListItem\",\"position\":2,\"name\":\"Shop\",\"item\":\"https:\/\/wpguerssen-test.odoo.rgbconsulting.com\/shop\/\"},{\"@type\":\"ListItem\",\"position\":3,\"name\":\"Live At Filmore West &#8211; Close Night July 4, 1971\"}]},{\"@type\":\"WebSite\",\"@id\":\"https:\/\/wpguerssen-test.odoo.rgbconsulting.com\/es\/#website\",\"url\":\"https:\/\/wpguerssen-test.odoo.rgbconsulting.com\/es\/\",\"name\":\"Guerssen records\",\"description\":\"psychedelia - progressive - folk - garage \",\"publisher\":{\"@id\":\"https:\/\/wpguerssen-test.odoo.rgbconsulting.com\/es\/#organization\"},\"potentialAction\":[{\"@type\":\"SearchAction\",\"target\":{\"@type\":\"EntryPoint\",\"urlTemplate\":\"https:\/\/wpguerssen-test.odoo.rgbconsulting.com\/es\/?s={search_term_string}\"},\"query-input\":{\"@type\":\"PropertyValueSpecification\",\"valueRequired\":true,\"valueName\":\"search_term_string\"}}],\"inLanguage\":\"es\"},{\"@type\":\"Organization\",\"@id\":\"https:\/\/wpguerssen-test.odoo.rgbconsulting.com\/es\/#organization\",\"name\":\"Guerssen records\",\"url\":\"https:\/\/wpguerssen-test.odoo.rgbconsulting.com\/es\/\",\"logo\":{\"@type\":\"ImageObject\",\"inLanguage\":\"es\",\"@id\":\"https:\/\/wpguerssen-test.odoo.rgbconsulting.com\/es\/#\/schema\/logo\/image\/\",\"url\":\"https:\/\/wpguerssen-test.odoo.rgbconsulting.com\/wp-content\/uploads\/2022\/04\/Logo_Guerssen_trans_100.png\",\"contentUrl\":\"https:\/\/wpguerssen-test.odoo.rgbconsulting.com\/wp-content\/uploads\/2022\/04\/Logo_Guerssen_trans_100.png\",\"width\":122,\"height\":100,\"caption\":\"Guerssen records\"},\"image\":{\"@id\":\"https:\/\/wpguerssen-test.odoo.rgbconsulting.com\/es\/#\/schema\/logo\/image\/\"}}]}<\/script>\n<!-- \/ Yoast SEO plugin. -->","yoast_head_json":{"title":"CREEDENCE CLEARWATER REVIVAL - Live At Filmore West - Close Night July 4, 1971 -  (LP) | Guerssen","description":"Promoter Bill Graham announced the lineup for the final week of San Francisco's Fillmore West one day after he closed New York's Fillmore East. He ended three years of historic shows with five nights of music billed as \"the bands that built the Fillmore.\" The final night, July 4, 1971, featured Santana, Creedence Clearwater Revival and Tower of Power. Camera crews recorded the week's events for the documentary Last Days of the Fillmore.","robots":{"index":"index","follow":"follow","max-snippet":"max-snippet:-1","max-image-preview":"max-image-preview:large","max-video-preview":"max-video-preview:-1"},"canonical":"https:\/\/wpguerssen-test.odoo.rgbconsulting.com\/es\/producto\/live-at-filmore-west-close-night-july-4-1971\/","og_locale":"es_ES","og_type":"article","og_title":"CREEDENCE CLEARWATER REVIVAL - Live At Filmore West - Close Night July 4, 1971 -  (LP) | Guerssen","og_description":"Promoter Bill Graham announced the lineup for the final week of San Francisco's Fillmore West one day after he closed New York's Fillmore East. He ended three years of historic shows with five nights of music billed as \"the bands that built the Fillmore.\" The final night, July 4, 1971, featured Santana, Creedence Clearwater Revival and Tower of Power. Camera crews recorded the week's events for the documentary Last Days of the Fillmore.","og_url":"https:\/\/wpguerssen-test.odoo.rgbconsulting.com\/es\/producto\/live-at-filmore-west-close-night-july-4-1971\/","og_site_name":"Guerssen records","article_modified_time":"2025-03-05T15:04:04+00:00","og_image":[{"width":945,"height":949,"url":"https:\/\/wpguerssen-test.odoo.rgbconsulting.com\/wp-content\/uploads\/2024\/08\/48475.jpg","type":"image\/jpeg"}],"twitter_card":"summary_large_image","twitter_title":"CREEDENCE CLEARWATER REVIVAL - Live At Filmore West - Close Night July 4, 1971 -  (LP) | Guerssen","schema":{"@context":"https:\/\/schema.org","@graph":[{"@type":"WebPage","@id":"https:\/\/wpguerssen-test.odoo.rgbconsulting.com\/es\/producto\/live-at-filmore-west-close-night-july-4-1971\/","url":"https:\/\/wpguerssen-test.odoo.rgbconsulting.com\/es\/producto\/live-at-filmore-west-close-night-july-4-1971\/","name":"CREEDENCE CLEARWATER REVIVAL - Live At Filmore West - Close Night July 4, 1971 - (LP) | Guerssen","isPartOf":{"@id":"https:\/\/wpguerssen-test.odoo.rgbconsulting.com\/es\/#website"},"primaryImageOfPage":{"@id":"https:\/\/wpguerssen-test.odoo.rgbconsulting.com\/es\/producto\/live-at-filmore-west-close-night-july-4-1971\/#primaryimage"},"image":{"@id":"https:\/\/wpguerssen-test.odoo.rgbconsulting.com\/es\/producto\/live-at-filmore-west-close-night-july-4-1971\/#primaryimage"},"thumbnailUrl":"https:\/\/wpguerssen-test.odoo.rgbconsulting.com\/wp-content\/uploads\/2024\/08\/48475.jpg","datePublished":"2024-09-02T22:00:00+00:00","dateModified":"2025-03-05T15:04:04+00:00","description":"Promoter Bill Graham announced the lineup for the final week of San Francisco's Fillmore West one day after he closed New York's Fillmore East. He ended three years of historic shows with five nights of music billed as \"the bands that built the Fillmore.\" The final night, July 4, 1971, featured Santana, Creedence Clearwater Revival and Tower of Power. Camera crews recorded the week's events for the documentary Last Days of the Fillmore.","breadcrumb":{"@id":"https:\/\/wpguerssen-test.odoo.rgbconsulting.com\/es\/producto\/live-at-filmore-west-close-night-july-4-1971\/#breadcrumb"},"inLanguage":"es","potentialAction":[{"@type":"ReadAction","target":["https:\/\/wpguerssen-test.odoo.rgbconsulting.com\/es\/producto\/live-at-filmore-west-close-night-july-4-1971\/"]}]},{"@type":"ImageObject","inLanguage":"es","@id":"https:\/\/wpguerssen-test.odoo.rgbconsulting.com\/es\/producto\/live-at-filmore-west-close-night-july-4-1971\/#primaryimage","url":"https:\/\/wpguerssen-test.odoo.rgbconsulting.com\/wp-content\/uploads\/2024\/08\/48475.jpg","contentUrl":"https:\/\/wpguerssen-test.odoo.rgbconsulting.com\/wp-content\/uploads\/2024\/08\/48475.jpg","width":945,"height":949,"caption":"1971 - DBQP (LP) | Guerssen"},{"@type":"BreadcrumbList","@id":"https:\/\/wpguerssen-test.odoo.rgbconsulting.com\/es\/producto\/live-at-filmore-west-close-night-july-4-1971\/#breadcrumb","itemListElement":[{"@type":"ListItem","position":1,"name":"Inicio","item":"https:\/\/wpguerssen-test.odoo.rgbconsulting.com\/es\/"},{"@type":"ListItem","position":2,"name":"Shop","item":"https:\/\/wpguerssen-test.odoo.rgbconsulting.com\/shop\/"},{"@type":"ListItem","position":3,"name":"Live At Filmore West &#8211; Close Night July 4, 1971"}]},{"@type":"WebSite","@id":"https:\/\/wpguerssen-test.odoo.rgbconsulting.com\/es\/#website","url":"https:\/\/wpguerssen-test.odoo.rgbconsulting.com\/es\/","name":"Guerssen records","description":"psychedelia - progressive - folk - garage ","publisher":{"@id":"https:\/\/wpguerssen-test.odoo.rgbconsulting.com\/es\/#organization"},"potentialAction":[{"@type":"SearchAction","target":{"@type":"EntryPoint","urlTemplate":"https:\/\/wpguerssen-test.odoo.rgbconsulting.com\/es\/?s={search_term_string}"},"query-input":{"@type":"PropertyValueSpecification","valueRequired":true,"valueName":"search_term_string"}}],"inLanguage":"es"},{"@type":"Organization","@id":"https:\/\/wpguerssen-test.odoo.rgbconsulting.com\/es\/#organization","name":"Guerssen records","url":"https:\/\/wpguerssen-test.odoo.rgbconsulting.com\/es\/","logo":{"@type":"ImageObject","inLanguage":"es","@id":"https:\/\/wpguerssen-test.odoo.rgbconsulting.com\/es\/#\/schema\/logo\/image\/","url":"https:\/\/wpguerssen-test.odoo.rgbconsulting.com\/wp-content\/uploads\/2022\/04\/Logo_Guerssen_trans_100.png","contentUrl":"https:\/\/wpguerssen-test.odoo.rgbconsulting.com\/wp-content\/uploads\/2022\/04\/Logo_Guerssen_trans_100.png","width":122,"height":100,"caption":"Guerssen records"},"image":{"@id":"https:\/\/wpguerssen-test.odoo.rgbconsulting.com\/es\/#\/schema\/logo\/image\/"}}]}},"_links":{"self":[{"href":"https:\/\/wpguerssen-test.odoo.rgbconsulting.com\/es\/wp-json\/wp\/v2\/product\/273556","targetHints":{"allow":["GET"]}}],"collection":[{"href":"https:\/\/wpguerssen-test.odoo.rgbconsulting.com\/es\/wp-json\/wp\/v2\/product"}],"about":[{"href":"https:\/\/wpguerssen-test.odoo.rgbconsulting.com\/es\/wp-json\/wp\/v2\/types\/product"}],"wp:featuredmedia":[{"embeddable":true,"href":"https:\/\/wpguerssen-test.odoo.rgbconsulting.com\/es\/wp-json\/wp\/v2\/media\/273523"}],"wp:attachment":[{"href":"https:\/\/wpguerssen-test.odoo.rgbconsulting.com\/es\/wp-json\/wp\/v2\/media?parent=273556"}],"wp:term":[{"taxonomy":"product_brand","embeddable":true,"href":"https:\/\/wpguerssen-test.odoo.rgbconsulting.com\/es\/wp-json\/wp\/v2\/product_brand?post=273556"},{"taxonomy":"product_cat","embeddable":true,"href":"https:\/\/wpguerssen-test.odoo.rgbconsulting.com\/es\/wp-json\/wp\/v2\/product_cat?post=273556"},{"taxonomy":"product_tag","embeddable":true,"href":"https:\/\/wpguerssen-test.odoo.rgbconsulting.com\/es\/wp-json\/wp\/v2\/product_tag?post=273556"}],"curies":[{"name":"wp","href":"https:\/\/api.w.org\/{rel}","templated":true}]}}