{"id":273625,"date":"2025-03-24T00:00:00","date_gmt":"2025-03-23T23:00:00","guid":{"rendered":"https:\/\/wpguerssen-test.odoo.rgbconsulting.com\/product\/italian-library-vaults\/"},"modified":"2025-04-23T17:32:00","modified_gmt":"2025-04-23T15:32:00","slug":"italian-library-vaults","status":"publish","type":"product","link":"https:\/\/wpguerssen-test.odoo.rgbconsulting.com\/es\/producto\/italian-library-vaults\/","title":{"rendered":"Italian Library Vaults"},"content":{"rendered":"<p>Fundada en 1968 por Romano Di Bari, Canopo fue el primer ladrillo en el edificio de Flippermusic, la librer\u00eda de m\u00fasica l\u00edder en Italia. Revivido despu\u00e9s de d\u00e9cadas de pausa, el sello ahora se dedica a la reedici\u00f3n del cat\u00e1logo hist\u00f3rico de Flippermusic de las d\u00e9cadas de 1960, 1970 y 1980 por primera vez desde su lanzamiento original en vinilo, digitalizado y remasterizado a partir de las cintas maestras originales para que estas legendarias grabaciones se pueden escuchar una vez m\u00e1s. Esta m\u00fasica cl\u00e1sica de producci\u00f3n italiana fue grabada en estudios de grabaci\u00f3n de Roma por una herencia de compositores que incluyen a Alessandro Alessandroni, Amedeo Tommasi, Gerardo Iacoucci, Remigio Ducros, Romolo Grano, Daniela Casa, Piero Montanari y muchos m\u00e1s.\u00bbItaliany Library Vaults\u00bb es una recopilaci\u00f3n de 12 temas que re\u00fane los mejores temas producidos por Flippermusic en los primeros a\u00f1os de su actividad. Abarcando diferentes g\u00e9neros musicales, ofrece una visi\u00f3n amplia de este gran legado musical. Este volumen presenta un dise\u00f1o de portada \u00fanico, r\u00e9plica de los \u00e1lbumes originales publicados en el sello Canopo de finales de los a\u00f1os 60.<br \/>TRACKLIST:<br \/>Side A 1 Kukumbe (Romolo Grano) 2 Shot Undercover (Alessandro Alessandroni) 3 Monsoni (Leopoldo Perez Bonsignore, Nino Rapicavoli) 4 Luned\u00ec, Ore 7:45 (Massimo Catalano, Remigio Ducros) 5 L&#8217;Olandese Volante (Ugo Busoni, Massimo Di Cicco, Paolo Ferrara) 6 Likewise (Piero Montanari, Roberto Conrado) 7 Onda Verde (Gerardo Iacoucci)<br \/>Side B 1 Costa Smeralda (Gerardo Iacoucci) 2 Madcap (Paolo Ferrara) 3 Motocross (Gerardo Iacoucci) 4 Bossalonga (Mario Molino, Elvio Monti) 5 Esse Quattro (Stellio Subelli) 6 Carosello (Edoardo Vianello) 7 Pacific 2000 (Pasquale Castiglione)<\/p>\n","protected":false},"excerpt":{"rendered":"<p>Fundada en 1968 por Romano Di Bari, Canopo fue el primer ladrillo en el edificio de Flippermusic, la librer\u00eda de m\u00fasica l\u00edder en Italia. Revivido despu\u00e9s de d\u00e9cadas<a class=\"read\" href=\"https:\/\/wpguerssen-test.odoo.rgbconsulting.com\/es\/producto\/italian-library-vaults\/\"> (...)<\/a>","protected":false},"featured_media":273706,"template":"","meta":{"_acf_changed":false},"product_brand":[],"product_cat":[23232],"product_tag":[24185],"class_list":{"0":"post-273625","1":"product","2":"type-product","3":"status-publish","4":"has-post-thumbnail","6":"product_cat-library-music-lounge-es","7":"product_tag-de-nuevo-en-existencia","8":"pa_artist-various-artists-es","9":"pa_format-lp-es","10":"pa_gender-library-music-lounge","11":"pa_label-canopo","12":"pa_location-europe-es","13":"pa_other-filters-vinyl-only-es","15":"first","16":"instock","17":"taxable","18":"shipping-taxable","19":"purchasable","20":"product-type-simple"},"acf":[],"yoast_head":"<!-- This site is optimized with the Yoast SEO plugin v24.9 - https:\/\/yoast.com\/wordpress\/plugins\/seo\/ -->\n<title>VARIOUS ARTISTS - Italian Library Vaults -  (LP) | Guerssen<\/title>\n<meta name=\"description\" content=\"Established in 1968 by Romano Di Bari, Canopo was the first brick in the building of Flippermusic, the leading production music library in Italy. Revived after decades of hiatus, the label is now devoted to the reissue of Flippermusic&#039;s historic catalogue of the 1960s, 1970s and 80s for the first time since its original release onto vinyl, digitized and re-mastered from the original master tapes so that these legendary recordings can be heard once again. This classic Italian production music was all recorded in Rome recording studios by a heritage of composers including Alessandro Alessandroni, Amedeo Tommasi, Gerardo Iacoucci, Remigio Ducros, Romolo Grano, Daniela Casa, Piero Montanari and many more.&quot;Italiany Library Vaults&quot; is a 12 track compilation bringing togheter the best tracks produced by Flippermusic in the first years of his activity. Ranging between different musical genres, it offers a wide range vision of this great musical legacy. This volume features a unique cover design, replica of the original albums published on Canopo label from late 60&#039;s.TRACKLIST:Side A 1 Kukumbe (Romolo Grano) 2 Shot Undercover (Alessandro Alessandroni) 3 Monsoni (Leopoldo Perez Bonsignore, Nino Rapicavoli) 4 Luned\u00ec, Ore 7:45 (Massimo Catalano, Remigio Ducros) 5 L&#039;Olandese Volante (Ugo Busoni, Massimo Di Cicco, Paolo Ferrara) 6 Likewise (Piero Montanari, Roberto Conrado) 7 Onda Verde (Gerardo Iacoucci)Side B 1 Costa Smeralda (Gerardo Iacoucci) 2 Madcap (Paolo Ferrara) 3 Motocross (Gerardo Iacoucci) 4 Bossalonga (Mario Molino, Elvio Monti) 5 Esse Quattro (Stellio Subelli) 6 Carosello (Edoardo Vianello) 7 Pacific 2000 (Pasquale Castiglione)\" \/>\n<meta name=\"robots\" content=\"index, follow, max-snippet:-1, max-image-preview:large, max-video-preview:-1\" \/>\n<link rel=\"canonical\" href=\"https:\/\/wpguerssen-test.odoo.rgbconsulting.com\/es\/producto\/italian-library-vaults\/\" \/>\n<meta property=\"og:locale\" content=\"es_ES\" \/>\n<meta property=\"og:type\" content=\"article\" \/>\n<meta property=\"og:title\" content=\"VARIOUS ARTISTS - Italian Library Vaults -  (LP) | Guerssen\" \/>\n<meta property=\"og:description\" content=\"Established in 1968 by Romano Di Bari, Canopo was the first brick in the building of Flippermusic, the leading production music library in Italy. Revived after decades of hiatus, the label is now devoted to the reissue of Flippermusic&#039;s historic catalogue of the 1960s, 1970s and 80s for the first time since its original release onto vinyl, digitized and re-mastered from the original master tapes so that these legendary recordings can be heard once again. This classic Italian production music was all recorded in Rome recording studios by a heritage of composers including Alessandro Alessandroni, Amedeo Tommasi, Gerardo Iacoucci, Remigio Ducros, Romolo Grano, Daniela Casa, Piero Montanari and many more.&quot;Italiany Library Vaults&quot; is a 12 track compilation bringing togheter the best tracks produced by Flippermusic in the first years of his activity. Ranging between different musical genres, it offers a wide range vision of this great musical legacy. This volume features a unique cover design, replica of the original albums published on Canopo label from late 60&#039;s.TRACKLIST:Side A 1 Kukumbe (Romolo Grano) 2 Shot Undercover (Alessandro Alessandroni) 3 Monsoni (Leopoldo Perez Bonsignore, Nino Rapicavoli) 4 Luned\u00ec, Ore 7:45 (Massimo Catalano, Remigio Ducros) 5 L&#039;Olandese Volante (Ugo Busoni, Massimo Di Cicco, Paolo Ferrara) 6 Likewise (Piero Montanari, Roberto Conrado) 7 Onda Verde (Gerardo Iacoucci)Side B 1 Costa Smeralda (Gerardo Iacoucci) 2 Madcap (Paolo Ferrara) 3 Motocross (Gerardo Iacoucci) 4 Bossalonga (Mario Molino, Elvio Monti) 5 Esse Quattro (Stellio Subelli) 6 Carosello (Edoardo Vianello) 7 Pacific 2000 (Pasquale Castiglione)\" \/>\n<meta property=\"og:url\" content=\"https:\/\/wpguerssen-test.odoo.rgbconsulting.com\/es\/producto\/italian-library-vaults\/\" \/>\n<meta property=\"og:site_name\" content=\"Guerssen records\" \/>\n<meta property=\"article:modified_time\" content=\"2025-04-23T15:32:00+00:00\" \/>\n<meta property=\"og:image\" content=\"https:\/\/wpguerssen-test.odoo.rgbconsulting.com\/wp-content\/uploads\/2024\/08\/48495.jpg\" \/>\n\t<meta property=\"og:image:width\" content=\"1400\" \/>\n\t<meta property=\"og:image:height\" content=\"1400\" \/>\n\t<meta property=\"og:image:type\" content=\"image\/jpeg\" \/>\n<meta name=\"twitter:card\" content=\"summary_large_image\" \/>\n<meta name=\"twitter:title\" content=\"VARIOUS ARTISTS - Italian Library Vaults -  (LP) | Guerssen\" \/>\n<meta name=\"twitter:label1\" content=\"Tiempo de lectura\" \/>\n\t<meta name=\"twitter:data1\" content=\"1 minuto\" \/>\n<script type=\"application\/ld+json\" class=\"yoast-schema-graph\">{\"@context\":\"https:\/\/schema.org\",\"@graph\":[{\"@type\":\"WebPage\",\"@id\":\"https:\/\/wpguerssen-test.odoo.rgbconsulting.com\/es\/producto\/italian-library-vaults\/\",\"url\":\"https:\/\/wpguerssen-test.odoo.rgbconsulting.com\/es\/producto\/italian-library-vaults\/\",\"name\":\"VARIOUS ARTISTS - Italian Library Vaults - (LP) | Guerssen\",\"isPartOf\":{\"@id\":\"https:\/\/wpguerssen-test.odoo.rgbconsulting.com\/es\/#website\"},\"primaryImageOfPage\":{\"@id\":\"https:\/\/wpguerssen-test.odoo.rgbconsulting.com\/es\/producto\/italian-library-vaults\/#primaryimage\"},\"image\":{\"@id\":\"https:\/\/wpguerssen-test.odoo.rgbconsulting.com\/es\/producto\/italian-library-vaults\/#primaryimage\"},\"thumbnailUrl\":\"https:\/\/wpguerssen-test.odoo.rgbconsulting.com\/wp-content\/uploads\/2024\/08\/48495.jpg\",\"datePublished\":\"2025-03-23T23:00:00+00:00\",\"dateModified\":\"2025-04-23T15:32:00+00:00\",\"description\":\"Established in 1968 by Romano Di Bari, Canopo was the first brick in the building of Flippermusic, the leading production music library in Italy. Revived after decades of hiatus, the label is now devoted to the reissue of Flippermusic's historic catalogue of the 1960s, 1970s and 80s for the first time since its original release onto vinyl, digitized and re-mastered from the original master tapes so that these legendary recordings can be heard once again. This classic Italian production music was all recorded in Rome recording studios by a heritage of composers including Alessandro Alessandroni, Amedeo Tommasi, Gerardo Iacoucci, Remigio Ducros, Romolo Grano, Daniela Casa, Piero Montanari and many more.\\\"Italiany Library Vaults\\\" is a 12 track compilation bringing togheter the best tracks produced by Flippermusic in the first years of his activity. Ranging between different musical genres, it offers a wide range vision of this great musical legacy. This volume features a unique cover design, replica of the original albums published on Canopo label from late 60's.TRACKLIST:Side A 1 Kukumbe (Romolo Grano) 2 Shot Undercover (Alessandro Alessandroni) 3 Monsoni (Leopoldo Perez Bonsignore, Nino Rapicavoli) 4 Luned\u00ec, Ore 7:45 (Massimo Catalano, Remigio Ducros) 5 L'Olandese Volante (Ugo Busoni, Massimo Di Cicco, Paolo Ferrara) 6 Likewise (Piero Montanari, Roberto Conrado) 7 Onda Verde (Gerardo Iacoucci)Side B 1 Costa Smeralda (Gerardo Iacoucci) 2 Madcap (Paolo Ferrara) 3 Motocross (Gerardo Iacoucci) 4 Bossalonga (Mario Molino, Elvio Monti) 5 Esse Quattro (Stellio Subelli) 6 Carosello (Edoardo Vianello) 7 Pacific 2000 (Pasquale Castiglione)\",\"breadcrumb\":{\"@id\":\"https:\/\/wpguerssen-test.odoo.rgbconsulting.com\/es\/producto\/italian-library-vaults\/#breadcrumb\"},\"inLanguage\":\"es\",\"potentialAction\":[{\"@type\":\"ReadAction\",\"target\":[\"https:\/\/wpguerssen-test.odoo.rgbconsulting.com\/es\/producto\/italian-library-vaults\/\"]}]},{\"@type\":\"ImageObject\",\"inLanguage\":\"es\",\"@id\":\"https:\/\/wpguerssen-test.odoo.rgbconsulting.com\/es\/producto\/italian-library-vaults\/#primaryimage\",\"url\":\"https:\/\/wpguerssen-test.odoo.rgbconsulting.com\/wp-content\/uploads\/2024\/08\/48495.jpg\",\"contentUrl\":\"https:\/\/wpguerssen-test.odoo.rgbconsulting.com\/wp-content\/uploads\/2024\/08\/48495.jpg\",\"width\":1400,\"height\":1400},{\"@type\":\"BreadcrumbList\",\"@id\":\"https:\/\/wpguerssen-test.odoo.rgbconsulting.com\/es\/producto\/italian-library-vaults\/#breadcrumb\",\"itemListElement\":[{\"@type\":\"ListItem\",\"position\":1,\"name\":\"Inicio\",\"item\":\"https:\/\/wpguerssen-test.odoo.rgbconsulting.com\/es\/\"},{\"@type\":\"ListItem\",\"position\":2,\"name\":\"Shop\",\"item\":\"https:\/\/wpguerssen-test.odoo.rgbconsulting.com\/shop\/\"},{\"@type\":\"ListItem\",\"position\":3,\"name\":\"Italian Library Vaults\"}]},{\"@type\":\"WebSite\",\"@id\":\"https:\/\/wpguerssen-test.odoo.rgbconsulting.com\/es\/#website\",\"url\":\"https:\/\/wpguerssen-test.odoo.rgbconsulting.com\/es\/\",\"name\":\"Guerssen records\",\"description\":\"psychedelia - progressive - folk - garage \",\"publisher\":{\"@id\":\"https:\/\/wpguerssen-test.odoo.rgbconsulting.com\/es\/#organization\"},\"potentialAction\":[{\"@type\":\"SearchAction\",\"target\":{\"@type\":\"EntryPoint\",\"urlTemplate\":\"https:\/\/wpguerssen-test.odoo.rgbconsulting.com\/es\/?s={search_term_string}\"},\"query-input\":{\"@type\":\"PropertyValueSpecification\",\"valueRequired\":true,\"valueName\":\"search_term_string\"}}],\"inLanguage\":\"es\"},{\"@type\":\"Organization\",\"@id\":\"https:\/\/wpguerssen-test.odoo.rgbconsulting.com\/es\/#organization\",\"name\":\"Guerssen records\",\"url\":\"https:\/\/wpguerssen-test.odoo.rgbconsulting.com\/es\/\",\"logo\":{\"@type\":\"ImageObject\",\"inLanguage\":\"es\",\"@id\":\"https:\/\/wpguerssen-test.odoo.rgbconsulting.com\/es\/#\/schema\/logo\/image\/\",\"url\":\"https:\/\/wpguerssen-test.odoo.rgbconsulting.com\/wp-content\/uploads\/2022\/04\/Logo_Guerssen_trans_100.png\",\"contentUrl\":\"https:\/\/wpguerssen-test.odoo.rgbconsulting.com\/wp-content\/uploads\/2022\/04\/Logo_Guerssen_trans_100.png\",\"width\":122,\"height\":100,\"caption\":\"Guerssen records\"},\"image\":{\"@id\":\"https:\/\/wpguerssen-test.odoo.rgbconsulting.com\/es\/#\/schema\/logo\/image\/\"}}]}<\/script>\n<!-- \/ Yoast SEO plugin. -->","yoast_head_json":{"title":"VARIOUS ARTISTS - Italian Library Vaults -  (LP) | Guerssen","description":"Established in 1968 by Romano Di Bari, Canopo was the first brick in the building of Flippermusic, the leading production music library in Italy. Revived after decades of hiatus, the label is now devoted to the reissue of Flippermusic's historic catalogue of the 1960s, 1970s and 80s for the first time since its original release onto vinyl, digitized and re-mastered from the original master tapes so that these legendary recordings can be heard once again. This classic Italian production music was all recorded in Rome recording studios by a heritage of composers including Alessandro Alessandroni, Amedeo Tommasi, Gerardo Iacoucci, Remigio Ducros, Romolo Grano, Daniela Casa, Piero Montanari and many more.\"Italiany Library Vaults\" is a 12 track compilation bringing togheter the best tracks produced by Flippermusic in the first years of his activity. Ranging between different musical genres, it offers a wide range vision of this great musical legacy. This volume features a unique cover design, replica of the original albums published on Canopo label from late 60's.TRACKLIST:Side A 1 Kukumbe (Romolo Grano) 2 Shot Undercover (Alessandro Alessandroni) 3 Monsoni (Leopoldo Perez Bonsignore, Nino Rapicavoli) 4 Luned\u00ec, Ore 7:45 (Massimo Catalano, Remigio Ducros) 5 L'Olandese Volante (Ugo Busoni, Massimo Di Cicco, Paolo Ferrara) 6 Likewise (Piero Montanari, Roberto Conrado) 7 Onda Verde (Gerardo Iacoucci)Side B 1 Costa Smeralda (Gerardo Iacoucci) 2 Madcap (Paolo Ferrara) 3 Motocross (Gerardo Iacoucci) 4 Bossalonga (Mario Molino, Elvio Monti) 5 Esse Quattro (Stellio Subelli) 6 Carosello (Edoardo Vianello) 7 Pacific 2000 (Pasquale Castiglione)","robots":{"index":"index","follow":"follow","max-snippet":"max-snippet:-1","max-image-preview":"max-image-preview:large","max-video-preview":"max-video-preview:-1"},"canonical":"https:\/\/wpguerssen-test.odoo.rgbconsulting.com\/es\/producto\/italian-library-vaults\/","og_locale":"es_ES","og_type":"article","og_title":"VARIOUS ARTISTS - Italian Library Vaults -  (LP) | Guerssen","og_description":"Established in 1968 by Romano Di Bari, Canopo was the first brick in the building of Flippermusic, the leading production music library in Italy. Revived after decades of hiatus, the label is now devoted to the reissue of Flippermusic's historic catalogue of the 1960s, 1970s and 80s for the first time since its original release onto vinyl, digitized and re-mastered from the original master tapes so that these legendary recordings can be heard once again. This classic Italian production music was all recorded in Rome recording studios by a heritage of composers including Alessandro Alessandroni, Amedeo Tommasi, Gerardo Iacoucci, Remigio Ducros, Romolo Grano, Daniela Casa, Piero Montanari and many more.\"Italiany Library Vaults\" is a 12 track compilation bringing togheter the best tracks produced by Flippermusic in the first years of his activity. Ranging between different musical genres, it offers a wide range vision of this great musical legacy. This volume features a unique cover design, replica of the original albums published on Canopo label from late 60's.TRACKLIST:Side A 1 Kukumbe (Romolo Grano) 2 Shot Undercover (Alessandro Alessandroni) 3 Monsoni (Leopoldo Perez Bonsignore, Nino Rapicavoli) 4 Luned\u00ec, Ore 7:45 (Massimo Catalano, Remigio Ducros) 5 L'Olandese Volante (Ugo Busoni, Massimo Di Cicco, Paolo Ferrara) 6 Likewise (Piero Montanari, Roberto Conrado) 7 Onda Verde (Gerardo Iacoucci)Side B 1 Costa Smeralda (Gerardo Iacoucci) 2 Madcap (Paolo Ferrara) 3 Motocross (Gerardo Iacoucci) 4 Bossalonga (Mario Molino, Elvio Monti) 5 Esse Quattro (Stellio Subelli) 6 Carosello (Edoardo Vianello) 7 Pacific 2000 (Pasquale Castiglione)","og_url":"https:\/\/wpguerssen-test.odoo.rgbconsulting.com\/es\/producto\/italian-library-vaults\/","og_site_name":"Guerssen records","article_modified_time":"2025-04-23T15:32:00+00:00","og_image":[{"width":1400,"height":1400,"url":"https:\/\/wpguerssen-test.odoo.rgbconsulting.com\/wp-content\/uploads\/2024\/08\/48495.jpg","type":"image\/jpeg"}],"twitter_card":"summary_large_image","twitter_title":"VARIOUS ARTISTS - Italian Library Vaults -  (LP) | Guerssen","twitter_misc":{"Tiempo de lectura":"1 minuto"},"schema":{"@context":"https:\/\/schema.org","@graph":[{"@type":"WebPage","@id":"https:\/\/wpguerssen-test.odoo.rgbconsulting.com\/es\/producto\/italian-library-vaults\/","url":"https:\/\/wpguerssen-test.odoo.rgbconsulting.com\/es\/producto\/italian-library-vaults\/","name":"VARIOUS ARTISTS - Italian Library Vaults - (LP) | Guerssen","isPartOf":{"@id":"https:\/\/wpguerssen-test.odoo.rgbconsulting.com\/es\/#website"},"primaryImageOfPage":{"@id":"https:\/\/wpguerssen-test.odoo.rgbconsulting.com\/es\/producto\/italian-library-vaults\/#primaryimage"},"image":{"@id":"https:\/\/wpguerssen-test.odoo.rgbconsulting.com\/es\/producto\/italian-library-vaults\/#primaryimage"},"thumbnailUrl":"https:\/\/wpguerssen-test.odoo.rgbconsulting.com\/wp-content\/uploads\/2024\/08\/48495.jpg","datePublished":"2025-03-23T23:00:00+00:00","dateModified":"2025-04-23T15:32:00+00:00","description":"Established in 1968 by Romano Di Bari, Canopo was the first brick in the building of Flippermusic, the leading production music library in Italy. Revived after decades of hiatus, the label is now devoted to the reissue of Flippermusic's historic catalogue of the 1960s, 1970s and 80s for the first time since its original release onto vinyl, digitized and re-mastered from the original master tapes so that these legendary recordings can be heard once again. This classic Italian production music was all recorded in Rome recording studios by a heritage of composers including Alessandro Alessandroni, Amedeo Tommasi, Gerardo Iacoucci, Remigio Ducros, Romolo Grano, Daniela Casa, Piero Montanari and many more.\"Italiany Library Vaults\" is a 12 track compilation bringing togheter the best tracks produced by Flippermusic in the first years of his activity. Ranging between different musical genres, it offers a wide range vision of this great musical legacy. This volume features a unique cover design, replica of the original albums published on Canopo label from late 60's.TRACKLIST:Side A 1 Kukumbe (Romolo Grano) 2 Shot Undercover (Alessandro Alessandroni) 3 Monsoni (Leopoldo Perez Bonsignore, Nino Rapicavoli) 4 Luned\u00ec, Ore 7:45 (Massimo Catalano, Remigio Ducros) 5 L'Olandese Volante (Ugo Busoni, Massimo Di Cicco, Paolo Ferrara) 6 Likewise (Piero Montanari, Roberto Conrado) 7 Onda Verde (Gerardo Iacoucci)Side B 1 Costa Smeralda (Gerardo Iacoucci) 2 Madcap (Paolo Ferrara) 3 Motocross (Gerardo Iacoucci) 4 Bossalonga (Mario Molino, Elvio Monti) 5 Esse Quattro (Stellio Subelli) 6 Carosello (Edoardo Vianello) 7 Pacific 2000 (Pasquale Castiglione)","breadcrumb":{"@id":"https:\/\/wpguerssen-test.odoo.rgbconsulting.com\/es\/producto\/italian-library-vaults\/#breadcrumb"},"inLanguage":"es","potentialAction":[{"@type":"ReadAction","target":["https:\/\/wpguerssen-test.odoo.rgbconsulting.com\/es\/producto\/italian-library-vaults\/"]}]},{"@type":"ImageObject","inLanguage":"es","@id":"https:\/\/wpguerssen-test.odoo.rgbconsulting.com\/es\/producto\/italian-library-vaults\/#primaryimage","url":"https:\/\/wpguerssen-test.odoo.rgbconsulting.com\/wp-content\/uploads\/2024\/08\/48495.jpg","contentUrl":"https:\/\/wpguerssen-test.odoo.rgbconsulting.com\/wp-content\/uploads\/2024\/08\/48495.jpg","width":1400,"height":1400},{"@type":"BreadcrumbList","@id":"https:\/\/wpguerssen-test.odoo.rgbconsulting.com\/es\/producto\/italian-library-vaults\/#breadcrumb","itemListElement":[{"@type":"ListItem","position":1,"name":"Inicio","item":"https:\/\/wpguerssen-test.odoo.rgbconsulting.com\/es\/"},{"@type":"ListItem","position":2,"name":"Shop","item":"https:\/\/wpguerssen-test.odoo.rgbconsulting.com\/shop\/"},{"@type":"ListItem","position":3,"name":"Italian Library Vaults"}]},{"@type":"WebSite","@id":"https:\/\/wpguerssen-test.odoo.rgbconsulting.com\/es\/#website","url":"https:\/\/wpguerssen-test.odoo.rgbconsulting.com\/es\/","name":"Guerssen records","description":"psychedelia - progressive - folk - garage ","publisher":{"@id":"https:\/\/wpguerssen-test.odoo.rgbconsulting.com\/es\/#organization"},"potentialAction":[{"@type":"SearchAction","target":{"@type":"EntryPoint","urlTemplate":"https:\/\/wpguerssen-test.odoo.rgbconsulting.com\/es\/?s={search_term_string}"},"query-input":{"@type":"PropertyValueSpecification","valueRequired":true,"valueName":"search_term_string"}}],"inLanguage":"es"},{"@type":"Organization","@id":"https:\/\/wpguerssen-test.odoo.rgbconsulting.com\/es\/#organization","name":"Guerssen records","url":"https:\/\/wpguerssen-test.odoo.rgbconsulting.com\/es\/","logo":{"@type":"ImageObject","inLanguage":"es","@id":"https:\/\/wpguerssen-test.odoo.rgbconsulting.com\/es\/#\/schema\/logo\/image\/","url":"https:\/\/wpguerssen-test.odoo.rgbconsulting.com\/wp-content\/uploads\/2022\/04\/Logo_Guerssen_trans_100.png","contentUrl":"https:\/\/wpguerssen-test.odoo.rgbconsulting.com\/wp-content\/uploads\/2022\/04\/Logo_Guerssen_trans_100.png","width":122,"height":100,"caption":"Guerssen records"},"image":{"@id":"https:\/\/wpguerssen-test.odoo.rgbconsulting.com\/es\/#\/schema\/logo\/image\/"}}]}},"_links":{"self":[{"href":"https:\/\/wpguerssen-test.odoo.rgbconsulting.com\/es\/wp-json\/wp\/v2\/product\/273625","targetHints":{"allow":["GET"]}}],"collection":[{"href":"https:\/\/wpguerssen-test.odoo.rgbconsulting.com\/es\/wp-json\/wp\/v2\/product"}],"about":[{"href":"https:\/\/wpguerssen-test.odoo.rgbconsulting.com\/es\/wp-json\/wp\/v2\/types\/product"}],"wp:featuredmedia":[{"embeddable":true,"href":"https:\/\/wpguerssen-test.odoo.rgbconsulting.com\/es\/wp-json\/wp\/v2\/media\/273706"}],"wp:attachment":[{"href":"https:\/\/wpguerssen-test.odoo.rgbconsulting.com\/es\/wp-json\/wp\/v2\/media?parent=273625"}],"wp:term":[{"taxonomy":"product_brand","embeddable":true,"href":"https:\/\/wpguerssen-test.odoo.rgbconsulting.com\/es\/wp-json\/wp\/v2\/product_brand?post=273625"},{"taxonomy":"product_cat","embeddable":true,"href":"https:\/\/wpguerssen-test.odoo.rgbconsulting.com\/es\/wp-json\/wp\/v2\/product_cat?post=273625"},{"taxonomy":"product_tag","embeddable":true,"href":"https:\/\/wpguerssen-test.odoo.rgbconsulting.com\/es\/wp-json\/wp\/v2\/product_tag?post=273625"}],"curies":[{"name":"wp","href":"https:\/\/api.w.org\/{rel}","templated":true}]}}