{"id":273881,"date":"2013-09-12T00:00:00","date_gmt":"2013-09-11T22:00:00","guid":{"rendered":"https:\/\/wpguerssen-test.odoo.rgbconsulting.com\/product\/ship-to-shore\/"},"modified":"2025-02-04T17:34:48","modified_gmt":"2025-02-04T16:34:48","slug":"ship-to-shore","status":"publish","type":"product","link":"https:\/\/wpguerssen-test.odoo.rgbconsulting.com\/es\/producto\/ship-to-shore\/","title":{"rendered":"Ship to shore"},"content":{"rendered":"<p>\u00c1lbum debut editado 1976 de forma privada por este m\u00fasico folk brit\u00e1nico de culto. Una maravilla oculta acid-folk \/ folk-rock altamente recomedada para fans de John Martyn, Nick Drake, Michael Chapman, Bob Theil, Pink Floyd&#8230; \u00abShip To Shore\u00bb combina guitarras ac\u00fasticas de 6 y 12 cuerdas con texturas el\u00e9ctricas, efectos y soundscapes. Escucha el tema que da t\u00edtulo al disco, una maravilla de folk progresivo de 11 mintuos con guitarras tratadas con ecos y efectos y alucina! Sonido de los m\u00e1sters, arte original, insert con fotos y notas por Richard Allen (Freak Emporium). <\/p>\n<p> Tracklist: <\/p>\n<p> A singulary fine day &#8211; Take me home &#8211; The man and the deer &#8211; Follow every sunset &#8211; How high the moon &#8211; Reality &#8211; Port Quin song (the lady on the beach) &#8211; Ship to shore<\/p>\n","protected":false},"excerpt":{"rendered":"<p>\u00c1lbum debut editado 1976 de forma privada por este m\u00fasico folk brit\u00e1nico de culto. Una maravilla oculta acid-folk \/ folk-rock altamente recomedada para fans de<a class=\"read\" href=\"https:\/\/wpguerssen-test.odoo.rgbconsulting.com\/es\/producto\/ship-to-shore\/\"> (...)<\/a>","protected":false},"featured_media":113988,"template":"","meta":{"_acf_changed":false},"product_brand":[],"product_cat":[21639,23274],"product_tag":[24190],"class_list":{"0":"post-273881","1":"product","2":"type-product","3":"status-publish","4":"has-post-thumbnail","6":"product_cat-psychedelic60s-70s-es","7":"product_cat-folk-rock-60s-70s-es","8":"product_tag-sales-es","9":"pa_artist-mazlyn-jones-nigel","10":"pa_format-lp-es","11":"pa_gender-folk-rock-60s-70s-psychedelic60s-70s","12":"pa_label-sommor-es","13":"pa_location-uk-ireland-es","14":"pa_other-filters-vinyl-only-es","16":"first","17":"instock","18":"taxable","19":"shipping-taxable","20":"purchasable","21":"product-type-simple"},"acf":[],"yoast_head":"<!-- This site is optimized with the Yoast SEO plugin v24.9 - https:\/\/yoast.com\/wordpress\/plugins\/seo\/ -->\n<title>MAZLYN JONES, Nigel - Ship to shore -  (LP) | Guerssen<\/title>\n<meta name=\"description\" content=\"Stunning debut album from 1976 by this legendary \/ cult UK folk musician. Originally issued as a private pressing, &quot;Ship To Shore&quot; combines 6 and 12 string acoustic guitars with electric textures, effects and unusual soundscapes, culminating on the haunting progressive-folk 11 minute title track. A folk-rock \/ acid-folk masterpiece highly recommended to anyone into John Martyn, Nick Drake, Michael Chapman, Bob Theil, Pink Floyd...Mastertape sound, insert with photos and extensive liner notes by Richard Allen #nl# &quot;... A pure simple, thought provoking, frightening and uplifting collection, it evoked timeless themes of environmental concern, spiritual surrender, natural wonderment, doubt and love all woven into a sparse yet entirely original acoustic folk sound.&quot; Richard Allen (Freak Emporium) #nl# Tracklist: #nl# A singulary fine day - Take me home - The man and the deer - Follow every sunset - How high the moon - Reality - Port Quin song (the lady on the beach) - Ship to shore\" \/>\n<meta name=\"robots\" content=\"index, follow, max-snippet:-1, max-image-preview:large, max-video-preview:-1\" \/>\n<link rel=\"canonical\" href=\"https:\/\/wpguerssen-test.odoo.rgbconsulting.com\/es\/producto\/ship-to-shore\/\" \/>\n<meta property=\"og:locale\" content=\"es_ES\" \/>\n<meta property=\"og:type\" content=\"article\" \/>\n<meta property=\"og:title\" content=\"MAZLYN JONES, Nigel - Ship to shore -  (LP) | Guerssen\" \/>\n<meta property=\"og:description\" content=\"Stunning debut album from 1976 by this legendary \/ cult UK folk musician. Originally issued as a private pressing, &quot;Ship To Shore&quot; combines 6 and 12 string acoustic guitars with electric textures, effects and unusual soundscapes, culminating on the haunting progressive-folk 11 minute title track. A folk-rock \/ acid-folk masterpiece highly recommended to anyone into John Martyn, Nick Drake, Michael Chapman, Bob Theil, Pink Floyd...Mastertape sound, insert with photos and extensive liner notes by Richard Allen #nl# &quot;... A pure simple, thought provoking, frightening and uplifting collection, it evoked timeless themes of environmental concern, spiritual surrender, natural wonderment, doubt and love all woven into a sparse yet entirely original acoustic folk sound.&quot; Richard Allen (Freak Emporium) #nl# Tracklist: #nl# A singulary fine day - Take me home - The man and the deer - Follow every sunset - How high the moon - Reality - Port Quin song (the lady on the beach) - Ship to shore\" \/>\n<meta property=\"og:url\" content=\"https:\/\/wpguerssen-test.odoo.rgbconsulting.com\/es\/producto\/ship-to-shore\/\" \/>\n<meta property=\"og:site_name\" content=\"Guerssen records\" \/>\n<meta property=\"article:modified_time\" content=\"2025-02-04T16:34:48+00:00\" \/>\n<meta name=\"twitter:card\" content=\"summary_large_image\" \/>\n<meta name=\"twitter:title\" content=\"MAZLYN JONES, Nigel - Ship to shore -  (LP) | Guerssen\" \/>\n<meta name=\"twitter:label1\" content=\"Tiempo de lectura\" \/>\n\t<meta name=\"twitter:data1\" content=\"1 minuto\" \/>\n<script type=\"application\/ld+json\" class=\"yoast-schema-graph\">{\"@context\":\"https:\/\/schema.org\",\"@graph\":[{\"@type\":\"WebPage\",\"@id\":\"https:\/\/wpguerssen-test.odoo.rgbconsulting.com\/es\/producto\/ship-to-shore\/\",\"url\":\"https:\/\/wpguerssen-test.odoo.rgbconsulting.com\/es\/producto\/ship-to-shore\/\",\"name\":\"MAZLYN JONES, Nigel - Ship to shore - (LP) | Guerssen\",\"isPartOf\":{\"@id\":\"https:\/\/wpguerssen-test.odoo.rgbconsulting.com\/es\/#website\"},\"primaryImageOfPage\":{\"@id\":\"https:\/\/wpguerssen-test.odoo.rgbconsulting.com\/es\/producto\/ship-to-shore\/#primaryimage\"},\"image\":{\"@id\":\"https:\/\/wpguerssen-test.odoo.rgbconsulting.com\/es\/producto\/ship-to-shore\/#primaryimage\"},\"thumbnailUrl\":\"https:\/\/wpguerssen-test.odoo.rgbconsulting.com\/wp-content\/uploads\/2022\/03\/14143.jpg\",\"datePublished\":\"2013-09-11T22:00:00+00:00\",\"dateModified\":\"2025-02-04T16:34:48+00:00\",\"description\":\"Stunning debut album from 1976 by this legendary \/ cult UK folk musician. Originally issued as a private pressing, \\\"Ship To Shore\\\" combines 6 and 12 string acoustic guitars with electric textures, effects and unusual soundscapes, culminating on the haunting progressive-folk 11 minute title track. A folk-rock \/ acid-folk masterpiece highly recommended to anyone into John Martyn, Nick Drake, Michael Chapman, Bob Theil, Pink Floyd...Mastertape sound, insert with photos and extensive liner notes by Richard Allen #nl# \\\"... A pure simple, thought provoking, frightening and uplifting collection, it evoked timeless themes of environmental concern, spiritual surrender, natural wonderment, doubt and love all woven into a sparse yet entirely original acoustic folk sound.\\\" Richard Allen (Freak Emporium) #nl# Tracklist: #nl# A singulary fine day - Take me home - The man and the deer - Follow every sunset - How high the moon - Reality - Port Quin song (the lady on the beach) - Ship to shore\",\"breadcrumb\":{\"@id\":\"https:\/\/wpguerssen-test.odoo.rgbconsulting.com\/es\/producto\/ship-to-shore\/#breadcrumb\"},\"inLanguage\":\"es\",\"potentialAction\":[{\"@type\":\"ReadAction\",\"target\":[\"https:\/\/wpguerssen-test.odoo.rgbconsulting.com\/es\/producto\/ship-to-shore\/\"]}]},{\"@type\":\"ImageObject\",\"inLanguage\":\"es\",\"@id\":\"https:\/\/wpguerssen-test.odoo.rgbconsulting.com\/es\/producto\/ship-to-shore\/#primaryimage\",\"url\":\"https:\/\/wpguerssen-test.odoo.rgbconsulting.com\/wp-content\/uploads\/2022\/03\/14143.jpg\",\"contentUrl\":\"https:\/\/wpguerssen-test.odoo.rgbconsulting.com\/wp-content\/uploads\/2022\/03\/14143.jpg\",\"width\":420,\"height\":420,\"caption\":\"Nigel - Ship to shore - SOMMOR (LP) | Guerssen\"},{\"@type\":\"BreadcrumbList\",\"@id\":\"https:\/\/wpguerssen-test.odoo.rgbconsulting.com\/es\/producto\/ship-to-shore\/#breadcrumb\",\"itemListElement\":[{\"@type\":\"ListItem\",\"position\":1,\"name\":\"Inicio\",\"item\":\"https:\/\/wpguerssen-test.odoo.rgbconsulting.com\/es\/\"},{\"@type\":\"ListItem\",\"position\":2,\"name\":\"Shop\",\"item\":\"https:\/\/wpguerssen-test.odoo.rgbconsulting.com\/shop\/\"},{\"@type\":\"ListItem\",\"position\":3,\"name\":\"Ship to shore\"}]},{\"@type\":\"WebSite\",\"@id\":\"https:\/\/wpguerssen-test.odoo.rgbconsulting.com\/es\/#website\",\"url\":\"https:\/\/wpguerssen-test.odoo.rgbconsulting.com\/es\/\",\"name\":\"Guerssen records\",\"description\":\"psychedelia - progressive - folk - garage \",\"publisher\":{\"@id\":\"https:\/\/wpguerssen-test.odoo.rgbconsulting.com\/es\/#organization\"},\"potentialAction\":[{\"@type\":\"SearchAction\",\"target\":{\"@type\":\"EntryPoint\",\"urlTemplate\":\"https:\/\/wpguerssen-test.odoo.rgbconsulting.com\/es\/?s={search_term_string}\"},\"query-input\":{\"@type\":\"PropertyValueSpecification\",\"valueRequired\":true,\"valueName\":\"search_term_string\"}}],\"inLanguage\":\"es\"},{\"@type\":\"Organization\",\"@id\":\"https:\/\/wpguerssen-test.odoo.rgbconsulting.com\/es\/#organization\",\"name\":\"Guerssen records\",\"url\":\"https:\/\/wpguerssen-test.odoo.rgbconsulting.com\/es\/\",\"logo\":{\"@type\":\"ImageObject\",\"inLanguage\":\"es\",\"@id\":\"https:\/\/wpguerssen-test.odoo.rgbconsulting.com\/es\/#\/schema\/logo\/image\/\",\"url\":\"https:\/\/wpguerssen-test.odoo.rgbconsulting.com\/wp-content\/uploads\/2022\/04\/Logo_Guerssen_trans_100.png\",\"contentUrl\":\"https:\/\/wpguerssen-test.odoo.rgbconsulting.com\/wp-content\/uploads\/2022\/04\/Logo_Guerssen_trans_100.png\",\"width\":122,\"height\":100,\"caption\":\"Guerssen records\"},\"image\":{\"@id\":\"https:\/\/wpguerssen-test.odoo.rgbconsulting.com\/es\/#\/schema\/logo\/image\/\"}}]}<\/script>\n<!-- \/ Yoast SEO plugin. -->","yoast_head_json":{"title":"MAZLYN JONES, Nigel - Ship to shore -  (LP) | Guerssen","description":"Stunning debut album from 1976 by this legendary \/ cult UK folk musician. Originally issued as a private pressing, \"Ship To Shore\" combines 6 and 12 string acoustic guitars with electric textures, effects and unusual soundscapes, culminating on the haunting progressive-folk 11 minute title track. A folk-rock \/ acid-folk masterpiece highly recommended to anyone into John Martyn, Nick Drake, Michael Chapman, Bob Theil, Pink Floyd...Mastertape sound, insert with photos and extensive liner notes by Richard Allen #nl# \"... A pure simple, thought provoking, frightening and uplifting collection, it evoked timeless themes of environmental concern, spiritual surrender, natural wonderment, doubt and love all woven into a sparse yet entirely original acoustic folk sound.\" Richard Allen (Freak Emporium) #nl# Tracklist: #nl# A singulary fine day - Take me home - The man and the deer - Follow every sunset - How high the moon - Reality - Port Quin song (the lady on the beach) - Ship to shore","robots":{"index":"index","follow":"follow","max-snippet":"max-snippet:-1","max-image-preview":"max-image-preview:large","max-video-preview":"max-video-preview:-1"},"canonical":"https:\/\/wpguerssen-test.odoo.rgbconsulting.com\/es\/producto\/ship-to-shore\/","og_locale":"es_ES","og_type":"article","og_title":"MAZLYN JONES, Nigel - Ship to shore -  (LP) | Guerssen","og_description":"Stunning debut album from 1976 by this legendary \/ cult UK folk musician. Originally issued as a private pressing, \"Ship To Shore\" combines 6 and 12 string acoustic guitars with electric textures, effects and unusual soundscapes, culminating on the haunting progressive-folk 11 minute title track. A folk-rock \/ acid-folk masterpiece highly recommended to anyone into John Martyn, Nick Drake, Michael Chapman, Bob Theil, Pink Floyd...Mastertape sound, insert with photos and extensive liner notes by Richard Allen #nl# \"... A pure simple, thought provoking, frightening and uplifting collection, it evoked timeless themes of environmental concern, spiritual surrender, natural wonderment, doubt and love all woven into a sparse yet entirely original acoustic folk sound.\" Richard Allen (Freak Emporium) #nl# Tracklist: #nl# A singulary fine day - Take me home - The man and the deer - Follow every sunset - How high the moon - Reality - Port Quin song (the lady on the beach) - Ship to shore","og_url":"https:\/\/wpguerssen-test.odoo.rgbconsulting.com\/es\/producto\/ship-to-shore\/","og_site_name":"Guerssen records","article_modified_time":"2025-02-04T16:34:48+00:00","twitter_card":"summary_large_image","twitter_title":"MAZLYN JONES, Nigel - Ship to shore -  (LP) | Guerssen","twitter_misc":{"Tiempo de lectura":"1 minuto"},"schema":{"@context":"https:\/\/schema.org","@graph":[{"@type":"WebPage","@id":"https:\/\/wpguerssen-test.odoo.rgbconsulting.com\/es\/producto\/ship-to-shore\/","url":"https:\/\/wpguerssen-test.odoo.rgbconsulting.com\/es\/producto\/ship-to-shore\/","name":"MAZLYN JONES, Nigel - Ship to shore - (LP) | Guerssen","isPartOf":{"@id":"https:\/\/wpguerssen-test.odoo.rgbconsulting.com\/es\/#website"},"primaryImageOfPage":{"@id":"https:\/\/wpguerssen-test.odoo.rgbconsulting.com\/es\/producto\/ship-to-shore\/#primaryimage"},"image":{"@id":"https:\/\/wpguerssen-test.odoo.rgbconsulting.com\/es\/producto\/ship-to-shore\/#primaryimage"},"thumbnailUrl":"https:\/\/wpguerssen-test.odoo.rgbconsulting.com\/wp-content\/uploads\/2022\/03\/14143.jpg","datePublished":"2013-09-11T22:00:00+00:00","dateModified":"2025-02-04T16:34:48+00:00","description":"Stunning debut album from 1976 by this legendary \/ cult UK folk musician. Originally issued as a private pressing, \"Ship To Shore\" combines 6 and 12 string acoustic guitars with electric textures, effects and unusual soundscapes, culminating on the haunting progressive-folk 11 minute title track. A folk-rock \/ acid-folk masterpiece highly recommended to anyone into John Martyn, Nick Drake, Michael Chapman, Bob Theil, Pink Floyd...Mastertape sound, insert with photos and extensive liner notes by Richard Allen #nl# \"... A pure simple, thought provoking, frightening and uplifting collection, it evoked timeless themes of environmental concern, spiritual surrender, natural wonderment, doubt and love all woven into a sparse yet entirely original acoustic folk sound.\" Richard Allen (Freak Emporium) #nl# Tracklist: #nl# A singulary fine day - Take me home - The man and the deer - Follow every sunset - How high the moon - Reality - Port Quin song (the lady on the beach) - Ship to shore","breadcrumb":{"@id":"https:\/\/wpguerssen-test.odoo.rgbconsulting.com\/es\/producto\/ship-to-shore\/#breadcrumb"},"inLanguage":"es","potentialAction":[{"@type":"ReadAction","target":["https:\/\/wpguerssen-test.odoo.rgbconsulting.com\/es\/producto\/ship-to-shore\/"]}]},{"@type":"ImageObject","inLanguage":"es","@id":"https:\/\/wpguerssen-test.odoo.rgbconsulting.com\/es\/producto\/ship-to-shore\/#primaryimage","url":"https:\/\/wpguerssen-test.odoo.rgbconsulting.com\/wp-content\/uploads\/2022\/03\/14143.jpg","contentUrl":"https:\/\/wpguerssen-test.odoo.rgbconsulting.com\/wp-content\/uploads\/2022\/03\/14143.jpg","width":420,"height":420,"caption":"Nigel - Ship to shore - SOMMOR (LP) | Guerssen"},{"@type":"BreadcrumbList","@id":"https:\/\/wpguerssen-test.odoo.rgbconsulting.com\/es\/producto\/ship-to-shore\/#breadcrumb","itemListElement":[{"@type":"ListItem","position":1,"name":"Inicio","item":"https:\/\/wpguerssen-test.odoo.rgbconsulting.com\/es\/"},{"@type":"ListItem","position":2,"name":"Shop","item":"https:\/\/wpguerssen-test.odoo.rgbconsulting.com\/shop\/"},{"@type":"ListItem","position":3,"name":"Ship to shore"}]},{"@type":"WebSite","@id":"https:\/\/wpguerssen-test.odoo.rgbconsulting.com\/es\/#website","url":"https:\/\/wpguerssen-test.odoo.rgbconsulting.com\/es\/","name":"Guerssen records","description":"psychedelia - progressive - folk - garage ","publisher":{"@id":"https:\/\/wpguerssen-test.odoo.rgbconsulting.com\/es\/#organization"},"potentialAction":[{"@type":"SearchAction","target":{"@type":"EntryPoint","urlTemplate":"https:\/\/wpguerssen-test.odoo.rgbconsulting.com\/es\/?s={search_term_string}"},"query-input":{"@type":"PropertyValueSpecification","valueRequired":true,"valueName":"search_term_string"}}],"inLanguage":"es"},{"@type":"Organization","@id":"https:\/\/wpguerssen-test.odoo.rgbconsulting.com\/es\/#organization","name":"Guerssen records","url":"https:\/\/wpguerssen-test.odoo.rgbconsulting.com\/es\/","logo":{"@type":"ImageObject","inLanguage":"es","@id":"https:\/\/wpguerssen-test.odoo.rgbconsulting.com\/es\/#\/schema\/logo\/image\/","url":"https:\/\/wpguerssen-test.odoo.rgbconsulting.com\/wp-content\/uploads\/2022\/04\/Logo_Guerssen_trans_100.png","contentUrl":"https:\/\/wpguerssen-test.odoo.rgbconsulting.com\/wp-content\/uploads\/2022\/04\/Logo_Guerssen_trans_100.png","width":122,"height":100,"caption":"Guerssen records"},"image":{"@id":"https:\/\/wpguerssen-test.odoo.rgbconsulting.com\/es\/#\/schema\/logo\/image\/"}}]}},"_links":{"self":[{"href":"https:\/\/wpguerssen-test.odoo.rgbconsulting.com\/es\/wp-json\/wp\/v2\/product\/273881","targetHints":{"allow":["GET"]}}],"collection":[{"href":"https:\/\/wpguerssen-test.odoo.rgbconsulting.com\/es\/wp-json\/wp\/v2\/product"}],"about":[{"href":"https:\/\/wpguerssen-test.odoo.rgbconsulting.com\/es\/wp-json\/wp\/v2\/types\/product"}],"wp:featuredmedia":[{"embeddable":true,"href":"https:\/\/wpguerssen-test.odoo.rgbconsulting.com\/es\/wp-json\/wp\/v2\/media\/113988"}],"wp:attachment":[{"href":"https:\/\/wpguerssen-test.odoo.rgbconsulting.com\/es\/wp-json\/wp\/v2\/media?parent=273881"}],"wp:term":[{"taxonomy":"product_brand","embeddable":true,"href":"https:\/\/wpguerssen-test.odoo.rgbconsulting.com\/es\/wp-json\/wp\/v2\/product_brand?post=273881"},{"taxonomy":"product_cat","embeddable":true,"href":"https:\/\/wpguerssen-test.odoo.rgbconsulting.com\/es\/wp-json\/wp\/v2\/product_cat?post=273881"},{"taxonomy":"product_tag","embeddable":true,"href":"https:\/\/wpguerssen-test.odoo.rgbconsulting.com\/es\/wp-json\/wp\/v2\/product_tag?post=273881"}],"curies":[{"name":"wp","href":"https:\/\/api.w.org\/{rel}","templated":true}]}}