{"id":273882,"date":"2014-11-04T00:00:00","date_gmt":"2014-11-03T23:00:00","guid":{"rendered":"https:\/\/wpguerssen-test.odoo.rgbconsulting.com\/product\/moths\/"},"modified":"2025-03-12T14:58:20","modified_gmt":"2025-03-12T13:58:20","slug":"moths","status":"publish","type":"product","link":"https:\/\/wpguerssen-test.odoo.rgbconsulting.com\/es\/producto\/moths\/","title":{"rendered":"Moths"},"content":{"rendered":"<p>Hippie-folk con atm\u00f3sfera totalmente underground, UK 70s. Originalmente editado como micro-prensaje (menos de 30 copias) en el coleccionable sello Deroy. Sonido relajado con suaves voces, bongos, guitarras ac\u00fasticas, flauta&#8230;Temas propios y deliciosas versiones de Incredible String Band, David Ackles, Dylan, Tim Buckley, Bert Jansch&#8230; <\/p>\n<p> M\u00e1xima rareza en el libro \u00ab3001 Record Collecting Dreams\u00bb de Hans Pokora. Sonido remasterizado de vinilo original (no existen m\u00e1sters), nuevo dise\u00f1o de portada (el \u00e1lbum original ven\u00eda con portada neutra blanca), insert con biograf\u00eda del grupo y fotos. <\/p>\n<p> Tracklist: <\/p>\n<p> I Am Lonely &#8211; The Heron -Travelling Song &#8211; I Shall Be Released &#8211; Phantasmagoria In Two &#8211; Empty Pocket Blues &#8211; Running From Home &#8211; A Stupid Song &#8211; Dreams Of Love &#8211; Be My Friend<\/p>\n","protected":false},"excerpt":{"rendered":"<p>Hippie-folk con atm\u00f3sfera totalmente underground, UK 70s. Originalmente editado como micro-prensaje (menos de 30 copias) en el coleccionable sello Deroy. Sonido relajado<a class=\"read\" href=\"https:\/\/wpguerssen-test.odoo.rgbconsulting.com\/es\/producto\/moths\/\"> (...)<\/a>","protected":false},"featured_media":114479,"template":"","meta":{"_acf_changed":false},"product_brand":[],"product_cat":[23271],"product_tag":[],"class_list":{"0":"post-273882","1":"product","2":"type-product","3":"status-publish","4":"has-post-thumbnail","6":"product_cat-folk-60s-70s-es","7":"pa_artist-moths","8":"pa_format-lp-es","9":"pa_gender-folk-60s-70s","10":"pa_label-guerssen-es","11":"pa_location-uk-ireland-es","12":"pa_other-filters-vinyl-only-es","14":"first","15":"instock","16":"taxable","17":"shipping-taxable","18":"purchasable","19":"product-type-simple"},"acf":[],"yoast_head":"<!-- This site is optimized with the Yoast SEO plugin v24.9 - https:\/\/yoast.com\/wordpress\/plugins\/seo\/ -->\n<title>MOTHS - Moths -  (LP) | Guerssen<\/title>\n<meta name=\"description\" content=\"UK underground hippie acid-folk from 1970, originally released as a micro-pressing of less than 30 copies on the collectable Deroy custom label. Mellow atmosphere with acoustic guitars, flute, bongos, bass and refreshing, sincere vocals. A few self-penned tracks plus some amazing &amp; haunting covers of people like Incredible String Band, David Ackles, Dylan, Tim Buckley, Bert Jansch... #nl# Rated with the maximum rarity on Hans Pokora&#039;s &quot;3001 Record Collecting Dreams&quot;. Remastered sound, insert with liner notes and photos. New cover design (the original album came in a plain white sleeve). #nl# &quot;...Enchanting atmosphere and fragrant mellow vibes. Soft vocals, vivid earthy use of bongoes, and haunting flutes possess the LP in its entirety. The vocals throughout are subdued, laid-back beyond mellow...folk lost in a sleepy haze, for the beach on a warm summer&#039;s night...comforting diffused light hazily pulls the listener into dreamscapes where flutes softly cut swathes through mists with doleful but captivating sounds, crystalline clarity of sound...One of the rarest, obscurest UK releases&quot; - Stephen Smith (Progressive Music) #nl# Tracklist: #nl# I Am Lonely - The Heron -Travelling Song - I Shall Be Released - Phantasmagoria In Two - Empty Pocket Blues - Running From Home - A Stupid Song - Dreams Of Love - Be My Friend\" \/>\n<meta name=\"robots\" content=\"index, follow, max-snippet:-1, max-image-preview:large, max-video-preview:-1\" \/>\n<link rel=\"canonical\" href=\"https:\/\/wpguerssen-test.odoo.rgbconsulting.com\/es\/producto\/moths\/\" \/>\n<meta property=\"og:locale\" content=\"es_ES\" \/>\n<meta property=\"og:type\" content=\"article\" \/>\n<meta property=\"og:title\" content=\"MOTHS - Moths -  (LP) | Guerssen\" \/>\n<meta property=\"og:description\" content=\"UK underground hippie acid-folk from 1970, originally released as a micro-pressing of less than 30 copies on the collectable Deroy custom label. Mellow atmosphere with acoustic guitars, flute, bongos, bass and refreshing, sincere vocals. A few self-penned tracks plus some amazing &amp; haunting covers of people like Incredible String Band, David Ackles, Dylan, Tim Buckley, Bert Jansch... #nl# Rated with the maximum rarity on Hans Pokora&#039;s &quot;3001 Record Collecting Dreams&quot;. Remastered sound, insert with liner notes and photos. New cover design (the original album came in a plain white sleeve). #nl# &quot;...Enchanting atmosphere and fragrant mellow vibes. Soft vocals, vivid earthy use of bongoes, and haunting flutes possess the LP in its entirety. The vocals throughout are subdued, laid-back beyond mellow...folk lost in a sleepy haze, for the beach on a warm summer&#039;s night...comforting diffused light hazily pulls the listener into dreamscapes where flutes softly cut swathes through mists with doleful but captivating sounds, crystalline clarity of sound...One of the rarest, obscurest UK releases&quot; - Stephen Smith (Progressive Music) #nl# Tracklist: #nl# I Am Lonely - The Heron -Travelling Song - I Shall Be Released - Phantasmagoria In Two - Empty Pocket Blues - Running From Home - A Stupid Song - Dreams Of Love - Be My Friend\" \/>\n<meta property=\"og:url\" content=\"https:\/\/wpguerssen-test.odoo.rgbconsulting.com\/es\/producto\/moths\/\" \/>\n<meta property=\"og:site_name\" content=\"Guerssen records\" \/>\n<meta property=\"article:modified_time\" content=\"2025-03-12T13:58:20+00:00\" \/>\n<meta property=\"og:image\" content=\"https:\/\/wpguerssen-test.odoo.rgbconsulting.com\/wp-content\/uploads\/2022\/03\/14936.jpg\" \/>\n\t<meta property=\"og:image:width\" content=\"600\" \/>\n\t<meta property=\"og:image:height\" content=\"600\" \/>\n\t<meta property=\"og:image:type\" content=\"image\/jpeg\" \/>\n<meta name=\"twitter:card\" content=\"summary_large_image\" \/>\n<meta name=\"twitter:title\" content=\"MOTHS - Moths -  (LP) | Guerssen\" \/>\n<meta name=\"twitter:label1\" content=\"Tiempo de lectura\" \/>\n\t<meta name=\"twitter:data1\" content=\"1 minuto\" \/>\n<script type=\"application\/ld+json\" class=\"yoast-schema-graph\">{\"@context\":\"https:\/\/schema.org\",\"@graph\":[{\"@type\":\"WebPage\",\"@id\":\"https:\/\/wpguerssen-test.odoo.rgbconsulting.com\/es\/producto\/moths\/\",\"url\":\"https:\/\/wpguerssen-test.odoo.rgbconsulting.com\/es\/producto\/moths\/\",\"name\":\"MOTHS - Moths - (LP) | Guerssen\",\"isPartOf\":{\"@id\":\"https:\/\/wpguerssen-test.odoo.rgbconsulting.com\/es\/#website\"},\"primaryImageOfPage\":{\"@id\":\"https:\/\/wpguerssen-test.odoo.rgbconsulting.com\/es\/producto\/moths\/#primaryimage\"},\"image\":{\"@id\":\"https:\/\/wpguerssen-test.odoo.rgbconsulting.com\/es\/producto\/moths\/#primaryimage\"},\"thumbnailUrl\":\"https:\/\/wpguerssen-test.odoo.rgbconsulting.com\/wp-content\/uploads\/2022\/03\/14936.jpg\",\"datePublished\":\"2014-11-03T23:00:00+00:00\",\"dateModified\":\"2025-03-12T13:58:20+00:00\",\"description\":\"UK underground hippie acid-folk from 1970, originally released as a micro-pressing of less than 30 copies on the collectable Deroy custom label. Mellow atmosphere with acoustic guitars, flute, bongos, bass and refreshing, sincere vocals. A few self-penned tracks plus some amazing & haunting covers of people like Incredible String Band, David Ackles, Dylan, Tim Buckley, Bert Jansch... #nl# Rated with the maximum rarity on Hans Pokora's \\\"3001 Record Collecting Dreams\\\". Remastered sound, insert with liner notes and photos. New cover design (the original album came in a plain white sleeve). #nl# \\\"...Enchanting atmosphere and fragrant mellow vibes. Soft vocals, vivid earthy use of bongoes, and haunting flutes possess the LP in its entirety. The vocals throughout are subdued, laid-back beyond mellow...folk lost in a sleepy haze, for the beach on a warm summer's night...comforting diffused light hazily pulls the listener into dreamscapes where flutes softly cut swathes through mists with doleful but captivating sounds, crystalline clarity of sound...One of the rarest, obscurest UK releases\\\" - Stephen Smith (Progressive Music) #nl# Tracklist: #nl# I Am Lonely - The Heron -Travelling Song - I Shall Be Released - Phantasmagoria In Two - Empty Pocket Blues - Running From Home - A Stupid Song - Dreams Of Love - Be My Friend\",\"breadcrumb\":{\"@id\":\"https:\/\/wpguerssen-test.odoo.rgbconsulting.com\/es\/producto\/moths\/#breadcrumb\"},\"inLanguage\":\"es\",\"potentialAction\":[{\"@type\":\"ReadAction\",\"target\":[\"https:\/\/wpguerssen-test.odoo.rgbconsulting.com\/es\/producto\/moths\/\"]}]},{\"@type\":\"ImageObject\",\"inLanguage\":\"es\",\"@id\":\"https:\/\/wpguerssen-test.odoo.rgbconsulting.com\/es\/producto\/moths\/#primaryimage\",\"url\":\"https:\/\/wpguerssen-test.odoo.rgbconsulting.com\/wp-content\/uploads\/2022\/03\/14936.jpg\",\"contentUrl\":\"https:\/\/wpguerssen-test.odoo.rgbconsulting.com\/wp-content\/uploads\/2022\/03\/14936.jpg\",\"width\":600,\"height\":600,\"caption\":\"MOTHS - Moths - GUERSSEN (LP) | Guerssen\"},{\"@type\":\"BreadcrumbList\",\"@id\":\"https:\/\/wpguerssen-test.odoo.rgbconsulting.com\/es\/producto\/moths\/#breadcrumb\",\"itemListElement\":[{\"@type\":\"ListItem\",\"position\":1,\"name\":\"Inicio\",\"item\":\"https:\/\/wpguerssen-test.odoo.rgbconsulting.com\/es\/\"},{\"@type\":\"ListItem\",\"position\":2,\"name\":\"Shop\",\"item\":\"https:\/\/wpguerssen-test.odoo.rgbconsulting.com\/shop\/\"},{\"@type\":\"ListItem\",\"position\":3,\"name\":\"Moths\"}]},{\"@type\":\"WebSite\",\"@id\":\"https:\/\/wpguerssen-test.odoo.rgbconsulting.com\/es\/#website\",\"url\":\"https:\/\/wpguerssen-test.odoo.rgbconsulting.com\/es\/\",\"name\":\"Guerssen records\",\"description\":\"psychedelia - progressive - folk - garage \",\"publisher\":{\"@id\":\"https:\/\/wpguerssen-test.odoo.rgbconsulting.com\/es\/#organization\"},\"potentialAction\":[{\"@type\":\"SearchAction\",\"target\":{\"@type\":\"EntryPoint\",\"urlTemplate\":\"https:\/\/wpguerssen-test.odoo.rgbconsulting.com\/es\/?s={search_term_string}\"},\"query-input\":{\"@type\":\"PropertyValueSpecification\",\"valueRequired\":true,\"valueName\":\"search_term_string\"}}],\"inLanguage\":\"es\"},{\"@type\":\"Organization\",\"@id\":\"https:\/\/wpguerssen-test.odoo.rgbconsulting.com\/es\/#organization\",\"name\":\"Guerssen records\",\"url\":\"https:\/\/wpguerssen-test.odoo.rgbconsulting.com\/es\/\",\"logo\":{\"@type\":\"ImageObject\",\"inLanguage\":\"es\",\"@id\":\"https:\/\/wpguerssen-test.odoo.rgbconsulting.com\/es\/#\/schema\/logo\/image\/\",\"url\":\"https:\/\/wpguerssen-test.odoo.rgbconsulting.com\/wp-content\/uploads\/2022\/04\/Logo_Guerssen_trans_100.png\",\"contentUrl\":\"https:\/\/wpguerssen-test.odoo.rgbconsulting.com\/wp-content\/uploads\/2022\/04\/Logo_Guerssen_trans_100.png\",\"width\":122,\"height\":100,\"caption\":\"Guerssen records\"},\"image\":{\"@id\":\"https:\/\/wpguerssen-test.odoo.rgbconsulting.com\/es\/#\/schema\/logo\/image\/\"}}]}<\/script>\n<!-- \/ Yoast SEO plugin. -->","yoast_head_json":{"title":"MOTHS - Moths -  (LP) | Guerssen","description":"UK underground hippie acid-folk from 1970, originally released as a micro-pressing of less than 30 copies on the collectable Deroy custom label. Mellow atmosphere with acoustic guitars, flute, bongos, bass and refreshing, sincere vocals. A few self-penned tracks plus some amazing & haunting covers of people like Incredible String Band, David Ackles, Dylan, Tim Buckley, Bert Jansch... #nl# Rated with the maximum rarity on Hans Pokora's \"3001 Record Collecting Dreams\". Remastered sound, insert with liner notes and photos. New cover design (the original album came in a plain white sleeve). #nl# \"...Enchanting atmosphere and fragrant mellow vibes. Soft vocals, vivid earthy use of bongoes, and haunting flutes possess the LP in its entirety. The vocals throughout are subdued, laid-back beyond mellow...folk lost in a sleepy haze, for the beach on a warm summer's night...comforting diffused light hazily pulls the listener into dreamscapes where flutes softly cut swathes through mists with doleful but captivating sounds, crystalline clarity of sound...One of the rarest, obscurest UK releases\" - Stephen Smith (Progressive Music) #nl# Tracklist: #nl# I Am Lonely - The Heron -Travelling Song - I Shall Be Released - Phantasmagoria In Two - Empty Pocket Blues - Running From Home - A Stupid Song - Dreams Of Love - Be My Friend","robots":{"index":"index","follow":"follow","max-snippet":"max-snippet:-1","max-image-preview":"max-image-preview:large","max-video-preview":"max-video-preview:-1"},"canonical":"https:\/\/wpguerssen-test.odoo.rgbconsulting.com\/es\/producto\/moths\/","og_locale":"es_ES","og_type":"article","og_title":"MOTHS - Moths -  (LP) | Guerssen","og_description":"UK underground hippie acid-folk from 1970, originally released as a micro-pressing of less than 30 copies on the collectable Deroy custom label. Mellow atmosphere with acoustic guitars, flute, bongos, bass and refreshing, sincere vocals. A few self-penned tracks plus some amazing & haunting covers of people like Incredible String Band, David Ackles, Dylan, Tim Buckley, Bert Jansch... #nl# Rated with the maximum rarity on Hans Pokora's \"3001 Record Collecting Dreams\". Remastered sound, insert with liner notes and photos. New cover design (the original album came in a plain white sleeve). #nl# \"...Enchanting atmosphere and fragrant mellow vibes. Soft vocals, vivid earthy use of bongoes, and haunting flutes possess the LP in its entirety. The vocals throughout are subdued, laid-back beyond mellow...folk lost in a sleepy haze, for the beach on a warm summer's night...comforting diffused light hazily pulls the listener into dreamscapes where flutes softly cut swathes through mists with doleful but captivating sounds, crystalline clarity of sound...One of the rarest, obscurest UK releases\" - Stephen Smith (Progressive Music) #nl# Tracklist: #nl# I Am Lonely - The Heron -Travelling Song - I Shall Be Released - Phantasmagoria In Two - Empty Pocket Blues - Running From Home - A Stupid Song - Dreams Of Love - Be My Friend","og_url":"https:\/\/wpguerssen-test.odoo.rgbconsulting.com\/es\/producto\/moths\/","og_site_name":"Guerssen records","article_modified_time":"2025-03-12T13:58:20+00:00","og_image":[{"width":600,"height":600,"url":"https:\/\/wpguerssen-test.odoo.rgbconsulting.com\/wp-content\/uploads\/2022\/03\/14936.jpg","type":"image\/jpeg"}],"twitter_card":"summary_large_image","twitter_title":"MOTHS - Moths -  (LP) | Guerssen","twitter_misc":{"Tiempo de lectura":"1 minuto"},"schema":{"@context":"https:\/\/schema.org","@graph":[{"@type":"WebPage","@id":"https:\/\/wpguerssen-test.odoo.rgbconsulting.com\/es\/producto\/moths\/","url":"https:\/\/wpguerssen-test.odoo.rgbconsulting.com\/es\/producto\/moths\/","name":"MOTHS - Moths - (LP) | Guerssen","isPartOf":{"@id":"https:\/\/wpguerssen-test.odoo.rgbconsulting.com\/es\/#website"},"primaryImageOfPage":{"@id":"https:\/\/wpguerssen-test.odoo.rgbconsulting.com\/es\/producto\/moths\/#primaryimage"},"image":{"@id":"https:\/\/wpguerssen-test.odoo.rgbconsulting.com\/es\/producto\/moths\/#primaryimage"},"thumbnailUrl":"https:\/\/wpguerssen-test.odoo.rgbconsulting.com\/wp-content\/uploads\/2022\/03\/14936.jpg","datePublished":"2014-11-03T23:00:00+00:00","dateModified":"2025-03-12T13:58:20+00:00","description":"UK underground hippie acid-folk from 1970, originally released as a micro-pressing of less than 30 copies on the collectable Deroy custom label. Mellow atmosphere with acoustic guitars, flute, bongos, bass and refreshing, sincere vocals. A few self-penned tracks plus some amazing & haunting covers of people like Incredible String Band, David Ackles, Dylan, Tim Buckley, Bert Jansch... #nl# Rated with the maximum rarity on Hans Pokora's \"3001 Record Collecting Dreams\". Remastered sound, insert with liner notes and photos. New cover design (the original album came in a plain white sleeve). #nl# \"...Enchanting atmosphere and fragrant mellow vibes. Soft vocals, vivid earthy use of bongoes, and haunting flutes possess the LP in its entirety. The vocals throughout are subdued, laid-back beyond mellow...folk lost in a sleepy haze, for the beach on a warm summer's night...comforting diffused light hazily pulls the listener into dreamscapes where flutes softly cut swathes through mists with doleful but captivating sounds, crystalline clarity of sound...One of the rarest, obscurest UK releases\" - Stephen Smith (Progressive Music) #nl# Tracklist: #nl# I Am Lonely - The Heron -Travelling Song - I Shall Be Released - Phantasmagoria In Two - Empty Pocket Blues - Running From Home - A Stupid Song - Dreams Of Love - Be My Friend","breadcrumb":{"@id":"https:\/\/wpguerssen-test.odoo.rgbconsulting.com\/es\/producto\/moths\/#breadcrumb"},"inLanguage":"es","potentialAction":[{"@type":"ReadAction","target":["https:\/\/wpguerssen-test.odoo.rgbconsulting.com\/es\/producto\/moths\/"]}]},{"@type":"ImageObject","inLanguage":"es","@id":"https:\/\/wpguerssen-test.odoo.rgbconsulting.com\/es\/producto\/moths\/#primaryimage","url":"https:\/\/wpguerssen-test.odoo.rgbconsulting.com\/wp-content\/uploads\/2022\/03\/14936.jpg","contentUrl":"https:\/\/wpguerssen-test.odoo.rgbconsulting.com\/wp-content\/uploads\/2022\/03\/14936.jpg","width":600,"height":600,"caption":"MOTHS - Moths - GUERSSEN (LP) | Guerssen"},{"@type":"BreadcrumbList","@id":"https:\/\/wpguerssen-test.odoo.rgbconsulting.com\/es\/producto\/moths\/#breadcrumb","itemListElement":[{"@type":"ListItem","position":1,"name":"Inicio","item":"https:\/\/wpguerssen-test.odoo.rgbconsulting.com\/es\/"},{"@type":"ListItem","position":2,"name":"Shop","item":"https:\/\/wpguerssen-test.odoo.rgbconsulting.com\/shop\/"},{"@type":"ListItem","position":3,"name":"Moths"}]},{"@type":"WebSite","@id":"https:\/\/wpguerssen-test.odoo.rgbconsulting.com\/es\/#website","url":"https:\/\/wpguerssen-test.odoo.rgbconsulting.com\/es\/","name":"Guerssen records","description":"psychedelia - progressive - folk - garage ","publisher":{"@id":"https:\/\/wpguerssen-test.odoo.rgbconsulting.com\/es\/#organization"},"potentialAction":[{"@type":"SearchAction","target":{"@type":"EntryPoint","urlTemplate":"https:\/\/wpguerssen-test.odoo.rgbconsulting.com\/es\/?s={search_term_string}"},"query-input":{"@type":"PropertyValueSpecification","valueRequired":true,"valueName":"search_term_string"}}],"inLanguage":"es"},{"@type":"Organization","@id":"https:\/\/wpguerssen-test.odoo.rgbconsulting.com\/es\/#organization","name":"Guerssen records","url":"https:\/\/wpguerssen-test.odoo.rgbconsulting.com\/es\/","logo":{"@type":"ImageObject","inLanguage":"es","@id":"https:\/\/wpguerssen-test.odoo.rgbconsulting.com\/es\/#\/schema\/logo\/image\/","url":"https:\/\/wpguerssen-test.odoo.rgbconsulting.com\/wp-content\/uploads\/2022\/04\/Logo_Guerssen_trans_100.png","contentUrl":"https:\/\/wpguerssen-test.odoo.rgbconsulting.com\/wp-content\/uploads\/2022\/04\/Logo_Guerssen_trans_100.png","width":122,"height":100,"caption":"Guerssen records"},"image":{"@id":"https:\/\/wpguerssen-test.odoo.rgbconsulting.com\/es\/#\/schema\/logo\/image\/"}}]}},"_links":{"self":[{"href":"https:\/\/wpguerssen-test.odoo.rgbconsulting.com\/es\/wp-json\/wp\/v2\/product\/273882","targetHints":{"allow":["GET"]}}],"collection":[{"href":"https:\/\/wpguerssen-test.odoo.rgbconsulting.com\/es\/wp-json\/wp\/v2\/product"}],"about":[{"href":"https:\/\/wpguerssen-test.odoo.rgbconsulting.com\/es\/wp-json\/wp\/v2\/types\/product"}],"wp:featuredmedia":[{"embeddable":true,"href":"https:\/\/wpguerssen-test.odoo.rgbconsulting.com\/es\/wp-json\/wp\/v2\/media\/114479"}],"wp:attachment":[{"href":"https:\/\/wpguerssen-test.odoo.rgbconsulting.com\/es\/wp-json\/wp\/v2\/media?parent=273882"}],"wp:term":[{"taxonomy":"product_brand","embeddable":true,"href":"https:\/\/wpguerssen-test.odoo.rgbconsulting.com\/es\/wp-json\/wp\/v2\/product_brand?post=273882"},{"taxonomy":"product_cat","embeddable":true,"href":"https:\/\/wpguerssen-test.odoo.rgbconsulting.com\/es\/wp-json\/wp\/v2\/product_cat?post=273882"},{"taxonomy":"product_tag","embeddable":true,"href":"https:\/\/wpguerssen-test.odoo.rgbconsulting.com\/es\/wp-json\/wp\/v2\/product_tag?post=273882"}],"curies":[{"name":"wp","href":"https:\/\/api.w.org\/{rel}","templated":true}]}}