{"id":273889,"date":"2019-03-05T00:00:00","date_gmt":"2019-03-04T23:00:00","guid":{"rendered":"https:\/\/wpguerssen-test.odoo.rgbconsulting.com\/product\/the-wild-performance-2lp\/"},"modified":"2025-03-12T14:59:48","modified_gmt":"2025-03-12T13:59:48","slug":"the-wild-performance-2lp","status":"publish","type":"product","link":"https:\/\/wpguerssen-test.odoo.rgbconsulting.com\/es\/producto\/the-wild-performance-2lp\/","title":{"rendered":"The Wild Performance (2LP)"},"content":{"rendered":"<p>Brutal hard-rock psicod\u00e9lico y proto-doom-metal de principios de los 70! <\/p>\n<p> Electric Funeral fueron un grupo pionero dentro de las escena suiza de hard-rock pero lamentablemente no dejaron grabaciones de estudio ni consiguieron fichar por ning\u00fan sello. El grupo se crea a finales de los 60 por Edi Hirt (bater\u00eda), Pierrot Wermeille (bajo), Alain Christinaz (guitarra) y Dominique Bourquin (voz), muy influenciados por grupos como Deep Purple, Black Sabbath y Led Zeppelin. Famosos por sus ruidosos (tocaban detr\u00e1s de murallas de amplis Marshall) y salvajes conciertos, su sonido y actitud eran demasiado salvajes para cualquier sello interesado. <\/p>\n<p> \u00abThe Wild Performance\u00bb es una selecci\u00f3n de grabaciones caseras, efectuadas en conciertos y ensayos durante 1970, con sonido ultra lo-fi, crudo y salvaje&#8230;pero es el \u00fanico testimonios que ha quedado de Electric Funeral. Se edit\u00f3 por vez primera en 1991 en una edici\u00f3n limitada de 300 copias, hoy muy dif\u00edcil de encontrar. <\/p>\n<p> Aqu\u00ed lo tienes expandido a doble LP incluyendo cuatro bonus tracks nunca antes publicados y que el grupo descubri\u00f3 recientemente en su archivo privado. Estos bonus tambi\u00e9n se grabaron en 1970 excepto \u00abMy Destiny\u00bb que es de 1973. El sonido sigue siendo muy crudo y lo-fi pero es ligeramente superior a las canciones incluidas originalmente en \u00abThe Wild Performance\u00bb, sobre todo en \u00abYou Can Help\u00bb (proto-punk a lo Electric Eels!), \u00abMy Destiny\u00bb y la versi\u00f3n alternativa de \u00abTo Be One\u00bb\u00bb. <\/p>\n<p> *Edici\u00f3n en doble LP con cuatro bonus tracks in\u00e9ditos hasta ahora. <\/p>\n<p> *Insert con raras fotos y notas por Klemen Breznikar (It&#8217;s Psychedelic Baby Magazine) <\/p>\n<p> *Cup\u00f3n de descarga <\/p>\n<p> *P\u00f3ster <\/p>\n<p> RIYL: BLACK SABBATH, IRON CLAW, EDGAR BROUGHTON BAND, MOSES, SAINTE ANTHONY&#8217;S FYRE&#8230; <\/p>\n<p> \u00abElectric Funeral deber\u00edan ser mencionados junto a otros grupos legendarios suizos como Toad, Haze, After Shave y Pacific Sound.\u00bb &#8211; Klemen Breznikar (It&#8217;s Psychedelic Baby) <\/p>\n<p> Tracklist: 1. People &#8211; 2. War Funeral Song &#8211; 3. Black Pages &#8211; 4. Rock Ba Rock &#8211; 5. To Be One &#8211; 6. We&#8217;re Gonna Change The World &#8211; 7. Fly Away &#8211; 8. My Destiny &#8211; 9. I Don&#8217;t Know &#8211; 10. You Can Help &#8211; 11. To Be One (Alternate Version)<\/p>\n","protected":false},"excerpt":{"rendered":"<p>Brutal hard-rock psicod\u00e9lico y proto-doom-metal de principios de los 70! <\/p>\n<p>\u00a0<\/p>\n<p> Electric Funeral fueron un grupo pionero dentro de las escena suiza de<a class=\"read\" href=\"https:\/\/wpguerssen-test.odoo.rgbconsulting.com\/es\/producto\/the-wild-performance-2lp\/\"> (...)<\/a>","protected":false},"featured_media":122635,"template":"","meta":{"_acf_changed":false},"product_brand":[],"product_cat":[21639,23224],"product_tag":[],"class_list":{"0":"post-273889","1":"product","2":"type-product","3":"status-publish","4":"has-post-thumbnail","6":"product_cat-psychedelic60s-70s-es","7":"product_cat-hard-rock-60s-70s-es","8":"pa_artist-electric-funeral-es","9":"pa_format-2lp-es","10":"pa_gender-hard-rock-60s-70s-psychedelic60s-70s","11":"pa_label-sommor-es","12":"pa_location-europe-es","13":"pa_other-filters-vinyl-only-es","15":"first","16":"instock","17":"taxable","18":"shipping-taxable","19":"purchasable","20":"product-type-simple"},"acf":[],"yoast_head":"<!-- This site is optimized with the Yoast SEO plugin v24.9 - https:\/\/yoast.com\/wordpress\/plugins\/seo\/ -->\n<title>ELECTRIC FUNERAL - The Wild Performance (2LP) -  (2LP) | Guerssen<\/title>\n<meta name=\"description\" content=\"Ear-splitting hard-rock \/ proto-doom-metal from the early 70s! #nl# Electric Funeral were a pioneering Swiss hard-rock band who sadly never registered any studio recordings at the time. #nl# Formed in the late 60s by Edi Hirt (drums), Pierrot Wermeille (bass), Alain Christinaz (guitar) and Dominique Bourquin (vocals), they were influenced by bands like Deep Purple, Black Sabbath and Led Zeppelin. Famous for their loud (they played behind giant stacks of Marshall amps) and powerful shows, their sound was too heavy-sounding for a regular label to offer them a contract. #nl# &quot;The Wild Performance&quot; is made of private live &amp; rehearsal tapes recorded in 1970, very raw and lo-fi but it&#039;s the only testimony of their brutal sound. First released in 1991 as a very limited (now heavily sought after) LP, here&#039;s an expanded edition with newly remastered sound and four killer bonus tracks, taken from reels and tapes recently found in the band&#039;s archives. These tracks were also recorded in 1970 except for &quot;My Destiny&quot; (1973). Sound is still lo-fi but slightly better than the original &quot;Wild Perfomance&quot; tracks, especially on the killer &quot;You Can Help&quot; (proto-punk \u00e1 la Electric Eels!), &quot;My Destiny&quot; and the alternate version of &quot;To Be One&quot;. #nl# *2LP expanded edition including previously unreleased tracks #nl# *Insert with rare photos and liner notes by Klemen Breznikar (It&#039;s Psychedelic Baby Magazine) #nl# *Download card #nl# *Poster #nl# RIYL: BLACK SABBATH, IRON CLAW, EDGAR BROUGHTON BAND, MOSES, SAINTE ANTHONY&#039;S FYRE... #nl# &quot;Electric Funeral should be mentioned right next to their country companions such as Toad, Haze, After Shave, and Pacific Sound.&quot; - Klemen Breznikar (It&#039;s Psychedelic) #nl# Tracklist: 1. People - 2. War Funeral Song - 3. Black Pages - 4. Rock Ba Rock - 5. To Be One - 6. We&#039;re Gonna Change The World - 7. Fly Away - 8. My Destiny - 9. I Don&#039;t Know - 10. You Can Help - 11. To Be One (Alternate Version)\" \/>\n<meta name=\"robots\" content=\"index, follow, max-snippet:-1, max-image-preview:large, max-video-preview:-1\" \/>\n<link rel=\"canonical\" href=\"https:\/\/wpguerssen-test.odoo.rgbconsulting.com\/es\/producto\/the-wild-performance-2lp\/\" \/>\n<meta property=\"og:locale\" content=\"es_ES\" \/>\n<meta property=\"og:type\" content=\"article\" \/>\n<meta property=\"og:title\" content=\"ELECTRIC FUNERAL - The Wild Performance (2LP) -  (2LP) | Guerssen\" \/>\n<meta property=\"og:description\" content=\"Ear-splitting hard-rock \/ proto-doom-metal from the early 70s! #nl# Electric Funeral were a pioneering Swiss hard-rock band who sadly never registered any studio recordings at the time. #nl# Formed in the late 60s by Edi Hirt (drums), Pierrot Wermeille (bass), Alain Christinaz (guitar) and Dominique Bourquin (vocals), they were influenced by bands like Deep Purple, Black Sabbath and Led Zeppelin. Famous for their loud (they played behind giant stacks of Marshall amps) and powerful shows, their sound was too heavy-sounding for a regular label to offer them a contract. #nl# &quot;The Wild Performance&quot; is made of private live &amp; rehearsal tapes recorded in 1970, very raw and lo-fi but it&#039;s the only testimony of their brutal sound. First released in 1991 as a very limited (now heavily sought after) LP, here&#039;s an expanded edition with newly remastered sound and four killer bonus tracks, taken from reels and tapes recently found in the band&#039;s archives. These tracks were also recorded in 1970 except for &quot;My Destiny&quot; (1973). Sound is still lo-fi but slightly better than the original &quot;Wild Perfomance&quot; tracks, especially on the killer &quot;You Can Help&quot; (proto-punk \u00e1 la Electric Eels!), &quot;My Destiny&quot; and the alternate version of &quot;To Be One&quot;. #nl# *2LP expanded edition including previously unreleased tracks #nl# *Insert with rare photos and liner notes by Klemen Breznikar (It&#039;s Psychedelic Baby Magazine) #nl# *Download card #nl# *Poster #nl# RIYL: BLACK SABBATH, IRON CLAW, EDGAR BROUGHTON BAND, MOSES, SAINTE ANTHONY&#039;S FYRE... #nl# &quot;Electric Funeral should be mentioned right next to their country companions such as Toad, Haze, After Shave, and Pacific Sound.&quot; - Klemen Breznikar (It&#039;s Psychedelic) #nl# Tracklist: 1. People - 2. War Funeral Song - 3. Black Pages - 4. Rock Ba Rock - 5. To Be One - 6. We&#039;re Gonna Change The World - 7. Fly Away - 8. My Destiny - 9. I Don&#039;t Know - 10. You Can Help - 11. To Be One (Alternate Version)\" \/>\n<meta property=\"og:url\" content=\"https:\/\/wpguerssen-test.odoo.rgbconsulting.com\/es\/producto\/the-wild-performance-2lp\/\" \/>\n<meta property=\"og:site_name\" content=\"Guerssen records\" \/>\n<meta property=\"article:modified_time\" content=\"2025-03-12T13:59:48+00:00\" \/>\n<meta property=\"og:image\" content=\"https:\/\/wpguerssen-test.odoo.rgbconsulting.com\/wp-content\/uploads\/2022\/03\/31632.jpg\" \/>\n\t<meta property=\"og:image:width\" content=\"1400\" \/>\n\t<meta property=\"og:image:height\" content=\"1400\" \/>\n\t<meta property=\"og:image:type\" content=\"image\/jpeg\" \/>\n<meta name=\"twitter:card\" content=\"summary_large_image\" \/>\n<meta name=\"twitter:title\" content=\"ELECTRIC FUNERAL - The Wild Performance (2LP) -  (2LP) | Guerssen\" \/>\n<meta name=\"twitter:label1\" content=\"Tiempo de lectura\" \/>\n\t<meta name=\"twitter:data1\" content=\"2 minutos\" \/>\n<script type=\"application\/ld+json\" class=\"yoast-schema-graph\">{\"@context\":\"https:\/\/schema.org\",\"@graph\":[{\"@type\":\"WebPage\",\"@id\":\"https:\/\/wpguerssen-test.odoo.rgbconsulting.com\/es\/producto\/the-wild-performance-2lp\/\",\"url\":\"https:\/\/wpguerssen-test.odoo.rgbconsulting.com\/es\/producto\/the-wild-performance-2lp\/\",\"name\":\"ELECTRIC FUNERAL - The Wild Performance (2LP) - (2LP) | Guerssen\",\"isPartOf\":{\"@id\":\"https:\/\/wpguerssen-test.odoo.rgbconsulting.com\/es\/#website\"},\"primaryImageOfPage\":{\"@id\":\"https:\/\/wpguerssen-test.odoo.rgbconsulting.com\/es\/producto\/the-wild-performance-2lp\/#primaryimage\"},\"image\":{\"@id\":\"https:\/\/wpguerssen-test.odoo.rgbconsulting.com\/es\/producto\/the-wild-performance-2lp\/#primaryimage\"},\"thumbnailUrl\":\"https:\/\/wpguerssen-test.odoo.rgbconsulting.com\/wp-content\/uploads\/2022\/03\/31632.jpg\",\"datePublished\":\"2019-03-04T23:00:00+00:00\",\"dateModified\":\"2025-03-12T13:59:48+00:00\",\"description\":\"Ear-splitting hard-rock \/ proto-doom-metal from the early 70s! #nl# Electric Funeral were a pioneering Swiss hard-rock band who sadly never registered any studio recordings at the time. #nl# Formed in the late 60s by Edi Hirt (drums), Pierrot Wermeille (bass), Alain Christinaz (guitar) and Dominique Bourquin (vocals), they were influenced by bands like Deep Purple, Black Sabbath and Led Zeppelin. Famous for their loud (they played behind giant stacks of Marshall amps) and powerful shows, their sound was too heavy-sounding for a regular label to offer them a contract. #nl# \\\"The Wild Performance\\\" is made of private live & rehearsal tapes recorded in 1970, very raw and lo-fi but it's the only testimony of their brutal sound. First released in 1991 as a very limited (now heavily sought after) LP, here's an expanded edition with newly remastered sound and four killer bonus tracks, taken from reels and tapes recently found in the band's archives. These tracks were also recorded in 1970 except for \\\"My Destiny\\\" (1973). Sound is still lo-fi but slightly better than the original \\\"Wild Perfomance\\\" tracks, especially on the killer \\\"You Can Help\\\" (proto-punk \u00e1 la Electric Eels!), \\\"My Destiny\\\" and the alternate version of \\\"To Be One\\\". #nl# *2LP expanded edition including previously unreleased tracks #nl# *Insert with rare photos and liner notes by Klemen Breznikar (It's Psychedelic Baby Magazine) #nl# *Download card #nl# *Poster #nl# RIYL: BLACK SABBATH, IRON CLAW, EDGAR BROUGHTON BAND, MOSES, SAINTE ANTHONY'S FYRE... #nl# \\\"Electric Funeral should be mentioned right next to their country companions such as Toad, Haze, After Shave, and Pacific Sound.\\\" - Klemen Breznikar (It's Psychedelic) #nl# Tracklist: 1. People - 2. War Funeral Song - 3. Black Pages - 4. Rock Ba Rock - 5. To Be One - 6. We're Gonna Change The World - 7. Fly Away - 8. My Destiny - 9. I Don't Know - 10. You Can Help - 11. To Be One (Alternate Version)\",\"breadcrumb\":{\"@id\":\"https:\/\/wpguerssen-test.odoo.rgbconsulting.com\/es\/producto\/the-wild-performance-2lp\/#breadcrumb\"},\"inLanguage\":\"es\",\"potentialAction\":[{\"@type\":\"ReadAction\",\"target\":[\"https:\/\/wpguerssen-test.odoo.rgbconsulting.com\/es\/producto\/the-wild-performance-2lp\/\"]}]},{\"@type\":\"ImageObject\",\"inLanguage\":\"es\",\"@id\":\"https:\/\/wpguerssen-test.odoo.rgbconsulting.com\/es\/producto\/the-wild-performance-2lp\/#primaryimage\",\"url\":\"https:\/\/wpguerssen-test.odoo.rgbconsulting.com\/wp-content\/uploads\/2022\/03\/31632.jpg\",\"contentUrl\":\"https:\/\/wpguerssen-test.odoo.rgbconsulting.com\/wp-content\/uploads\/2022\/03\/31632.jpg\",\"width\":1400,\"height\":1400,\"caption\":\"ELECTRIC FUNERAL - The Wild Performance (2LP) - SOMMOR (2LP) | Guerssen\"},{\"@type\":\"BreadcrumbList\",\"@id\":\"https:\/\/wpguerssen-test.odoo.rgbconsulting.com\/es\/producto\/the-wild-performance-2lp\/#breadcrumb\",\"itemListElement\":[{\"@type\":\"ListItem\",\"position\":1,\"name\":\"Inicio\",\"item\":\"https:\/\/wpguerssen-test.odoo.rgbconsulting.com\/es\/\"},{\"@type\":\"ListItem\",\"position\":2,\"name\":\"Shop\",\"item\":\"https:\/\/wpguerssen-test.odoo.rgbconsulting.com\/shop\/\"},{\"@type\":\"ListItem\",\"position\":3,\"name\":\"The Wild Performance (2LP)\"}]},{\"@type\":\"WebSite\",\"@id\":\"https:\/\/wpguerssen-test.odoo.rgbconsulting.com\/es\/#website\",\"url\":\"https:\/\/wpguerssen-test.odoo.rgbconsulting.com\/es\/\",\"name\":\"Guerssen records\",\"description\":\"psychedelia - progressive - folk - garage \",\"publisher\":{\"@id\":\"https:\/\/wpguerssen-test.odoo.rgbconsulting.com\/es\/#organization\"},\"potentialAction\":[{\"@type\":\"SearchAction\",\"target\":{\"@type\":\"EntryPoint\",\"urlTemplate\":\"https:\/\/wpguerssen-test.odoo.rgbconsulting.com\/es\/?s={search_term_string}\"},\"query-input\":{\"@type\":\"PropertyValueSpecification\",\"valueRequired\":true,\"valueName\":\"search_term_string\"}}],\"inLanguage\":\"es\"},{\"@type\":\"Organization\",\"@id\":\"https:\/\/wpguerssen-test.odoo.rgbconsulting.com\/es\/#organization\",\"name\":\"Guerssen records\",\"url\":\"https:\/\/wpguerssen-test.odoo.rgbconsulting.com\/es\/\",\"logo\":{\"@type\":\"ImageObject\",\"inLanguage\":\"es\",\"@id\":\"https:\/\/wpguerssen-test.odoo.rgbconsulting.com\/es\/#\/schema\/logo\/image\/\",\"url\":\"https:\/\/wpguerssen-test.odoo.rgbconsulting.com\/wp-content\/uploads\/2022\/04\/Logo_Guerssen_trans_100.png\",\"contentUrl\":\"https:\/\/wpguerssen-test.odoo.rgbconsulting.com\/wp-content\/uploads\/2022\/04\/Logo_Guerssen_trans_100.png\",\"width\":122,\"height\":100,\"caption\":\"Guerssen records\"},\"image\":{\"@id\":\"https:\/\/wpguerssen-test.odoo.rgbconsulting.com\/es\/#\/schema\/logo\/image\/\"}}]}<\/script>\n<!-- \/ Yoast SEO plugin. -->","yoast_head_json":{"title":"ELECTRIC FUNERAL - The Wild Performance (2LP) -  (2LP) | Guerssen","description":"Ear-splitting hard-rock \/ proto-doom-metal from the early 70s! #nl# Electric Funeral were a pioneering Swiss hard-rock band who sadly never registered any studio recordings at the time. #nl# Formed in the late 60s by Edi Hirt (drums), Pierrot Wermeille (bass), Alain Christinaz (guitar) and Dominique Bourquin (vocals), they were influenced by bands like Deep Purple, Black Sabbath and Led Zeppelin. Famous for their loud (they played behind giant stacks of Marshall amps) and powerful shows, their sound was too heavy-sounding for a regular label to offer them a contract. #nl# \"The Wild Performance\" is made of private live & rehearsal tapes recorded in 1970, very raw and lo-fi but it's the only testimony of their brutal sound. First released in 1991 as a very limited (now heavily sought after) LP, here's an expanded edition with newly remastered sound and four killer bonus tracks, taken from reels and tapes recently found in the band's archives. These tracks were also recorded in 1970 except for \"My Destiny\" (1973). Sound is still lo-fi but slightly better than the original \"Wild Perfomance\" tracks, especially on the killer \"You Can Help\" (proto-punk \u00e1 la Electric Eels!), \"My Destiny\" and the alternate version of \"To Be One\". #nl# *2LP expanded edition including previously unreleased tracks #nl# *Insert with rare photos and liner notes by Klemen Breznikar (It's Psychedelic Baby Magazine) #nl# *Download card #nl# *Poster #nl# RIYL: BLACK SABBATH, IRON CLAW, EDGAR BROUGHTON BAND, MOSES, SAINTE ANTHONY'S FYRE... #nl# \"Electric Funeral should be mentioned right next to their country companions such as Toad, Haze, After Shave, and Pacific Sound.\" - Klemen Breznikar (It's Psychedelic) #nl# Tracklist: 1. People - 2. War Funeral Song - 3. Black Pages - 4. Rock Ba Rock - 5. To Be One - 6. We're Gonna Change The World - 7. Fly Away - 8. My Destiny - 9. I Don't Know - 10. You Can Help - 11. To Be One (Alternate Version)","robots":{"index":"index","follow":"follow","max-snippet":"max-snippet:-1","max-image-preview":"max-image-preview:large","max-video-preview":"max-video-preview:-1"},"canonical":"https:\/\/wpguerssen-test.odoo.rgbconsulting.com\/es\/producto\/the-wild-performance-2lp\/","og_locale":"es_ES","og_type":"article","og_title":"ELECTRIC FUNERAL - The Wild Performance (2LP) -  (2LP) | Guerssen","og_description":"Ear-splitting hard-rock \/ proto-doom-metal from the early 70s! #nl# Electric Funeral were a pioneering Swiss hard-rock band who sadly never registered any studio recordings at the time. #nl# Formed in the late 60s by Edi Hirt (drums), Pierrot Wermeille (bass), Alain Christinaz (guitar) and Dominique Bourquin (vocals), they were influenced by bands like Deep Purple, Black Sabbath and Led Zeppelin. Famous for their loud (they played behind giant stacks of Marshall amps) and powerful shows, their sound was too heavy-sounding for a regular label to offer them a contract. #nl# \"The Wild Performance\" is made of private live & rehearsal tapes recorded in 1970, very raw and lo-fi but it's the only testimony of their brutal sound. First released in 1991 as a very limited (now heavily sought after) LP, here's an expanded edition with newly remastered sound and four killer bonus tracks, taken from reels and tapes recently found in the band's archives. These tracks were also recorded in 1970 except for \"My Destiny\" (1973). Sound is still lo-fi but slightly better than the original \"Wild Perfomance\" tracks, especially on the killer \"You Can Help\" (proto-punk \u00e1 la Electric Eels!), \"My Destiny\" and the alternate version of \"To Be One\". #nl# *2LP expanded edition including previously unreleased tracks #nl# *Insert with rare photos and liner notes by Klemen Breznikar (It's Psychedelic Baby Magazine) #nl# *Download card #nl# *Poster #nl# RIYL: BLACK SABBATH, IRON CLAW, EDGAR BROUGHTON BAND, MOSES, SAINTE ANTHONY'S FYRE... #nl# \"Electric Funeral should be mentioned right next to their country companions such as Toad, Haze, After Shave, and Pacific Sound.\" - Klemen Breznikar (It's Psychedelic) #nl# Tracklist: 1. People - 2. War Funeral Song - 3. Black Pages - 4. Rock Ba Rock - 5. To Be One - 6. We're Gonna Change The World - 7. Fly Away - 8. My Destiny - 9. I Don't Know - 10. You Can Help - 11. To Be One (Alternate Version)","og_url":"https:\/\/wpguerssen-test.odoo.rgbconsulting.com\/es\/producto\/the-wild-performance-2lp\/","og_site_name":"Guerssen records","article_modified_time":"2025-03-12T13:59:48+00:00","og_image":[{"width":1400,"height":1400,"url":"https:\/\/wpguerssen-test.odoo.rgbconsulting.com\/wp-content\/uploads\/2022\/03\/31632.jpg","type":"image\/jpeg"}],"twitter_card":"summary_large_image","twitter_title":"ELECTRIC FUNERAL - The Wild Performance (2LP) -  (2LP) | Guerssen","twitter_misc":{"Tiempo de lectura":"2 minutos"},"schema":{"@context":"https:\/\/schema.org","@graph":[{"@type":"WebPage","@id":"https:\/\/wpguerssen-test.odoo.rgbconsulting.com\/es\/producto\/the-wild-performance-2lp\/","url":"https:\/\/wpguerssen-test.odoo.rgbconsulting.com\/es\/producto\/the-wild-performance-2lp\/","name":"ELECTRIC FUNERAL - The Wild Performance (2LP) - (2LP) | Guerssen","isPartOf":{"@id":"https:\/\/wpguerssen-test.odoo.rgbconsulting.com\/es\/#website"},"primaryImageOfPage":{"@id":"https:\/\/wpguerssen-test.odoo.rgbconsulting.com\/es\/producto\/the-wild-performance-2lp\/#primaryimage"},"image":{"@id":"https:\/\/wpguerssen-test.odoo.rgbconsulting.com\/es\/producto\/the-wild-performance-2lp\/#primaryimage"},"thumbnailUrl":"https:\/\/wpguerssen-test.odoo.rgbconsulting.com\/wp-content\/uploads\/2022\/03\/31632.jpg","datePublished":"2019-03-04T23:00:00+00:00","dateModified":"2025-03-12T13:59:48+00:00","description":"Ear-splitting hard-rock \/ proto-doom-metal from the early 70s! #nl# Electric Funeral were a pioneering Swiss hard-rock band who sadly never registered any studio recordings at the time. #nl# Formed in the late 60s by Edi Hirt (drums), Pierrot Wermeille (bass), Alain Christinaz (guitar) and Dominique Bourquin (vocals), they were influenced by bands like Deep Purple, Black Sabbath and Led Zeppelin. Famous for their loud (they played behind giant stacks of Marshall amps) and powerful shows, their sound was too heavy-sounding for a regular label to offer them a contract. #nl# \"The Wild Performance\" is made of private live & rehearsal tapes recorded in 1970, very raw and lo-fi but it's the only testimony of their brutal sound. First released in 1991 as a very limited (now heavily sought after) LP, here's an expanded edition with newly remastered sound and four killer bonus tracks, taken from reels and tapes recently found in the band's archives. These tracks were also recorded in 1970 except for \"My Destiny\" (1973). Sound is still lo-fi but slightly better than the original \"Wild Perfomance\" tracks, especially on the killer \"You Can Help\" (proto-punk \u00e1 la Electric Eels!), \"My Destiny\" and the alternate version of \"To Be One\". #nl# *2LP expanded edition including previously unreleased tracks #nl# *Insert with rare photos and liner notes by Klemen Breznikar (It's Psychedelic Baby Magazine) #nl# *Download card #nl# *Poster #nl# RIYL: BLACK SABBATH, IRON CLAW, EDGAR BROUGHTON BAND, MOSES, SAINTE ANTHONY'S FYRE... #nl# \"Electric Funeral should be mentioned right next to their country companions such as Toad, Haze, After Shave, and Pacific Sound.\" - Klemen Breznikar (It's Psychedelic) #nl# Tracklist: 1. People - 2. War Funeral Song - 3. Black Pages - 4. Rock Ba Rock - 5. To Be One - 6. We're Gonna Change The World - 7. Fly Away - 8. My Destiny - 9. I Don't Know - 10. You Can Help - 11. To Be One (Alternate Version)","breadcrumb":{"@id":"https:\/\/wpguerssen-test.odoo.rgbconsulting.com\/es\/producto\/the-wild-performance-2lp\/#breadcrumb"},"inLanguage":"es","potentialAction":[{"@type":"ReadAction","target":["https:\/\/wpguerssen-test.odoo.rgbconsulting.com\/es\/producto\/the-wild-performance-2lp\/"]}]},{"@type":"ImageObject","inLanguage":"es","@id":"https:\/\/wpguerssen-test.odoo.rgbconsulting.com\/es\/producto\/the-wild-performance-2lp\/#primaryimage","url":"https:\/\/wpguerssen-test.odoo.rgbconsulting.com\/wp-content\/uploads\/2022\/03\/31632.jpg","contentUrl":"https:\/\/wpguerssen-test.odoo.rgbconsulting.com\/wp-content\/uploads\/2022\/03\/31632.jpg","width":1400,"height":1400,"caption":"ELECTRIC FUNERAL - The Wild Performance (2LP) - SOMMOR (2LP) | Guerssen"},{"@type":"BreadcrumbList","@id":"https:\/\/wpguerssen-test.odoo.rgbconsulting.com\/es\/producto\/the-wild-performance-2lp\/#breadcrumb","itemListElement":[{"@type":"ListItem","position":1,"name":"Inicio","item":"https:\/\/wpguerssen-test.odoo.rgbconsulting.com\/es\/"},{"@type":"ListItem","position":2,"name":"Shop","item":"https:\/\/wpguerssen-test.odoo.rgbconsulting.com\/shop\/"},{"@type":"ListItem","position":3,"name":"The Wild Performance (2LP)"}]},{"@type":"WebSite","@id":"https:\/\/wpguerssen-test.odoo.rgbconsulting.com\/es\/#website","url":"https:\/\/wpguerssen-test.odoo.rgbconsulting.com\/es\/","name":"Guerssen records","description":"psychedelia - progressive - folk - garage ","publisher":{"@id":"https:\/\/wpguerssen-test.odoo.rgbconsulting.com\/es\/#organization"},"potentialAction":[{"@type":"SearchAction","target":{"@type":"EntryPoint","urlTemplate":"https:\/\/wpguerssen-test.odoo.rgbconsulting.com\/es\/?s={search_term_string}"},"query-input":{"@type":"PropertyValueSpecification","valueRequired":true,"valueName":"search_term_string"}}],"inLanguage":"es"},{"@type":"Organization","@id":"https:\/\/wpguerssen-test.odoo.rgbconsulting.com\/es\/#organization","name":"Guerssen records","url":"https:\/\/wpguerssen-test.odoo.rgbconsulting.com\/es\/","logo":{"@type":"ImageObject","inLanguage":"es","@id":"https:\/\/wpguerssen-test.odoo.rgbconsulting.com\/es\/#\/schema\/logo\/image\/","url":"https:\/\/wpguerssen-test.odoo.rgbconsulting.com\/wp-content\/uploads\/2022\/04\/Logo_Guerssen_trans_100.png","contentUrl":"https:\/\/wpguerssen-test.odoo.rgbconsulting.com\/wp-content\/uploads\/2022\/04\/Logo_Guerssen_trans_100.png","width":122,"height":100,"caption":"Guerssen records"},"image":{"@id":"https:\/\/wpguerssen-test.odoo.rgbconsulting.com\/es\/#\/schema\/logo\/image\/"}}]}},"_links":{"self":[{"href":"https:\/\/wpguerssen-test.odoo.rgbconsulting.com\/es\/wp-json\/wp\/v2\/product\/273889","targetHints":{"allow":["GET"]}}],"collection":[{"href":"https:\/\/wpguerssen-test.odoo.rgbconsulting.com\/es\/wp-json\/wp\/v2\/product"}],"about":[{"href":"https:\/\/wpguerssen-test.odoo.rgbconsulting.com\/es\/wp-json\/wp\/v2\/types\/product"}],"wp:featuredmedia":[{"embeddable":true,"href":"https:\/\/wpguerssen-test.odoo.rgbconsulting.com\/es\/wp-json\/wp\/v2\/media\/122635"}],"wp:attachment":[{"href":"https:\/\/wpguerssen-test.odoo.rgbconsulting.com\/es\/wp-json\/wp\/v2\/media?parent=273889"}],"wp:term":[{"taxonomy":"product_brand","embeddable":true,"href":"https:\/\/wpguerssen-test.odoo.rgbconsulting.com\/es\/wp-json\/wp\/v2\/product_brand?post=273889"},{"taxonomy":"product_cat","embeddable":true,"href":"https:\/\/wpguerssen-test.odoo.rgbconsulting.com\/es\/wp-json\/wp\/v2\/product_cat?post=273889"},{"taxonomy":"product_tag","embeddable":true,"href":"https:\/\/wpguerssen-test.odoo.rgbconsulting.com\/es\/wp-json\/wp\/v2\/product_tag?post=273889"}],"curies":[{"name":"wp","href":"https:\/\/api.w.org\/{rel}","templated":true}]}}