{"id":273893,"date":"2020-10-30T00:00:00","date_gmt":"2020-10-29T23:00:00","guid":{"rendered":"https:\/\/wpguerssen-test.odoo.rgbconsulting.com\/product\/asfalto-selvagem-o-s-t\/"},"modified":"2024-08-26T17:49:54","modified_gmt":"2024-08-26T15:49:54","slug":"asfalto-selvagem-o-s-t","status":"publish","type":"product","link":"https:\/\/wpguerssen-test.odoo.rgbconsulting.com\/es\/producto\/asfalto-selvagem-o-s-t\/","title":{"rendered":"Asfalto Selvagem (O.S.T)"},"content":{"rendered":"<p>\u00abASFALTO SELVAGEM\u00bb es una de las bandas sonoras m\u00e1s raras jam\u00e1s editadas en Brasil. Fue compuesta por Jo\u00e3o Negr\u00e3o para la pel\u00edcula de 1964 dirigida por J.B. Tanko, un drama basado en la primera parte de la novela \u00abAsfalto Selvagem: Engra\u00e7adinha, Seus Pecados e Seus Amores\u00bb, del escritor N\u00e9lson Rodrigues. <\/p>\n<p> Imagina a  Les Baxter mezclado con Ennio Morricone y Armando Trovajoli con un toque de Jazz Bossa Nova. <\/p>\n<p> Favorito de Ed Motta! Por primera ved reeditado.<\/p>\n","protected":false},"excerpt":{"rendered":"<p>\u00abASFALTO SELVAGEM\u00bb es una de las bandas sonoras m\u00e1s raras jam\u00e1s editadas en Brasil. Fue compuesta por Jo\u00e3o Negr\u00e3o para la pel\u00edcula de 1964 dirigida por J.B.<a class=\"read\" href=\"https:\/\/wpguerssen-test.odoo.rgbconsulting.com\/es\/producto\/asfalto-selvagem-o-s-t\/\"> (...)<\/a>","protected":false},"featured_media":127150,"template":"","meta":{"_acf_changed":false},"product_brand":[],"product_cat":[23231,21641],"product_tag":[],"class_list":{"0":"post-273893","1":"product","2":"type-product","3":"status-publish","4":"has-post-thumbnail","6":"product_cat-latin-brazilian-es","7":"product_cat-soundtracks-es","8":"pa_artist-negrao-joao","9":"pa_format-lp-es","10":"pa_gender-latin-brazilian-soundtracks","11":"pa_label-mad-about-records-es","12":"pa_location-south-america-caribbean-es","13":"pa_other-filters-vinyl-only-es","15":"first","16":"instock","17":"taxable","18":"shipping-taxable","19":"purchasable","20":"product-type-simple"},"acf":[],"yoast_head":"<!-- This site is optimized with the Yoast SEO plugin v24.9 - https:\/\/yoast.com\/wordpress\/plugins\/seo\/ -->\n<title>NEGRAO, Joao - Asfalto Selvagem (O.S.T) -  (LP) | Guerssen<\/title>\n<meta name=\"description\" content=\"&quot;ASFALTO SELVAGEM&quot; LP is one of the rarest soundtracks ever made in Brazil, arranged by Jo\u00e3o Negr\u00e3o. Truly a hard to find item! #nl# Asfalto Selvagem is a 1964 Brazilian film directed by J.B. Tanko, a drama based on the first part of the novel &quot;Asfalto Selvagem: Engra\u00e7adinha, Seus Pecados e Seus Amores&quot;, by writer N\u00e9lson Rodrigues. #nl# Imagine Les Baxter meets Ennio Morricone and Armando Trovajoli on Jazz Bossa Nova. #nl# Ed Motta&#039;s Favorite 1964 Jazz Bossa Nova #nl# Reissue for the first time Worldwide\" \/>\n<meta name=\"robots\" content=\"index, follow, max-snippet:-1, max-image-preview:large, max-video-preview:-1\" \/>\n<link rel=\"canonical\" href=\"https:\/\/wpguerssen-test.odoo.rgbconsulting.com\/es\/producto\/asfalto-selvagem-o-s-t\/\" \/>\n<meta property=\"og:locale\" content=\"es_ES\" \/>\n<meta property=\"og:type\" content=\"article\" \/>\n<meta property=\"og:title\" content=\"NEGRAO, Joao - Asfalto Selvagem (O.S.T) -  (LP) | Guerssen\" \/>\n<meta property=\"og:description\" content=\"&quot;ASFALTO SELVAGEM&quot; LP is one of the rarest soundtracks ever made in Brazil, arranged by Jo\u00e3o Negr\u00e3o. Truly a hard to find item! #nl# Asfalto Selvagem is a 1964 Brazilian film directed by J.B. Tanko, a drama based on the first part of the novel &quot;Asfalto Selvagem: Engra\u00e7adinha, Seus Pecados e Seus Amores&quot;, by writer N\u00e9lson Rodrigues. #nl# Imagine Les Baxter meets Ennio Morricone and Armando Trovajoli on Jazz Bossa Nova. #nl# Ed Motta&#039;s Favorite 1964 Jazz Bossa Nova #nl# Reissue for the first time Worldwide\" \/>\n<meta property=\"og:url\" content=\"https:\/\/wpguerssen-test.odoo.rgbconsulting.com\/es\/producto\/asfalto-selvagem-o-s-t\/\" \/>\n<meta property=\"og:site_name\" content=\"Guerssen records\" \/>\n<meta property=\"article:modified_time\" content=\"2024-08-26T15:49:54+00:00\" \/>\n<meta property=\"og:image\" content=\"https:\/\/wpguerssen-test.odoo.rgbconsulting.com\/wp-content\/uploads\/2022\/03\/37143.jpg\" \/>\n\t<meta property=\"og:image:width\" content=\"303\" \/>\n\t<meta property=\"og:image:height\" content=\"310\" \/>\n\t<meta property=\"og:image:type\" content=\"image\/jpeg\" \/>\n<meta name=\"twitter:card\" content=\"summary_large_image\" \/>\n<meta name=\"twitter:title\" content=\"NEGRAO, Joao - Asfalto Selvagem (O.S.T) -  (LP) | Guerssen\" \/>\n<script type=\"application\/ld+json\" class=\"yoast-schema-graph\">{\"@context\":\"https:\/\/schema.org\",\"@graph\":[{\"@type\":\"WebPage\",\"@id\":\"https:\/\/wpguerssen-test.odoo.rgbconsulting.com\/es\/producto\/asfalto-selvagem-o-s-t\/\",\"url\":\"https:\/\/wpguerssen-test.odoo.rgbconsulting.com\/es\/producto\/asfalto-selvagem-o-s-t\/\",\"name\":\"NEGRAO, Joao - Asfalto Selvagem (O.S.T) - (LP) | Guerssen\",\"isPartOf\":{\"@id\":\"https:\/\/wpguerssen-test.odoo.rgbconsulting.com\/es\/#website\"},\"primaryImageOfPage\":{\"@id\":\"https:\/\/wpguerssen-test.odoo.rgbconsulting.com\/es\/producto\/asfalto-selvagem-o-s-t\/#primaryimage\"},\"image\":{\"@id\":\"https:\/\/wpguerssen-test.odoo.rgbconsulting.com\/es\/producto\/asfalto-selvagem-o-s-t\/#primaryimage\"},\"thumbnailUrl\":\"https:\/\/wpguerssen-test.odoo.rgbconsulting.com\/wp-content\/uploads\/2022\/03\/37143.jpg\",\"datePublished\":\"2020-10-29T23:00:00+00:00\",\"dateModified\":\"2024-08-26T15:49:54+00:00\",\"description\":\"\\\"ASFALTO SELVAGEM\\\" LP is one of the rarest soundtracks ever made in Brazil, arranged by Jo\u00e3o Negr\u00e3o. Truly a hard to find item! #nl# Asfalto Selvagem is a 1964 Brazilian film directed by J.B. Tanko, a drama based on the first part of the novel \\\"Asfalto Selvagem: Engra\u00e7adinha, Seus Pecados e Seus Amores\\\", by writer N\u00e9lson Rodrigues. #nl# Imagine Les Baxter meets Ennio Morricone and Armando Trovajoli on Jazz Bossa Nova. #nl# Ed Motta's Favorite 1964 Jazz Bossa Nova #nl# Reissue for the first time Worldwide\",\"breadcrumb\":{\"@id\":\"https:\/\/wpguerssen-test.odoo.rgbconsulting.com\/es\/producto\/asfalto-selvagem-o-s-t\/#breadcrumb\"},\"inLanguage\":\"es\",\"potentialAction\":[{\"@type\":\"ReadAction\",\"target\":[\"https:\/\/wpguerssen-test.odoo.rgbconsulting.com\/es\/producto\/asfalto-selvagem-o-s-t\/\"]}]},{\"@type\":\"ImageObject\",\"inLanguage\":\"es\",\"@id\":\"https:\/\/wpguerssen-test.odoo.rgbconsulting.com\/es\/producto\/asfalto-selvagem-o-s-t\/#primaryimage\",\"url\":\"https:\/\/wpguerssen-test.odoo.rgbconsulting.com\/wp-content\/uploads\/2022\/03\/37143.jpg\",\"contentUrl\":\"https:\/\/wpguerssen-test.odoo.rgbconsulting.com\/wp-content\/uploads\/2022\/03\/37143.jpg\",\"width\":303,\"height\":310,\"caption\":\"Joao - Asfalto Selvagem (O.S.T) - MAD ABOUT RECORDS (LP) | Guerssen\"},{\"@type\":\"BreadcrumbList\",\"@id\":\"https:\/\/wpguerssen-test.odoo.rgbconsulting.com\/es\/producto\/asfalto-selvagem-o-s-t\/#breadcrumb\",\"itemListElement\":[{\"@type\":\"ListItem\",\"position\":1,\"name\":\"Inicio\",\"item\":\"https:\/\/wpguerssen-test.odoo.rgbconsulting.com\/es\/\"},{\"@type\":\"ListItem\",\"position\":2,\"name\":\"Shop\",\"item\":\"https:\/\/wpguerssen-test.odoo.rgbconsulting.com\/shop\/\"},{\"@type\":\"ListItem\",\"position\":3,\"name\":\"Asfalto Selvagem (O.S.T)\"}]},{\"@type\":\"WebSite\",\"@id\":\"https:\/\/wpguerssen-test.odoo.rgbconsulting.com\/es\/#website\",\"url\":\"https:\/\/wpguerssen-test.odoo.rgbconsulting.com\/es\/\",\"name\":\"Guerssen records\",\"description\":\"psychedelia - progressive - folk - garage \",\"publisher\":{\"@id\":\"https:\/\/wpguerssen-test.odoo.rgbconsulting.com\/es\/#organization\"},\"potentialAction\":[{\"@type\":\"SearchAction\",\"target\":{\"@type\":\"EntryPoint\",\"urlTemplate\":\"https:\/\/wpguerssen-test.odoo.rgbconsulting.com\/es\/?s={search_term_string}\"},\"query-input\":{\"@type\":\"PropertyValueSpecification\",\"valueRequired\":true,\"valueName\":\"search_term_string\"}}],\"inLanguage\":\"es\"},{\"@type\":\"Organization\",\"@id\":\"https:\/\/wpguerssen-test.odoo.rgbconsulting.com\/es\/#organization\",\"name\":\"Guerssen records\",\"url\":\"https:\/\/wpguerssen-test.odoo.rgbconsulting.com\/es\/\",\"logo\":{\"@type\":\"ImageObject\",\"inLanguage\":\"es\",\"@id\":\"https:\/\/wpguerssen-test.odoo.rgbconsulting.com\/es\/#\/schema\/logo\/image\/\",\"url\":\"https:\/\/wpguerssen-test.odoo.rgbconsulting.com\/wp-content\/uploads\/2022\/04\/Logo_Guerssen_trans_100.png\",\"contentUrl\":\"https:\/\/wpguerssen-test.odoo.rgbconsulting.com\/wp-content\/uploads\/2022\/04\/Logo_Guerssen_trans_100.png\",\"width\":122,\"height\":100,\"caption\":\"Guerssen records\"},\"image\":{\"@id\":\"https:\/\/wpguerssen-test.odoo.rgbconsulting.com\/es\/#\/schema\/logo\/image\/\"}}]}<\/script>\n<!-- \/ Yoast SEO plugin. -->","yoast_head_json":{"title":"NEGRAO, Joao - Asfalto Selvagem (O.S.T) -  (LP) | Guerssen","description":"\"ASFALTO SELVAGEM\" LP is one of the rarest soundtracks ever made in Brazil, arranged by Jo\u00e3o Negr\u00e3o. Truly a hard to find item! #nl# Asfalto Selvagem is a 1964 Brazilian film directed by J.B. Tanko, a drama based on the first part of the novel \"Asfalto Selvagem: Engra\u00e7adinha, Seus Pecados e Seus Amores\", by writer N\u00e9lson Rodrigues. #nl# Imagine Les Baxter meets Ennio Morricone and Armando Trovajoli on Jazz Bossa Nova. #nl# Ed Motta's Favorite 1964 Jazz Bossa Nova #nl# Reissue for the first time Worldwide","robots":{"index":"index","follow":"follow","max-snippet":"max-snippet:-1","max-image-preview":"max-image-preview:large","max-video-preview":"max-video-preview:-1"},"canonical":"https:\/\/wpguerssen-test.odoo.rgbconsulting.com\/es\/producto\/asfalto-selvagem-o-s-t\/","og_locale":"es_ES","og_type":"article","og_title":"NEGRAO, Joao - Asfalto Selvagem (O.S.T) -  (LP) | Guerssen","og_description":"\"ASFALTO SELVAGEM\" LP is one of the rarest soundtracks ever made in Brazil, arranged by Jo\u00e3o Negr\u00e3o. Truly a hard to find item! #nl# Asfalto Selvagem is a 1964 Brazilian film directed by J.B. Tanko, a drama based on the first part of the novel \"Asfalto Selvagem: Engra\u00e7adinha, Seus Pecados e Seus Amores\", by writer N\u00e9lson Rodrigues. #nl# Imagine Les Baxter meets Ennio Morricone and Armando Trovajoli on Jazz Bossa Nova. #nl# Ed Motta's Favorite 1964 Jazz Bossa Nova #nl# Reissue for the first time Worldwide","og_url":"https:\/\/wpguerssen-test.odoo.rgbconsulting.com\/es\/producto\/asfalto-selvagem-o-s-t\/","og_site_name":"Guerssen records","article_modified_time":"2024-08-26T15:49:54+00:00","og_image":[{"width":303,"height":310,"url":"https:\/\/wpguerssen-test.odoo.rgbconsulting.com\/wp-content\/uploads\/2022\/03\/37143.jpg","type":"image\/jpeg"}],"twitter_card":"summary_large_image","twitter_title":"NEGRAO, Joao - Asfalto Selvagem (O.S.T) -  (LP) | Guerssen","schema":{"@context":"https:\/\/schema.org","@graph":[{"@type":"WebPage","@id":"https:\/\/wpguerssen-test.odoo.rgbconsulting.com\/es\/producto\/asfalto-selvagem-o-s-t\/","url":"https:\/\/wpguerssen-test.odoo.rgbconsulting.com\/es\/producto\/asfalto-selvagem-o-s-t\/","name":"NEGRAO, Joao - Asfalto Selvagem (O.S.T) - (LP) | Guerssen","isPartOf":{"@id":"https:\/\/wpguerssen-test.odoo.rgbconsulting.com\/es\/#website"},"primaryImageOfPage":{"@id":"https:\/\/wpguerssen-test.odoo.rgbconsulting.com\/es\/producto\/asfalto-selvagem-o-s-t\/#primaryimage"},"image":{"@id":"https:\/\/wpguerssen-test.odoo.rgbconsulting.com\/es\/producto\/asfalto-selvagem-o-s-t\/#primaryimage"},"thumbnailUrl":"https:\/\/wpguerssen-test.odoo.rgbconsulting.com\/wp-content\/uploads\/2022\/03\/37143.jpg","datePublished":"2020-10-29T23:00:00+00:00","dateModified":"2024-08-26T15:49:54+00:00","description":"\"ASFALTO SELVAGEM\" LP is one of the rarest soundtracks ever made in Brazil, arranged by Jo\u00e3o Negr\u00e3o. Truly a hard to find item! #nl# Asfalto Selvagem is a 1964 Brazilian film directed by J.B. Tanko, a drama based on the first part of the novel \"Asfalto Selvagem: Engra\u00e7adinha, Seus Pecados e Seus Amores\", by writer N\u00e9lson Rodrigues. #nl# Imagine Les Baxter meets Ennio Morricone and Armando Trovajoli on Jazz Bossa Nova. #nl# Ed Motta's Favorite 1964 Jazz Bossa Nova #nl# Reissue for the first time Worldwide","breadcrumb":{"@id":"https:\/\/wpguerssen-test.odoo.rgbconsulting.com\/es\/producto\/asfalto-selvagem-o-s-t\/#breadcrumb"},"inLanguage":"es","potentialAction":[{"@type":"ReadAction","target":["https:\/\/wpguerssen-test.odoo.rgbconsulting.com\/es\/producto\/asfalto-selvagem-o-s-t\/"]}]},{"@type":"ImageObject","inLanguage":"es","@id":"https:\/\/wpguerssen-test.odoo.rgbconsulting.com\/es\/producto\/asfalto-selvagem-o-s-t\/#primaryimage","url":"https:\/\/wpguerssen-test.odoo.rgbconsulting.com\/wp-content\/uploads\/2022\/03\/37143.jpg","contentUrl":"https:\/\/wpguerssen-test.odoo.rgbconsulting.com\/wp-content\/uploads\/2022\/03\/37143.jpg","width":303,"height":310,"caption":"Joao - Asfalto Selvagem (O.S.T) - MAD ABOUT RECORDS (LP) | Guerssen"},{"@type":"BreadcrumbList","@id":"https:\/\/wpguerssen-test.odoo.rgbconsulting.com\/es\/producto\/asfalto-selvagem-o-s-t\/#breadcrumb","itemListElement":[{"@type":"ListItem","position":1,"name":"Inicio","item":"https:\/\/wpguerssen-test.odoo.rgbconsulting.com\/es\/"},{"@type":"ListItem","position":2,"name":"Shop","item":"https:\/\/wpguerssen-test.odoo.rgbconsulting.com\/shop\/"},{"@type":"ListItem","position":3,"name":"Asfalto Selvagem (O.S.T)"}]},{"@type":"WebSite","@id":"https:\/\/wpguerssen-test.odoo.rgbconsulting.com\/es\/#website","url":"https:\/\/wpguerssen-test.odoo.rgbconsulting.com\/es\/","name":"Guerssen records","description":"psychedelia - progressive - folk - garage ","publisher":{"@id":"https:\/\/wpguerssen-test.odoo.rgbconsulting.com\/es\/#organization"},"potentialAction":[{"@type":"SearchAction","target":{"@type":"EntryPoint","urlTemplate":"https:\/\/wpguerssen-test.odoo.rgbconsulting.com\/es\/?s={search_term_string}"},"query-input":{"@type":"PropertyValueSpecification","valueRequired":true,"valueName":"search_term_string"}}],"inLanguage":"es"},{"@type":"Organization","@id":"https:\/\/wpguerssen-test.odoo.rgbconsulting.com\/es\/#organization","name":"Guerssen records","url":"https:\/\/wpguerssen-test.odoo.rgbconsulting.com\/es\/","logo":{"@type":"ImageObject","inLanguage":"es","@id":"https:\/\/wpguerssen-test.odoo.rgbconsulting.com\/es\/#\/schema\/logo\/image\/","url":"https:\/\/wpguerssen-test.odoo.rgbconsulting.com\/wp-content\/uploads\/2022\/04\/Logo_Guerssen_trans_100.png","contentUrl":"https:\/\/wpguerssen-test.odoo.rgbconsulting.com\/wp-content\/uploads\/2022\/04\/Logo_Guerssen_trans_100.png","width":122,"height":100,"caption":"Guerssen records"},"image":{"@id":"https:\/\/wpguerssen-test.odoo.rgbconsulting.com\/es\/#\/schema\/logo\/image\/"}}]}},"_links":{"self":[{"href":"https:\/\/wpguerssen-test.odoo.rgbconsulting.com\/es\/wp-json\/wp\/v2\/product\/273893","targetHints":{"allow":["GET"]}}],"collection":[{"href":"https:\/\/wpguerssen-test.odoo.rgbconsulting.com\/es\/wp-json\/wp\/v2\/product"}],"about":[{"href":"https:\/\/wpguerssen-test.odoo.rgbconsulting.com\/es\/wp-json\/wp\/v2\/types\/product"}],"wp:featuredmedia":[{"embeddable":true,"href":"https:\/\/wpguerssen-test.odoo.rgbconsulting.com\/es\/wp-json\/wp\/v2\/media\/127150"}],"wp:attachment":[{"href":"https:\/\/wpguerssen-test.odoo.rgbconsulting.com\/es\/wp-json\/wp\/v2\/media?parent=273893"}],"wp:term":[{"taxonomy":"product_brand","embeddable":true,"href":"https:\/\/wpguerssen-test.odoo.rgbconsulting.com\/es\/wp-json\/wp\/v2\/product_brand?post=273893"},{"taxonomy":"product_cat","embeddable":true,"href":"https:\/\/wpguerssen-test.odoo.rgbconsulting.com\/es\/wp-json\/wp\/v2\/product_cat?post=273893"},{"taxonomy":"product_tag","embeddable":true,"href":"https:\/\/wpguerssen-test.odoo.rgbconsulting.com\/es\/wp-json\/wp\/v2\/product_tag?post=273893"}],"curies":[{"name":"wp","href":"https:\/\/api.w.org\/{rel}","templated":true}]}}