{"id":273894,"date":"2022-12-15T00:00:00","date_gmt":"2022-12-14T23:00:00","guid":{"rendered":"https:\/\/wpguerssen-test.odoo.rgbconsulting.com\/product\/it-hurts-so-good\/"},"modified":"2025-03-31T18:39:15","modified_gmt":"2025-03-31T16:39:15","slug":"it-hurts-so-good","status":"publish","type":"product","link":"https:\/\/wpguerssen-test.odoo.rgbconsulting.com\/es\/producto\/it-hurts-so-good\/","title":{"rendered":"It Hurts So Good"},"content":{"rendered":"<p>Recopilaci\u00f3n que incluye seis pistas in\u00e9ditas de James y Bobby Purify, Esther Phillips, Walter Jackson, Dionne Warwick, Gladys Knight &#038; The Pips y Marvin Gaye.<br \/>La primera incursi\u00f3n de Soul 4 Real en el mercado de los \u00e1lbumes es tan convincentemente esencial como el impresionante cat\u00e1logo de sencillos del sello. Sus 11 temas exploran cada calle solitaria y avenida de perdedores que la m\u00fasica soul ha recorrido desde principios de los a\u00f1os 60, templando ensayos de desamor y amor perdido con alg\u00fan que otro atisbo de positividad y felicidad. \u00abIt Hurts So Good\u00bb est\u00e1 muy en la tradici\u00f3n de esas grandes recopilaciones de soul de los a\u00f1os 60 donde diversas l\u00edneas de m\u00fasica negra estadounidense se sentaban una al lado de la otra y aun as\u00ed formaban una experiencia auditiva satisfactoria a pesar de su aparente disparidad porque, en el an\u00e1lisis final, la m\u00fasica importaba m\u00e1s.<\/p>\n","protected":false},"excerpt":{"rendered":"<p>Recopilaci\u00f3n que incluye seis pistas in\u00e9ditas de James y Bobby Purify, Esther Phillips, Walter Jackson, Dionne Warwick, Gladys Knight &#038; The Pips y Marvin Gaye.<br<a class=\"read\" href=\"https:\/\/wpguerssen-test.odoo.rgbconsulting.com\/es\/producto\/it-hurts-so-good\/\"> (...)<\/a>","protected":false},"featured_media":221029,"template":"","meta":{"_acf_changed":false},"product_brand":[],"product_cat":[21649],"product_tag":[],"class_list":{"0":"post-273894","1":"product","2":"type-product","3":"status-publish","4":"has-post-thumbnail","6":"product_cat-soul-rnb-es","7":"pa_artist-various-artists-es","8":"pa_format-lp-es","9":"pa_gender-soul-rnb","10":"pa_label-soul-4-real","11":"pa_location-north-america-es","12":"pa_other-filters-vinyl-only-es","14":"first","15":"instock","16":"taxable","17":"shipping-taxable","18":"purchasable","19":"product-type-simple"},"acf":[],"yoast_head":"<!-- This site is optimized with the Yoast SEO plugin v24.9 - https:\/\/yoast.com\/wordpress\/plugins\/seo\/ -->\n<title>VARIOUS ARTISTS - It Hurts So Good -  (LP) | Guerssen<\/title>\n<meta name=\"description\" content=\"Compilation including six originally unissued tracks by James and Bobby Purify, Esther Phillips, Walter Jackson, Dionne Warwick, Gladys Knight &amp; The Pips and Marvin Gaye.It doesn&#039;t always hurt to hurt... #nl# Soul 4 Real&#039;s first venture into the albums market is as compellingly essential as the label&#039;s impressive singles catalogue. Its 11 tracks explore every lonely street and losers avenue that soul music has walked down since the early 60s, tempering essays of heartbreak and love lost with the occasional glimpse of positivity and happiness. &quot;It Hurts So Good&quot; is very much in the tradition of those great 60s soul compilations where diverse strands of black American music sat side-by-side with each other, and still formed a satisfying listening experience despite their apparent disparity because, in the final analysis, the music mattered most. #nl# Just as it does here, in fact. #nl# This album showcases just under a dozen goodies by some very big names in soul. It may well be that one or two of the tracks might be less than familiar to you, but you will know the artists - and you will know, too, that they will never let you down. Originally unissued tracks by James &amp; Bobby Purify and Walter Jackson blend seamlessly with early essentials from Aretha Franklin, Willie Hutch and the Main Ingredient (as the Insiders). Soul 4 Real has delved into the deeper parts of discographies of legendary artists like Marvin Gaye, Dionne Warwick, Gladys Knight &amp; The Pips and Esther Phillips to bring you songs and performances that are every bit as unforgettable as those that forged their reputations. And if you remain unmoved after experiencing the stellar offerings from the Soul Children and Lou Courtney, it may well be that you didn&#039;t have a soul to begin with. #nl# In the song that gives this collection its title, the great Prince Phillip Mitchell wrote &quot;it ain&#039;t no good unless it hurts a little bit&quot;. It&#039;s true, and the &#039;Hurt&#039; here really IS &#039;So Good&#039;...and then some... #nl# ...Soul 4 Real - for real.Tony Rounce\" \/>\n<meta name=\"robots\" content=\"index, follow, max-snippet:-1, max-image-preview:large, max-video-preview:-1\" \/>\n<link rel=\"canonical\" href=\"https:\/\/wpguerssen-test.odoo.rgbconsulting.com\/es\/producto\/it-hurts-so-good\/\" \/>\n<meta property=\"og:locale\" content=\"es_ES\" \/>\n<meta property=\"og:type\" content=\"article\" \/>\n<meta property=\"og:title\" content=\"VARIOUS ARTISTS - It Hurts So Good -  (LP) | Guerssen\" \/>\n<meta property=\"og:description\" content=\"Compilation including six originally unissued tracks by James and Bobby Purify, Esther Phillips, Walter Jackson, Dionne Warwick, Gladys Knight &amp; The Pips and Marvin Gaye.It doesn&#039;t always hurt to hurt... #nl# Soul 4 Real&#039;s first venture into the albums market is as compellingly essential as the label&#039;s impressive singles catalogue. Its 11 tracks explore every lonely street and losers avenue that soul music has walked down since the early 60s, tempering essays of heartbreak and love lost with the occasional glimpse of positivity and happiness. &quot;It Hurts So Good&quot; is very much in the tradition of those great 60s soul compilations where diverse strands of black American music sat side-by-side with each other, and still formed a satisfying listening experience despite their apparent disparity because, in the final analysis, the music mattered most. #nl# Just as it does here, in fact. #nl# This album showcases just under a dozen goodies by some very big names in soul. It may well be that one or two of the tracks might be less than familiar to you, but you will know the artists - and you will know, too, that they will never let you down. Originally unissued tracks by James &amp; Bobby Purify and Walter Jackson blend seamlessly with early essentials from Aretha Franklin, Willie Hutch and the Main Ingredient (as the Insiders). Soul 4 Real has delved into the deeper parts of discographies of legendary artists like Marvin Gaye, Dionne Warwick, Gladys Knight &amp; The Pips and Esther Phillips to bring you songs and performances that are every bit as unforgettable as those that forged their reputations. And if you remain unmoved after experiencing the stellar offerings from the Soul Children and Lou Courtney, it may well be that you didn&#039;t have a soul to begin with. #nl# In the song that gives this collection its title, the great Prince Phillip Mitchell wrote &quot;it ain&#039;t no good unless it hurts a little bit&quot;. It&#039;s true, and the &#039;Hurt&#039; here really IS &#039;So Good&#039;...and then some... #nl# ...Soul 4 Real - for real.Tony Rounce\" \/>\n<meta property=\"og:url\" content=\"https:\/\/wpguerssen-test.odoo.rgbconsulting.com\/es\/producto\/it-hurts-so-good\/\" \/>\n<meta property=\"og:site_name\" content=\"Guerssen records\" \/>\n<meta property=\"article:modified_time\" content=\"2025-03-31T16:39:15+00:00\" \/>\n<meta property=\"og:image\" content=\"https:\/\/wpguerssen-test.odoo.rgbconsulting.com\/wp-content\/uploads\/2022\/11\/42367.jpg\" \/>\n\t<meta property=\"og:image:width\" content=\"1063\" \/>\n\t<meta property=\"og:image:height\" content=\"1063\" \/>\n\t<meta property=\"og:image:type\" content=\"image\/jpeg\" \/>\n<meta name=\"twitter:card\" content=\"summary_large_image\" \/>\n<meta name=\"twitter:title\" content=\"VARIOUS ARTISTS - It Hurts So Good -  (LP) | Guerssen\" \/>\n<meta name=\"twitter:label1\" content=\"Tiempo de lectura\" \/>\n\t<meta name=\"twitter:data1\" content=\"1 minuto\" \/>\n<script type=\"application\/ld+json\" class=\"yoast-schema-graph\">{\"@context\":\"https:\/\/schema.org\",\"@graph\":[{\"@type\":\"WebPage\",\"@id\":\"https:\/\/wpguerssen-test.odoo.rgbconsulting.com\/es\/producto\/it-hurts-so-good\/\",\"url\":\"https:\/\/wpguerssen-test.odoo.rgbconsulting.com\/es\/producto\/it-hurts-so-good\/\",\"name\":\"VARIOUS ARTISTS - It Hurts So Good - (LP) | Guerssen\",\"isPartOf\":{\"@id\":\"https:\/\/wpguerssen-test.odoo.rgbconsulting.com\/es\/#website\"},\"primaryImageOfPage\":{\"@id\":\"https:\/\/wpguerssen-test.odoo.rgbconsulting.com\/es\/producto\/it-hurts-so-good\/#primaryimage\"},\"image\":{\"@id\":\"https:\/\/wpguerssen-test.odoo.rgbconsulting.com\/es\/producto\/it-hurts-so-good\/#primaryimage\"},\"thumbnailUrl\":\"https:\/\/wpguerssen-test.odoo.rgbconsulting.com\/wp-content\/uploads\/2022\/11\/42367.jpg\",\"datePublished\":\"2022-12-14T23:00:00+00:00\",\"dateModified\":\"2025-03-31T16:39:15+00:00\",\"description\":\"Compilation including six originally unissued tracks by James and Bobby Purify, Esther Phillips, Walter Jackson, Dionne Warwick, Gladys Knight & The Pips and Marvin Gaye.It doesn't always hurt to hurt... #nl# Soul 4 Real's first venture into the albums market is as compellingly essential as the label's impressive singles catalogue. Its 11 tracks explore every lonely street and losers avenue that soul music has walked down since the early 60s, tempering essays of heartbreak and love lost with the occasional glimpse of positivity and happiness. \\\"It Hurts So Good\\\" is very much in the tradition of those great 60s soul compilations where diverse strands of black American music sat side-by-side with each other, and still formed a satisfying listening experience despite their apparent disparity because, in the final analysis, the music mattered most. #nl# Just as it does here, in fact. #nl# This album showcases just under a dozen goodies by some very big names in soul. It may well be that one or two of the tracks might be less than familiar to you, but you will know the artists - and you will know, too, that they will never let you down. Originally unissued tracks by James & Bobby Purify and Walter Jackson blend seamlessly with early essentials from Aretha Franklin, Willie Hutch and the Main Ingredient (as the Insiders). Soul 4 Real has delved into the deeper parts of discographies of legendary artists like Marvin Gaye, Dionne Warwick, Gladys Knight & The Pips and Esther Phillips to bring you songs and performances that are every bit as unforgettable as those that forged their reputations. And if you remain unmoved after experiencing the stellar offerings from the Soul Children and Lou Courtney, it may well be that you didn't have a soul to begin with. #nl# In the song that gives this collection its title, the great Prince Phillip Mitchell wrote \\\"it ain't no good unless it hurts a little bit\\\". It's true, and the 'Hurt' here really IS 'So Good'...and then some... #nl# ...Soul 4 Real - for real.Tony Rounce\",\"breadcrumb\":{\"@id\":\"https:\/\/wpguerssen-test.odoo.rgbconsulting.com\/es\/producto\/it-hurts-so-good\/#breadcrumb\"},\"inLanguage\":\"es\",\"potentialAction\":[{\"@type\":\"ReadAction\",\"target\":[\"https:\/\/wpguerssen-test.odoo.rgbconsulting.com\/es\/producto\/it-hurts-so-good\/\"]}]},{\"@type\":\"ImageObject\",\"inLanguage\":\"es\",\"@id\":\"https:\/\/wpguerssen-test.odoo.rgbconsulting.com\/es\/producto\/it-hurts-so-good\/#primaryimage\",\"url\":\"https:\/\/wpguerssen-test.odoo.rgbconsulting.com\/wp-content\/uploads\/2022\/11\/42367.jpg\",\"contentUrl\":\"https:\/\/wpguerssen-test.odoo.rgbconsulting.com\/wp-content\/uploads\/2022\/11\/42367.jpg\",\"width\":1063,\"height\":1063},{\"@type\":\"BreadcrumbList\",\"@id\":\"https:\/\/wpguerssen-test.odoo.rgbconsulting.com\/es\/producto\/it-hurts-so-good\/#breadcrumb\",\"itemListElement\":[{\"@type\":\"ListItem\",\"position\":1,\"name\":\"Inicio\",\"item\":\"https:\/\/wpguerssen-test.odoo.rgbconsulting.com\/es\/\"},{\"@type\":\"ListItem\",\"position\":2,\"name\":\"Shop\",\"item\":\"https:\/\/wpguerssen-test.odoo.rgbconsulting.com\/shop\/\"},{\"@type\":\"ListItem\",\"position\":3,\"name\":\"It Hurts So Good\"}]},{\"@type\":\"WebSite\",\"@id\":\"https:\/\/wpguerssen-test.odoo.rgbconsulting.com\/es\/#website\",\"url\":\"https:\/\/wpguerssen-test.odoo.rgbconsulting.com\/es\/\",\"name\":\"Guerssen records\",\"description\":\"psychedelia - progressive - folk - garage \",\"publisher\":{\"@id\":\"https:\/\/wpguerssen-test.odoo.rgbconsulting.com\/es\/#organization\"},\"potentialAction\":[{\"@type\":\"SearchAction\",\"target\":{\"@type\":\"EntryPoint\",\"urlTemplate\":\"https:\/\/wpguerssen-test.odoo.rgbconsulting.com\/es\/?s={search_term_string}\"},\"query-input\":{\"@type\":\"PropertyValueSpecification\",\"valueRequired\":true,\"valueName\":\"search_term_string\"}}],\"inLanguage\":\"es\"},{\"@type\":\"Organization\",\"@id\":\"https:\/\/wpguerssen-test.odoo.rgbconsulting.com\/es\/#organization\",\"name\":\"Guerssen records\",\"url\":\"https:\/\/wpguerssen-test.odoo.rgbconsulting.com\/es\/\",\"logo\":{\"@type\":\"ImageObject\",\"inLanguage\":\"es\",\"@id\":\"https:\/\/wpguerssen-test.odoo.rgbconsulting.com\/es\/#\/schema\/logo\/image\/\",\"url\":\"https:\/\/wpguerssen-test.odoo.rgbconsulting.com\/wp-content\/uploads\/2022\/04\/Logo_Guerssen_trans_100.png\",\"contentUrl\":\"https:\/\/wpguerssen-test.odoo.rgbconsulting.com\/wp-content\/uploads\/2022\/04\/Logo_Guerssen_trans_100.png\",\"width\":122,\"height\":100,\"caption\":\"Guerssen records\"},\"image\":{\"@id\":\"https:\/\/wpguerssen-test.odoo.rgbconsulting.com\/es\/#\/schema\/logo\/image\/\"}}]}<\/script>\n<!-- \/ Yoast SEO plugin. -->","yoast_head_json":{"title":"VARIOUS ARTISTS - It Hurts So Good -  (LP) | Guerssen","description":"Compilation including six originally unissued tracks by James and Bobby Purify, Esther Phillips, Walter Jackson, Dionne Warwick, Gladys Knight & The Pips and Marvin Gaye.It doesn't always hurt to hurt... #nl# Soul 4 Real's first venture into the albums market is as compellingly essential as the label's impressive singles catalogue. Its 11 tracks explore every lonely street and losers avenue that soul music has walked down since the early 60s, tempering essays of heartbreak and love lost with the occasional glimpse of positivity and happiness. \"It Hurts So Good\" is very much in the tradition of those great 60s soul compilations where diverse strands of black American music sat side-by-side with each other, and still formed a satisfying listening experience despite their apparent disparity because, in the final analysis, the music mattered most. #nl# Just as it does here, in fact. #nl# This album showcases just under a dozen goodies by some very big names in soul. It may well be that one or two of the tracks might be less than familiar to you, but you will know the artists - and you will know, too, that they will never let you down. Originally unissued tracks by James & Bobby Purify and Walter Jackson blend seamlessly with early essentials from Aretha Franklin, Willie Hutch and the Main Ingredient (as the Insiders). Soul 4 Real has delved into the deeper parts of discographies of legendary artists like Marvin Gaye, Dionne Warwick, Gladys Knight & The Pips and Esther Phillips to bring you songs and performances that are every bit as unforgettable as those that forged their reputations. And if you remain unmoved after experiencing the stellar offerings from the Soul Children and Lou Courtney, it may well be that you didn't have a soul to begin with. #nl# In the song that gives this collection its title, the great Prince Phillip Mitchell wrote \"it ain't no good unless it hurts a little bit\". It's true, and the 'Hurt' here really IS 'So Good'...and then some... #nl# ...Soul 4 Real - for real.Tony Rounce","robots":{"index":"index","follow":"follow","max-snippet":"max-snippet:-1","max-image-preview":"max-image-preview:large","max-video-preview":"max-video-preview:-1"},"canonical":"https:\/\/wpguerssen-test.odoo.rgbconsulting.com\/es\/producto\/it-hurts-so-good\/","og_locale":"es_ES","og_type":"article","og_title":"VARIOUS ARTISTS - It Hurts So Good -  (LP) | Guerssen","og_description":"Compilation including six originally unissued tracks by James and Bobby Purify, Esther Phillips, Walter Jackson, Dionne Warwick, Gladys Knight & The Pips and Marvin Gaye.It doesn't always hurt to hurt... #nl# Soul 4 Real's first venture into the albums market is as compellingly essential as the label's impressive singles catalogue. Its 11 tracks explore every lonely street and losers avenue that soul music has walked down since the early 60s, tempering essays of heartbreak and love lost with the occasional glimpse of positivity and happiness. \"It Hurts So Good\" is very much in the tradition of those great 60s soul compilations where diverse strands of black American music sat side-by-side with each other, and still formed a satisfying listening experience despite their apparent disparity because, in the final analysis, the music mattered most. #nl# Just as it does here, in fact. #nl# This album showcases just under a dozen goodies by some very big names in soul. It may well be that one or two of the tracks might be less than familiar to you, but you will know the artists - and you will know, too, that they will never let you down. Originally unissued tracks by James & Bobby Purify and Walter Jackson blend seamlessly with early essentials from Aretha Franklin, Willie Hutch and the Main Ingredient (as the Insiders). Soul 4 Real has delved into the deeper parts of discographies of legendary artists like Marvin Gaye, Dionne Warwick, Gladys Knight & The Pips and Esther Phillips to bring you songs and performances that are every bit as unforgettable as those that forged their reputations. And if you remain unmoved after experiencing the stellar offerings from the Soul Children and Lou Courtney, it may well be that you didn't have a soul to begin with. #nl# In the song that gives this collection its title, the great Prince Phillip Mitchell wrote \"it ain't no good unless it hurts a little bit\". It's true, and the 'Hurt' here really IS 'So Good'...and then some... #nl# ...Soul 4 Real - for real.Tony Rounce","og_url":"https:\/\/wpguerssen-test.odoo.rgbconsulting.com\/es\/producto\/it-hurts-so-good\/","og_site_name":"Guerssen records","article_modified_time":"2025-03-31T16:39:15+00:00","og_image":[{"width":1063,"height":1063,"url":"https:\/\/wpguerssen-test.odoo.rgbconsulting.com\/wp-content\/uploads\/2022\/11\/42367.jpg","type":"image\/jpeg"}],"twitter_card":"summary_large_image","twitter_title":"VARIOUS ARTISTS - It Hurts So Good -  (LP) | Guerssen","twitter_misc":{"Tiempo de lectura":"1 minuto"},"schema":{"@context":"https:\/\/schema.org","@graph":[{"@type":"WebPage","@id":"https:\/\/wpguerssen-test.odoo.rgbconsulting.com\/es\/producto\/it-hurts-so-good\/","url":"https:\/\/wpguerssen-test.odoo.rgbconsulting.com\/es\/producto\/it-hurts-so-good\/","name":"VARIOUS ARTISTS - It Hurts So Good - (LP) | Guerssen","isPartOf":{"@id":"https:\/\/wpguerssen-test.odoo.rgbconsulting.com\/es\/#website"},"primaryImageOfPage":{"@id":"https:\/\/wpguerssen-test.odoo.rgbconsulting.com\/es\/producto\/it-hurts-so-good\/#primaryimage"},"image":{"@id":"https:\/\/wpguerssen-test.odoo.rgbconsulting.com\/es\/producto\/it-hurts-so-good\/#primaryimage"},"thumbnailUrl":"https:\/\/wpguerssen-test.odoo.rgbconsulting.com\/wp-content\/uploads\/2022\/11\/42367.jpg","datePublished":"2022-12-14T23:00:00+00:00","dateModified":"2025-03-31T16:39:15+00:00","description":"Compilation including six originally unissued tracks by James and Bobby Purify, Esther Phillips, Walter Jackson, Dionne Warwick, Gladys Knight & The Pips and Marvin Gaye.It doesn't always hurt to hurt... #nl# Soul 4 Real's first venture into the albums market is as compellingly essential as the label's impressive singles catalogue. Its 11 tracks explore every lonely street and losers avenue that soul music has walked down since the early 60s, tempering essays of heartbreak and love lost with the occasional glimpse of positivity and happiness. \"It Hurts So Good\" is very much in the tradition of those great 60s soul compilations where diverse strands of black American music sat side-by-side with each other, and still formed a satisfying listening experience despite their apparent disparity because, in the final analysis, the music mattered most. #nl# Just as it does here, in fact. #nl# This album showcases just under a dozen goodies by some very big names in soul. It may well be that one or two of the tracks might be less than familiar to you, but you will know the artists - and you will know, too, that they will never let you down. Originally unissued tracks by James & Bobby Purify and Walter Jackson blend seamlessly with early essentials from Aretha Franklin, Willie Hutch and the Main Ingredient (as the Insiders). Soul 4 Real has delved into the deeper parts of discographies of legendary artists like Marvin Gaye, Dionne Warwick, Gladys Knight & The Pips and Esther Phillips to bring you songs and performances that are every bit as unforgettable as those that forged their reputations. And if you remain unmoved after experiencing the stellar offerings from the Soul Children and Lou Courtney, it may well be that you didn't have a soul to begin with. #nl# In the song that gives this collection its title, the great Prince Phillip Mitchell wrote \"it ain't no good unless it hurts a little bit\". It's true, and the 'Hurt' here really IS 'So Good'...and then some... #nl# ...Soul 4 Real - for real.Tony Rounce","breadcrumb":{"@id":"https:\/\/wpguerssen-test.odoo.rgbconsulting.com\/es\/producto\/it-hurts-so-good\/#breadcrumb"},"inLanguage":"es","potentialAction":[{"@type":"ReadAction","target":["https:\/\/wpguerssen-test.odoo.rgbconsulting.com\/es\/producto\/it-hurts-so-good\/"]}]},{"@type":"ImageObject","inLanguage":"es","@id":"https:\/\/wpguerssen-test.odoo.rgbconsulting.com\/es\/producto\/it-hurts-so-good\/#primaryimage","url":"https:\/\/wpguerssen-test.odoo.rgbconsulting.com\/wp-content\/uploads\/2022\/11\/42367.jpg","contentUrl":"https:\/\/wpguerssen-test.odoo.rgbconsulting.com\/wp-content\/uploads\/2022\/11\/42367.jpg","width":1063,"height":1063},{"@type":"BreadcrumbList","@id":"https:\/\/wpguerssen-test.odoo.rgbconsulting.com\/es\/producto\/it-hurts-so-good\/#breadcrumb","itemListElement":[{"@type":"ListItem","position":1,"name":"Inicio","item":"https:\/\/wpguerssen-test.odoo.rgbconsulting.com\/es\/"},{"@type":"ListItem","position":2,"name":"Shop","item":"https:\/\/wpguerssen-test.odoo.rgbconsulting.com\/shop\/"},{"@type":"ListItem","position":3,"name":"It Hurts So Good"}]},{"@type":"WebSite","@id":"https:\/\/wpguerssen-test.odoo.rgbconsulting.com\/es\/#website","url":"https:\/\/wpguerssen-test.odoo.rgbconsulting.com\/es\/","name":"Guerssen records","description":"psychedelia - progressive - folk - garage ","publisher":{"@id":"https:\/\/wpguerssen-test.odoo.rgbconsulting.com\/es\/#organization"},"potentialAction":[{"@type":"SearchAction","target":{"@type":"EntryPoint","urlTemplate":"https:\/\/wpguerssen-test.odoo.rgbconsulting.com\/es\/?s={search_term_string}"},"query-input":{"@type":"PropertyValueSpecification","valueRequired":true,"valueName":"search_term_string"}}],"inLanguage":"es"},{"@type":"Organization","@id":"https:\/\/wpguerssen-test.odoo.rgbconsulting.com\/es\/#organization","name":"Guerssen records","url":"https:\/\/wpguerssen-test.odoo.rgbconsulting.com\/es\/","logo":{"@type":"ImageObject","inLanguage":"es","@id":"https:\/\/wpguerssen-test.odoo.rgbconsulting.com\/es\/#\/schema\/logo\/image\/","url":"https:\/\/wpguerssen-test.odoo.rgbconsulting.com\/wp-content\/uploads\/2022\/04\/Logo_Guerssen_trans_100.png","contentUrl":"https:\/\/wpguerssen-test.odoo.rgbconsulting.com\/wp-content\/uploads\/2022\/04\/Logo_Guerssen_trans_100.png","width":122,"height":100,"caption":"Guerssen records"},"image":{"@id":"https:\/\/wpguerssen-test.odoo.rgbconsulting.com\/es\/#\/schema\/logo\/image\/"}}]}},"_links":{"self":[{"href":"https:\/\/wpguerssen-test.odoo.rgbconsulting.com\/es\/wp-json\/wp\/v2\/product\/273894","targetHints":{"allow":["GET"]}}],"collection":[{"href":"https:\/\/wpguerssen-test.odoo.rgbconsulting.com\/es\/wp-json\/wp\/v2\/product"}],"about":[{"href":"https:\/\/wpguerssen-test.odoo.rgbconsulting.com\/es\/wp-json\/wp\/v2\/types\/product"}],"wp:featuredmedia":[{"embeddable":true,"href":"https:\/\/wpguerssen-test.odoo.rgbconsulting.com\/es\/wp-json\/wp\/v2\/media\/221029"}],"wp:attachment":[{"href":"https:\/\/wpguerssen-test.odoo.rgbconsulting.com\/es\/wp-json\/wp\/v2\/media?parent=273894"}],"wp:term":[{"taxonomy":"product_brand","embeddable":true,"href":"https:\/\/wpguerssen-test.odoo.rgbconsulting.com\/es\/wp-json\/wp\/v2\/product_brand?post=273894"},{"taxonomy":"product_cat","embeddable":true,"href":"https:\/\/wpguerssen-test.odoo.rgbconsulting.com\/es\/wp-json\/wp\/v2\/product_cat?post=273894"},{"taxonomy":"product_tag","embeddable":true,"href":"https:\/\/wpguerssen-test.odoo.rgbconsulting.com\/es\/wp-json\/wp\/v2\/product_tag?post=273894"}],"curies":[{"name":"wp","href":"https:\/\/api.w.org\/{rel}","templated":true}]}}