{"id":273902,"date":"2024-11-06T00:00:00","date_gmt":"2024-11-05T23:00:00","guid":{"rendered":"https:\/\/wpguerssen-test.odoo.rgbconsulting.com\/product\/done-by-the-forces-of-nature\/"},"modified":"2025-03-03T16:10:31","modified_gmt":"2025-03-03T15:10:31","slug":"done-by-the-forces-of-nature","status":"publish","type":"product","link":"https:\/\/wpguerssen-test.odoo.rgbconsulting.com\/es\/producto\/done-by-the-forces-of-nature\/","title":{"rendered":"Done By The Forces Of Nature"},"content":{"rendered":"<p>El debut de Jungle Brothers en 1988, Straight Out The Jungle, es importante por muchas razones. Es lo-fi, pero tuvo momentos de verdadera concentraci\u00f3n y conciencia social. Es un disco que tom\u00f3 un poco desprevenidos a una base de fan\u00e1ticos del rap embelesados \u00bf\u00bfpor Eric B. &#038; Rakim, Public Enemy y Boogie Down Productions. Tambi\u00e9n es de destacar que, m\u00e1s all\u00e1 de la excelencia del \u00e1lbum en s\u00ed, los Jungle Brothers fueron el punto de apoyo de lo que se convertir\u00eda en el movimiento Native Tongues: fueron los primeros, seguidos por De La Soul y A Tribe Called Quest, bajo su direcci\u00f3n.<br \/>Done By The Forces Of Nature se erige como uno de los los documentos de hip-hop m\u00e1s preciados de finales de los 80 entre los verdaderos directores de escuela. Get On Down se enorgullece de presentar una nueva edici\u00f3n en vinilo tricolor con OBI numerado limitado a 1000 copias.<\/p>\n","protected":false},"excerpt":{"rendered":"<p>El debut de Jungle Brothers en 1988, Straight Out The Jungle, es importante por muchas razones. Es lo-fi, pero tuvo momentos de verdadera concentraci\u00f3n y conciencia<a class=\"read\" href=\"https:\/\/wpguerssen-test.odoo.rgbconsulting.com\/es\/producto\/done-by-the-forces-of-nature\/\"> (...)<\/a>","protected":false},"featured_media":273772,"template":"","meta":{"_acf_changed":false},"product_brand":[],"product_cat":[21706],"product_tag":[],"class_list":{"0":"post-273902","1":"product","2":"type-product","3":"status-publish","4":"has-post-thumbnail","6":"product_cat-rap-hip-hop-es","7":"pa_artist-jungle-brothers","8":"pa_format-2lp-es","9":"pa_gender-rap-hip-hop","10":"pa_label-get-on-down","11":"pa_location-north-america-es","12":"pa_other-filters-vinyl-only-es","14":"first","15":"instock","16":"taxable","17":"shipping-taxable","18":"purchasable","19":"product-type-simple"},"acf":[],"yoast_head":"<!-- This site is optimized with the Yoast SEO plugin v24.9 - https:\/\/yoast.com\/wordpress\/plugins\/seo\/ -->\n<title>JUNGLE BROTHERS - Done By The Forces Of Nature -  (2LP) | Guerssen<\/title>\n<meta name=\"description\" content=\"The Jungle Brothers 1988 debut, Straight Out The Jungle, is important for many reasons. It is lo-fi and goofy, but had moments of real focus and social consciousness. It is a true kitchen sink record, that caught a rap fanbase enraptured by Eric B. &amp; Rakim, Public Enemy, and Boogie Down Productions a bit off-guard. Also of note, beyond the excellence of the album itself, the Jungle Brothers were the fulcrum for what would become the Native Tongues movement - they came first, De La Soul and A Tribe Called Quest followed, under their guidance.By 1989, the group had even more confidence, plus a Warner Bros. contract and advance in their back pocket. They used it to great advantage on the self-produced and criminally underrated Done By The Forces Of Nature,expanding their sonic palette and continuing their Afrocentric approach to music and life. Singles like &quot;What U Waitin 4&quot; and &quot;Doin Our Own Dang&quot;(with De La Soul and Q-Tip, alongside Monie Love) show the group&#039;s fun side. But things weren&#039;t all fun and games, as deeper, more pensive album tracks like &quot;Black Woman&quot;, &quot;Beeds On A String&quot;, and &quot;Acknowledge Your Own History&quot; show. It was another accomplished mix of fun, frolic, and knowledge-of-self, proving that you could be serious in the rap game but still let off steam and fill the dancefloor.Done By The Forces Of Nature stands as one of the most cherished hip-hop documents of the late 80s among true-school heads. Get On Down is proud to present a new limited-edition pressing on Tri-Colored vinyl in agatefold jacket with full lyrics and numbered OBI limited to 1000 copies.\" \/>\n<meta name=\"robots\" content=\"index, follow, max-snippet:-1, max-image-preview:large, max-video-preview:-1\" \/>\n<link rel=\"canonical\" href=\"https:\/\/wpguerssen-test.odoo.rgbconsulting.com\/es\/producto\/done-by-the-forces-of-nature\/\" \/>\n<meta property=\"og:locale\" content=\"es_ES\" \/>\n<meta property=\"og:type\" content=\"article\" \/>\n<meta property=\"og:title\" content=\"JUNGLE BROTHERS - Done By The Forces Of Nature -  (2LP) | Guerssen\" \/>\n<meta property=\"og:description\" content=\"The Jungle Brothers 1988 debut, Straight Out The Jungle, is important for many reasons. It is lo-fi and goofy, but had moments of real focus and social consciousness. It is a true kitchen sink record, that caught a rap fanbase enraptured by Eric B. &amp; Rakim, Public Enemy, and Boogie Down Productions a bit off-guard. Also of note, beyond the excellence of the album itself, the Jungle Brothers were the fulcrum for what would become the Native Tongues movement - they came first, De La Soul and A Tribe Called Quest followed, under their guidance.By 1989, the group had even more confidence, plus a Warner Bros. contract and advance in their back pocket. They used it to great advantage on the self-produced and criminally underrated Done By The Forces Of Nature,expanding their sonic palette and continuing their Afrocentric approach to music and life. Singles like &quot;What U Waitin 4&quot; and &quot;Doin Our Own Dang&quot;(with De La Soul and Q-Tip, alongside Monie Love) show the group&#039;s fun side. But things weren&#039;t all fun and games, as deeper, more pensive album tracks like &quot;Black Woman&quot;, &quot;Beeds On A String&quot;, and &quot;Acknowledge Your Own History&quot; show. It was another accomplished mix of fun, frolic, and knowledge-of-self, proving that you could be serious in the rap game but still let off steam and fill the dancefloor.Done By The Forces Of Nature stands as one of the most cherished hip-hop documents of the late 80s among true-school heads. Get On Down is proud to present a new limited-edition pressing on Tri-Colored vinyl in agatefold jacket with full lyrics and numbered OBI limited to 1000 copies.\" \/>\n<meta property=\"og:url\" content=\"https:\/\/wpguerssen-test.odoo.rgbconsulting.com\/es\/producto\/done-by-the-forces-of-nature\/\" \/>\n<meta property=\"og:site_name\" content=\"Guerssen records\" \/>\n<meta property=\"article:modified_time\" content=\"2025-03-03T15:10:31+00:00\" \/>\n<meta property=\"og:image\" content=\"https:\/\/wpguerssen-test.odoo.rgbconsulting.com\/wp-content\/uploads\/2024\/08\/48511.jpg\" \/>\n\t<meta property=\"og:image:width\" content=\"388\" \/>\n\t<meta property=\"og:image:height\" content=\"388\" \/>\n\t<meta property=\"og:image:type\" content=\"image\/jpeg\" \/>\n<meta name=\"twitter:card\" content=\"summary_large_image\" \/>\n<meta name=\"twitter:title\" content=\"JUNGLE BROTHERS - Done By The Forces Of Nature -  (2LP) | Guerssen\" \/>\n<meta name=\"twitter:label1\" content=\"Tiempo de lectura\" \/>\n\t<meta name=\"twitter:data1\" content=\"1 minuto\" \/>\n<script type=\"application\/ld+json\" class=\"yoast-schema-graph\">{\"@context\":\"https:\/\/schema.org\",\"@graph\":[{\"@type\":\"WebPage\",\"@id\":\"https:\/\/wpguerssen-test.odoo.rgbconsulting.com\/es\/producto\/done-by-the-forces-of-nature\/\",\"url\":\"https:\/\/wpguerssen-test.odoo.rgbconsulting.com\/es\/producto\/done-by-the-forces-of-nature\/\",\"name\":\"JUNGLE BROTHERS - Done By The Forces Of Nature - (2LP) | Guerssen\",\"isPartOf\":{\"@id\":\"https:\/\/wpguerssen-test.odoo.rgbconsulting.com\/es\/#website\"},\"primaryImageOfPage\":{\"@id\":\"https:\/\/wpguerssen-test.odoo.rgbconsulting.com\/es\/producto\/done-by-the-forces-of-nature\/#primaryimage\"},\"image\":{\"@id\":\"https:\/\/wpguerssen-test.odoo.rgbconsulting.com\/es\/producto\/done-by-the-forces-of-nature\/#primaryimage\"},\"thumbnailUrl\":\"https:\/\/wpguerssen-test.odoo.rgbconsulting.com\/wp-content\/uploads\/2024\/08\/48511.jpg\",\"datePublished\":\"2024-11-05T23:00:00+00:00\",\"dateModified\":\"2025-03-03T15:10:31+00:00\",\"description\":\"The Jungle Brothers 1988 debut, Straight Out The Jungle, is important for many reasons. It is lo-fi and goofy, but had moments of real focus and social consciousness. It is a true kitchen sink record, that caught a rap fanbase enraptured by Eric B. & Rakim, Public Enemy, and Boogie Down Productions a bit off-guard. Also of note, beyond the excellence of the album itself, the Jungle Brothers were the fulcrum for what would become the Native Tongues movement - they came first, De La Soul and A Tribe Called Quest followed, under their guidance.By 1989, the group had even more confidence, plus a Warner Bros. contract and advance in their back pocket. They used it to great advantage on the self-produced and criminally underrated Done By The Forces Of Nature,expanding their sonic palette and continuing their Afrocentric approach to music and life. Singles like \\\"What U Waitin 4\\\" and \\\"Doin Our Own Dang\\\"(with De La Soul and Q-Tip, alongside Monie Love) show the group's fun side. But things weren't all fun and games, as deeper, more pensive album tracks like \\\"Black Woman\\\", \\\"Beeds On A String\\\", and \\\"Acknowledge Your Own History\\\" show. It was another accomplished mix of fun, frolic, and knowledge-of-self, proving that you could be serious in the rap game but still let off steam and fill the dancefloor.Done By The Forces Of Nature stands as one of the most cherished hip-hop documents of the late 80s among true-school heads. Get On Down is proud to present a new limited-edition pressing on Tri-Colored vinyl in agatefold jacket with full lyrics and numbered OBI limited to 1000 copies.\",\"breadcrumb\":{\"@id\":\"https:\/\/wpguerssen-test.odoo.rgbconsulting.com\/es\/producto\/done-by-the-forces-of-nature\/#breadcrumb\"},\"inLanguage\":\"es\",\"potentialAction\":[{\"@type\":\"ReadAction\",\"target\":[\"https:\/\/wpguerssen-test.odoo.rgbconsulting.com\/es\/producto\/done-by-the-forces-of-nature\/\"]}]},{\"@type\":\"ImageObject\",\"inLanguage\":\"es\",\"@id\":\"https:\/\/wpguerssen-test.odoo.rgbconsulting.com\/es\/producto\/done-by-the-forces-of-nature\/#primaryimage\",\"url\":\"https:\/\/wpguerssen-test.odoo.rgbconsulting.com\/wp-content\/uploads\/2024\/08\/48511.jpg\",\"contentUrl\":\"https:\/\/wpguerssen-test.odoo.rgbconsulting.com\/wp-content\/uploads\/2024\/08\/48511.jpg\",\"width\":388,\"height\":388},{\"@type\":\"BreadcrumbList\",\"@id\":\"https:\/\/wpguerssen-test.odoo.rgbconsulting.com\/es\/producto\/done-by-the-forces-of-nature\/#breadcrumb\",\"itemListElement\":[{\"@type\":\"ListItem\",\"position\":1,\"name\":\"Inicio\",\"item\":\"https:\/\/wpguerssen-test.odoo.rgbconsulting.com\/es\/\"},{\"@type\":\"ListItem\",\"position\":2,\"name\":\"Shop\",\"item\":\"https:\/\/wpguerssen-test.odoo.rgbconsulting.com\/shop\/\"},{\"@type\":\"ListItem\",\"position\":3,\"name\":\"Done By The Forces Of Nature\"}]},{\"@type\":\"WebSite\",\"@id\":\"https:\/\/wpguerssen-test.odoo.rgbconsulting.com\/es\/#website\",\"url\":\"https:\/\/wpguerssen-test.odoo.rgbconsulting.com\/es\/\",\"name\":\"Guerssen records\",\"description\":\"psychedelia - progressive - folk - garage \",\"publisher\":{\"@id\":\"https:\/\/wpguerssen-test.odoo.rgbconsulting.com\/es\/#organization\"},\"potentialAction\":[{\"@type\":\"SearchAction\",\"target\":{\"@type\":\"EntryPoint\",\"urlTemplate\":\"https:\/\/wpguerssen-test.odoo.rgbconsulting.com\/es\/?s={search_term_string}\"},\"query-input\":{\"@type\":\"PropertyValueSpecification\",\"valueRequired\":true,\"valueName\":\"search_term_string\"}}],\"inLanguage\":\"es\"},{\"@type\":\"Organization\",\"@id\":\"https:\/\/wpguerssen-test.odoo.rgbconsulting.com\/es\/#organization\",\"name\":\"Guerssen records\",\"url\":\"https:\/\/wpguerssen-test.odoo.rgbconsulting.com\/es\/\",\"logo\":{\"@type\":\"ImageObject\",\"inLanguage\":\"es\",\"@id\":\"https:\/\/wpguerssen-test.odoo.rgbconsulting.com\/es\/#\/schema\/logo\/image\/\",\"url\":\"https:\/\/wpguerssen-test.odoo.rgbconsulting.com\/wp-content\/uploads\/2022\/04\/Logo_Guerssen_trans_100.png\",\"contentUrl\":\"https:\/\/wpguerssen-test.odoo.rgbconsulting.com\/wp-content\/uploads\/2022\/04\/Logo_Guerssen_trans_100.png\",\"width\":122,\"height\":100,\"caption\":\"Guerssen records\"},\"image\":{\"@id\":\"https:\/\/wpguerssen-test.odoo.rgbconsulting.com\/es\/#\/schema\/logo\/image\/\"}}]}<\/script>\n<!-- \/ Yoast SEO plugin. -->","yoast_head_json":{"title":"JUNGLE BROTHERS - Done By The Forces Of Nature -  (2LP) | Guerssen","description":"The Jungle Brothers 1988 debut, Straight Out The Jungle, is important for many reasons. It is lo-fi and goofy, but had moments of real focus and social consciousness. It is a true kitchen sink record, that caught a rap fanbase enraptured by Eric B. & Rakim, Public Enemy, and Boogie Down Productions a bit off-guard. Also of note, beyond the excellence of the album itself, the Jungle Brothers were the fulcrum for what would become the Native Tongues movement - they came first, De La Soul and A Tribe Called Quest followed, under their guidance.By 1989, the group had even more confidence, plus a Warner Bros. contract and advance in their back pocket. They used it to great advantage on the self-produced and criminally underrated Done By The Forces Of Nature,expanding their sonic palette and continuing their Afrocentric approach to music and life. Singles like \"What U Waitin 4\" and \"Doin Our Own Dang\"(with De La Soul and Q-Tip, alongside Monie Love) show the group's fun side. But things weren't all fun and games, as deeper, more pensive album tracks like \"Black Woman\", \"Beeds On A String\", and \"Acknowledge Your Own History\" show. It was another accomplished mix of fun, frolic, and knowledge-of-self, proving that you could be serious in the rap game but still let off steam and fill the dancefloor.Done By The Forces Of Nature stands as one of the most cherished hip-hop documents of the late 80s among true-school heads. Get On Down is proud to present a new limited-edition pressing on Tri-Colored vinyl in agatefold jacket with full lyrics and numbered OBI limited to 1000 copies.","robots":{"index":"index","follow":"follow","max-snippet":"max-snippet:-1","max-image-preview":"max-image-preview:large","max-video-preview":"max-video-preview:-1"},"canonical":"https:\/\/wpguerssen-test.odoo.rgbconsulting.com\/es\/producto\/done-by-the-forces-of-nature\/","og_locale":"es_ES","og_type":"article","og_title":"JUNGLE BROTHERS - Done By The Forces Of Nature -  (2LP) | Guerssen","og_description":"The Jungle Brothers 1988 debut, Straight Out The Jungle, is important for many reasons. It is lo-fi and goofy, but had moments of real focus and social consciousness. It is a true kitchen sink record, that caught a rap fanbase enraptured by Eric B. & Rakim, Public Enemy, and Boogie Down Productions a bit off-guard. Also of note, beyond the excellence of the album itself, the Jungle Brothers were the fulcrum for what would become the Native Tongues movement - they came first, De La Soul and A Tribe Called Quest followed, under their guidance.By 1989, the group had even more confidence, plus a Warner Bros. contract and advance in their back pocket. They used it to great advantage on the self-produced and criminally underrated Done By The Forces Of Nature,expanding their sonic palette and continuing their Afrocentric approach to music and life. Singles like \"What U Waitin 4\" and \"Doin Our Own Dang\"(with De La Soul and Q-Tip, alongside Monie Love) show the group's fun side. But things weren't all fun and games, as deeper, more pensive album tracks like \"Black Woman\", \"Beeds On A String\", and \"Acknowledge Your Own History\" show. It was another accomplished mix of fun, frolic, and knowledge-of-self, proving that you could be serious in the rap game but still let off steam and fill the dancefloor.Done By The Forces Of Nature stands as one of the most cherished hip-hop documents of the late 80s among true-school heads. Get On Down is proud to present a new limited-edition pressing on Tri-Colored vinyl in agatefold jacket with full lyrics and numbered OBI limited to 1000 copies.","og_url":"https:\/\/wpguerssen-test.odoo.rgbconsulting.com\/es\/producto\/done-by-the-forces-of-nature\/","og_site_name":"Guerssen records","article_modified_time":"2025-03-03T15:10:31+00:00","og_image":[{"width":388,"height":388,"url":"https:\/\/wpguerssen-test.odoo.rgbconsulting.com\/wp-content\/uploads\/2024\/08\/48511.jpg","type":"image\/jpeg"}],"twitter_card":"summary_large_image","twitter_title":"JUNGLE BROTHERS - Done By The Forces Of Nature -  (2LP) | Guerssen","twitter_misc":{"Tiempo de lectura":"1 minuto"},"schema":{"@context":"https:\/\/schema.org","@graph":[{"@type":"WebPage","@id":"https:\/\/wpguerssen-test.odoo.rgbconsulting.com\/es\/producto\/done-by-the-forces-of-nature\/","url":"https:\/\/wpguerssen-test.odoo.rgbconsulting.com\/es\/producto\/done-by-the-forces-of-nature\/","name":"JUNGLE BROTHERS - Done By The Forces Of Nature - (2LP) | Guerssen","isPartOf":{"@id":"https:\/\/wpguerssen-test.odoo.rgbconsulting.com\/es\/#website"},"primaryImageOfPage":{"@id":"https:\/\/wpguerssen-test.odoo.rgbconsulting.com\/es\/producto\/done-by-the-forces-of-nature\/#primaryimage"},"image":{"@id":"https:\/\/wpguerssen-test.odoo.rgbconsulting.com\/es\/producto\/done-by-the-forces-of-nature\/#primaryimage"},"thumbnailUrl":"https:\/\/wpguerssen-test.odoo.rgbconsulting.com\/wp-content\/uploads\/2024\/08\/48511.jpg","datePublished":"2024-11-05T23:00:00+00:00","dateModified":"2025-03-03T15:10:31+00:00","description":"The Jungle Brothers 1988 debut, Straight Out The Jungle, is important for many reasons. It is lo-fi and goofy, but had moments of real focus and social consciousness. It is a true kitchen sink record, that caught a rap fanbase enraptured by Eric B. & Rakim, Public Enemy, and Boogie Down Productions a bit off-guard. Also of note, beyond the excellence of the album itself, the Jungle Brothers were the fulcrum for what would become the Native Tongues movement - they came first, De La Soul and A Tribe Called Quest followed, under their guidance.By 1989, the group had even more confidence, plus a Warner Bros. contract and advance in their back pocket. They used it to great advantage on the self-produced and criminally underrated Done By The Forces Of Nature,expanding their sonic palette and continuing their Afrocentric approach to music and life. Singles like \"What U Waitin 4\" and \"Doin Our Own Dang\"(with De La Soul and Q-Tip, alongside Monie Love) show the group's fun side. But things weren't all fun and games, as deeper, more pensive album tracks like \"Black Woman\", \"Beeds On A String\", and \"Acknowledge Your Own History\" show. It was another accomplished mix of fun, frolic, and knowledge-of-self, proving that you could be serious in the rap game but still let off steam and fill the dancefloor.Done By The Forces Of Nature stands as one of the most cherished hip-hop documents of the late 80s among true-school heads. Get On Down is proud to present a new limited-edition pressing on Tri-Colored vinyl in agatefold jacket with full lyrics and numbered OBI limited to 1000 copies.","breadcrumb":{"@id":"https:\/\/wpguerssen-test.odoo.rgbconsulting.com\/es\/producto\/done-by-the-forces-of-nature\/#breadcrumb"},"inLanguage":"es","potentialAction":[{"@type":"ReadAction","target":["https:\/\/wpguerssen-test.odoo.rgbconsulting.com\/es\/producto\/done-by-the-forces-of-nature\/"]}]},{"@type":"ImageObject","inLanguage":"es","@id":"https:\/\/wpguerssen-test.odoo.rgbconsulting.com\/es\/producto\/done-by-the-forces-of-nature\/#primaryimage","url":"https:\/\/wpguerssen-test.odoo.rgbconsulting.com\/wp-content\/uploads\/2024\/08\/48511.jpg","contentUrl":"https:\/\/wpguerssen-test.odoo.rgbconsulting.com\/wp-content\/uploads\/2024\/08\/48511.jpg","width":388,"height":388},{"@type":"BreadcrumbList","@id":"https:\/\/wpguerssen-test.odoo.rgbconsulting.com\/es\/producto\/done-by-the-forces-of-nature\/#breadcrumb","itemListElement":[{"@type":"ListItem","position":1,"name":"Inicio","item":"https:\/\/wpguerssen-test.odoo.rgbconsulting.com\/es\/"},{"@type":"ListItem","position":2,"name":"Shop","item":"https:\/\/wpguerssen-test.odoo.rgbconsulting.com\/shop\/"},{"@type":"ListItem","position":3,"name":"Done By The Forces Of Nature"}]},{"@type":"WebSite","@id":"https:\/\/wpguerssen-test.odoo.rgbconsulting.com\/es\/#website","url":"https:\/\/wpguerssen-test.odoo.rgbconsulting.com\/es\/","name":"Guerssen records","description":"psychedelia - progressive - folk - garage ","publisher":{"@id":"https:\/\/wpguerssen-test.odoo.rgbconsulting.com\/es\/#organization"},"potentialAction":[{"@type":"SearchAction","target":{"@type":"EntryPoint","urlTemplate":"https:\/\/wpguerssen-test.odoo.rgbconsulting.com\/es\/?s={search_term_string}"},"query-input":{"@type":"PropertyValueSpecification","valueRequired":true,"valueName":"search_term_string"}}],"inLanguage":"es"},{"@type":"Organization","@id":"https:\/\/wpguerssen-test.odoo.rgbconsulting.com\/es\/#organization","name":"Guerssen records","url":"https:\/\/wpguerssen-test.odoo.rgbconsulting.com\/es\/","logo":{"@type":"ImageObject","inLanguage":"es","@id":"https:\/\/wpguerssen-test.odoo.rgbconsulting.com\/es\/#\/schema\/logo\/image\/","url":"https:\/\/wpguerssen-test.odoo.rgbconsulting.com\/wp-content\/uploads\/2022\/04\/Logo_Guerssen_trans_100.png","contentUrl":"https:\/\/wpguerssen-test.odoo.rgbconsulting.com\/wp-content\/uploads\/2022\/04\/Logo_Guerssen_trans_100.png","width":122,"height":100,"caption":"Guerssen records"},"image":{"@id":"https:\/\/wpguerssen-test.odoo.rgbconsulting.com\/es\/#\/schema\/logo\/image\/"}}]}},"_links":{"self":[{"href":"https:\/\/wpguerssen-test.odoo.rgbconsulting.com\/es\/wp-json\/wp\/v2\/product\/273902","targetHints":{"allow":["GET"]}}],"collection":[{"href":"https:\/\/wpguerssen-test.odoo.rgbconsulting.com\/es\/wp-json\/wp\/v2\/product"}],"about":[{"href":"https:\/\/wpguerssen-test.odoo.rgbconsulting.com\/es\/wp-json\/wp\/v2\/types\/product"}],"wp:featuredmedia":[{"embeddable":true,"href":"https:\/\/wpguerssen-test.odoo.rgbconsulting.com\/es\/wp-json\/wp\/v2\/media\/273772"}],"wp:attachment":[{"href":"https:\/\/wpguerssen-test.odoo.rgbconsulting.com\/es\/wp-json\/wp\/v2\/media?parent=273902"}],"wp:term":[{"taxonomy":"product_brand","embeddable":true,"href":"https:\/\/wpguerssen-test.odoo.rgbconsulting.com\/es\/wp-json\/wp\/v2\/product_brand?post=273902"},{"taxonomy":"product_cat","embeddable":true,"href":"https:\/\/wpguerssen-test.odoo.rgbconsulting.com\/es\/wp-json\/wp\/v2\/product_cat?post=273902"},{"taxonomy":"product_tag","embeddable":true,"href":"https:\/\/wpguerssen-test.odoo.rgbconsulting.com\/es\/wp-json\/wp\/v2\/product_tag?post=273902"}],"curies":[{"name":"wp","href":"https:\/\/api.w.org\/{rel}","templated":true}]}}