{"id":273903,"date":"2024-11-06T00:00:00","date_gmt":"2024-11-05T23:00:00","guid":{"rendered":"https:\/\/wpguerssen-test.odoo.rgbconsulting.com\/product\/legends-never-die\/"},"modified":"2025-03-03T16:10:37","modified_gmt":"2025-03-03T15:10:37","slug":"legends-never-die","status":"publish","type":"product","link":"https:\/\/wpguerssen-test.odoo.rgbconsulting.com\/es\/producto\/legends-never-die\/","title":{"rendered":"Legends Never Die"},"content":{"rendered":"<p>Pocos artistas son tan controvertidos como influyentes. La leyenda de Nueva York R.A. The Rugged Man ha estado a la altura de esta fama al combinar la autenticidad de su innegablemente dura vida con indiscutibles habilidades con el micr\u00f3fono. Entre los letristas m\u00e1s talentosos que jam\u00e1s haya visto el hip-hop, R.A. irrumpi\u00f3 en escena con una desafortunada temporada en Jive Records a principios de la d\u00e9cada de 1990, antes de convertirse finalmente en un pionero del rap independiente. Ahora, tres d\u00e9cadas despu\u00e9s de su llegada, R.A. Es improbable que haya sobrevivido a casi todos sus compa\u00f1eros. Despu\u00e9s de haber sido prohibido, olvidado, vetado y dado por muerto, Rugged Man de alguna manera ha emergido como una de las figuras m\u00e1s importantes del hip-hop underground, con una carrera pr\u00f3spera, una agenda de giras ininterrumpida y una base de fans ac\u00e9rrimos. Su \u00e1lbum de 2013, Legends Never Die, es recordado como el cl\u00e1sico que solidific\u00f3 esta reputaci\u00f3n, equilibrando un lirismo t\u00e9cnicamente brillante con una honestidad cruda y una producci\u00f3n que asiente con la cabeza. Con invitados de primer nivel como Tech N9ne, Hopsin, Talib Kweli, Brother Ali, Krizz Kaliko, Vinnie Paz, Masta Ace, Sadat X y m\u00e1s, Legends Never Die no es solo una celebraci\u00f3n de la ilustre historia de R.A., sino tambi\u00e9n una emocionante mira lo que est\u00e1 por venir.<\/p>\n","protected":false},"excerpt":{"rendered":"<p>Pocos artistas son tan controvertidos como influyentes. La leyenda de Nueva York R.A. The Rugged Man ha estado a la altura de esta fama al combinar la autenticidad<a class=\"read\" href=\"https:\/\/wpguerssen-test.odoo.rgbconsulting.com\/es\/producto\/legends-never-die\/\"> (...)<\/a>","protected":false},"featured_media":273778,"template":"","meta":{"_acf_changed":false},"product_brand":[],"product_cat":[21706],"product_tag":[],"class_list":{"0":"post-273903","1":"product","2":"type-product","3":"status-publish","4":"has-post-thumbnail","6":"product_cat-rap-hip-hop-es","7":"pa_artist-r-a-the-rugged-man","8":"pa_format-lp-es","9":"pa_gender-rap-hip-hop","10":"pa_label-nature-sounds","11":"pa_location-north-america-es","12":"pa_other-filters-vinyl-only-es","14":"first","15":"instock","16":"taxable","17":"shipping-taxable","18":"purchasable","19":"product-type-simple"},"acf":[],"yoast_head":"<!-- This site is optimized with the Yoast SEO plugin v24.9 - https:\/\/yoast.com\/wordpress\/plugins\/seo\/ -->\n<title>R.A. THE RUGGED MAN - Legends Never Die -  (LP) | Guerssen<\/title>\n<meta name=\"description\" content=\"Few artists are ever as controversial as they are influential. New York legend R.A. The Rugged Man has lived up to this billing by combining the authenticity of his undeniably rugged life with undisputed mic skills. Among the most gifted lyricists hip-hop has ever seen, R.A. burst onto the scene with an ill-fated stint on Jive Records in the early 1990s, before eventually becoming a pioneer of the independent rap hustle. Now, three decades after his arrival, R.A. has improbably outlasted nearly all of his peers. Having been banned, forgotten, blackballed, and left for dead, the Rugged Man has somehow emerged as one of the most important figures in underground hip-hop, with a thriving career, a nonstop touring schedule, and a die-hard fan base. His 2013 album Legends Never Die is remembered as the classic that solidified this reputation, balancing technically brilliant lyricism with raw honesty and head-nodding production. Featuring A-list guests like Tech N9ne, Hopsin, Talib Kweli, Brother Ali, Krizz Kaliko, Vinnie Paz, Masta Ace, Sadat X, and more, Legends Never Die is not only a celebration of R.A.&#039;s illustrious history, but an exciting look at what&#039;s still to come.\" \/>\n<meta name=\"robots\" content=\"index, follow, max-snippet:-1, max-image-preview:large, max-video-preview:-1\" \/>\n<link rel=\"canonical\" href=\"https:\/\/wpguerssen-test.odoo.rgbconsulting.com\/es\/producto\/legends-never-die\/\" \/>\n<meta property=\"og:locale\" content=\"es_ES\" \/>\n<meta property=\"og:type\" content=\"article\" \/>\n<meta property=\"og:title\" content=\"R.A. THE RUGGED MAN - Legends Never Die -  (LP) | Guerssen\" \/>\n<meta property=\"og:description\" content=\"Few artists are ever as controversial as they are influential. New York legend R.A. The Rugged Man has lived up to this billing by combining the authenticity of his undeniably rugged life with undisputed mic skills. Among the most gifted lyricists hip-hop has ever seen, R.A. burst onto the scene with an ill-fated stint on Jive Records in the early 1990s, before eventually becoming a pioneer of the independent rap hustle. Now, three decades after his arrival, R.A. has improbably outlasted nearly all of his peers. Having been banned, forgotten, blackballed, and left for dead, the Rugged Man has somehow emerged as one of the most important figures in underground hip-hop, with a thriving career, a nonstop touring schedule, and a die-hard fan base. His 2013 album Legends Never Die is remembered as the classic that solidified this reputation, balancing technically brilliant lyricism with raw honesty and head-nodding production. Featuring A-list guests like Tech N9ne, Hopsin, Talib Kweli, Brother Ali, Krizz Kaliko, Vinnie Paz, Masta Ace, Sadat X, and more, Legends Never Die is not only a celebration of R.A.&#039;s illustrious history, but an exciting look at what&#039;s still to come.\" \/>\n<meta property=\"og:url\" content=\"https:\/\/wpguerssen-test.odoo.rgbconsulting.com\/es\/producto\/legends-never-die\/\" \/>\n<meta property=\"og:site_name\" content=\"Guerssen records\" \/>\n<meta property=\"article:modified_time\" content=\"2025-03-03T15:10:37+00:00\" \/>\n<meta property=\"og:image\" content=\"https:\/\/wpguerssen-test.odoo.rgbconsulting.com\/wp-content\/uploads\/2024\/08\/48512.jpg\" \/>\n\t<meta property=\"og:image:width\" content=\"400\" \/>\n\t<meta property=\"og:image:height\" content=\"400\" \/>\n\t<meta property=\"og:image:type\" content=\"image\/jpeg\" \/>\n<meta name=\"twitter:card\" content=\"summary_large_image\" \/>\n<meta name=\"twitter:title\" content=\"R.A. THE RUGGED MAN - Legends Never Die -  (LP) | Guerssen\" \/>\n<meta name=\"twitter:label1\" content=\"Tiempo de lectura\" \/>\n\t<meta name=\"twitter:data1\" content=\"1 minuto\" \/>\n<script type=\"application\/ld+json\" class=\"yoast-schema-graph\">{\"@context\":\"https:\/\/schema.org\",\"@graph\":[{\"@type\":\"WebPage\",\"@id\":\"https:\/\/wpguerssen-test.odoo.rgbconsulting.com\/es\/producto\/legends-never-die\/\",\"url\":\"https:\/\/wpguerssen-test.odoo.rgbconsulting.com\/es\/producto\/legends-never-die\/\",\"name\":\"R.A. THE RUGGED MAN - Legends Never Die - (LP) | Guerssen\",\"isPartOf\":{\"@id\":\"https:\/\/wpguerssen-test.odoo.rgbconsulting.com\/es\/#website\"},\"primaryImageOfPage\":{\"@id\":\"https:\/\/wpguerssen-test.odoo.rgbconsulting.com\/es\/producto\/legends-never-die\/#primaryimage\"},\"image\":{\"@id\":\"https:\/\/wpguerssen-test.odoo.rgbconsulting.com\/es\/producto\/legends-never-die\/#primaryimage\"},\"thumbnailUrl\":\"https:\/\/wpguerssen-test.odoo.rgbconsulting.com\/wp-content\/uploads\/2024\/08\/48512.jpg\",\"datePublished\":\"2024-11-05T23:00:00+00:00\",\"dateModified\":\"2025-03-03T15:10:37+00:00\",\"description\":\"Few artists are ever as controversial as they are influential. New York legend R.A. The Rugged Man has lived up to this billing by combining the authenticity of his undeniably rugged life with undisputed mic skills. Among the most gifted lyricists hip-hop has ever seen, R.A. burst onto the scene with an ill-fated stint on Jive Records in the early 1990s, before eventually becoming a pioneer of the independent rap hustle. Now, three decades after his arrival, R.A. has improbably outlasted nearly all of his peers. Having been banned, forgotten, blackballed, and left for dead, the Rugged Man has somehow emerged as one of the most important figures in underground hip-hop, with a thriving career, a nonstop touring schedule, and a die-hard fan base. His 2013 album Legends Never Die is remembered as the classic that solidified this reputation, balancing technically brilliant lyricism with raw honesty and head-nodding production. Featuring A-list guests like Tech N9ne, Hopsin, Talib Kweli, Brother Ali, Krizz Kaliko, Vinnie Paz, Masta Ace, Sadat X, and more, Legends Never Die is not only a celebration of R.A.'s illustrious history, but an exciting look at what's still to come.\",\"breadcrumb\":{\"@id\":\"https:\/\/wpguerssen-test.odoo.rgbconsulting.com\/es\/producto\/legends-never-die\/#breadcrumb\"},\"inLanguage\":\"es\",\"potentialAction\":[{\"@type\":\"ReadAction\",\"target\":[\"https:\/\/wpguerssen-test.odoo.rgbconsulting.com\/es\/producto\/legends-never-die\/\"]}]},{\"@type\":\"ImageObject\",\"inLanguage\":\"es\",\"@id\":\"https:\/\/wpguerssen-test.odoo.rgbconsulting.com\/es\/producto\/legends-never-die\/#primaryimage\",\"url\":\"https:\/\/wpguerssen-test.odoo.rgbconsulting.com\/wp-content\/uploads\/2024\/08\/48512.jpg\",\"contentUrl\":\"https:\/\/wpguerssen-test.odoo.rgbconsulting.com\/wp-content\/uploads\/2024\/08\/48512.jpg\",\"width\":400,\"height\":400},{\"@type\":\"BreadcrumbList\",\"@id\":\"https:\/\/wpguerssen-test.odoo.rgbconsulting.com\/es\/producto\/legends-never-die\/#breadcrumb\",\"itemListElement\":[{\"@type\":\"ListItem\",\"position\":1,\"name\":\"Inicio\",\"item\":\"https:\/\/wpguerssen-test.odoo.rgbconsulting.com\/es\/\"},{\"@type\":\"ListItem\",\"position\":2,\"name\":\"Shop\",\"item\":\"https:\/\/wpguerssen-test.odoo.rgbconsulting.com\/shop\/\"},{\"@type\":\"ListItem\",\"position\":3,\"name\":\"Legends Never Die\"}]},{\"@type\":\"WebSite\",\"@id\":\"https:\/\/wpguerssen-test.odoo.rgbconsulting.com\/es\/#website\",\"url\":\"https:\/\/wpguerssen-test.odoo.rgbconsulting.com\/es\/\",\"name\":\"Guerssen records\",\"description\":\"psychedelia - progressive - folk - garage \",\"publisher\":{\"@id\":\"https:\/\/wpguerssen-test.odoo.rgbconsulting.com\/es\/#organization\"},\"potentialAction\":[{\"@type\":\"SearchAction\",\"target\":{\"@type\":\"EntryPoint\",\"urlTemplate\":\"https:\/\/wpguerssen-test.odoo.rgbconsulting.com\/es\/?s={search_term_string}\"},\"query-input\":{\"@type\":\"PropertyValueSpecification\",\"valueRequired\":true,\"valueName\":\"search_term_string\"}}],\"inLanguage\":\"es\"},{\"@type\":\"Organization\",\"@id\":\"https:\/\/wpguerssen-test.odoo.rgbconsulting.com\/es\/#organization\",\"name\":\"Guerssen records\",\"url\":\"https:\/\/wpguerssen-test.odoo.rgbconsulting.com\/es\/\",\"logo\":{\"@type\":\"ImageObject\",\"inLanguage\":\"es\",\"@id\":\"https:\/\/wpguerssen-test.odoo.rgbconsulting.com\/es\/#\/schema\/logo\/image\/\",\"url\":\"https:\/\/wpguerssen-test.odoo.rgbconsulting.com\/wp-content\/uploads\/2022\/04\/Logo_Guerssen_trans_100.png\",\"contentUrl\":\"https:\/\/wpguerssen-test.odoo.rgbconsulting.com\/wp-content\/uploads\/2022\/04\/Logo_Guerssen_trans_100.png\",\"width\":122,\"height\":100,\"caption\":\"Guerssen records\"},\"image\":{\"@id\":\"https:\/\/wpguerssen-test.odoo.rgbconsulting.com\/es\/#\/schema\/logo\/image\/\"}}]}<\/script>\n<!-- \/ Yoast SEO plugin. -->","yoast_head_json":{"title":"R.A. THE RUGGED MAN - Legends Never Die -  (LP) | Guerssen","description":"Few artists are ever as controversial as they are influential. New York legend R.A. The Rugged Man has lived up to this billing by combining the authenticity of his undeniably rugged life with undisputed mic skills. Among the most gifted lyricists hip-hop has ever seen, R.A. burst onto the scene with an ill-fated stint on Jive Records in the early 1990s, before eventually becoming a pioneer of the independent rap hustle. Now, three decades after his arrival, R.A. has improbably outlasted nearly all of his peers. Having been banned, forgotten, blackballed, and left for dead, the Rugged Man has somehow emerged as one of the most important figures in underground hip-hop, with a thriving career, a nonstop touring schedule, and a die-hard fan base. His 2013 album Legends Never Die is remembered as the classic that solidified this reputation, balancing technically brilliant lyricism with raw honesty and head-nodding production. Featuring A-list guests like Tech N9ne, Hopsin, Talib Kweli, Brother Ali, Krizz Kaliko, Vinnie Paz, Masta Ace, Sadat X, and more, Legends Never Die is not only a celebration of R.A.'s illustrious history, but an exciting look at what's still to come.","robots":{"index":"index","follow":"follow","max-snippet":"max-snippet:-1","max-image-preview":"max-image-preview:large","max-video-preview":"max-video-preview:-1"},"canonical":"https:\/\/wpguerssen-test.odoo.rgbconsulting.com\/es\/producto\/legends-never-die\/","og_locale":"es_ES","og_type":"article","og_title":"R.A. THE RUGGED MAN - Legends Never Die -  (LP) | Guerssen","og_description":"Few artists are ever as controversial as they are influential. New York legend R.A. The Rugged Man has lived up to this billing by combining the authenticity of his undeniably rugged life with undisputed mic skills. Among the most gifted lyricists hip-hop has ever seen, R.A. burst onto the scene with an ill-fated stint on Jive Records in the early 1990s, before eventually becoming a pioneer of the independent rap hustle. Now, three decades after his arrival, R.A. has improbably outlasted nearly all of his peers. Having been banned, forgotten, blackballed, and left for dead, the Rugged Man has somehow emerged as one of the most important figures in underground hip-hop, with a thriving career, a nonstop touring schedule, and a die-hard fan base. His 2013 album Legends Never Die is remembered as the classic that solidified this reputation, balancing technically brilliant lyricism with raw honesty and head-nodding production. Featuring A-list guests like Tech N9ne, Hopsin, Talib Kweli, Brother Ali, Krizz Kaliko, Vinnie Paz, Masta Ace, Sadat X, and more, Legends Never Die is not only a celebration of R.A.'s illustrious history, but an exciting look at what's still to come.","og_url":"https:\/\/wpguerssen-test.odoo.rgbconsulting.com\/es\/producto\/legends-never-die\/","og_site_name":"Guerssen records","article_modified_time":"2025-03-03T15:10:37+00:00","og_image":[{"width":400,"height":400,"url":"https:\/\/wpguerssen-test.odoo.rgbconsulting.com\/wp-content\/uploads\/2024\/08\/48512.jpg","type":"image\/jpeg"}],"twitter_card":"summary_large_image","twitter_title":"R.A. THE RUGGED MAN - Legends Never Die -  (LP) | Guerssen","twitter_misc":{"Tiempo de lectura":"1 minuto"},"schema":{"@context":"https:\/\/schema.org","@graph":[{"@type":"WebPage","@id":"https:\/\/wpguerssen-test.odoo.rgbconsulting.com\/es\/producto\/legends-never-die\/","url":"https:\/\/wpguerssen-test.odoo.rgbconsulting.com\/es\/producto\/legends-never-die\/","name":"R.A. THE RUGGED MAN - Legends Never Die - (LP) | Guerssen","isPartOf":{"@id":"https:\/\/wpguerssen-test.odoo.rgbconsulting.com\/es\/#website"},"primaryImageOfPage":{"@id":"https:\/\/wpguerssen-test.odoo.rgbconsulting.com\/es\/producto\/legends-never-die\/#primaryimage"},"image":{"@id":"https:\/\/wpguerssen-test.odoo.rgbconsulting.com\/es\/producto\/legends-never-die\/#primaryimage"},"thumbnailUrl":"https:\/\/wpguerssen-test.odoo.rgbconsulting.com\/wp-content\/uploads\/2024\/08\/48512.jpg","datePublished":"2024-11-05T23:00:00+00:00","dateModified":"2025-03-03T15:10:37+00:00","description":"Few artists are ever as controversial as they are influential. New York legend R.A. The Rugged Man has lived up to this billing by combining the authenticity of his undeniably rugged life with undisputed mic skills. Among the most gifted lyricists hip-hop has ever seen, R.A. burst onto the scene with an ill-fated stint on Jive Records in the early 1990s, before eventually becoming a pioneer of the independent rap hustle. Now, three decades after his arrival, R.A. has improbably outlasted nearly all of his peers. Having been banned, forgotten, blackballed, and left for dead, the Rugged Man has somehow emerged as one of the most important figures in underground hip-hop, with a thriving career, a nonstop touring schedule, and a die-hard fan base. His 2013 album Legends Never Die is remembered as the classic that solidified this reputation, balancing technically brilliant lyricism with raw honesty and head-nodding production. Featuring A-list guests like Tech N9ne, Hopsin, Talib Kweli, Brother Ali, Krizz Kaliko, Vinnie Paz, Masta Ace, Sadat X, and more, Legends Never Die is not only a celebration of R.A.'s illustrious history, but an exciting look at what's still to come.","breadcrumb":{"@id":"https:\/\/wpguerssen-test.odoo.rgbconsulting.com\/es\/producto\/legends-never-die\/#breadcrumb"},"inLanguage":"es","potentialAction":[{"@type":"ReadAction","target":["https:\/\/wpguerssen-test.odoo.rgbconsulting.com\/es\/producto\/legends-never-die\/"]}]},{"@type":"ImageObject","inLanguage":"es","@id":"https:\/\/wpguerssen-test.odoo.rgbconsulting.com\/es\/producto\/legends-never-die\/#primaryimage","url":"https:\/\/wpguerssen-test.odoo.rgbconsulting.com\/wp-content\/uploads\/2024\/08\/48512.jpg","contentUrl":"https:\/\/wpguerssen-test.odoo.rgbconsulting.com\/wp-content\/uploads\/2024\/08\/48512.jpg","width":400,"height":400},{"@type":"BreadcrumbList","@id":"https:\/\/wpguerssen-test.odoo.rgbconsulting.com\/es\/producto\/legends-never-die\/#breadcrumb","itemListElement":[{"@type":"ListItem","position":1,"name":"Inicio","item":"https:\/\/wpguerssen-test.odoo.rgbconsulting.com\/es\/"},{"@type":"ListItem","position":2,"name":"Shop","item":"https:\/\/wpguerssen-test.odoo.rgbconsulting.com\/shop\/"},{"@type":"ListItem","position":3,"name":"Legends Never Die"}]},{"@type":"WebSite","@id":"https:\/\/wpguerssen-test.odoo.rgbconsulting.com\/es\/#website","url":"https:\/\/wpguerssen-test.odoo.rgbconsulting.com\/es\/","name":"Guerssen records","description":"psychedelia - progressive - folk - garage ","publisher":{"@id":"https:\/\/wpguerssen-test.odoo.rgbconsulting.com\/es\/#organization"},"potentialAction":[{"@type":"SearchAction","target":{"@type":"EntryPoint","urlTemplate":"https:\/\/wpguerssen-test.odoo.rgbconsulting.com\/es\/?s={search_term_string}"},"query-input":{"@type":"PropertyValueSpecification","valueRequired":true,"valueName":"search_term_string"}}],"inLanguage":"es"},{"@type":"Organization","@id":"https:\/\/wpguerssen-test.odoo.rgbconsulting.com\/es\/#organization","name":"Guerssen records","url":"https:\/\/wpguerssen-test.odoo.rgbconsulting.com\/es\/","logo":{"@type":"ImageObject","inLanguage":"es","@id":"https:\/\/wpguerssen-test.odoo.rgbconsulting.com\/es\/#\/schema\/logo\/image\/","url":"https:\/\/wpguerssen-test.odoo.rgbconsulting.com\/wp-content\/uploads\/2022\/04\/Logo_Guerssen_trans_100.png","contentUrl":"https:\/\/wpguerssen-test.odoo.rgbconsulting.com\/wp-content\/uploads\/2022\/04\/Logo_Guerssen_trans_100.png","width":122,"height":100,"caption":"Guerssen records"},"image":{"@id":"https:\/\/wpguerssen-test.odoo.rgbconsulting.com\/es\/#\/schema\/logo\/image\/"}}]}},"_links":{"self":[{"href":"https:\/\/wpguerssen-test.odoo.rgbconsulting.com\/es\/wp-json\/wp\/v2\/product\/273903","targetHints":{"allow":["GET"]}}],"collection":[{"href":"https:\/\/wpguerssen-test.odoo.rgbconsulting.com\/es\/wp-json\/wp\/v2\/product"}],"about":[{"href":"https:\/\/wpguerssen-test.odoo.rgbconsulting.com\/es\/wp-json\/wp\/v2\/types\/product"}],"wp:featuredmedia":[{"embeddable":true,"href":"https:\/\/wpguerssen-test.odoo.rgbconsulting.com\/es\/wp-json\/wp\/v2\/media\/273778"}],"wp:attachment":[{"href":"https:\/\/wpguerssen-test.odoo.rgbconsulting.com\/es\/wp-json\/wp\/v2\/media?parent=273903"}],"wp:term":[{"taxonomy":"product_brand","embeddable":true,"href":"https:\/\/wpguerssen-test.odoo.rgbconsulting.com\/es\/wp-json\/wp\/v2\/product_brand?post=273903"},{"taxonomy":"product_cat","embeddable":true,"href":"https:\/\/wpguerssen-test.odoo.rgbconsulting.com\/es\/wp-json\/wp\/v2\/product_cat?post=273903"},{"taxonomy":"product_tag","embeddable":true,"href":"https:\/\/wpguerssen-test.odoo.rgbconsulting.com\/es\/wp-json\/wp\/v2\/product_tag?post=273903"}],"curies":[{"name":"wp","href":"https:\/\/api.w.org\/{rel}","templated":true}]}}