{"id":273905,"date":"2024-11-06T00:00:00","date_gmt":"2024-11-05T23:00:00","guid":{"rendered":"https:\/\/wpguerssen-test.odoo.rgbconsulting.com\/product\/f-u-n\/"},"modified":"2025-03-03T16:17:26","modified_gmt":"2025-03-03T15:17:26","slug":"f-u-n","status":"publish","type":"product","link":"https:\/\/wpguerssen-test.odoo.rgbconsulting.com\/es\/producto\/f-u-n\/","title":{"rendered":"F.U.N."},"content":{"rendered":"<p>El \u00faltimo \u00e1lbum de larga duraci\u00f3n de la banda de Detroit, Slum Village,F.U.N., ahora ha llegado al vinilo. El proyecto de 12 pistas es su primer \u00e1lbum en casi diez a\u00f1os e incluye nuevas colaboraciones con Larry June, Cordae, Eric Roberson, Robert Glasper, Karriem Riggins, Abstract Orchestra, Sango, Phat Kat, Daru Jones, Earlly Mac, The Dramatics.y m\u00e1s.<\/p>\n","protected":false},"excerpt":{"rendered":"<p>El \u00faltimo \u00e1lbum de larga duraci\u00f3n de la banda de Detroit, Slum Village,F.U.N., ahora ha llegado al vinilo. El proyecto de 12 pistas es su primer \u00e1lbum en casi<a class=\"read\" href=\"https:\/\/wpguerssen-test.odoo.rgbconsulting.com\/es\/producto\/f-u-n\/\"> (...)<\/a>","protected":false},"featured_media":273776,"template":"","meta":{"_acf_changed":false},"product_brand":[],"product_cat":[21706],"product_tag":[],"class_list":{"0":"post-273905","1":"product","2":"type-product","3":"status-publish","4":"has-post-thumbnail","6":"product_cat-rap-hip-hop-es","7":"pa_artist-slum-village","8":"pa_format-lp-es","9":"pa_gender-rap-hip-hop","10":"pa_label-neastra-music-group","11":"pa_location-north-america-es","12":"pa_other-filters-vinyl-only-es","14":"first","15":"instock","16":"taxable","17":"shipping-taxable","18":"purchasable","19":"product-type-simple"},"acf":[],"yoast_head":"<!-- This site is optimized with the Yoast SEO plugin v24.9 - https:\/\/yoast.com\/wordpress\/plugins\/seo\/ -->\n<title>SLUM VILLAGE - F.U.N. -  (LP) | Guerssen<\/title>\n<meta name=\"description\" content=\"The latest full length album from Detroit mainstays Slum Village,F.U.N., has now made its way to vinyl. The 12-track project is their first album in nearly ten years and includes fresh collaborations with Larry June, Cordae, Eric Roberson, Robert Glasper , Karriem Riggins, Abstract Orchestra, Sango, Phat Kat, Daru Jones, Earlly Mac, The Dramaticsand more. 2015&#039;s critically acclaimed Yes! further cemented T3and Young RJ&#039;s ability to effectively carry on the legacy of theseminal rap group, retaining its essence while evolving its soundwith fresh new energy. However, with last year&#039;s sold out tour inEurope, and the release of the Larry June and The Dramatics-assisted &quot;Just Like You&quot;, it was revealed that the duo wasback in the lab together working on a new Slum Village album.F.U.N. finds Slum Village expanding on their signature certainsound, but still staying close to their hometown roots: Young RJexplains- &quot;We wanted to just try something new, so we focusedon making Disco-inspired music,&quot; and T3 notes that the recordingprocess all &quot;began with collecting old Disco records.&quot;For fans who wonder why the sonic shift, and why the longhiatus between proper albums, T3 says &quot;Slum is still here.We&#039;re still relevant and we&#039;re still trying to push the envelope.Sometimes people put too many rules on music, and withoutsounding cliche, we wanted to just have fun with [this album].&quot;F.U.N., indeed.\" \/>\n<meta name=\"robots\" content=\"index, follow, max-snippet:-1, max-image-preview:large, max-video-preview:-1\" \/>\n<link rel=\"canonical\" href=\"https:\/\/wpguerssen-test.odoo.rgbconsulting.com\/es\/producto\/f-u-n\/\" \/>\n<meta property=\"og:locale\" content=\"es_ES\" \/>\n<meta property=\"og:type\" content=\"article\" \/>\n<meta property=\"og:title\" content=\"SLUM VILLAGE - F.U.N. -  (LP) | Guerssen\" \/>\n<meta property=\"og:description\" content=\"The latest full length album from Detroit mainstays Slum Village,F.U.N., has now made its way to vinyl. The 12-track project is their first album in nearly ten years and includes fresh collaborations with Larry June, Cordae, Eric Roberson, Robert Glasper , Karriem Riggins, Abstract Orchestra, Sango, Phat Kat, Daru Jones, Earlly Mac, The Dramaticsand more. 2015&#039;s critically acclaimed Yes! further cemented T3and Young RJ&#039;s ability to effectively carry on the legacy of theseminal rap group, retaining its essence while evolving its soundwith fresh new energy. However, with last year&#039;s sold out tour inEurope, and the release of the Larry June and The Dramatics-assisted &quot;Just Like You&quot;, it was revealed that the duo wasback in the lab together working on a new Slum Village album.F.U.N. finds Slum Village expanding on their signature certainsound, but still staying close to their hometown roots: Young RJexplains- &quot;We wanted to just try something new, so we focusedon making Disco-inspired music,&quot; and T3 notes that the recordingprocess all &quot;began with collecting old Disco records.&quot;For fans who wonder why the sonic shift, and why the longhiatus between proper albums, T3 says &quot;Slum is still here.We&#039;re still relevant and we&#039;re still trying to push the envelope.Sometimes people put too many rules on music, and withoutsounding cliche, we wanted to just have fun with [this album].&quot;F.U.N., indeed.\" \/>\n<meta property=\"og:url\" content=\"https:\/\/wpguerssen-test.odoo.rgbconsulting.com\/es\/producto\/f-u-n\/\" \/>\n<meta property=\"og:site_name\" content=\"Guerssen records\" \/>\n<meta property=\"article:modified_time\" content=\"2025-03-03T15:17:26+00:00\" \/>\n<meta property=\"og:image\" content=\"https:\/\/wpguerssen-test.odoo.rgbconsulting.com\/wp-content\/uploads\/2024\/08\/48514.jpg\" \/>\n\t<meta property=\"og:image:width\" content=\"413\" \/>\n\t<meta property=\"og:image:height\" content=\"413\" \/>\n\t<meta property=\"og:image:type\" content=\"image\/jpeg\" \/>\n<meta name=\"twitter:card\" content=\"summary_large_image\" \/>\n<meta name=\"twitter:title\" content=\"SLUM VILLAGE - F.U.N. -  (LP) | Guerssen\" \/>\n<script type=\"application\/ld+json\" class=\"yoast-schema-graph\">{\"@context\":\"https:\/\/schema.org\",\"@graph\":[{\"@type\":\"WebPage\",\"@id\":\"https:\/\/wpguerssen-test.odoo.rgbconsulting.com\/es\/producto\/f-u-n\/\",\"url\":\"https:\/\/wpguerssen-test.odoo.rgbconsulting.com\/es\/producto\/f-u-n\/\",\"name\":\"SLUM VILLAGE - F.U.N. - (LP) | Guerssen\",\"isPartOf\":{\"@id\":\"https:\/\/wpguerssen-test.odoo.rgbconsulting.com\/es\/#website\"},\"primaryImageOfPage\":{\"@id\":\"https:\/\/wpguerssen-test.odoo.rgbconsulting.com\/es\/producto\/f-u-n\/#primaryimage\"},\"image\":{\"@id\":\"https:\/\/wpguerssen-test.odoo.rgbconsulting.com\/es\/producto\/f-u-n\/#primaryimage\"},\"thumbnailUrl\":\"https:\/\/wpguerssen-test.odoo.rgbconsulting.com\/wp-content\/uploads\/2024\/08\/48514.jpg\",\"datePublished\":\"2024-11-05T23:00:00+00:00\",\"dateModified\":\"2025-03-03T15:17:26+00:00\",\"description\":\"The latest full length album from Detroit mainstays Slum Village,F.U.N., has now made its way to vinyl. The 12-track project is their first album in nearly ten years and includes fresh collaborations with Larry June, Cordae, Eric Roberson, Robert Glasper , Karriem Riggins, Abstract Orchestra, Sango, Phat Kat, Daru Jones, Earlly Mac, The Dramaticsand more. 2015's critically acclaimed Yes! further cemented T3and Young RJ's ability to effectively carry on the legacy of theseminal rap group, retaining its essence while evolving its soundwith fresh new energy. However, with last year's sold out tour inEurope, and the release of the Larry June and The Dramatics-assisted \\\"Just Like You\\\", it was revealed that the duo wasback in the lab together working on a new Slum Village album.F.U.N. finds Slum Village expanding on their signature certainsound, but still staying close to their hometown roots: Young RJexplains- \\\"We wanted to just try something new, so we focusedon making Disco-inspired music,\\\" and T3 notes that the recordingprocess all \\\"began with collecting old Disco records.\\\"For fans who wonder why the sonic shift, and why the longhiatus between proper albums, T3 says \\\"Slum is still here.We're still relevant and we're still trying to push the envelope.Sometimes people put too many rules on music, and withoutsounding cliche, we wanted to just have fun with [this album].\\\"F.U.N., indeed.\",\"breadcrumb\":{\"@id\":\"https:\/\/wpguerssen-test.odoo.rgbconsulting.com\/es\/producto\/f-u-n\/#breadcrumb\"},\"inLanguage\":\"es\",\"potentialAction\":[{\"@type\":\"ReadAction\",\"target\":[\"https:\/\/wpguerssen-test.odoo.rgbconsulting.com\/es\/producto\/f-u-n\/\"]}]},{\"@type\":\"ImageObject\",\"inLanguage\":\"es\",\"@id\":\"https:\/\/wpguerssen-test.odoo.rgbconsulting.com\/es\/producto\/f-u-n\/#primaryimage\",\"url\":\"https:\/\/wpguerssen-test.odoo.rgbconsulting.com\/wp-content\/uploads\/2024\/08\/48514.jpg\",\"contentUrl\":\"https:\/\/wpguerssen-test.odoo.rgbconsulting.com\/wp-content\/uploads\/2024\/08\/48514.jpg\",\"width\":413,\"height\":413},{\"@type\":\"BreadcrumbList\",\"@id\":\"https:\/\/wpguerssen-test.odoo.rgbconsulting.com\/es\/producto\/f-u-n\/#breadcrumb\",\"itemListElement\":[{\"@type\":\"ListItem\",\"position\":1,\"name\":\"Inicio\",\"item\":\"https:\/\/wpguerssen-test.odoo.rgbconsulting.com\/es\/\"},{\"@type\":\"ListItem\",\"position\":2,\"name\":\"Shop\",\"item\":\"https:\/\/wpguerssen-test.odoo.rgbconsulting.com\/shop\/\"},{\"@type\":\"ListItem\",\"position\":3,\"name\":\"F.U.N.\"}]},{\"@type\":\"WebSite\",\"@id\":\"https:\/\/wpguerssen-test.odoo.rgbconsulting.com\/es\/#website\",\"url\":\"https:\/\/wpguerssen-test.odoo.rgbconsulting.com\/es\/\",\"name\":\"Guerssen records\",\"description\":\"psychedelia - progressive - folk - garage \",\"publisher\":{\"@id\":\"https:\/\/wpguerssen-test.odoo.rgbconsulting.com\/es\/#organization\"},\"potentialAction\":[{\"@type\":\"SearchAction\",\"target\":{\"@type\":\"EntryPoint\",\"urlTemplate\":\"https:\/\/wpguerssen-test.odoo.rgbconsulting.com\/es\/?s={search_term_string}\"},\"query-input\":{\"@type\":\"PropertyValueSpecification\",\"valueRequired\":true,\"valueName\":\"search_term_string\"}}],\"inLanguage\":\"es\"},{\"@type\":\"Organization\",\"@id\":\"https:\/\/wpguerssen-test.odoo.rgbconsulting.com\/es\/#organization\",\"name\":\"Guerssen records\",\"url\":\"https:\/\/wpguerssen-test.odoo.rgbconsulting.com\/es\/\",\"logo\":{\"@type\":\"ImageObject\",\"inLanguage\":\"es\",\"@id\":\"https:\/\/wpguerssen-test.odoo.rgbconsulting.com\/es\/#\/schema\/logo\/image\/\",\"url\":\"https:\/\/wpguerssen-test.odoo.rgbconsulting.com\/wp-content\/uploads\/2022\/04\/Logo_Guerssen_trans_100.png\",\"contentUrl\":\"https:\/\/wpguerssen-test.odoo.rgbconsulting.com\/wp-content\/uploads\/2022\/04\/Logo_Guerssen_trans_100.png\",\"width\":122,\"height\":100,\"caption\":\"Guerssen records\"},\"image\":{\"@id\":\"https:\/\/wpguerssen-test.odoo.rgbconsulting.com\/es\/#\/schema\/logo\/image\/\"}}]}<\/script>\n<!-- \/ Yoast SEO plugin. -->","yoast_head_json":{"title":"SLUM VILLAGE - F.U.N. -  (LP) | Guerssen","description":"The latest full length album from Detroit mainstays Slum Village,F.U.N., has now made its way to vinyl. The 12-track project is their first album in nearly ten years and includes fresh collaborations with Larry June, Cordae, Eric Roberson, Robert Glasper , Karriem Riggins, Abstract Orchestra, Sango, Phat Kat, Daru Jones, Earlly Mac, The Dramaticsand more. 2015's critically acclaimed Yes! further cemented T3and Young RJ's ability to effectively carry on the legacy of theseminal rap group, retaining its essence while evolving its soundwith fresh new energy. However, with last year's sold out tour inEurope, and the release of the Larry June and The Dramatics-assisted \"Just Like You\", it was revealed that the duo wasback in the lab together working on a new Slum Village album.F.U.N. finds Slum Village expanding on their signature certainsound, but still staying close to their hometown roots: Young RJexplains- \"We wanted to just try something new, so we focusedon making Disco-inspired music,\" and T3 notes that the recordingprocess all \"began with collecting old Disco records.\"For fans who wonder why the sonic shift, and why the longhiatus between proper albums, T3 says \"Slum is still here.We're still relevant and we're still trying to push the envelope.Sometimes people put too many rules on music, and withoutsounding cliche, we wanted to just have fun with [this album].\"F.U.N., indeed.","robots":{"index":"index","follow":"follow","max-snippet":"max-snippet:-1","max-image-preview":"max-image-preview:large","max-video-preview":"max-video-preview:-1"},"canonical":"https:\/\/wpguerssen-test.odoo.rgbconsulting.com\/es\/producto\/f-u-n\/","og_locale":"es_ES","og_type":"article","og_title":"SLUM VILLAGE - F.U.N. -  (LP) | Guerssen","og_description":"The latest full length album from Detroit mainstays Slum Village,F.U.N., has now made its way to vinyl. The 12-track project is their first album in nearly ten years and includes fresh collaborations with Larry June, Cordae, Eric Roberson, Robert Glasper , Karriem Riggins, Abstract Orchestra, Sango, Phat Kat, Daru Jones, Earlly Mac, The Dramaticsand more. 2015's critically acclaimed Yes! further cemented T3and Young RJ's ability to effectively carry on the legacy of theseminal rap group, retaining its essence while evolving its soundwith fresh new energy. However, with last year's sold out tour inEurope, and the release of the Larry June and The Dramatics-assisted \"Just Like You\", it was revealed that the duo wasback in the lab together working on a new Slum Village album.F.U.N. finds Slum Village expanding on their signature certainsound, but still staying close to their hometown roots: Young RJexplains- \"We wanted to just try something new, so we focusedon making Disco-inspired music,\" and T3 notes that the recordingprocess all \"began with collecting old Disco records.\"For fans who wonder why the sonic shift, and why the longhiatus between proper albums, T3 says \"Slum is still here.We're still relevant and we're still trying to push the envelope.Sometimes people put too many rules on music, and withoutsounding cliche, we wanted to just have fun with [this album].\"F.U.N., indeed.","og_url":"https:\/\/wpguerssen-test.odoo.rgbconsulting.com\/es\/producto\/f-u-n\/","og_site_name":"Guerssen records","article_modified_time":"2025-03-03T15:17:26+00:00","og_image":[{"width":413,"height":413,"url":"https:\/\/wpguerssen-test.odoo.rgbconsulting.com\/wp-content\/uploads\/2024\/08\/48514.jpg","type":"image\/jpeg"}],"twitter_card":"summary_large_image","twitter_title":"SLUM VILLAGE - F.U.N. -  (LP) | Guerssen","schema":{"@context":"https:\/\/schema.org","@graph":[{"@type":"WebPage","@id":"https:\/\/wpguerssen-test.odoo.rgbconsulting.com\/es\/producto\/f-u-n\/","url":"https:\/\/wpguerssen-test.odoo.rgbconsulting.com\/es\/producto\/f-u-n\/","name":"SLUM VILLAGE - F.U.N. - (LP) | Guerssen","isPartOf":{"@id":"https:\/\/wpguerssen-test.odoo.rgbconsulting.com\/es\/#website"},"primaryImageOfPage":{"@id":"https:\/\/wpguerssen-test.odoo.rgbconsulting.com\/es\/producto\/f-u-n\/#primaryimage"},"image":{"@id":"https:\/\/wpguerssen-test.odoo.rgbconsulting.com\/es\/producto\/f-u-n\/#primaryimage"},"thumbnailUrl":"https:\/\/wpguerssen-test.odoo.rgbconsulting.com\/wp-content\/uploads\/2024\/08\/48514.jpg","datePublished":"2024-11-05T23:00:00+00:00","dateModified":"2025-03-03T15:17:26+00:00","description":"The latest full length album from Detroit mainstays Slum Village,F.U.N., has now made its way to vinyl. The 12-track project is their first album in nearly ten years and includes fresh collaborations with Larry June, Cordae, Eric Roberson, Robert Glasper , Karriem Riggins, Abstract Orchestra, Sango, Phat Kat, Daru Jones, Earlly Mac, The Dramaticsand more. 2015's critically acclaimed Yes! further cemented T3and Young RJ's ability to effectively carry on the legacy of theseminal rap group, retaining its essence while evolving its soundwith fresh new energy. However, with last year's sold out tour inEurope, and the release of the Larry June and The Dramatics-assisted \"Just Like You\", it was revealed that the duo wasback in the lab together working on a new Slum Village album.F.U.N. finds Slum Village expanding on their signature certainsound, but still staying close to their hometown roots: Young RJexplains- \"We wanted to just try something new, so we focusedon making Disco-inspired music,\" and T3 notes that the recordingprocess all \"began with collecting old Disco records.\"For fans who wonder why the sonic shift, and why the longhiatus between proper albums, T3 says \"Slum is still here.We're still relevant and we're still trying to push the envelope.Sometimes people put too many rules on music, and withoutsounding cliche, we wanted to just have fun with [this album].\"F.U.N., indeed.","breadcrumb":{"@id":"https:\/\/wpguerssen-test.odoo.rgbconsulting.com\/es\/producto\/f-u-n\/#breadcrumb"},"inLanguage":"es","potentialAction":[{"@type":"ReadAction","target":["https:\/\/wpguerssen-test.odoo.rgbconsulting.com\/es\/producto\/f-u-n\/"]}]},{"@type":"ImageObject","inLanguage":"es","@id":"https:\/\/wpguerssen-test.odoo.rgbconsulting.com\/es\/producto\/f-u-n\/#primaryimage","url":"https:\/\/wpguerssen-test.odoo.rgbconsulting.com\/wp-content\/uploads\/2024\/08\/48514.jpg","contentUrl":"https:\/\/wpguerssen-test.odoo.rgbconsulting.com\/wp-content\/uploads\/2024\/08\/48514.jpg","width":413,"height":413},{"@type":"BreadcrumbList","@id":"https:\/\/wpguerssen-test.odoo.rgbconsulting.com\/es\/producto\/f-u-n\/#breadcrumb","itemListElement":[{"@type":"ListItem","position":1,"name":"Inicio","item":"https:\/\/wpguerssen-test.odoo.rgbconsulting.com\/es\/"},{"@type":"ListItem","position":2,"name":"Shop","item":"https:\/\/wpguerssen-test.odoo.rgbconsulting.com\/shop\/"},{"@type":"ListItem","position":3,"name":"F.U.N."}]},{"@type":"WebSite","@id":"https:\/\/wpguerssen-test.odoo.rgbconsulting.com\/es\/#website","url":"https:\/\/wpguerssen-test.odoo.rgbconsulting.com\/es\/","name":"Guerssen records","description":"psychedelia - progressive - folk - garage ","publisher":{"@id":"https:\/\/wpguerssen-test.odoo.rgbconsulting.com\/es\/#organization"},"potentialAction":[{"@type":"SearchAction","target":{"@type":"EntryPoint","urlTemplate":"https:\/\/wpguerssen-test.odoo.rgbconsulting.com\/es\/?s={search_term_string}"},"query-input":{"@type":"PropertyValueSpecification","valueRequired":true,"valueName":"search_term_string"}}],"inLanguage":"es"},{"@type":"Organization","@id":"https:\/\/wpguerssen-test.odoo.rgbconsulting.com\/es\/#organization","name":"Guerssen records","url":"https:\/\/wpguerssen-test.odoo.rgbconsulting.com\/es\/","logo":{"@type":"ImageObject","inLanguage":"es","@id":"https:\/\/wpguerssen-test.odoo.rgbconsulting.com\/es\/#\/schema\/logo\/image\/","url":"https:\/\/wpguerssen-test.odoo.rgbconsulting.com\/wp-content\/uploads\/2022\/04\/Logo_Guerssen_trans_100.png","contentUrl":"https:\/\/wpguerssen-test.odoo.rgbconsulting.com\/wp-content\/uploads\/2022\/04\/Logo_Guerssen_trans_100.png","width":122,"height":100,"caption":"Guerssen records"},"image":{"@id":"https:\/\/wpguerssen-test.odoo.rgbconsulting.com\/es\/#\/schema\/logo\/image\/"}}]}},"_links":{"self":[{"href":"https:\/\/wpguerssen-test.odoo.rgbconsulting.com\/es\/wp-json\/wp\/v2\/product\/273905","targetHints":{"allow":["GET"]}}],"collection":[{"href":"https:\/\/wpguerssen-test.odoo.rgbconsulting.com\/es\/wp-json\/wp\/v2\/product"}],"about":[{"href":"https:\/\/wpguerssen-test.odoo.rgbconsulting.com\/es\/wp-json\/wp\/v2\/types\/product"}],"wp:featuredmedia":[{"embeddable":true,"href":"https:\/\/wpguerssen-test.odoo.rgbconsulting.com\/es\/wp-json\/wp\/v2\/media\/273776"}],"wp:attachment":[{"href":"https:\/\/wpguerssen-test.odoo.rgbconsulting.com\/es\/wp-json\/wp\/v2\/media?parent=273905"}],"wp:term":[{"taxonomy":"product_brand","embeddable":true,"href":"https:\/\/wpguerssen-test.odoo.rgbconsulting.com\/es\/wp-json\/wp\/v2\/product_brand?post=273905"},{"taxonomy":"product_cat","embeddable":true,"href":"https:\/\/wpguerssen-test.odoo.rgbconsulting.com\/es\/wp-json\/wp\/v2\/product_cat?post=273905"},{"taxonomy":"product_tag","embeddable":true,"href":"https:\/\/wpguerssen-test.odoo.rgbconsulting.com\/es\/wp-json\/wp\/v2\/product_tag?post=273905"}],"curies":[{"name":"wp","href":"https:\/\/api.w.org\/{rel}","templated":true}]}}