{"id":273906,"date":"2024-11-06T00:00:00","date_gmt":"2024-11-05T23:00:00","guid":{"rendered":"https:\/\/wpguerssen-test.odoo.rgbconsulting.com\/product\/good-to-be-home\/"},"modified":"2025-03-03T16:17:30","modified_gmt":"2025-03-03T15:17:30","slug":"good-to-be-home","status":"publish","type":"product","link":"https:\/\/wpguerssen-test.odoo.rgbconsulting.com\/es\/producto\/good-to-be-home\/","title":{"rendered":"Good To Be Home"},"content":{"rendered":"<p>El rapero de Los \u00c1ngeles Blu irrumpi\u00f3 en escena a finales de la d\u00e9cada de 2000 con la aclamada colaboraci\u00f3n de Exile Below The Heavens, iniciando un renacimiento del hip-hop en la costa oeste en el proceso. Con su comportamiento tranquilo de Cali y su innegable talento l\u00edrico, Blu recibi\u00f3 elogios tanto de los fan\u00e1ticos como de los creadores de tendencias, lanzando una carrera notable que contin\u00faa prosperando hasta el d\u00eda de hoy. Su primer \u00e1lbum doble, la obra maestra de 2014 Good To Be Home, es una parte esencial de esta historia. El \u00e1lbum, una celebraci\u00f3n sin complejos de la m\u00fasica y la cultura de Los \u00c1ngeles, lleva a los oyentes a un v\u00edvido viaje a trav\u00e9s de los hist\u00f3ricos territorios de Blu. Con cuerdas amplias y l\u00edneas de bajo hipn\u00f3ticas proporcionadas por el productor Bombay, Good To Be Home presenta una gran cantidad de luminarias del hip-hop de la costa oeste, incluidas Evidence, Fashawn, Alchemist, Casey Veggies, MED, Planet Asia, Oh No, Pac Div, Strong Arm Steady,Thurz, Visionaries y m\u00e1s. Una colecci\u00f3n coherente con 20 pistas y sin relleno, este lanzamiento cl\u00e1sico ahora est\u00e1 disponible nuevamente en vinilo despu\u00e9s de a\u00f1os de estar agotado.<\/p>\n","protected":false},"excerpt":{"rendered":"<p>El rapero de Los \u00c1ngeles Blu irrumpi\u00f3 en escena a finales de la d\u00e9cada de 2000 con la aclamada colaboraci\u00f3n de Exile Below The Heavens, iniciando un renacimiento<a class=\"read\" href=\"https:\/\/wpguerssen-test.odoo.rgbconsulting.com\/es\/producto\/good-to-be-home\/\"> (...)<\/a>","protected":false},"featured_media":273780,"template":"","meta":{"_acf_changed":false},"product_brand":[],"product_cat":[21706],"product_tag":[],"class_list":{"0":"post-273906","1":"product","2":"type-product","3":"status-publish","4":"has-post-thumbnail","6":"product_cat-rap-hip-hop-es","7":"pa_artist-blu","8":"pa_format-2lp-es","9":"pa_gender-rap-hip-hop","10":"pa_label-nature-sounds","11":"pa_location-north-america-es","12":"pa_other-filters-vinyl-only-es","14":"first","15":"instock","16":"taxable","17":"shipping-taxable","18":"purchasable","19":"product-type-simple"},"acf":[],"yoast_head":"<!-- This site is optimized with the Yoast SEO plugin v24.9 - https:\/\/yoast.com\/wordpress\/plugins\/seo\/ -->\n<title>BLU - Good To Be Home -  (2LP) | Guerssen<\/title>\n<meta name=\"description\" content=\"L.A. rapper Blu burst onto the scene in the late 00s with the widely acclaimed Exile collaboration Below The Heavens, igniting a West Coast hip-hop renaissance in the process. With his cool Cali demeanor and undeniable lyrical talent, Blu drew praise from fans and tastemakers alike, launching a remarkable career that continues thriving to this day. His first ever double album, the 2014 masterpiece Good To Be Home is an essential part of this story. An unapologetic celebration of Los Angeles music and culture, the album takes listeners on a vivid journey through Blu&#039;s storied stomping grounds. With sweeping strings and hypnotic bass lines supplied by producer Bombay, Good To Be Home features a host of West Coast hip-hop luminaries, including Evidence, Fashawn, Alchemist, Casey Veggies, MED, Planet Asia, Oh No, Pac Div, Strong Arm Steady,Thurz, Visionaries, and more. A cohesive collection with 20 tracks and no filler, this classic release is now available again on vinyl after years out of print.\" \/>\n<meta name=\"robots\" content=\"index, follow, max-snippet:-1, max-image-preview:large, max-video-preview:-1\" \/>\n<link rel=\"canonical\" href=\"https:\/\/wpguerssen-test.odoo.rgbconsulting.com\/es\/producto\/good-to-be-home\/\" \/>\n<meta property=\"og:locale\" content=\"es_ES\" \/>\n<meta property=\"og:type\" content=\"article\" \/>\n<meta property=\"og:title\" content=\"BLU - Good To Be Home -  (2LP) | Guerssen\" \/>\n<meta property=\"og:description\" content=\"L.A. rapper Blu burst onto the scene in the late 00s with the widely acclaimed Exile collaboration Below The Heavens, igniting a West Coast hip-hop renaissance in the process. With his cool Cali demeanor and undeniable lyrical talent, Blu drew praise from fans and tastemakers alike, launching a remarkable career that continues thriving to this day. His first ever double album, the 2014 masterpiece Good To Be Home is an essential part of this story. An unapologetic celebration of Los Angeles music and culture, the album takes listeners on a vivid journey through Blu&#039;s storied stomping grounds. With sweeping strings and hypnotic bass lines supplied by producer Bombay, Good To Be Home features a host of West Coast hip-hop luminaries, including Evidence, Fashawn, Alchemist, Casey Veggies, MED, Planet Asia, Oh No, Pac Div, Strong Arm Steady,Thurz, Visionaries, and more. A cohesive collection with 20 tracks and no filler, this classic release is now available again on vinyl after years out of print.\" \/>\n<meta property=\"og:url\" content=\"https:\/\/wpguerssen-test.odoo.rgbconsulting.com\/es\/producto\/good-to-be-home\/\" \/>\n<meta property=\"og:site_name\" content=\"Guerssen records\" \/>\n<meta property=\"article:modified_time\" content=\"2025-03-03T15:17:30+00:00\" \/>\n<meta property=\"og:image\" content=\"https:\/\/wpguerssen-test.odoo.rgbconsulting.com\/wp-content\/uploads\/2024\/08\/48515.jpg\" \/>\n\t<meta property=\"og:image:width\" content=\"402\" \/>\n\t<meta property=\"og:image:height\" content=\"402\" \/>\n\t<meta property=\"og:image:type\" content=\"image\/jpeg\" \/>\n<meta name=\"twitter:card\" content=\"summary_large_image\" \/>\n<meta name=\"twitter:title\" content=\"BLU - Good To Be Home -  (2LP) | Guerssen\" \/>\n<meta name=\"twitter:label1\" content=\"Tiempo de lectura\" \/>\n\t<meta name=\"twitter:data1\" content=\"1 minuto\" \/>\n<script type=\"application\/ld+json\" class=\"yoast-schema-graph\">{\"@context\":\"https:\/\/schema.org\",\"@graph\":[{\"@type\":\"WebPage\",\"@id\":\"https:\/\/wpguerssen-test.odoo.rgbconsulting.com\/es\/producto\/good-to-be-home\/\",\"url\":\"https:\/\/wpguerssen-test.odoo.rgbconsulting.com\/es\/producto\/good-to-be-home\/\",\"name\":\"BLU - Good To Be Home - (2LP) | Guerssen\",\"isPartOf\":{\"@id\":\"https:\/\/wpguerssen-test.odoo.rgbconsulting.com\/es\/#website\"},\"primaryImageOfPage\":{\"@id\":\"https:\/\/wpguerssen-test.odoo.rgbconsulting.com\/es\/producto\/good-to-be-home\/#primaryimage\"},\"image\":{\"@id\":\"https:\/\/wpguerssen-test.odoo.rgbconsulting.com\/es\/producto\/good-to-be-home\/#primaryimage\"},\"thumbnailUrl\":\"https:\/\/wpguerssen-test.odoo.rgbconsulting.com\/wp-content\/uploads\/2024\/08\/48515.jpg\",\"datePublished\":\"2024-11-05T23:00:00+00:00\",\"dateModified\":\"2025-03-03T15:17:30+00:00\",\"description\":\"L.A. rapper Blu burst onto the scene in the late 00s with the widely acclaimed Exile collaboration Below The Heavens, igniting a West Coast hip-hop renaissance in the process. With his cool Cali demeanor and undeniable lyrical talent, Blu drew praise from fans and tastemakers alike, launching a remarkable career that continues thriving to this day. His first ever double album, the 2014 masterpiece Good To Be Home is an essential part of this story. An unapologetic celebration of Los Angeles music and culture, the album takes listeners on a vivid journey through Blu's storied stomping grounds. With sweeping strings and hypnotic bass lines supplied by producer Bombay, Good To Be Home features a host of West Coast hip-hop luminaries, including Evidence, Fashawn, Alchemist, Casey Veggies, MED, Planet Asia, Oh No, Pac Div, Strong Arm Steady,Thurz, Visionaries, and more. A cohesive collection with 20 tracks and no filler, this classic release is now available again on vinyl after years out of print.\",\"breadcrumb\":{\"@id\":\"https:\/\/wpguerssen-test.odoo.rgbconsulting.com\/es\/producto\/good-to-be-home\/#breadcrumb\"},\"inLanguage\":\"es\",\"potentialAction\":[{\"@type\":\"ReadAction\",\"target\":[\"https:\/\/wpguerssen-test.odoo.rgbconsulting.com\/es\/producto\/good-to-be-home\/\"]}]},{\"@type\":\"ImageObject\",\"inLanguage\":\"es\",\"@id\":\"https:\/\/wpguerssen-test.odoo.rgbconsulting.com\/es\/producto\/good-to-be-home\/#primaryimage\",\"url\":\"https:\/\/wpguerssen-test.odoo.rgbconsulting.com\/wp-content\/uploads\/2024\/08\/48515.jpg\",\"contentUrl\":\"https:\/\/wpguerssen-test.odoo.rgbconsulting.com\/wp-content\/uploads\/2024\/08\/48515.jpg\",\"width\":402,\"height\":402},{\"@type\":\"BreadcrumbList\",\"@id\":\"https:\/\/wpguerssen-test.odoo.rgbconsulting.com\/es\/producto\/good-to-be-home\/#breadcrumb\",\"itemListElement\":[{\"@type\":\"ListItem\",\"position\":1,\"name\":\"Inicio\",\"item\":\"https:\/\/wpguerssen-test.odoo.rgbconsulting.com\/es\/\"},{\"@type\":\"ListItem\",\"position\":2,\"name\":\"Shop\",\"item\":\"https:\/\/wpguerssen-test.odoo.rgbconsulting.com\/shop\/\"},{\"@type\":\"ListItem\",\"position\":3,\"name\":\"Good To Be Home\"}]},{\"@type\":\"WebSite\",\"@id\":\"https:\/\/wpguerssen-test.odoo.rgbconsulting.com\/es\/#website\",\"url\":\"https:\/\/wpguerssen-test.odoo.rgbconsulting.com\/es\/\",\"name\":\"Guerssen records\",\"description\":\"psychedelia - progressive - folk - garage \",\"publisher\":{\"@id\":\"https:\/\/wpguerssen-test.odoo.rgbconsulting.com\/es\/#organization\"},\"potentialAction\":[{\"@type\":\"SearchAction\",\"target\":{\"@type\":\"EntryPoint\",\"urlTemplate\":\"https:\/\/wpguerssen-test.odoo.rgbconsulting.com\/es\/?s={search_term_string}\"},\"query-input\":{\"@type\":\"PropertyValueSpecification\",\"valueRequired\":true,\"valueName\":\"search_term_string\"}}],\"inLanguage\":\"es\"},{\"@type\":\"Organization\",\"@id\":\"https:\/\/wpguerssen-test.odoo.rgbconsulting.com\/es\/#organization\",\"name\":\"Guerssen records\",\"url\":\"https:\/\/wpguerssen-test.odoo.rgbconsulting.com\/es\/\",\"logo\":{\"@type\":\"ImageObject\",\"inLanguage\":\"es\",\"@id\":\"https:\/\/wpguerssen-test.odoo.rgbconsulting.com\/es\/#\/schema\/logo\/image\/\",\"url\":\"https:\/\/wpguerssen-test.odoo.rgbconsulting.com\/wp-content\/uploads\/2022\/04\/Logo_Guerssen_trans_100.png\",\"contentUrl\":\"https:\/\/wpguerssen-test.odoo.rgbconsulting.com\/wp-content\/uploads\/2022\/04\/Logo_Guerssen_trans_100.png\",\"width\":122,\"height\":100,\"caption\":\"Guerssen records\"},\"image\":{\"@id\":\"https:\/\/wpguerssen-test.odoo.rgbconsulting.com\/es\/#\/schema\/logo\/image\/\"}}]}<\/script>\n<!-- \/ Yoast SEO plugin. -->","yoast_head_json":{"title":"BLU - Good To Be Home -  (2LP) | Guerssen","description":"L.A. rapper Blu burst onto the scene in the late 00s with the widely acclaimed Exile collaboration Below The Heavens, igniting a West Coast hip-hop renaissance in the process. With his cool Cali demeanor and undeniable lyrical talent, Blu drew praise from fans and tastemakers alike, launching a remarkable career that continues thriving to this day. His first ever double album, the 2014 masterpiece Good To Be Home is an essential part of this story. An unapologetic celebration of Los Angeles music and culture, the album takes listeners on a vivid journey through Blu's storied stomping grounds. With sweeping strings and hypnotic bass lines supplied by producer Bombay, Good To Be Home features a host of West Coast hip-hop luminaries, including Evidence, Fashawn, Alchemist, Casey Veggies, MED, Planet Asia, Oh No, Pac Div, Strong Arm Steady,Thurz, Visionaries, and more. A cohesive collection with 20 tracks and no filler, this classic release is now available again on vinyl after years out of print.","robots":{"index":"index","follow":"follow","max-snippet":"max-snippet:-1","max-image-preview":"max-image-preview:large","max-video-preview":"max-video-preview:-1"},"canonical":"https:\/\/wpguerssen-test.odoo.rgbconsulting.com\/es\/producto\/good-to-be-home\/","og_locale":"es_ES","og_type":"article","og_title":"BLU - Good To Be Home -  (2LP) | Guerssen","og_description":"L.A. rapper Blu burst onto the scene in the late 00s with the widely acclaimed Exile collaboration Below The Heavens, igniting a West Coast hip-hop renaissance in the process. With his cool Cali demeanor and undeniable lyrical talent, Blu drew praise from fans and tastemakers alike, launching a remarkable career that continues thriving to this day. His first ever double album, the 2014 masterpiece Good To Be Home is an essential part of this story. An unapologetic celebration of Los Angeles music and culture, the album takes listeners on a vivid journey through Blu's storied stomping grounds. With sweeping strings and hypnotic bass lines supplied by producer Bombay, Good To Be Home features a host of West Coast hip-hop luminaries, including Evidence, Fashawn, Alchemist, Casey Veggies, MED, Planet Asia, Oh No, Pac Div, Strong Arm Steady,Thurz, Visionaries, and more. A cohesive collection with 20 tracks and no filler, this classic release is now available again on vinyl after years out of print.","og_url":"https:\/\/wpguerssen-test.odoo.rgbconsulting.com\/es\/producto\/good-to-be-home\/","og_site_name":"Guerssen records","article_modified_time":"2025-03-03T15:17:30+00:00","og_image":[{"width":402,"height":402,"url":"https:\/\/wpguerssen-test.odoo.rgbconsulting.com\/wp-content\/uploads\/2024\/08\/48515.jpg","type":"image\/jpeg"}],"twitter_card":"summary_large_image","twitter_title":"BLU - Good To Be Home -  (2LP) | Guerssen","twitter_misc":{"Tiempo de lectura":"1 minuto"},"schema":{"@context":"https:\/\/schema.org","@graph":[{"@type":"WebPage","@id":"https:\/\/wpguerssen-test.odoo.rgbconsulting.com\/es\/producto\/good-to-be-home\/","url":"https:\/\/wpguerssen-test.odoo.rgbconsulting.com\/es\/producto\/good-to-be-home\/","name":"BLU - Good To Be Home - (2LP) | Guerssen","isPartOf":{"@id":"https:\/\/wpguerssen-test.odoo.rgbconsulting.com\/es\/#website"},"primaryImageOfPage":{"@id":"https:\/\/wpguerssen-test.odoo.rgbconsulting.com\/es\/producto\/good-to-be-home\/#primaryimage"},"image":{"@id":"https:\/\/wpguerssen-test.odoo.rgbconsulting.com\/es\/producto\/good-to-be-home\/#primaryimage"},"thumbnailUrl":"https:\/\/wpguerssen-test.odoo.rgbconsulting.com\/wp-content\/uploads\/2024\/08\/48515.jpg","datePublished":"2024-11-05T23:00:00+00:00","dateModified":"2025-03-03T15:17:30+00:00","description":"L.A. rapper Blu burst onto the scene in the late 00s with the widely acclaimed Exile collaboration Below The Heavens, igniting a West Coast hip-hop renaissance in the process. With his cool Cali demeanor and undeniable lyrical talent, Blu drew praise from fans and tastemakers alike, launching a remarkable career that continues thriving to this day. His first ever double album, the 2014 masterpiece Good To Be Home is an essential part of this story. An unapologetic celebration of Los Angeles music and culture, the album takes listeners on a vivid journey through Blu's storied stomping grounds. With sweeping strings and hypnotic bass lines supplied by producer Bombay, Good To Be Home features a host of West Coast hip-hop luminaries, including Evidence, Fashawn, Alchemist, Casey Veggies, MED, Planet Asia, Oh No, Pac Div, Strong Arm Steady,Thurz, Visionaries, and more. A cohesive collection with 20 tracks and no filler, this classic release is now available again on vinyl after years out of print.","breadcrumb":{"@id":"https:\/\/wpguerssen-test.odoo.rgbconsulting.com\/es\/producto\/good-to-be-home\/#breadcrumb"},"inLanguage":"es","potentialAction":[{"@type":"ReadAction","target":["https:\/\/wpguerssen-test.odoo.rgbconsulting.com\/es\/producto\/good-to-be-home\/"]}]},{"@type":"ImageObject","inLanguage":"es","@id":"https:\/\/wpguerssen-test.odoo.rgbconsulting.com\/es\/producto\/good-to-be-home\/#primaryimage","url":"https:\/\/wpguerssen-test.odoo.rgbconsulting.com\/wp-content\/uploads\/2024\/08\/48515.jpg","contentUrl":"https:\/\/wpguerssen-test.odoo.rgbconsulting.com\/wp-content\/uploads\/2024\/08\/48515.jpg","width":402,"height":402},{"@type":"BreadcrumbList","@id":"https:\/\/wpguerssen-test.odoo.rgbconsulting.com\/es\/producto\/good-to-be-home\/#breadcrumb","itemListElement":[{"@type":"ListItem","position":1,"name":"Inicio","item":"https:\/\/wpguerssen-test.odoo.rgbconsulting.com\/es\/"},{"@type":"ListItem","position":2,"name":"Shop","item":"https:\/\/wpguerssen-test.odoo.rgbconsulting.com\/shop\/"},{"@type":"ListItem","position":3,"name":"Good To Be Home"}]},{"@type":"WebSite","@id":"https:\/\/wpguerssen-test.odoo.rgbconsulting.com\/es\/#website","url":"https:\/\/wpguerssen-test.odoo.rgbconsulting.com\/es\/","name":"Guerssen records","description":"psychedelia - progressive - folk - garage ","publisher":{"@id":"https:\/\/wpguerssen-test.odoo.rgbconsulting.com\/es\/#organization"},"potentialAction":[{"@type":"SearchAction","target":{"@type":"EntryPoint","urlTemplate":"https:\/\/wpguerssen-test.odoo.rgbconsulting.com\/es\/?s={search_term_string}"},"query-input":{"@type":"PropertyValueSpecification","valueRequired":true,"valueName":"search_term_string"}}],"inLanguage":"es"},{"@type":"Organization","@id":"https:\/\/wpguerssen-test.odoo.rgbconsulting.com\/es\/#organization","name":"Guerssen records","url":"https:\/\/wpguerssen-test.odoo.rgbconsulting.com\/es\/","logo":{"@type":"ImageObject","inLanguage":"es","@id":"https:\/\/wpguerssen-test.odoo.rgbconsulting.com\/es\/#\/schema\/logo\/image\/","url":"https:\/\/wpguerssen-test.odoo.rgbconsulting.com\/wp-content\/uploads\/2022\/04\/Logo_Guerssen_trans_100.png","contentUrl":"https:\/\/wpguerssen-test.odoo.rgbconsulting.com\/wp-content\/uploads\/2022\/04\/Logo_Guerssen_trans_100.png","width":122,"height":100,"caption":"Guerssen records"},"image":{"@id":"https:\/\/wpguerssen-test.odoo.rgbconsulting.com\/es\/#\/schema\/logo\/image\/"}}]}},"_links":{"self":[{"href":"https:\/\/wpguerssen-test.odoo.rgbconsulting.com\/es\/wp-json\/wp\/v2\/product\/273906","targetHints":{"allow":["GET"]}}],"collection":[{"href":"https:\/\/wpguerssen-test.odoo.rgbconsulting.com\/es\/wp-json\/wp\/v2\/product"}],"about":[{"href":"https:\/\/wpguerssen-test.odoo.rgbconsulting.com\/es\/wp-json\/wp\/v2\/types\/product"}],"wp:featuredmedia":[{"embeddable":true,"href":"https:\/\/wpguerssen-test.odoo.rgbconsulting.com\/es\/wp-json\/wp\/v2\/media\/273780"}],"wp:attachment":[{"href":"https:\/\/wpguerssen-test.odoo.rgbconsulting.com\/es\/wp-json\/wp\/v2\/media?parent=273906"}],"wp:term":[{"taxonomy":"product_brand","embeddable":true,"href":"https:\/\/wpguerssen-test.odoo.rgbconsulting.com\/es\/wp-json\/wp\/v2\/product_brand?post=273906"},{"taxonomy":"product_cat","embeddable":true,"href":"https:\/\/wpguerssen-test.odoo.rgbconsulting.com\/es\/wp-json\/wp\/v2\/product_cat?post=273906"},{"taxonomy":"product_tag","embeddable":true,"href":"https:\/\/wpguerssen-test.odoo.rgbconsulting.com\/es\/wp-json\/wp\/v2\/product_tag?post=273906"}],"curies":[{"name":"wp","href":"https:\/\/api.w.org\/{rel}","templated":true}]}}