{"id":273908,"date":"2024-11-06T00:00:00","date_gmt":"2024-11-05T23:00:00","guid":{"rendered":"https:\/\/wpguerssen-test.odoo.rgbconsulting.com\/product\/apt-6e\/"},"modified":"2025-03-03T16:17:35","modified_gmt":"2025-03-03T15:17:35","slug":"apt-6e","status":"publish","type":"product","link":"https:\/\/wpguerssen-test.odoo.rgbconsulting.com\/es\/producto\/apt-6e\/","title":{"rendered":"Apt 6E"},"content":{"rendered":"<p>Prensado en vinilo de color CLEAR TEAL WAVE. \u00a1Limitado a 500 copias numeradas a mano en todo el mundo!<br \/>\u00a1APT 6E de Dave East x Mike &#038; Keys ya est\u00e1 disponible en vinilo! El \u00e1lbum de 15 pistas fue producido en su totalidad por los colaboradores frecuentes de East, Mike &#038; Keys, y cuenta con Shaggy, Buddy, Kurupt y Stacy Barthe. East anteriormente se asoci\u00f3 con Mike &#038; Keys para su \u00faltimo lanzamiento aclamado, HDIGH. En APT 6E, el equipo mantuvo la f\u00f3rmula ganadora para ofrecerles una obra maestra imperdible con una producci\u00f3n y un lirismo inolvidables.<\/p>\n","protected":false},"excerpt":{"rendered":"<p>Prensado en vinilo de color CLEAR TEAL WAVE. \u00a1Limitado a 500 copias numeradas a mano en todo el mundo!<br \/>\u00a1APT 6E de Dave East x Mike &#038; Keys ya est\u00e1 disponible<a class=\"read\" href=\"https:\/\/wpguerssen-test.odoo.rgbconsulting.com\/es\/producto\/apt-6e\/\"> (...)<\/a>","protected":false},"featured_media":273766,"template":"","meta":{"_acf_changed":false},"product_brand":[],"product_cat":[21706],"product_tag":[],"class_list":{"0":"post-273908","1":"product","2":"type-product","3":"status-publish","4":"has-post-thumbnail","6":"product_cat-rap-hip-hop-es","7":"pa_artist-east-dave","8":"pa_format-lp-es","9":"pa_gender-rap-hip-hop","10":"pa_label-next-records","11":"pa_location-north-america-es","12":"pa_other-filters-vinyl-only-es","14":"first","15":"instock","16":"taxable","17":"shipping-taxable","18":"purchasable","19":"product-type-simple"},"acf":[],"yoast_head":"<!-- This site is optimized with the Yoast SEO plugin v24.9 - https:\/\/yoast.com\/wordpress\/plugins\/seo\/ -->\n<title>EAST, Dave - Apt 6E -  (LP) | Guerssen<\/title>\n<meta name=\"description\" content=\"Pressed on CLEAR TEAL WAVE colored vinyl. Limited to 500 Hand-Numbered copies Worldwide!APT 6E by Dave East x Mike &amp; Keys is now available on vinyl! The 15-track album was produced entirely by frequent East collaborators Mike &amp; Keys and features Shaggy, Buddy, Kurupt, and Stacy Barthe. East previously teamed up with Mike &amp; Keys for their last acclaimed drop, HDIGH. On APT 6E, the team kept the winning formula to bring you an unskippable masterpiece with unforgettable production and lyricism throughout.\" \/>\n<meta name=\"robots\" content=\"index, follow, max-snippet:-1, max-image-preview:large, max-video-preview:-1\" \/>\n<link rel=\"canonical\" href=\"https:\/\/wpguerssen-test.odoo.rgbconsulting.com\/es\/producto\/apt-6e\/\" \/>\n<meta property=\"og:locale\" content=\"es_ES\" \/>\n<meta property=\"og:type\" content=\"article\" \/>\n<meta property=\"og:title\" content=\"EAST, Dave - Apt 6E -  (LP) | Guerssen\" \/>\n<meta property=\"og:description\" content=\"Pressed on CLEAR TEAL WAVE colored vinyl. Limited to 500 Hand-Numbered copies Worldwide!APT 6E by Dave East x Mike &amp; Keys is now available on vinyl! The 15-track album was produced entirely by frequent East collaborators Mike &amp; Keys and features Shaggy, Buddy, Kurupt, and Stacy Barthe. East previously teamed up with Mike &amp; Keys for their last acclaimed drop, HDIGH. On APT 6E, the team kept the winning formula to bring you an unskippable masterpiece with unforgettable production and lyricism throughout.\" \/>\n<meta property=\"og:url\" content=\"https:\/\/wpguerssen-test.odoo.rgbconsulting.com\/es\/producto\/apt-6e\/\" \/>\n<meta property=\"og:site_name\" content=\"Guerssen records\" \/>\n<meta property=\"article:modified_time\" content=\"2025-03-03T15:17:35+00:00\" \/>\n<meta property=\"og:image\" content=\"https:\/\/wpguerssen-test.odoo.rgbconsulting.com\/wp-content\/uploads\/2024\/08\/48517.jpg\" \/>\n\t<meta property=\"og:image:width\" content=\"404\" \/>\n\t<meta property=\"og:image:height\" content=\"404\" \/>\n\t<meta property=\"og:image:type\" content=\"image\/jpeg\" \/>\n<meta name=\"twitter:card\" content=\"summary_large_image\" \/>\n<meta name=\"twitter:title\" content=\"EAST, Dave - Apt 6E -  (LP) | Guerssen\" \/>\n<script type=\"application\/ld+json\" class=\"yoast-schema-graph\">{\"@context\":\"https:\/\/schema.org\",\"@graph\":[{\"@type\":\"WebPage\",\"@id\":\"https:\/\/wpguerssen-test.odoo.rgbconsulting.com\/es\/producto\/apt-6e\/\",\"url\":\"https:\/\/wpguerssen-test.odoo.rgbconsulting.com\/es\/producto\/apt-6e\/\",\"name\":\"EAST, Dave - Apt 6E - (LP) | Guerssen\",\"isPartOf\":{\"@id\":\"https:\/\/wpguerssen-test.odoo.rgbconsulting.com\/es\/#website\"},\"primaryImageOfPage\":{\"@id\":\"https:\/\/wpguerssen-test.odoo.rgbconsulting.com\/es\/producto\/apt-6e\/#primaryimage\"},\"image\":{\"@id\":\"https:\/\/wpguerssen-test.odoo.rgbconsulting.com\/es\/producto\/apt-6e\/#primaryimage\"},\"thumbnailUrl\":\"https:\/\/wpguerssen-test.odoo.rgbconsulting.com\/wp-content\/uploads\/2024\/08\/48517.jpg\",\"datePublished\":\"2024-11-05T23:00:00+00:00\",\"dateModified\":\"2025-03-03T15:17:35+00:00\",\"description\":\"Pressed on CLEAR TEAL WAVE colored vinyl. Limited to 500 Hand-Numbered copies Worldwide!APT 6E by Dave East x Mike & Keys is now available on vinyl! The 15-track album was produced entirely by frequent East collaborators Mike & Keys and features Shaggy, Buddy, Kurupt, and Stacy Barthe. East previously teamed up with Mike & Keys for their last acclaimed drop, HDIGH. On APT 6E, the team kept the winning formula to bring you an unskippable masterpiece with unforgettable production and lyricism throughout.\",\"breadcrumb\":{\"@id\":\"https:\/\/wpguerssen-test.odoo.rgbconsulting.com\/es\/producto\/apt-6e\/#breadcrumb\"},\"inLanguage\":\"es\",\"potentialAction\":[{\"@type\":\"ReadAction\",\"target\":[\"https:\/\/wpguerssen-test.odoo.rgbconsulting.com\/es\/producto\/apt-6e\/\"]}]},{\"@type\":\"ImageObject\",\"inLanguage\":\"es\",\"@id\":\"https:\/\/wpguerssen-test.odoo.rgbconsulting.com\/es\/producto\/apt-6e\/#primaryimage\",\"url\":\"https:\/\/wpguerssen-test.odoo.rgbconsulting.com\/wp-content\/uploads\/2024\/08\/48517.jpg\",\"contentUrl\":\"https:\/\/wpguerssen-test.odoo.rgbconsulting.com\/wp-content\/uploads\/2024\/08\/48517.jpg\",\"width\":404,\"height\":404,\"caption\":\"Dave - Apt 6E - NEXT RECORDS (LP) | Guerssen\"},{\"@type\":\"BreadcrumbList\",\"@id\":\"https:\/\/wpguerssen-test.odoo.rgbconsulting.com\/es\/producto\/apt-6e\/#breadcrumb\",\"itemListElement\":[{\"@type\":\"ListItem\",\"position\":1,\"name\":\"Inicio\",\"item\":\"https:\/\/wpguerssen-test.odoo.rgbconsulting.com\/es\/\"},{\"@type\":\"ListItem\",\"position\":2,\"name\":\"Shop\",\"item\":\"https:\/\/wpguerssen-test.odoo.rgbconsulting.com\/shop\/\"},{\"@type\":\"ListItem\",\"position\":3,\"name\":\"Apt 6E\"}]},{\"@type\":\"WebSite\",\"@id\":\"https:\/\/wpguerssen-test.odoo.rgbconsulting.com\/es\/#website\",\"url\":\"https:\/\/wpguerssen-test.odoo.rgbconsulting.com\/es\/\",\"name\":\"Guerssen records\",\"description\":\"psychedelia - progressive - folk - garage \",\"publisher\":{\"@id\":\"https:\/\/wpguerssen-test.odoo.rgbconsulting.com\/es\/#organization\"},\"potentialAction\":[{\"@type\":\"SearchAction\",\"target\":{\"@type\":\"EntryPoint\",\"urlTemplate\":\"https:\/\/wpguerssen-test.odoo.rgbconsulting.com\/es\/?s={search_term_string}\"},\"query-input\":{\"@type\":\"PropertyValueSpecification\",\"valueRequired\":true,\"valueName\":\"search_term_string\"}}],\"inLanguage\":\"es\"},{\"@type\":\"Organization\",\"@id\":\"https:\/\/wpguerssen-test.odoo.rgbconsulting.com\/es\/#organization\",\"name\":\"Guerssen records\",\"url\":\"https:\/\/wpguerssen-test.odoo.rgbconsulting.com\/es\/\",\"logo\":{\"@type\":\"ImageObject\",\"inLanguage\":\"es\",\"@id\":\"https:\/\/wpguerssen-test.odoo.rgbconsulting.com\/es\/#\/schema\/logo\/image\/\",\"url\":\"https:\/\/wpguerssen-test.odoo.rgbconsulting.com\/wp-content\/uploads\/2022\/04\/Logo_Guerssen_trans_100.png\",\"contentUrl\":\"https:\/\/wpguerssen-test.odoo.rgbconsulting.com\/wp-content\/uploads\/2022\/04\/Logo_Guerssen_trans_100.png\",\"width\":122,\"height\":100,\"caption\":\"Guerssen records\"},\"image\":{\"@id\":\"https:\/\/wpguerssen-test.odoo.rgbconsulting.com\/es\/#\/schema\/logo\/image\/\"}}]}<\/script>\n<!-- \/ Yoast SEO plugin. -->","yoast_head_json":{"title":"EAST, Dave - Apt 6E -  (LP) | Guerssen","description":"Pressed on CLEAR TEAL WAVE colored vinyl. Limited to 500 Hand-Numbered copies Worldwide!APT 6E by Dave East x Mike & Keys is now available on vinyl! The 15-track album was produced entirely by frequent East collaborators Mike & Keys and features Shaggy, Buddy, Kurupt, and Stacy Barthe. East previously teamed up with Mike & Keys for their last acclaimed drop, HDIGH. On APT 6E, the team kept the winning formula to bring you an unskippable masterpiece with unforgettable production and lyricism throughout.","robots":{"index":"index","follow":"follow","max-snippet":"max-snippet:-1","max-image-preview":"max-image-preview:large","max-video-preview":"max-video-preview:-1"},"canonical":"https:\/\/wpguerssen-test.odoo.rgbconsulting.com\/es\/producto\/apt-6e\/","og_locale":"es_ES","og_type":"article","og_title":"EAST, Dave - Apt 6E -  (LP) | Guerssen","og_description":"Pressed on CLEAR TEAL WAVE colored vinyl. Limited to 500 Hand-Numbered copies Worldwide!APT 6E by Dave East x Mike & Keys is now available on vinyl! The 15-track album was produced entirely by frequent East collaborators Mike & Keys and features Shaggy, Buddy, Kurupt, and Stacy Barthe. East previously teamed up with Mike & Keys for their last acclaimed drop, HDIGH. On APT 6E, the team kept the winning formula to bring you an unskippable masterpiece with unforgettable production and lyricism throughout.","og_url":"https:\/\/wpguerssen-test.odoo.rgbconsulting.com\/es\/producto\/apt-6e\/","og_site_name":"Guerssen records","article_modified_time":"2025-03-03T15:17:35+00:00","og_image":[{"width":404,"height":404,"url":"https:\/\/wpguerssen-test.odoo.rgbconsulting.com\/wp-content\/uploads\/2024\/08\/48517.jpg","type":"image\/jpeg"}],"twitter_card":"summary_large_image","twitter_title":"EAST, Dave - Apt 6E -  (LP) | Guerssen","schema":{"@context":"https:\/\/schema.org","@graph":[{"@type":"WebPage","@id":"https:\/\/wpguerssen-test.odoo.rgbconsulting.com\/es\/producto\/apt-6e\/","url":"https:\/\/wpguerssen-test.odoo.rgbconsulting.com\/es\/producto\/apt-6e\/","name":"EAST, Dave - Apt 6E - (LP) | Guerssen","isPartOf":{"@id":"https:\/\/wpguerssen-test.odoo.rgbconsulting.com\/es\/#website"},"primaryImageOfPage":{"@id":"https:\/\/wpguerssen-test.odoo.rgbconsulting.com\/es\/producto\/apt-6e\/#primaryimage"},"image":{"@id":"https:\/\/wpguerssen-test.odoo.rgbconsulting.com\/es\/producto\/apt-6e\/#primaryimage"},"thumbnailUrl":"https:\/\/wpguerssen-test.odoo.rgbconsulting.com\/wp-content\/uploads\/2024\/08\/48517.jpg","datePublished":"2024-11-05T23:00:00+00:00","dateModified":"2025-03-03T15:17:35+00:00","description":"Pressed on CLEAR TEAL WAVE colored vinyl. Limited to 500 Hand-Numbered copies Worldwide!APT 6E by Dave East x Mike & Keys is now available on vinyl! The 15-track album was produced entirely by frequent East collaborators Mike & Keys and features Shaggy, Buddy, Kurupt, and Stacy Barthe. East previously teamed up with Mike & Keys for their last acclaimed drop, HDIGH. On APT 6E, the team kept the winning formula to bring you an unskippable masterpiece with unforgettable production and lyricism throughout.","breadcrumb":{"@id":"https:\/\/wpguerssen-test.odoo.rgbconsulting.com\/es\/producto\/apt-6e\/#breadcrumb"},"inLanguage":"es","potentialAction":[{"@type":"ReadAction","target":["https:\/\/wpguerssen-test.odoo.rgbconsulting.com\/es\/producto\/apt-6e\/"]}]},{"@type":"ImageObject","inLanguage":"es","@id":"https:\/\/wpguerssen-test.odoo.rgbconsulting.com\/es\/producto\/apt-6e\/#primaryimage","url":"https:\/\/wpguerssen-test.odoo.rgbconsulting.com\/wp-content\/uploads\/2024\/08\/48517.jpg","contentUrl":"https:\/\/wpguerssen-test.odoo.rgbconsulting.com\/wp-content\/uploads\/2024\/08\/48517.jpg","width":404,"height":404,"caption":"Dave - Apt 6E - NEXT RECORDS (LP) | Guerssen"},{"@type":"BreadcrumbList","@id":"https:\/\/wpguerssen-test.odoo.rgbconsulting.com\/es\/producto\/apt-6e\/#breadcrumb","itemListElement":[{"@type":"ListItem","position":1,"name":"Inicio","item":"https:\/\/wpguerssen-test.odoo.rgbconsulting.com\/es\/"},{"@type":"ListItem","position":2,"name":"Shop","item":"https:\/\/wpguerssen-test.odoo.rgbconsulting.com\/shop\/"},{"@type":"ListItem","position":3,"name":"Apt 6E"}]},{"@type":"WebSite","@id":"https:\/\/wpguerssen-test.odoo.rgbconsulting.com\/es\/#website","url":"https:\/\/wpguerssen-test.odoo.rgbconsulting.com\/es\/","name":"Guerssen records","description":"psychedelia - progressive - folk - garage ","publisher":{"@id":"https:\/\/wpguerssen-test.odoo.rgbconsulting.com\/es\/#organization"},"potentialAction":[{"@type":"SearchAction","target":{"@type":"EntryPoint","urlTemplate":"https:\/\/wpguerssen-test.odoo.rgbconsulting.com\/es\/?s={search_term_string}"},"query-input":{"@type":"PropertyValueSpecification","valueRequired":true,"valueName":"search_term_string"}}],"inLanguage":"es"},{"@type":"Organization","@id":"https:\/\/wpguerssen-test.odoo.rgbconsulting.com\/es\/#organization","name":"Guerssen records","url":"https:\/\/wpguerssen-test.odoo.rgbconsulting.com\/es\/","logo":{"@type":"ImageObject","inLanguage":"es","@id":"https:\/\/wpguerssen-test.odoo.rgbconsulting.com\/es\/#\/schema\/logo\/image\/","url":"https:\/\/wpguerssen-test.odoo.rgbconsulting.com\/wp-content\/uploads\/2022\/04\/Logo_Guerssen_trans_100.png","contentUrl":"https:\/\/wpguerssen-test.odoo.rgbconsulting.com\/wp-content\/uploads\/2022\/04\/Logo_Guerssen_trans_100.png","width":122,"height":100,"caption":"Guerssen records"},"image":{"@id":"https:\/\/wpguerssen-test.odoo.rgbconsulting.com\/es\/#\/schema\/logo\/image\/"}}]}},"_links":{"self":[{"href":"https:\/\/wpguerssen-test.odoo.rgbconsulting.com\/es\/wp-json\/wp\/v2\/product\/273908","targetHints":{"allow":["GET"]}}],"collection":[{"href":"https:\/\/wpguerssen-test.odoo.rgbconsulting.com\/es\/wp-json\/wp\/v2\/product"}],"about":[{"href":"https:\/\/wpguerssen-test.odoo.rgbconsulting.com\/es\/wp-json\/wp\/v2\/types\/product"}],"wp:featuredmedia":[{"embeddable":true,"href":"https:\/\/wpguerssen-test.odoo.rgbconsulting.com\/es\/wp-json\/wp\/v2\/media\/273766"}],"wp:attachment":[{"href":"https:\/\/wpguerssen-test.odoo.rgbconsulting.com\/es\/wp-json\/wp\/v2\/media?parent=273908"}],"wp:term":[{"taxonomy":"product_brand","embeddable":true,"href":"https:\/\/wpguerssen-test.odoo.rgbconsulting.com\/es\/wp-json\/wp\/v2\/product_brand?post=273908"},{"taxonomy":"product_cat","embeddable":true,"href":"https:\/\/wpguerssen-test.odoo.rgbconsulting.com\/es\/wp-json\/wp\/v2\/product_cat?post=273908"},{"taxonomy":"product_tag","embeddable":true,"href":"https:\/\/wpguerssen-test.odoo.rgbconsulting.com\/es\/wp-json\/wp\/v2\/product_tag?post=273908"}],"curies":[{"name":"wp","href":"https:\/\/api.w.org\/{rel}","templated":true}]}}