{"id":273909,"date":"2025-01-23T00:00:00","date_gmt":"2025-01-22T23:00:00","guid":{"rendered":"https:\/\/wpguerssen-test.odoo.rgbconsulting.com\/product\/the-honeysuckle-breeze\/"},"modified":"2025-03-13T17:22:11","modified_gmt":"2025-03-13T16:22:11","slug":"the-honeysuckle-breeze","status":"publish","type":"product","link":"https:\/\/wpguerssen-test.odoo.rgbconsulting.com\/es\/producto\/the-honeysuckle-breeze\/","title":{"rendered":"The Honeysuckle Breeze"},"content":{"rendered":"<p>Antes de convertirse en un compositor y arreglista estrella, Tom Scott era un ambicioso saxofonista de 19 a\u00f1os que buscaba su gran oportunidad en 1967. La oportunidad lleg\u00f3 cuando el legendario sello de jazz Impulse emparej\u00f3 a Scott con el grupo vocal de nueve integrantes The California Dreamers y le permiti\u00f3 joven m\u00fasico para tomar el mando como l\u00edder de la banda, con The Honeysuckle Breeze como resultado espectacular.<br \/>Agotado en vinilo desde su \u00faltima reedici\u00f3n en 2018, el \u00e1lbum presenta a Scott liderando una alineaci\u00f3n estelar de m\u00fasicos de sesi\u00f3n: Bill Plummer (sitar ), Glen Campbell (guitarra) y Carol Kaye (bajo) entre ellos- a trav\u00e9s de versiones c\u00e1lidas y suaves de canciones de The Beatles (She&#8217;s Leaving Home), Donovan (Mellow Yellow), Joan Baez (North) y Jefferson Airplane (Today), que muchos reconocer\u00e1n por su muestreo en el cl\u00e1sico T.R.O.Y. de Pete Rock &#038; CL Smooth.<\/p>\n","protected":false},"excerpt":{"rendered":"<p>Antes de convertirse en un compositor y arreglista estrella, Tom Scott era un ambicioso saxofonista de 19 a\u00f1os que buscaba su gran oportunidad en 1967. La oportunidad<a class=\"read\" href=\"https:\/\/wpguerssen-test.odoo.rgbconsulting.com\/es\/producto\/the-honeysuckle-breeze\/\"> (...)<\/a>","protected":false},"featured_media":273770,"template":"","meta":{"_acf_changed":false},"product_brand":[],"product_cat":[23227],"product_tag":[],"class_list":{"0":"post-273909","1":"product","2":"type-product","3":"status-publish","4":"has-post-thumbnail","6":"product_cat-jazz-es","7":"pa_artist-scott-tom","8":"pa_format-lp-es","9":"pa_gender-jazz","10":"pa_label-get-on-down","11":"pa_location-north-america-es","12":"pa_other-filters-vinyl-only-es","14":"first","15":"instock","16":"taxable","17":"shipping-taxable","18":"purchasable","19":"product-type-simple"},"acf":[],"yoast_head":"<!-- This site is optimized with the Yoast SEO plugin v24.9 - https:\/\/yoast.com\/wordpress\/plugins\/seo\/ -->\n<title>SCOTT, Tom - The Honeysuckle Breeze -  (LP) | Guerssen<\/title>\n<meta name=\"description\" content=\"Before he developed into a star composer and arranger, Tom Scott was an ambitious 19 year-old saxophonist looking for his big break in 1967. The opportunity came when legendary jazz label Impulse paired Scott with 9-piece vocal group The California Dreamers and allowed the young musician to take the helm as a band leader, with The Honeysuckle Breeze as the spectacular result.Out of print on vinyl since last reissued in 2018, the album features Scott leading a stellar lineup of sessions players-Bill Plummer (sitar), Glen Campbell (guitar) and Carol Kaye (bass) among them- through warm, smooth versions of songs by The Beatles (She&#039;s Leaving Home), Donovan (Mellow Yellow), Joan Baez (North) and Jefferson Airplane (Today), which many will recognize from its sampling in the Pete Rock &amp; CL Smooth classic T.R.O.Y.\" \/>\n<meta name=\"robots\" content=\"index, follow, max-snippet:-1, max-image-preview:large, max-video-preview:-1\" \/>\n<link rel=\"canonical\" href=\"https:\/\/wpguerssen-test.odoo.rgbconsulting.com\/es\/producto\/the-honeysuckle-breeze\/\" \/>\n<meta property=\"og:locale\" content=\"es_ES\" \/>\n<meta property=\"og:type\" content=\"article\" \/>\n<meta property=\"og:title\" content=\"SCOTT, Tom - The Honeysuckle Breeze -  (LP) | Guerssen\" \/>\n<meta property=\"og:description\" content=\"Before he developed into a star composer and arranger, Tom Scott was an ambitious 19 year-old saxophonist looking for his big break in 1967. The opportunity came when legendary jazz label Impulse paired Scott with 9-piece vocal group The California Dreamers and allowed the young musician to take the helm as a band leader, with The Honeysuckle Breeze as the spectacular result.Out of print on vinyl since last reissued in 2018, the album features Scott leading a stellar lineup of sessions players-Bill Plummer (sitar), Glen Campbell (guitar) and Carol Kaye (bass) among them- through warm, smooth versions of songs by The Beatles (She&#039;s Leaving Home), Donovan (Mellow Yellow), Joan Baez (North) and Jefferson Airplane (Today), which many will recognize from its sampling in the Pete Rock &amp; CL Smooth classic T.R.O.Y.\" \/>\n<meta property=\"og:url\" content=\"https:\/\/wpguerssen-test.odoo.rgbconsulting.com\/es\/producto\/the-honeysuckle-breeze\/\" \/>\n<meta property=\"og:site_name\" content=\"Guerssen records\" \/>\n<meta property=\"article:modified_time\" content=\"2025-03-13T16:22:11+00:00\" \/>\n<meta property=\"og:image\" content=\"https:\/\/wpguerssen-test.odoo.rgbconsulting.com\/wp-content\/uploads\/2024\/08\/48518.jpg\" \/>\n\t<meta property=\"og:image:width\" content=\"323\" \/>\n\t<meta property=\"og:image:height\" content=\"322\" \/>\n\t<meta property=\"og:image:type\" content=\"image\/jpeg\" \/>\n<meta name=\"twitter:card\" content=\"summary_large_image\" \/>\n<meta name=\"twitter:title\" content=\"SCOTT, Tom - The Honeysuckle Breeze -  (LP) | Guerssen\" \/>\n<meta name=\"twitter:label1\" content=\"Tiempo de lectura\" \/>\n\t<meta name=\"twitter:data1\" content=\"1 minuto\" \/>\n<script type=\"application\/ld+json\" class=\"yoast-schema-graph\">{\"@context\":\"https:\/\/schema.org\",\"@graph\":[{\"@type\":\"WebPage\",\"@id\":\"https:\/\/wpguerssen-test.odoo.rgbconsulting.com\/es\/producto\/the-honeysuckle-breeze\/\",\"url\":\"https:\/\/wpguerssen-test.odoo.rgbconsulting.com\/es\/producto\/the-honeysuckle-breeze\/\",\"name\":\"SCOTT, Tom - The Honeysuckle Breeze - (LP) | Guerssen\",\"isPartOf\":{\"@id\":\"https:\/\/wpguerssen-test.odoo.rgbconsulting.com\/es\/#website\"},\"primaryImageOfPage\":{\"@id\":\"https:\/\/wpguerssen-test.odoo.rgbconsulting.com\/es\/producto\/the-honeysuckle-breeze\/#primaryimage\"},\"image\":{\"@id\":\"https:\/\/wpguerssen-test.odoo.rgbconsulting.com\/es\/producto\/the-honeysuckle-breeze\/#primaryimage\"},\"thumbnailUrl\":\"https:\/\/wpguerssen-test.odoo.rgbconsulting.com\/wp-content\/uploads\/2024\/08\/48518.jpg\",\"datePublished\":\"2025-01-22T23:00:00+00:00\",\"dateModified\":\"2025-03-13T16:22:11+00:00\",\"description\":\"Before he developed into a star composer and arranger, Tom Scott was an ambitious 19 year-old saxophonist looking for his big break in 1967. The opportunity came when legendary jazz label Impulse paired Scott with 9-piece vocal group The California Dreamers and allowed the young musician to take the helm as a band leader, with The Honeysuckle Breeze as the spectacular result.Out of print on vinyl since last reissued in 2018, the album features Scott leading a stellar lineup of sessions players-Bill Plummer (sitar), Glen Campbell (guitar) and Carol Kaye (bass) among them- through warm, smooth versions of songs by The Beatles (She's Leaving Home), Donovan (Mellow Yellow), Joan Baez (North) and Jefferson Airplane (Today), which many will recognize from its sampling in the Pete Rock & CL Smooth classic T.R.O.Y.\",\"breadcrumb\":{\"@id\":\"https:\/\/wpguerssen-test.odoo.rgbconsulting.com\/es\/producto\/the-honeysuckle-breeze\/#breadcrumb\"},\"inLanguage\":\"es\",\"potentialAction\":[{\"@type\":\"ReadAction\",\"target\":[\"https:\/\/wpguerssen-test.odoo.rgbconsulting.com\/es\/producto\/the-honeysuckle-breeze\/\"]}]},{\"@type\":\"ImageObject\",\"inLanguage\":\"es\",\"@id\":\"https:\/\/wpguerssen-test.odoo.rgbconsulting.com\/es\/producto\/the-honeysuckle-breeze\/#primaryimage\",\"url\":\"https:\/\/wpguerssen-test.odoo.rgbconsulting.com\/wp-content\/uploads\/2024\/08\/48518.jpg\",\"contentUrl\":\"https:\/\/wpguerssen-test.odoo.rgbconsulting.com\/wp-content\/uploads\/2024\/08\/48518.jpg\",\"width\":323,\"height\":322,\"caption\":\"Tom - The Honeysuckle Breeze - GET ON DOWN (LP) | Guerssen\"},{\"@type\":\"BreadcrumbList\",\"@id\":\"https:\/\/wpguerssen-test.odoo.rgbconsulting.com\/es\/producto\/the-honeysuckle-breeze\/#breadcrumb\",\"itemListElement\":[{\"@type\":\"ListItem\",\"position\":1,\"name\":\"Inicio\",\"item\":\"https:\/\/wpguerssen-test.odoo.rgbconsulting.com\/es\/\"},{\"@type\":\"ListItem\",\"position\":2,\"name\":\"Shop\",\"item\":\"https:\/\/wpguerssen-test.odoo.rgbconsulting.com\/shop\/\"},{\"@type\":\"ListItem\",\"position\":3,\"name\":\"The Honeysuckle Breeze\"}]},{\"@type\":\"WebSite\",\"@id\":\"https:\/\/wpguerssen-test.odoo.rgbconsulting.com\/es\/#website\",\"url\":\"https:\/\/wpguerssen-test.odoo.rgbconsulting.com\/es\/\",\"name\":\"Guerssen records\",\"description\":\"psychedelia - progressive - folk - garage \",\"publisher\":{\"@id\":\"https:\/\/wpguerssen-test.odoo.rgbconsulting.com\/es\/#organization\"},\"potentialAction\":[{\"@type\":\"SearchAction\",\"target\":{\"@type\":\"EntryPoint\",\"urlTemplate\":\"https:\/\/wpguerssen-test.odoo.rgbconsulting.com\/es\/?s={search_term_string}\"},\"query-input\":{\"@type\":\"PropertyValueSpecification\",\"valueRequired\":true,\"valueName\":\"search_term_string\"}}],\"inLanguage\":\"es\"},{\"@type\":\"Organization\",\"@id\":\"https:\/\/wpguerssen-test.odoo.rgbconsulting.com\/es\/#organization\",\"name\":\"Guerssen records\",\"url\":\"https:\/\/wpguerssen-test.odoo.rgbconsulting.com\/es\/\",\"logo\":{\"@type\":\"ImageObject\",\"inLanguage\":\"es\",\"@id\":\"https:\/\/wpguerssen-test.odoo.rgbconsulting.com\/es\/#\/schema\/logo\/image\/\",\"url\":\"https:\/\/wpguerssen-test.odoo.rgbconsulting.com\/wp-content\/uploads\/2022\/04\/Logo_Guerssen_trans_100.png\",\"contentUrl\":\"https:\/\/wpguerssen-test.odoo.rgbconsulting.com\/wp-content\/uploads\/2022\/04\/Logo_Guerssen_trans_100.png\",\"width\":122,\"height\":100,\"caption\":\"Guerssen records\"},\"image\":{\"@id\":\"https:\/\/wpguerssen-test.odoo.rgbconsulting.com\/es\/#\/schema\/logo\/image\/\"}}]}<\/script>\n<!-- \/ Yoast SEO plugin. -->","yoast_head_json":{"title":"SCOTT, Tom - The Honeysuckle Breeze -  (LP) | Guerssen","description":"Before he developed into a star composer and arranger, Tom Scott was an ambitious 19 year-old saxophonist looking for his big break in 1967. The opportunity came when legendary jazz label Impulse paired Scott with 9-piece vocal group The California Dreamers and allowed the young musician to take the helm as a band leader, with The Honeysuckle Breeze as the spectacular result.Out of print on vinyl since last reissued in 2018, the album features Scott leading a stellar lineup of sessions players-Bill Plummer (sitar), Glen Campbell (guitar) and Carol Kaye (bass) among them- through warm, smooth versions of songs by The Beatles (She's Leaving Home), Donovan (Mellow Yellow), Joan Baez (North) and Jefferson Airplane (Today), which many will recognize from its sampling in the Pete Rock & CL Smooth classic T.R.O.Y.","robots":{"index":"index","follow":"follow","max-snippet":"max-snippet:-1","max-image-preview":"max-image-preview:large","max-video-preview":"max-video-preview:-1"},"canonical":"https:\/\/wpguerssen-test.odoo.rgbconsulting.com\/es\/producto\/the-honeysuckle-breeze\/","og_locale":"es_ES","og_type":"article","og_title":"SCOTT, Tom - The Honeysuckle Breeze -  (LP) | Guerssen","og_description":"Before he developed into a star composer and arranger, Tom Scott was an ambitious 19 year-old saxophonist looking for his big break in 1967. The opportunity came when legendary jazz label Impulse paired Scott with 9-piece vocal group The California Dreamers and allowed the young musician to take the helm as a band leader, with The Honeysuckle Breeze as the spectacular result.Out of print on vinyl since last reissued in 2018, the album features Scott leading a stellar lineup of sessions players-Bill Plummer (sitar), Glen Campbell (guitar) and Carol Kaye (bass) among them- through warm, smooth versions of songs by The Beatles (She's Leaving Home), Donovan (Mellow Yellow), Joan Baez (North) and Jefferson Airplane (Today), which many will recognize from its sampling in the Pete Rock & CL Smooth classic T.R.O.Y.","og_url":"https:\/\/wpguerssen-test.odoo.rgbconsulting.com\/es\/producto\/the-honeysuckle-breeze\/","og_site_name":"Guerssen records","article_modified_time":"2025-03-13T16:22:11+00:00","og_image":[{"width":323,"height":322,"url":"https:\/\/wpguerssen-test.odoo.rgbconsulting.com\/wp-content\/uploads\/2024\/08\/48518.jpg","type":"image\/jpeg"}],"twitter_card":"summary_large_image","twitter_title":"SCOTT, Tom - The Honeysuckle Breeze -  (LP) | Guerssen","twitter_misc":{"Tiempo de lectura":"1 minuto"},"schema":{"@context":"https:\/\/schema.org","@graph":[{"@type":"WebPage","@id":"https:\/\/wpguerssen-test.odoo.rgbconsulting.com\/es\/producto\/the-honeysuckle-breeze\/","url":"https:\/\/wpguerssen-test.odoo.rgbconsulting.com\/es\/producto\/the-honeysuckle-breeze\/","name":"SCOTT, Tom - The Honeysuckle Breeze - (LP) | Guerssen","isPartOf":{"@id":"https:\/\/wpguerssen-test.odoo.rgbconsulting.com\/es\/#website"},"primaryImageOfPage":{"@id":"https:\/\/wpguerssen-test.odoo.rgbconsulting.com\/es\/producto\/the-honeysuckle-breeze\/#primaryimage"},"image":{"@id":"https:\/\/wpguerssen-test.odoo.rgbconsulting.com\/es\/producto\/the-honeysuckle-breeze\/#primaryimage"},"thumbnailUrl":"https:\/\/wpguerssen-test.odoo.rgbconsulting.com\/wp-content\/uploads\/2024\/08\/48518.jpg","datePublished":"2025-01-22T23:00:00+00:00","dateModified":"2025-03-13T16:22:11+00:00","description":"Before he developed into a star composer and arranger, Tom Scott was an ambitious 19 year-old saxophonist looking for his big break in 1967. The opportunity came when legendary jazz label Impulse paired Scott with 9-piece vocal group The California Dreamers and allowed the young musician to take the helm as a band leader, with The Honeysuckle Breeze as the spectacular result.Out of print on vinyl since last reissued in 2018, the album features Scott leading a stellar lineup of sessions players-Bill Plummer (sitar), Glen Campbell (guitar) and Carol Kaye (bass) among them- through warm, smooth versions of songs by The Beatles (She's Leaving Home), Donovan (Mellow Yellow), Joan Baez (North) and Jefferson Airplane (Today), which many will recognize from its sampling in the Pete Rock & CL Smooth classic T.R.O.Y.","breadcrumb":{"@id":"https:\/\/wpguerssen-test.odoo.rgbconsulting.com\/es\/producto\/the-honeysuckle-breeze\/#breadcrumb"},"inLanguage":"es","potentialAction":[{"@type":"ReadAction","target":["https:\/\/wpguerssen-test.odoo.rgbconsulting.com\/es\/producto\/the-honeysuckle-breeze\/"]}]},{"@type":"ImageObject","inLanguage":"es","@id":"https:\/\/wpguerssen-test.odoo.rgbconsulting.com\/es\/producto\/the-honeysuckle-breeze\/#primaryimage","url":"https:\/\/wpguerssen-test.odoo.rgbconsulting.com\/wp-content\/uploads\/2024\/08\/48518.jpg","contentUrl":"https:\/\/wpguerssen-test.odoo.rgbconsulting.com\/wp-content\/uploads\/2024\/08\/48518.jpg","width":323,"height":322,"caption":"Tom - The Honeysuckle Breeze - GET ON DOWN (LP) | Guerssen"},{"@type":"BreadcrumbList","@id":"https:\/\/wpguerssen-test.odoo.rgbconsulting.com\/es\/producto\/the-honeysuckle-breeze\/#breadcrumb","itemListElement":[{"@type":"ListItem","position":1,"name":"Inicio","item":"https:\/\/wpguerssen-test.odoo.rgbconsulting.com\/es\/"},{"@type":"ListItem","position":2,"name":"Shop","item":"https:\/\/wpguerssen-test.odoo.rgbconsulting.com\/shop\/"},{"@type":"ListItem","position":3,"name":"The Honeysuckle Breeze"}]},{"@type":"WebSite","@id":"https:\/\/wpguerssen-test.odoo.rgbconsulting.com\/es\/#website","url":"https:\/\/wpguerssen-test.odoo.rgbconsulting.com\/es\/","name":"Guerssen records","description":"psychedelia - progressive - folk - garage ","publisher":{"@id":"https:\/\/wpguerssen-test.odoo.rgbconsulting.com\/es\/#organization"},"potentialAction":[{"@type":"SearchAction","target":{"@type":"EntryPoint","urlTemplate":"https:\/\/wpguerssen-test.odoo.rgbconsulting.com\/es\/?s={search_term_string}"},"query-input":{"@type":"PropertyValueSpecification","valueRequired":true,"valueName":"search_term_string"}}],"inLanguage":"es"},{"@type":"Organization","@id":"https:\/\/wpguerssen-test.odoo.rgbconsulting.com\/es\/#organization","name":"Guerssen records","url":"https:\/\/wpguerssen-test.odoo.rgbconsulting.com\/es\/","logo":{"@type":"ImageObject","inLanguage":"es","@id":"https:\/\/wpguerssen-test.odoo.rgbconsulting.com\/es\/#\/schema\/logo\/image\/","url":"https:\/\/wpguerssen-test.odoo.rgbconsulting.com\/wp-content\/uploads\/2022\/04\/Logo_Guerssen_trans_100.png","contentUrl":"https:\/\/wpguerssen-test.odoo.rgbconsulting.com\/wp-content\/uploads\/2022\/04\/Logo_Guerssen_trans_100.png","width":122,"height":100,"caption":"Guerssen records"},"image":{"@id":"https:\/\/wpguerssen-test.odoo.rgbconsulting.com\/es\/#\/schema\/logo\/image\/"}}]}},"_links":{"self":[{"href":"https:\/\/wpguerssen-test.odoo.rgbconsulting.com\/es\/wp-json\/wp\/v2\/product\/273909","targetHints":{"allow":["GET"]}}],"collection":[{"href":"https:\/\/wpguerssen-test.odoo.rgbconsulting.com\/es\/wp-json\/wp\/v2\/product"}],"about":[{"href":"https:\/\/wpguerssen-test.odoo.rgbconsulting.com\/es\/wp-json\/wp\/v2\/types\/product"}],"wp:featuredmedia":[{"embeddable":true,"href":"https:\/\/wpguerssen-test.odoo.rgbconsulting.com\/es\/wp-json\/wp\/v2\/media\/273770"}],"wp:attachment":[{"href":"https:\/\/wpguerssen-test.odoo.rgbconsulting.com\/es\/wp-json\/wp\/v2\/media?parent=273909"}],"wp:term":[{"taxonomy":"product_brand","embeddable":true,"href":"https:\/\/wpguerssen-test.odoo.rgbconsulting.com\/es\/wp-json\/wp\/v2\/product_brand?post=273909"},{"taxonomy":"product_cat","embeddable":true,"href":"https:\/\/wpguerssen-test.odoo.rgbconsulting.com\/es\/wp-json\/wp\/v2\/product_cat?post=273909"},{"taxonomy":"product_tag","embeddable":true,"href":"https:\/\/wpguerssen-test.odoo.rgbconsulting.com\/es\/wp-json\/wp\/v2\/product_tag?post=273909"}],"curies":[{"name":"wp","href":"https:\/\/api.w.org\/{rel}","templated":true}]}}