{"id":274079,"date":"2024-02-20T00:00:00","date_gmt":"2024-02-19T23:00:00","guid":{"rendered":"https:\/\/wpguerssen-test.odoo.rgbconsulting.com\/product\/fools-gold\/"},"modified":"2025-01-30T17:04:35","modified_gmt":"2025-01-30T16:04:35","slug":"fools-gold","status":"publish","type":"product","link":"https:\/\/wpguerssen-test.odoo.rgbconsulting.com\/es\/producto\/fools-gold\/","title":{"rendered":"Fools Gold"},"content":{"rendered":"<p>Traditional Fools fueron David Fox, Andrew Luttrell y Ty Segall. Saltaron a la escena musical underground alrededor de 2006 con un estilo sencillo, lo-fi, divertido y descuidado de garage-surf-punk tristemente ausente de la m\u00fasica en ese momento. El tr\u00edo lanz\u00f3 un casete, un \u00e1lbum de larga duraci\u00f3n, y un sencillo. De vez en cuando todav\u00eda se re\u00fanen para alg\u00fan que otro show de \u00abreuni\u00f3n\u00bb (t\u00e9cnicamente nunca se separaron), pero solo tocar\u00e1n en lugares adecuados como Permanent Records en Eagle Rock o Don the Beachcomber en Huntington Beach. Fools Gold recopila las pistas de su sencillo de 7 pulgadas junto con trece grabaciones in\u00e9ditas que llevan a\u00f1os languideciendo en su garaje. En conjunto, esto es un gran \u00e9xito para aquellos que pueden apreciar el trash rock en su m\u00e1xima expresi\u00f3n: empapado de reverberaci\u00f3n, retroalimentaci\u00f3n y cerveza barata. Las versiones de The Damned, Love, Redd Kross, The Mummies y Gary Glitter est\u00e1n hombro con hombro con las improvisaciones originales de la banda. \u00a1The Traditional Fools eran una banda de fiesta y este \u00e1lbum es una fiesta de rock &#8216;n&#8217; roll!<br \/>\u00abCon Velocidad, volumen, grandes riffs y una entrega descuidada, le dan vida al punk rock en el surf\u00bb. &#8212; Pitchfork \u00abComo Link Wray y Dick Dale con esteroides, combinando sin esfuerzo el surf rock ba\u00f1ado por el sol con los sonidos m\u00e1s sucios de bandas como los Dead Boys\u00bb. &#8212; Consequence of Sound.<\/p>\n","protected":false},"excerpt":{"rendered":"<p>Traditional Fools fueron David Fox, Andrew Luttrell y Ty Segall. Saltaron a la escena musical underground alrededor de 2006 con un estilo sencillo, lo-fi, divertido<a class=\"read\" href=\"https:\/\/wpguerssen-test.odoo.rgbconsulting.com\/es\/producto\/fools-gold\/\"> (...)<\/a>","protected":false},"featured_media":274013,"template":"","meta":{"_acf_changed":false},"product_brand":[],"product_cat":[23282,21650],"product_tag":[],"class_list":{"0":"post-274079","1":"product","2":"type-product","3":"status-publish","4":"has-post-thumbnail","6":"product_cat-garagebeatrnb00now-es","7":"product_cat-punk-es","8":"pa_artist-traditional-fools","9":"pa_format-lp-es","10":"pa_gender-garagebeatrnb00now-punk","11":"pa_label-in-the-red","12":"pa_location-north-america-es","13":"pa_other-filters-vinyl-only-es","15":"first","16":"instock","17":"taxable","18":"shipping-taxable","19":"purchasable","20":"product-type-simple"},"acf":[],"yoast_head":"<!-- This site is optimized with the Yoast SEO plugin v24.9 - https:\/\/yoast.com\/wordpress\/plugins\/seo\/ -->\n<title>TRADITIONAL FOOLS - Fools Gold -  (LP) | Guerssen<\/title>\n<meta name=\"description\" content=\"The Traditional Fools were David Fox, Andrew Luttrell and Ty Segall. They splashed onto the underground music scene around 2006 with a no-frills, lo-fi, fun, sloppy brand of budget garage-surf-punk sadly absent from music at the time. The trio released one cassette, one full-length album, a single and then knocked it on the head. They occasionally still get together for the odd &quot;reunion&quot; show (they never technically broke up) but will only play suitable venues like Permanent Records in Eagle Rock or Don the Beachcomber in Huntington Beach.Fools Gold collects the tracks from their 7-inch single along with thirteen previously unreleased recordings that have been languishing in their garage for years. Taken together, this is a barn-burner for those who can appreciate trash rock at its finest--soaked in reverb, feedback and cheap beer. Cover versions of The Damned, Love, Redd Kross, The Mummies and Gary Glitter stand shoulder to shoulder with the band&#039;s original jams.The Traditional Fools were a party band and this album is a rock &#039;n&#039; roll party!&quot;With speed, volume, great riffs, and a sloppy delivery, they breathe punk rock life into surf.&quot; --Pitchfork &quot;Like Link Wray and Dick Dale on steroids, effortlessly marrying sun-soaked surf rock with the dirtier sounds of bands like the Dead Boys.&quot; --Consequence of Sound.\" \/>\n<meta name=\"robots\" content=\"index, follow, max-snippet:-1, max-image-preview:large, max-video-preview:-1\" \/>\n<link rel=\"canonical\" href=\"https:\/\/wpguerssen-test.odoo.rgbconsulting.com\/es\/producto\/fools-gold\/\" \/>\n<meta property=\"og:locale\" content=\"es_ES\" \/>\n<meta property=\"og:type\" content=\"article\" \/>\n<meta property=\"og:title\" content=\"TRADITIONAL FOOLS - Fools Gold -  (LP) | Guerssen\" \/>\n<meta property=\"og:description\" content=\"The Traditional Fools were David Fox, Andrew Luttrell and Ty Segall. They splashed onto the underground music scene around 2006 with a no-frills, lo-fi, fun, sloppy brand of budget garage-surf-punk sadly absent from music at the time. The trio released one cassette, one full-length album, a single and then knocked it on the head. They occasionally still get together for the odd &quot;reunion&quot; show (they never technically broke up) but will only play suitable venues like Permanent Records in Eagle Rock or Don the Beachcomber in Huntington Beach.Fools Gold collects the tracks from their 7-inch single along with thirteen previously unreleased recordings that have been languishing in their garage for years. Taken together, this is a barn-burner for those who can appreciate trash rock at its finest--soaked in reverb, feedback and cheap beer. Cover versions of The Damned, Love, Redd Kross, The Mummies and Gary Glitter stand shoulder to shoulder with the band&#039;s original jams.The Traditional Fools were a party band and this album is a rock &#039;n&#039; roll party!&quot;With speed, volume, great riffs, and a sloppy delivery, they breathe punk rock life into surf.&quot; --Pitchfork &quot;Like Link Wray and Dick Dale on steroids, effortlessly marrying sun-soaked surf rock with the dirtier sounds of bands like the Dead Boys.&quot; --Consequence of Sound.\" \/>\n<meta property=\"og:url\" content=\"https:\/\/wpguerssen-test.odoo.rgbconsulting.com\/es\/producto\/fools-gold\/\" \/>\n<meta property=\"og:site_name\" content=\"Guerssen records\" \/>\n<meta property=\"article:modified_time\" content=\"2025-01-30T16:04:35+00:00\" \/>\n<meta property=\"og:image\" content=\"https:\/\/wpguerssen-test.odoo.rgbconsulting.com\/wp-content\/uploads\/2024\/08\/48523.jpg\" \/>\n\t<meta property=\"og:image:width\" content=\"593\" \/>\n\t<meta property=\"og:image:height\" content=\"600\" \/>\n\t<meta property=\"og:image:type\" content=\"image\/jpeg\" \/>\n<meta name=\"twitter:card\" content=\"summary_large_image\" \/>\n<meta name=\"twitter:title\" content=\"TRADITIONAL FOOLS - Fools Gold -  (LP) | Guerssen\" \/>\n<meta name=\"twitter:label1\" content=\"Tiempo de lectura\" \/>\n\t<meta name=\"twitter:data1\" content=\"1 minuto\" \/>\n<script type=\"application\/ld+json\" class=\"yoast-schema-graph\">{\"@context\":\"https:\/\/schema.org\",\"@graph\":[{\"@type\":\"WebPage\",\"@id\":\"https:\/\/wpguerssen-test.odoo.rgbconsulting.com\/es\/producto\/fools-gold\/\",\"url\":\"https:\/\/wpguerssen-test.odoo.rgbconsulting.com\/es\/producto\/fools-gold\/\",\"name\":\"TRADITIONAL FOOLS - Fools Gold - (LP) | Guerssen\",\"isPartOf\":{\"@id\":\"https:\/\/wpguerssen-test.odoo.rgbconsulting.com\/es\/#website\"},\"primaryImageOfPage\":{\"@id\":\"https:\/\/wpguerssen-test.odoo.rgbconsulting.com\/es\/producto\/fools-gold\/#primaryimage\"},\"image\":{\"@id\":\"https:\/\/wpguerssen-test.odoo.rgbconsulting.com\/es\/producto\/fools-gold\/#primaryimage\"},\"thumbnailUrl\":\"https:\/\/wpguerssen-test.odoo.rgbconsulting.com\/wp-content\/uploads\/2024\/08\/48523.jpg\",\"datePublished\":\"2024-02-19T23:00:00+00:00\",\"dateModified\":\"2025-01-30T16:04:35+00:00\",\"description\":\"The Traditional Fools were David Fox, Andrew Luttrell and Ty Segall. They splashed onto the underground music scene around 2006 with a no-frills, lo-fi, fun, sloppy brand of budget garage-surf-punk sadly absent from music at the time. The trio released one cassette, one full-length album, a single and then knocked it on the head. They occasionally still get together for the odd \\\"reunion\\\" show (they never technically broke up) but will only play suitable venues like Permanent Records in Eagle Rock or Don the Beachcomber in Huntington Beach.Fools Gold collects the tracks from their 7-inch single along with thirteen previously unreleased recordings that have been languishing in their garage for years. Taken together, this is a barn-burner for those who can appreciate trash rock at its finest--soaked in reverb, feedback and cheap beer. Cover versions of The Damned, Love, Redd Kross, The Mummies and Gary Glitter stand shoulder to shoulder with the band's original jams.The Traditional Fools were a party band and this album is a rock 'n' roll party!\\\"With speed, volume, great riffs, and a sloppy delivery, they breathe punk rock life into surf.\\\" --Pitchfork \\\"Like Link Wray and Dick Dale on steroids, effortlessly marrying sun-soaked surf rock with the dirtier sounds of bands like the Dead Boys.\\\" --Consequence of Sound.\",\"breadcrumb\":{\"@id\":\"https:\/\/wpguerssen-test.odoo.rgbconsulting.com\/es\/producto\/fools-gold\/#breadcrumb\"},\"inLanguage\":\"es\",\"potentialAction\":[{\"@type\":\"ReadAction\",\"target\":[\"https:\/\/wpguerssen-test.odoo.rgbconsulting.com\/es\/producto\/fools-gold\/\"]}]},{\"@type\":\"ImageObject\",\"inLanguage\":\"es\",\"@id\":\"https:\/\/wpguerssen-test.odoo.rgbconsulting.com\/es\/producto\/fools-gold\/#primaryimage\",\"url\":\"https:\/\/wpguerssen-test.odoo.rgbconsulting.com\/wp-content\/uploads\/2024\/08\/48523.jpg\",\"contentUrl\":\"https:\/\/wpguerssen-test.odoo.rgbconsulting.com\/wp-content\/uploads\/2024\/08\/48523.jpg\",\"width\":593,\"height\":600},{\"@type\":\"BreadcrumbList\",\"@id\":\"https:\/\/wpguerssen-test.odoo.rgbconsulting.com\/es\/producto\/fools-gold\/#breadcrumb\",\"itemListElement\":[{\"@type\":\"ListItem\",\"position\":1,\"name\":\"Inicio\",\"item\":\"https:\/\/wpguerssen-test.odoo.rgbconsulting.com\/es\/\"},{\"@type\":\"ListItem\",\"position\":2,\"name\":\"Shop\",\"item\":\"https:\/\/wpguerssen-test.odoo.rgbconsulting.com\/shop\/\"},{\"@type\":\"ListItem\",\"position\":3,\"name\":\"Fools Gold\"}]},{\"@type\":\"WebSite\",\"@id\":\"https:\/\/wpguerssen-test.odoo.rgbconsulting.com\/es\/#website\",\"url\":\"https:\/\/wpguerssen-test.odoo.rgbconsulting.com\/es\/\",\"name\":\"Guerssen records\",\"description\":\"psychedelia - progressive - folk - garage \",\"publisher\":{\"@id\":\"https:\/\/wpguerssen-test.odoo.rgbconsulting.com\/es\/#organization\"},\"potentialAction\":[{\"@type\":\"SearchAction\",\"target\":{\"@type\":\"EntryPoint\",\"urlTemplate\":\"https:\/\/wpguerssen-test.odoo.rgbconsulting.com\/es\/?s={search_term_string}\"},\"query-input\":{\"@type\":\"PropertyValueSpecification\",\"valueRequired\":true,\"valueName\":\"search_term_string\"}}],\"inLanguage\":\"es\"},{\"@type\":\"Organization\",\"@id\":\"https:\/\/wpguerssen-test.odoo.rgbconsulting.com\/es\/#organization\",\"name\":\"Guerssen records\",\"url\":\"https:\/\/wpguerssen-test.odoo.rgbconsulting.com\/es\/\",\"logo\":{\"@type\":\"ImageObject\",\"inLanguage\":\"es\",\"@id\":\"https:\/\/wpguerssen-test.odoo.rgbconsulting.com\/es\/#\/schema\/logo\/image\/\",\"url\":\"https:\/\/wpguerssen-test.odoo.rgbconsulting.com\/wp-content\/uploads\/2022\/04\/Logo_Guerssen_trans_100.png\",\"contentUrl\":\"https:\/\/wpguerssen-test.odoo.rgbconsulting.com\/wp-content\/uploads\/2022\/04\/Logo_Guerssen_trans_100.png\",\"width\":122,\"height\":100,\"caption\":\"Guerssen records\"},\"image\":{\"@id\":\"https:\/\/wpguerssen-test.odoo.rgbconsulting.com\/es\/#\/schema\/logo\/image\/\"}}]}<\/script>\n<!-- \/ Yoast SEO plugin. -->","yoast_head_json":{"title":"TRADITIONAL FOOLS - Fools Gold -  (LP) | Guerssen","description":"The Traditional Fools were David Fox, Andrew Luttrell and Ty Segall. They splashed onto the underground music scene around 2006 with a no-frills, lo-fi, fun, sloppy brand of budget garage-surf-punk sadly absent from music at the time. The trio released one cassette, one full-length album, a single and then knocked it on the head. They occasionally still get together for the odd \"reunion\" show (they never technically broke up) but will only play suitable venues like Permanent Records in Eagle Rock or Don the Beachcomber in Huntington Beach.Fools Gold collects the tracks from their 7-inch single along with thirteen previously unreleased recordings that have been languishing in their garage for years. Taken together, this is a barn-burner for those who can appreciate trash rock at its finest--soaked in reverb, feedback and cheap beer. Cover versions of The Damned, Love, Redd Kross, The Mummies and Gary Glitter stand shoulder to shoulder with the band's original jams.The Traditional Fools were a party band and this album is a rock 'n' roll party!\"With speed, volume, great riffs, and a sloppy delivery, they breathe punk rock life into surf.\" --Pitchfork \"Like Link Wray and Dick Dale on steroids, effortlessly marrying sun-soaked surf rock with the dirtier sounds of bands like the Dead Boys.\" --Consequence of Sound.","robots":{"index":"index","follow":"follow","max-snippet":"max-snippet:-1","max-image-preview":"max-image-preview:large","max-video-preview":"max-video-preview:-1"},"canonical":"https:\/\/wpguerssen-test.odoo.rgbconsulting.com\/es\/producto\/fools-gold\/","og_locale":"es_ES","og_type":"article","og_title":"TRADITIONAL FOOLS - Fools Gold -  (LP) | Guerssen","og_description":"The Traditional Fools were David Fox, Andrew Luttrell and Ty Segall. They splashed onto the underground music scene around 2006 with a no-frills, lo-fi, fun, sloppy brand of budget garage-surf-punk sadly absent from music at the time. The trio released one cassette, one full-length album, a single and then knocked it on the head. They occasionally still get together for the odd \"reunion\" show (they never technically broke up) but will only play suitable venues like Permanent Records in Eagle Rock or Don the Beachcomber in Huntington Beach.Fools Gold collects the tracks from their 7-inch single along with thirteen previously unreleased recordings that have been languishing in their garage for years. Taken together, this is a barn-burner for those who can appreciate trash rock at its finest--soaked in reverb, feedback and cheap beer. Cover versions of The Damned, Love, Redd Kross, The Mummies and Gary Glitter stand shoulder to shoulder with the band's original jams.The Traditional Fools were a party band and this album is a rock 'n' roll party!\"With speed, volume, great riffs, and a sloppy delivery, they breathe punk rock life into surf.\" --Pitchfork \"Like Link Wray and Dick Dale on steroids, effortlessly marrying sun-soaked surf rock with the dirtier sounds of bands like the Dead Boys.\" --Consequence of Sound.","og_url":"https:\/\/wpguerssen-test.odoo.rgbconsulting.com\/es\/producto\/fools-gold\/","og_site_name":"Guerssen records","article_modified_time":"2025-01-30T16:04:35+00:00","og_image":[{"width":593,"height":600,"url":"https:\/\/wpguerssen-test.odoo.rgbconsulting.com\/wp-content\/uploads\/2024\/08\/48523.jpg","type":"image\/jpeg"}],"twitter_card":"summary_large_image","twitter_title":"TRADITIONAL FOOLS - Fools Gold -  (LP) | Guerssen","twitter_misc":{"Tiempo de lectura":"1 minuto"},"schema":{"@context":"https:\/\/schema.org","@graph":[{"@type":"WebPage","@id":"https:\/\/wpguerssen-test.odoo.rgbconsulting.com\/es\/producto\/fools-gold\/","url":"https:\/\/wpguerssen-test.odoo.rgbconsulting.com\/es\/producto\/fools-gold\/","name":"TRADITIONAL FOOLS - Fools Gold - (LP) | Guerssen","isPartOf":{"@id":"https:\/\/wpguerssen-test.odoo.rgbconsulting.com\/es\/#website"},"primaryImageOfPage":{"@id":"https:\/\/wpguerssen-test.odoo.rgbconsulting.com\/es\/producto\/fools-gold\/#primaryimage"},"image":{"@id":"https:\/\/wpguerssen-test.odoo.rgbconsulting.com\/es\/producto\/fools-gold\/#primaryimage"},"thumbnailUrl":"https:\/\/wpguerssen-test.odoo.rgbconsulting.com\/wp-content\/uploads\/2024\/08\/48523.jpg","datePublished":"2024-02-19T23:00:00+00:00","dateModified":"2025-01-30T16:04:35+00:00","description":"The Traditional Fools were David Fox, Andrew Luttrell and Ty Segall. They splashed onto the underground music scene around 2006 with a no-frills, lo-fi, fun, sloppy brand of budget garage-surf-punk sadly absent from music at the time. The trio released one cassette, one full-length album, a single and then knocked it on the head. They occasionally still get together for the odd \"reunion\" show (they never technically broke up) but will only play suitable venues like Permanent Records in Eagle Rock or Don the Beachcomber in Huntington Beach.Fools Gold collects the tracks from their 7-inch single along with thirteen previously unreleased recordings that have been languishing in their garage for years. Taken together, this is a barn-burner for those who can appreciate trash rock at its finest--soaked in reverb, feedback and cheap beer. Cover versions of The Damned, Love, Redd Kross, The Mummies and Gary Glitter stand shoulder to shoulder with the band's original jams.The Traditional Fools were a party band and this album is a rock 'n' roll party!\"With speed, volume, great riffs, and a sloppy delivery, they breathe punk rock life into surf.\" --Pitchfork \"Like Link Wray and Dick Dale on steroids, effortlessly marrying sun-soaked surf rock with the dirtier sounds of bands like the Dead Boys.\" --Consequence of Sound.","breadcrumb":{"@id":"https:\/\/wpguerssen-test.odoo.rgbconsulting.com\/es\/producto\/fools-gold\/#breadcrumb"},"inLanguage":"es","potentialAction":[{"@type":"ReadAction","target":["https:\/\/wpguerssen-test.odoo.rgbconsulting.com\/es\/producto\/fools-gold\/"]}]},{"@type":"ImageObject","inLanguage":"es","@id":"https:\/\/wpguerssen-test.odoo.rgbconsulting.com\/es\/producto\/fools-gold\/#primaryimage","url":"https:\/\/wpguerssen-test.odoo.rgbconsulting.com\/wp-content\/uploads\/2024\/08\/48523.jpg","contentUrl":"https:\/\/wpguerssen-test.odoo.rgbconsulting.com\/wp-content\/uploads\/2024\/08\/48523.jpg","width":593,"height":600},{"@type":"BreadcrumbList","@id":"https:\/\/wpguerssen-test.odoo.rgbconsulting.com\/es\/producto\/fools-gold\/#breadcrumb","itemListElement":[{"@type":"ListItem","position":1,"name":"Inicio","item":"https:\/\/wpguerssen-test.odoo.rgbconsulting.com\/es\/"},{"@type":"ListItem","position":2,"name":"Shop","item":"https:\/\/wpguerssen-test.odoo.rgbconsulting.com\/shop\/"},{"@type":"ListItem","position":3,"name":"Fools Gold"}]},{"@type":"WebSite","@id":"https:\/\/wpguerssen-test.odoo.rgbconsulting.com\/es\/#website","url":"https:\/\/wpguerssen-test.odoo.rgbconsulting.com\/es\/","name":"Guerssen records","description":"psychedelia - progressive - folk - garage ","publisher":{"@id":"https:\/\/wpguerssen-test.odoo.rgbconsulting.com\/es\/#organization"},"potentialAction":[{"@type":"SearchAction","target":{"@type":"EntryPoint","urlTemplate":"https:\/\/wpguerssen-test.odoo.rgbconsulting.com\/es\/?s={search_term_string}"},"query-input":{"@type":"PropertyValueSpecification","valueRequired":true,"valueName":"search_term_string"}}],"inLanguage":"es"},{"@type":"Organization","@id":"https:\/\/wpguerssen-test.odoo.rgbconsulting.com\/es\/#organization","name":"Guerssen records","url":"https:\/\/wpguerssen-test.odoo.rgbconsulting.com\/es\/","logo":{"@type":"ImageObject","inLanguage":"es","@id":"https:\/\/wpguerssen-test.odoo.rgbconsulting.com\/es\/#\/schema\/logo\/image\/","url":"https:\/\/wpguerssen-test.odoo.rgbconsulting.com\/wp-content\/uploads\/2022\/04\/Logo_Guerssen_trans_100.png","contentUrl":"https:\/\/wpguerssen-test.odoo.rgbconsulting.com\/wp-content\/uploads\/2022\/04\/Logo_Guerssen_trans_100.png","width":122,"height":100,"caption":"Guerssen records"},"image":{"@id":"https:\/\/wpguerssen-test.odoo.rgbconsulting.com\/es\/#\/schema\/logo\/image\/"}}]}},"_links":{"self":[{"href":"https:\/\/wpguerssen-test.odoo.rgbconsulting.com\/es\/wp-json\/wp\/v2\/product\/274079","targetHints":{"allow":["GET"]}}],"collection":[{"href":"https:\/\/wpguerssen-test.odoo.rgbconsulting.com\/es\/wp-json\/wp\/v2\/product"}],"about":[{"href":"https:\/\/wpguerssen-test.odoo.rgbconsulting.com\/es\/wp-json\/wp\/v2\/types\/product"}],"wp:featuredmedia":[{"embeddable":true,"href":"https:\/\/wpguerssen-test.odoo.rgbconsulting.com\/es\/wp-json\/wp\/v2\/media\/274013"}],"wp:attachment":[{"href":"https:\/\/wpguerssen-test.odoo.rgbconsulting.com\/es\/wp-json\/wp\/v2\/media?parent=274079"}],"wp:term":[{"taxonomy":"product_brand","embeddable":true,"href":"https:\/\/wpguerssen-test.odoo.rgbconsulting.com\/es\/wp-json\/wp\/v2\/product_brand?post=274079"},{"taxonomy":"product_cat","embeddable":true,"href":"https:\/\/wpguerssen-test.odoo.rgbconsulting.com\/es\/wp-json\/wp\/v2\/product_cat?post=274079"},{"taxonomy":"product_tag","embeddable":true,"href":"https:\/\/wpguerssen-test.odoo.rgbconsulting.com\/es\/wp-json\/wp\/v2\/product_tag?post=274079"}],"curies":[{"name":"wp","href":"https:\/\/api.w.org\/{rel}","templated":true}]}}