{"id":274298,"date":"2025-02-25T00:00:00","date_gmt":"2025-02-24T23:00:00","guid":{"rendered":"https:\/\/wpguerssen-test.odoo.rgbconsulting.com\/product\/canibalismo\/"},"modified":"2025-04-22T15:56:17","modified_gmt":"2025-04-22T13:56:17","slug":"canibalismo","status":"publish","type":"product","link":"https:\/\/wpguerssen-test.odoo.rgbconsulting.com\/es\/producto\/canibalismo\/","title":{"rendered":"Canibalismo"},"content":{"rendered":"<p>Si bien el segundo \u00e1lbum de Chicha Libre, Canibalismo, se inspir\u00f3 en la explosi\u00f3n de la chicha peruana de los a\u00f1os 70, tambi\u00e9n mir\u00f3 hacia el canibalismo cultural querido por Os Mutantes y otros tropicalistas brasile\u00f1os, as\u00ed como los valores de producci\u00f3n de las bandas de rock de finales de los a\u00f1os 60.<br \/> El grupo todav\u00eda rinde homenaje a las leyendas amaz\u00f3nicas Los Wembler&#8217;s de Iquitos, Los Mirlos y Manzanita, pero lo mezcla a\u00fan m\u00e1s al combinar mellotron y sintetizadores antiguos con guitarras de \u00c1frica occidental, percusi\u00f3n tratada, fuzztone y algunos arreglos inspirados en R.D Burman. Lanzado originalmente en 2012, este es el primer relanzamiento europeo en vinilo.<\/p>\n","protected":false},"excerpt":{"rendered":"<p>Si bien el segundo \u00e1lbum de Chicha Libre, Canibalismo, se inspir\u00f3 en la explosi\u00f3n de la chicha peruana de los a\u00f1os 70, tambi\u00e9n mir\u00f3 hacia el canibalismo cultural<a class=\"read\" href=\"https:\/\/wpguerssen-test.odoo.rgbconsulting.com\/es\/producto\/canibalismo\/\"> (...)<\/a>","protected":false},"featured_media":274231,"template":"","meta":{"_acf_changed":false},"product_brand":[],"product_cat":[21659,23231],"product_tag":[24189],"class_list":{"0":"post-274298","1":"product","2":"type-product","3":"status-publish","4":"has-post-thumbnail","6":"product_cat-psychedelic00s-now-es","7":"product_cat-latin-brazilian-es","8":"product_tag-recien-llegadas","9":"pa_artist-chicha-libre","10":"pa_format-lp-es","11":"pa_gender-latin-brazilian-psychedelic00s-now","12":"pa_label-barbes-records","13":"pa_location-north-america-es","14":"pa_other-filters-vinyl-only-es","16":"first","17":"instock","18":"taxable","19":"shipping-taxable","20":"purchasable","21":"product-type-simple"},"acf":[],"yoast_head":"<!-- This site is optimized with the Yoast SEO plugin v24.9 - https:\/\/yoast.com\/wordpress\/plugins\/seo\/ -->\n<title>CHICHA LIBRE - Canibalismo -  (LP) | Guerssen<\/title>\n<meta name=\"description\" content=\"While Chicha Libre&#039;s second album, Canibalismo was inspired by the Peruvian Chicha explosion of the 70&#039;s, it also looked back to the cultural Cannibalism dear to Os Mutantes and other Brazilian tropicalists, as well as the production values of late 1960&#039;s rock bands.The group still pays homage to amazonian legends Los Wembler&#039;s de Iquitos, Los Mirlos and Manzanita, but mixes it up even more by combining mellotron and vintage synths with West African guitars, treated percussion, fuzztone and some R.D Burman-inspired arrangements. Originally released in 2012, this the first european re-release on vinyl.\" \/>\n<meta name=\"robots\" content=\"index, follow, max-snippet:-1, max-image-preview:large, max-video-preview:-1\" \/>\n<link rel=\"canonical\" href=\"https:\/\/wpguerssen-test.odoo.rgbconsulting.com\/es\/producto\/canibalismo\/\" \/>\n<meta property=\"og:locale\" content=\"es_ES\" \/>\n<meta property=\"og:type\" content=\"article\" \/>\n<meta property=\"og:title\" content=\"CHICHA LIBRE - Canibalismo -  (LP) | Guerssen\" \/>\n<meta property=\"og:description\" content=\"While Chicha Libre&#039;s second album, Canibalismo was inspired by the Peruvian Chicha explosion of the 70&#039;s, it also looked back to the cultural Cannibalism dear to Os Mutantes and other Brazilian tropicalists, as well as the production values of late 1960&#039;s rock bands.The group still pays homage to amazonian legends Los Wembler&#039;s de Iquitos, Los Mirlos and Manzanita, but mixes it up even more by combining mellotron and vintage synths with West African guitars, treated percussion, fuzztone and some R.D Burman-inspired arrangements. Originally released in 2012, this the first european re-release on vinyl.\" \/>\n<meta property=\"og:url\" content=\"https:\/\/wpguerssen-test.odoo.rgbconsulting.com\/es\/producto\/canibalismo\/\" \/>\n<meta property=\"og:site_name\" content=\"Guerssen records\" \/>\n<meta property=\"article:modified_time\" content=\"2025-04-22T13:56:17+00:00\" \/>\n<meta property=\"og:image\" content=\"https:\/\/wpguerssen-test.odoo.rgbconsulting.com\/wp-content\/uploads\/2024\/08\/48543.jpg\" \/>\n\t<meta property=\"og:image:width\" content=\"2000\" \/>\n\t<meta property=\"og:image:height\" content=\"1818\" \/>\n\t<meta property=\"og:image:type\" content=\"image\/jpeg\" \/>\n<meta name=\"twitter:card\" content=\"summary_large_image\" \/>\n<meta name=\"twitter:title\" content=\"CHICHA LIBRE - Canibalismo -  (LP) | Guerssen\" \/>\n<meta name=\"twitter:label1\" content=\"Tiempo de lectura\" \/>\n\t<meta name=\"twitter:data1\" content=\"1 minuto\" \/>\n<script type=\"application\/ld+json\" class=\"yoast-schema-graph\">{\"@context\":\"https:\/\/schema.org\",\"@graph\":[{\"@type\":\"WebPage\",\"@id\":\"https:\/\/wpguerssen-test.odoo.rgbconsulting.com\/es\/producto\/canibalismo\/\",\"url\":\"https:\/\/wpguerssen-test.odoo.rgbconsulting.com\/es\/producto\/canibalismo\/\",\"name\":\"CHICHA LIBRE - Canibalismo - (LP) | Guerssen\",\"isPartOf\":{\"@id\":\"https:\/\/wpguerssen-test.odoo.rgbconsulting.com\/es\/#website\"},\"primaryImageOfPage\":{\"@id\":\"https:\/\/wpguerssen-test.odoo.rgbconsulting.com\/es\/producto\/canibalismo\/#primaryimage\"},\"image\":{\"@id\":\"https:\/\/wpguerssen-test.odoo.rgbconsulting.com\/es\/producto\/canibalismo\/#primaryimage\"},\"thumbnailUrl\":\"https:\/\/wpguerssen-test.odoo.rgbconsulting.com\/wp-content\/uploads\/2024\/08\/48543.jpg\",\"datePublished\":\"2025-02-24T23:00:00+00:00\",\"dateModified\":\"2025-04-22T13:56:17+00:00\",\"description\":\"While Chicha Libre's second album, Canibalismo was inspired by the Peruvian Chicha explosion of the 70's, it also looked back to the cultural Cannibalism dear to Os Mutantes and other Brazilian tropicalists, as well as the production values of late 1960's rock bands.The group still pays homage to amazonian legends Los Wembler's de Iquitos, Los Mirlos and Manzanita, but mixes it up even more by combining mellotron and vintage synths with West African guitars, treated percussion, fuzztone and some R.D Burman-inspired arrangements. Originally released in 2012, this the first european re-release on vinyl.\",\"breadcrumb\":{\"@id\":\"https:\/\/wpguerssen-test.odoo.rgbconsulting.com\/es\/producto\/canibalismo\/#breadcrumb\"},\"inLanguage\":\"es\",\"potentialAction\":[{\"@type\":\"ReadAction\",\"target\":[\"https:\/\/wpguerssen-test.odoo.rgbconsulting.com\/es\/producto\/canibalismo\/\"]}]},{\"@type\":\"ImageObject\",\"inLanguage\":\"es\",\"@id\":\"https:\/\/wpguerssen-test.odoo.rgbconsulting.com\/es\/producto\/canibalismo\/#primaryimage\",\"url\":\"https:\/\/wpguerssen-test.odoo.rgbconsulting.com\/wp-content\/uploads\/2024\/08\/48543.jpg\",\"contentUrl\":\"https:\/\/wpguerssen-test.odoo.rgbconsulting.com\/wp-content\/uploads\/2024\/08\/48543.jpg\",\"width\":2000,\"height\":1818},{\"@type\":\"BreadcrumbList\",\"@id\":\"https:\/\/wpguerssen-test.odoo.rgbconsulting.com\/es\/producto\/canibalismo\/#breadcrumb\",\"itemListElement\":[{\"@type\":\"ListItem\",\"position\":1,\"name\":\"Inicio\",\"item\":\"https:\/\/wpguerssen-test.odoo.rgbconsulting.com\/es\/\"},{\"@type\":\"ListItem\",\"position\":2,\"name\":\"Shop\",\"item\":\"https:\/\/wpguerssen-test.odoo.rgbconsulting.com\/shop\/\"},{\"@type\":\"ListItem\",\"position\":3,\"name\":\"Canibalismo\"}]},{\"@type\":\"WebSite\",\"@id\":\"https:\/\/wpguerssen-test.odoo.rgbconsulting.com\/es\/#website\",\"url\":\"https:\/\/wpguerssen-test.odoo.rgbconsulting.com\/es\/\",\"name\":\"Guerssen records\",\"description\":\"psychedelia - progressive - folk - garage \",\"publisher\":{\"@id\":\"https:\/\/wpguerssen-test.odoo.rgbconsulting.com\/es\/#organization\"},\"potentialAction\":[{\"@type\":\"SearchAction\",\"target\":{\"@type\":\"EntryPoint\",\"urlTemplate\":\"https:\/\/wpguerssen-test.odoo.rgbconsulting.com\/es\/?s={search_term_string}\"},\"query-input\":{\"@type\":\"PropertyValueSpecification\",\"valueRequired\":true,\"valueName\":\"search_term_string\"}}],\"inLanguage\":\"es\"},{\"@type\":\"Organization\",\"@id\":\"https:\/\/wpguerssen-test.odoo.rgbconsulting.com\/es\/#organization\",\"name\":\"Guerssen records\",\"url\":\"https:\/\/wpguerssen-test.odoo.rgbconsulting.com\/es\/\",\"logo\":{\"@type\":\"ImageObject\",\"inLanguage\":\"es\",\"@id\":\"https:\/\/wpguerssen-test.odoo.rgbconsulting.com\/es\/#\/schema\/logo\/image\/\",\"url\":\"https:\/\/wpguerssen-test.odoo.rgbconsulting.com\/wp-content\/uploads\/2022\/04\/Logo_Guerssen_trans_100.png\",\"contentUrl\":\"https:\/\/wpguerssen-test.odoo.rgbconsulting.com\/wp-content\/uploads\/2022\/04\/Logo_Guerssen_trans_100.png\",\"width\":122,\"height\":100,\"caption\":\"Guerssen records\"},\"image\":{\"@id\":\"https:\/\/wpguerssen-test.odoo.rgbconsulting.com\/es\/#\/schema\/logo\/image\/\"}}]}<\/script>\n<!-- \/ Yoast SEO plugin. -->","yoast_head_json":{"title":"CHICHA LIBRE - Canibalismo -  (LP) | Guerssen","description":"While Chicha Libre's second album, Canibalismo was inspired by the Peruvian Chicha explosion of the 70's, it also looked back to the cultural Cannibalism dear to Os Mutantes and other Brazilian tropicalists, as well as the production values of late 1960's rock bands.The group still pays homage to amazonian legends Los Wembler's de Iquitos, Los Mirlos and Manzanita, but mixes it up even more by combining mellotron and vintage synths with West African guitars, treated percussion, fuzztone and some R.D Burman-inspired arrangements. Originally released in 2012, this the first european re-release on vinyl.","robots":{"index":"index","follow":"follow","max-snippet":"max-snippet:-1","max-image-preview":"max-image-preview:large","max-video-preview":"max-video-preview:-1"},"canonical":"https:\/\/wpguerssen-test.odoo.rgbconsulting.com\/es\/producto\/canibalismo\/","og_locale":"es_ES","og_type":"article","og_title":"CHICHA LIBRE - Canibalismo -  (LP) | Guerssen","og_description":"While Chicha Libre's second album, Canibalismo was inspired by the Peruvian Chicha explosion of the 70's, it also looked back to the cultural Cannibalism dear to Os Mutantes and other Brazilian tropicalists, as well as the production values of late 1960's rock bands.The group still pays homage to amazonian legends Los Wembler's de Iquitos, Los Mirlos and Manzanita, but mixes it up even more by combining mellotron and vintage synths with West African guitars, treated percussion, fuzztone and some R.D Burman-inspired arrangements. Originally released in 2012, this the first european re-release on vinyl.","og_url":"https:\/\/wpguerssen-test.odoo.rgbconsulting.com\/es\/producto\/canibalismo\/","og_site_name":"Guerssen records","article_modified_time":"2025-04-22T13:56:17+00:00","og_image":[{"width":2000,"height":1818,"url":"https:\/\/wpguerssen-test.odoo.rgbconsulting.com\/wp-content\/uploads\/2024\/08\/48543.jpg","type":"image\/jpeg"}],"twitter_card":"summary_large_image","twitter_title":"CHICHA LIBRE - Canibalismo -  (LP) | Guerssen","twitter_misc":{"Tiempo de lectura":"1 minuto"},"schema":{"@context":"https:\/\/schema.org","@graph":[{"@type":"WebPage","@id":"https:\/\/wpguerssen-test.odoo.rgbconsulting.com\/es\/producto\/canibalismo\/","url":"https:\/\/wpguerssen-test.odoo.rgbconsulting.com\/es\/producto\/canibalismo\/","name":"CHICHA LIBRE - Canibalismo - (LP) | Guerssen","isPartOf":{"@id":"https:\/\/wpguerssen-test.odoo.rgbconsulting.com\/es\/#website"},"primaryImageOfPage":{"@id":"https:\/\/wpguerssen-test.odoo.rgbconsulting.com\/es\/producto\/canibalismo\/#primaryimage"},"image":{"@id":"https:\/\/wpguerssen-test.odoo.rgbconsulting.com\/es\/producto\/canibalismo\/#primaryimage"},"thumbnailUrl":"https:\/\/wpguerssen-test.odoo.rgbconsulting.com\/wp-content\/uploads\/2024\/08\/48543.jpg","datePublished":"2025-02-24T23:00:00+00:00","dateModified":"2025-04-22T13:56:17+00:00","description":"While Chicha Libre's second album, Canibalismo was inspired by the Peruvian Chicha explosion of the 70's, it also looked back to the cultural Cannibalism dear to Os Mutantes and other Brazilian tropicalists, as well as the production values of late 1960's rock bands.The group still pays homage to amazonian legends Los Wembler's de Iquitos, Los Mirlos and Manzanita, but mixes it up even more by combining mellotron and vintage synths with West African guitars, treated percussion, fuzztone and some R.D Burman-inspired arrangements. Originally released in 2012, this the first european re-release on vinyl.","breadcrumb":{"@id":"https:\/\/wpguerssen-test.odoo.rgbconsulting.com\/es\/producto\/canibalismo\/#breadcrumb"},"inLanguage":"es","potentialAction":[{"@type":"ReadAction","target":["https:\/\/wpguerssen-test.odoo.rgbconsulting.com\/es\/producto\/canibalismo\/"]}]},{"@type":"ImageObject","inLanguage":"es","@id":"https:\/\/wpguerssen-test.odoo.rgbconsulting.com\/es\/producto\/canibalismo\/#primaryimage","url":"https:\/\/wpguerssen-test.odoo.rgbconsulting.com\/wp-content\/uploads\/2024\/08\/48543.jpg","contentUrl":"https:\/\/wpguerssen-test.odoo.rgbconsulting.com\/wp-content\/uploads\/2024\/08\/48543.jpg","width":2000,"height":1818},{"@type":"BreadcrumbList","@id":"https:\/\/wpguerssen-test.odoo.rgbconsulting.com\/es\/producto\/canibalismo\/#breadcrumb","itemListElement":[{"@type":"ListItem","position":1,"name":"Inicio","item":"https:\/\/wpguerssen-test.odoo.rgbconsulting.com\/es\/"},{"@type":"ListItem","position":2,"name":"Shop","item":"https:\/\/wpguerssen-test.odoo.rgbconsulting.com\/shop\/"},{"@type":"ListItem","position":3,"name":"Canibalismo"}]},{"@type":"WebSite","@id":"https:\/\/wpguerssen-test.odoo.rgbconsulting.com\/es\/#website","url":"https:\/\/wpguerssen-test.odoo.rgbconsulting.com\/es\/","name":"Guerssen records","description":"psychedelia - progressive - folk - garage ","publisher":{"@id":"https:\/\/wpguerssen-test.odoo.rgbconsulting.com\/es\/#organization"},"potentialAction":[{"@type":"SearchAction","target":{"@type":"EntryPoint","urlTemplate":"https:\/\/wpguerssen-test.odoo.rgbconsulting.com\/es\/?s={search_term_string}"},"query-input":{"@type":"PropertyValueSpecification","valueRequired":true,"valueName":"search_term_string"}}],"inLanguage":"es"},{"@type":"Organization","@id":"https:\/\/wpguerssen-test.odoo.rgbconsulting.com\/es\/#organization","name":"Guerssen records","url":"https:\/\/wpguerssen-test.odoo.rgbconsulting.com\/es\/","logo":{"@type":"ImageObject","inLanguage":"es","@id":"https:\/\/wpguerssen-test.odoo.rgbconsulting.com\/es\/#\/schema\/logo\/image\/","url":"https:\/\/wpguerssen-test.odoo.rgbconsulting.com\/wp-content\/uploads\/2022\/04\/Logo_Guerssen_trans_100.png","contentUrl":"https:\/\/wpguerssen-test.odoo.rgbconsulting.com\/wp-content\/uploads\/2022\/04\/Logo_Guerssen_trans_100.png","width":122,"height":100,"caption":"Guerssen records"},"image":{"@id":"https:\/\/wpguerssen-test.odoo.rgbconsulting.com\/es\/#\/schema\/logo\/image\/"}}]}},"_links":{"self":[{"href":"https:\/\/wpguerssen-test.odoo.rgbconsulting.com\/es\/wp-json\/wp\/v2\/product\/274298","targetHints":{"allow":["GET"]}}],"collection":[{"href":"https:\/\/wpguerssen-test.odoo.rgbconsulting.com\/es\/wp-json\/wp\/v2\/product"}],"about":[{"href":"https:\/\/wpguerssen-test.odoo.rgbconsulting.com\/es\/wp-json\/wp\/v2\/types\/product"}],"wp:featuredmedia":[{"embeddable":true,"href":"https:\/\/wpguerssen-test.odoo.rgbconsulting.com\/es\/wp-json\/wp\/v2\/media\/274231"}],"wp:attachment":[{"href":"https:\/\/wpguerssen-test.odoo.rgbconsulting.com\/es\/wp-json\/wp\/v2\/media?parent=274298"}],"wp:term":[{"taxonomy":"product_brand","embeddable":true,"href":"https:\/\/wpguerssen-test.odoo.rgbconsulting.com\/es\/wp-json\/wp\/v2\/product_brand?post=274298"},{"taxonomy":"product_cat","embeddable":true,"href":"https:\/\/wpguerssen-test.odoo.rgbconsulting.com\/es\/wp-json\/wp\/v2\/product_cat?post=274298"},{"taxonomy":"product_tag","embeddable":true,"href":"https:\/\/wpguerssen-test.odoo.rgbconsulting.com\/es\/wp-json\/wp\/v2\/product_tag?post=274298"}],"curies":[{"name":"wp","href":"https:\/\/api.w.org\/{rel}","templated":true}]}}