{"id":274299,"date":"2025-02-25T00:00:00","date_gmt":"2025-02-24T23:00:00","guid":{"rendered":"https:\/\/wpguerssen-test.odoo.rgbconsulting.com\/product\/tequila-y-aguardiente\/"},"modified":"2025-04-22T15:56:26","modified_gmt":"2025-04-22T13:56:26","slug":"tequila-y-aguardiente","status":"publish","type":"product","link":"https:\/\/wpguerssen-test.odoo.rgbconsulting.com\/es\/producto\/tequila-y-aguardiente\/","title":{"rendered":"Tequila Y Aguardiente"},"content":{"rendered":"<p>El primer lanzamiento de Chicha Libre en 10 a\u00f1os es un EP grabado en la Ciudad de M\u00e9xico y Bogot\u00e1 con invitados especiales como la sensaci\u00f3n mexicana Son Rompe Pera y la banda tropical colombiana retro-futurista La Sonora Mazuren. \u00a1El EP incluye versiones del cl\u00e1sico Tequila! y Caminito de mi Tierra, grabado por primera vez por el compositor de culto ecuatoriano Polibio Mayorga. La cara B consta de remezclas de ambos temas en modo Rebajada y R\u00fastico. El t\u00edtulo del comunicado hace referencia a las bebidas nacionales de M\u00e9xico y Colombia. Ambas canciones fueron remezcladas por Olivier Conan con Bryce Goggin.<\/p>\n","protected":false},"excerpt":{"rendered":"<p>El primer lanzamiento de Chicha Libre en 10 a\u00f1os es un EP grabado en la Ciudad de M\u00e9xico y Bogot\u00e1 con invitados especiales como la sensaci\u00f3n mexicana Son Rompe<a class=\"read\" href=\"https:\/\/wpguerssen-test.odoo.rgbconsulting.com\/es\/producto\/tequila-y-aguardiente\/\"> (...)<\/a>","protected":false},"featured_media":274234,"template":"","meta":{"_acf_changed":false},"product_brand":[],"product_cat":[21659,23231],"product_tag":[24189],"class_list":{"0":"post-274299","1":"product","2":"type-product","3":"status-publish","4":"has-post-thumbnail","6":"product_cat-psychedelic00s-now-es","7":"product_cat-latin-brazilian-es","8":"product_tag-recien-llegadas","9":"pa_artist-chicha-libre","10":"pa_format-lp-es","11":"pa_gender-latin-brazilian-psychedelic00s-now","12":"pa_label-barbes-records","13":"pa_location-north-america-es","14":"pa_other-filters-vinyl-only-es","16":"first","17":"instock","18":"taxable","19":"shipping-taxable","20":"purchasable","21":"product-type-simple"},"acf":[],"yoast_head":"<!-- This site is optimized with the Yoast SEO plugin v24.9 - https:\/\/yoast.com\/wordpress\/plugins\/seo\/ -->\n<title>CHICHA LIBRE - Tequila Y Aguardiente -  (LP) | Guerssen<\/title>\n<meta name=\"description\" content=\"Chicha Libre&#039; first release in 10 years is an EP recorded in Mexico City and Bogot\u00e1 with special guests Mexican sensation Son Rompe Pera and Colombian retro-futurist tropical band La Sonora Mazuren. The EP include covers of the classic Tequila! and Caminito de mi Tierra, first recorded by Ecuadorian cult composer Polibio Mayorga The B side consists of remixes of both those tunes in Rebajada and Rustico mode. The title of the release refers to Mexico&#039;s Colombia&#039;s national drinks. Both songs were remixed by Olivier Conan with Bryce Goggin.\" \/>\n<meta name=\"robots\" content=\"index, follow, max-snippet:-1, max-image-preview:large, max-video-preview:-1\" \/>\n<link rel=\"canonical\" href=\"https:\/\/wpguerssen-test.odoo.rgbconsulting.com\/es\/producto\/tequila-y-aguardiente\/\" \/>\n<meta property=\"og:locale\" content=\"es_ES\" \/>\n<meta property=\"og:type\" content=\"article\" \/>\n<meta property=\"og:title\" content=\"CHICHA LIBRE - Tequila Y Aguardiente -  (LP) | Guerssen\" \/>\n<meta property=\"og:description\" content=\"Chicha Libre&#039; first release in 10 years is an EP recorded in Mexico City and Bogot\u00e1 with special guests Mexican sensation Son Rompe Pera and Colombian retro-futurist tropical band La Sonora Mazuren. The EP include covers of the classic Tequila! and Caminito de mi Tierra, first recorded by Ecuadorian cult composer Polibio Mayorga The B side consists of remixes of both those tunes in Rebajada and Rustico mode. The title of the release refers to Mexico&#039;s Colombia&#039;s national drinks. Both songs were remixed by Olivier Conan with Bryce Goggin.\" \/>\n<meta property=\"og:url\" content=\"https:\/\/wpguerssen-test.odoo.rgbconsulting.com\/es\/producto\/tequila-y-aguardiente\/\" \/>\n<meta property=\"og:site_name\" content=\"Guerssen records\" \/>\n<meta property=\"article:modified_time\" content=\"2025-04-22T13:56:26+00:00\" \/>\n<meta property=\"og:image\" content=\"https:\/\/wpguerssen-test.odoo.rgbconsulting.com\/wp-content\/uploads\/2024\/08\/48544.jpg\" \/>\n\t<meta property=\"og:image:width\" content=\"2000\" \/>\n\t<meta property=\"og:image:height\" content=\"2000\" \/>\n\t<meta property=\"og:image:type\" content=\"image\/jpeg\" \/>\n<meta name=\"twitter:card\" content=\"summary_large_image\" \/>\n<meta name=\"twitter:title\" content=\"CHICHA LIBRE - Tequila Y Aguardiente -  (LP) | Guerssen\" \/>\n<meta name=\"twitter:label1\" content=\"Tiempo de lectura\" \/>\n\t<meta name=\"twitter:data1\" content=\"1 minuto\" \/>\n<script type=\"application\/ld+json\" class=\"yoast-schema-graph\">{\"@context\":\"https:\/\/schema.org\",\"@graph\":[{\"@type\":\"WebPage\",\"@id\":\"https:\/\/wpguerssen-test.odoo.rgbconsulting.com\/es\/producto\/tequila-y-aguardiente\/\",\"url\":\"https:\/\/wpguerssen-test.odoo.rgbconsulting.com\/es\/producto\/tequila-y-aguardiente\/\",\"name\":\"CHICHA LIBRE - Tequila Y Aguardiente - (LP) | Guerssen\",\"isPartOf\":{\"@id\":\"https:\/\/wpguerssen-test.odoo.rgbconsulting.com\/es\/#website\"},\"primaryImageOfPage\":{\"@id\":\"https:\/\/wpguerssen-test.odoo.rgbconsulting.com\/es\/producto\/tequila-y-aguardiente\/#primaryimage\"},\"image\":{\"@id\":\"https:\/\/wpguerssen-test.odoo.rgbconsulting.com\/es\/producto\/tequila-y-aguardiente\/#primaryimage\"},\"thumbnailUrl\":\"https:\/\/wpguerssen-test.odoo.rgbconsulting.com\/wp-content\/uploads\/2024\/08\/48544.jpg\",\"datePublished\":\"2025-02-24T23:00:00+00:00\",\"dateModified\":\"2025-04-22T13:56:26+00:00\",\"description\":\"Chicha Libre' first release in 10 years is an EP recorded in Mexico City and Bogot\u00e1 with special guests Mexican sensation Son Rompe Pera and Colombian retro-futurist tropical band La Sonora Mazuren. The EP include covers of the classic Tequila! and Caminito de mi Tierra, first recorded by Ecuadorian cult composer Polibio Mayorga The B side consists of remixes of both those tunes in Rebajada and Rustico mode. The title of the release refers to Mexico's Colombia's national drinks. Both songs were remixed by Olivier Conan with Bryce Goggin.\",\"breadcrumb\":{\"@id\":\"https:\/\/wpguerssen-test.odoo.rgbconsulting.com\/es\/producto\/tequila-y-aguardiente\/#breadcrumb\"},\"inLanguage\":\"es\",\"potentialAction\":[{\"@type\":\"ReadAction\",\"target\":[\"https:\/\/wpguerssen-test.odoo.rgbconsulting.com\/es\/producto\/tequila-y-aguardiente\/\"]}]},{\"@type\":\"ImageObject\",\"inLanguage\":\"es\",\"@id\":\"https:\/\/wpguerssen-test.odoo.rgbconsulting.com\/es\/producto\/tequila-y-aguardiente\/#primaryimage\",\"url\":\"https:\/\/wpguerssen-test.odoo.rgbconsulting.com\/wp-content\/uploads\/2024\/08\/48544.jpg\",\"contentUrl\":\"https:\/\/wpguerssen-test.odoo.rgbconsulting.com\/wp-content\/uploads\/2024\/08\/48544.jpg\",\"width\":2000,\"height\":2000},{\"@type\":\"BreadcrumbList\",\"@id\":\"https:\/\/wpguerssen-test.odoo.rgbconsulting.com\/es\/producto\/tequila-y-aguardiente\/#breadcrumb\",\"itemListElement\":[{\"@type\":\"ListItem\",\"position\":1,\"name\":\"Inicio\",\"item\":\"https:\/\/wpguerssen-test.odoo.rgbconsulting.com\/es\/\"},{\"@type\":\"ListItem\",\"position\":2,\"name\":\"Shop\",\"item\":\"https:\/\/wpguerssen-test.odoo.rgbconsulting.com\/shop\/\"},{\"@type\":\"ListItem\",\"position\":3,\"name\":\"Tequila Y Aguardiente\"}]},{\"@type\":\"WebSite\",\"@id\":\"https:\/\/wpguerssen-test.odoo.rgbconsulting.com\/es\/#website\",\"url\":\"https:\/\/wpguerssen-test.odoo.rgbconsulting.com\/es\/\",\"name\":\"Guerssen records\",\"description\":\"psychedelia - progressive - folk - garage \",\"publisher\":{\"@id\":\"https:\/\/wpguerssen-test.odoo.rgbconsulting.com\/es\/#organization\"},\"potentialAction\":[{\"@type\":\"SearchAction\",\"target\":{\"@type\":\"EntryPoint\",\"urlTemplate\":\"https:\/\/wpguerssen-test.odoo.rgbconsulting.com\/es\/?s={search_term_string}\"},\"query-input\":{\"@type\":\"PropertyValueSpecification\",\"valueRequired\":true,\"valueName\":\"search_term_string\"}}],\"inLanguage\":\"es\"},{\"@type\":\"Organization\",\"@id\":\"https:\/\/wpguerssen-test.odoo.rgbconsulting.com\/es\/#organization\",\"name\":\"Guerssen records\",\"url\":\"https:\/\/wpguerssen-test.odoo.rgbconsulting.com\/es\/\",\"logo\":{\"@type\":\"ImageObject\",\"inLanguage\":\"es\",\"@id\":\"https:\/\/wpguerssen-test.odoo.rgbconsulting.com\/es\/#\/schema\/logo\/image\/\",\"url\":\"https:\/\/wpguerssen-test.odoo.rgbconsulting.com\/wp-content\/uploads\/2022\/04\/Logo_Guerssen_trans_100.png\",\"contentUrl\":\"https:\/\/wpguerssen-test.odoo.rgbconsulting.com\/wp-content\/uploads\/2022\/04\/Logo_Guerssen_trans_100.png\",\"width\":122,\"height\":100,\"caption\":\"Guerssen records\"},\"image\":{\"@id\":\"https:\/\/wpguerssen-test.odoo.rgbconsulting.com\/es\/#\/schema\/logo\/image\/\"}}]}<\/script>\n<!-- \/ Yoast SEO plugin. -->","yoast_head_json":{"title":"CHICHA LIBRE - Tequila Y Aguardiente -  (LP) | Guerssen","description":"Chicha Libre' first release in 10 years is an EP recorded in Mexico City and Bogot\u00e1 with special guests Mexican sensation Son Rompe Pera and Colombian retro-futurist tropical band La Sonora Mazuren. The EP include covers of the classic Tequila! and Caminito de mi Tierra, first recorded by Ecuadorian cult composer Polibio Mayorga The B side consists of remixes of both those tunes in Rebajada and Rustico mode. The title of the release refers to Mexico's Colombia's national drinks. Both songs were remixed by Olivier Conan with Bryce Goggin.","robots":{"index":"index","follow":"follow","max-snippet":"max-snippet:-1","max-image-preview":"max-image-preview:large","max-video-preview":"max-video-preview:-1"},"canonical":"https:\/\/wpguerssen-test.odoo.rgbconsulting.com\/es\/producto\/tequila-y-aguardiente\/","og_locale":"es_ES","og_type":"article","og_title":"CHICHA LIBRE - Tequila Y Aguardiente -  (LP) | Guerssen","og_description":"Chicha Libre' first release in 10 years is an EP recorded in Mexico City and Bogot\u00e1 with special guests Mexican sensation Son Rompe Pera and Colombian retro-futurist tropical band La Sonora Mazuren. The EP include covers of the classic Tequila! and Caminito de mi Tierra, first recorded by Ecuadorian cult composer Polibio Mayorga The B side consists of remixes of both those tunes in Rebajada and Rustico mode. The title of the release refers to Mexico's Colombia's national drinks. Both songs were remixed by Olivier Conan with Bryce Goggin.","og_url":"https:\/\/wpguerssen-test.odoo.rgbconsulting.com\/es\/producto\/tequila-y-aguardiente\/","og_site_name":"Guerssen records","article_modified_time":"2025-04-22T13:56:26+00:00","og_image":[{"width":2000,"height":2000,"url":"https:\/\/wpguerssen-test.odoo.rgbconsulting.com\/wp-content\/uploads\/2024\/08\/48544.jpg","type":"image\/jpeg"}],"twitter_card":"summary_large_image","twitter_title":"CHICHA LIBRE - Tequila Y Aguardiente -  (LP) | Guerssen","twitter_misc":{"Tiempo de lectura":"1 minuto"},"schema":{"@context":"https:\/\/schema.org","@graph":[{"@type":"WebPage","@id":"https:\/\/wpguerssen-test.odoo.rgbconsulting.com\/es\/producto\/tequila-y-aguardiente\/","url":"https:\/\/wpguerssen-test.odoo.rgbconsulting.com\/es\/producto\/tequila-y-aguardiente\/","name":"CHICHA LIBRE - Tequila Y Aguardiente - (LP) | Guerssen","isPartOf":{"@id":"https:\/\/wpguerssen-test.odoo.rgbconsulting.com\/es\/#website"},"primaryImageOfPage":{"@id":"https:\/\/wpguerssen-test.odoo.rgbconsulting.com\/es\/producto\/tequila-y-aguardiente\/#primaryimage"},"image":{"@id":"https:\/\/wpguerssen-test.odoo.rgbconsulting.com\/es\/producto\/tequila-y-aguardiente\/#primaryimage"},"thumbnailUrl":"https:\/\/wpguerssen-test.odoo.rgbconsulting.com\/wp-content\/uploads\/2024\/08\/48544.jpg","datePublished":"2025-02-24T23:00:00+00:00","dateModified":"2025-04-22T13:56:26+00:00","description":"Chicha Libre' first release in 10 years is an EP recorded in Mexico City and Bogot\u00e1 with special guests Mexican sensation Son Rompe Pera and Colombian retro-futurist tropical band La Sonora Mazuren. The EP include covers of the classic Tequila! and Caminito de mi Tierra, first recorded by Ecuadorian cult composer Polibio Mayorga The B side consists of remixes of both those tunes in Rebajada and Rustico mode. The title of the release refers to Mexico's Colombia's national drinks. Both songs were remixed by Olivier Conan with Bryce Goggin.","breadcrumb":{"@id":"https:\/\/wpguerssen-test.odoo.rgbconsulting.com\/es\/producto\/tequila-y-aguardiente\/#breadcrumb"},"inLanguage":"es","potentialAction":[{"@type":"ReadAction","target":["https:\/\/wpguerssen-test.odoo.rgbconsulting.com\/es\/producto\/tequila-y-aguardiente\/"]}]},{"@type":"ImageObject","inLanguage":"es","@id":"https:\/\/wpguerssen-test.odoo.rgbconsulting.com\/es\/producto\/tequila-y-aguardiente\/#primaryimage","url":"https:\/\/wpguerssen-test.odoo.rgbconsulting.com\/wp-content\/uploads\/2024\/08\/48544.jpg","contentUrl":"https:\/\/wpguerssen-test.odoo.rgbconsulting.com\/wp-content\/uploads\/2024\/08\/48544.jpg","width":2000,"height":2000},{"@type":"BreadcrumbList","@id":"https:\/\/wpguerssen-test.odoo.rgbconsulting.com\/es\/producto\/tequila-y-aguardiente\/#breadcrumb","itemListElement":[{"@type":"ListItem","position":1,"name":"Inicio","item":"https:\/\/wpguerssen-test.odoo.rgbconsulting.com\/es\/"},{"@type":"ListItem","position":2,"name":"Shop","item":"https:\/\/wpguerssen-test.odoo.rgbconsulting.com\/shop\/"},{"@type":"ListItem","position":3,"name":"Tequila Y Aguardiente"}]},{"@type":"WebSite","@id":"https:\/\/wpguerssen-test.odoo.rgbconsulting.com\/es\/#website","url":"https:\/\/wpguerssen-test.odoo.rgbconsulting.com\/es\/","name":"Guerssen records","description":"psychedelia - progressive - folk - garage ","publisher":{"@id":"https:\/\/wpguerssen-test.odoo.rgbconsulting.com\/es\/#organization"},"potentialAction":[{"@type":"SearchAction","target":{"@type":"EntryPoint","urlTemplate":"https:\/\/wpguerssen-test.odoo.rgbconsulting.com\/es\/?s={search_term_string}"},"query-input":{"@type":"PropertyValueSpecification","valueRequired":true,"valueName":"search_term_string"}}],"inLanguage":"es"},{"@type":"Organization","@id":"https:\/\/wpguerssen-test.odoo.rgbconsulting.com\/es\/#organization","name":"Guerssen records","url":"https:\/\/wpguerssen-test.odoo.rgbconsulting.com\/es\/","logo":{"@type":"ImageObject","inLanguage":"es","@id":"https:\/\/wpguerssen-test.odoo.rgbconsulting.com\/es\/#\/schema\/logo\/image\/","url":"https:\/\/wpguerssen-test.odoo.rgbconsulting.com\/wp-content\/uploads\/2022\/04\/Logo_Guerssen_trans_100.png","contentUrl":"https:\/\/wpguerssen-test.odoo.rgbconsulting.com\/wp-content\/uploads\/2022\/04\/Logo_Guerssen_trans_100.png","width":122,"height":100,"caption":"Guerssen records"},"image":{"@id":"https:\/\/wpguerssen-test.odoo.rgbconsulting.com\/es\/#\/schema\/logo\/image\/"}}]}},"_links":{"self":[{"href":"https:\/\/wpguerssen-test.odoo.rgbconsulting.com\/es\/wp-json\/wp\/v2\/product\/274299","targetHints":{"allow":["GET"]}}],"collection":[{"href":"https:\/\/wpguerssen-test.odoo.rgbconsulting.com\/es\/wp-json\/wp\/v2\/product"}],"about":[{"href":"https:\/\/wpguerssen-test.odoo.rgbconsulting.com\/es\/wp-json\/wp\/v2\/types\/product"}],"wp:featuredmedia":[{"embeddable":true,"href":"https:\/\/wpguerssen-test.odoo.rgbconsulting.com\/es\/wp-json\/wp\/v2\/media\/274234"}],"wp:attachment":[{"href":"https:\/\/wpguerssen-test.odoo.rgbconsulting.com\/es\/wp-json\/wp\/v2\/media?parent=274299"}],"wp:term":[{"taxonomy":"product_brand","embeddable":true,"href":"https:\/\/wpguerssen-test.odoo.rgbconsulting.com\/es\/wp-json\/wp\/v2\/product_brand?post=274299"},{"taxonomy":"product_cat","embeddable":true,"href":"https:\/\/wpguerssen-test.odoo.rgbconsulting.com\/es\/wp-json\/wp\/v2\/product_cat?post=274299"},{"taxonomy":"product_tag","embeddable":true,"href":"https:\/\/wpguerssen-test.odoo.rgbconsulting.com\/es\/wp-json\/wp\/v2\/product_tag?post=274299"}],"curies":[{"name":"wp","href":"https:\/\/api.w.org\/{rel}","templated":true}]}}