{"id":274307,"date":"2025-04-01T00:00:00","date_gmt":"2025-03-31T22:00:00","guid":{"rendered":"https:\/\/wpguerssen-test.odoo.rgbconsulting.com\/product\/wembley-arena-1990-vol-1\/"},"modified":"2025-04-07T16:02:20","modified_gmt":"2025-04-07T14:02:20","slug":"wembley-arena-1990-vol-1","status":"publish","type":"product","link":"https:\/\/wpguerssen-test.odoo.rgbconsulting.com\/es\/producto\/wembley-arena-1990-vol-1\/","title":{"rendered":"Wembley Arena 1990 Vol 1"},"content":{"rendered":"<p>Tomado de la gira &#8216;No Prayer on the Road&#8217;, este setlist se grab\u00f3 en el ic\u00f3nico Wembley Arena el 17 de diciembre de 1990. Esta gira marc\u00f3 la llegada de un nuevo guitarrista, Janick Gers, que reemplaz\u00f3 a Adrian Smith. Despu\u00e9s de los escenarios a gran escala utilizados durante la d\u00e9cada de 1980, la banda opt\u00f3 por una producci\u00f3n menos complicada para esta gira, y el bajista Steve Harris coment\u00f3: \u00abPensamos que Seventh Son&#8230; el espect\u00e1culo era un poco dif\u00edcil de controlar. Quiero decir, el verdadero Eddie y los fondos me parecieron incre\u00edbles, pero los icebergs gigantes y esas cosas eran un poco cursis, creo, y s\u00f3lo quer\u00edamos mantener todo eso fuera y convertirlo en un concierto como una actuaci\u00f3n masiva en un club otra vez, lo cual realmente logramos hacer. Y tener a Janick en la banda tambi\u00e9n les dio a todos m\u00e1s patadas en el trasero de lo necesario, porque, al ser nuevo, estaba muy entusiasmado con todo. Creo que nos hizo abrir un poco los ojos y ver las cosas de una manera nueva\u00bb.<\/p>\n","protected":false},"excerpt":{"rendered":"<p>Tomado de la gira &#8216;No Prayer on the Road&#8217;, este setlist se grab\u00f3 en el ic\u00f3nico Wembley Arena el 17 de diciembre de 1990. Esta gira marc\u00f3 la llegada<a class=\"read\" href=\"https:\/\/wpguerssen-test.odoo.rgbconsulting.com\/es\/producto\/wembley-arena-1990-vol-1\/\"> (...)<\/a>","protected":false},"featured_media":274258,"template":"","meta":{"_acf_changed":false},"product_brand":[],"product_cat":[23233],"product_tag":[24185],"class_list":{"0":"post-274307","1":"product","2":"type-product","3":"status-publish","4":"has-post-thumbnail","6":"product_cat-metal-es","7":"product_tag-de-nuevo-en-existencia","8":"pa_artist-iron-maiden-es","9":"pa_format-lp-es","10":"pa_gender-metal","11":"pa_label-outsider","12":"pa_location-uk-ireland-es","13":"pa_other-filters-vinyl-only-es","15":"first","16":"instock","17":"taxable","18":"shipping-taxable","19":"purchasable","20":"product-type-simple"},"acf":[],"yoast_head":"<!-- This site is optimized with the Yoast SEO plugin v24.9 - https:\/\/yoast.com\/wordpress\/plugins\/seo\/ -->\n<title>IRON MAIDEN - Wembley Arena 1990 Vol 1 -  (LP) | Guerssen<\/title>\n<meta name=\"description\" content=\"Taken from the &#039;No Prayer on the Road&#039; tour, this setlist was recorded at the iconic Wembley Arena on 17the December 1990.This tour marked the arrival of a new guitarist, Janick Gers, who replaced Adrian Smith. Following their large-scale stages used during the 1980s, the band opted for a less complicated production for this tour, with bassist Steve Harris commenting: &#039;We thought Seventh Son... the show was just a bit hard to control. I mean, the real Eddie and the backdrops I thought were amazing, but the giant icebergs and stuff were a bit cheesy, I think, and we just wanted to keep all that out and turn it into a gig like a massive club performance again, which we really managed to do. And having Janick in the band kicked everyone more than necessary up the arse, too, because, being new, he was so enthusiastic about everything. I think he made us open our eyes a bit and see things in a new way.&#039;\" \/>\n<meta name=\"robots\" content=\"index, follow, max-snippet:-1, max-image-preview:large, max-video-preview:-1\" \/>\n<link rel=\"canonical\" href=\"https:\/\/wpguerssen-test.odoo.rgbconsulting.com\/es\/producto\/wembley-arena-1990-vol-1\/\" \/>\n<meta property=\"og:locale\" content=\"es_ES\" \/>\n<meta property=\"og:type\" content=\"article\" \/>\n<meta property=\"og:title\" content=\"IRON MAIDEN - Wembley Arena 1990 Vol 1 -  (LP) | Guerssen\" \/>\n<meta property=\"og:description\" content=\"Taken from the &#039;No Prayer on the Road&#039; tour, this setlist was recorded at the iconic Wembley Arena on 17the December 1990.This tour marked the arrival of a new guitarist, Janick Gers, who replaced Adrian Smith. Following their large-scale stages used during the 1980s, the band opted for a less complicated production for this tour, with bassist Steve Harris commenting: &#039;We thought Seventh Son... the show was just a bit hard to control. I mean, the real Eddie and the backdrops I thought were amazing, but the giant icebergs and stuff were a bit cheesy, I think, and we just wanted to keep all that out and turn it into a gig like a massive club performance again, which we really managed to do. And having Janick in the band kicked everyone more than necessary up the arse, too, because, being new, he was so enthusiastic about everything. I think he made us open our eyes a bit and see things in a new way.&#039;\" \/>\n<meta property=\"og:url\" content=\"https:\/\/wpguerssen-test.odoo.rgbconsulting.com\/es\/producto\/wembley-arena-1990-vol-1\/\" \/>\n<meta property=\"og:site_name\" content=\"Guerssen records\" \/>\n<meta property=\"article:modified_time\" content=\"2025-04-07T14:02:20+00:00\" \/>\n<meta property=\"og:image\" content=\"https:\/\/wpguerssen-test.odoo.rgbconsulting.com\/wp-content\/uploads\/2024\/08\/48552-scaled.jpg\" \/>\n\t<meta property=\"og:image:width\" content=\"2560\" \/>\n\t<meta property=\"og:image:height\" content=\"2560\" \/>\n\t<meta property=\"og:image:type\" content=\"image\/jpeg\" \/>\n<meta name=\"twitter:card\" content=\"summary_large_image\" \/>\n<meta name=\"twitter:title\" content=\"IRON MAIDEN - Wembley Arena 1990 Vol 1 -  (LP) | Guerssen\" \/>\n<meta name=\"twitter:label1\" content=\"Tiempo de lectura\" \/>\n\t<meta name=\"twitter:data1\" content=\"1 minuto\" \/>\n<script type=\"application\/ld+json\" class=\"yoast-schema-graph\">{\"@context\":\"https:\/\/schema.org\",\"@graph\":[{\"@type\":\"WebPage\",\"@id\":\"https:\/\/wpguerssen-test.odoo.rgbconsulting.com\/es\/producto\/wembley-arena-1990-vol-1\/\",\"url\":\"https:\/\/wpguerssen-test.odoo.rgbconsulting.com\/es\/producto\/wembley-arena-1990-vol-1\/\",\"name\":\"IRON MAIDEN - Wembley Arena 1990 Vol 1 - (LP) | Guerssen\",\"isPartOf\":{\"@id\":\"https:\/\/wpguerssen-test.odoo.rgbconsulting.com\/es\/#website\"},\"primaryImageOfPage\":{\"@id\":\"https:\/\/wpguerssen-test.odoo.rgbconsulting.com\/es\/producto\/wembley-arena-1990-vol-1\/#primaryimage\"},\"image\":{\"@id\":\"https:\/\/wpguerssen-test.odoo.rgbconsulting.com\/es\/producto\/wembley-arena-1990-vol-1\/#primaryimage\"},\"thumbnailUrl\":\"https:\/\/wpguerssen-test.odoo.rgbconsulting.com\/wp-content\/uploads\/2024\/08\/48552-scaled.jpg\",\"datePublished\":\"2025-03-31T22:00:00+00:00\",\"dateModified\":\"2025-04-07T14:02:20+00:00\",\"description\":\"Taken from the 'No Prayer on the Road' tour, this setlist was recorded at the iconic Wembley Arena on 17the December 1990.This tour marked the arrival of a new guitarist, Janick Gers, who replaced Adrian Smith. Following their large-scale stages used during the 1980s, the band opted for a less complicated production for this tour, with bassist Steve Harris commenting: 'We thought Seventh Son... the show was just a bit hard to control. I mean, the real Eddie and the backdrops I thought were amazing, but the giant icebergs and stuff were a bit cheesy, I think, and we just wanted to keep all that out and turn it into a gig like a massive club performance again, which we really managed to do. And having Janick in the band kicked everyone more than necessary up the arse, too, because, being new, he was so enthusiastic about everything. I think he made us open our eyes a bit and see things in a new way.'\",\"breadcrumb\":{\"@id\":\"https:\/\/wpguerssen-test.odoo.rgbconsulting.com\/es\/producto\/wembley-arena-1990-vol-1\/#breadcrumb\"},\"inLanguage\":\"es\",\"potentialAction\":[{\"@type\":\"ReadAction\",\"target\":[\"https:\/\/wpguerssen-test.odoo.rgbconsulting.com\/es\/producto\/wembley-arena-1990-vol-1\/\"]}]},{\"@type\":\"ImageObject\",\"inLanguage\":\"es\",\"@id\":\"https:\/\/wpguerssen-test.odoo.rgbconsulting.com\/es\/producto\/wembley-arena-1990-vol-1\/#primaryimage\",\"url\":\"https:\/\/wpguerssen-test.odoo.rgbconsulting.com\/wp-content\/uploads\/2024\/08\/48552-scaled.jpg\",\"contentUrl\":\"https:\/\/wpguerssen-test.odoo.rgbconsulting.com\/wp-content\/uploads\/2024\/08\/48552-scaled.jpg\",\"width\":2560,\"height\":2560},{\"@type\":\"BreadcrumbList\",\"@id\":\"https:\/\/wpguerssen-test.odoo.rgbconsulting.com\/es\/producto\/wembley-arena-1990-vol-1\/#breadcrumb\",\"itemListElement\":[{\"@type\":\"ListItem\",\"position\":1,\"name\":\"Inicio\",\"item\":\"https:\/\/wpguerssen-test.odoo.rgbconsulting.com\/es\/\"},{\"@type\":\"ListItem\",\"position\":2,\"name\":\"Shop\",\"item\":\"https:\/\/wpguerssen-test.odoo.rgbconsulting.com\/shop\/\"},{\"@type\":\"ListItem\",\"position\":3,\"name\":\"Wembley Arena 1990 Vol 1\"}]},{\"@type\":\"WebSite\",\"@id\":\"https:\/\/wpguerssen-test.odoo.rgbconsulting.com\/es\/#website\",\"url\":\"https:\/\/wpguerssen-test.odoo.rgbconsulting.com\/es\/\",\"name\":\"Guerssen records\",\"description\":\"psychedelia - progressive - folk - garage \",\"publisher\":{\"@id\":\"https:\/\/wpguerssen-test.odoo.rgbconsulting.com\/es\/#organization\"},\"potentialAction\":[{\"@type\":\"SearchAction\",\"target\":{\"@type\":\"EntryPoint\",\"urlTemplate\":\"https:\/\/wpguerssen-test.odoo.rgbconsulting.com\/es\/?s={search_term_string}\"},\"query-input\":{\"@type\":\"PropertyValueSpecification\",\"valueRequired\":true,\"valueName\":\"search_term_string\"}}],\"inLanguage\":\"es\"},{\"@type\":\"Organization\",\"@id\":\"https:\/\/wpguerssen-test.odoo.rgbconsulting.com\/es\/#organization\",\"name\":\"Guerssen records\",\"url\":\"https:\/\/wpguerssen-test.odoo.rgbconsulting.com\/es\/\",\"logo\":{\"@type\":\"ImageObject\",\"inLanguage\":\"es\",\"@id\":\"https:\/\/wpguerssen-test.odoo.rgbconsulting.com\/es\/#\/schema\/logo\/image\/\",\"url\":\"https:\/\/wpguerssen-test.odoo.rgbconsulting.com\/wp-content\/uploads\/2022\/04\/Logo_Guerssen_trans_100.png\",\"contentUrl\":\"https:\/\/wpguerssen-test.odoo.rgbconsulting.com\/wp-content\/uploads\/2022\/04\/Logo_Guerssen_trans_100.png\",\"width\":122,\"height\":100,\"caption\":\"Guerssen records\"},\"image\":{\"@id\":\"https:\/\/wpguerssen-test.odoo.rgbconsulting.com\/es\/#\/schema\/logo\/image\/\"}}]}<\/script>\n<!-- \/ Yoast SEO plugin. -->","yoast_head_json":{"title":"IRON MAIDEN - Wembley Arena 1990 Vol 1 -  (LP) | Guerssen","description":"Taken from the 'No Prayer on the Road' tour, this setlist was recorded at the iconic Wembley Arena on 17the December 1990.This tour marked the arrival of a new guitarist, Janick Gers, who replaced Adrian Smith. Following their large-scale stages used during the 1980s, the band opted for a less complicated production for this tour, with bassist Steve Harris commenting: 'We thought Seventh Son... the show was just a bit hard to control. I mean, the real Eddie and the backdrops I thought were amazing, but the giant icebergs and stuff were a bit cheesy, I think, and we just wanted to keep all that out and turn it into a gig like a massive club performance again, which we really managed to do. And having Janick in the band kicked everyone more than necessary up the arse, too, because, being new, he was so enthusiastic about everything. I think he made us open our eyes a bit and see things in a new way.'","robots":{"index":"index","follow":"follow","max-snippet":"max-snippet:-1","max-image-preview":"max-image-preview:large","max-video-preview":"max-video-preview:-1"},"canonical":"https:\/\/wpguerssen-test.odoo.rgbconsulting.com\/es\/producto\/wembley-arena-1990-vol-1\/","og_locale":"es_ES","og_type":"article","og_title":"IRON MAIDEN - Wembley Arena 1990 Vol 1 -  (LP) | Guerssen","og_description":"Taken from the 'No Prayer on the Road' tour, this setlist was recorded at the iconic Wembley Arena on 17the December 1990.This tour marked the arrival of a new guitarist, Janick Gers, who replaced Adrian Smith. Following their large-scale stages used during the 1980s, the band opted for a less complicated production for this tour, with bassist Steve Harris commenting: 'We thought Seventh Son... the show was just a bit hard to control. I mean, the real Eddie and the backdrops I thought were amazing, but the giant icebergs and stuff were a bit cheesy, I think, and we just wanted to keep all that out and turn it into a gig like a massive club performance again, which we really managed to do. And having Janick in the band kicked everyone more than necessary up the arse, too, because, being new, he was so enthusiastic about everything. I think he made us open our eyes a bit and see things in a new way.'","og_url":"https:\/\/wpguerssen-test.odoo.rgbconsulting.com\/es\/producto\/wembley-arena-1990-vol-1\/","og_site_name":"Guerssen records","article_modified_time":"2025-04-07T14:02:20+00:00","og_image":[{"width":2560,"height":2560,"url":"https:\/\/wpguerssen-test.odoo.rgbconsulting.com\/wp-content\/uploads\/2024\/08\/48552-scaled.jpg","type":"image\/jpeg"}],"twitter_card":"summary_large_image","twitter_title":"IRON MAIDEN - Wembley Arena 1990 Vol 1 -  (LP) | Guerssen","twitter_misc":{"Tiempo de lectura":"1 minuto"},"schema":{"@context":"https:\/\/schema.org","@graph":[{"@type":"WebPage","@id":"https:\/\/wpguerssen-test.odoo.rgbconsulting.com\/es\/producto\/wembley-arena-1990-vol-1\/","url":"https:\/\/wpguerssen-test.odoo.rgbconsulting.com\/es\/producto\/wembley-arena-1990-vol-1\/","name":"IRON MAIDEN - Wembley Arena 1990 Vol 1 - (LP) | Guerssen","isPartOf":{"@id":"https:\/\/wpguerssen-test.odoo.rgbconsulting.com\/es\/#website"},"primaryImageOfPage":{"@id":"https:\/\/wpguerssen-test.odoo.rgbconsulting.com\/es\/producto\/wembley-arena-1990-vol-1\/#primaryimage"},"image":{"@id":"https:\/\/wpguerssen-test.odoo.rgbconsulting.com\/es\/producto\/wembley-arena-1990-vol-1\/#primaryimage"},"thumbnailUrl":"https:\/\/wpguerssen-test.odoo.rgbconsulting.com\/wp-content\/uploads\/2024\/08\/48552-scaled.jpg","datePublished":"2025-03-31T22:00:00+00:00","dateModified":"2025-04-07T14:02:20+00:00","description":"Taken from the 'No Prayer on the Road' tour, this setlist was recorded at the iconic Wembley Arena on 17the December 1990.This tour marked the arrival of a new guitarist, Janick Gers, who replaced Adrian Smith. Following their large-scale stages used during the 1980s, the band opted for a less complicated production for this tour, with bassist Steve Harris commenting: 'We thought Seventh Son... the show was just a bit hard to control. I mean, the real Eddie and the backdrops I thought were amazing, but the giant icebergs and stuff were a bit cheesy, I think, and we just wanted to keep all that out and turn it into a gig like a massive club performance again, which we really managed to do. And having Janick in the band kicked everyone more than necessary up the arse, too, because, being new, he was so enthusiastic about everything. I think he made us open our eyes a bit and see things in a new way.'","breadcrumb":{"@id":"https:\/\/wpguerssen-test.odoo.rgbconsulting.com\/es\/producto\/wembley-arena-1990-vol-1\/#breadcrumb"},"inLanguage":"es","potentialAction":[{"@type":"ReadAction","target":["https:\/\/wpguerssen-test.odoo.rgbconsulting.com\/es\/producto\/wembley-arena-1990-vol-1\/"]}]},{"@type":"ImageObject","inLanguage":"es","@id":"https:\/\/wpguerssen-test.odoo.rgbconsulting.com\/es\/producto\/wembley-arena-1990-vol-1\/#primaryimage","url":"https:\/\/wpguerssen-test.odoo.rgbconsulting.com\/wp-content\/uploads\/2024\/08\/48552-scaled.jpg","contentUrl":"https:\/\/wpguerssen-test.odoo.rgbconsulting.com\/wp-content\/uploads\/2024\/08\/48552-scaled.jpg","width":2560,"height":2560},{"@type":"BreadcrumbList","@id":"https:\/\/wpguerssen-test.odoo.rgbconsulting.com\/es\/producto\/wembley-arena-1990-vol-1\/#breadcrumb","itemListElement":[{"@type":"ListItem","position":1,"name":"Inicio","item":"https:\/\/wpguerssen-test.odoo.rgbconsulting.com\/es\/"},{"@type":"ListItem","position":2,"name":"Shop","item":"https:\/\/wpguerssen-test.odoo.rgbconsulting.com\/shop\/"},{"@type":"ListItem","position":3,"name":"Wembley Arena 1990 Vol 1"}]},{"@type":"WebSite","@id":"https:\/\/wpguerssen-test.odoo.rgbconsulting.com\/es\/#website","url":"https:\/\/wpguerssen-test.odoo.rgbconsulting.com\/es\/","name":"Guerssen records","description":"psychedelia - progressive - folk - garage ","publisher":{"@id":"https:\/\/wpguerssen-test.odoo.rgbconsulting.com\/es\/#organization"},"potentialAction":[{"@type":"SearchAction","target":{"@type":"EntryPoint","urlTemplate":"https:\/\/wpguerssen-test.odoo.rgbconsulting.com\/es\/?s={search_term_string}"},"query-input":{"@type":"PropertyValueSpecification","valueRequired":true,"valueName":"search_term_string"}}],"inLanguage":"es"},{"@type":"Organization","@id":"https:\/\/wpguerssen-test.odoo.rgbconsulting.com\/es\/#organization","name":"Guerssen records","url":"https:\/\/wpguerssen-test.odoo.rgbconsulting.com\/es\/","logo":{"@type":"ImageObject","inLanguage":"es","@id":"https:\/\/wpguerssen-test.odoo.rgbconsulting.com\/es\/#\/schema\/logo\/image\/","url":"https:\/\/wpguerssen-test.odoo.rgbconsulting.com\/wp-content\/uploads\/2022\/04\/Logo_Guerssen_trans_100.png","contentUrl":"https:\/\/wpguerssen-test.odoo.rgbconsulting.com\/wp-content\/uploads\/2022\/04\/Logo_Guerssen_trans_100.png","width":122,"height":100,"caption":"Guerssen records"},"image":{"@id":"https:\/\/wpguerssen-test.odoo.rgbconsulting.com\/es\/#\/schema\/logo\/image\/"}}]}},"_links":{"self":[{"href":"https:\/\/wpguerssen-test.odoo.rgbconsulting.com\/es\/wp-json\/wp\/v2\/product\/274307","targetHints":{"allow":["GET"]}}],"collection":[{"href":"https:\/\/wpguerssen-test.odoo.rgbconsulting.com\/es\/wp-json\/wp\/v2\/product"}],"about":[{"href":"https:\/\/wpguerssen-test.odoo.rgbconsulting.com\/es\/wp-json\/wp\/v2\/types\/product"}],"wp:featuredmedia":[{"embeddable":true,"href":"https:\/\/wpguerssen-test.odoo.rgbconsulting.com\/es\/wp-json\/wp\/v2\/media\/274258"}],"wp:attachment":[{"href":"https:\/\/wpguerssen-test.odoo.rgbconsulting.com\/es\/wp-json\/wp\/v2\/media?parent=274307"}],"wp:term":[{"taxonomy":"product_brand","embeddable":true,"href":"https:\/\/wpguerssen-test.odoo.rgbconsulting.com\/es\/wp-json\/wp\/v2\/product_brand?post=274307"},{"taxonomy":"product_cat","embeddable":true,"href":"https:\/\/wpguerssen-test.odoo.rgbconsulting.com\/es\/wp-json\/wp\/v2\/product_cat?post=274307"},{"taxonomy":"product_tag","embeddable":true,"href":"https:\/\/wpguerssen-test.odoo.rgbconsulting.com\/es\/wp-json\/wp\/v2\/product_tag?post=274307"}],"curies":[{"name":"wp","href":"https:\/\/api.w.org\/{rel}","templated":true}]}}