{"id":274314,"date":"2024-09-06T00:00:00","date_gmt":"2024-09-05T22:00:00","guid":{"rendered":"https:\/\/wpguerssen-test.odoo.rgbconsulting.com\/product\/midnight-rocks-secret-tapes\/"},"modified":"2025-01-07T19:26:33","modified_gmt":"2025-01-07T18:26:33","slug":"midnight-rocks-secret-tapes","status":"publish","type":"product","link":"https:\/\/wpguerssen-test.odoo.rgbconsulting.com\/es\/producto\/midnight-rocks-secret-tapes\/","title":{"rendered":"Midnight Rock&#8217;s Secret Tapes"},"content":{"rendered":"<p>Midnight Rock, producido por Jah Thomas y deejay, ayud\u00f3 a cambiar el reggae de ra\u00edces al dancehall a fines de la d\u00e9cada de 1970 y Thomas continu\u00f3 produciendo en el nuevo milenio, a veces renovando pistas de Roots Radics de Channel One y, alternativamente, cortando trabajos nuevos en King Jammy&#8217;s, Black Scorpio, y Mixing Lab. Secret Tapes tiene invitados estelares como el mensajero roots Luciano, el maestro de dancehall Super Cat, la cantante suprema Courtney Melody, el propio Jah Thomas y una colaboraci\u00f3n entre Pinchers y Josie Wales; Tony Curtis, Ghost y Mitch son cortes\u00eda de una coproducci\u00f3n de Buju Banton. \u00a1Petici\u00f3n especial para todos los fan\u00e1ticos del dancehall!<\/p>\n","protected":false},"excerpt":{"rendered":"<p>Midnight Rock, producido por Jah Thomas y deejay, ayud\u00f3 a cambiar el reggae de ra\u00edces al dancehall a fines de la d\u00e9cada de 1970 y Thomas continu\u00f3 produciendo en<a class=\"read\" href=\"https:\/\/wpguerssen-test.odoo.rgbconsulting.com\/es\/producto\/midnight-rocks-secret-tapes\/\"> (...)<\/a>","protected":false},"featured_media":274279,"template":"","meta":{"_acf_changed":false},"product_brand":[],"product_cat":[21666],"product_tag":[],"class_list":{"0":"post-274314","1":"product","2":"type-product","3":"status-publish","4":"has-post-thumbnail","6":"product_cat-reggae-ska-dub-es","7":"pa_artist-various-artists-es","8":"pa_format-lp-es","9":"pa_gender-reggae-ska-dub","10":"pa_label-radiation-roots-es","11":"pa_location-south-america-caribbean-es","12":"pa_other-filters-vinyl-only-es","14":"first","15":"instock","16":"taxable","17":"shipping-taxable","18":"purchasable","19":"product-type-simple"},"acf":[],"yoast_head":"<!-- This site is optimized with the Yoast SEO plugin v24.9 - https:\/\/yoast.com\/wordpress\/plugins\/seo\/ -->\n<title>VARIOUS ARTISTS - Midnight Rock&#039;s Secret Tapes -  (LP) | Guerssen<\/title>\n<meta name=\"description\" content=\"Deejay-turned-produced Jah Thomas&#039; Midnight Rock helped shift roots reggae to dancehall in the late 1970s and Thomas continued producing in the new millennium, sometimes revamping Roots Radics tracks from Channel One, and alternately cutting fresh work at King Jammy&#039;s, Black Scorpio, and Mixing Lab. Secret Tapes has stellar guests like roots messenger Luciano, dancehall don Super Cat, supreme crooner Courtney Melody, Jah Thomas himself, and a collab between Pinchers and Josie Wales; Tony Curtis, Ghost and Mitch are courtesy of a Buju Banton co-production. Special request to all dancehall fans!\" \/>\n<meta name=\"robots\" content=\"index, follow, max-snippet:-1, max-image-preview:large, max-video-preview:-1\" \/>\n<link rel=\"canonical\" href=\"https:\/\/wpguerssen-test.odoo.rgbconsulting.com\/es\/producto\/midnight-rocks-secret-tapes\/\" \/>\n<meta property=\"og:locale\" content=\"es_ES\" \/>\n<meta property=\"og:type\" content=\"article\" \/>\n<meta property=\"og:title\" content=\"VARIOUS ARTISTS - Midnight Rock&#039;s Secret Tapes -  (LP) | Guerssen\" \/>\n<meta property=\"og:description\" content=\"Deejay-turned-produced Jah Thomas&#039; Midnight Rock helped shift roots reggae to dancehall in the late 1970s and Thomas continued producing in the new millennium, sometimes revamping Roots Radics tracks from Channel One, and alternately cutting fresh work at King Jammy&#039;s, Black Scorpio, and Mixing Lab. Secret Tapes has stellar guests like roots messenger Luciano, dancehall don Super Cat, supreme crooner Courtney Melody, Jah Thomas himself, and a collab between Pinchers and Josie Wales; Tony Curtis, Ghost and Mitch are courtesy of a Buju Banton co-production. Special request to all dancehall fans!\" \/>\n<meta property=\"og:url\" content=\"https:\/\/wpguerssen-test.odoo.rgbconsulting.com\/es\/producto\/midnight-rocks-secret-tapes\/\" \/>\n<meta property=\"og:site_name\" content=\"Guerssen records\" \/>\n<meta property=\"article:modified_time\" content=\"2025-01-07T18:26:33+00:00\" \/>\n<meta property=\"og:image\" content=\"https:\/\/wpguerssen-test.odoo.rgbconsulting.com\/wp-content\/uploads\/2024\/08\/48562.jpg\" \/>\n\t<meta property=\"og:image:width\" content=\"1772\" \/>\n\t<meta property=\"og:image:height\" content=\"1772\" \/>\n\t<meta property=\"og:image:type\" content=\"image\/jpeg\" \/>\n<meta name=\"twitter:card\" content=\"summary_large_image\" \/>\n<meta name=\"twitter:title\" content=\"VARIOUS ARTISTS - Midnight Rock&#039;s Secret Tapes -  (LP) | Guerssen\" \/>\n<meta name=\"twitter:label1\" content=\"Tiempo de lectura\" \/>\n\t<meta name=\"twitter:data1\" content=\"1 minuto\" \/>\n<script type=\"application\/ld+json\" class=\"yoast-schema-graph\">{\"@context\":\"https:\/\/schema.org\",\"@graph\":[{\"@type\":\"WebPage\",\"@id\":\"https:\/\/wpguerssen-test.odoo.rgbconsulting.com\/es\/producto\/midnight-rocks-secret-tapes\/\",\"url\":\"https:\/\/wpguerssen-test.odoo.rgbconsulting.com\/es\/producto\/midnight-rocks-secret-tapes\/\",\"name\":\"VARIOUS ARTISTS - Midnight Rock's Secret Tapes - (LP) | Guerssen\",\"isPartOf\":{\"@id\":\"https:\/\/wpguerssen-test.odoo.rgbconsulting.com\/es\/#website\"},\"primaryImageOfPage\":{\"@id\":\"https:\/\/wpguerssen-test.odoo.rgbconsulting.com\/es\/producto\/midnight-rocks-secret-tapes\/#primaryimage\"},\"image\":{\"@id\":\"https:\/\/wpguerssen-test.odoo.rgbconsulting.com\/es\/producto\/midnight-rocks-secret-tapes\/#primaryimage\"},\"thumbnailUrl\":\"https:\/\/wpguerssen-test.odoo.rgbconsulting.com\/wp-content\/uploads\/2024\/08\/48562.jpg\",\"datePublished\":\"2024-09-05T22:00:00+00:00\",\"dateModified\":\"2025-01-07T18:26:33+00:00\",\"description\":\"Deejay-turned-produced Jah Thomas' Midnight Rock helped shift roots reggae to dancehall in the late 1970s and Thomas continued producing in the new millennium, sometimes revamping Roots Radics tracks from Channel One, and alternately cutting fresh work at King Jammy's, Black Scorpio, and Mixing Lab. Secret Tapes has stellar guests like roots messenger Luciano, dancehall don Super Cat, supreme crooner Courtney Melody, Jah Thomas himself, and a collab between Pinchers and Josie Wales; Tony Curtis, Ghost and Mitch are courtesy of a Buju Banton co-production. Special request to all dancehall fans!\",\"breadcrumb\":{\"@id\":\"https:\/\/wpguerssen-test.odoo.rgbconsulting.com\/es\/producto\/midnight-rocks-secret-tapes\/#breadcrumb\"},\"inLanguage\":\"es\",\"potentialAction\":[{\"@type\":\"ReadAction\",\"target\":[\"https:\/\/wpguerssen-test.odoo.rgbconsulting.com\/es\/producto\/midnight-rocks-secret-tapes\/\"]}]},{\"@type\":\"ImageObject\",\"inLanguage\":\"es\",\"@id\":\"https:\/\/wpguerssen-test.odoo.rgbconsulting.com\/es\/producto\/midnight-rocks-secret-tapes\/#primaryimage\",\"url\":\"https:\/\/wpguerssen-test.odoo.rgbconsulting.com\/wp-content\/uploads\/2024\/08\/48562.jpg\",\"contentUrl\":\"https:\/\/wpguerssen-test.odoo.rgbconsulting.com\/wp-content\/uploads\/2024\/08\/48562.jpg\",\"width\":1772,\"height\":1772},{\"@type\":\"BreadcrumbList\",\"@id\":\"https:\/\/wpguerssen-test.odoo.rgbconsulting.com\/es\/producto\/midnight-rocks-secret-tapes\/#breadcrumb\",\"itemListElement\":[{\"@type\":\"ListItem\",\"position\":1,\"name\":\"Inicio\",\"item\":\"https:\/\/wpguerssen-test.odoo.rgbconsulting.com\/es\/\"},{\"@type\":\"ListItem\",\"position\":2,\"name\":\"Shop\",\"item\":\"https:\/\/wpguerssen-test.odoo.rgbconsulting.com\/shop\/\"},{\"@type\":\"ListItem\",\"position\":3,\"name\":\"Midnight Rock&#8217;s Secret Tapes\"}]},{\"@type\":\"WebSite\",\"@id\":\"https:\/\/wpguerssen-test.odoo.rgbconsulting.com\/es\/#website\",\"url\":\"https:\/\/wpguerssen-test.odoo.rgbconsulting.com\/es\/\",\"name\":\"Guerssen records\",\"description\":\"psychedelia - progressive - folk - garage \",\"publisher\":{\"@id\":\"https:\/\/wpguerssen-test.odoo.rgbconsulting.com\/es\/#organization\"},\"potentialAction\":[{\"@type\":\"SearchAction\",\"target\":{\"@type\":\"EntryPoint\",\"urlTemplate\":\"https:\/\/wpguerssen-test.odoo.rgbconsulting.com\/es\/?s={search_term_string}\"},\"query-input\":{\"@type\":\"PropertyValueSpecification\",\"valueRequired\":true,\"valueName\":\"search_term_string\"}}],\"inLanguage\":\"es\"},{\"@type\":\"Organization\",\"@id\":\"https:\/\/wpguerssen-test.odoo.rgbconsulting.com\/es\/#organization\",\"name\":\"Guerssen records\",\"url\":\"https:\/\/wpguerssen-test.odoo.rgbconsulting.com\/es\/\",\"logo\":{\"@type\":\"ImageObject\",\"inLanguage\":\"es\",\"@id\":\"https:\/\/wpguerssen-test.odoo.rgbconsulting.com\/es\/#\/schema\/logo\/image\/\",\"url\":\"https:\/\/wpguerssen-test.odoo.rgbconsulting.com\/wp-content\/uploads\/2022\/04\/Logo_Guerssen_trans_100.png\",\"contentUrl\":\"https:\/\/wpguerssen-test.odoo.rgbconsulting.com\/wp-content\/uploads\/2022\/04\/Logo_Guerssen_trans_100.png\",\"width\":122,\"height\":100,\"caption\":\"Guerssen records\"},\"image\":{\"@id\":\"https:\/\/wpguerssen-test.odoo.rgbconsulting.com\/es\/#\/schema\/logo\/image\/\"}}]}<\/script>\n<!-- \/ Yoast SEO plugin. -->","yoast_head_json":{"title":"VARIOUS ARTISTS - Midnight Rock's Secret Tapes -  (LP) | Guerssen","description":"Deejay-turned-produced Jah Thomas' Midnight Rock helped shift roots reggae to dancehall in the late 1970s and Thomas continued producing in the new millennium, sometimes revamping Roots Radics tracks from Channel One, and alternately cutting fresh work at King Jammy's, Black Scorpio, and Mixing Lab. Secret Tapes has stellar guests like roots messenger Luciano, dancehall don Super Cat, supreme crooner Courtney Melody, Jah Thomas himself, and a collab between Pinchers and Josie Wales; Tony Curtis, Ghost and Mitch are courtesy of a Buju Banton co-production. Special request to all dancehall fans!","robots":{"index":"index","follow":"follow","max-snippet":"max-snippet:-1","max-image-preview":"max-image-preview:large","max-video-preview":"max-video-preview:-1"},"canonical":"https:\/\/wpguerssen-test.odoo.rgbconsulting.com\/es\/producto\/midnight-rocks-secret-tapes\/","og_locale":"es_ES","og_type":"article","og_title":"VARIOUS ARTISTS - Midnight Rock's Secret Tapes -  (LP) | Guerssen","og_description":"Deejay-turned-produced Jah Thomas' Midnight Rock helped shift roots reggae to dancehall in the late 1970s and Thomas continued producing in the new millennium, sometimes revamping Roots Radics tracks from Channel One, and alternately cutting fresh work at King Jammy's, Black Scorpio, and Mixing Lab. Secret Tapes has stellar guests like roots messenger Luciano, dancehall don Super Cat, supreme crooner Courtney Melody, Jah Thomas himself, and a collab between Pinchers and Josie Wales; Tony Curtis, Ghost and Mitch are courtesy of a Buju Banton co-production. Special request to all dancehall fans!","og_url":"https:\/\/wpguerssen-test.odoo.rgbconsulting.com\/es\/producto\/midnight-rocks-secret-tapes\/","og_site_name":"Guerssen records","article_modified_time":"2025-01-07T18:26:33+00:00","og_image":[{"width":1772,"height":1772,"url":"https:\/\/wpguerssen-test.odoo.rgbconsulting.com\/wp-content\/uploads\/2024\/08\/48562.jpg","type":"image\/jpeg"}],"twitter_card":"summary_large_image","twitter_title":"VARIOUS ARTISTS - Midnight Rock's Secret Tapes -  (LP) | Guerssen","twitter_misc":{"Tiempo de lectura":"1 minuto"},"schema":{"@context":"https:\/\/schema.org","@graph":[{"@type":"WebPage","@id":"https:\/\/wpguerssen-test.odoo.rgbconsulting.com\/es\/producto\/midnight-rocks-secret-tapes\/","url":"https:\/\/wpguerssen-test.odoo.rgbconsulting.com\/es\/producto\/midnight-rocks-secret-tapes\/","name":"VARIOUS ARTISTS - Midnight Rock's Secret Tapes - (LP) | Guerssen","isPartOf":{"@id":"https:\/\/wpguerssen-test.odoo.rgbconsulting.com\/es\/#website"},"primaryImageOfPage":{"@id":"https:\/\/wpguerssen-test.odoo.rgbconsulting.com\/es\/producto\/midnight-rocks-secret-tapes\/#primaryimage"},"image":{"@id":"https:\/\/wpguerssen-test.odoo.rgbconsulting.com\/es\/producto\/midnight-rocks-secret-tapes\/#primaryimage"},"thumbnailUrl":"https:\/\/wpguerssen-test.odoo.rgbconsulting.com\/wp-content\/uploads\/2024\/08\/48562.jpg","datePublished":"2024-09-05T22:00:00+00:00","dateModified":"2025-01-07T18:26:33+00:00","description":"Deejay-turned-produced Jah Thomas' Midnight Rock helped shift roots reggae to dancehall in the late 1970s and Thomas continued producing in the new millennium, sometimes revamping Roots Radics tracks from Channel One, and alternately cutting fresh work at King Jammy's, Black Scorpio, and Mixing Lab. Secret Tapes has stellar guests like roots messenger Luciano, dancehall don Super Cat, supreme crooner Courtney Melody, Jah Thomas himself, and a collab between Pinchers and Josie Wales; Tony Curtis, Ghost and Mitch are courtesy of a Buju Banton co-production. Special request to all dancehall fans!","breadcrumb":{"@id":"https:\/\/wpguerssen-test.odoo.rgbconsulting.com\/es\/producto\/midnight-rocks-secret-tapes\/#breadcrumb"},"inLanguage":"es","potentialAction":[{"@type":"ReadAction","target":["https:\/\/wpguerssen-test.odoo.rgbconsulting.com\/es\/producto\/midnight-rocks-secret-tapes\/"]}]},{"@type":"ImageObject","inLanguage":"es","@id":"https:\/\/wpguerssen-test.odoo.rgbconsulting.com\/es\/producto\/midnight-rocks-secret-tapes\/#primaryimage","url":"https:\/\/wpguerssen-test.odoo.rgbconsulting.com\/wp-content\/uploads\/2024\/08\/48562.jpg","contentUrl":"https:\/\/wpguerssen-test.odoo.rgbconsulting.com\/wp-content\/uploads\/2024\/08\/48562.jpg","width":1772,"height":1772},{"@type":"BreadcrumbList","@id":"https:\/\/wpguerssen-test.odoo.rgbconsulting.com\/es\/producto\/midnight-rocks-secret-tapes\/#breadcrumb","itemListElement":[{"@type":"ListItem","position":1,"name":"Inicio","item":"https:\/\/wpguerssen-test.odoo.rgbconsulting.com\/es\/"},{"@type":"ListItem","position":2,"name":"Shop","item":"https:\/\/wpguerssen-test.odoo.rgbconsulting.com\/shop\/"},{"@type":"ListItem","position":3,"name":"Midnight Rock&#8217;s Secret Tapes"}]},{"@type":"WebSite","@id":"https:\/\/wpguerssen-test.odoo.rgbconsulting.com\/es\/#website","url":"https:\/\/wpguerssen-test.odoo.rgbconsulting.com\/es\/","name":"Guerssen records","description":"psychedelia - progressive - folk - garage ","publisher":{"@id":"https:\/\/wpguerssen-test.odoo.rgbconsulting.com\/es\/#organization"},"potentialAction":[{"@type":"SearchAction","target":{"@type":"EntryPoint","urlTemplate":"https:\/\/wpguerssen-test.odoo.rgbconsulting.com\/es\/?s={search_term_string}"},"query-input":{"@type":"PropertyValueSpecification","valueRequired":true,"valueName":"search_term_string"}}],"inLanguage":"es"},{"@type":"Organization","@id":"https:\/\/wpguerssen-test.odoo.rgbconsulting.com\/es\/#organization","name":"Guerssen records","url":"https:\/\/wpguerssen-test.odoo.rgbconsulting.com\/es\/","logo":{"@type":"ImageObject","inLanguage":"es","@id":"https:\/\/wpguerssen-test.odoo.rgbconsulting.com\/es\/#\/schema\/logo\/image\/","url":"https:\/\/wpguerssen-test.odoo.rgbconsulting.com\/wp-content\/uploads\/2022\/04\/Logo_Guerssen_trans_100.png","contentUrl":"https:\/\/wpguerssen-test.odoo.rgbconsulting.com\/wp-content\/uploads\/2022\/04\/Logo_Guerssen_trans_100.png","width":122,"height":100,"caption":"Guerssen records"},"image":{"@id":"https:\/\/wpguerssen-test.odoo.rgbconsulting.com\/es\/#\/schema\/logo\/image\/"}}]}},"_links":{"self":[{"href":"https:\/\/wpguerssen-test.odoo.rgbconsulting.com\/es\/wp-json\/wp\/v2\/product\/274314","targetHints":{"allow":["GET"]}}],"collection":[{"href":"https:\/\/wpguerssen-test.odoo.rgbconsulting.com\/es\/wp-json\/wp\/v2\/product"}],"about":[{"href":"https:\/\/wpguerssen-test.odoo.rgbconsulting.com\/es\/wp-json\/wp\/v2\/types\/product"}],"wp:featuredmedia":[{"embeddable":true,"href":"https:\/\/wpguerssen-test.odoo.rgbconsulting.com\/es\/wp-json\/wp\/v2\/media\/274279"}],"wp:attachment":[{"href":"https:\/\/wpguerssen-test.odoo.rgbconsulting.com\/es\/wp-json\/wp\/v2\/media?parent=274314"}],"wp:term":[{"taxonomy":"product_brand","embeddable":true,"href":"https:\/\/wpguerssen-test.odoo.rgbconsulting.com\/es\/wp-json\/wp\/v2\/product_brand?post=274314"},{"taxonomy":"product_cat","embeddable":true,"href":"https:\/\/wpguerssen-test.odoo.rgbconsulting.com\/es\/wp-json\/wp\/v2\/product_cat?post=274314"},{"taxonomy":"product_tag","embeddable":true,"href":"https:\/\/wpguerssen-test.odoo.rgbconsulting.com\/es\/wp-json\/wp\/v2\/product_tag?post=274314"}],"curies":[{"name":"wp","href":"https:\/\/api.w.org\/{rel}","templated":true}]}}