{"id":274354,"date":"2024-10-16T00:00:00","date_gmt":"2024-10-15T22:00:00","guid":{"rendered":"https:\/\/wpguerssen-test.odoo.rgbconsulting.com\/product\/burnin-feeling-simple-words\/"},"modified":"2025-01-30T17:05:16","modified_gmt":"2025-01-30T16:05:16","slug":"burnin-feeling-simple-words","status":"publish","type":"product","link":"https:\/\/wpguerssen-test.odoo.rgbconsulting.com\/es\/producto\/burnin-feeling-simple-words\/","title":{"rendered":"Burnin&#8217; Feeling \/ Simple Words"},"content":{"rendered":"<p>&#8216;Burnin&#8217; Feeling&#8217; circul\u00f3 en la obra maestra pirata &#8216;Angel Dust Psychedelia&#8217; hace m\u00e1s de una d\u00e9cada y posteriormente se convirti\u00f3 en un himno de culto del heavy rock. El 45 original es tan raro como el pelo de unicornio, del que s\u00f3lo se hicieron 100 copias. Sin nombres mostrados en el disco, la banda hab\u00eda seguido siendo un completo misterio todos estos a\u00f1os. Ancient Grease Records lanz\u00f3 una exitosa campa\u00f1a con los pies en la tierra en Florida para encontrar a estos man\u00edacos del heavy rock y lograron su gran avance a finales de 2020. Se complacen en presentarles la primera reedici\u00f3n oficial de la m\u00fasica de Masalla. Incluye: disco de vinilo negro, encarte de arte ef\u00edmero, encarte de folleto de viaje y funda blanca de 45 en relieve. Grabado en el verano de 1970. Masalla era de Daytona Beach, Florida.<\/p>\n","protected":false},"excerpt":{"rendered":"<p>&#8216;Burnin&#8217; Feeling&#8217; circul\u00f3 en la obra maestra pirata &#8216;Angel Dust Psychedelia&#8217; hace m\u00e1s de una d\u00e9cada y posteriormente se convirti\u00f3<a class=\"read\" href=\"https:\/\/wpguerssen-test.odoo.rgbconsulting.com\/es\/producto\/burnin-feeling-simple-words\/\"> (...)<\/a>","protected":false},"featured_media":274350,"template":"","meta":{"_acf_changed":false},"product_brand":[],"product_cat":[21639],"product_tag":[],"class_list":{"0":"post-274354","1":"product","2":"type-product","3":"status-publish","4":"has-post-thumbnail","6":"product_cat-psychedelic60s-70s-es","7":"pa_artist-masalla","8":"pa_format-7-es","9":"pa_gender-psychedelic60s-70s","10":"pa_label-ancient-grease-records","11":"pa_location-north-america-es","12":"pa_other-filters-vinyl-only-es","14":"first","15":"instock","16":"taxable","17":"shipping-taxable","18":"purchasable","19":"product-type-simple"},"acf":[],"yoast_head":"<!-- This site is optimized with the Yoast SEO plugin v24.9 - https:\/\/yoast.com\/wordpress\/plugins\/seo\/ -->\n<title>MASALLA - Burnin&#039; Feeling \/ Simple Words -  (7&quot;) | Guerssen<\/title>\n<meta name=\"description\" content=\"&#039;Burnin&#039; Feeling&#039; circulated on the bootleg masterpiece comp &#039;Angel Dust Psychedelia&#039; over a decade ago and subsequently became a heavy rock cult anthem. The original 45 is as rare as unicorn hair, with only 100 copies made. With no names shown on the record, the band had remained a complete mystery all these years. Ancient Grease Records launched a successful campaign with feet on the ground in Florida to find these heavy rock maniacs and made their breakthrough in late 2020. They are pleased to bring you the first official reissue of Masalla&#039;s music. Includes: black vinyl record, ephemera art insert, travel brochure insert and embossed white 45 sleeve. Recorded summer 1970. Masalla were from the Daytona Beach, Florida.\" \/>\n<meta name=\"robots\" content=\"index, follow, max-snippet:-1, max-image-preview:large, max-video-preview:-1\" \/>\n<link rel=\"canonical\" href=\"https:\/\/wpguerssen-test.odoo.rgbconsulting.com\/es\/producto\/burnin-feeling-simple-words\/\" \/>\n<meta property=\"og:locale\" content=\"es_ES\" \/>\n<meta property=\"og:type\" content=\"article\" \/>\n<meta property=\"og:title\" content=\"MASALLA - Burnin&#039; Feeling \/ Simple Words -  (7&quot;) | Guerssen\" \/>\n<meta property=\"og:description\" content=\"&#039;Burnin&#039; Feeling&#039; circulated on the bootleg masterpiece comp &#039;Angel Dust Psychedelia&#039; over a decade ago and subsequently became a heavy rock cult anthem. The original 45 is as rare as unicorn hair, with only 100 copies made. With no names shown on the record, the band had remained a complete mystery all these years. Ancient Grease Records launched a successful campaign with feet on the ground in Florida to find these heavy rock maniacs and made their breakthrough in late 2020. They are pleased to bring you the first official reissue of Masalla&#039;s music. Includes: black vinyl record, ephemera art insert, travel brochure insert and embossed white 45 sleeve. Recorded summer 1970. Masalla were from the Daytona Beach, Florida.\" \/>\n<meta property=\"og:url\" content=\"https:\/\/wpguerssen-test.odoo.rgbconsulting.com\/es\/producto\/burnin-feeling-simple-words\/\" \/>\n<meta property=\"og:site_name\" content=\"Guerssen records\" \/>\n<meta property=\"article:modified_time\" content=\"2025-01-30T16:05:16+00:00\" \/>\n<meta property=\"og:image\" content=\"https:\/\/wpguerssen-test.odoo.rgbconsulting.com\/wp-content\/uploads\/2024\/08\/48566.jpg\" \/>\n\t<meta property=\"og:image:width\" content=\"600\" \/>\n\t<meta property=\"og:image:height\" content=\"600\" \/>\n\t<meta property=\"og:image:type\" content=\"image\/jpeg\" \/>\n<meta name=\"twitter:card\" content=\"summary_large_image\" \/>\n<meta name=\"twitter:title\" content=\"MASALLA - Burnin&#039; Feeling \/ Simple Words -  (7&quot;) | Guerssen\" \/>\n<meta name=\"twitter:label1\" content=\"Tiempo de lectura\" \/>\n\t<meta name=\"twitter:data1\" content=\"1 minuto\" \/>\n<script type=\"application\/ld+json\" class=\"yoast-schema-graph\">{\"@context\":\"https:\/\/schema.org\",\"@graph\":[{\"@type\":\"WebPage\",\"@id\":\"https:\/\/wpguerssen-test.odoo.rgbconsulting.com\/es\/producto\/burnin-feeling-simple-words\/\",\"url\":\"https:\/\/wpguerssen-test.odoo.rgbconsulting.com\/es\/producto\/burnin-feeling-simple-words\/\",\"name\":\"MASALLA - Burnin' Feeling \/ Simple Words - (7\\\") | Guerssen\",\"isPartOf\":{\"@id\":\"https:\/\/wpguerssen-test.odoo.rgbconsulting.com\/es\/#website\"},\"primaryImageOfPage\":{\"@id\":\"https:\/\/wpguerssen-test.odoo.rgbconsulting.com\/es\/producto\/burnin-feeling-simple-words\/#primaryimage\"},\"image\":{\"@id\":\"https:\/\/wpguerssen-test.odoo.rgbconsulting.com\/es\/producto\/burnin-feeling-simple-words\/#primaryimage\"},\"thumbnailUrl\":\"https:\/\/wpguerssen-test.odoo.rgbconsulting.com\/wp-content\/uploads\/2024\/08\/48566.jpg\",\"datePublished\":\"2024-10-15T22:00:00+00:00\",\"dateModified\":\"2025-01-30T16:05:16+00:00\",\"description\":\"'Burnin' Feeling' circulated on the bootleg masterpiece comp 'Angel Dust Psychedelia' over a decade ago and subsequently became a heavy rock cult anthem. The original 45 is as rare as unicorn hair, with only 100 copies made. With no names shown on the record, the band had remained a complete mystery all these years. Ancient Grease Records launched a successful campaign with feet on the ground in Florida to find these heavy rock maniacs and made their breakthrough in late 2020. They are pleased to bring you the first official reissue of Masalla's music. Includes: black vinyl record, ephemera art insert, travel brochure insert and embossed white 45 sleeve. Recorded summer 1970. Masalla were from the Daytona Beach, Florida.\",\"breadcrumb\":{\"@id\":\"https:\/\/wpguerssen-test.odoo.rgbconsulting.com\/es\/producto\/burnin-feeling-simple-words\/#breadcrumb\"},\"inLanguage\":\"es\",\"potentialAction\":[{\"@type\":\"ReadAction\",\"target\":[\"https:\/\/wpguerssen-test.odoo.rgbconsulting.com\/es\/producto\/burnin-feeling-simple-words\/\"]}]},{\"@type\":\"ImageObject\",\"inLanguage\":\"es\",\"@id\":\"https:\/\/wpguerssen-test.odoo.rgbconsulting.com\/es\/producto\/burnin-feeling-simple-words\/#primaryimage\",\"url\":\"https:\/\/wpguerssen-test.odoo.rgbconsulting.com\/wp-content\/uploads\/2024\/08\/48566.jpg\",\"contentUrl\":\"https:\/\/wpguerssen-test.odoo.rgbconsulting.com\/wp-content\/uploads\/2024\/08\/48566.jpg\",\"width\":600,\"height\":600},{\"@type\":\"BreadcrumbList\",\"@id\":\"https:\/\/wpguerssen-test.odoo.rgbconsulting.com\/es\/producto\/burnin-feeling-simple-words\/#breadcrumb\",\"itemListElement\":[{\"@type\":\"ListItem\",\"position\":1,\"name\":\"Inicio\",\"item\":\"https:\/\/wpguerssen-test.odoo.rgbconsulting.com\/es\/\"},{\"@type\":\"ListItem\",\"position\":2,\"name\":\"Shop\",\"item\":\"https:\/\/wpguerssen-test.odoo.rgbconsulting.com\/shop\/\"},{\"@type\":\"ListItem\",\"position\":3,\"name\":\"Burnin&#8217; Feeling \/ Simple Words\"}]},{\"@type\":\"WebSite\",\"@id\":\"https:\/\/wpguerssen-test.odoo.rgbconsulting.com\/es\/#website\",\"url\":\"https:\/\/wpguerssen-test.odoo.rgbconsulting.com\/es\/\",\"name\":\"Guerssen records\",\"description\":\"psychedelia - progressive - folk - garage \",\"publisher\":{\"@id\":\"https:\/\/wpguerssen-test.odoo.rgbconsulting.com\/es\/#organization\"},\"potentialAction\":[{\"@type\":\"SearchAction\",\"target\":{\"@type\":\"EntryPoint\",\"urlTemplate\":\"https:\/\/wpguerssen-test.odoo.rgbconsulting.com\/es\/?s={search_term_string}\"},\"query-input\":{\"@type\":\"PropertyValueSpecification\",\"valueRequired\":true,\"valueName\":\"search_term_string\"}}],\"inLanguage\":\"es\"},{\"@type\":\"Organization\",\"@id\":\"https:\/\/wpguerssen-test.odoo.rgbconsulting.com\/es\/#organization\",\"name\":\"Guerssen records\",\"url\":\"https:\/\/wpguerssen-test.odoo.rgbconsulting.com\/es\/\",\"logo\":{\"@type\":\"ImageObject\",\"inLanguage\":\"es\",\"@id\":\"https:\/\/wpguerssen-test.odoo.rgbconsulting.com\/es\/#\/schema\/logo\/image\/\",\"url\":\"https:\/\/wpguerssen-test.odoo.rgbconsulting.com\/wp-content\/uploads\/2022\/04\/Logo_Guerssen_trans_100.png\",\"contentUrl\":\"https:\/\/wpguerssen-test.odoo.rgbconsulting.com\/wp-content\/uploads\/2022\/04\/Logo_Guerssen_trans_100.png\",\"width\":122,\"height\":100,\"caption\":\"Guerssen records\"},\"image\":{\"@id\":\"https:\/\/wpguerssen-test.odoo.rgbconsulting.com\/es\/#\/schema\/logo\/image\/\"}}]}<\/script>\n<!-- \/ Yoast SEO plugin. -->","yoast_head_json":{"title":"MASALLA - Burnin' Feeling \/ Simple Words -  (7\") | Guerssen","description":"'Burnin' Feeling' circulated on the bootleg masterpiece comp 'Angel Dust Psychedelia' over a decade ago and subsequently became a heavy rock cult anthem. The original 45 is as rare as unicorn hair, with only 100 copies made. With no names shown on the record, the band had remained a complete mystery all these years. Ancient Grease Records launched a successful campaign with feet on the ground in Florida to find these heavy rock maniacs and made their breakthrough in late 2020. They are pleased to bring you the first official reissue of Masalla's music. Includes: black vinyl record, ephemera art insert, travel brochure insert and embossed white 45 sleeve. Recorded summer 1970. Masalla were from the Daytona Beach, Florida.","robots":{"index":"index","follow":"follow","max-snippet":"max-snippet:-1","max-image-preview":"max-image-preview:large","max-video-preview":"max-video-preview:-1"},"canonical":"https:\/\/wpguerssen-test.odoo.rgbconsulting.com\/es\/producto\/burnin-feeling-simple-words\/","og_locale":"es_ES","og_type":"article","og_title":"MASALLA - Burnin' Feeling \/ Simple Words -  (7\") | Guerssen","og_description":"'Burnin' Feeling' circulated on the bootleg masterpiece comp 'Angel Dust Psychedelia' over a decade ago and subsequently became a heavy rock cult anthem. The original 45 is as rare as unicorn hair, with only 100 copies made. With no names shown on the record, the band had remained a complete mystery all these years. Ancient Grease Records launched a successful campaign with feet on the ground in Florida to find these heavy rock maniacs and made their breakthrough in late 2020. They are pleased to bring you the first official reissue of Masalla's music. Includes: black vinyl record, ephemera art insert, travel brochure insert and embossed white 45 sleeve. Recorded summer 1970. Masalla were from the Daytona Beach, Florida.","og_url":"https:\/\/wpguerssen-test.odoo.rgbconsulting.com\/es\/producto\/burnin-feeling-simple-words\/","og_site_name":"Guerssen records","article_modified_time":"2025-01-30T16:05:16+00:00","og_image":[{"width":600,"height":600,"url":"https:\/\/wpguerssen-test.odoo.rgbconsulting.com\/wp-content\/uploads\/2024\/08\/48566.jpg","type":"image\/jpeg"}],"twitter_card":"summary_large_image","twitter_title":"MASALLA - Burnin' Feeling \/ Simple Words -  (7\") | Guerssen","twitter_misc":{"Tiempo de lectura":"1 minuto"},"schema":{"@context":"https:\/\/schema.org","@graph":[{"@type":"WebPage","@id":"https:\/\/wpguerssen-test.odoo.rgbconsulting.com\/es\/producto\/burnin-feeling-simple-words\/","url":"https:\/\/wpguerssen-test.odoo.rgbconsulting.com\/es\/producto\/burnin-feeling-simple-words\/","name":"MASALLA - Burnin' Feeling \/ Simple Words - (7\") | Guerssen","isPartOf":{"@id":"https:\/\/wpguerssen-test.odoo.rgbconsulting.com\/es\/#website"},"primaryImageOfPage":{"@id":"https:\/\/wpguerssen-test.odoo.rgbconsulting.com\/es\/producto\/burnin-feeling-simple-words\/#primaryimage"},"image":{"@id":"https:\/\/wpguerssen-test.odoo.rgbconsulting.com\/es\/producto\/burnin-feeling-simple-words\/#primaryimage"},"thumbnailUrl":"https:\/\/wpguerssen-test.odoo.rgbconsulting.com\/wp-content\/uploads\/2024\/08\/48566.jpg","datePublished":"2024-10-15T22:00:00+00:00","dateModified":"2025-01-30T16:05:16+00:00","description":"'Burnin' Feeling' circulated on the bootleg masterpiece comp 'Angel Dust Psychedelia' over a decade ago and subsequently became a heavy rock cult anthem. The original 45 is as rare as unicorn hair, with only 100 copies made. With no names shown on the record, the band had remained a complete mystery all these years. Ancient Grease Records launched a successful campaign with feet on the ground in Florida to find these heavy rock maniacs and made their breakthrough in late 2020. They are pleased to bring you the first official reissue of Masalla's music. Includes: black vinyl record, ephemera art insert, travel brochure insert and embossed white 45 sleeve. Recorded summer 1970. Masalla were from the Daytona Beach, Florida.","breadcrumb":{"@id":"https:\/\/wpguerssen-test.odoo.rgbconsulting.com\/es\/producto\/burnin-feeling-simple-words\/#breadcrumb"},"inLanguage":"es","potentialAction":[{"@type":"ReadAction","target":["https:\/\/wpguerssen-test.odoo.rgbconsulting.com\/es\/producto\/burnin-feeling-simple-words\/"]}]},{"@type":"ImageObject","inLanguage":"es","@id":"https:\/\/wpguerssen-test.odoo.rgbconsulting.com\/es\/producto\/burnin-feeling-simple-words\/#primaryimage","url":"https:\/\/wpguerssen-test.odoo.rgbconsulting.com\/wp-content\/uploads\/2024\/08\/48566.jpg","contentUrl":"https:\/\/wpguerssen-test.odoo.rgbconsulting.com\/wp-content\/uploads\/2024\/08\/48566.jpg","width":600,"height":600},{"@type":"BreadcrumbList","@id":"https:\/\/wpguerssen-test.odoo.rgbconsulting.com\/es\/producto\/burnin-feeling-simple-words\/#breadcrumb","itemListElement":[{"@type":"ListItem","position":1,"name":"Inicio","item":"https:\/\/wpguerssen-test.odoo.rgbconsulting.com\/es\/"},{"@type":"ListItem","position":2,"name":"Shop","item":"https:\/\/wpguerssen-test.odoo.rgbconsulting.com\/shop\/"},{"@type":"ListItem","position":3,"name":"Burnin&#8217; Feeling \/ Simple Words"}]},{"@type":"WebSite","@id":"https:\/\/wpguerssen-test.odoo.rgbconsulting.com\/es\/#website","url":"https:\/\/wpguerssen-test.odoo.rgbconsulting.com\/es\/","name":"Guerssen records","description":"psychedelia - progressive - folk - garage ","publisher":{"@id":"https:\/\/wpguerssen-test.odoo.rgbconsulting.com\/es\/#organization"},"potentialAction":[{"@type":"SearchAction","target":{"@type":"EntryPoint","urlTemplate":"https:\/\/wpguerssen-test.odoo.rgbconsulting.com\/es\/?s={search_term_string}"},"query-input":{"@type":"PropertyValueSpecification","valueRequired":true,"valueName":"search_term_string"}}],"inLanguage":"es"},{"@type":"Organization","@id":"https:\/\/wpguerssen-test.odoo.rgbconsulting.com\/es\/#organization","name":"Guerssen records","url":"https:\/\/wpguerssen-test.odoo.rgbconsulting.com\/es\/","logo":{"@type":"ImageObject","inLanguage":"es","@id":"https:\/\/wpguerssen-test.odoo.rgbconsulting.com\/es\/#\/schema\/logo\/image\/","url":"https:\/\/wpguerssen-test.odoo.rgbconsulting.com\/wp-content\/uploads\/2022\/04\/Logo_Guerssen_trans_100.png","contentUrl":"https:\/\/wpguerssen-test.odoo.rgbconsulting.com\/wp-content\/uploads\/2022\/04\/Logo_Guerssen_trans_100.png","width":122,"height":100,"caption":"Guerssen records"},"image":{"@id":"https:\/\/wpguerssen-test.odoo.rgbconsulting.com\/es\/#\/schema\/logo\/image\/"}}]}},"_links":{"self":[{"href":"https:\/\/wpguerssen-test.odoo.rgbconsulting.com\/es\/wp-json\/wp\/v2\/product\/274354","targetHints":{"allow":["GET"]}}],"collection":[{"href":"https:\/\/wpguerssen-test.odoo.rgbconsulting.com\/es\/wp-json\/wp\/v2\/product"}],"about":[{"href":"https:\/\/wpguerssen-test.odoo.rgbconsulting.com\/es\/wp-json\/wp\/v2\/types\/product"}],"wp:featuredmedia":[{"embeddable":true,"href":"https:\/\/wpguerssen-test.odoo.rgbconsulting.com\/es\/wp-json\/wp\/v2\/media\/274350"}],"wp:attachment":[{"href":"https:\/\/wpguerssen-test.odoo.rgbconsulting.com\/es\/wp-json\/wp\/v2\/media?parent=274354"}],"wp:term":[{"taxonomy":"product_brand","embeddable":true,"href":"https:\/\/wpguerssen-test.odoo.rgbconsulting.com\/es\/wp-json\/wp\/v2\/product_brand?post=274354"},{"taxonomy":"product_cat","embeddable":true,"href":"https:\/\/wpguerssen-test.odoo.rgbconsulting.com\/es\/wp-json\/wp\/v2\/product_cat?post=274354"},{"taxonomy":"product_tag","embeddable":true,"href":"https:\/\/wpguerssen-test.odoo.rgbconsulting.com\/es\/wp-json\/wp\/v2\/product_tag?post=274354"}],"curies":[{"name":"wp","href":"https:\/\/api.w.org\/{rel}","templated":true}]}}