{"id":274421,"date":"2024-09-12T00:00:00","date_gmt":"2024-09-11T22:00:00","guid":{"rendered":"https:\/\/wpguerssen-test.odoo.rgbconsulting.com\/product\/tide\/"},"modified":"2025-03-06T14:14:05","modified_gmt":"2025-03-06T13:14:05","slug":"tide","status":"publish","type":"product","link":"https:\/\/wpguerssen-test.odoo.rgbconsulting.com\/es\/producto\/tide\/","title":{"rendered":"Tide"},"content":{"rendered":"<p>Reedici\u00f3n del sexto \u00e1lbum de estudio de la leyenda del jazz brasile\u00f1o Ant\u00f4nio Carlos Jobim. Lanzada en 1970 por A&#038;M Records, esta obra maestra instrumental del Bossa Jazz fue producida por Creed Taylor y dise\u00f1ada por Rudy Van Gelder. Cuenta con los arreglos de Eumir Deodato (quien tambi\u00e9n dirigi\u00f3 la banda), e incluye una pl\u00e9tora de acompa\u00f1antes de la escena del jazz estadounidense, como Joe Farrell, Hubert Laws y Ron Carter, as\u00ed como estrellas brasile\u00f1as como Hermeto Pascoal, Airto Moreira y Juan Palma.<\/p>\n","protected":false},"excerpt":{"rendered":"<p>Reedici\u00f3n del sexto \u00e1lbum de estudio de la leyenda del jazz brasile\u00f1o Ant\u00f4nio Carlos Jobim. Lanzada en 1970 por A&#038;M Records, esta obra maestra instrumental<a class=\"read\" href=\"https:\/\/wpguerssen-test.odoo.rgbconsulting.com\/es\/producto\/tide\/\"> (...)<\/a>","protected":false},"featured_media":274405,"template":"","meta":{"_acf_changed":false},"product_brand":[],"product_cat":[23231,23227],"product_tag":[],"class_list":{"0":"post-274421","1":"product","2":"type-product","3":"status-publish","4":"has-post-thumbnail","6":"product_cat-latin-brazilian-es","7":"product_cat-jazz-es","8":"pa_artist-jobim-antonio-carlos-es","9":"pa_format-lp-es","10":"pa_gender-jazz-latin-brazilian","11":"pa_label-elemental-music","12":"pa_location-south-america-caribbean-es","13":"pa_other-filters-vinyl-only-es","15":"first","16":"instock","17":"taxable","18":"shipping-taxable","19":"purchasable","20":"product-type-simple"},"acf":[],"yoast_head":"<!-- This site is optimized with the Yoast SEO plugin v24.9 - https:\/\/yoast.com\/wordpress\/plugins\/seo\/ -->\n<title>JOBIM, Antonio Carlos - Tide -  (LP) | Guerssen<\/title>\n<meta name=\"description\" content=\"Reissue of the 6th studio album by Brazilian jazz legend Ant\u00f4nio Carlos Jobim. Released in 1970 on A&amp;M Records, this instrumental Bossa Jazz masterpiece was produced by Creed Taylor and engineered by Rudy Van Gelder. It features the arrangements of Eumir Deodato (who also conducted the band), and includes a plethora of sidemen from the U.S. jazz scene, such as Joe Farrell, Hubert Laws and Ron Carter, as well as Brazilian stars like Hermeto Pascoal, Airto Moreira and Jo\u00e3o Palma.\" \/>\n<meta name=\"robots\" content=\"index, follow, max-snippet:-1, max-image-preview:large, max-video-preview:-1\" \/>\n<link rel=\"canonical\" href=\"https:\/\/wpguerssen-test.odoo.rgbconsulting.com\/es\/producto\/tide\/\" \/>\n<meta property=\"og:locale\" content=\"es_ES\" \/>\n<meta property=\"og:type\" content=\"article\" \/>\n<meta property=\"og:title\" content=\"JOBIM, Antonio Carlos - Tide -  (LP) | Guerssen\" \/>\n<meta property=\"og:description\" content=\"Reissue of the 6th studio album by Brazilian jazz legend Ant\u00f4nio Carlos Jobim. Released in 1970 on A&amp;M Records, this instrumental Bossa Jazz masterpiece was produced by Creed Taylor and engineered by Rudy Van Gelder. It features the arrangements of Eumir Deodato (who also conducted the band), and includes a plethora of sidemen from the U.S. jazz scene, such as Joe Farrell, Hubert Laws and Ron Carter, as well as Brazilian stars like Hermeto Pascoal, Airto Moreira and Jo\u00e3o Palma.\" \/>\n<meta property=\"og:url\" content=\"https:\/\/wpguerssen-test.odoo.rgbconsulting.com\/es\/producto\/tide\/\" \/>\n<meta property=\"og:site_name\" content=\"Guerssen records\" \/>\n<meta property=\"article:modified_time\" content=\"2025-03-06T13:14:05+00:00\" \/>\n<meta property=\"og:image\" content=\"https:\/\/wpguerssen-test.odoo.rgbconsulting.com\/wp-content\/uploads\/2024\/09\/48570.jpg\" \/>\n\t<meta property=\"og:image:width\" content=\"255\" \/>\n\t<meta property=\"og:image:height\" content=\"255\" \/>\n\t<meta property=\"og:image:type\" content=\"image\/jpeg\" \/>\n<meta name=\"twitter:card\" content=\"summary_large_image\" \/>\n<meta name=\"twitter:title\" content=\"JOBIM, Antonio Carlos - Tide -  (LP) | Guerssen\" \/>\n<script type=\"application\/ld+json\" class=\"yoast-schema-graph\">{\"@context\":\"https:\/\/schema.org\",\"@graph\":[{\"@type\":\"WebPage\",\"@id\":\"https:\/\/wpguerssen-test.odoo.rgbconsulting.com\/es\/producto\/tide\/\",\"url\":\"https:\/\/wpguerssen-test.odoo.rgbconsulting.com\/es\/producto\/tide\/\",\"name\":\"JOBIM, Antonio Carlos - Tide - (LP) | Guerssen\",\"isPartOf\":{\"@id\":\"https:\/\/wpguerssen-test.odoo.rgbconsulting.com\/es\/#website\"},\"primaryImageOfPage\":{\"@id\":\"https:\/\/wpguerssen-test.odoo.rgbconsulting.com\/es\/producto\/tide\/#primaryimage\"},\"image\":{\"@id\":\"https:\/\/wpguerssen-test.odoo.rgbconsulting.com\/es\/producto\/tide\/#primaryimage\"},\"thumbnailUrl\":\"https:\/\/wpguerssen-test.odoo.rgbconsulting.com\/wp-content\/uploads\/2024\/09\/48570.jpg\",\"datePublished\":\"2024-09-11T22:00:00+00:00\",\"dateModified\":\"2025-03-06T13:14:05+00:00\",\"description\":\"Reissue of the 6th studio album by Brazilian jazz legend Ant\u00f4nio Carlos Jobim. Released in 1970 on A&M Records, this instrumental Bossa Jazz masterpiece was produced by Creed Taylor and engineered by Rudy Van Gelder. It features the arrangements of Eumir Deodato (who also conducted the band), and includes a plethora of sidemen from the U.S. jazz scene, such as Joe Farrell, Hubert Laws and Ron Carter, as well as Brazilian stars like Hermeto Pascoal, Airto Moreira and Jo\u00e3o Palma.\",\"breadcrumb\":{\"@id\":\"https:\/\/wpguerssen-test.odoo.rgbconsulting.com\/es\/producto\/tide\/#breadcrumb\"},\"inLanguage\":\"es\",\"potentialAction\":[{\"@type\":\"ReadAction\",\"target\":[\"https:\/\/wpguerssen-test.odoo.rgbconsulting.com\/es\/producto\/tide\/\"]}]},{\"@type\":\"ImageObject\",\"inLanguage\":\"es\",\"@id\":\"https:\/\/wpguerssen-test.odoo.rgbconsulting.com\/es\/producto\/tide\/#primaryimage\",\"url\":\"https:\/\/wpguerssen-test.odoo.rgbconsulting.com\/wp-content\/uploads\/2024\/09\/48570.jpg\",\"contentUrl\":\"https:\/\/wpguerssen-test.odoo.rgbconsulting.com\/wp-content\/uploads\/2024\/09\/48570.jpg\",\"width\":255,\"height\":255,\"caption\":\"Antonio Carlos - Tide - ELEMENTAL MUSIC (LP) | Guerssen\"},{\"@type\":\"BreadcrumbList\",\"@id\":\"https:\/\/wpguerssen-test.odoo.rgbconsulting.com\/es\/producto\/tide\/#breadcrumb\",\"itemListElement\":[{\"@type\":\"ListItem\",\"position\":1,\"name\":\"Inicio\",\"item\":\"https:\/\/wpguerssen-test.odoo.rgbconsulting.com\/es\/\"},{\"@type\":\"ListItem\",\"position\":2,\"name\":\"Shop\",\"item\":\"https:\/\/wpguerssen-test.odoo.rgbconsulting.com\/shop\/\"},{\"@type\":\"ListItem\",\"position\":3,\"name\":\"Tide\"}]},{\"@type\":\"WebSite\",\"@id\":\"https:\/\/wpguerssen-test.odoo.rgbconsulting.com\/es\/#website\",\"url\":\"https:\/\/wpguerssen-test.odoo.rgbconsulting.com\/es\/\",\"name\":\"Guerssen records\",\"description\":\"psychedelia - progressive - folk - garage \",\"publisher\":{\"@id\":\"https:\/\/wpguerssen-test.odoo.rgbconsulting.com\/es\/#organization\"},\"potentialAction\":[{\"@type\":\"SearchAction\",\"target\":{\"@type\":\"EntryPoint\",\"urlTemplate\":\"https:\/\/wpguerssen-test.odoo.rgbconsulting.com\/es\/?s={search_term_string}\"},\"query-input\":{\"@type\":\"PropertyValueSpecification\",\"valueRequired\":true,\"valueName\":\"search_term_string\"}}],\"inLanguage\":\"es\"},{\"@type\":\"Organization\",\"@id\":\"https:\/\/wpguerssen-test.odoo.rgbconsulting.com\/es\/#organization\",\"name\":\"Guerssen records\",\"url\":\"https:\/\/wpguerssen-test.odoo.rgbconsulting.com\/es\/\",\"logo\":{\"@type\":\"ImageObject\",\"inLanguage\":\"es\",\"@id\":\"https:\/\/wpguerssen-test.odoo.rgbconsulting.com\/es\/#\/schema\/logo\/image\/\",\"url\":\"https:\/\/wpguerssen-test.odoo.rgbconsulting.com\/wp-content\/uploads\/2022\/04\/Logo_Guerssen_trans_100.png\",\"contentUrl\":\"https:\/\/wpguerssen-test.odoo.rgbconsulting.com\/wp-content\/uploads\/2022\/04\/Logo_Guerssen_trans_100.png\",\"width\":122,\"height\":100,\"caption\":\"Guerssen records\"},\"image\":{\"@id\":\"https:\/\/wpguerssen-test.odoo.rgbconsulting.com\/es\/#\/schema\/logo\/image\/\"}}]}<\/script>\n<!-- \/ Yoast SEO plugin. -->","yoast_head_json":{"title":"JOBIM, Antonio Carlos - Tide -  (LP) | Guerssen","description":"Reissue of the 6th studio album by Brazilian jazz legend Ant\u00f4nio Carlos Jobim. Released in 1970 on A&M Records, this instrumental Bossa Jazz masterpiece was produced by Creed Taylor and engineered by Rudy Van Gelder. It features the arrangements of Eumir Deodato (who also conducted the band), and includes a plethora of sidemen from the U.S. jazz scene, such as Joe Farrell, Hubert Laws and Ron Carter, as well as Brazilian stars like Hermeto Pascoal, Airto Moreira and Jo\u00e3o Palma.","robots":{"index":"index","follow":"follow","max-snippet":"max-snippet:-1","max-image-preview":"max-image-preview:large","max-video-preview":"max-video-preview:-1"},"canonical":"https:\/\/wpguerssen-test.odoo.rgbconsulting.com\/es\/producto\/tide\/","og_locale":"es_ES","og_type":"article","og_title":"JOBIM, Antonio Carlos - Tide -  (LP) | Guerssen","og_description":"Reissue of the 6th studio album by Brazilian jazz legend Ant\u00f4nio Carlos Jobim. Released in 1970 on A&M Records, this instrumental Bossa Jazz masterpiece was produced by Creed Taylor and engineered by Rudy Van Gelder. It features the arrangements of Eumir Deodato (who also conducted the band), and includes a plethora of sidemen from the U.S. jazz scene, such as Joe Farrell, Hubert Laws and Ron Carter, as well as Brazilian stars like Hermeto Pascoal, Airto Moreira and Jo\u00e3o Palma.","og_url":"https:\/\/wpguerssen-test.odoo.rgbconsulting.com\/es\/producto\/tide\/","og_site_name":"Guerssen records","article_modified_time":"2025-03-06T13:14:05+00:00","og_image":[{"width":255,"height":255,"url":"https:\/\/wpguerssen-test.odoo.rgbconsulting.com\/wp-content\/uploads\/2024\/09\/48570.jpg","type":"image\/jpeg"}],"twitter_card":"summary_large_image","twitter_title":"JOBIM, Antonio Carlos - Tide -  (LP) | Guerssen","schema":{"@context":"https:\/\/schema.org","@graph":[{"@type":"WebPage","@id":"https:\/\/wpguerssen-test.odoo.rgbconsulting.com\/es\/producto\/tide\/","url":"https:\/\/wpguerssen-test.odoo.rgbconsulting.com\/es\/producto\/tide\/","name":"JOBIM, Antonio Carlos - Tide - (LP) | Guerssen","isPartOf":{"@id":"https:\/\/wpguerssen-test.odoo.rgbconsulting.com\/es\/#website"},"primaryImageOfPage":{"@id":"https:\/\/wpguerssen-test.odoo.rgbconsulting.com\/es\/producto\/tide\/#primaryimage"},"image":{"@id":"https:\/\/wpguerssen-test.odoo.rgbconsulting.com\/es\/producto\/tide\/#primaryimage"},"thumbnailUrl":"https:\/\/wpguerssen-test.odoo.rgbconsulting.com\/wp-content\/uploads\/2024\/09\/48570.jpg","datePublished":"2024-09-11T22:00:00+00:00","dateModified":"2025-03-06T13:14:05+00:00","description":"Reissue of the 6th studio album by Brazilian jazz legend Ant\u00f4nio Carlos Jobim. Released in 1970 on A&M Records, this instrumental Bossa Jazz masterpiece was produced by Creed Taylor and engineered by Rudy Van Gelder. It features the arrangements of Eumir Deodato (who also conducted the band), and includes a plethora of sidemen from the U.S. jazz scene, such as Joe Farrell, Hubert Laws and Ron Carter, as well as Brazilian stars like Hermeto Pascoal, Airto Moreira and Jo\u00e3o Palma.","breadcrumb":{"@id":"https:\/\/wpguerssen-test.odoo.rgbconsulting.com\/es\/producto\/tide\/#breadcrumb"},"inLanguage":"es","potentialAction":[{"@type":"ReadAction","target":["https:\/\/wpguerssen-test.odoo.rgbconsulting.com\/es\/producto\/tide\/"]}]},{"@type":"ImageObject","inLanguage":"es","@id":"https:\/\/wpguerssen-test.odoo.rgbconsulting.com\/es\/producto\/tide\/#primaryimage","url":"https:\/\/wpguerssen-test.odoo.rgbconsulting.com\/wp-content\/uploads\/2024\/09\/48570.jpg","contentUrl":"https:\/\/wpguerssen-test.odoo.rgbconsulting.com\/wp-content\/uploads\/2024\/09\/48570.jpg","width":255,"height":255,"caption":"Antonio Carlos - Tide - ELEMENTAL MUSIC (LP) | Guerssen"},{"@type":"BreadcrumbList","@id":"https:\/\/wpguerssen-test.odoo.rgbconsulting.com\/es\/producto\/tide\/#breadcrumb","itemListElement":[{"@type":"ListItem","position":1,"name":"Inicio","item":"https:\/\/wpguerssen-test.odoo.rgbconsulting.com\/es\/"},{"@type":"ListItem","position":2,"name":"Shop","item":"https:\/\/wpguerssen-test.odoo.rgbconsulting.com\/shop\/"},{"@type":"ListItem","position":3,"name":"Tide"}]},{"@type":"WebSite","@id":"https:\/\/wpguerssen-test.odoo.rgbconsulting.com\/es\/#website","url":"https:\/\/wpguerssen-test.odoo.rgbconsulting.com\/es\/","name":"Guerssen records","description":"psychedelia - progressive - folk - garage ","publisher":{"@id":"https:\/\/wpguerssen-test.odoo.rgbconsulting.com\/es\/#organization"},"potentialAction":[{"@type":"SearchAction","target":{"@type":"EntryPoint","urlTemplate":"https:\/\/wpguerssen-test.odoo.rgbconsulting.com\/es\/?s={search_term_string}"},"query-input":{"@type":"PropertyValueSpecification","valueRequired":true,"valueName":"search_term_string"}}],"inLanguage":"es"},{"@type":"Organization","@id":"https:\/\/wpguerssen-test.odoo.rgbconsulting.com\/es\/#organization","name":"Guerssen records","url":"https:\/\/wpguerssen-test.odoo.rgbconsulting.com\/es\/","logo":{"@type":"ImageObject","inLanguage":"es","@id":"https:\/\/wpguerssen-test.odoo.rgbconsulting.com\/es\/#\/schema\/logo\/image\/","url":"https:\/\/wpguerssen-test.odoo.rgbconsulting.com\/wp-content\/uploads\/2022\/04\/Logo_Guerssen_trans_100.png","contentUrl":"https:\/\/wpguerssen-test.odoo.rgbconsulting.com\/wp-content\/uploads\/2022\/04\/Logo_Guerssen_trans_100.png","width":122,"height":100,"caption":"Guerssen records"},"image":{"@id":"https:\/\/wpguerssen-test.odoo.rgbconsulting.com\/es\/#\/schema\/logo\/image\/"}}]}},"_links":{"self":[{"href":"https:\/\/wpguerssen-test.odoo.rgbconsulting.com\/es\/wp-json\/wp\/v2\/product\/274421","targetHints":{"allow":["GET"]}}],"collection":[{"href":"https:\/\/wpguerssen-test.odoo.rgbconsulting.com\/es\/wp-json\/wp\/v2\/product"}],"about":[{"href":"https:\/\/wpguerssen-test.odoo.rgbconsulting.com\/es\/wp-json\/wp\/v2\/types\/product"}],"wp:featuredmedia":[{"embeddable":true,"href":"https:\/\/wpguerssen-test.odoo.rgbconsulting.com\/es\/wp-json\/wp\/v2\/media\/274405"}],"wp:attachment":[{"href":"https:\/\/wpguerssen-test.odoo.rgbconsulting.com\/es\/wp-json\/wp\/v2\/media?parent=274421"}],"wp:term":[{"taxonomy":"product_brand","embeddable":true,"href":"https:\/\/wpguerssen-test.odoo.rgbconsulting.com\/es\/wp-json\/wp\/v2\/product_brand?post=274421"},{"taxonomy":"product_cat","embeddable":true,"href":"https:\/\/wpguerssen-test.odoo.rgbconsulting.com\/es\/wp-json\/wp\/v2\/product_cat?post=274421"},{"taxonomy":"product_tag","embeddable":true,"href":"https:\/\/wpguerssen-test.odoo.rgbconsulting.com\/es\/wp-json\/wp\/v2\/product_tag?post=274421"}],"curies":[{"name":"wp","href":"https:\/\/api.w.org\/{rel}","templated":true}]}}