{"id":274425,"date":"2018-12-19T00:00:00","date_gmt":"2018-12-18T23:00:00","guid":{"rendered":"https:\/\/wpguerssen-test.odoo.rgbconsulting.com\/product\/samba-68\/"},"modified":"2025-04-23T17:32:15","modified_gmt":"2025-04-23T15:32:15","slug":"samba-68","status":"publish","type":"product","link":"https:\/\/wpguerssen-test.odoo.rgbconsulting.com\/es\/producto\/samba-68\/","title":{"rendered":"Samba &#8217;68"},"content":{"rendered":"<p>Elemental Music, junto con Universal Music Espa\u00f1a presenta una nueva reedici\u00f3n en vinilo de \u00abSamba &#8217;68\u00bb, el \u00fanico \u00e1lbum editado en el sello Verve del prol\u00edfico cantante brasile\u00f1o Marcos Valle. En 1968, Verve le encarg\u00f3 a Valle que grabara sus \u00e9xitos brasile\u00f1os en ingl\u00e9s para capitalizar el entonces enorme mercado Getz-Gilberto-Jobim-Mendes-Astrud. El r\u00e1pido y sorprendente crecimiento art\u00edstico de Marcos es evidente en este brillante \u00e1lbum de Bossa Nova. Los fans de S\u00e9rgio Mendes y Astrud Gilberto (quienes grabaron toneladas de canciones del Valle) lo disfrutar\u00e1n inmensamente, ya que \u00abSamba &#8217;68\u00bb es definitivamente uno de sus mejores discos \u00ablounge\u00bb.<br \/>\u00abSamba &#8217;68 es un set vibrante del pop brasile\u00f1o, deudor de la bossa nova y la samba pero innegablemente americanizado para una audiencia nacional. El resultado es un \u00e1lbum alegre que luce bastante bien su sonido anticuado. Marcos Valle interpreta once canciones propias, entre las que se incluyen est\u00e1ndares brasile\u00f1os como &#8216;Chup Chup, I Got Away&#8217;, &#8216;Batucada&#8217; y &#8216;So Nice (Summer Samba)&#8217;, adem\u00e1s de temas nuevos como &#8216;Crickets Sing for Anamaria&#8217; y &#8216;The Answer.&#8217; Las armon\u00edas vocales de su esposa (la Anamar\u00eda del t\u00edtulo de la canci\u00f3n) brindan un hermoso contrapunto a la voz de Valle en varias pistas, haciendo de Samba &#8217;68 uno de los mejores crossovers brasile\u00f1os de la d\u00e9cada de 1960.\u00bb(John Bush, AllMusic) Marcos Valle fue el hombre renacentista del pop brasile\u00f1o, un cantante, compositor y productor que estuvo a ambos lados del mundo musical del pa\u00eds desde los primeros d\u00edas de la moda de la Bossa Nova hasta el sonido empapado de fusi\u00f3n de la m\u00fasica popular brasile\u00f1a de los a\u00f1os 80. Aunque su reputaci\u00f3n en Estados Unidos nunca se compar\u00f3 con la de contempor\u00e1neos como Caetano Veloso, Milton Nascimento, Gilberto Gil o incluso Tom Z\u00e9. Valle es uno de los int\u00e9rpretes m\u00e1s importantes y populares de la historia del pop brasile\u00f1o.<\/p>\n","protected":false},"excerpt":{"rendered":"<p>Elemental Music, junto con Universal Music Espa\u00f1a presenta una nueva reedici\u00f3n en vinilo de \u00abSamba &#8217;68\u00bb, el \u00fanico \u00e1lbum editado en el sello Verve del prol\u00edfico<a class=\"read\" href=\"https:\/\/wpguerssen-test.odoo.rgbconsulting.com\/es\/producto\/samba-68\/\"> (...)<\/a>","protected":false},"featured_media":274417,"template":"","meta":{"_acf_changed":false},"product_brand":[],"product_cat":[23231],"product_tag":[],"class_list":{"0":"post-274425","1":"product","2":"type-product","3":"status-publish","4":"has-post-thumbnail","6":"product_cat-latin-brazilian-es","7":"pa_artist-valle-marcos","8":"pa_format-lp-es","9":"pa_gender-latin-brazilian","10":"pa_label-elemental-music","11":"pa_location-south-america-caribbean-es","12":"pa_other-filters-vinyl-only-es","14":"first","15":"instock","16":"taxable","17":"shipping-taxable","18":"purchasable","19":"product-type-simple"},"acf":[],"yoast_head":"<!-- This site is optimized with the Yoast SEO plugin v24.9 - https:\/\/yoast.com\/wordpress\/plugins\/seo\/ -->\n<title>VALLE, Marcos - Samba &#039;68 -  (LP) | Guerssen<\/title>\n<meta name=\"description\" content=\"Elemental Music, together with Universal Music Spain presents a new vinyl reissue of &quot;Samba &#039;68&quot;, the only album released on the Verve label by prolific Brazilian singer Marcos Valle. In 1968, Valle was commissioned by Verve to record his Brazilian hits in English in order to capitalize on the then-huge Getz-Gilberto-Jobim-Mendes-Astrud market. Marcos&#039; rapid and stunning artistic growth is apparent on this brilliant Bossa Nova album. Fans of S\u00e9rgio Mendes and Astrud Gilberto (both of whom recorded tons of Valle tunes) will enjoy it immensely, for &quot;Samba &#039;68&quot; is definitely one of the ultimate &quot;loungy&quot; records.&quot;Samba &#039;68 is a vibrant set of Brazilian pop, indebted to bossa nova and samba but undeniably Americanized for a domestic audience. The result is a joyous album throughout that wears its dated sound quite well. Marcos Valle interprets eleven of his own songs, including Brazilian standards like &#039;Chup Chup, I Got Away,&#039; &#039;Batucada&#039; and &#039;So Nice (Summer Samba),&#039; as well as new tracks like &#039;Crickets Sing for Anamaria&#039; and &#039;The Answer.&#039; The vocal harmonies of his wife (the Anamaria of the song title) provide a beautiful counterpoint to Valle&#039;s voice on several tracks, making Samba &#039;68 one of the best Brazilian crossovers of the 1960s.&quot;(John Bush, AllMusic) Marcos Valle was the Renaissance man of Brazilian pop, a singer\/songwriter\/producer who straddled the country&#039;s music world from the early days of the Bossa Nova craze well into the fusion-soaked sound of &#039;80s Brazilian popular music. Though his reputation in America never quite compared to contemporaries like Caetano Veloso, Milton Nascimento, Gilberto Gil, or even Tom Z\u00e9. Valle is one of the most important and popular performers in the history of Brazilian pop.\" \/>\n<meta name=\"robots\" content=\"index, follow, max-snippet:-1, max-image-preview:large, max-video-preview:-1\" \/>\n<link rel=\"canonical\" href=\"https:\/\/wpguerssen-test.odoo.rgbconsulting.com\/es\/producto\/samba-68\/\" \/>\n<meta property=\"og:locale\" content=\"es_ES\" \/>\n<meta property=\"og:type\" content=\"article\" \/>\n<meta property=\"og:title\" content=\"VALLE, Marcos - Samba &#039;68 -  (LP) | Guerssen\" \/>\n<meta property=\"og:description\" content=\"Elemental Music, together with Universal Music Spain presents a new vinyl reissue of &quot;Samba &#039;68&quot;, the only album released on the Verve label by prolific Brazilian singer Marcos Valle. In 1968, Valle was commissioned by Verve to record his Brazilian hits in English in order to capitalize on the then-huge Getz-Gilberto-Jobim-Mendes-Astrud market. Marcos&#039; rapid and stunning artistic growth is apparent on this brilliant Bossa Nova album. Fans of S\u00e9rgio Mendes and Astrud Gilberto (both of whom recorded tons of Valle tunes) will enjoy it immensely, for &quot;Samba &#039;68&quot; is definitely one of the ultimate &quot;loungy&quot; records.&quot;Samba &#039;68 is a vibrant set of Brazilian pop, indebted to bossa nova and samba but undeniably Americanized for a domestic audience. The result is a joyous album throughout that wears its dated sound quite well. Marcos Valle interprets eleven of his own songs, including Brazilian standards like &#039;Chup Chup, I Got Away,&#039; &#039;Batucada&#039; and &#039;So Nice (Summer Samba),&#039; as well as new tracks like &#039;Crickets Sing for Anamaria&#039; and &#039;The Answer.&#039; The vocal harmonies of his wife (the Anamaria of the song title) provide a beautiful counterpoint to Valle&#039;s voice on several tracks, making Samba &#039;68 one of the best Brazilian crossovers of the 1960s.&quot;(John Bush, AllMusic) Marcos Valle was the Renaissance man of Brazilian pop, a singer\/songwriter\/producer who straddled the country&#039;s music world from the early days of the Bossa Nova craze well into the fusion-soaked sound of &#039;80s Brazilian popular music. Though his reputation in America never quite compared to contemporaries like Caetano Veloso, Milton Nascimento, Gilberto Gil, or even Tom Z\u00e9. Valle is one of the most important and popular performers in the history of Brazilian pop.\" \/>\n<meta property=\"og:url\" content=\"https:\/\/wpguerssen-test.odoo.rgbconsulting.com\/es\/producto\/samba-68\/\" \/>\n<meta property=\"og:site_name\" content=\"Guerssen records\" \/>\n<meta property=\"article:modified_time\" content=\"2025-04-23T15:32:15+00:00\" \/>\n<meta property=\"og:image\" content=\"https:\/\/wpguerssen-test.odoo.rgbconsulting.com\/wp-content\/uploads\/2024\/09\/48574.jpg\" \/>\n\t<meta property=\"og:image:width\" content=\"255\" \/>\n\t<meta property=\"og:image:height\" content=\"255\" \/>\n\t<meta property=\"og:image:type\" content=\"image\/jpeg\" \/>\n<meta name=\"twitter:card\" content=\"summary_large_image\" \/>\n<meta name=\"twitter:title\" content=\"VALLE, Marcos - Samba &#039;68 -  (LP) | Guerssen\" \/>\n<meta name=\"twitter:label1\" content=\"Tiempo de lectura\" \/>\n\t<meta name=\"twitter:data1\" content=\"2 minutos\" \/>\n<script type=\"application\/ld+json\" class=\"yoast-schema-graph\">{\"@context\":\"https:\/\/schema.org\",\"@graph\":[{\"@type\":\"WebPage\",\"@id\":\"https:\/\/wpguerssen-test.odoo.rgbconsulting.com\/es\/producto\/samba-68\/\",\"url\":\"https:\/\/wpguerssen-test.odoo.rgbconsulting.com\/es\/producto\/samba-68\/\",\"name\":\"VALLE, Marcos - Samba '68 - (LP) | Guerssen\",\"isPartOf\":{\"@id\":\"https:\/\/wpguerssen-test.odoo.rgbconsulting.com\/es\/#website\"},\"primaryImageOfPage\":{\"@id\":\"https:\/\/wpguerssen-test.odoo.rgbconsulting.com\/es\/producto\/samba-68\/#primaryimage\"},\"image\":{\"@id\":\"https:\/\/wpguerssen-test.odoo.rgbconsulting.com\/es\/producto\/samba-68\/#primaryimage\"},\"thumbnailUrl\":\"https:\/\/wpguerssen-test.odoo.rgbconsulting.com\/wp-content\/uploads\/2024\/09\/48574.jpg\",\"datePublished\":\"2018-12-18T23:00:00+00:00\",\"dateModified\":\"2025-04-23T15:32:15+00:00\",\"description\":\"Elemental Music, together with Universal Music Spain presents a new vinyl reissue of \\\"Samba '68\\\", the only album released on the Verve label by prolific Brazilian singer Marcos Valle. In 1968, Valle was commissioned by Verve to record his Brazilian hits in English in order to capitalize on the then-huge Getz-Gilberto-Jobim-Mendes-Astrud market. Marcos' rapid and stunning artistic growth is apparent on this brilliant Bossa Nova album. Fans of S\u00e9rgio Mendes and Astrud Gilberto (both of whom recorded tons of Valle tunes) will enjoy it immensely, for \\\"Samba '68\\\" is definitely one of the ultimate \\\"loungy\\\" records.\\\"Samba '68 is a vibrant set of Brazilian pop, indebted to bossa nova and samba but undeniably Americanized for a domestic audience. The result is a joyous album throughout that wears its dated sound quite well. Marcos Valle interprets eleven of his own songs, including Brazilian standards like 'Chup Chup, I Got Away,' 'Batucada' and 'So Nice (Summer Samba),' as well as new tracks like 'Crickets Sing for Anamaria' and 'The Answer.' The vocal harmonies of his wife (the Anamaria of the song title) provide a beautiful counterpoint to Valle's voice on several tracks, making Samba '68 one of the best Brazilian crossovers of the 1960s.\\\"(John Bush, AllMusic) Marcos Valle was the Renaissance man of Brazilian pop, a singer\/songwriter\/producer who straddled the country's music world from the early days of the Bossa Nova craze well into the fusion-soaked sound of '80s Brazilian popular music. Though his reputation in America never quite compared to contemporaries like Caetano Veloso, Milton Nascimento, Gilberto Gil, or even Tom Z\u00e9. Valle is one of the most important and popular performers in the history of Brazilian pop.\",\"breadcrumb\":{\"@id\":\"https:\/\/wpguerssen-test.odoo.rgbconsulting.com\/es\/producto\/samba-68\/#breadcrumb\"},\"inLanguage\":\"es\",\"potentialAction\":[{\"@type\":\"ReadAction\",\"target\":[\"https:\/\/wpguerssen-test.odoo.rgbconsulting.com\/es\/producto\/samba-68\/\"]}]},{\"@type\":\"ImageObject\",\"inLanguage\":\"es\",\"@id\":\"https:\/\/wpguerssen-test.odoo.rgbconsulting.com\/es\/producto\/samba-68\/#primaryimage\",\"url\":\"https:\/\/wpguerssen-test.odoo.rgbconsulting.com\/wp-content\/uploads\/2024\/09\/48574.jpg\",\"contentUrl\":\"https:\/\/wpguerssen-test.odoo.rgbconsulting.com\/wp-content\/uploads\/2024\/09\/48574.jpg\",\"width\":255,\"height\":255,\"caption\":\"Marcos - Samba '68 - ELEMENTAL MUSIC (LP) | Guerssen\"},{\"@type\":\"BreadcrumbList\",\"@id\":\"https:\/\/wpguerssen-test.odoo.rgbconsulting.com\/es\/producto\/samba-68\/#breadcrumb\",\"itemListElement\":[{\"@type\":\"ListItem\",\"position\":1,\"name\":\"Inicio\",\"item\":\"https:\/\/wpguerssen-test.odoo.rgbconsulting.com\/es\/\"},{\"@type\":\"ListItem\",\"position\":2,\"name\":\"Shop\",\"item\":\"https:\/\/wpguerssen-test.odoo.rgbconsulting.com\/shop\/\"},{\"@type\":\"ListItem\",\"position\":3,\"name\":\"Samba &#8217;68\"}]},{\"@type\":\"WebSite\",\"@id\":\"https:\/\/wpguerssen-test.odoo.rgbconsulting.com\/es\/#website\",\"url\":\"https:\/\/wpguerssen-test.odoo.rgbconsulting.com\/es\/\",\"name\":\"Guerssen records\",\"description\":\"psychedelia - progressive - folk - garage \",\"publisher\":{\"@id\":\"https:\/\/wpguerssen-test.odoo.rgbconsulting.com\/es\/#organization\"},\"potentialAction\":[{\"@type\":\"SearchAction\",\"target\":{\"@type\":\"EntryPoint\",\"urlTemplate\":\"https:\/\/wpguerssen-test.odoo.rgbconsulting.com\/es\/?s={search_term_string}\"},\"query-input\":{\"@type\":\"PropertyValueSpecification\",\"valueRequired\":true,\"valueName\":\"search_term_string\"}}],\"inLanguage\":\"es\"},{\"@type\":\"Organization\",\"@id\":\"https:\/\/wpguerssen-test.odoo.rgbconsulting.com\/es\/#organization\",\"name\":\"Guerssen records\",\"url\":\"https:\/\/wpguerssen-test.odoo.rgbconsulting.com\/es\/\",\"logo\":{\"@type\":\"ImageObject\",\"inLanguage\":\"es\",\"@id\":\"https:\/\/wpguerssen-test.odoo.rgbconsulting.com\/es\/#\/schema\/logo\/image\/\",\"url\":\"https:\/\/wpguerssen-test.odoo.rgbconsulting.com\/wp-content\/uploads\/2022\/04\/Logo_Guerssen_trans_100.png\",\"contentUrl\":\"https:\/\/wpguerssen-test.odoo.rgbconsulting.com\/wp-content\/uploads\/2022\/04\/Logo_Guerssen_trans_100.png\",\"width\":122,\"height\":100,\"caption\":\"Guerssen records\"},\"image\":{\"@id\":\"https:\/\/wpguerssen-test.odoo.rgbconsulting.com\/es\/#\/schema\/logo\/image\/\"}}]}<\/script>\n<!-- \/ Yoast SEO plugin. -->","yoast_head_json":{"title":"VALLE, Marcos - Samba '68 -  (LP) | Guerssen","description":"Elemental Music, together with Universal Music Spain presents a new vinyl reissue of \"Samba '68\", the only album released on the Verve label by prolific Brazilian singer Marcos Valle. In 1968, Valle was commissioned by Verve to record his Brazilian hits in English in order to capitalize on the then-huge Getz-Gilberto-Jobim-Mendes-Astrud market. Marcos' rapid and stunning artistic growth is apparent on this brilliant Bossa Nova album. Fans of S\u00e9rgio Mendes and Astrud Gilberto (both of whom recorded tons of Valle tunes) will enjoy it immensely, for \"Samba '68\" is definitely one of the ultimate \"loungy\" records.\"Samba '68 is a vibrant set of Brazilian pop, indebted to bossa nova and samba but undeniably Americanized for a domestic audience. The result is a joyous album throughout that wears its dated sound quite well. Marcos Valle interprets eleven of his own songs, including Brazilian standards like 'Chup Chup, I Got Away,' 'Batucada' and 'So Nice (Summer Samba),' as well as new tracks like 'Crickets Sing for Anamaria' and 'The Answer.' The vocal harmonies of his wife (the Anamaria of the song title) provide a beautiful counterpoint to Valle's voice on several tracks, making Samba '68 one of the best Brazilian crossovers of the 1960s.\"(John Bush, AllMusic) Marcos Valle was the Renaissance man of Brazilian pop, a singer\/songwriter\/producer who straddled the country's music world from the early days of the Bossa Nova craze well into the fusion-soaked sound of '80s Brazilian popular music. Though his reputation in America never quite compared to contemporaries like Caetano Veloso, Milton Nascimento, Gilberto Gil, or even Tom Z\u00e9. Valle is one of the most important and popular performers in the history of Brazilian pop.","robots":{"index":"index","follow":"follow","max-snippet":"max-snippet:-1","max-image-preview":"max-image-preview:large","max-video-preview":"max-video-preview:-1"},"canonical":"https:\/\/wpguerssen-test.odoo.rgbconsulting.com\/es\/producto\/samba-68\/","og_locale":"es_ES","og_type":"article","og_title":"VALLE, Marcos - Samba '68 -  (LP) | Guerssen","og_description":"Elemental Music, together with Universal Music Spain presents a new vinyl reissue of \"Samba '68\", the only album released on the Verve label by prolific Brazilian singer Marcos Valle. In 1968, Valle was commissioned by Verve to record his Brazilian hits in English in order to capitalize on the then-huge Getz-Gilberto-Jobim-Mendes-Astrud market. Marcos' rapid and stunning artistic growth is apparent on this brilliant Bossa Nova album. Fans of S\u00e9rgio Mendes and Astrud Gilberto (both of whom recorded tons of Valle tunes) will enjoy it immensely, for \"Samba '68\" is definitely one of the ultimate \"loungy\" records.\"Samba '68 is a vibrant set of Brazilian pop, indebted to bossa nova and samba but undeniably Americanized for a domestic audience. The result is a joyous album throughout that wears its dated sound quite well. Marcos Valle interprets eleven of his own songs, including Brazilian standards like 'Chup Chup, I Got Away,' 'Batucada' and 'So Nice (Summer Samba),' as well as new tracks like 'Crickets Sing for Anamaria' and 'The Answer.' The vocal harmonies of his wife (the Anamaria of the song title) provide a beautiful counterpoint to Valle's voice on several tracks, making Samba '68 one of the best Brazilian crossovers of the 1960s.\"(John Bush, AllMusic) Marcos Valle was the Renaissance man of Brazilian pop, a singer\/songwriter\/producer who straddled the country's music world from the early days of the Bossa Nova craze well into the fusion-soaked sound of '80s Brazilian popular music. Though his reputation in America never quite compared to contemporaries like Caetano Veloso, Milton Nascimento, Gilberto Gil, or even Tom Z\u00e9. Valle is one of the most important and popular performers in the history of Brazilian pop.","og_url":"https:\/\/wpguerssen-test.odoo.rgbconsulting.com\/es\/producto\/samba-68\/","og_site_name":"Guerssen records","article_modified_time":"2025-04-23T15:32:15+00:00","og_image":[{"width":255,"height":255,"url":"https:\/\/wpguerssen-test.odoo.rgbconsulting.com\/wp-content\/uploads\/2024\/09\/48574.jpg","type":"image\/jpeg"}],"twitter_card":"summary_large_image","twitter_title":"VALLE, Marcos - Samba '68 -  (LP) | Guerssen","twitter_misc":{"Tiempo de lectura":"2 minutos"},"schema":{"@context":"https:\/\/schema.org","@graph":[{"@type":"WebPage","@id":"https:\/\/wpguerssen-test.odoo.rgbconsulting.com\/es\/producto\/samba-68\/","url":"https:\/\/wpguerssen-test.odoo.rgbconsulting.com\/es\/producto\/samba-68\/","name":"VALLE, Marcos - Samba '68 - (LP) | Guerssen","isPartOf":{"@id":"https:\/\/wpguerssen-test.odoo.rgbconsulting.com\/es\/#website"},"primaryImageOfPage":{"@id":"https:\/\/wpguerssen-test.odoo.rgbconsulting.com\/es\/producto\/samba-68\/#primaryimage"},"image":{"@id":"https:\/\/wpguerssen-test.odoo.rgbconsulting.com\/es\/producto\/samba-68\/#primaryimage"},"thumbnailUrl":"https:\/\/wpguerssen-test.odoo.rgbconsulting.com\/wp-content\/uploads\/2024\/09\/48574.jpg","datePublished":"2018-12-18T23:00:00+00:00","dateModified":"2025-04-23T15:32:15+00:00","description":"Elemental Music, together with Universal Music Spain presents a new vinyl reissue of \"Samba '68\", the only album released on the Verve label by prolific Brazilian singer Marcos Valle. In 1968, Valle was commissioned by Verve to record his Brazilian hits in English in order to capitalize on the then-huge Getz-Gilberto-Jobim-Mendes-Astrud market. Marcos' rapid and stunning artistic growth is apparent on this brilliant Bossa Nova album. Fans of S\u00e9rgio Mendes and Astrud Gilberto (both of whom recorded tons of Valle tunes) will enjoy it immensely, for \"Samba '68\" is definitely one of the ultimate \"loungy\" records.\"Samba '68 is a vibrant set of Brazilian pop, indebted to bossa nova and samba but undeniably Americanized for a domestic audience. The result is a joyous album throughout that wears its dated sound quite well. Marcos Valle interprets eleven of his own songs, including Brazilian standards like 'Chup Chup, I Got Away,' 'Batucada' and 'So Nice (Summer Samba),' as well as new tracks like 'Crickets Sing for Anamaria' and 'The Answer.' The vocal harmonies of his wife (the Anamaria of the song title) provide a beautiful counterpoint to Valle's voice on several tracks, making Samba '68 one of the best Brazilian crossovers of the 1960s.\"(John Bush, AllMusic) Marcos Valle was the Renaissance man of Brazilian pop, a singer\/songwriter\/producer who straddled the country's music world from the early days of the Bossa Nova craze well into the fusion-soaked sound of '80s Brazilian popular music. Though his reputation in America never quite compared to contemporaries like Caetano Veloso, Milton Nascimento, Gilberto Gil, or even Tom Z\u00e9. Valle is one of the most important and popular performers in the history of Brazilian pop.","breadcrumb":{"@id":"https:\/\/wpguerssen-test.odoo.rgbconsulting.com\/es\/producto\/samba-68\/#breadcrumb"},"inLanguage":"es","potentialAction":[{"@type":"ReadAction","target":["https:\/\/wpguerssen-test.odoo.rgbconsulting.com\/es\/producto\/samba-68\/"]}]},{"@type":"ImageObject","inLanguage":"es","@id":"https:\/\/wpguerssen-test.odoo.rgbconsulting.com\/es\/producto\/samba-68\/#primaryimage","url":"https:\/\/wpguerssen-test.odoo.rgbconsulting.com\/wp-content\/uploads\/2024\/09\/48574.jpg","contentUrl":"https:\/\/wpguerssen-test.odoo.rgbconsulting.com\/wp-content\/uploads\/2024\/09\/48574.jpg","width":255,"height":255,"caption":"Marcos - Samba '68 - ELEMENTAL MUSIC (LP) | Guerssen"},{"@type":"BreadcrumbList","@id":"https:\/\/wpguerssen-test.odoo.rgbconsulting.com\/es\/producto\/samba-68\/#breadcrumb","itemListElement":[{"@type":"ListItem","position":1,"name":"Inicio","item":"https:\/\/wpguerssen-test.odoo.rgbconsulting.com\/es\/"},{"@type":"ListItem","position":2,"name":"Shop","item":"https:\/\/wpguerssen-test.odoo.rgbconsulting.com\/shop\/"},{"@type":"ListItem","position":3,"name":"Samba &#8217;68"}]},{"@type":"WebSite","@id":"https:\/\/wpguerssen-test.odoo.rgbconsulting.com\/es\/#website","url":"https:\/\/wpguerssen-test.odoo.rgbconsulting.com\/es\/","name":"Guerssen records","description":"psychedelia - progressive - folk - garage ","publisher":{"@id":"https:\/\/wpguerssen-test.odoo.rgbconsulting.com\/es\/#organization"},"potentialAction":[{"@type":"SearchAction","target":{"@type":"EntryPoint","urlTemplate":"https:\/\/wpguerssen-test.odoo.rgbconsulting.com\/es\/?s={search_term_string}"},"query-input":{"@type":"PropertyValueSpecification","valueRequired":true,"valueName":"search_term_string"}}],"inLanguage":"es"},{"@type":"Organization","@id":"https:\/\/wpguerssen-test.odoo.rgbconsulting.com\/es\/#organization","name":"Guerssen records","url":"https:\/\/wpguerssen-test.odoo.rgbconsulting.com\/es\/","logo":{"@type":"ImageObject","inLanguage":"es","@id":"https:\/\/wpguerssen-test.odoo.rgbconsulting.com\/es\/#\/schema\/logo\/image\/","url":"https:\/\/wpguerssen-test.odoo.rgbconsulting.com\/wp-content\/uploads\/2022\/04\/Logo_Guerssen_trans_100.png","contentUrl":"https:\/\/wpguerssen-test.odoo.rgbconsulting.com\/wp-content\/uploads\/2022\/04\/Logo_Guerssen_trans_100.png","width":122,"height":100,"caption":"Guerssen records"},"image":{"@id":"https:\/\/wpguerssen-test.odoo.rgbconsulting.com\/es\/#\/schema\/logo\/image\/"}}]}},"_links":{"self":[{"href":"https:\/\/wpguerssen-test.odoo.rgbconsulting.com\/es\/wp-json\/wp\/v2\/product\/274425","targetHints":{"allow":["GET"]}}],"collection":[{"href":"https:\/\/wpguerssen-test.odoo.rgbconsulting.com\/es\/wp-json\/wp\/v2\/product"}],"about":[{"href":"https:\/\/wpguerssen-test.odoo.rgbconsulting.com\/es\/wp-json\/wp\/v2\/types\/product"}],"wp:featuredmedia":[{"embeddable":true,"href":"https:\/\/wpguerssen-test.odoo.rgbconsulting.com\/es\/wp-json\/wp\/v2\/media\/274417"}],"wp:attachment":[{"href":"https:\/\/wpguerssen-test.odoo.rgbconsulting.com\/es\/wp-json\/wp\/v2\/media?parent=274425"}],"wp:term":[{"taxonomy":"product_brand","embeddable":true,"href":"https:\/\/wpguerssen-test.odoo.rgbconsulting.com\/es\/wp-json\/wp\/v2\/product_brand?post=274425"},{"taxonomy":"product_cat","embeddable":true,"href":"https:\/\/wpguerssen-test.odoo.rgbconsulting.com\/es\/wp-json\/wp\/v2\/product_cat?post=274425"},{"taxonomy":"product_tag","embeddable":true,"href":"https:\/\/wpguerssen-test.odoo.rgbconsulting.com\/es\/wp-json\/wp\/v2\/product_tag?post=274425"}],"curies":[{"name":"wp","href":"https:\/\/api.w.org\/{rel}","templated":true}]}}