{"id":274445,"date":"2024-11-06T00:00:00","date_gmt":"2024-11-05T23:00:00","guid":{"rendered":"https:\/\/wpguerssen-test.odoo.rgbconsulting.com\/product\/illmatic-30th-anniversary-7-inch-box-set-6x7\/"},"modified":"2025-03-03T16:18:02","modified_gmt":"2025-03-03T15:18:02","slug":"illmatic-30th-anniversary-7-box-set-6x-7","status":"publish","type":"product","link":"https:\/\/wpguerssen-test.odoo.rgbconsulting.com\/es\/producto\/illmatic-30th-anniversary-7-box-set-6x-7\/","title":{"rendered":"Illmatic: 30th Anniversary 7&#8243; Box Set (6x 7&#8243;)"},"content":{"rendered":"<p>Hace treinta a\u00f1os, Nasir \u00abNas\u00bb Jones lanz\u00f3 Illmatic, considerado por muchos como el mejor \u00e1lbum de hip-hop de todos los tiempos. Antes de 1994, Nas (bajo el nombre de \u00abNasty Nas\u00bb) rapeaba y hac\u00eda cintas de demostraci\u00f3n con Large Professor, y en 1991 interpret\u00f3 un verso inolvidable en \u00abLive at the Barbeque\u00bb de Main Source. Al a\u00f1o siguiente, Nas lanz\u00f3 \u00abHalftime\u00bb para la banda sonora de Zebrahead, otro corte de Large Pro, y firm\u00f3 un contrato con acuerdo para grabar un \u00e1lbum para Columbia Records. Estaban comparando a Nas con uno de los grandes de la letra, Rakim, y hab\u00eda presi\u00f3n para lanzar un \u00e1lbum debut que encabezara a todos los raperos. Un equipo de ensue\u00f1o de productores de hip-hopincluidos DJ Premier, Large Professor, Q-Tip, Pete Rock y L.E.S. se reuni\u00f3 para trabajar en lo que se convertir\u00eda en el cl\u00e1sico Illmatic. No solo estableci\u00f3 a Nas como el Mejor Rapero Vivo en 1994, sino que tambi\u00e9n aument\u00f3 las apuestas para la producci\u00f3n de hip-hop, la t\u00e9cnica l\u00edrica, el contenido y la ambici\u00f3n art\u00edstica general.<br \/>Illmatic es la joya de la corona de los cl\u00e1sicos de mediados de los 90 que a\u00fan definen el g\u00e9nero. Sin relleno, una introducci\u00f3n y 9 pistas de perfecci\u00f3n hip-hop. Cada canci\u00f3n de este \u00e1lbum importa. Desde la magistral \u00abN.Y State Of Mind\u00bb de Premier hasta \u00abLife&#8217;s A Bitch\u00bb asistida por AZ y \u00abThe World Is Yours\u00bb con piano de Pete Rock, Illmatic comienza con un poderoso tr\u00edo decanciones que f\u00e1cilmente podr\u00edan solidificar este \u00e1lbum como cl\u00e1sico si se detuviera all\u00ed. Otros temas, como \u00abMemory Lane\u00bb y \u00abOne Love\u00bb, muestran a Nas centr\u00e1ndose en su vecindario y las leyendas locales que lo moldearon hasta convertirse en la persona que era, lo que los hizo a todos igualmente importantes para nosotros. Large Professor presenta el primer sencillo del \u00e1lbum, \u00abIt Ain&#8217;t Hard To Tell\u00bb, mientras que Premier presenta el himno callejero certificado del \u00e1lbum, \u00abRepresent\u00bb. Serio hasta el extremo y l\u00edricamente denso hasta un punto que posiblemente nunca haya sido igualado, Nas, de 20 a\u00f1os, se apoy\u00f3 en los hombros de sus predecesores y los enorgulleci\u00f3 con este \u00e1lbum.<\/p>\n","protected":false},"excerpt":{"rendered":"<p>Hace treinta a\u00f1os, Nasir \u00abNas\u00bb Jones lanz\u00f3 Illmatic, considerado por muchos como el mejor \u00e1lbum de hip-hop de todos los tiempos. Antes de 1994, Nas (bajo el nombre<a class=\"read\" href=\"https:\/\/wpguerssen-test.odoo.rgbconsulting.com\/es\/producto\/illmatic-30th-anniversary-7-box-set-6x-7\/\"> (...)<\/a>","protected":false},"featured_media":274435,"template":"","meta":{"_acf_changed":false},"product_brand":[],"product_cat":[21706],"product_tag":[],"class_list":{"0":"post-274445","1":"product","2":"type-product","3":"status-publish","4":"has-post-thumbnail","6":"product_cat-rap-hip-hop-es","7":"pa_artist-nas-es","8":"pa_format-various-vinyl-es","9":"pa_gender-rap-hip-hop","10":"pa_label-get-on-down","11":"pa_location-north-america-es","12":"pa_other-filters-vinyl-only-es","14":"first","15":"instock","16":"taxable","17":"shipping-taxable","18":"purchasable","19":"product-type-simple"},"acf":[],"yoast_head":"<!-- This site is optimized with the Yoast SEO plugin v24.9 - https:\/\/yoast.com\/wordpress\/plugins\/seo\/ -->\n<title>NAS - Illmatic: 30th Anniversary 7&quot; Box Set (6x 7&quot;) -  (VARIOUS VINYL) | Guerssen<\/title>\n<meta name=\"description\" content=\"Thirty years ago Nasir &quot;Nas&quot; Jones dropped Illmatic which is regarded by many as the greatest hip-hop album of all time. Before 1994, Nas (under the name &quot;Nasty Nas&quot;) was rapping and making demo tapes with LargeProfessor, and in 1991 performed an unforgettable verse on Main Source&#039;s &quot;Live at the Barbeque.&quot;The next year Nas released &quot;Halftime&quot; for the Zebrahead soundtrack, another Large Pro cut, and signed adeal to record an album for Columbia Records. Nas was being compared to one of the lyrical greats, Rakim, and the pressure was on to drop a debut album to top all rappers. A dream team of hip-hop producersincluding DJ Premier, Large Professor, Q-Tip, Pete Rock, and L.E.S. was assembled to work on what would become the 5 Mic classic Illmatic. Not only did it establish Nas as the Best Rapper Alive in 1994, but it also raised the stakes for hip-hop production, lyrical technique, content, and overall artistic ambition.Illmatic is the crown jewel of the mid-90s classics that still define the genre. No filler, one intro, and 9 tracks of hip-hop perfection. Every song on this album matters. From Premier&#039;s masterful &quot;N.Y State Of Mind&quot; to the AZ assisted &quot;Life&#039;s A Bitch&quot; and Pete Rock&#039;s piano-laced &quot;The World Is Yours&quot; Illmatic starts with a powerful trio ofsongs that easily could solidify this album as classic if it stopped right there. Other tracks such as &quot;Memory Lane&quot; and &quot;One Love&quot; show Nas focusing on his neighborhood and local legends that molded him into the person he was which made them all just as important to us. Large Professor delivers the album&#039;s first single &quot;It Ain&#039;t Hard To Tell&quot; while Premier delivers the album&#039;s certified street anthem &quot;Represent&quot;. Serious to a fault, and lyrically dense to an extent that has possibly never been matched, the 20-year-old Nas stood on the shoulders of his predecessors and made them proud with this one.Thirty years later the album stands the test of time, where time is truly illmatic.\" \/>\n<meta name=\"robots\" content=\"index, follow, max-snippet:-1, max-image-preview:large, max-video-preview:-1\" \/>\n<link rel=\"canonical\" href=\"https:\/\/wpguerssen-test.odoo.rgbconsulting.com\/es\/producto\/illmatic-30th-anniversary-7-box-set-6x-7\/\" \/>\n<meta property=\"og:locale\" content=\"es_ES\" \/>\n<meta property=\"og:type\" content=\"article\" \/>\n<meta property=\"og:title\" content=\"NAS - Illmatic: 30th Anniversary 7&quot; Box Set (6x 7&quot;) -  (VARIOUS VINYL) | Guerssen\" \/>\n<meta property=\"og:description\" content=\"Thirty years ago Nasir &quot;Nas&quot; Jones dropped Illmatic which is regarded by many as the greatest hip-hop album of all time. Before 1994, Nas (under the name &quot;Nasty Nas&quot;) was rapping and making demo tapes with LargeProfessor, and in 1991 performed an unforgettable verse on Main Source&#039;s &quot;Live at the Barbeque.&quot;The next year Nas released &quot;Halftime&quot; for the Zebrahead soundtrack, another Large Pro cut, and signed adeal to record an album for Columbia Records. Nas was being compared to one of the lyrical greats, Rakim, and the pressure was on to drop a debut album to top all rappers. A dream team of hip-hop producersincluding DJ Premier, Large Professor, Q-Tip, Pete Rock, and L.E.S. was assembled to work on what would become the 5 Mic classic Illmatic. Not only did it establish Nas as the Best Rapper Alive in 1994, but it also raised the stakes for hip-hop production, lyrical technique, content, and overall artistic ambition.Illmatic is the crown jewel of the mid-90s classics that still define the genre. No filler, one intro, and 9 tracks of hip-hop perfection. Every song on this album matters. From Premier&#039;s masterful &quot;N.Y State Of Mind&quot; to the AZ assisted &quot;Life&#039;s A Bitch&quot; and Pete Rock&#039;s piano-laced &quot;The World Is Yours&quot; Illmatic starts with a powerful trio ofsongs that easily could solidify this album as classic if it stopped right there. Other tracks such as &quot;Memory Lane&quot; and &quot;One Love&quot; show Nas focusing on his neighborhood and local legends that molded him into the person he was which made them all just as important to us. Large Professor delivers the album&#039;s first single &quot;It Ain&#039;t Hard To Tell&quot; while Premier delivers the album&#039;s certified street anthem &quot;Represent&quot;. Serious to a fault, and lyrically dense to an extent that has possibly never been matched, the 20-year-old Nas stood on the shoulders of his predecessors and made them proud with this one.Thirty years later the album stands the test of time, where time is truly illmatic.\" \/>\n<meta property=\"og:url\" content=\"https:\/\/wpguerssen-test.odoo.rgbconsulting.com\/es\/producto\/illmatic-30th-anniversary-7-box-set-6x-7\/\" \/>\n<meta property=\"og:site_name\" content=\"Guerssen records\" \/>\n<meta property=\"article:modified_time\" content=\"2025-03-03T15:18:02+00:00\" \/>\n<meta property=\"og:image\" content=\"https:\/\/wpguerssen-test.odoo.rgbconsulting.com\/wp-content\/uploads\/2024\/09\/48575.jpg\" \/>\n\t<meta property=\"og:image:width\" content=\"550\" \/>\n\t<meta property=\"og:image:height\" content=\"550\" \/>\n\t<meta property=\"og:image:type\" content=\"image\/jpeg\" \/>\n<meta name=\"twitter:card\" content=\"summary_large_image\" \/>\n<meta name=\"twitter:title\" content=\"NAS - Illmatic: 30th Anniversary 7&quot; Box Set (6x 7&quot;) -  (VARIOUS VINYL) | Guerssen\" \/>\n<meta name=\"twitter:label1\" content=\"Tiempo de lectura\" \/>\n\t<meta name=\"twitter:data1\" content=\"2 minutos\" \/>\n<script type=\"application\/ld+json\" class=\"yoast-schema-graph\">{\"@context\":\"https:\/\/schema.org\",\"@graph\":[{\"@type\":\"WebPage\",\"@id\":\"https:\/\/wpguerssen-test.odoo.rgbconsulting.com\/es\/producto\/illmatic-30th-anniversary-7-box-set-6x-7\/\",\"url\":\"https:\/\/wpguerssen-test.odoo.rgbconsulting.com\/es\/producto\/illmatic-30th-anniversary-7-box-set-6x-7\/\",\"name\":\"NAS - Illmatic: 30th Anniversary 7\\\" Box Set (6x 7\\\") - (VARIOUS VINYL) | Guerssen\",\"isPartOf\":{\"@id\":\"https:\/\/wpguerssen-test.odoo.rgbconsulting.com\/es\/#website\"},\"primaryImageOfPage\":{\"@id\":\"https:\/\/wpguerssen-test.odoo.rgbconsulting.com\/es\/producto\/illmatic-30th-anniversary-7-box-set-6x-7\/#primaryimage\"},\"image\":{\"@id\":\"https:\/\/wpguerssen-test.odoo.rgbconsulting.com\/es\/producto\/illmatic-30th-anniversary-7-box-set-6x-7\/#primaryimage\"},\"thumbnailUrl\":\"https:\/\/wpguerssen-test.odoo.rgbconsulting.com\/wp-content\/uploads\/2024\/09\/48575.jpg\",\"datePublished\":\"2024-11-05T23:00:00+00:00\",\"dateModified\":\"2025-03-03T15:18:02+00:00\",\"description\":\"Thirty years ago Nasir \\\"Nas\\\" Jones dropped Illmatic which is regarded by many as the greatest hip-hop album of all time. Before 1994, Nas (under the name \\\"Nasty Nas\\\") was rapping and making demo tapes with LargeProfessor, and in 1991 performed an unforgettable verse on Main Source's \\\"Live at the Barbeque.\\\"The next year Nas released \\\"Halftime\\\" for the Zebrahead soundtrack, another Large Pro cut, and signed adeal to record an album for Columbia Records. Nas was being compared to one of the lyrical greats, Rakim, and the pressure was on to drop a debut album to top all rappers. A dream team of hip-hop producersincluding DJ Premier, Large Professor, Q-Tip, Pete Rock, and L.E.S. was assembled to work on what would become the 5 Mic classic Illmatic. Not only did it establish Nas as the Best Rapper Alive in 1994, but it also raised the stakes for hip-hop production, lyrical technique, content, and overall artistic ambition.Illmatic is the crown jewel of the mid-90s classics that still define the genre. No filler, one intro, and 9 tracks of hip-hop perfection. Every song on this album matters. From Premier's masterful \\\"N.Y State Of Mind\\\" to the AZ assisted \\\"Life's A Bitch\\\" and Pete Rock's piano-laced \\\"The World Is Yours\\\" Illmatic starts with a powerful trio ofsongs that easily could solidify this album as classic if it stopped right there. Other tracks such as \\\"Memory Lane\\\" and \\\"One Love\\\" show Nas focusing on his neighborhood and local legends that molded him into the person he was which made them all just as important to us. Large Professor delivers the album's first single \\\"It Ain't Hard To Tell\\\" while Premier delivers the album's certified street anthem \\\"Represent\\\". Serious to a fault, and lyrically dense to an extent that has possibly never been matched, the 20-year-old Nas stood on the shoulders of his predecessors and made them proud with this one.Thirty years later the album stands the test of time, where time is truly illmatic.\",\"breadcrumb\":{\"@id\":\"https:\/\/wpguerssen-test.odoo.rgbconsulting.com\/es\/producto\/illmatic-30th-anniversary-7-box-set-6x-7\/#breadcrumb\"},\"inLanguage\":\"es\",\"potentialAction\":[{\"@type\":\"ReadAction\",\"target\":[\"https:\/\/wpguerssen-test.odoo.rgbconsulting.com\/es\/producto\/illmatic-30th-anniversary-7-box-set-6x-7\/\"]}]},{\"@type\":\"ImageObject\",\"inLanguage\":\"es\",\"@id\":\"https:\/\/wpguerssen-test.odoo.rgbconsulting.com\/es\/producto\/illmatic-30th-anniversary-7-box-set-6x-7\/#primaryimage\",\"url\":\"https:\/\/wpguerssen-test.odoo.rgbconsulting.com\/wp-content\/uploads\/2024\/09\/48575.jpg\",\"contentUrl\":\"https:\/\/wpguerssen-test.odoo.rgbconsulting.com\/wp-content\/uploads\/2024\/09\/48575.jpg\",\"width\":550,\"height\":550},{\"@type\":\"BreadcrumbList\",\"@id\":\"https:\/\/wpguerssen-test.odoo.rgbconsulting.com\/es\/producto\/illmatic-30th-anniversary-7-box-set-6x-7\/#breadcrumb\",\"itemListElement\":[{\"@type\":\"ListItem\",\"position\":1,\"name\":\"Inicio\",\"item\":\"https:\/\/wpguerssen-test.odoo.rgbconsulting.com\/es\/\"},{\"@type\":\"ListItem\",\"position\":2,\"name\":\"Shop\",\"item\":\"https:\/\/wpguerssen-test.odoo.rgbconsulting.com\/shop\/\"},{\"@type\":\"ListItem\",\"position\":3,\"name\":\"Illmatic: 30th Anniversary 7&#8243; Box Set (6x 7&#8243;)\"}]},{\"@type\":\"WebSite\",\"@id\":\"https:\/\/wpguerssen-test.odoo.rgbconsulting.com\/es\/#website\",\"url\":\"https:\/\/wpguerssen-test.odoo.rgbconsulting.com\/es\/\",\"name\":\"Guerssen records\",\"description\":\"psychedelia - progressive - folk - garage \",\"publisher\":{\"@id\":\"https:\/\/wpguerssen-test.odoo.rgbconsulting.com\/es\/#organization\"},\"potentialAction\":[{\"@type\":\"SearchAction\",\"target\":{\"@type\":\"EntryPoint\",\"urlTemplate\":\"https:\/\/wpguerssen-test.odoo.rgbconsulting.com\/es\/?s={search_term_string}\"},\"query-input\":{\"@type\":\"PropertyValueSpecification\",\"valueRequired\":true,\"valueName\":\"search_term_string\"}}],\"inLanguage\":\"es\"},{\"@type\":\"Organization\",\"@id\":\"https:\/\/wpguerssen-test.odoo.rgbconsulting.com\/es\/#organization\",\"name\":\"Guerssen records\",\"url\":\"https:\/\/wpguerssen-test.odoo.rgbconsulting.com\/es\/\",\"logo\":{\"@type\":\"ImageObject\",\"inLanguage\":\"es\",\"@id\":\"https:\/\/wpguerssen-test.odoo.rgbconsulting.com\/es\/#\/schema\/logo\/image\/\",\"url\":\"https:\/\/wpguerssen-test.odoo.rgbconsulting.com\/wp-content\/uploads\/2022\/04\/Logo_Guerssen_trans_100.png\",\"contentUrl\":\"https:\/\/wpguerssen-test.odoo.rgbconsulting.com\/wp-content\/uploads\/2022\/04\/Logo_Guerssen_trans_100.png\",\"width\":122,\"height\":100,\"caption\":\"Guerssen records\"},\"image\":{\"@id\":\"https:\/\/wpguerssen-test.odoo.rgbconsulting.com\/es\/#\/schema\/logo\/image\/\"}}]}<\/script>\n<!-- \/ Yoast SEO plugin. -->","yoast_head_json":{"title":"NAS - Illmatic: 30th Anniversary 7\" Box Set (6x 7\") -  (VARIOUS VINYL) | Guerssen","description":"Thirty years ago Nasir \"Nas\" Jones dropped Illmatic which is regarded by many as the greatest hip-hop album of all time. Before 1994, Nas (under the name \"Nasty Nas\") was rapping and making demo tapes with LargeProfessor, and in 1991 performed an unforgettable verse on Main Source's \"Live at the Barbeque.\"The next year Nas released \"Halftime\" for the Zebrahead soundtrack, another Large Pro cut, and signed adeal to record an album for Columbia Records. Nas was being compared to one of the lyrical greats, Rakim, and the pressure was on to drop a debut album to top all rappers. A dream team of hip-hop producersincluding DJ Premier, Large Professor, Q-Tip, Pete Rock, and L.E.S. was assembled to work on what would become the 5 Mic classic Illmatic. Not only did it establish Nas as the Best Rapper Alive in 1994, but it also raised the stakes for hip-hop production, lyrical technique, content, and overall artistic ambition.Illmatic is the crown jewel of the mid-90s classics that still define the genre. No filler, one intro, and 9 tracks of hip-hop perfection. Every song on this album matters. From Premier's masterful \"N.Y State Of Mind\" to the AZ assisted \"Life's A Bitch\" and Pete Rock's piano-laced \"The World Is Yours\" Illmatic starts with a powerful trio ofsongs that easily could solidify this album as classic if it stopped right there. Other tracks such as \"Memory Lane\" and \"One Love\" show Nas focusing on his neighborhood and local legends that molded him into the person he was which made them all just as important to us. Large Professor delivers the album's first single \"It Ain't Hard To Tell\" while Premier delivers the album's certified street anthem \"Represent\". Serious to a fault, and lyrically dense to an extent that has possibly never been matched, the 20-year-old Nas stood on the shoulders of his predecessors and made them proud with this one.Thirty years later the album stands the test of time, where time is truly illmatic.","robots":{"index":"index","follow":"follow","max-snippet":"max-snippet:-1","max-image-preview":"max-image-preview:large","max-video-preview":"max-video-preview:-1"},"canonical":"https:\/\/wpguerssen-test.odoo.rgbconsulting.com\/es\/producto\/illmatic-30th-anniversary-7-box-set-6x-7\/","og_locale":"es_ES","og_type":"article","og_title":"NAS - Illmatic: 30th Anniversary 7\" Box Set (6x 7\") -  (VARIOUS VINYL) | Guerssen","og_description":"Thirty years ago Nasir \"Nas\" Jones dropped Illmatic which is regarded by many as the greatest hip-hop album of all time. Before 1994, Nas (under the name \"Nasty Nas\") was rapping and making demo tapes with LargeProfessor, and in 1991 performed an unforgettable verse on Main Source's \"Live at the Barbeque.\"The next year Nas released \"Halftime\" for the Zebrahead soundtrack, another Large Pro cut, and signed adeal to record an album for Columbia Records. Nas was being compared to one of the lyrical greats, Rakim, and the pressure was on to drop a debut album to top all rappers. A dream team of hip-hop producersincluding DJ Premier, Large Professor, Q-Tip, Pete Rock, and L.E.S. was assembled to work on what would become the 5 Mic classic Illmatic. Not only did it establish Nas as the Best Rapper Alive in 1994, but it also raised the stakes for hip-hop production, lyrical technique, content, and overall artistic ambition.Illmatic is the crown jewel of the mid-90s classics that still define the genre. No filler, one intro, and 9 tracks of hip-hop perfection. Every song on this album matters. From Premier's masterful \"N.Y State Of Mind\" to the AZ assisted \"Life's A Bitch\" and Pete Rock's piano-laced \"The World Is Yours\" Illmatic starts with a powerful trio ofsongs that easily could solidify this album as classic if it stopped right there. Other tracks such as \"Memory Lane\" and \"One Love\" show Nas focusing on his neighborhood and local legends that molded him into the person he was which made them all just as important to us. Large Professor delivers the album's first single \"It Ain't Hard To Tell\" while Premier delivers the album's certified street anthem \"Represent\". Serious to a fault, and lyrically dense to an extent that has possibly never been matched, the 20-year-old Nas stood on the shoulders of his predecessors and made them proud with this one.Thirty years later the album stands the test of time, where time is truly illmatic.","og_url":"https:\/\/wpguerssen-test.odoo.rgbconsulting.com\/es\/producto\/illmatic-30th-anniversary-7-box-set-6x-7\/","og_site_name":"Guerssen records","article_modified_time":"2025-03-03T15:18:02+00:00","og_image":[{"width":550,"height":550,"url":"https:\/\/wpguerssen-test.odoo.rgbconsulting.com\/wp-content\/uploads\/2024\/09\/48575.jpg","type":"image\/jpeg"}],"twitter_card":"summary_large_image","twitter_title":"NAS - Illmatic: 30th Anniversary 7\" Box Set (6x 7\") -  (VARIOUS VINYL) | Guerssen","twitter_misc":{"Tiempo de lectura":"2 minutos"},"schema":{"@context":"https:\/\/schema.org","@graph":[{"@type":"WebPage","@id":"https:\/\/wpguerssen-test.odoo.rgbconsulting.com\/es\/producto\/illmatic-30th-anniversary-7-box-set-6x-7\/","url":"https:\/\/wpguerssen-test.odoo.rgbconsulting.com\/es\/producto\/illmatic-30th-anniversary-7-box-set-6x-7\/","name":"NAS - Illmatic: 30th Anniversary 7\" Box Set (6x 7\") - (VARIOUS VINYL) | Guerssen","isPartOf":{"@id":"https:\/\/wpguerssen-test.odoo.rgbconsulting.com\/es\/#website"},"primaryImageOfPage":{"@id":"https:\/\/wpguerssen-test.odoo.rgbconsulting.com\/es\/producto\/illmatic-30th-anniversary-7-box-set-6x-7\/#primaryimage"},"image":{"@id":"https:\/\/wpguerssen-test.odoo.rgbconsulting.com\/es\/producto\/illmatic-30th-anniversary-7-box-set-6x-7\/#primaryimage"},"thumbnailUrl":"https:\/\/wpguerssen-test.odoo.rgbconsulting.com\/wp-content\/uploads\/2024\/09\/48575.jpg","datePublished":"2024-11-05T23:00:00+00:00","dateModified":"2025-03-03T15:18:02+00:00","description":"Thirty years ago Nasir \"Nas\" Jones dropped Illmatic which is regarded by many as the greatest hip-hop album of all time. Before 1994, Nas (under the name \"Nasty Nas\") was rapping and making demo tapes with LargeProfessor, and in 1991 performed an unforgettable verse on Main Source's \"Live at the Barbeque.\"The next year Nas released \"Halftime\" for the Zebrahead soundtrack, another Large Pro cut, and signed adeal to record an album for Columbia Records. Nas was being compared to one of the lyrical greats, Rakim, and the pressure was on to drop a debut album to top all rappers. A dream team of hip-hop producersincluding DJ Premier, Large Professor, Q-Tip, Pete Rock, and L.E.S. was assembled to work on what would become the 5 Mic classic Illmatic. Not only did it establish Nas as the Best Rapper Alive in 1994, but it also raised the stakes for hip-hop production, lyrical technique, content, and overall artistic ambition.Illmatic is the crown jewel of the mid-90s classics that still define the genre. No filler, one intro, and 9 tracks of hip-hop perfection. Every song on this album matters. From Premier's masterful \"N.Y State Of Mind\" to the AZ assisted \"Life's A Bitch\" and Pete Rock's piano-laced \"The World Is Yours\" Illmatic starts with a powerful trio ofsongs that easily could solidify this album as classic if it stopped right there. Other tracks such as \"Memory Lane\" and \"One Love\" show Nas focusing on his neighborhood and local legends that molded him into the person he was which made them all just as important to us. Large Professor delivers the album's first single \"It Ain't Hard To Tell\" while Premier delivers the album's certified street anthem \"Represent\". Serious to a fault, and lyrically dense to an extent that has possibly never been matched, the 20-year-old Nas stood on the shoulders of his predecessors and made them proud with this one.Thirty years later the album stands the test of time, where time is truly illmatic.","breadcrumb":{"@id":"https:\/\/wpguerssen-test.odoo.rgbconsulting.com\/es\/producto\/illmatic-30th-anniversary-7-box-set-6x-7\/#breadcrumb"},"inLanguage":"es","potentialAction":[{"@type":"ReadAction","target":["https:\/\/wpguerssen-test.odoo.rgbconsulting.com\/es\/producto\/illmatic-30th-anniversary-7-box-set-6x-7\/"]}]},{"@type":"ImageObject","inLanguage":"es","@id":"https:\/\/wpguerssen-test.odoo.rgbconsulting.com\/es\/producto\/illmatic-30th-anniversary-7-box-set-6x-7\/#primaryimage","url":"https:\/\/wpguerssen-test.odoo.rgbconsulting.com\/wp-content\/uploads\/2024\/09\/48575.jpg","contentUrl":"https:\/\/wpguerssen-test.odoo.rgbconsulting.com\/wp-content\/uploads\/2024\/09\/48575.jpg","width":550,"height":550},{"@type":"BreadcrumbList","@id":"https:\/\/wpguerssen-test.odoo.rgbconsulting.com\/es\/producto\/illmatic-30th-anniversary-7-box-set-6x-7\/#breadcrumb","itemListElement":[{"@type":"ListItem","position":1,"name":"Inicio","item":"https:\/\/wpguerssen-test.odoo.rgbconsulting.com\/es\/"},{"@type":"ListItem","position":2,"name":"Shop","item":"https:\/\/wpguerssen-test.odoo.rgbconsulting.com\/shop\/"},{"@type":"ListItem","position":3,"name":"Illmatic: 30th Anniversary 7&#8243; Box Set (6x 7&#8243;)"}]},{"@type":"WebSite","@id":"https:\/\/wpguerssen-test.odoo.rgbconsulting.com\/es\/#website","url":"https:\/\/wpguerssen-test.odoo.rgbconsulting.com\/es\/","name":"Guerssen records","description":"psychedelia - progressive - folk - garage ","publisher":{"@id":"https:\/\/wpguerssen-test.odoo.rgbconsulting.com\/es\/#organization"},"potentialAction":[{"@type":"SearchAction","target":{"@type":"EntryPoint","urlTemplate":"https:\/\/wpguerssen-test.odoo.rgbconsulting.com\/es\/?s={search_term_string}"},"query-input":{"@type":"PropertyValueSpecification","valueRequired":true,"valueName":"search_term_string"}}],"inLanguage":"es"},{"@type":"Organization","@id":"https:\/\/wpguerssen-test.odoo.rgbconsulting.com\/es\/#organization","name":"Guerssen records","url":"https:\/\/wpguerssen-test.odoo.rgbconsulting.com\/es\/","logo":{"@type":"ImageObject","inLanguage":"es","@id":"https:\/\/wpguerssen-test.odoo.rgbconsulting.com\/es\/#\/schema\/logo\/image\/","url":"https:\/\/wpguerssen-test.odoo.rgbconsulting.com\/wp-content\/uploads\/2022\/04\/Logo_Guerssen_trans_100.png","contentUrl":"https:\/\/wpguerssen-test.odoo.rgbconsulting.com\/wp-content\/uploads\/2022\/04\/Logo_Guerssen_trans_100.png","width":122,"height":100,"caption":"Guerssen records"},"image":{"@id":"https:\/\/wpguerssen-test.odoo.rgbconsulting.com\/es\/#\/schema\/logo\/image\/"}}]}},"_links":{"self":[{"href":"https:\/\/wpguerssen-test.odoo.rgbconsulting.com\/es\/wp-json\/wp\/v2\/product\/274445","targetHints":{"allow":["GET"]}}],"collection":[{"href":"https:\/\/wpguerssen-test.odoo.rgbconsulting.com\/es\/wp-json\/wp\/v2\/product"}],"about":[{"href":"https:\/\/wpguerssen-test.odoo.rgbconsulting.com\/es\/wp-json\/wp\/v2\/types\/product"}],"wp:featuredmedia":[{"embeddable":true,"href":"https:\/\/wpguerssen-test.odoo.rgbconsulting.com\/es\/wp-json\/wp\/v2\/media\/274435"}],"wp:attachment":[{"href":"https:\/\/wpguerssen-test.odoo.rgbconsulting.com\/es\/wp-json\/wp\/v2\/media?parent=274445"}],"wp:term":[{"taxonomy":"product_brand","embeddable":true,"href":"https:\/\/wpguerssen-test.odoo.rgbconsulting.com\/es\/wp-json\/wp\/v2\/product_brand?post=274445"},{"taxonomy":"product_cat","embeddable":true,"href":"https:\/\/wpguerssen-test.odoo.rgbconsulting.com\/es\/wp-json\/wp\/v2\/product_cat?post=274445"},{"taxonomy":"product_tag","embeddable":true,"href":"https:\/\/wpguerssen-test.odoo.rgbconsulting.com\/es\/wp-json\/wp\/v2\/product_tag?post=274445"}],"curies":[{"name":"wp","href":"https:\/\/api.w.org\/{rel}","templated":true}]}}