{"id":274446,"date":"2024-11-06T00:00:00","date_gmt":"2024-11-05T23:00:00","guid":{"rendered":"https:\/\/wpguerssen-test.odoo.rgbconsulting.com\/product\/trust-the-chain-ii\/"},"modified":"2025-03-03T16:18:07","modified_gmt":"2025-03-03T15:18:07","slug":"trust-the-chain-ii","status":"publish","type":"product","link":"https:\/\/wpguerssen-test.odoo.rgbconsulting.com\/es\/producto\/trust-the-chain-ii\/","title":{"rendered":"Trust The Chain II"},"content":{"rendered":"<p>Planet Asia y 38 Spesh es un equipo al que los fans no saben que lo necesitan hasta que lo consiguen. Cuando Trust The Chain cay\u00f3 en 2020,a los fans se les administr\u00f3 una dosis del ant\u00eddoto. Mientras que Asia siempre est\u00e1 agradable con el micr\u00f3fono, en una forma poco com\u00fan sobre la conmovedora producci\u00f3n de Spesh.<br \/>Por lo tanto, no deber\u00eda sorprender que la secuela, Trust The Chain II, es un salto de nivel una vez m\u00e1s. De hecho, el proyecto est\u00e1 tan lleno de Heat que casi todas las canciones fueron lanzadas como single. Los invitados incluyenKlass Murda, Tristate, The Musalini y A Plus Tha Kid.<\/p>\n","protected":false},"excerpt":{"rendered":"<p>Planet Asia y 38 Spesh es un equipo al que los fans no saben que lo necesitan hasta que lo consiguen. Cuando Trust The Chain cay\u00f3 en 2020,a los fans se les administr\u00f3<a class=\"read\" href=\"https:\/\/wpguerssen-test.odoo.rgbconsulting.com\/es\/producto\/trust-the-chain-ii\/\"> (...)<\/a>","protected":false},"featured_media":274438,"template":"","meta":{"_acf_changed":false},"product_brand":[],"product_cat":[21706],"product_tag":[],"class_list":{"0":"post-274446","1":"product","2":"type-product","3":"status-publish","4":"has-post-thumbnail","6":"product_cat-rap-hip-hop-es","7":"pa_artist-planet-asia-x-38-spesh","8":"pa_format-lp-es","9":"pa_gender-rap-hip-hop","10":"pa_label-tcf-music-group-llc","11":"pa_location-north-america-es","12":"pa_other-filters-vinyl-only-es","14":"first","15":"instock","16":"taxable","17":"shipping-taxable","18":"purchasable","19":"product-type-simple"},"acf":[],"yoast_head":"<!-- This site is optimized with the Yoast SEO plugin v24.9 - https:\/\/yoast.com\/wordpress\/plugins\/seo\/ -->\n<title>PLANET ASIA X 38 SPESH - Trust The Chain II -  (LP) | Guerssen<\/title>\n<meta name=\"description\" content=\"Planet Asia and 38 Spesh is that team-up fans didn&#039;t know theyneeded until they got it. When Trust The Chain dropped in 2020,heads were afforded a dose of the antidote. While Asia is alwaysnice on the mic, he was in rare form over Spesh&#039;s soulful production.So, it should come as no surprise that the sequel, Trust The Chain II,is a level jump once again. In fact, the project is so packed withheat, almost every song was released as a single. Joints like&quot;Checking Traps,&quot; &quot;Crumble Cake,&quot; and &quot;Inertia&quot; have had listenerseagerly anticipating this LP since last year. Guests includeKlass Murda, Tristate, The Musalini, and A Plus Tha Kid.\" \/>\n<meta name=\"robots\" content=\"index, follow, max-snippet:-1, max-image-preview:large, max-video-preview:-1\" \/>\n<link rel=\"canonical\" href=\"https:\/\/wpguerssen-test.odoo.rgbconsulting.com\/es\/producto\/trust-the-chain-ii\/\" \/>\n<meta property=\"og:locale\" content=\"es_ES\" \/>\n<meta property=\"og:type\" content=\"article\" \/>\n<meta property=\"og:title\" content=\"PLANET ASIA X 38 SPESH - Trust The Chain II -  (LP) | Guerssen\" \/>\n<meta property=\"og:description\" content=\"Planet Asia and 38 Spesh is that team-up fans didn&#039;t know theyneeded until they got it. When Trust The Chain dropped in 2020,heads were afforded a dose of the antidote. While Asia is alwaysnice on the mic, he was in rare form over Spesh&#039;s soulful production.So, it should come as no surprise that the sequel, Trust The Chain II,is a level jump once again. In fact, the project is so packed withheat, almost every song was released as a single. Joints like&quot;Checking Traps,&quot; &quot;Crumble Cake,&quot; and &quot;Inertia&quot; have had listenerseagerly anticipating this LP since last year. Guests includeKlass Murda, Tristate, The Musalini, and A Plus Tha Kid.\" \/>\n<meta property=\"og:url\" content=\"https:\/\/wpguerssen-test.odoo.rgbconsulting.com\/es\/producto\/trust-the-chain-ii\/\" \/>\n<meta property=\"og:site_name\" content=\"Guerssen records\" \/>\n<meta property=\"article:modified_time\" content=\"2025-03-03T15:18:07+00:00\" \/>\n<meta property=\"og:image\" content=\"https:\/\/wpguerssen-test.odoo.rgbconsulting.com\/wp-content\/uploads\/2024\/09\/48576.jpg\" \/>\n\t<meta property=\"og:image:width\" content=\"371\" \/>\n\t<meta property=\"og:image:height\" content=\"283\" \/>\n\t<meta property=\"og:image:type\" content=\"image\/jpeg\" \/>\n<meta name=\"twitter:card\" content=\"summary_large_image\" \/>\n<meta name=\"twitter:title\" content=\"PLANET ASIA X 38 SPESH - Trust The Chain II -  (LP) | Guerssen\" \/>\n<meta name=\"twitter:label1\" content=\"Tiempo de lectura\" \/>\n\t<meta name=\"twitter:data1\" content=\"1 minuto\" \/>\n<script type=\"application\/ld+json\" class=\"yoast-schema-graph\">{\"@context\":\"https:\/\/schema.org\",\"@graph\":[{\"@type\":\"WebPage\",\"@id\":\"https:\/\/wpguerssen-test.odoo.rgbconsulting.com\/es\/producto\/trust-the-chain-ii\/\",\"url\":\"https:\/\/wpguerssen-test.odoo.rgbconsulting.com\/es\/producto\/trust-the-chain-ii\/\",\"name\":\"PLANET ASIA X 38 SPESH - Trust The Chain II - (LP) | Guerssen\",\"isPartOf\":{\"@id\":\"https:\/\/wpguerssen-test.odoo.rgbconsulting.com\/es\/#website\"},\"primaryImageOfPage\":{\"@id\":\"https:\/\/wpguerssen-test.odoo.rgbconsulting.com\/es\/producto\/trust-the-chain-ii\/#primaryimage\"},\"image\":{\"@id\":\"https:\/\/wpguerssen-test.odoo.rgbconsulting.com\/es\/producto\/trust-the-chain-ii\/#primaryimage\"},\"thumbnailUrl\":\"https:\/\/wpguerssen-test.odoo.rgbconsulting.com\/wp-content\/uploads\/2024\/09\/48576.jpg\",\"datePublished\":\"2024-11-05T23:00:00+00:00\",\"dateModified\":\"2025-03-03T15:18:07+00:00\",\"description\":\"Planet Asia and 38 Spesh is that team-up fans didn't know theyneeded until they got it. When Trust The Chain dropped in 2020,heads were afforded a dose of the antidote. While Asia is alwaysnice on the mic, he was in rare form over Spesh's soulful production.So, it should come as no surprise that the sequel, Trust The Chain II,is a level jump once again. In fact, the project is so packed withheat, almost every song was released as a single. Joints like\\\"Checking Traps,\\\" \\\"Crumble Cake,\\\" and \\\"Inertia\\\" have had listenerseagerly anticipating this LP since last year. Guests includeKlass Murda, Tristate, The Musalini, and A Plus Tha Kid.\",\"breadcrumb\":{\"@id\":\"https:\/\/wpguerssen-test.odoo.rgbconsulting.com\/es\/producto\/trust-the-chain-ii\/#breadcrumb\"},\"inLanguage\":\"es\",\"potentialAction\":[{\"@type\":\"ReadAction\",\"target\":[\"https:\/\/wpguerssen-test.odoo.rgbconsulting.com\/es\/producto\/trust-the-chain-ii\/\"]}]},{\"@type\":\"ImageObject\",\"inLanguage\":\"es\",\"@id\":\"https:\/\/wpguerssen-test.odoo.rgbconsulting.com\/es\/producto\/trust-the-chain-ii\/#primaryimage\",\"url\":\"https:\/\/wpguerssen-test.odoo.rgbconsulting.com\/wp-content\/uploads\/2024\/09\/48576.jpg\",\"contentUrl\":\"https:\/\/wpguerssen-test.odoo.rgbconsulting.com\/wp-content\/uploads\/2024\/09\/48576.jpg\",\"width\":371,\"height\":283},{\"@type\":\"BreadcrumbList\",\"@id\":\"https:\/\/wpguerssen-test.odoo.rgbconsulting.com\/es\/producto\/trust-the-chain-ii\/#breadcrumb\",\"itemListElement\":[{\"@type\":\"ListItem\",\"position\":1,\"name\":\"Inicio\",\"item\":\"https:\/\/wpguerssen-test.odoo.rgbconsulting.com\/es\/\"},{\"@type\":\"ListItem\",\"position\":2,\"name\":\"Shop\",\"item\":\"https:\/\/wpguerssen-test.odoo.rgbconsulting.com\/shop\/\"},{\"@type\":\"ListItem\",\"position\":3,\"name\":\"Trust The Chain II\"}]},{\"@type\":\"WebSite\",\"@id\":\"https:\/\/wpguerssen-test.odoo.rgbconsulting.com\/es\/#website\",\"url\":\"https:\/\/wpguerssen-test.odoo.rgbconsulting.com\/es\/\",\"name\":\"Guerssen records\",\"description\":\"psychedelia - progressive - folk - garage \",\"publisher\":{\"@id\":\"https:\/\/wpguerssen-test.odoo.rgbconsulting.com\/es\/#organization\"},\"potentialAction\":[{\"@type\":\"SearchAction\",\"target\":{\"@type\":\"EntryPoint\",\"urlTemplate\":\"https:\/\/wpguerssen-test.odoo.rgbconsulting.com\/es\/?s={search_term_string}\"},\"query-input\":{\"@type\":\"PropertyValueSpecification\",\"valueRequired\":true,\"valueName\":\"search_term_string\"}}],\"inLanguage\":\"es\"},{\"@type\":\"Organization\",\"@id\":\"https:\/\/wpguerssen-test.odoo.rgbconsulting.com\/es\/#organization\",\"name\":\"Guerssen records\",\"url\":\"https:\/\/wpguerssen-test.odoo.rgbconsulting.com\/es\/\",\"logo\":{\"@type\":\"ImageObject\",\"inLanguage\":\"es\",\"@id\":\"https:\/\/wpguerssen-test.odoo.rgbconsulting.com\/es\/#\/schema\/logo\/image\/\",\"url\":\"https:\/\/wpguerssen-test.odoo.rgbconsulting.com\/wp-content\/uploads\/2022\/04\/Logo_Guerssen_trans_100.png\",\"contentUrl\":\"https:\/\/wpguerssen-test.odoo.rgbconsulting.com\/wp-content\/uploads\/2022\/04\/Logo_Guerssen_trans_100.png\",\"width\":122,\"height\":100,\"caption\":\"Guerssen records\"},\"image\":{\"@id\":\"https:\/\/wpguerssen-test.odoo.rgbconsulting.com\/es\/#\/schema\/logo\/image\/\"}}]}<\/script>\n<!-- \/ Yoast SEO plugin. -->","yoast_head_json":{"title":"PLANET ASIA X 38 SPESH - Trust The Chain II -  (LP) | Guerssen","description":"Planet Asia and 38 Spesh is that team-up fans didn't know theyneeded until they got it. When Trust The Chain dropped in 2020,heads were afforded a dose of the antidote. While Asia is alwaysnice on the mic, he was in rare form over Spesh's soulful production.So, it should come as no surprise that the sequel, Trust The Chain II,is a level jump once again. In fact, the project is so packed withheat, almost every song was released as a single. Joints like\"Checking Traps,\" \"Crumble Cake,\" and \"Inertia\" have had listenerseagerly anticipating this LP since last year. Guests includeKlass Murda, Tristate, The Musalini, and A Plus Tha Kid.","robots":{"index":"index","follow":"follow","max-snippet":"max-snippet:-1","max-image-preview":"max-image-preview:large","max-video-preview":"max-video-preview:-1"},"canonical":"https:\/\/wpguerssen-test.odoo.rgbconsulting.com\/es\/producto\/trust-the-chain-ii\/","og_locale":"es_ES","og_type":"article","og_title":"PLANET ASIA X 38 SPESH - Trust The Chain II -  (LP) | Guerssen","og_description":"Planet Asia and 38 Spesh is that team-up fans didn't know theyneeded until they got it. When Trust The Chain dropped in 2020,heads were afforded a dose of the antidote. While Asia is alwaysnice on the mic, he was in rare form over Spesh's soulful production.So, it should come as no surprise that the sequel, Trust The Chain II,is a level jump once again. In fact, the project is so packed withheat, almost every song was released as a single. Joints like\"Checking Traps,\" \"Crumble Cake,\" and \"Inertia\" have had listenerseagerly anticipating this LP since last year. Guests includeKlass Murda, Tristate, The Musalini, and A Plus Tha Kid.","og_url":"https:\/\/wpguerssen-test.odoo.rgbconsulting.com\/es\/producto\/trust-the-chain-ii\/","og_site_name":"Guerssen records","article_modified_time":"2025-03-03T15:18:07+00:00","og_image":[{"width":371,"height":283,"url":"https:\/\/wpguerssen-test.odoo.rgbconsulting.com\/wp-content\/uploads\/2024\/09\/48576.jpg","type":"image\/jpeg"}],"twitter_card":"summary_large_image","twitter_title":"PLANET ASIA X 38 SPESH - Trust The Chain II -  (LP) | Guerssen","twitter_misc":{"Tiempo de lectura":"1 minuto"},"schema":{"@context":"https:\/\/schema.org","@graph":[{"@type":"WebPage","@id":"https:\/\/wpguerssen-test.odoo.rgbconsulting.com\/es\/producto\/trust-the-chain-ii\/","url":"https:\/\/wpguerssen-test.odoo.rgbconsulting.com\/es\/producto\/trust-the-chain-ii\/","name":"PLANET ASIA X 38 SPESH - Trust The Chain II - (LP) | Guerssen","isPartOf":{"@id":"https:\/\/wpguerssen-test.odoo.rgbconsulting.com\/es\/#website"},"primaryImageOfPage":{"@id":"https:\/\/wpguerssen-test.odoo.rgbconsulting.com\/es\/producto\/trust-the-chain-ii\/#primaryimage"},"image":{"@id":"https:\/\/wpguerssen-test.odoo.rgbconsulting.com\/es\/producto\/trust-the-chain-ii\/#primaryimage"},"thumbnailUrl":"https:\/\/wpguerssen-test.odoo.rgbconsulting.com\/wp-content\/uploads\/2024\/09\/48576.jpg","datePublished":"2024-11-05T23:00:00+00:00","dateModified":"2025-03-03T15:18:07+00:00","description":"Planet Asia and 38 Spesh is that team-up fans didn't know theyneeded until they got it. When Trust The Chain dropped in 2020,heads were afforded a dose of the antidote. While Asia is alwaysnice on the mic, he was in rare form over Spesh's soulful production.So, it should come as no surprise that the sequel, Trust The Chain II,is a level jump once again. In fact, the project is so packed withheat, almost every song was released as a single. Joints like\"Checking Traps,\" \"Crumble Cake,\" and \"Inertia\" have had listenerseagerly anticipating this LP since last year. Guests includeKlass Murda, Tristate, The Musalini, and A Plus Tha Kid.","breadcrumb":{"@id":"https:\/\/wpguerssen-test.odoo.rgbconsulting.com\/es\/producto\/trust-the-chain-ii\/#breadcrumb"},"inLanguage":"es","potentialAction":[{"@type":"ReadAction","target":["https:\/\/wpguerssen-test.odoo.rgbconsulting.com\/es\/producto\/trust-the-chain-ii\/"]}]},{"@type":"ImageObject","inLanguage":"es","@id":"https:\/\/wpguerssen-test.odoo.rgbconsulting.com\/es\/producto\/trust-the-chain-ii\/#primaryimage","url":"https:\/\/wpguerssen-test.odoo.rgbconsulting.com\/wp-content\/uploads\/2024\/09\/48576.jpg","contentUrl":"https:\/\/wpguerssen-test.odoo.rgbconsulting.com\/wp-content\/uploads\/2024\/09\/48576.jpg","width":371,"height":283},{"@type":"BreadcrumbList","@id":"https:\/\/wpguerssen-test.odoo.rgbconsulting.com\/es\/producto\/trust-the-chain-ii\/#breadcrumb","itemListElement":[{"@type":"ListItem","position":1,"name":"Inicio","item":"https:\/\/wpguerssen-test.odoo.rgbconsulting.com\/es\/"},{"@type":"ListItem","position":2,"name":"Shop","item":"https:\/\/wpguerssen-test.odoo.rgbconsulting.com\/shop\/"},{"@type":"ListItem","position":3,"name":"Trust The Chain II"}]},{"@type":"WebSite","@id":"https:\/\/wpguerssen-test.odoo.rgbconsulting.com\/es\/#website","url":"https:\/\/wpguerssen-test.odoo.rgbconsulting.com\/es\/","name":"Guerssen records","description":"psychedelia - progressive - folk - garage ","publisher":{"@id":"https:\/\/wpguerssen-test.odoo.rgbconsulting.com\/es\/#organization"},"potentialAction":[{"@type":"SearchAction","target":{"@type":"EntryPoint","urlTemplate":"https:\/\/wpguerssen-test.odoo.rgbconsulting.com\/es\/?s={search_term_string}"},"query-input":{"@type":"PropertyValueSpecification","valueRequired":true,"valueName":"search_term_string"}}],"inLanguage":"es"},{"@type":"Organization","@id":"https:\/\/wpguerssen-test.odoo.rgbconsulting.com\/es\/#organization","name":"Guerssen records","url":"https:\/\/wpguerssen-test.odoo.rgbconsulting.com\/es\/","logo":{"@type":"ImageObject","inLanguage":"es","@id":"https:\/\/wpguerssen-test.odoo.rgbconsulting.com\/es\/#\/schema\/logo\/image\/","url":"https:\/\/wpguerssen-test.odoo.rgbconsulting.com\/wp-content\/uploads\/2022\/04\/Logo_Guerssen_trans_100.png","contentUrl":"https:\/\/wpguerssen-test.odoo.rgbconsulting.com\/wp-content\/uploads\/2022\/04\/Logo_Guerssen_trans_100.png","width":122,"height":100,"caption":"Guerssen records"},"image":{"@id":"https:\/\/wpguerssen-test.odoo.rgbconsulting.com\/es\/#\/schema\/logo\/image\/"}}]}},"_links":{"self":[{"href":"https:\/\/wpguerssen-test.odoo.rgbconsulting.com\/es\/wp-json\/wp\/v2\/product\/274446","targetHints":{"allow":["GET"]}}],"collection":[{"href":"https:\/\/wpguerssen-test.odoo.rgbconsulting.com\/es\/wp-json\/wp\/v2\/product"}],"about":[{"href":"https:\/\/wpguerssen-test.odoo.rgbconsulting.com\/es\/wp-json\/wp\/v2\/types\/product"}],"wp:featuredmedia":[{"embeddable":true,"href":"https:\/\/wpguerssen-test.odoo.rgbconsulting.com\/es\/wp-json\/wp\/v2\/media\/274438"}],"wp:attachment":[{"href":"https:\/\/wpguerssen-test.odoo.rgbconsulting.com\/es\/wp-json\/wp\/v2\/media?parent=274446"}],"wp:term":[{"taxonomy":"product_brand","embeddable":true,"href":"https:\/\/wpguerssen-test.odoo.rgbconsulting.com\/es\/wp-json\/wp\/v2\/product_brand?post=274446"},{"taxonomy":"product_cat","embeddable":true,"href":"https:\/\/wpguerssen-test.odoo.rgbconsulting.com\/es\/wp-json\/wp\/v2\/product_cat?post=274446"},{"taxonomy":"product_tag","embeddable":true,"href":"https:\/\/wpguerssen-test.odoo.rgbconsulting.com\/es\/wp-json\/wp\/v2\/product_tag?post=274446"}],"curies":[{"name":"wp","href":"https:\/\/api.w.org\/{rel}","templated":true}]}}