{"id":274528,"date":"2025-03-19T00:00:00","date_gmt":"2025-03-18T23:00:00","guid":{"rendered":"https:\/\/wpguerssen-test.odoo.rgbconsulting.com\/product\/fresh-maggots\/"},"modified":"2025-04-14T16:20:31","modified_gmt":"2025-04-14T14:20:31","slug":"fresh-maggots","status":"publish","type":"product","link":"https:\/\/wpguerssen-test.odoo.rgbconsulting.com\/es\/producto\/fresh-maggots\/","title":{"rendered":"Fresh maggots"},"content":{"rendered":"<p>Establecido desde hace mucho tiempo como un cl\u00e1sico de culto y el grial de los coleccionistas, el \u00fanico \u00e1lbum de Mick Burgoyne y Leigh Dolphin se presenta aqu\u00ed con su total cooperaci\u00f3n. Grabado en 1971, cuando solo ten\u00edan 19 a\u00f1os y reci\u00e9n llegados al estudio, Fresh Maggots es una de las mejores destilaciones de folk y psicodelia jam\u00e1s grabadas. Combinando canciones suaves y pastorales con una guitarra fuzz violenta, es un disco muy inusual y poderoso que goz\u00f3 de una aclamaci\u00f3n extravagante en su lanzamiento y que ha adquirido una gran reputaci\u00f3n entre los fan\u00e1ticos del folk \u00e1cido.<br \/>\u00abEl d\u00fao de folk-rock brit\u00e1nico de Mick Burgoyne y Leigh Dolphin ten\u00edan s\u00f3lo 19 a\u00f1os cuando sali\u00f3 su \u00fanico \u00e1lbum hom\u00f3nimo en 1971. Compuesto \u00edntegramente por material original, el LP tiene una admirable variedad de texturas, agregando algo de guitarra el\u00e9ctrica muy distorsionada y orquestaci\u00f3n alrededor de una guitarra ac\u00fastica base\u00bb &#8211; Richie Unterberger, allmusic.com \u00abNo hay eslabones d\u00e9biles en este consistente \u00e1lbum, que es totalmente recomendable\u00bb &#8211; The Tapestry Of Delights.<\/p>\n","protected":false},"excerpt":{"rendered":"<p>Establecido desde hace mucho tiempo como un cl\u00e1sico de culto y el grial de los coleccionistas, el \u00fanico \u00e1lbum de Mick Burgoyne y Leigh Dolphin se presenta aqu\u00ed<a class=\"read\" href=\"https:\/\/wpguerssen-test.odoo.rgbconsulting.com\/es\/producto\/fresh-maggots\/\"> (...)<\/a>","protected":false},"featured_media":274482,"template":"","meta":{"_acf_changed":false},"product_brand":[],"product_cat":[21639,23274],"product_tag":[24185],"class_list":{"0":"post-274528","1":"product","2":"type-product","3":"status-publish","4":"has-post-thumbnail","6":"product_cat-psychedelic60s-70s-es","7":"product_cat-folk-rock-60s-70s-es","8":"product_tag-de-nuevo-en-existencia","9":"pa_artist-fresh-maggots","10":"pa_format-lp-es","11":"pa_gender-folk-rock-60s-70s-psychedelic60s-70s","12":"pa_label-sunbeam","13":"pa_location-uk-ireland-es","14":"pa_other-filters-vinyl-only-es","16":"first","17":"instock","18":"taxable","19":"shipping-taxable","20":"purchasable","21":"product-type-simple"},"acf":[],"yoast_head":"<!-- This site is optimized with the Yoast SEO plugin v24.9 - https:\/\/yoast.com\/wordpress\/plugins\/seo\/ -->\n<title>FRESH MAGGOTS - Fresh maggots -  (LP) | Guerssen<\/title>\n<meta name=\"description\" content=\"Long established as a cult classic and collector&#039;s grail, Mick Burgoyne and Leigh Dolphin&#039;s sole album is presented here with their full co-operation. Recorded in 1971 when they were just 19 years old and fresh to the studio, Fresh Maggots is one of the best distillations of folk and psychedelia ever recorded. Combining gentle, pastoral songs with violent fuzz guitar, it&#039;s a highly unusual and powerful record that enjoyed extravagant acclaim on release, and has gone on to acquire a major reputation amongst acid folk fans.&quot;The British folk-rock duo of Mick Burgoyne and Leigh Dolphin were just 19 years of age when their sole, self-titled album came out in 1971. Comprised entirely of original material, the LP has an admirable array of textures, adding some heavily distorted electric guitar and orchestration around an acoustic guitar base&quot; - Richie Unterberger, allmusic.com &quot;There are no weak links on this consistent album, which is thoroughly recommended&quot;- The Tapestry Of Delights.\" \/>\n<meta name=\"robots\" content=\"index, follow, max-snippet:-1, max-image-preview:large, max-video-preview:-1\" \/>\n<link rel=\"canonical\" href=\"https:\/\/wpguerssen-test.odoo.rgbconsulting.com\/es\/producto\/fresh-maggots\/\" \/>\n<meta property=\"og:locale\" content=\"es_ES\" \/>\n<meta property=\"og:type\" content=\"article\" \/>\n<meta property=\"og:title\" content=\"FRESH MAGGOTS - Fresh maggots -  (LP) | Guerssen\" \/>\n<meta property=\"og:description\" content=\"Long established as a cult classic and collector&#039;s grail, Mick Burgoyne and Leigh Dolphin&#039;s sole album is presented here with their full co-operation. Recorded in 1971 when they were just 19 years old and fresh to the studio, Fresh Maggots is one of the best distillations of folk and psychedelia ever recorded. Combining gentle, pastoral songs with violent fuzz guitar, it&#039;s a highly unusual and powerful record that enjoyed extravagant acclaim on release, and has gone on to acquire a major reputation amongst acid folk fans.&quot;The British folk-rock duo of Mick Burgoyne and Leigh Dolphin were just 19 years of age when their sole, self-titled album came out in 1971. Comprised entirely of original material, the LP has an admirable array of textures, adding some heavily distorted electric guitar and orchestration around an acoustic guitar base&quot; - Richie Unterberger, allmusic.com &quot;There are no weak links on this consistent album, which is thoroughly recommended&quot;- The Tapestry Of Delights.\" \/>\n<meta property=\"og:url\" content=\"https:\/\/wpguerssen-test.odoo.rgbconsulting.com\/es\/producto\/fresh-maggots\/\" \/>\n<meta property=\"og:site_name\" content=\"Guerssen records\" \/>\n<meta property=\"article:modified_time\" content=\"2025-04-14T14:20:31+00:00\" \/>\n<meta property=\"og:image\" content=\"https:\/\/wpguerssen-test.odoo.rgbconsulting.com\/wp-content\/uploads\/2024\/09\/48585.jpg\" \/>\n\t<meta property=\"og:image:width\" content=\"500\" \/>\n\t<meta property=\"og:image:height\" content=\"492\" \/>\n\t<meta property=\"og:image:type\" content=\"image\/jpeg\" \/>\n<meta name=\"twitter:card\" content=\"summary_large_image\" \/>\n<meta name=\"twitter:title\" content=\"FRESH MAGGOTS - Fresh maggots -  (LP) | Guerssen\" \/>\n<meta name=\"twitter:label1\" content=\"Tiempo de lectura\" \/>\n\t<meta name=\"twitter:data1\" content=\"1 minuto\" \/>\n<script type=\"application\/ld+json\" class=\"yoast-schema-graph\">{\"@context\":\"https:\/\/schema.org\",\"@graph\":[{\"@type\":\"WebPage\",\"@id\":\"https:\/\/wpguerssen-test.odoo.rgbconsulting.com\/es\/producto\/fresh-maggots\/\",\"url\":\"https:\/\/wpguerssen-test.odoo.rgbconsulting.com\/es\/producto\/fresh-maggots\/\",\"name\":\"FRESH MAGGOTS - Fresh maggots - (LP) | Guerssen\",\"isPartOf\":{\"@id\":\"https:\/\/wpguerssen-test.odoo.rgbconsulting.com\/es\/#website\"},\"primaryImageOfPage\":{\"@id\":\"https:\/\/wpguerssen-test.odoo.rgbconsulting.com\/es\/producto\/fresh-maggots\/#primaryimage\"},\"image\":{\"@id\":\"https:\/\/wpguerssen-test.odoo.rgbconsulting.com\/es\/producto\/fresh-maggots\/#primaryimage\"},\"thumbnailUrl\":\"https:\/\/wpguerssen-test.odoo.rgbconsulting.com\/wp-content\/uploads\/2024\/09\/48585.jpg\",\"datePublished\":\"2025-03-18T23:00:00+00:00\",\"dateModified\":\"2025-04-14T14:20:31+00:00\",\"description\":\"Long established as a cult classic and collector's grail, Mick Burgoyne and Leigh Dolphin's sole album is presented here with their full co-operation. Recorded in 1971 when they were just 19 years old and fresh to the studio, Fresh Maggots is one of the best distillations of folk and psychedelia ever recorded. Combining gentle, pastoral songs with violent fuzz guitar, it's a highly unusual and powerful record that enjoyed extravagant acclaim on release, and has gone on to acquire a major reputation amongst acid folk fans.\\\"The British folk-rock duo of Mick Burgoyne and Leigh Dolphin were just 19 years of age when their sole, self-titled album came out in 1971. Comprised entirely of original material, the LP has an admirable array of textures, adding some heavily distorted electric guitar and orchestration around an acoustic guitar base\\\" - Richie Unterberger, allmusic.com \\\"There are no weak links on this consistent album, which is thoroughly recommended\\\"- The Tapestry Of Delights.\",\"breadcrumb\":{\"@id\":\"https:\/\/wpguerssen-test.odoo.rgbconsulting.com\/es\/producto\/fresh-maggots\/#breadcrumb\"},\"inLanguage\":\"es\",\"potentialAction\":[{\"@type\":\"ReadAction\",\"target\":[\"https:\/\/wpguerssen-test.odoo.rgbconsulting.com\/es\/producto\/fresh-maggots\/\"]}]},{\"@type\":\"ImageObject\",\"inLanguage\":\"es\",\"@id\":\"https:\/\/wpguerssen-test.odoo.rgbconsulting.com\/es\/producto\/fresh-maggots\/#primaryimage\",\"url\":\"https:\/\/wpguerssen-test.odoo.rgbconsulting.com\/wp-content\/uploads\/2024\/09\/48585.jpg\",\"contentUrl\":\"https:\/\/wpguerssen-test.odoo.rgbconsulting.com\/wp-content\/uploads\/2024\/09\/48585.jpg\",\"width\":500,\"height\":492},{\"@type\":\"BreadcrumbList\",\"@id\":\"https:\/\/wpguerssen-test.odoo.rgbconsulting.com\/es\/producto\/fresh-maggots\/#breadcrumb\",\"itemListElement\":[{\"@type\":\"ListItem\",\"position\":1,\"name\":\"Inicio\",\"item\":\"https:\/\/wpguerssen-test.odoo.rgbconsulting.com\/es\/\"},{\"@type\":\"ListItem\",\"position\":2,\"name\":\"Shop\",\"item\":\"https:\/\/wpguerssen-test.odoo.rgbconsulting.com\/shop\/\"},{\"@type\":\"ListItem\",\"position\":3,\"name\":\"Fresh maggots\"}]},{\"@type\":\"WebSite\",\"@id\":\"https:\/\/wpguerssen-test.odoo.rgbconsulting.com\/es\/#website\",\"url\":\"https:\/\/wpguerssen-test.odoo.rgbconsulting.com\/es\/\",\"name\":\"Guerssen records\",\"description\":\"psychedelia - progressive - folk - garage \",\"publisher\":{\"@id\":\"https:\/\/wpguerssen-test.odoo.rgbconsulting.com\/es\/#organization\"},\"potentialAction\":[{\"@type\":\"SearchAction\",\"target\":{\"@type\":\"EntryPoint\",\"urlTemplate\":\"https:\/\/wpguerssen-test.odoo.rgbconsulting.com\/es\/?s={search_term_string}\"},\"query-input\":{\"@type\":\"PropertyValueSpecification\",\"valueRequired\":true,\"valueName\":\"search_term_string\"}}],\"inLanguage\":\"es\"},{\"@type\":\"Organization\",\"@id\":\"https:\/\/wpguerssen-test.odoo.rgbconsulting.com\/es\/#organization\",\"name\":\"Guerssen records\",\"url\":\"https:\/\/wpguerssen-test.odoo.rgbconsulting.com\/es\/\",\"logo\":{\"@type\":\"ImageObject\",\"inLanguage\":\"es\",\"@id\":\"https:\/\/wpguerssen-test.odoo.rgbconsulting.com\/es\/#\/schema\/logo\/image\/\",\"url\":\"https:\/\/wpguerssen-test.odoo.rgbconsulting.com\/wp-content\/uploads\/2022\/04\/Logo_Guerssen_trans_100.png\",\"contentUrl\":\"https:\/\/wpguerssen-test.odoo.rgbconsulting.com\/wp-content\/uploads\/2022\/04\/Logo_Guerssen_trans_100.png\",\"width\":122,\"height\":100,\"caption\":\"Guerssen records\"},\"image\":{\"@id\":\"https:\/\/wpguerssen-test.odoo.rgbconsulting.com\/es\/#\/schema\/logo\/image\/\"}}]}<\/script>\n<!-- \/ Yoast SEO plugin. -->","yoast_head_json":{"title":"FRESH MAGGOTS - Fresh maggots -  (LP) | Guerssen","description":"Long established as a cult classic and collector's grail, Mick Burgoyne and Leigh Dolphin's sole album is presented here with their full co-operation. Recorded in 1971 when they were just 19 years old and fresh to the studio, Fresh Maggots is one of the best distillations of folk and psychedelia ever recorded. Combining gentle, pastoral songs with violent fuzz guitar, it's a highly unusual and powerful record that enjoyed extravagant acclaim on release, and has gone on to acquire a major reputation amongst acid folk fans.\"The British folk-rock duo of Mick Burgoyne and Leigh Dolphin were just 19 years of age when their sole, self-titled album came out in 1971. Comprised entirely of original material, the LP has an admirable array of textures, adding some heavily distorted electric guitar and orchestration around an acoustic guitar base\" - Richie Unterberger, allmusic.com \"There are no weak links on this consistent album, which is thoroughly recommended\"- The Tapestry Of Delights.","robots":{"index":"index","follow":"follow","max-snippet":"max-snippet:-1","max-image-preview":"max-image-preview:large","max-video-preview":"max-video-preview:-1"},"canonical":"https:\/\/wpguerssen-test.odoo.rgbconsulting.com\/es\/producto\/fresh-maggots\/","og_locale":"es_ES","og_type":"article","og_title":"FRESH MAGGOTS - Fresh maggots -  (LP) | Guerssen","og_description":"Long established as a cult classic and collector's grail, Mick Burgoyne and Leigh Dolphin's sole album is presented here with their full co-operation. Recorded in 1971 when they were just 19 years old and fresh to the studio, Fresh Maggots is one of the best distillations of folk and psychedelia ever recorded. Combining gentle, pastoral songs with violent fuzz guitar, it's a highly unusual and powerful record that enjoyed extravagant acclaim on release, and has gone on to acquire a major reputation amongst acid folk fans.\"The British folk-rock duo of Mick Burgoyne and Leigh Dolphin were just 19 years of age when their sole, self-titled album came out in 1971. Comprised entirely of original material, the LP has an admirable array of textures, adding some heavily distorted electric guitar and orchestration around an acoustic guitar base\" - Richie Unterberger, allmusic.com \"There are no weak links on this consistent album, which is thoroughly recommended\"- The Tapestry Of Delights.","og_url":"https:\/\/wpguerssen-test.odoo.rgbconsulting.com\/es\/producto\/fresh-maggots\/","og_site_name":"Guerssen records","article_modified_time":"2025-04-14T14:20:31+00:00","og_image":[{"width":500,"height":492,"url":"https:\/\/wpguerssen-test.odoo.rgbconsulting.com\/wp-content\/uploads\/2024\/09\/48585.jpg","type":"image\/jpeg"}],"twitter_card":"summary_large_image","twitter_title":"FRESH MAGGOTS - Fresh maggots -  (LP) | Guerssen","twitter_misc":{"Tiempo de lectura":"1 minuto"},"schema":{"@context":"https:\/\/schema.org","@graph":[{"@type":"WebPage","@id":"https:\/\/wpguerssen-test.odoo.rgbconsulting.com\/es\/producto\/fresh-maggots\/","url":"https:\/\/wpguerssen-test.odoo.rgbconsulting.com\/es\/producto\/fresh-maggots\/","name":"FRESH MAGGOTS - Fresh maggots - (LP) | Guerssen","isPartOf":{"@id":"https:\/\/wpguerssen-test.odoo.rgbconsulting.com\/es\/#website"},"primaryImageOfPage":{"@id":"https:\/\/wpguerssen-test.odoo.rgbconsulting.com\/es\/producto\/fresh-maggots\/#primaryimage"},"image":{"@id":"https:\/\/wpguerssen-test.odoo.rgbconsulting.com\/es\/producto\/fresh-maggots\/#primaryimage"},"thumbnailUrl":"https:\/\/wpguerssen-test.odoo.rgbconsulting.com\/wp-content\/uploads\/2024\/09\/48585.jpg","datePublished":"2025-03-18T23:00:00+00:00","dateModified":"2025-04-14T14:20:31+00:00","description":"Long established as a cult classic and collector's grail, Mick Burgoyne and Leigh Dolphin's sole album is presented here with their full co-operation. Recorded in 1971 when they were just 19 years old and fresh to the studio, Fresh Maggots is one of the best distillations of folk and psychedelia ever recorded. Combining gentle, pastoral songs with violent fuzz guitar, it's a highly unusual and powerful record that enjoyed extravagant acclaim on release, and has gone on to acquire a major reputation amongst acid folk fans.\"The British folk-rock duo of Mick Burgoyne and Leigh Dolphin were just 19 years of age when their sole, self-titled album came out in 1971. Comprised entirely of original material, the LP has an admirable array of textures, adding some heavily distorted electric guitar and orchestration around an acoustic guitar base\" - Richie Unterberger, allmusic.com \"There are no weak links on this consistent album, which is thoroughly recommended\"- The Tapestry Of Delights.","breadcrumb":{"@id":"https:\/\/wpguerssen-test.odoo.rgbconsulting.com\/es\/producto\/fresh-maggots\/#breadcrumb"},"inLanguage":"es","potentialAction":[{"@type":"ReadAction","target":["https:\/\/wpguerssen-test.odoo.rgbconsulting.com\/es\/producto\/fresh-maggots\/"]}]},{"@type":"ImageObject","inLanguage":"es","@id":"https:\/\/wpguerssen-test.odoo.rgbconsulting.com\/es\/producto\/fresh-maggots\/#primaryimage","url":"https:\/\/wpguerssen-test.odoo.rgbconsulting.com\/wp-content\/uploads\/2024\/09\/48585.jpg","contentUrl":"https:\/\/wpguerssen-test.odoo.rgbconsulting.com\/wp-content\/uploads\/2024\/09\/48585.jpg","width":500,"height":492},{"@type":"BreadcrumbList","@id":"https:\/\/wpguerssen-test.odoo.rgbconsulting.com\/es\/producto\/fresh-maggots\/#breadcrumb","itemListElement":[{"@type":"ListItem","position":1,"name":"Inicio","item":"https:\/\/wpguerssen-test.odoo.rgbconsulting.com\/es\/"},{"@type":"ListItem","position":2,"name":"Shop","item":"https:\/\/wpguerssen-test.odoo.rgbconsulting.com\/shop\/"},{"@type":"ListItem","position":3,"name":"Fresh maggots"}]},{"@type":"WebSite","@id":"https:\/\/wpguerssen-test.odoo.rgbconsulting.com\/es\/#website","url":"https:\/\/wpguerssen-test.odoo.rgbconsulting.com\/es\/","name":"Guerssen records","description":"psychedelia - progressive - folk - garage ","publisher":{"@id":"https:\/\/wpguerssen-test.odoo.rgbconsulting.com\/es\/#organization"},"potentialAction":[{"@type":"SearchAction","target":{"@type":"EntryPoint","urlTemplate":"https:\/\/wpguerssen-test.odoo.rgbconsulting.com\/es\/?s={search_term_string}"},"query-input":{"@type":"PropertyValueSpecification","valueRequired":true,"valueName":"search_term_string"}}],"inLanguage":"es"},{"@type":"Organization","@id":"https:\/\/wpguerssen-test.odoo.rgbconsulting.com\/es\/#organization","name":"Guerssen records","url":"https:\/\/wpguerssen-test.odoo.rgbconsulting.com\/es\/","logo":{"@type":"ImageObject","inLanguage":"es","@id":"https:\/\/wpguerssen-test.odoo.rgbconsulting.com\/es\/#\/schema\/logo\/image\/","url":"https:\/\/wpguerssen-test.odoo.rgbconsulting.com\/wp-content\/uploads\/2022\/04\/Logo_Guerssen_trans_100.png","contentUrl":"https:\/\/wpguerssen-test.odoo.rgbconsulting.com\/wp-content\/uploads\/2022\/04\/Logo_Guerssen_trans_100.png","width":122,"height":100,"caption":"Guerssen records"},"image":{"@id":"https:\/\/wpguerssen-test.odoo.rgbconsulting.com\/es\/#\/schema\/logo\/image\/"}}]}},"_links":{"self":[{"href":"https:\/\/wpguerssen-test.odoo.rgbconsulting.com\/es\/wp-json\/wp\/v2\/product\/274528","targetHints":{"allow":["GET"]}}],"collection":[{"href":"https:\/\/wpguerssen-test.odoo.rgbconsulting.com\/es\/wp-json\/wp\/v2\/product"}],"about":[{"href":"https:\/\/wpguerssen-test.odoo.rgbconsulting.com\/es\/wp-json\/wp\/v2\/types\/product"}],"wp:featuredmedia":[{"embeddable":true,"href":"https:\/\/wpguerssen-test.odoo.rgbconsulting.com\/es\/wp-json\/wp\/v2\/media\/274482"}],"wp:attachment":[{"href":"https:\/\/wpguerssen-test.odoo.rgbconsulting.com\/es\/wp-json\/wp\/v2\/media?parent=274528"}],"wp:term":[{"taxonomy":"product_brand","embeddable":true,"href":"https:\/\/wpguerssen-test.odoo.rgbconsulting.com\/es\/wp-json\/wp\/v2\/product_brand?post=274528"},{"taxonomy":"product_cat","embeddable":true,"href":"https:\/\/wpguerssen-test.odoo.rgbconsulting.com\/es\/wp-json\/wp\/v2\/product_cat?post=274528"},{"taxonomy":"product_tag","embeddable":true,"href":"https:\/\/wpguerssen-test.odoo.rgbconsulting.com\/es\/wp-json\/wp\/v2\/product_tag?post=274528"}],"curies":[{"name":"wp","href":"https:\/\/api.w.org\/{rel}","templated":true}]}}