{"id":274540,"date":"2024-09-18T00:00:00","date_gmt":"2024-09-17T22:00:00","guid":{"rendered":"https:\/\/wpguerssen-test.odoo.rgbconsulting.com\/product\/aman-iman-water-is-life-2\/"},"modified":"2025-03-03T16:18:29","modified_gmt":"2025-03-03T15:18:29","slug":"aman-iman-water-is-life-2","status":"publish","type":"product","link":"https:\/\/wpguerssen-test.odoo.rgbconsulting.com\/es\/producto\/aman-iman-water-is-life-2\/","title":{"rendered":"Aman Iman: Water Is Life"},"content":{"rendered":"<p>El tercer \u00e1lbum del grupo tuareg sahariano Tinariwen, aclamado por la cr\u00edtica, Aman Iman: Water Is Life. Lanzado internacionalmente a trav\u00e9s de Independiente en 2007, el \u00e1lbum fue producido por su socio Justin Adams y cuenta con la voz y la guitarra del miembro fundador Mohammed Ag Itlale. El colectivo ganador del premio GRAMMY interpreta una rama de la m\u00fasica maliense centrada en la guitarra conocida como Tishoumaren, un blues del desierto de percusi\u00f3n orientado al rock.<\/p>\n","protected":false},"excerpt":{"rendered":"<p>El tercer \u00e1lbum del grupo tuareg sahariano Tinariwen, aclamado por la cr\u00edtica, Aman Iman: Water Is Life. Lanzado internacionalmente a trav\u00e9s de Independiente en<a class=\"read\" href=\"https:\/\/wpguerssen-test.odoo.rgbconsulting.com\/es\/producto\/aman-iman-water-is-life-2\/\"> (...)<\/a>","protected":false},"featured_media":274518,"template":"","meta":{"_acf_changed":false},"product_brand":[],"product_cat":[23270,23262],"product_tag":[],"class_list":{"0":"post-274540","1":"product","2":"type-product","3":"status-publish","4":"has-post-thumbnail","6":"product_cat-folk-00s-now-es","7":"product_cat-blues-blues-rock-es","8":"pa_artist-tinariwen","9":"pa_format-2lp-es","10":"pa_gender-folk-00s-now-blues-blues-rock","11":"pa_label-craft-recordings","12":"pa_location-africa-es","13":"pa_other-filters-vinyl-only-es","15":"first","16":"instock","17":"taxable","18":"shipping-taxable","19":"purchasable","20":"product-type-simple"},"acf":[],"yoast_head":"<!-- This site is optimized with the Yoast SEO plugin v24.9 - https:\/\/yoast.com\/wordpress\/plugins\/seo\/ -->\n<title>TINARIWEN - Aman Iman: Water Is Life -  (2LP) | Guerssen<\/title>\n<meta name=\"description\" content=\"The third album from the critically acclaimed Saharan Tuareg group Tinariwen, Aman Iman: Water Is Life. Released internationally via Independiente in 2007, the album was produced by long-time associate Justin Adams and features the voice and guitar of founding member Mohammed Ag Itlale. The GRAMMY Award winning collective perform a guitar-centric branch of Malian music known as Tishoumaren a percussive, rock-oriented desert blues.\" \/>\n<meta name=\"robots\" content=\"index, follow, max-snippet:-1, max-image-preview:large, max-video-preview:-1\" \/>\n<link rel=\"canonical\" href=\"https:\/\/wpguerssen-test.odoo.rgbconsulting.com\/es\/producto\/aman-iman-water-is-life-2\/\" \/>\n<meta property=\"og:locale\" content=\"es_ES\" \/>\n<meta property=\"og:type\" content=\"article\" \/>\n<meta property=\"og:title\" content=\"TINARIWEN - Aman Iman: Water Is Life -  (2LP) | Guerssen\" \/>\n<meta property=\"og:description\" content=\"The third album from the critically acclaimed Saharan Tuareg group Tinariwen, Aman Iman: Water Is Life. Released internationally via Independiente in 2007, the album was produced by long-time associate Justin Adams and features the voice and guitar of founding member Mohammed Ag Itlale. The GRAMMY Award winning collective perform a guitar-centric branch of Malian music known as Tishoumaren a percussive, rock-oriented desert blues.\" \/>\n<meta property=\"og:url\" content=\"https:\/\/wpguerssen-test.odoo.rgbconsulting.com\/es\/producto\/aman-iman-water-is-life-2\/\" \/>\n<meta property=\"og:site_name\" content=\"Guerssen records\" \/>\n<meta property=\"article:modified_time\" content=\"2025-03-03T15:18:29+00:00\" \/>\n<meta property=\"og:image\" content=\"https:\/\/wpguerssen-test.odoo.rgbconsulting.com\/wp-content\/uploads\/2024\/09\/48597.jpg\" \/>\n\t<meta property=\"og:image:width\" content=\"600\" \/>\n\t<meta property=\"og:image:height\" content=\"600\" \/>\n\t<meta property=\"og:image:type\" content=\"image\/jpeg\" \/>\n<meta name=\"twitter:card\" content=\"summary_large_image\" \/>\n<meta name=\"twitter:title\" content=\"TINARIWEN - Aman Iman: Water Is Life -  (2LP) | Guerssen\" \/>\n<script type=\"application\/ld+json\" class=\"yoast-schema-graph\">{\"@context\":\"https:\/\/schema.org\",\"@graph\":[{\"@type\":\"WebPage\",\"@id\":\"https:\/\/wpguerssen-test.odoo.rgbconsulting.com\/es\/producto\/aman-iman-water-is-life-2\/\",\"url\":\"https:\/\/wpguerssen-test.odoo.rgbconsulting.com\/es\/producto\/aman-iman-water-is-life-2\/\",\"name\":\"TINARIWEN - Aman Iman: Water Is Life - (2LP) | Guerssen\",\"isPartOf\":{\"@id\":\"https:\/\/wpguerssen-test.odoo.rgbconsulting.com\/es\/#website\"},\"primaryImageOfPage\":{\"@id\":\"https:\/\/wpguerssen-test.odoo.rgbconsulting.com\/es\/producto\/aman-iman-water-is-life-2\/#primaryimage\"},\"image\":{\"@id\":\"https:\/\/wpguerssen-test.odoo.rgbconsulting.com\/es\/producto\/aman-iman-water-is-life-2\/#primaryimage\"},\"thumbnailUrl\":\"https:\/\/wpguerssen-test.odoo.rgbconsulting.com\/wp-content\/uploads\/2024\/09\/48597.jpg\",\"datePublished\":\"2024-09-17T22:00:00+00:00\",\"dateModified\":\"2025-03-03T15:18:29+00:00\",\"description\":\"The third album from the critically acclaimed Saharan Tuareg group Tinariwen, Aman Iman: Water Is Life. Released internationally via Independiente in 2007, the album was produced by long-time associate Justin Adams and features the voice and guitar of founding member Mohammed Ag Itlale. The GRAMMY Award winning collective perform a guitar-centric branch of Malian music known as Tishoumaren a percussive, rock-oriented desert blues.\",\"breadcrumb\":{\"@id\":\"https:\/\/wpguerssen-test.odoo.rgbconsulting.com\/es\/producto\/aman-iman-water-is-life-2\/#breadcrumb\"},\"inLanguage\":\"es\",\"potentialAction\":[{\"@type\":\"ReadAction\",\"target\":[\"https:\/\/wpguerssen-test.odoo.rgbconsulting.com\/es\/producto\/aman-iman-water-is-life-2\/\"]}]},{\"@type\":\"ImageObject\",\"inLanguage\":\"es\",\"@id\":\"https:\/\/wpguerssen-test.odoo.rgbconsulting.com\/es\/producto\/aman-iman-water-is-life-2\/#primaryimage\",\"url\":\"https:\/\/wpguerssen-test.odoo.rgbconsulting.com\/wp-content\/uploads\/2024\/09\/48597.jpg\",\"contentUrl\":\"https:\/\/wpguerssen-test.odoo.rgbconsulting.com\/wp-content\/uploads\/2024\/09\/48597.jpg\",\"width\":600,\"height\":600},{\"@type\":\"BreadcrumbList\",\"@id\":\"https:\/\/wpguerssen-test.odoo.rgbconsulting.com\/es\/producto\/aman-iman-water-is-life-2\/#breadcrumb\",\"itemListElement\":[{\"@type\":\"ListItem\",\"position\":1,\"name\":\"Inicio\",\"item\":\"https:\/\/wpguerssen-test.odoo.rgbconsulting.com\/es\/\"},{\"@type\":\"ListItem\",\"position\":2,\"name\":\"Shop\",\"item\":\"https:\/\/wpguerssen-test.odoo.rgbconsulting.com\/shop\/\"},{\"@type\":\"ListItem\",\"position\":3,\"name\":\"Aman Iman: Water Is Life\"}]},{\"@type\":\"WebSite\",\"@id\":\"https:\/\/wpguerssen-test.odoo.rgbconsulting.com\/es\/#website\",\"url\":\"https:\/\/wpguerssen-test.odoo.rgbconsulting.com\/es\/\",\"name\":\"Guerssen records\",\"description\":\"psychedelia - progressive - folk - garage \",\"publisher\":{\"@id\":\"https:\/\/wpguerssen-test.odoo.rgbconsulting.com\/es\/#organization\"},\"potentialAction\":[{\"@type\":\"SearchAction\",\"target\":{\"@type\":\"EntryPoint\",\"urlTemplate\":\"https:\/\/wpguerssen-test.odoo.rgbconsulting.com\/es\/?s={search_term_string}\"},\"query-input\":{\"@type\":\"PropertyValueSpecification\",\"valueRequired\":true,\"valueName\":\"search_term_string\"}}],\"inLanguage\":\"es\"},{\"@type\":\"Organization\",\"@id\":\"https:\/\/wpguerssen-test.odoo.rgbconsulting.com\/es\/#organization\",\"name\":\"Guerssen records\",\"url\":\"https:\/\/wpguerssen-test.odoo.rgbconsulting.com\/es\/\",\"logo\":{\"@type\":\"ImageObject\",\"inLanguage\":\"es\",\"@id\":\"https:\/\/wpguerssen-test.odoo.rgbconsulting.com\/es\/#\/schema\/logo\/image\/\",\"url\":\"https:\/\/wpguerssen-test.odoo.rgbconsulting.com\/wp-content\/uploads\/2022\/04\/Logo_Guerssen_trans_100.png\",\"contentUrl\":\"https:\/\/wpguerssen-test.odoo.rgbconsulting.com\/wp-content\/uploads\/2022\/04\/Logo_Guerssen_trans_100.png\",\"width\":122,\"height\":100,\"caption\":\"Guerssen records\"},\"image\":{\"@id\":\"https:\/\/wpguerssen-test.odoo.rgbconsulting.com\/es\/#\/schema\/logo\/image\/\"}}]}<\/script>\n<!-- \/ Yoast SEO plugin. -->","yoast_head_json":{"title":"TINARIWEN - Aman Iman: Water Is Life -  (2LP) | Guerssen","description":"The third album from the critically acclaimed Saharan Tuareg group Tinariwen, Aman Iman: Water Is Life. Released internationally via Independiente in 2007, the album was produced by long-time associate Justin Adams and features the voice and guitar of founding member Mohammed Ag Itlale. The GRAMMY Award winning collective perform a guitar-centric branch of Malian music known as Tishoumaren a percussive, rock-oriented desert blues.","robots":{"index":"index","follow":"follow","max-snippet":"max-snippet:-1","max-image-preview":"max-image-preview:large","max-video-preview":"max-video-preview:-1"},"canonical":"https:\/\/wpguerssen-test.odoo.rgbconsulting.com\/es\/producto\/aman-iman-water-is-life-2\/","og_locale":"es_ES","og_type":"article","og_title":"TINARIWEN - Aman Iman: Water Is Life -  (2LP) | Guerssen","og_description":"The third album from the critically acclaimed Saharan Tuareg group Tinariwen, Aman Iman: Water Is Life. Released internationally via Independiente in 2007, the album was produced by long-time associate Justin Adams and features the voice and guitar of founding member Mohammed Ag Itlale. The GRAMMY Award winning collective perform a guitar-centric branch of Malian music known as Tishoumaren a percussive, rock-oriented desert blues.","og_url":"https:\/\/wpguerssen-test.odoo.rgbconsulting.com\/es\/producto\/aman-iman-water-is-life-2\/","og_site_name":"Guerssen records","article_modified_time":"2025-03-03T15:18:29+00:00","og_image":[{"width":600,"height":600,"url":"https:\/\/wpguerssen-test.odoo.rgbconsulting.com\/wp-content\/uploads\/2024\/09\/48597.jpg","type":"image\/jpeg"}],"twitter_card":"summary_large_image","twitter_title":"TINARIWEN - Aman Iman: Water Is Life -  (2LP) | Guerssen","schema":{"@context":"https:\/\/schema.org","@graph":[{"@type":"WebPage","@id":"https:\/\/wpguerssen-test.odoo.rgbconsulting.com\/es\/producto\/aman-iman-water-is-life-2\/","url":"https:\/\/wpguerssen-test.odoo.rgbconsulting.com\/es\/producto\/aman-iman-water-is-life-2\/","name":"TINARIWEN - Aman Iman: Water Is Life - (2LP) | Guerssen","isPartOf":{"@id":"https:\/\/wpguerssen-test.odoo.rgbconsulting.com\/es\/#website"},"primaryImageOfPage":{"@id":"https:\/\/wpguerssen-test.odoo.rgbconsulting.com\/es\/producto\/aman-iman-water-is-life-2\/#primaryimage"},"image":{"@id":"https:\/\/wpguerssen-test.odoo.rgbconsulting.com\/es\/producto\/aman-iman-water-is-life-2\/#primaryimage"},"thumbnailUrl":"https:\/\/wpguerssen-test.odoo.rgbconsulting.com\/wp-content\/uploads\/2024\/09\/48597.jpg","datePublished":"2024-09-17T22:00:00+00:00","dateModified":"2025-03-03T15:18:29+00:00","description":"The third album from the critically acclaimed Saharan Tuareg group Tinariwen, Aman Iman: Water Is Life. Released internationally via Independiente in 2007, the album was produced by long-time associate Justin Adams and features the voice and guitar of founding member Mohammed Ag Itlale. The GRAMMY Award winning collective perform a guitar-centric branch of Malian music known as Tishoumaren a percussive, rock-oriented desert blues.","breadcrumb":{"@id":"https:\/\/wpguerssen-test.odoo.rgbconsulting.com\/es\/producto\/aman-iman-water-is-life-2\/#breadcrumb"},"inLanguage":"es","potentialAction":[{"@type":"ReadAction","target":["https:\/\/wpguerssen-test.odoo.rgbconsulting.com\/es\/producto\/aman-iman-water-is-life-2\/"]}]},{"@type":"ImageObject","inLanguage":"es","@id":"https:\/\/wpguerssen-test.odoo.rgbconsulting.com\/es\/producto\/aman-iman-water-is-life-2\/#primaryimage","url":"https:\/\/wpguerssen-test.odoo.rgbconsulting.com\/wp-content\/uploads\/2024\/09\/48597.jpg","contentUrl":"https:\/\/wpguerssen-test.odoo.rgbconsulting.com\/wp-content\/uploads\/2024\/09\/48597.jpg","width":600,"height":600},{"@type":"BreadcrumbList","@id":"https:\/\/wpguerssen-test.odoo.rgbconsulting.com\/es\/producto\/aman-iman-water-is-life-2\/#breadcrumb","itemListElement":[{"@type":"ListItem","position":1,"name":"Inicio","item":"https:\/\/wpguerssen-test.odoo.rgbconsulting.com\/es\/"},{"@type":"ListItem","position":2,"name":"Shop","item":"https:\/\/wpguerssen-test.odoo.rgbconsulting.com\/shop\/"},{"@type":"ListItem","position":3,"name":"Aman Iman: Water Is Life"}]},{"@type":"WebSite","@id":"https:\/\/wpguerssen-test.odoo.rgbconsulting.com\/es\/#website","url":"https:\/\/wpguerssen-test.odoo.rgbconsulting.com\/es\/","name":"Guerssen records","description":"psychedelia - progressive - folk - garage ","publisher":{"@id":"https:\/\/wpguerssen-test.odoo.rgbconsulting.com\/es\/#organization"},"potentialAction":[{"@type":"SearchAction","target":{"@type":"EntryPoint","urlTemplate":"https:\/\/wpguerssen-test.odoo.rgbconsulting.com\/es\/?s={search_term_string}"},"query-input":{"@type":"PropertyValueSpecification","valueRequired":true,"valueName":"search_term_string"}}],"inLanguage":"es"},{"@type":"Organization","@id":"https:\/\/wpguerssen-test.odoo.rgbconsulting.com\/es\/#organization","name":"Guerssen records","url":"https:\/\/wpguerssen-test.odoo.rgbconsulting.com\/es\/","logo":{"@type":"ImageObject","inLanguage":"es","@id":"https:\/\/wpguerssen-test.odoo.rgbconsulting.com\/es\/#\/schema\/logo\/image\/","url":"https:\/\/wpguerssen-test.odoo.rgbconsulting.com\/wp-content\/uploads\/2022\/04\/Logo_Guerssen_trans_100.png","contentUrl":"https:\/\/wpguerssen-test.odoo.rgbconsulting.com\/wp-content\/uploads\/2022\/04\/Logo_Guerssen_trans_100.png","width":122,"height":100,"caption":"Guerssen records"},"image":{"@id":"https:\/\/wpguerssen-test.odoo.rgbconsulting.com\/es\/#\/schema\/logo\/image\/"}}]}},"_links":{"self":[{"href":"https:\/\/wpguerssen-test.odoo.rgbconsulting.com\/es\/wp-json\/wp\/v2\/product\/274540","targetHints":{"allow":["GET"]}}],"collection":[{"href":"https:\/\/wpguerssen-test.odoo.rgbconsulting.com\/es\/wp-json\/wp\/v2\/product"}],"about":[{"href":"https:\/\/wpguerssen-test.odoo.rgbconsulting.com\/es\/wp-json\/wp\/v2\/types\/product"}],"wp:featuredmedia":[{"embeddable":true,"href":"https:\/\/wpguerssen-test.odoo.rgbconsulting.com\/es\/wp-json\/wp\/v2\/media\/274518"}],"wp:attachment":[{"href":"https:\/\/wpguerssen-test.odoo.rgbconsulting.com\/es\/wp-json\/wp\/v2\/media?parent=274540"}],"wp:term":[{"taxonomy":"product_brand","embeddable":true,"href":"https:\/\/wpguerssen-test.odoo.rgbconsulting.com\/es\/wp-json\/wp\/v2\/product_brand?post=274540"},{"taxonomy":"product_cat","embeddable":true,"href":"https:\/\/wpguerssen-test.odoo.rgbconsulting.com\/es\/wp-json\/wp\/v2\/product_cat?post=274540"},{"taxonomy":"product_tag","embeddable":true,"href":"https:\/\/wpguerssen-test.odoo.rgbconsulting.com\/es\/wp-json\/wp\/v2\/product_tag?post=274540"}],"curies":[{"name":"wp","href":"https:\/\/api.w.org\/{rel}","templated":true}]}}