{"id":274719,"date":"2025-03-27T00:00:00","date_gmt":"2025-03-26T23:00:00","guid":{"rendered":"https:\/\/wpguerssen-test.odoo.rgbconsulting.com\/product\/fandabidozi\/"},"modified":"2025-03-27T18:34:38","modified_gmt":"2025-03-27T17:34:38","slug":"fandabidozi","status":"publish","type":"product","link":"https:\/\/wpguerssen-test.odoo.rgbconsulting.com\/es\/producto\/fandabidozi\/","title":{"rendered":"Fandabidozi"},"content":{"rendered":"<p>Liderados por los talentos explosivos y deslumbrantes de Si\u00e2n Greenway, Bobbie Dazzle lanz\u00f3 su debut 45 (Back To The City\/Flowers On Mars) en Rise Above Records a principios de este a\u00f1o. Se agot\u00f3 casi al instante, coloc\u00e1ndolos en el mapa del olvido del rock n roll, del que no hay vuelta atr\u00e1s.<br \/>Inspirado en artistas seminales como Bowie, T. Rex, Suzi Quatro y The Sweet, Bobbie, con sede en West Midlands. El \u00e1lbum debut de Dazzle, Fandabidozi, es una estimulante avalancha de melod\u00edas masivas, riffs contagiosos y grandilocuencia pop-rock de ojos brillantes. Como ant\u00eddoto a la enervante negatividad que nos rodea en este momento de la historia, no podr\u00eda ser m\u00e1s perfecto.<br \/>Una distorsi\u00f3n temporal de diez canciones de celebraci\u00f3n que saquea los a\u00f1os 70 y los arrastra pataleando y gritando al aqu\u00ed y ahora. Fandabidozi tiene absolutamente la garant\u00eda de poner sonrisas en las caras. Desde el alboroto de rock duro del primer Lightning Fantasy, hasta la perfecci\u00f3n pop-ps\u00edquica del cierre Flowers On Mars, el primer \u00e1lbum de Bobbie Dazzle trabaja duro para iluminar nuestras vidas. Atrevido y pesado en el cl\u00e1sico glamour de Revolution, y delirantemente himno en el ardiente sencillo debut: Back To The City, cubre una gran cantidad de terreno musical mientras se mantiene fiel a los principios del glam rock de los 70: grandes riffs, ganchos m\u00e1s grandes. y una sensaci\u00f3n predominante de que los oyentes han sido arrojados a un caleidoscopio giratorio de pura euforia.<\/p>\n","protected":false},"excerpt":{"rendered":"<p>Liderados por los talentos explosivos y deslumbrantes de Si\u00e2n Greenway, Bobbie Dazzle lanz\u00f3 su debut 45 (Back To The City\/Flowers On Mars) en Rise Above Records<a class=\"read\" href=\"https:\/\/wpguerssen-test.odoo.rgbconsulting.com\/es\/producto\/fandabidozi\/\"> (...)<\/a>","protected":false},"featured_media":274654,"template":"","meta":{"_acf_changed":false},"product_brand":[],"product_cat":[23221,23233],"product_tag":[24189],"class_list":{"0":"post-274719","1":"product","2":"type-product","3":"status-publish","4":"has-post-thumbnail","6":"product_cat-glam-es","7":"product_cat-metal-es","8":"product_tag-recien-llegadas","9":"pa_artist-bobbie-dazzle","10":"pa_format-lp-es","11":"pa_gender-metal-glam","12":"pa_label-rise-above","13":"pa_location-uk-ireland-es","14":"pa_other-filters-vinyl-only-es","16":"first","17":"instock","18":"taxable","19":"shipping-taxable","20":"purchasable","21":"product-type-simple"},"acf":[],"yoast_head":"<!-- This site is optimized with the Yoast SEO plugin v24.9 - https:\/\/yoast.com\/wordpress\/plugins\/seo\/ -->\n<title>BOBBIE DAZZLE - Fandabidozi -  (LP) | Guerssen<\/title>\n<meta name=\"description\" content=\"Fronted by the explosive, glitter-blasting talents of Si\u00e2n Greenway, Bobbie Dazzle released their debut 45 (Back To The City\/Flowers On Mars) on Rise Above Records earlier this year. It sold out almost instantly, putting them on the map to rock n roll oblivion, from which there is no turning back.Inspired by the seminal likes of Bowie, T. Rex, Suzi Quatro and The Sweet, West Midlands based Bobbie Dazzle&#039;s debut album Fandabidozi is an invigorating rush of massive tunes, infectious riffs and bright-eyed pop-rock bombast. As an antidote to the enervating negativity that surrounds us at this moment in history, it could hardly be more perfect.A celebratory ten-song time warp that plunders the &#039;70s and drags them kicking and screaming into the here and now, Fandabidozi is absolutely guaranteed to put smiles on faces. From the hard rockin&#039; riot of the opening Lightning Fantasy, to the pop-psych perfection of the closing Flowers On Mars, the first Bobbie Dazzle album works hard to lighten up our lives. Brash and heavy on the classic glam shuffle of Revolution, and deliriously anthemic on the fiery debut single: Back To The City, it covers a huge amount of musical ground while staying true to the principles of &#039;70s glam rock: big riffs, bigger hooks and a prevailing sense that listeners have been hurled into a spinning kaleidoscope of pure euphoria.\" \/>\n<meta name=\"robots\" content=\"index, follow, max-snippet:-1, max-image-preview:large, max-video-preview:-1\" \/>\n<link rel=\"canonical\" href=\"https:\/\/wpguerssen-test.odoo.rgbconsulting.com\/es\/producto\/fandabidozi\/\" \/>\n<meta property=\"og:locale\" content=\"es_ES\" \/>\n<meta property=\"og:type\" content=\"article\" \/>\n<meta property=\"og:title\" content=\"BOBBIE DAZZLE - Fandabidozi -  (LP) | Guerssen\" \/>\n<meta property=\"og:description\" content=\"Fronted by the explosive, glitter-blasting talents of Si\u00e2n Greenway, Bobbie Dazzle released their debut 45 (Back To The City\/Flowers On Mars) on Rise Above Records earlier this year. It sold out almost instantly, putting them on the map to rock n roll oblivion, from which there is no turning back.Inspired by the seminal likes of Bowie, T. Rex, Suzi Quatro and The Sweet, West Midlands based Bobbie Dazzle&#039;s debut album Fandabidozi is an invigorating rush of massive tunes, infectious riffs and bright-eyed pop-rock bombast. As an antidote to the enervating negativity that surrounds us at this moment in history, it could hardly be more perfect.A celebratory ten-song time warp that plunders the &#039;70s and drags them kicking and screaming into the here and now, Fandabidozi is absolutely guaranteed to put smiles on faces. From the hard rockin&#039; riot of the opening Lightning Fantasy, to the pop-psych perfection of the closing Flowers On Mars, the first Bobbie Dazzle album works hard to lighten up our lives. Brash and heavy on the classic glam shuffle of Revolution, and deliriously anthemic on the fiery debut single: Back To The City, it covers a huge amount of musical ground while staying true to the principles of &#039;70s glam rock: big riffs, bigger hooks and a prevailing sense that listeners have been hurled into a spinning kaleidoscope of pure euphoria.\" \/>\n<meta property=\"og:url\" content=\"https:\/\/wpguerssen-test.odoo.rgbconsulting.com\/es\/producto\/fandabidozi\/\" \/>\n<meta property=\"og:site_name\" content=\"Guerssen records\" \/>\n<meta property=\"article:modified_time\" content=\"2025-03-27T17:34:38+00:00\" \/>\n<meta property=\"og:image\" content=\"https:\/\/wpguerssen-test.odoo.rgbconsulting.com\/wp-content\/uploads\/2024\/09\/48604.jpg\" \/>\n\t<meta property=\"og:image:width\" content=\"600\" \/>\n\t<meta property=\"og:image:height\" content=\"600\" \/>\n\t<meta property=\"og:image:type\" content=\"image\/jpeg\" \/>\n<meta name=\"twitter:card\" content=\"summary_large_image\" \/>\n<meta name=\"twitter:title\" content=\"BOBBIE DAZZLE - Fandabidozi -  (LP) | Guerssen\" \/>\n<meta name=\"twitter:label1\" content=\"Tiempo de lectura\" \/>\n\t<meta name=\"twitter:data1\" content=\"1 minuto\" \/>\n<script type=\"application\/ld+json\" class=\"yoast-schema-graph\">{\"@context\":\"https:\/\/schema.org\",\"@graph\":[{\"@type\":\"WebPage\",\"@id\":\"https:\/\/wpguerssen-test.odoo.rgbconsulting.com\/es\/producto\/fandabidozi\/\",\"url\":\"https:\/\/wpguerssen-test.odoo.rgbconsulting.com\/es\/producto\/fandabidozi\/\",\"name\":\"BOBBIE DAZZLE - Fandabidozi - (LP) | Guerssen\",\"isPartOf\":{\"@id\":\"https:\/\/wpguerssen-test.odoo.rgbconsulting.com\/es\/#website\"},\"primaryImageOfPage\":{\"@id\":\"https:\/\/wpguerssen-test.odoo.rgbconsulting.com\/es\/producto\/fandabidozi\/#primaryimage\"},\"image\":{\"@id\":\"https:\/\/wpguerssen-test.odoo.rgbconsulting.com\/es\/producto\/fandabidozi\/#primaryimage\"},\"thumbnailUrl\":\"https:\/\/wpguerssen-test.odoo.rgbconsulting.com\/wp-content\/uploads\/2024\/09\/48604.jpg\",\"datePublished\":\"2025-03-26T23:00:00+00:00\",\"dateModified\":\"2025-03-27T17:34:38+00:00\",\"description\":\"Fronted by the explosive, glitter-blasting talents of Si\u00e2n Greenway, Bobbie Dazzle released their debut 45 (Back To The City\/Flowers On Mars) on Rise Above Records earlier this year. It sold out almost instantly, putting them on the map to rock n roll oblivion, from which there is no turning back.Inspired by the seminal likes of Bowie, T. Rex, Suzi Quatro and The Sweet, West Midlands based Bobbie Dazzle's debut album Fandabidozi is an invigorating rush of massive tunes, infectious riffs and bright-eyed pop-rock bombast. As an antidote to the enervating negativity that surrounds us at this moment in history, it could hardly be more perfect.A celebratory ten-song time warp that plunders the '70s and drags them kicking and screaming into the here and now, Fandabidozi is absolutely guaranteed to put smiles on faces. From the hard rockin' riot of the opening Lightning Fantasy, to the pop-psych perfection of the closing Flowers On Mars, the first Bobbie Dazzle album works hard to lighten up our lives. Brash and heavy on the classic glam shuffle of Revolution, and deliriously anthemic on the fiery debut single: Back To The City, it covers a huge amount of musical ground while staying true to the principles of '70s glam rock: big riffs, bigger hooks and a prevailing sense that listeners have been hurled into a spinning kaleidoscope of pure euphoria.\",\"breadcrumb\":{\"@id\":\"https:\/\/wpguerssen-test.odoo.rgbconsulting.com\/es\/producto\/fandabidozi\/#breadcrumb\"},\"inLanguage\":\"es\",\"potentialAction\":[{\"@type\":\"ReadAction\",\"target\":[\"https:\/\/wpguerssen-test.odoo.rgbconsulting.com\/es\/producto\/fandabidozi\/\"]}]},{\"@type\":\"ImageObject\",\"inLanguage\":\"es\",\"@id\":\"https:\/\/wpguerssen-test.odoo.rgbconsulting.com\/es\/producto\/fandabidozi\/#primaryimage\",\"url\":\"https:\/\/wpguerssen-test.odoo.rgbconsulting.com\/wp-content\/uploads\/2024\/09\/48604.jpg\",\"contentUrl\":\"https:\/\/wpguerssen-test.odoo.rgbconsulting.com\/wp-content\/uploads\/2024\/09\/48604.jpg\",\"width\":600,\"height\":600},{\"@type\":\"BreadcrumbList\",\"@id\":\"https:\/\/wpguerssen-test.odoo.rgbconsulting.com\/es\/producto\/fandabidozi\/#breadcrumb\",\"itemListElement\":[{\"@type\":\"ListItem\",\"position\":1,\"name\":\"Inicio\",\"item\":\"https:\/\/wpguerssen-test.odoo.rgbconsulting.com\/es\/\"},{\"@type\":\"ListItem\",\"position\":2,\"name\":\"Shop\",\"item\":\"https:\/\/wpguerssen-test.odoo.rgbconsulting.com\/shop\/\"},{\"@type\":\"ListItem\",\"position\":3,\"name\":\"Fandabidozi\"}]},{\"@type\":\"WebSite\",\"@id\":\"https:\/\/wpguerssen-test.odoo.rgbconsulting.com\/es\/#website\",\"url\":\"https:\/\/wpguerssen-test.odoo.rgbconsulting.com\/es\/\",\"name\":\"Guerssen records\",\"description\":\"psychedelia - progressive - folk - garage \",\"publisher\":{\"@id\":\"https:\/\/wpguerssen-test.odoo.rgbconsulting.com\/es\/#organization\"},\"potentialAction\":[{\"@type\":\"SearchAction\",\"target\":{\"@type\":\"EntryPoint\",\"urlTemplate\":\"https:\/\/wpguerssen-test.odoo.rgbconsulting.com\/es\/?s={search_term_string}\"},\"query-input\":{\"@type\":\"PropertyValueSpecification\",\"valueRequired\":true,\"valueName\":\"search_term_string\"}}],\"inLanguage\":\"es\"},{\"@type\":\"Organization\",\"@id\":\"https:\/\/wpguerssen-test.odoo.rgbconsulting.com\/es\/#organization\",\"name\":\"Guerssen records\",\"url\":\"https:\/\/wpguerssen-test.odoo.rgbconsulting.com\/es\/\",\"logo\":{\"@type\":\"ImageObject\",\"inLanguage\":\"es\",\"@id\":\"https:\/\/wpguerssen-test.odoo.rgbconsulting.com\/es\/#\/schema\/logo\/image\/\",\"url\":\"https:\/\/wpguerssen-test.odoo.rgbconsulting.com\/wp-content\/uploads\/2022\/04\/Logo_Guerssen_trans_100.png\",\"contentUrl\":\"https:\/\/wpguerssen-test.odoo.rgbconsulting.com\/wp-content\/uploads\/2022\/04\/Logo_Guerssen_trans_100.png\",\"width\":122,\"height\":100,\"caption\":\"Guerssen records\"},\"image\":{\"@id\":\"https:\/\/wpguerssen-test.odoo.rgbconsulting.com\/es\/#\/schema\/logo\/image\/\"}}]}<\/script>\n<!-- \/ Yoast SEO plugin. -->","yoast_head_json":{"title":"BOBBIE DAZZLE - Fandabidozi -  (LP) | Guerssen","description":"Fronted by the explosive, glitter-blasting talents of Si\u00e2n Greenway, Bobbie Dazzle released their debut 45 (Back To The City\/Flowers On Mars) on Rise Above Records earlier this year. It sold out almost instantly, putting them on the map to rock n roll oblivion, from which there is no turning back.Inspired by the seminal likes of Bowie, T. Rex, Suzi Quatro and The Sweet, West Midlands based Bobbie Dazzle's debut album Fandabidozi is an invigorating rush of massive tunes, infectious riffs and bright-eyed pop-rock bombast. As an antidote to the enervating negativity that surrounds us at this moment in history, it could hardly be more perfect.A celebratory ten-song time warp that plunders the '70s and drags them kicking and screaming into the here and now, Fandabidozi is absolutely guaranteed to put smiles on faces. From the hard rockin' riot of the opening Lightning Fantasy, to the pop-psych perfection of the closing Flowers On Mars, the first Bobbie Dazzle album works hard to lighten up our lives. Brash and heavy on the classic glam shuffle of Revolution, and deliriously anthemic on the fiery debut single: Back To The City, it covers a huge amount of musical ground while staying true to the principles of '70s glam rock: big riffs, bigger hooks and a prevailing sense that listeners have been hurled into a spinning kaleidoscope of pure euphoria.","robots":{"index":"index","follow":"follow","max-snippet":"max-snippet:-1","max-image-preview":"max-image-preview:large","max-video-preview":"max-video-preview:-1"},"canonical":"https:\/\/wpguerssen-test.odoo.rgbconsulting.com\/es\/producto\/fandabidozi\/","og_locale":"es_ES","og_type":"article","og_title":"BOBBIE DAZZLE - Fandabidozi -  (LP) | Guerssen","og_description":"Fronted by the explosive, glitter-blasting talents of Si\u00e2n Greenway, Bobbie Dazzle released their debut 45 (Back To The City\/Flowers On Mars) on Rise Above Records earlier this year. It sold out almost instantly, putting them on the map to rock n roll oblivion, from which there is no turning back.Inspired by the seminal likes of Bowie, T. Rex, Suzi Quatro and The Sweet, West Midlands based Bobbie Dazzle's debut album Fandabidozi is an invigorating rush of massive tunes, infectious riffs and bright-eyed pop-rock bombast. As an antidote to the enervating negativity that surrounds us at this moment in history, it could hardly be more perfect.A celebratory ten-song time warp that plunders the '70s and drags them kicking and screaming into the here and now, Fandabidozi is absolutely guaranteed to put smiles on faces. From the hard rockin' riot of the opening Lightning Fantasy, to the pop-psych perfection of the closing Flowers On Mars, the first Bobbie Dazzle album works hard to lighten up our lives. Brash and heavy on the classic glam shuffle of Revolution, and deliriously anthemic on the fiery debut single: Back To The City, it covers a huge amount of musical ground while staying true to the principles of '70s glam rock: big riffs, bigger hooks and a prevailing sense that listeners have been hurled into a spinning kaleidoscope of pure euphoria.","og_url":"https:\/\/wpguerssen-test.odoo.rgbconsulting.com\/es\/producto\/fandabidozi\/","og_site_name":"Guerssen records","article_modified_time":"2025-03-27T17:34:38+00:00","og_image":[{"width":600,"height":600,"url":"https:\/\/wpguerssen-test.odoo.rgbconsulting.com\/wp-content\/uploads\/2024\/09\/48604.jpg","type":"image\/jpeg"}],"twitter_card":"summary_large_image","twitter_title":"BOBBIE DAZZLE - Fandabidozi -  (LP) | Guerssen","twitter_misc":{"Tiempo de lectura":"1 minuto"},"schema":{"@context":"https:\/\/schema.org","@graph":[{"@type":"WebPage","@id":"https:\/\/wpguerssen-test.odoo.rgbconsulting.com\/es\/producto\/fandabidozi\/","url":"https:\/\/wpguerssen-test.odoo.rgbconsulting.com\/es\/producto\/fandabidozi\/","name":"BOBBIE DAZZLE - Fandabidozi - (LP) | Guerssen","isPartOf":{"@id":"https:\/\/wpguerssen-test.odoo.rgbconsulting.com\/es\/#website"},"primaryImageOfPage":{"@id":"https:\/\/wpguerssen-test.odoo.rgbconsulting.com\/es\/producto\/fandabidozi\/#primaryimage"},"image":{"@id":"https:\/\/wpguerssen-test.odoo.rgbconsulting.com\/es\/producto\/fandabidozi\/#primaryimage"},"thumbnailUrl":"https:\/\/wpguerssen-test.odoo.rgbconsulting.com\/wp-content\/uploads\/2024\/09\/48604.jpg","datePublished":"2025-03-26T23:00:00+00:00","dateModified":"2025-03-27T17:34:38+00:00","description":"Fronted by the explosive, glitter-blasting talents of Si\u00e2n Greenway, Bobbie Dazzle released their debut 45 (Back To The City\/Flowers On Mars) on Rise Above Records earlier this year. It sold out almost instantly, putting them on the map to rock n roll oblivion, from which there is no turning back.Inspired by the seminal likes of Bowie, T. Rex, Suzi Quatro and The Sweet, West Midlands based Bobbie Dazzle's debut album Fandabidozi is an invigorating rush of massive tunes, infectious riffs and bright-eyed pop-rock bombast. As an antidote to the enervating negativity that surrounds us at this moment in history, it could hardly be more perfect.A celebratory ten-song time warp that plunders the '70s and drags them kicking and screaming into the here and now, Fandabidozi is absolutely guaranteed to put smiles on faces. From the hard rockin' riot of the opening Lightning Fantasy, to the pop-psych perfection of the closing Flowers On Mars, the first Bobbie Dazzle album works hard to lighten up our lives. Brash and heavy on the classic glam shuffle of Revolution, and deliriously anthemic on the fiery debut single: Back To The City, it covers a huge amount of musical ground while staying true to the principles of '70s glam rock: big riffs, bigger hooks and a prevailing sense that listeners have been hurled into a spinning kaleidoscope of pure euphoria.","breadcrumb":{"@id":"https:\/\/wpguerssen-test.odoo.rgbconsulting.com\/es\/producto\/fandabidozi\/#breadcrumb"},"inLanguage":"es","potentialAction":[{"@type":"ReadAction","target":["https:\/\/wpguerssen-test.odoo.rgbconsulting.com\/es\/producto\/fandabidozi\/"]}]},{"@type":"ImageObject","inLanguage":"es","@id":"https:\/\/wpguerssen-test.odoo.rgbconsulting.com\/es\/producto\/fandabidozi\/#primaryimage","url":"https:\/\/wpguerssen-test.odoo.rgbconsulting.com\/wp-content\/uploads\/2024\/09\/48604.jpg","contentUrl":"https:\/\/wpguerssen-test.odoo.rgbconsulting.com\/wp-content\/uploads\/2024\/09\/48604.jpg","width":600,"height":600},{"@type":"BreadcrumbList","@id":"https:\/\/wpguerssen-test.odoo.rgbconsulting.com\/es\/producto\/fandabidozi\/#breadcrumb","itemListElement":[{"@type":"ListItem","position":1,"name":"Inicio","item":"https:\/\/wpguerssen-test.odoo.rgbconsulting.com\/es\/"},{"@type":"ListItem","position":2,"name":"Shop","item":"https:\/\/wpguerssen-test.odoo.rgbconsulting.com\/shop\/"},{"@type":"ListItem","position":3,"name":"Fandabidozi"}]},{"@type":"WebSite","@id":"https:\/\/wpguerssen-test.odoo.rgbconsulting.com\/es\/#website","url":"https:\/\/wpguerssen-test.odoo.rgbconsulting.com\/es\/","name":"Guerssen records","description":"psychedelia - progressive - folk - garage ","publisher":{"@id":"https:\/\/wpguerssen-test.odoo.rgbconsulting.com\/es\/#organization"},"potentialAction":[{"@type":"SearchAction","target":{"@type":"EntryPoint","urlTemplate":"https:\/\/wpguerssen-test.odoo.rgbconsulting.com\/es\/?s={search_term_string}"},"query-input":{"@type":"PropertyValueSpecification","valueRequired":true,"valueName":"search_term_string"}}],"inLanguage":"es"},{"@type":"Organization","@id":"https:\/\/wpguerssen-test.odoo.rgbconsulting.com\/es\/#organization","name":"Guerssen records","url":"https:\/\/wpguerssen-test.odoo.rgbconsulting.com\/es\/","logo":{"@type":"ImageObject","inLanguage":"es","@id":"https:\/\/wpguerssen-test.odoo.rgbconsulting.com\/es\/#\/schema\/logo\/image\/","url":"https:\/\/wpguerssen-test.odoo.rgbconsulting.com\/wp-content\/uploads\/2022\/04\/Logo_Guerssen_trans_100.png","contentUrl":"https:\/\/wpguerssen-test.odoo.rgbconsulting.com\/wp-content\/uploads\/2022\/04\/Logo_Guerssen_trans_100.png","width":122,"height":100,"caption":"Guerssen records"},"image":{"@id":"https:\/\/wpguerssen-test.odoo.rgbconsulting.com\/es\/#\/schema\/logo\/image\/"}}]}},"_links":{"self":[{"href":"https:\/\/wpguerssen-test.odoo.rgbconsulting.com\/es\/wp-json\/wp\/v2\/product\/274719","targetHints":{"allow":["GET"]}}],"collection":[{"href":"https:\/\/wpguerssen-test.odoo.rgbconsulting.com\/es\/wp-json\/wp\/v2\/product"}],"about":[{"href":"https:\/\/wpguerssen-test.odoo.rgbconsulting.com\/es\/wp-json\/wp\/v2\/types\/product"}],"wp:featuredmedia":[{"embeddable":true,"href":"https:\/\/wpguerssen-test.odoo.rgbconsulting.com\/es\/wp-json\/wp\/v2\/media\/274654"}],"wp:attachment":[{"href":"https:\/\/wpguerssen-test.odoo.rgbconsulting.com\/es\/wp-json\/wp\/v2\/media?parent=274719"}],"wp:term":[{"taxonomy":"product_brand","embeddable":true,"href":"https:\/\/wpguerssen-test.odoo.rgbconsulting.com\/es\/wp-json\/wp\/v2\/product_brand?post=274719"},{"taxonomy":"product_cat","embeddable":true,"href":"https:\/\/wpguerssen-test.odoo.rgbconsulting.com\/es\/wp-json\/wp\/v2\/product_cat?post=274719"},{"taxonomy":"product_tag","embeddable":true,"href":"https:\/\/wpguerssen-test.odoo.rgbconsulting.com\/es\/wp-json\/wp\/v2\/product_tag?post=274719"}],"curies":[{"name":"wp","href":"https:\/\/api.w.org\/{rel}","templated":true}]}}