{"id":274869,"date":"2025-02-07T00:00:00","date_gmt":"2025-02-06T23:00:00","guid":{"rendered":"https:\/\/wpguerssen-test.odoo.rgbconsulting.com\/product\/la-danza-della-giungla\/"},"modified":"2025-04-01T17:47:07","modified_gmt":"2025-04-01T15:47:07","slug":"la-danza-della-giungla","status":"publish","type":"product","link":"https:\/\/wpguerssen-test.odoo.rgbconsulting.com\/es\/producto\/la-danza-della-giungla\/","title":{"rendered":"La Danza Della Giungla"},"content":{"rendered":"<p>\u00a1Maledetta Discoteca anuncia con orgullo el nacimiento de su primera hija LA SIRENETTA (*La sirena) y el lanzamiento de su primer disco!Un homenaje a la escena afro italiana de finales de los 80, La Sirenetta es un sello secundario nacido para llevar la m\u00fasica del mundo al siguiente nivel para la escena de clubes de baile contempor\u00e1nea.<br \/>Nuestro objetivo es investigar, seleccionar y editar temas oscuros de nuestra colecciones de discos anal\u00f3gicos, viajando desde Martinica a Costa de Marfil, de Nigeria a Hait\u00ed, y devolvi\u00e9ndolas a DJs y pistas de baile en lanzamientos de 12&#8243; de alta calidad y altamente coleccionables.<\/p>\n","protected":false},"excerpt":{"rendered":"<p>\u00a1Maledetta Discoteca anuncia con orgullo el nacimiento de su primera hija LA SIRENETTA (*La sirena) y el lanzamiento de su primer disco!Un homenaje a la escena afro<a class=\"read\" href=\"https:\/\/wpguerssen-test.odoo.rgbconsulting.com\/es\/producto\/la-danza-della-giungla\/\"> (...)<\/a>","protected":false},"featured_media":274841,"template":"","meta":{"_acf_changed":false},"product_brand":[],"product_cat":[23258,23265],"product_tag":[24189],"class_list":{"0":"post-274869","1":"product","2":"type-product","3":"status-publish","4":"has-post-thumbnail","6":"product_cat-afro-funk-afrobeat-es","7":"product_cat-disco-cosmic-italo-es","8":"product_tag-recien-llegadas","9":"pa_artist-f-lli-paradiso","10":"pa_format-maxi","11":"pa_gender-disco-cosmic-italo-afro-funk-afrobeat","12":"pa_label-sirenetta-records","13":"pa_location-europe-es","14":"pa_other-filters-vinyl-only-es","16":"first","17":"instock","18":"taxable","19":"shipping-taxable","20":"purchasable","21":"product-type-simple"},"acf":[],"yoast_head":"<!-- This site is optimized with the Yoast SEO plugin v24.9 - https:\/\/yoast.com\/wordpress\/plugins\/seo\/ -->\n<title>F.LLI PARADISO - La Danza Della Giungla -  (MAXI) | Guerssen<\/title>\n<meta name=\"description\" content=\"Maledetta Discoteca proudly announces the birth of their first daughter LA SIRENETTA (*The mermaid) and the release of her first record!An hommage to the Italian Afro scene of the late 80s, La Sirenetta is a sub-label born to take World Music to the next level for the contemporary Dancing Club Scene.We aim at digging, selecting and editing obscure bangers from our analogue record collections, travelling from Martinique to Ivory Coast, from Nigeria to Haiti, and giving them back to deejays and dancefloors in high-quality, highly collectable, 12&quot; releases.\" \/>\n<meta name=\"robots\" content=\"index, follow, max-snippet:-1, max-image-preview:large, max-video-preview:-1\" \/>\n<link rel=\"canonical\" href=\"https:\/\/wpguerssen-test.odoo.rgbconsulting.com\/es\/producto\/la-danza-della-giungla\/\" \/>\n<meta property=\"og:locale\" content=\"es_ES\" \/>\n<meta property=\"og:type\" content=\"article\" \/>\n<meta property=\"og:title\" content=\"F.LLI PARADISO - La Danza Della Giungla -  (MAXI) | Guerssen\" \/>\n<meta property=\"og:description\" content=\"Maledetta Discoteca proudly announces the birth of their first daughter LA SIRENETTA (*The mermaid) and the release of her first record!An hommage to the Italian Afro scene of the late 80s, La Sirenetta is a sub-label born to take World Music to the next level for the contemporary Dancing Club Scene.We aim at digging, selecting and editing obscure bangers from our analogue record collections, travelling from Martinique to Ivory Coast, from Nigeria to Haiti, and giving them back to deejays and dancefloors in high-quality, highly collectable, 12&quot; releases.\" \/>\n<meta property=\"og:url\" content=\"https:\/\/wpguerssen-test.odoo.rgbconsulting.com\/es\/producto\/la-danza-della-giungla\/\" \/>\n<meta property=\"og:site_name\" content=\"Guerssen records\" \/>\n<meta property=\"article:modified_time\" content=\"2025-04-01T15:47:07+00:00\" \/>\n<meta property=\"og:image\" content=\"https:\/\/wpguerssen-test.odoo.rgbconsulting.com\/wp-content\/uploads\/2024\/09\/48645.jpg\" \/>\n\t<meta property=\"og:image:width\" content=\"1080\" \/>\n\t<meta property=\"og:image:height\" content=\"1080\" \/>\n\t<meta property=\"og:image:type\" content=\"image\/jpeg\" \/>\n<meta name=\"twitter:card\" content=\"summary_large_image\" \/>\n<meta name=\"twitter:title\" content=\"F.LLI PARADISO - La Danza Della Giungla -  (MAXI) | Guerssen\" \/>\n<meta name=\"twitter:label1\" content=\"Tiempo de lectura\" \/>\n\t<meta name=\"twitter:data1\" content=\"1 minuto\" \/>\n<script type=\"application\/ld+json\" class=\"yoast-schema-graph\">{\"@context\":\"https:\/\/schema.org\",\"@graph\":[{\"@type\":\"WebPage\",\"@id\":\"https:\/\/wpguerssen-test.odoo.rgbconsulting.com\/es\/producto\/la-danza-della-giungla\/\",\"url\":\"https:\/\/wpguerssen-test.odoo.rgbconsulting.com\/es\/producto\/la-danza-della-giungla\/\",\"name\":\"F.LLI PARADISO - La Danza Della Giungla - (MAXI) | Guerssen\",\"isPartOf\":{\"@id\":\"https:\/\/wpguerssen-test.odoo.rgbconsulting.com\/es\/#website\"},\"primaryImageOfPage\":{\"@id\":\"https:\/\/wpguerssen-test.odoo.rgbconsulting.com\/es\/producto\/la-danza-della-giungla\/#primaryimage\"},\"image\":{\"@id\":\"https:\/\/wpguerssen-test.odoo.rgbconsulting.com\/es\/producto\/la-danza-della-giungla\/#primaryimage\"},\"thumbnailUrl\":\"https:\/\/wpguerssen-test.odoo.rgbconsulting.com\/wp-content\/uploads\/2024\/09\/48645.jpg\",\"datePublished\":\"2025-02-06T23:00:00+00:00\",\"dateModified\":\"2025-04-01T15:47:07+00:00\",\"description\":\"Maledetta Discoteca proudly announces the birth of their first daughter LA SIRENETTA (*The mermaid) and the release of her first record!An hommage to the Italian Afro scene of the late 80s, La Sirenetta is a sub-label born to take World Music to the next level for the contemporary Dancing Club Scene.We aim at digging, selecting and editing obscure bangers from our analogue record collections, travelling from Martinique to Ivory Coast, from Nigeria to Haiti, and giving them back to deejays and dancefloors in high-quality, highly collectable, 12\\\" releases.\",\"breadcrumb\":{\"@id\":\"https:\/\/wpguerssen-test.odoo.rgbconsulting.com\/es\/producto\/la-danza-della-giungla\/#breadcrumb\"},\"inLanguage\":\"es\",\"potentialAction\":[{\"@type\":\"ReadAction\",\"target\":[\"https:\/\/wpguerssen-test.odoo.rgbconsulting.com\/es\/producto\/la-danza-della-giungla\/\"]}]},{\"@type\":\"ImageObject\",\"inLanguage\":\"es\",\"@id\":\"https:\/\/wpguerssen-test.odoo.rgbconsulting.com\/es\/producto\/la-danza-della-giungla\/#primaryimage\",\"url\":\"https:\/\/wpguerssen-test.odoo.rgbconsulting.com\/wp-content\/uploads\/2024\/09\/48645.jpg\",\"contentUrl\":\"https:\/\/wpguerssen-test.odoo.rgbconsulting.com\/wp-content\/uploads\/2024\/09\/48645.jpg\",\"width\":1080,\"height\":1080},{\"@type\":\"BreadcrumbList\",\"@id\":\"https:\/\/wpguerssen-test.odoo.rgbconsulting.com\/es\/producto\/la-danza-della-giungla\/#breadcrumb\",\"itemListElement\":[{\"@type\":\"ListItem\",\"position\":1,\"name\":\"Inicio\",\"item\":\"https:\/\/wpguerssen-test.odoo.rgbconsulting.com\/es\/\"},{\"@type\":\"ListItem\",\"position\":2,\"name\":\"Shop\",\"item\":\"https:\/\/wpguerssen-test.odoo.rgbconsulting.com\/shop\/\"},{\"@type\":\"ListItem\",\"position\":3,\"name\":\"La Danza Della Giungla\"}]},{\"@type\":\"WebSite\",\"@id\":\"https:\/\/wpguerssen-test.odoo.rgbconsulting.com\/es\/#website\",\"url\":\"https:\/\/wpguerssen-test.odoo.rgbconsulting.com\/es\/\",\"name\":\"Guerssen records\",\"description\":\"psychedelia - progressive - folk - garage \",\"publisher\":{\"@id\":\"https:\/\/wpguerssen-test.odoo.rgbconsulting.com\/es\/#organization\"},\"potentialAction\":[{\"@type\":\"SearchAction\",\"target\":{\"@type\":\"EntryPoint\",\"urlTemplate\":\"https:\/\/wpguerssen-test.odoo.rgbconsulting.com\/es\/?s={search_term_string}\"},\"query-input\":{\"@type\":\"PropertyValueSpecification\",\"valueRequired\":true,\"valueName\":\"search_term_string\"}}],\"inLanguage\":\"es\"},{\"@type\":\"Organization\",\"@id\":\"https:\/\/wpguerssen-test.odoo.rgbconsulting.com\/es\/#organization\",\"name\":\"Guerssen records\",\"url\":\"https:\/\/wpguerssen-test.odoo.rgbconsulting.com\/es\/\",\"logo\":{\"@type\":\"ImageObject\",\"inLanguage\":\"es\",\"@id\":\"https:\/\/wpguerssen-test.odoo.rgbconsulting.com\/es\/#\/schema\/logo\/image\/\",\"url\":\"https:\/\/wpguerssen-test.odoo.rgbconsulting.com\/wp-content\/uploads\/2022\/04\/Logo_Guerssen_trans_100.png\",\"contentUrl\":\"https:\/\/wpguerssen-test.odoo.rgbconsulting.com\/wp-content\/uploads\/2022\/04\/Logo_Guerssen_trans_100.png\",\"width\":122,\"height\":100,\"caption\":\"Guerssen records\"},\"image\":{\"@id\":\"https:\/\/wpguerssen-test.odoo.rgbconsulting.com\/es\/#\/schema\/logo\/image\/\"}}]}<\/script>\n<!-- \/ Yoast SEO plugin. -->","yoast_head_json":{"title":"F.LLI PARADISO - La Danza Della Giungla -  (MAXI) | Guerssen","description":"Maledetta Discoteca proudly announces the birth of their first daughter LA SIRENETTA (*The mermaid) and the release of her first record!An hommage to the Italian Afro scene of the late 80s, La Sirenetta is a sub-label born to take World Music to the next level for the contemporary Dancing Club Scene.We aim at digging, selecting and editing obscure bangers from our analogue record collections, travelling from Martinique to Ivory Coast, from Nigeria to Haiti, and giving them back to deejays and dancefloors in high-quality, highly collectable, 12\" releases.","robots":{"index":"index","follow":"follow","max-snippet":"max-snippet:-1","max-image-preview":"max-image-preview:large","max-video-preview":"max-video-preview:-1"},"canonical":"https:\/\/wpguerssen-test.odoo.rgbconsulting.com\/es\/producto\/la-danza-della-giungla\/","og_locale":"es_ES","og_type":"article","og_title":"F.LLI PARADISO - La Danza Della Giungla -  (MAXI) | Guerssen","og_description":"Maledetta Discoteca proudly announces the birth of their first daughter LA SIRENETTA (*The mermaid) and the release of her first record!An hommage to the Italian Afro scene of the late 80s, La Sirenetta is a sub-label born to take World Music to the next level for the contemporary Dancing Club Scene.We aim at digging, selecting and editing obscure bangers from our analogue record collections, travelling from Martinique to Ivory Coast, from Nigeria to Haiti, and giving them back to deejays and dancefloors in high-quality, highly collectable, 12\" releases.","og_url":"https:\/\/wpguerssen-test.odoo.rgbconsulting.com\/es\/producto\/la-danza-della-giungla\/","og_site_name":"Guerssen records","article_modified_time":"2025-04-01T15:47:07+00:00","og_image":[{"width":1080,"height":1080,"url":"https:\/\/wpguerssen-test.odoo.rgbconsulting.com\/wp-content\/uploads\/2024\/09\/48645.jpg","type":"image\/jpeg"}],"twitter_card":"summary_large_image","twitter_title":"F.LLI PARADISO - La Danza Della Giungla -  (MAXI) | Guerssen","twitter_misc":{"Tiempo de lectura":"1 minuto"},"schema":{"@context":"https:\/\/schema.org","@graph":[{"@type":"WebPage","@id":"https:\/\/wpguerssen-test.odoo.rgbconsulting.com\/es\/producto\/la-danza-della-giungla\/","url":"https:\/\/wpguerssen-test.odoo.rgbconsulting.com\/es\/producto\/la-danza-della-giungla\/","name":"F.LLI PARADISO - La Danza Della Giungla - (MAXI) | Guerssen","isPartOf":{"@id":"https:\/\/wpguerssen-test.odoo.rgbconsulting.com\/es\/#website"},"primaryImageOfPage":{"@id":"https:\/\/wpguerssen-test.odoo.rgbconsulting.com\/es\/producto\/la-danza-della-giungla\/#primaryimage"},"image":{"@id":"https:\/\/wpguerssen-test.odoo.rgbconsulting.com\/es\/producto\/la-danza-della-giungla\/#primaryimage"},"thumbnailUrl":"https:\/\/wpguerssen-test.odoo.rgbconsulting.com\/wp-content\/uploads\/2024\/09\/48645.jpg","datePublished":"2025-02-06T23:00:00+00:00","dateModified":"2025-04-01T15:47:07+00:00","description":"Maledetta Discoteca proudly announces the birth of their first daughter LA SIRENETTA (*The mermaid) and the release of her first record!An hommage to the Italian Afro scene of the late 80s, La Sirenetta is a sub-label born to take World Music to the next level for the contemporary Dancing Club Scene.We aim at digging, selecting and editing obscure bangers from our analogue record collections, travelling from Martinique to Ivory Coast, from Nigeria to Haiti, and giving them back to deejays and dancefloors in high-quality, highly collectable, 12\" releases.","breadcrumb":{"@id":"https:\/\/wpguerssen-test.odoo.rgbconsulting.com\/es\/producto\/la-danza-della-giungla\/#breadcrumb"},"inLanguage":"es","potentialAction":[{"@type":"ReadAction","target":["https:\/\/wpguerssen-test.odoo.rgbconsulting.com\/es\/producto\/la-danza-della-giungla\/"]}]},{"@type":"ImageObject","inLanguage":"es","@id":"https:\/\/wpguerssen-test.odoo.rgbconsulting.com\/es\/producto\/la-danza-della-giungla\/#primaryimage","url":"https:\/\/wpguerssen-test.odoo.rgbconsulting.com\/wp-content\/uploads\/2024\/09\/48645.jpg","contentUrl":"https:\/\/wpguerssen-test.odoo.rgbconsulting.com\/wp-content\/uploads\/2024\/09\/48645.jpg","width":1080,"height":1080},{"@type":"BreadcrumbList","@id":"https:\/\/wpguerssen-test.odoo.rgbconsulting.com\/es\/producto\/la-danza-della-giungla\/#breadcrumb","itemListElement":[{"@type":"ListItem","position":1,"name":"Inicio","item":"https:\/\/wpguerssen-test.odoo.rgbconsulting.com\/es\/"},{"@type":"ListItem","position":2,"name":"Shop","item":"https:\/\/wpguerssen-test.odoo.rgbconsulting.com\/shop\/"},{"@type":"ListItem","position":3,"name":"La Danza Della Giungla"}]},{"@type":"WebSite","@id":"https:\/\/wpguerssen-test.odoo.rgbconsulting.com\/es\/#website","url":"https:\/\/wpguerssen-test.odoo.rgbconsulting.com\/es\/","name":"Guerssen records","description":"psychedelia - progressive - folk - garage ","publisher":{"@id":"https:\/\/wpguerssen-test.odoo.rgbconsulting.com\/es\/#organization"},"potentialAction":[{"@type":"SearchAction","target":{"@type":"EntryPoint","urlTemplate":"https:\/\/wpguerssen-test.odoo.rgbconsulting.com\/es\/?s={search_term_string}"},"query-input":{"@type":"PropertyValueSpecification","valueRequired":true,"valueName":"search_term_string"}}],"inLanguage":"es"},{"@type":"Organization","@id":"https:\/\/wpguerssen-test.odoo.rgbconsulting.com\/es\/#organization","name":"Guerssen records","url":"https:\/\/wpguerssen-test.odoo.rgbconsulting.com\/es\/","logo":{"@type":"ImageObject","inLanguage":"es","@id":"https:\/\/wpguerssen-test.odoo.rgbconsulting.com\/es\/#\/schema\/logo\/image\/","url":"https:\/\/wpguerssen-test.odoo.rgbconsulting.com\/wp-content\/uploads\/2022\/04\/Logo_Guerssen_trans_100.png","contentUrl":"https:\/\/wpguerssen-test.odoo.rgbconsulting.com\/wp-content\/uploads\/2022\/04\/Logo_Guerssen_trans_100.png","width":122,"height":100,"caption":"Guerssen records"},"image":{"@id":"https:\/\/wpguerssen-test.odoo.rgbconsulting.com\/es\/#\/schema\/logo\/image\/"}}]}},"_links":{"self":[{"href":"https:\/\/wpguerssen-test.odoo.rgbconsulting.com\/es\/wp-json\/wp\/v2\/product\/274869","targetHints":{"allow":["GET"]}}],"collection":[{"href":"https:\/\/wpguerssen-test.odoo.rgbconsulting.com\/es\/wp-json\/wp\/v2\/product"}],"about":[{"href":"https:\/\/wpguerssen-test.odoo.rgbconsulting.com\/es\/wp-json\/wp\/v2\/types\/product"}],"wp:featuredmedia":[{"embeddable":true,"href":"https:\/\/wpguerssen-test.odoo.rgbconsulting.com\/es\/wp-json\/wp\/v2\/media\/274841"}],"wp:attachment":[{"href":"https:\/\/wpguerssen-test.odoo.rgbconsulting.com\/es\/wp-json\/wp\/v2\/media?parent=274869"}],"wp:term":[{"taxonomy":"product_brand","embeddable":true,"href":"https:\/\/wpguerssen-test.odoo.rgbconsulting.com\/es\/wp-json\/wp\/v2\/product_brand?post=274869"},{"taxonomy":"product_cat","embeddable":true,"href":"https:\/\/wpguerssen-test.odoo.rgbconsulting.com\/es\/wp-json\/wp\/v2\/product_cat?post=274869"},{"taxonomy":"product_tag","embeddable":true,"href":"https:\/\/wpguerssen-test.odoo.rgbconsulting.com\/es\/wp-json\/wp\/v2\/product_tag?post=274869"}],"curies":[{"name":"wp","href":"https:\/\/api.w.org\/{rel}","templated":true}]}}