{"id":274870,"date":"2024-10-09T00:00:00","date_gmt":"2024-10-08T22:00:00","guid":{"rendered":"https:\/\/wpguerssen-test.odoo.rgbconsulting.com\/product\/tim-hollier\/"},"modified":"2025-01-30T17:06:33","modified_gmt":"2025-01-30T16:06:33","slug":"tim-hollier","status":"publish","type":"product","link":"https:\/\/wpguerssen-test.odoo.rgbconsulting.com\/es\/producto\/tim-hollier\/","title":{"rendered":"Tim Hollier"},"content":{"rendered":"<p>El futuro magnate editorial musical y financiero cinematogr\u00e1fico Tim Hollier firm\u00f3 con United Artists como cantautor en 1968 y despu\u00e9s de su debut Message To A Harlequin, Hollier firm\u00f3 con Fontana para este excelente e injustamente descuidado set hom\u00f3nimo de segundo a\u00f1o. El hermoso folk rock muestra sus colaboraciones con el guitarrista y vocalista estadounidense Amory Kane y el percusionista de apoyo Ned Balen, el discreto l\u00edder del guitarrista chileno H\u00e9ctor Sep\u00falveda agregando matices de rock psicod\u00e9lico. De alguna manera, Tim Hollier no logr\u00f3 lograr el \u00e9xito que merec\u00eda, la oscura joya es una rareza que todos los fan\u00e1ticos del folk rock inteligente y progresivo adorar\u00e1n. \u00a1Consigue el tuyo ahora!<\/p>\n","protected":false},"excerpt":{"rendered":"<p>El futuro magnate editorial musical y financiero cinematogr\u00e1fico Tim Hollier firm\u00f3 con United Artists como cantautor en 1968 y despu\u00e9s de su debut Message To A<a class=\"read\" href=\"https:\/\/wpguerssen-test.odoo.rgbconsulting.com\/es\/producto\/tim-hollier\/\"> (...)<\/a>","protected":false},"featured_media":274844,"template":"","meta":{"_acf_changed":false},"product_brand":[],"product_cat":[21639,23274],"product_tag":[],"class_list":{"0":"post-274870","1":"product","2":"type-product","3":"status-publish","4":"has-post-thumbnail","6":"product_cat-psychedelic60s-70s-es","7":"product_cat-folk-rock-60s-70s-es","8":"pa_artist-hollier-tim","9":"pa_format-lp-es","10":"pa_gender-psychedelic60s-70s-folk-rock-60s-70s","11":"pa_label-trading-places","12":"pa_location-north-america-es","13":"pa_other-filters-vinyl-only-es","15":"first","16":"instock","17":"taxable","18":"shipping-taxable","19":"purchasable","20":"product-type-simple"},"acf":[],"yoast_head":"<!-- This site is optimized with the Yoast SEO plugin v24.9 - https:\/\/yoast.com\/wordpress\/plugins\/seo\/ -->\n<title>HOLLIER, Tim - Tim Hollier -  (LP) | Guerssen<\/title>\n<meta name=\"description\" content=\"Future music publishing magnate and film financier Tim Hollier signed to United Artists as a singer-songwriter in 1968 and after debut Message To A Harlequin, Hollier signed to Fontana for this excellent and unjustly neglected self-titled sophomore set. The beautiful folk rock showcases his collaborations with American guitarist\/vocalist Amory Kane and supporting percussionist Ned Balen, the understated lead of Chilean guitarist Hector Sepulveda adding shades of psychedelic rock. Somehow, Tim Hollier failed to achieve the success it deserved, the obscure gem a rarity that all prog and intelligent folk rock fans will adore. Get yours now!\" \/>\n<meta name=\"robots\" content=\"index, follow, max-snippet:-1, max-image-preview:large, max-video-preview:-1\" \/>\n<link rel=\"canonical\" href=\"https:\/\/wpguerssen-test.odoo.rgbconsulting.com\/es\/producto\/tim-hollier\/\" \/>\n<meta property=\"og:locale\" content=\"es_ES\" \/>\n<meta property=\"og:type\" content=\"article\" \/>\n<meta property=\"og:title\" content=\"HOLLIER, Tim - Tim Hollier -  (LP) | Guerssen\" \/>\n<meta property=\"og:description\" content=\"Future music publishing magnate and film financier Tim Hollier signed to United Artists as a singer-songwriter in 1968 and after debut Message To A Harlequin, Hollier signed to Fontana for this excellent and unjustly neglected self-titled sophomore set. The beautiful folk rock showcases his collaborations with American guitarist\/vocalist Amory Kane and supporting percussionist Ned Balen, the understated lead of Chilean guitarist Hector Sepulveda adding shades of psychedelic rock. Somehow, Tim Hollier failed to achieve the success it deserved, the obscure gem a rarity that all prog and intelligent folk rock fans will adore. Get yours now!\" \/>\n<meta property=\"og:url\" content=\"https:\/\/wpguerssen-test.odoo.rgbconsulting.com\/es\/producto\/tim-hollier\/\" \/>\n<meta property=\"og:site_name\" content=\"Guerssen records\" \/>\n<meta property=\"article:modified_time\" content=\"2025-01-30T16:06:33+00:00\" \/>\n<meta property=\"og:image\" content=\"https:\/\/wpguerssen-test.odoo.rgbconsulting.com\/wp-content\/uploads\/2024\/09\/48646.jpg\" \/>\n\t<meta property=\"og:image:width\" content=\"945\" \/>\n\t<meta property=\"og:image:height\" content=\"944\" \/>\n\t<meta property=\"og:image:type\" content=\"image\/jpeg\" \/>\n<meta name=\"twitter:card\" content=\"summary_large_image\" \/>\n<meta name=\"twitter:title\" content=\"HOLLIER, Tim - Tim Hollier -  (LP) | Guerssen\" \/>\n<meta name=\"twitter:label1\" content=\"Tiempo de lectura\" \/>\n\t<meta name=\"twitter:data1\" content=\"1 minuto\" \/>\n<script type=\"application\/ld+json\" class=\"yoast-schema-graph\">{\"@context\":\"https:\/\/schema.org\",\"@graph\":[{\"@type\":\"WebPage\",\"@id\":\"https:\/\/wpguerssen-test.odoo.rgbconsulting.com\/es\/producto\/tim-hollier\/\",\"url\":\"https:\/\/wpguerssen-test.odoo.rgbconsulting.com\/es\/producto\/tim-hollier\/\",\"name\":\"HOLLIER, Tim - Tim Hollier - (LP) | Guerssen\",\"isPartOf\":{\"@id\":\"https:\/\/wpguerssen-test.odoo.rgbconsulting.com\/es\/#website\"},\"primaryImageOfPage\":{\"@id\":\"https:\/\/wpguerssen-test.odoo.rgbconsulting.com\/es\/producto\/tim-hollier\/#primaryimage\"},\"image\":{\"@id\":\"https:\/\/wpguerssen-test.odoo.rgbconsulting.com\/es\/producto\/tim-hollier\/#primaryimage\"},\"thumbnailUrl\":\"https:\/\/wpguerssen-test.odoo.rgbconsulting.com\/wp-content\/uploads\/2024\/09\/48646.jpg\",\"datePublished\":\"2024-10-08T22:00:00+00:00\",\"dateModified\":\"2025-01-30T16:06:33+00:00\",\"description\":\"Future music publishing magnate and film financier Tim Hollier signed to United Artists as a singer-songwriter in 1968 and after debut Message To A Harlequin, Hollier signed to Fontana for this excellent and unjustly neglected self-titled sophomore set. The beautiful folk rock showcases his collaborations with American guitarist\/vocalist Amory Kane and supporting percussionist Ned Balen, the understated lead of Chilean guitarist Hector Sepulveda adding shades of psychedelic rock. Somehow, Tim Hollier failed to achieve the success it deserved, the obscure gem a rarity that all prog and intelligent folk rock fans will adore. Get yours now!\",\"breadcrumb\":{\"@id\":\"https:\/\/wpguerssen-test.odoo.rgbconsulting.com\/es\/producto\/tim-hollier\/#breadcrumb\"},\"inLanguage\":\"es\",\"potentialAction\":[{\"@type\":\"ReadAction\",\"target\":[\"https:\/\/wpguerssen-test.odoo.rgbconsulting.com\/es\/producto\/tim-hollier\/\"]}]},{\"@type\":\"ImageObject\",\"inLanguage\":\"es\",\"@id\":\"https:\/\/wpguerssen-test.odoo.rgbconsulting.com\/es\/producto\/tim-hollier\/#primaryimage\",\"url\":\"https:\/\/wpguerssen-test.odoo.rgbconsulting.com\/wp-content\/uploads\/2024\/09\/48646.jpg\",\"contentUrl\":\"https:\/\/wpguerssen-test.odoo.rgbconsulting.com\/wp-content\/uploads\/2024\/09\/48646.jpg\",\"width\":945,\"height\":944,\"caption\":\"Tim - Tim Hollier - TRADING PLACES (LP) | Guerssen\"},{\"@type\":\"BreadcrumbList\",\"@id\":\"https:\/\/wpguerssen-test.odoo.rgbconsulting.com\/es\/producto\/tim-hollier\/#breadcrumb\",\"itemListElement\":[{\"@type\":\"ListItem\",\"position\":1,\"name\":\"Inicio\",\"item\":\"https:\/\/wpguerssen-test.odoo.rgbconsulting.com\/es\/\"},{\"@type\":\"ListItem\",\"position\":2,\"name\":\"Shop\",\"item\":\"https:\/\/wpguerssen-test.odoo.rgbconsulting.com\/shop\/\"},{\"@type\":\"ListItem\",\"position\":3,\"name\":\"Tim Hollier\"}]},{\"@type\":\"WebSite\",\"@id\":\"https:\/\/wpguerssen-test.odoo.rgbconsulting.com\/es\/#website\",\"url\":\"https:\/\/wpguerssen-test.odoo.rgbconsulting.com\/es\/\",\"name\":\"Guerssen records\",\"description\":\"psychedelia - progressive - folk - garage \",\"publisher\":{\"@id\":\"https:\/\/wpguerssen-test.odoo.rgbconsulting.com\/es\/#organization\"},\"potentialAction\":[{\"@type\":\"SearchAction\",\"target\":{\"@type\":\"EntryPoint\",\"urlTemplate\":\"https:\/\/wpguerssen-test.odoo.rgbconsulting.com\/es\/?s={search_term_string}\"},\"query-input\":{\"@type\":\"PropertyValueSpecification\",\"valueRequired\":true,\"valueName\":\"search_term_string\"}}],\"inLanguage\":\"es\"},{\"@type\":\"Organization\",\"@id\":\"https:\/\/wpguerssen-test.odoo.rgbconsulting.com\/es\/#organization\",\"name\":\"Guerssen records\",\"url\":\"https:\/\/wpguerssen-test.odoo.rgbconsulting.com\/es\/\",\"logo\":{\"@type\":\"ImageObject\",\"inLanguage\":\"es\",\"@id\":\"https:\/\/wpguerssen-test.odoo.rgbconsulting.com\/es\/#\/schema\/logo\/image\/\",\"url\":\"https:\/\/wpguerssen-test.odoo.rgbconsulting.com\/wp-content\/uploads\/2022\/04\/Logo_Guerssen_trans_100.png\",\"contentUrl\":\"https:\/\/wpguerssen-test.odoo.rgbconsulting.com\/wp-content\/uploads\/2022\/04\/Logo_Guerssen_trans_100.png\",\"width\":122,\"height\":100,\"caption\":\"Guerssen records\"},\"image\":{\"@id\":\"https:\/\/wpguerssen-test.odoo.rgbconsulting.com\/es\/#\/schema\/logo\/image\/\"}}]}<\/script>\n<!-- \/ Yoast SEO plugin. -->","yoast_head_json":{"title":"HOLLIER, Tim - Tim Hollier -  (LP) | Guerssen","description":"Future music publishing magnate and film financier Tim Hollier signed to United Artists as a singer-songwriter in 1968 and after debut Message To A Harlequin, Hollier signed to Fontana for this excellent and unjustly neglected self-titled sophomore set. The beautiful folk rock showcases his collaborations with American guitarist\/vocalist Amory Kane and supporting percussionist Ned Balen, the understated lead of Chilean guitarist Hector Sepulveda adding shades of psychedelic rock. Somehow, Tim Hollier failed to achieve the success it deserved, the obscure gem a rarity that all prog and intelligent folk rock fans will adore. Get yours now!","robots":{"index":"index","follow":"follow","max-snippet":"max-snippet:-1","max-image-preview":"max-image-preview:large","max-video-preview":"max-video-preview:-1"},"canonical":"https:\/\/wpguerssen-test.odoo.rgbconsulting.com\/es\/producto\/tim-hollier\/","og_locale":"es_ES","og_type":"article","og_title":"HOLLIER, Tim - Tim Hollier -  (LP) | Guerssen","og_description":"Future music publishing magnate and film financier Tim Hollier signed to United Artists as a singer-songwriter in 1968 and after debut Message To A Harlequin, Hollier signed to Fontana for this excellent and unjustly neglected self-titled sophomore set. The beautiful folk rock showcases his collaborations with American guitarist\/vocalist Amory Kane and supporting percussionist Ned Balen, the understated lead of Chilean guitarist Hector Sepulveda adding shades of psychedelic rock. Somehow, Tim Hollier failed to achieve the success it deserved, the obscure gem a rarity that all prog and intelligent folk rock fans will adore. Get yours now!","og_url":"https:\/\/wpguerssen-test.odoo.rgbconsulting.com\/es\/producto\/tim-hollier\/","og_site_name":"Guerssen records","article_modified_time":"2025-01-30T16:06:33+00:00","og_image":[{"width":945,"height":944,"url":"https:\/\/wpguerssen-test.odoo.rgbconsulting.com\/wp-content\/uploads\/2024\/09\/48646.jpg","type":"image\/jpeg"}],"twitter_card":"summary_large_image","twitter_title":"HOLLIER, Tim - Tim Hollier -  (LP) | Guerssen","twitter_misc":{"Tiempo de lectura":"1 minuto"},"schema":{"@context":"https:\/\/schema.org","@graph":[{"@type":"WebPage","@id":"https:\/\/wpguerssen-test.odoo.rgbconsulting.com\/es\/producto\/tim-hollier\/","url":"https:\/\/wpguerssen-test.odoo.rgbconsulting.com\/es\/producto\/tim-hollier\/","name":"HOLLIER, Tim - Tim Hollier - (LP) | Guerssen","isPartOf":{"@id":"https:\/\/wpguerssen-test.odoo.rgbconsulting.com\/es\/#website"},"primaryImageOfPage":{"@id":"https:\/\/wpguerssen-test.odoo.rgbconsulting.com\/es\/producto\/tim-hollier\/#primaryimage"},"image":{"@id":"https:\/\/wpguerssen-test.odoo.rgbconsulting.com\/es\/producto\/tim-hollier\/#primaryimage"},"thumbnailUrl":"https:\/\/wpguerssen-test.odoo.rgbconsulting.com\/wp-content\/uploads\/2024\/09\/48646.jpg","datePublished":"2024-10-08T22:00:00+00:00","dateModified":"2025-01-30T16:06:33+00:00","description":"Future music publishing magnate and film financier Tim Hollier signed to United Artists as a singer-songwriter in 1968 and after debut Message To A Harlequin, Hollier signed to Fontana for this excellent and unjustly neglected self-titled sophomore set. The beautiful folk rock showcases his collaborations with American guitarist\/vocalist Amory Kane and supporting percussionist Ned Balen, the understated lead of Chilean guitarist Hector Sepulveda adding shades of psychedelic rock. Somehow, Tim Hollier failed to achieve the success it deserved, the obscure gem a rarity that all prog and intelligent folk rock fans will adore. Get yours now!","breadcrumb":{"@id":"https:\/\/wpguerssen-test.odoo.rgbconsulting.com\/es\/producto\/tim-hollier\/#breadcrumb"},"inLanguage":"es","potentialAction":[{"@type":"ReadAction","target":["https:\/\/wpguerssen-test.odoo.rgbconsulting.com\/es\/producto\/tim-hollier\/"]}]},{"@type":"ImageObject","inLanguage":"es","@id":"https:\/\/wpguerssen-test.odoo.rgbconsulting.com\/es\/producto\/tim-hollier\/#primaryimage","url":"https:\/\/wpguerssen-test.odoo.rgbconsulting.com\/wp-content\/uploads\/2024\/09\/48646.jpg","contentUrl":"https:\/\/wpguerssen-test.odoo.rgbconsulting.com\/wp-content\/uploads\/2024\/09\/48646.jpg","width":945,"height":944,"caption":"Tim - Tim Hollier - TRADING PLACES (LP) | Guerssen"},{"@type":"BreadcrumbList","@id":"https:\/\/wpguerssen-test.odoo.rgbconsulting.com\/es\/producto\/tim-hollier\/#breadcrumb","itemListElement":[{"@type":"ListItem","position":1,"name":"Inicio","item":"https:\/\/wpguerssen-test.odoo.rgbconsulting.com\/es\/"},{"@type":"ListItem","position":2,"name":"Shop","item":"https:\/\/wpguerssen-test.odoo.rgbconsulting.com\/shop\/"},{"@type":"ListItem","position":3,"name":"Tim Hollier"}]},{"@type":"WebSite","@id":"https:\/\/wpguerssen-test.odoo.rgbconsulting.com\/es\/#website","url":"https:\/\/wpguerssen-test.odoo.rgbconsulting.com\/es\/","name":"Guerssen records","description":"psychedelia - progressive - folk - garage ","publisher":{"@id":"https:\/\/wpguerssen-test.odoo.rgbconsulting.com\/es\/#organization"},"potentialAction":[{"@type":"SearchAction","target":{"@type":"EntryPoint","urlTemplate":"https:\/\/wpguerssen-test.odoo.rgbconsulting.com\/es\/?s={search_term_string}"},"query-input":{"@type":"PropertyValueSpecification","valueRequired":true,"valueName":"search_term_string"}}],"inLanguage":"es"},{"@type":"Organization","@id":"https:\/\/wpguerssen-test.odoo.rgbconsulting.com\/es\/#organization","name":"Guerssen records","url":"https:\/\/wpguerssen-test.odoo.rgbconsulting.com\/es\/","logo":{"@type":"ImageObject","inLanguage":"es","@id":"https:\/\/wpguerssen-test.odoo.rgbconsulting.com\/es\/#\/schema\/logo\/image\/","url":"https:\/\/wpguerssen-test.odoo.rgbconsulting.com\/wp-content\/uploads\/2022\/04\/Logo_Guerssen_trans_100.png","contentUrl":"https:\/\/wpguerssen-test.odoo.rgbconsulting.com\/wp-content\/uploads\/2022\/04\/Logo_Guerssen_trans_100.png","width":122,"height":100,"caption":"Guerssen records"},"image":{"@id":"https:\/\/wpguerssen-test.odoo.rgbconsulting.com\/es\/#\/schema\/logo\/image\/"}}]}},"_links":{"self":[{"href":"https:\/\/wpguerssen-test.odoo.rgbconsulting.com\/es\/wp-json\/wp\/v2\/product\/274870","targetHints":{"allow":["GET"]}}],"collection":[{"href":"https:\/\/wpguerssen-test.odoo.rgbconsulting.com\/es\/wp-json\/wp\/v2\/product"}],"about":[{"href":"https:\/\/wpguerssen-test.odoo.rgbconsulting.com\/es\/wp-json\/wp\/v2\/types\/product"}],"wp:featuredmedia":[{"embeddable":true,"href":"https:\/\/wpguerssen-test.odoo.rgbconsulting.com\/es\/wp-json\/wp\/v2\/media\/274844"}],"wp:attachment":[{"href":"https:\/\/wpguerssen-test.odoo.rgbconsulting.com\/es\/wp-json\/wp\/v2\/media?parent=274870"}],"wp:term":[{"taxonomy":"product_brand","embeddable":true,"href":"https:\/\/wpguerssen-test.odoo.rgbconsulting.com\/es\/wp-json\/wp\/v2\/product_brand?post=274870"},{"taxonomy":"product_cat","embeddable":true,"href":"https:\/\/wpguerssen-test.odoo.rgbconsulting.com\/es\/wp-json\/wp\/v2\/product_cat?post=274870"},{"taxonomy":"product_tag","embeddable":true,"href":"https:\/\/wpguerssen-test.odoo.rgbconsulting.com\/es\/wp-json\/wp\/v2\/product_tag?post=274870"}],"curies":[{"name":"wp","href":"https:\/\/api.w.org\/{rel}","templated":true}]}}